{"id":7935,"date":"2025-11-27T13:48:45","date_gmt":"2025-11-27T12:48:45","guid":{"rendered":"https:\/\/www.coccigames.com\/index.php\/produit\/hh-space-wolves-geigor-fell-hand\/"},"modified":"2026-04-06T09:26:54","modified_gmt":"2026-04-06T07:26:54","slug":"hh-space-wolves-geigor-fell-hand","status":"publish","type":"product","link":"https:\/\/www.coccigames.com\/index.php\/produit\/hh-space-wolves-geigor-fell-hand\/","title":{"rendered":"HORUS HERESY: SPACE WOLVES: GEIGOR FELL-HAND"},"content":{"rendered":"","protected":false},"excerpt":{"rendered":"<p>La galaxie br\u00fble ! Le Ma\u00eetre de Guerre Horus a trahi l&rsquo;Empereur et plong\u00e9 l&rsquo;Imperium dans la guerre civile ! La galaxie sombre dans un \u00e2ge de t\u00e9n\u00e8bres. Au cours de ce conflit fratricide, qui oppose le Space Marine au Space Marine, la puissance des immenses arm\u00e9es de l&rsquo;Imperium se retourne contre celui-ci dans un cataclysme de feu et de sang.<\/p>\n","protected":false},"featured_media":9699,"comment_status":"open","ping_status":"closed","template":"","meta":[],"product_brand":[23],"product_cat":[6230],"product_tag":[],"class_list":{"0":"post-7935","1":"product","2":"type-product","3":"status-publish","4":"has-post-thumbnail","6":"product_brand-games-workshop","7":"product_cat-astartes","9":"first","10":"onbackorder","11":"sale","12":"taxable","13":"shipping-taxable","14":"purchasable","15":"product-type-simple"},"yoast_head":"<!-- This site is optimized with the Yoast SEO plugin v26.4 - https:\/\/yoast.com\/wordpress\/plugins\/seo\/ -->\n<title>HORUS HERESY: SPACE WOLVES: GEIGOR FELL-HAND - Coccigames<\/title>\n<meta name=\"robots\" content=\"index, follow, max-snippet:-1, max-image-preview:large, max-video-preview:-1\" \/>\n<link rel=\"canonical\" href=\"https:\/\/www.coccigames.com\/index.php\/produit\/hh-space-wolves-geigor-fell-hand\/\" \/>\n<meta property=\"og:locale\" content=\"fr_FR\" \/>\n<meta property=\"og:type\" content=\"article\" \/>\n<meta property=\"og:title\" content=\"HORUS HERESY: SPACE WOLVES: GEIGOR FELL-HAND - Coccigames\" \/>\n<meta property=\"og:description\" content=\"La galaxie br\u00fble ! Le Ma\u00eetre de Guerre Horus a trahi l&#039;Empereur et plong\u00e9 l&#039;Imperium dans la guerre civile ! La galaxie sombre dans un \u00e2ge de t\u00e9n\u00e8bres. Au cours de ce conflit fratricide, qui oppose le Space Marine au Space Marine, la puissance des immenses arm\u00e9es de l&#039;Imperium se retourne contre celui-ci dans un cataclysme de feu et de sang.\" \/>\n<meta property=\"og:url\" content=\"https:\/\/www.coccigames.com\/index.php\/produit\/hh-space-wolves-geigor-fell-hand\/\" \/>\n<meta property=\"og:site_name\" content=\"Coccigames\" \/>\n<meta property=\"article:modified_time\" content=\"2026-04-06T07:26:54+00:00\" \/>\n<meta property=\"og:image\" content=\"https:\/\/www.coccigames.com\/wp-content\/uploads\/2025\/11\/99123001021_HHGeigorFellHandLead.jpg\" \/>\n\t<meta property=\"og:image:width\" content=\"918\" \/>\n\t<meta property=\"og:image:height\" content=\"948\" \/>\n\t<meta property=\"og:image:type\" content=\"image\/jpeg\" \/>\n<meta name=\"twitter:card\" content=\"summary_large_image\" \/>\n<meta name=\"twitter:label1\" content=\"Dur\u00e9e de lecture estim\u00e9e\" \/>\n\t<meta name=\"twitter:data1\" content=\"1 minute\" \/>\n<script type=\"application\/ld+json\" class=\"yoast-schema-graph\">{\"@context\":\"https:\/\/schema.org\",\"@graph\":[{\"@type\":\"WebPage\",\"@id\":\"https:\/\/www.coccigames.com\/index.php\/produit\/hh-space-wolves-geigor-fell-hand\/\",\"url\":\"https:\/\/www.coccigames.com\/index.php\/produit\/hh-space-wolves-geigor-fell-hand\/\",\"name\":\"HORUS HERESY: SPACE WOLVES: GEIGOR FELL-HAND - Coccigames\",\"isPartOf\":{\"@id\":\"https:\/\/www.coccigames.com\/#website\"},\"primaryImageOfPage\":{\"@id\":\"https:\/\/www.coccigames.com\/index.php\/produit\/hh-space-wolves-geigor-fell-hand\/#primaryimage\"},\"image\":{\"@id\":\"https:\/\/www.coccigames.com\/index.php\/produit\/hh-space-wolves-geigor-fell-hand\/#primaryimage\"},\"thumbnailUrl\":\"https:\/\/www.coccigames.com\/wp-content\/uploads\/2025\/11\/99123001021_HHGeigorFellHandLead.jpg\",\"datePublished\":\"2025-11-27T12:48:45+00:00\",\"dateModified\":\"2026-04-06T07:26:54+00:00\",\"breadcrumb\":{\"@id\":\"https:\/\/www.coccigames.com\/index.php\/produit\/hh-space-wolves-geigor-fell-hand\/#breadcrumb\"},\"inLanguage\":\"fr-FR\",\"potentialAction\":[{\"@type\":\"ReadAction\",\"target\":[\"https:\/\/www.coccigames.com\/index.php\/produit\/hh-space-wolves-geigor-fell-hand\/\"]}]},{\"@type\":\"ImageObject\",\"inLanguage\":\"fr-FR\",\"@id\":\"https:\/\/www.coccigames.com\/index.php\/produit\/hh-space-wolves-geigor-fell-hand\/#primaryimage\",\"url\":\"https:\/\/www.coccigames.com\/wp-content\/uploads\/2025\/11\/99123001021_HHGeigorFellHandLead.jpg\",\"contentUrl\":\"https:\/\/www.coccigames.com\/wp-content\/uploads\/2025\/11\/99123001021_HHGeigorFellHandLead.jpg\",\"width\":918,\"height\":948},{\"@type\":\"BreadcrumbList\",\"@id\":\"https:\/\/www.coccigames.com\/index.php\/produit\/hh-space-wolves-geigor-fell-hand\/#breadcrumb\",\"itemListElement\":[{\"@type\":\"ListItem\",\"position\":1,\"name\":\"Accueil\",\"item\":\"https:\/\/www.coccigames.com\/\"},{\"@type\":\"ListItem\",\"position\":2,\"name\":\"Boutique\",\"item\":\"https:\/\/www.coccigames.com\/index.php\/boutique\/\"},{\"@type\":\"ListItem\",\"position\":3,\"name\":\"HORUS HERESY: SPACE WOLVES: GEIGOR FELL-HAND\"}]},{\"@type\":\"WebSite\",\"@id\":\"https:\/\/www.coccigames.com\/#website\",\"url\":\"https:\/\/www.coccigames.com\/\",\"name\":\"Coccigames - Figurines et Peintures\",\"description\":\"Figurines et Peintures\",\"publisher\":{\"@id\":\"https:\/\/www.coccigames.com\/#organization\"},\"potentialAction\":[{\"@type\":\"SearchAction\",\"target\":{\"@type\":\"EntryPoint\",\"urlTemplate\":\"https:\/\/www.coccigames.com\/?s={search_term_string}\"},\"query-input\":{\"@type\":\"PropertyValueSpecification\",\"valueRequired\":true,\"valueName\":\"search_term_string\"}}],\"inLanguage\":\"fr-FR\"},{\"@type\":\"Organization\",\"@id\":\"https:\/\/www.coccigames.com\/#organization\",\"name\":\"Coccigames\",\"url\":\"https:\/\/www.coccigames.com\/\",\"logo\":{\"@type\":\"ImageObject\",\"inLanguage\":\"fr-FR\",\"@id\":\"https:\/\/www.coccigames.com\/#\/schema\/logo\/image\/\",\"url\":\"https:\/\/www.coccigames.com\/wp-content\/uploads\/2025\/12\/coccigames_logo_v5.png\",\"contentUrl\":\"https:\/\/www.coccigames.com\/wp-content\/uploads\/2025\/12\/coccigames_logo_v5.png\",\"width\":1768,\"height\":424,\"caption\":\"Coccigames\"},\"image\":{\"@id\":\"https:\/\/www.coccigames.com\/#\/schema\/logo\/image\/\"}}]}<\/script>\n<!-- \/ Yoast SEO plugin. -->","yoast_head_json":{"title":"HORUS HERESY: SPACE WOLVES: GEIGOR FELL-HAND - Coccigames","robots":{"index":"index","follow":"follow","max-snippet":"max-snippet:-1","max-image-preview":"max-image-preview:large","max-video-preview":"max-video-preview:-1"},"canonical":"https:\/\/www.coccigames.com\/index.php\/produit\/hh-space-wolves-geigor-fell-hand\/","og_locale":"fr_FR","og_type":"article","og_title":"HORUS HERESY: SPACE WOLVES: GEIGOR FELL-HAND - Coccigames","og_description":"La galaxie br\u00fble ! Le Ma\u00eetre de Guerre Horus a trahi l'Empereur et plong\u00e9 l'Imperium dans la guerre civile ! La galaxie sombre dans un \u00e2ge de t\u00e9n\u00e8bres. Au cours de ce conflit fratricide, qui oppose le Space Marine au Space Marine, la puissance des immenses arm\u00e9es de l'Imperium se retourne contre celui-ci dans un cataclysme de feu et de sang.","og_url":"https:\/\/www.coccigames.com\/index.php\/produit\/hh-space-wolves-geigor-fell-hand\/","og_site_name":"Coccigames","article_modified_time":"2026-04-06T07:26:54+00:00","og_image":[{"width":918,"height":948,"url":"https:\/\/www.coccigames.com\/wp-content\/uploads\/2025\/11\/99123001021_HHGeigorFellHandLead.jpg","type":"image\/jpeg"}],"twitter_card":"summary_large_image","twitter_misc":{"Dur\u00e9e de lecture estim\u00e9e":"1 minute"},"schema":{"@context":"https:\/\/schema.org","@graph":[{"@type":"WebPage","@id":"https:\/\/www.coccigames.com\/index.php\/produit\/hh-space-wolves-geigor-fell-hand\/","url":"https:\/\/www.coccigames.com\/index.php\/produit\/hh-space-wolves-geigor-fell-hand\/","name":"HORUS HERESY: SPACE WOLVES: GEIGOR FELL-HAND - Coccigames","isPartOf":{"@id":"https:\/\/www.coccigames.com\/#website"},"primaryImageOfPage":{"@id":"https:\/\/www.coccigames.com\/index.php\/produit\/hh-space-wolves-geigor-fell-hand\/#primaryimage"},"image":{"@id":"https:\/\/www.coccigames.com\/index.php\/produit\/hh-space-wolves-geigor-fell-hand\/#primaryimage"},"thumbnailUrl":"https:\/\/www.coccigames.com\/wp-content\/uploads\/2025\/11\/99123001021_HHGeigorFellHandLead.jpg","datePublished":"2025-11-27T12:48:45+00:00","dateModified":"2026-04-06T07:26:54+00:00","breadcrumb":{"@id":"https:\/\/www.coccigames.com\/index.php\/produit\/hh-space-wolves-geigor-fell-hand\/#breadcrumb"},"inLanguage":"fr-FR","potentialAction":[{"@type":"ReadAction","target":["https:\/\/www.coccigames.com\/index.php\/produit\/hh-space-wolves-geigor-fell-hand\/"]}]},{"@type":"ImageObject","inLanguage":"fr-FR","@id":"https:\/\/www.coccigames.com\/index.php\/produit\/hh-space-wolves-geigor-fell-hand\/#primaryimage","url":"https:\/\/www.coccigames.com\/wp-content\/uploads\/2025\/11\/99123001021_HHGeigorFellHandLead.jpg","contentUrl":"https:\/\/www.coccigames.com\/wp-content\/uploads\/2025\/11\/99123001021_HHGeigorFellHandLead.jpg","width":918,"height":948},{"@type":"BreadcrumbList","@id":"https:\/\/www.coccigames.com\/index.php\/produit\/hh-space-wolves-geigor-fell-hand\/#breadcrumb","itemListElement":[{"@type":"ListItem","position":1,"name":"Accueil","item":"https:\/\/www.coccigames.com\/"},{"@type":"ListItem","position":2,"name":"Boutique","item":"https:\/\/www.coccigames.com\/index.php\/boutique\/"},{"@type":"ListItem","position":3,"name":"HORUS HERESY: SPACE WOLVES: GEIGOR FELL-HAND"}]},{"@type":"WebSite","@id":"https:\/\/www.coccigames.com\/#website","url":"https:\/\/www.coccigames.com\/","name":"Coccigames - Figurines et Peintures","description":"Figurines et Peintures","publisher":{"@id":"https:\/\/www.coccigames.com\/#organization"},"potentialAction":[{"@type":"SearchAction","target":{"@type":"EntryPoint","urlTemplate":"https:\/\/www.coccigames.com\/?s={search_term_string}"},"query-input":{"@type":"PropertyValueSpecification","valueRequired":true,"valueName":"search_term_string"}}],"inLanguage":"fr-FR"},{"@type":"Organization","@id":"https:\/\/www.coccigames.com\/#organization","name":"Coccigames","url":"https:\/\/www.coccigames.com\/","logo":{"@type":"ImageObject","inLanguage":"fr-FR","@id":"https:\/\/www.coccigames.com\/#\/schema\/logo\/image\/","url":"https:\/\/www.coccigames.com\/wp-content\/uploads\/2025\/12\/coccigames_logo_v5.png","contentUrl":"https:\/\/www.coccigames.com\/wp-content\/uploads\/2025\/12\/coccigames_logo_v5.png","width":1768,"height":424,"caption":"Coccigames"},"image":{"@id":"https:\/\/www.coccigames.com\/#\/schema\/logo\/image\/"}}]}},"_links":{"self":[{"href":"https:\/\/www.coccigames.com\/index.php\/wp-json\/wp\/v2\/product\/7935","targetHints":{"allow":["GET"]}}],"collection":[{"href":"https:\/\/www.coccigames.com\/index.php\/wp-json\/wp\/v2\/product"}],"about":[{"href":"https:\/\/www.coccigames.com\/index.php\/wp-json\/wp\/v2\/types\/product"}],"replies":[{"embeddable":true,"href":"https:\/\/www.coccigames.com\/index.php\/wp-json\/wp\/v2\/comments?post=7935"}],"wp:featuredmedia":[{"embeddable":true,"href":"https:\/\/www.coccigames.com\/index.php\/wp-json\/wp\/v2\/media\/9699"}],"wp:attachment":[{"href":"https:\/\/www.coccigames.com\/index.php\/wp-json\/wp\/v2\/media?parent=7935"}],"wp:term":[{"taxonomy":"product_brand","embeddable":true,"href":"https:\/\/www.coccigames.com\/index.php\/wp-json\/wp\/v2\/product_brand?post=7935"},{"taxonomy":"product_cat","embeddable":true,"href":"https:\/\/www.coccigames.com\/index.php\/wp-json\/wp\/v2\/product_cat?post=7935"},{"taxonomy":"product_tag","embeddable":true,"href":"https:\/\/www.coccigames.com\/index.php\/wp-json\/wp\/v2\/product_tag?post=7935"}],"curies":[{"name":"wp","href":"https:\/\/api.w.org\/{rel}","templated":true}]}}