{"id":7919,"date":"2025-11-27T13:48:37","date_gmt":"2025-11-27T12:48:37","guid":{"rendered":"https:\/\/www.coccigames.com\/index.php\/produit\/archiviste-primaris-en-armure-phobos\/"},"modified":"2026-04-06T09:26:53","modified_gmt":"2026-04-06T07:26:53","slug":"archiviste-primaris-en-armure-phobos","status":"publish","type":"product","link":"https:\/\/www.coccigames.com\/index.php\/produit\/archiviste-primaris-en-armure-phobos\/","title":{"rendered":"ARCHIVISTE PRIMARIS EN ARMURE PHOBOS"},"content":{"rendered":"","protected":false},"excerpt":{"rendered":"<p>Les Space Marines sont des guerriers g\u00e9n\u00e9tiquement am\u00e9lior\u00e9s et cr\u00e9\u00e9s pour servir de troupes de choc ultimes \u00e0 l&rsquo;Humanit\u00e9. Ils partent au combat avec les armes, les armures et l&rsquo;\u00e9quipement les plus sophistiqu\u00e9s que l&rsquo;Imperium peut leur fournir, ce qui compl\u00e8te leur force, leur vitesse et leur robustesse sup\u00e9rieures. Ils sont craints de tous comme les Anges de la Mort, car les Space Marines sont l&rsquo;incarnation de la fureur de l&rsquo;Empereur. <\/p>\n","protected":false},"featured_media":9719,"comment_status":"open","ping_status":"closed","template":"","meta":[],"product_brand":[23],"product_cat":[363],"product_tag":[52],"class_list":{"0":"post-7919","1":"product","2":"type-product","3":"status-publish","4":"has-post-thumbnail","6":"product_brand-games-workshop","7":"product_cat-space-marines-warhammer-40000","8":"product_tag-space-marines","10":"first","11":"onbackorder","12":"sale","13":"taxable","14":"shipping-taxable","15":"purchasable","16":"product-type-simple"},"yoast_head":"<!-- This site is optimized with the Yoast SEO plugin v26.4 - https:\/\/yoast.com\/wordpress\/plugins\/seo\/ -->\n<title>ARCHIVISTE PRIMARIS EN ARMURE PHOBOS - Coccigames<\/title>\n<meta name=\"robots\" content=\"index, follow, max-snippet:-1, max-image-preview:large, max-video-preview:-1\" \/>\n<link rel=\"canonical\" href=\"https:\/\/www.coccigames.com\/index.php\/produit\/archiviste-primaris-en-armure-phobos\/\" \/>\n<meta property=\"og:locale\" content=\"fr_FR\" \/>\n<meta property=\"og:type\" content=\"article\" \/>\n<meta property=\"og:title\" content=\"ARCHIVISTE PRIMARIS EN ARMURE PHOBOS - Coccigames\" \/>\n<meta property=\"og:description\" content=\"Les Space Marines sont des guerriers g\u00e9n\u00e9tiquement am\u00e9lior\u00e9s et cr\u00e9\u00e9s pour servir de troupes de choc ultimes \u00e0 l&#039;Humanit\u00e9. Ils partent au combat avec les armes, les armures et l&#039;\u00e9quipement les plus sophistiqu\u00e9s que l&#039;Imperium peut leur fournir, ce qui compl\u00e8te leur force, leur vitesse et leur robustesse sup\u00e9rieures. Ils sont craints de tous comme les Anges de la Mort, car les Space Marines sont l&#039;incarnation de la fureur de l&#039;Empereur.\" \/>\n<meta property=\"og:url\" content=\"https:\/\/www.coccigames.com\/index.php\/produit\/archiviste-primaris-en-armure-phobos\/\" \/>\n<meta property=\"og:site_name\" content=\"Coccigames\" \/>\n<meta property=\"article:modified_time\" content=\"2026-04-06T07:26:53+00:00\" \/>\n<meta property=\"og:image\" content=\"https:\/\/www.coccigames.com\/wp-content\/uploads\/2025\/11\/99070101046_SMPrimarisLibrarianPhobosArmour01.jpg\" \/>\n\t<meta property=\"og:image:width\" content=\"918\" \/>\n\t<meta property=\"og:image:height\" content=\"948\" \/>\n\t<meta property=\"og:image:type\" content=\"image\/jpeg\" \/>\n<meta name=\"twitter:card\" content=\"summary_large_image\" \/>\n<script type=\"application\/ld+json\" class=\"yoast-schema-graph\">{\"@context\":\"https:\/\/schema.org\",\"@graph\":[{\"@type\":\"WebPage\",\"@id\":\"https:\/\/www.coccigames.com\/index.php\/produit\/archiviste-primaris-en-armure-phobos\/\",\"url\":\"https:\/\/www.coccigames.com\/index.php\/produit\/archiviste-primaris-en-armure-phobos\/\",\"name\":\"ARCHIVISTE PRIMARIS EN ARMURE PHOBOS - Coccigames\",\"isPartOf\":{\"@id\":\"https:\/\/www.coccigames.com\/#website\"},\"primaryImageOfPage\":{\"@id\":\"https:\/\/www.coccigames.com\/index.php\/produit\/archiviste-primaris-en-armure-phobos\/#primaryimage\"},\"image\":{\"@id\":\"https:\/\/www.coccigames.com\/index.php\/produit\/archiviste-primaris-en-armure-phobos\/#primaryimage\"},\"thumbnailUrl\":\"https:\/\/www.coccigames.com\/wp-content\/uploads\/2025\/11\/99070101046_SMPrimarisLibrarianPhobosArmour01.jpg\",\"datePublished\":\"2025-11-27T12:48:37+00:00\",\"dateModified\":\"2026-04-06T07:26:53+00:00\",\"breadcrumb\":{\"@id\":\"https:\/\/www.coccigames.com\/index.php\/produit\/archiviste-primaris-en-armure-phobos\/#breadcrumb\"},\"inLanguage\":\"fr-FR\",\"potentialAction\":[{\"@type\":\"ReadAction\",\"target\":[\"https:\/\/www.coccigames.com\/index.php\/produit\/archiviste-primaris-en-armure-phobos\/\"]}]},{\"@type\":\"ImageObject\",\"inLanguage\":\"fr-FR\",\"@id\":\"https:\/\/www.coccigames.com\/index.php\/produit\/archiviste-primaris-en-armure-phobos\/#primaryimage\",\"url\":\"https:\/\/www.coccigames.com\/wp-content\/uploads\/2025\/11\/99070101046_SMPrimarisLibrarianPhobosArmour01.jpg\",\"contentUrl\":\"https:\/\/www.coccigames.com\/wp-content\/uploads\/2025\/11\/99070101046_SMPrimarisLibrarianPhobosArmour01.jpg\",\"width\":918,\"height\":948},{\"@type\":\"BreadcrumbList\",\"@id\":\"https:\/\/www.coccigames.com\/index.php\/produit\/archiviste-primaris-en-armure-phobos\/#breadcrumb\",\"itemListElement\":[{\"@type\":\"ListItem\",\"position\":1,\"name\":\"Accueil\",\"item\":\"https:\/\/www.coccigames.com\/\"},{\"@type\":\"ListItem\",\"position\":2,\"name\":\"Boutique\",\"item\":\"https:\/\/www.coccigames.com\/index.php\/boutique\/\"},{\"@type\":\"ListItem\",\"position\":3,\"name\":\"ARCHIVISTE PRIMARIS EN ARMURE PHOBOS\"}]},{\"@type\":\"WebSite\",\"@id\":\"https:\/\/www.coccigames.com\/#website\",\"url\":\"https:\/\/www.coccigames.com\/\",\"name\":\"Coccigames - Figurines et Peintures\",\"description\":\"Figurines et Peintures\",\"publisher\":{\"@id\":\"https:\/\/www.coccigames.com\/#organization\"},\"potentialAction\":[{\"@type\":\"SearchAction\",\"target\":{\"@type\":\"EntryPoint\",\"urlTemplate\":\"https:\/\/www.coccigames.com\/?s={search_term_string}\"},\"query-input\":{\"@type\":\"PropertyValueSpecification\",\"valueRequired\":true,\"valueName\":\"search_term_string\"}}],\"inLanguage\":\"fr-FR\"},{\"@type\":\"Organization\",\"@id\":\"https:\/\/www.coccigames.com\/#organization\",\"name\":\"Coccigames\",\"url\":\"https:\/\/www.coccigames.com\/\",\"logo\":{\"@type\":\"ImageObject\",\"inLanguage\":\"fr-FR\",\"@id\":\"https:\/\/www.coccigames.com\/#\/schema\/logo\/image\/\",\"url\":\"https:\/\/www.coccigames.com\/wp-content\/uploads\/2025\/12\/coccigames_logo_v5.png\",\"contentUrl\":\"https:\/\/www.coccigames.com\/wp-content\/uploads\/2025\/12\/coccigames_logo_v5.png\",\"width\":1768,\"height\":424,\"caption\":\"Coccigames\"},\"image\":{\"@id\":\"https:\/\/www.coccigames.com\/#\/schema\/logo\/image\/\"}}]}<\/script>\n<!-- \/ Yoast SEO plugin. -->","yoast_head_json":{"title":"ARCHIVISTE PRIMARIS EN ARMURE PHOBOS - Coccigames","robots":{"index":"index","follow":"follow","max-snippet":"max-snippet:-1","max-image-preview":"max-image-preview:large","max-video-preview":"max-video-preview:-1"},"canonical":"https:\/\/www.coccigames.com\/index.php\/produit\/archiviste-primaris-en-armure-phobos\/","og_locale":"fr_FR","og_type":"article","og_title":"ARCHIVISTE PRIMARIS EN ARMURE PHOBOS - Coccigames","og_description":"Les Space Marines sont des guerriers g\u00e9n\u00e9tiquement am\u00e9lior\u00e9s et cr\u00e9\u00e9s pour servir de troupes de choc ultimes \u00e0 l'Humanit\u00e9. Ils partent au combat avec les armes, les armures et l'\u00e9quipement les plus sophistiqu\u00e9s que l'Imperium peut leur fournir, ce qui compl\u00e8te leur force, leur vitesse et leur robustesse sup\u00e9rieures. Ils sont craints de tous comme les Anges de la Mort, car les Space Marines sont l'incarnation de la fureur de l'Empereur.","og_url":"https:\/\/www.coccigames.com\/index.php\/produit\/archiviste-primaris-en-armure-phobos\/","og_site_name":"Coccigames","article_modified_time":"2026-04-06T07:26:53+00:00","og_image":[{"width":918,"height":948,"url":"https:\/\/www.coccigames.com\/wp-content\/uploads\/2025\/11\/99070101046_SMPrimarisLibrarianPhobosArmour01.jpg","type":"image\/jpeg"}],"twitter_card":"summary_large_image","schema":{"@context":"https:\/\/schema.org","@graph":[{"@type":"WebPage","@id":"https:\/\/www.coccigames.com\/index.php\/produit\/archiviste-primaris-en-armure-phobos\/","url":"https:\/\/www.coccigames.com\/index.php\/produit\/archiviste-primaris-en-armure-phobos\/","name":"ARCHIVISTE PRIMARIS EN ARMURE PHOBOS - Coccigames","isPartOf":{"@id":"https:\/\/www.coccigames.com\/#website"},"primaryImageOfPage":{"@id":"https:\/\/www.coccigames.com\/index.php\/produit\/archiviste-primaris-en-armure-phobos\/#primaryimage"},"image":{"@id":"https:\/\/www.coccigames.com\/index.php\/produit\/archiviste-primaris-en-armure-phobos\/#primaryimage"},"thumbnailUrl":"https:\/\/www.coccigames.com\/wp-content\/uploads\/2025\/11\/99070101046_SMPrimarisLibrarianPhobosArmour01.jpg","datePublished":"2025-11-27T12:48:37+00:00","dateModified":"2026-04-06T07:26:53+00:00","breadcrumb":{"@id":"https:\/\/www.coccigames.com\/index.php\/produit\/archiviste-primaris-en-armure-phobos\/#breadcrumb"},"inLanguage":"fr-FR","potentialAction":[{"@type":"ReadAction","target":["https:\/\/www.coccigames.com\/index.php\/produit\/archiviste-primaris-en-armure-phobos\/"]}]},{"@type":"ImageObject","inLanguage":"fr-FR","@id":"https:\/\/www.coccigames.com\/index.php\/produit\/archiviste-primaris-en-armure-phobos\/#primaryimage","url":"https:\/\/www.coccigames.com\/wp-content\/uploads\/2025\/11\/99070101046_SMPrimarisLibrarianPhobosArmour01.jpg","contentUrl":"https:\/\/www.coccigames.com\/wp-content\/uploads\/2025\/11\/99070101046_SMPrimarisLibrarianPhobosArmour01.jpg","width":918,"height":948},{"@type":"BreadcrumbList","@id":"https:\/\/www.coccigames.com\/index.php\/produit\/archiviste-primaris-en-armure-phobos\/#breadcrumb","itemListElement":[{"@type":"ListItem","position":1,"name":"Accueil","item":"https:\/\/www.coccigames.com\/"},{"@type":"ListItem","position":2,"name":"Boutique","item":"https:\/\/www.coccigames.com\/index.php\/boutique\/"},{"@type":"ListItem","position":3,"name":"ARCHIVISTE PRIMARIS EN ARMURE PHOBOS"}]},{"@type":"WebSite","@id":"https:\/\/www.coccigames.com\/#website","url":"https:\/\/www.coccigames.com\/","name":"Coccigames - Figurines et Peintures","description":"Figurines et Peintures","publisher":{"@id":"https:\/\/www.coccigames.com\/#organization"},"potentialAction":[{"@type":"SearchAction","target":{"@type":"EntryPoint","urlTemplate":"https:\/\/www.coccigames.com\/?s={search_term_string}"},"query-input":{"@type":"PropertyValueSpecification","valueRequired":true,"valueName":"search_term_string"}}],"inLanguage":"fr-FR"},{"@type":"Organization","@id":"https:\/\/www.coccigames.com\/#organization","name":"Coccigames","url":"https:\/\/www.coccigames.com\/","logo":{"@type":"ImageObject","inLanguage":"fr-FR","@id":"https:\/\/www.coccigames.com\/#\/schema\/logo\/image\/","url":"https:\/\/www.coccigames.com\/wp-content\/uploads\/2025\/12\/coccigames_logo_v5.png","contentUrl":"https:\/\/www.coccigames.com\/wp-content\/uploads\/2025\/12\/coccigames_logo_v5.png","width":1768,"height":424,"caption":"Coccigames"},"image":{"@id":"https:\/\/www.coccigames.com\/#\/schema\/logo\/image\/"}}]}},"_links":{"self":[{"href":"https:\/\/www.coccigames.com\/index.php\/wp-json\/wp\/v2\/product\/7919","targetHints":{"allow":["GET"]}}],"collection":[{"href":"https:\/\/www.coccigames.com\/index.php\/wp-json\/wp\/v2\/product"}],"about":[{"href":"https:\/\/www.coccigames.com\/index.php\/wp-json\/wp\/v2\/types\/product"}],"replies":[{"embeddable":true,"href":"https:\/\/www.coccigames.com\/index.php\/wp-json\/wp\/v2\/comments?post=7919"}],"wp:featuredmedia":[{"embeddable":true,"href":"https:\/\/www.coccigames.com\/index.php\/wp-json\/wp\/v2\/media\/9719"}],"wp:attachment":[{"href":"https:\/\/www.coccigames.com\/index.php\/wp-json\/wp\/v2\/media?parent=7919"}],"wp:term":[{"taxonomy":"product_brand","embeddable":true,"href":"https:\/\/www.coccigames.com\/index.php\/wp-json\/wp\/v2\/product_brand?post=7919"},{"taxonomy":"product_cat","embeddable":true,"href":"https:\/\/www.coccigames.com\/index.php\/wp-json\/wp\/v2\/product_cat?post=7919"},{"taxonomy":"product_tag","embeddable":true,"href":"https:\/\/www.coccigames.com\/index.php\/wp-json\/wp\/v2\/product_tag?post=7919"}],"curies":[{"name":"wp","href":"https:\/\/api.w.org\/{rel}","templated":true}]}}