{"id":7901,"date":"2025-11-27T13:48:28","date_gmt":"2025-11-27T12:48:28","guid":{"rendered":"https:\/\/www.coccigames.com\/index.php\/produit\/intercessrs-dassaut-a-reacteurs-dorsaux\/"},"modified":"2026-04-06T09:26:51","modified_gmt":"2026-04-06T07:26:51","slug":"intercessrs-dassaut-a-reacteurs-dorsaux","status":"publish","type":"product","link":"https:\/\/www.coccigames.com\/index.php\/produit\/intercessrs-dassaut-a-reacteurs-dorsaux\/","title":{"rendered":"INTERCESSORS D&rsquo;ASSAUT \u00c0 R\u00c9ACTEURS DORSAUX"},"content":{"rendered":"","protected":false},"excerpt":{"rendered":"<p>Les Space Marines sont des guerriers g\u00e9n\u00e9tiquement am\u00e9lior\u00e9s et cr\u00e9\u00e9s pour servir de troupes de choc ultimes \u00e0 l&rsquo;Humanit\u00e9. Ils partent au combat avec les armes, les armures et l&rsquo;\u00e9quipement les plus sophistiqu\u00e9s que l&rsquo;Imperium peut leur fournir, ce qui compl\u00e8te leur force, leur vitesse et leur robustesse sup\u00e9rieures. Ils sont craints de tous comme les Anges de la Mort, car les Space Marines sont l&rsquo;incarnation de la fureur de l&rsquo;Empereur.<\/p>\n","protected":false},"featured_media":9736,"comment_status":"open","ping_status":"closed","template":"","meta":[],"product_brand":[23],"product_cat":[363],"product_tag":[52],"class_list":{"0":"post-7901","1":"product","2":"type-product","3":"status-publish","4":"has-post-thumbnail","6":"product_brand-games-workshop","7":"product_cat-space-marines-warhammer-40000","8":"product_tag-space-marines","10":"first","11":"instock","12":"sale","13":"taxable","14":"shipping-taxable","15":"purchasable","16":"product-type-simple"},"yoast_head":"<!-- This site is optimized with the Yoast SEO plugin v26.4 - https:\/\/yoast.com\/wordpress\/plugins\/seo\/ -->\n<title>INTERCESSORS D&#039;ASSAUT \u00c0 R\u00c9ACTEURS DORSAUX - Coccigames<\/title>\n<meta name=\"robots\" content=\"index, follow, max-snippet:-1, max-image-preview:large, max-video-preview:-1\" \/>\n<link rel=\"canonical\" href=\"https:\/\/www.coccigames.com\/index.php\/produit\/intercessrs-dassaut-a-reacteurs-dorsaux\/\" \/>\n<meta property=\"og:locale\" content=\"fr_FR\" \/>\n<meta property=\"og:type\" content=\"article\" \/>\n<meta property=\"og:title\" content=\"INTERCESSORS D&#039;ASSAUT \u00c0 R\u00c9ACTEURS DORSAUX - Coccigames\" \/>\n<meta property=\"og:description\" content=\"Les Space Marines sont des guerriers g\u00e9n\u00e9tiquement am\u00e9lior\u00e9s et cr\u00e9\u00e9s pour servir de troupes de choc ultimes \u00e0 l&#039;Humanit\u00e9. Ils partent au combat avec les armes, les armures et l&#039;\u00e9quipement les plus sophistiqu\u00e9s que l&#039;Imperium peut leur fournir, ce qui compl\u00e8te leur force, leur vitesse et leur robustesse sup\u00e9rieures. Ils sont craints de tous comme les Anges de la Mort, car les Space Marines sont l&#039;incarnation de la fureur de l&#039;Empereur.\" \/>\n<meta property=\"og:url\" content=\"https:\/\/www.coccigames.com\/index.php\/produit\/intercessrs-dassaut-a-reacteurs-dorsaux\/\" \/>\n<meta property=\"og:site_name\" content=\"Coccigames\" \/>\n<meta property=\"article:modified_time\" content=\"2026-04-06T07:26:51+00:00\" \/>\n<meta property=\"og:image\" content=\"https:\/\/www.coccigames.com\/wp-content\/uploads\/2025\/11\/99120101392_SMJumpPkIntercessorsStock.jpg\" \/>\n\t<meta property=\"og:image:width\" content=\"918\" \/>\n\t<meta property=\"og:image:height\" content=\"948\" \/>\n\t<meta property=\"og:image:type\" content=\"image\/jpeg\" \/>\n<meta name=\"twitter:card\" content=\"summary_large_image\" \/>\n<meta name=\"twitter:label1\" content=\"Dur\u00e9e de lecture estim\u00e9e\" \/>\n\t<meta name=\"twitter:data1\" content=\"1 minute\" \/>\n<script type=\"application\/ld+json\" class=\"yoast-schema-graph\">{\"@context\":\"https:\/\/schema.org\",\"@graph\":[{\"@type\":\"WebPage\",\"@id\":\"https:\/\/www.coccigames.com\/index.php\/produit\/intercessrs-dassaut-a-reacteurs-dorsaux\/\",\"url\":\"https:\/\/www.coccigames.com\/index.php\/produit\/intercessrs-dassaut-a-reacteurs-dorsaux\/\",\"name\":\"INTERCESSORS D'ASSAUT \u00c0 R\u00c9ACTEURS DORSAUX - Coccigames\",\"isPartOf\":{\"@id\":\"https:\/\/www.coccigames.com\/#website\"},\"primaryImageOfPage\":{\"@id\":\"https:\/\/www.coccigames.com\/index.php\/produit\/intercessrs-dassaut-a-reacteurs-dorsaux\/#primaryimage\"},\"image\":{\"@id\":\"https:\/\/www.coccigames.com\/index.php\/produit\/intercessrs-dassaut-a-reacteurs-dorsaux\/#primaryimage\"},\"thumbnailUrl\":\"https:\/\/www.coccigames.com\/wp-content\/uploads\/2025\/11\/99120101392_SMJumpPkIntercessorsStock.jpg\",\"datePublished\":\"2025-11-27T12:48:28+00:00\",\"dateModified\":\"2026-04-06T07:26:51+00:00\",\"breadcrumb\":{\"@id\":\"https:\/\/www.coccigames.com\/index.php\/produit\/intercessrs-dassaut-a-reacteurs-dorsaux\/#breadcrumb\"},\"inLanguage\":\"fr-FR\",\"potentialAction\":[{\"@type\":\"ReadAction\",\"target\":[\"https:\/\/www.coccigames.com\/index.php\/produit\/intercessrs-dassaut-a-reacteurs-dorsaux\/\"]}]},{\"@type\":\"ImageObject\",\"inLanguage\":\"fr-FR\",\"@id\":\"https:\/\/www.coccigames.com\/index.php\/produit\/intercessrs-dassaut-a-reacteurs-dorsaux\/#primaryimage\",\"url\":\"https:\/\/www.coccigames.com\/wp-content\/uploads\/2025\/11\/99120101392_SMJumpPkIntercessorsStock.jpg\",\"contentUrl\":\"https:\/\/www.coccigames.com\/wp-content\/uploads\/2025\/11\/99120101392_SMJumpPkIntercessorsStock.jpg\",\"width\":918,\"height\":948},{\"@type\":\"BreadcrumbList\",\"@id\":\"https:\/\/www.coccigames.com\/index.php\/produit\/intercessrs-dassaut-a-reacteurs-dorsaux\/#breadcrumb\",\"itemListElement\":[{\"@type\":\"ListItem\",\"position\":1,\"name\":\"Accueil\",\"item\":\"https:\/\/www.coccigames.com\/\"},{\"@type\":\"ListItem\",\"position\":2,\"name\":\"Boutique\",\"item\":\"https:\/\/www.coccigames.com\/index.php\/boutique\/\"},{\"@type\":\"ListItem\",\"position\":3,\"name\":\"INTERCESSORS D&rsquo;ASSAUT \u00c0 R\u00c9ACTEURS DORSAUX\"}]},{\"@type\":\"WebSite\",\"@id\":\"https:\/\/www.coccigames.com\/#website\",\"url\":\"https:\/\/www.coccigames.com\/\",\"name\":\"Coccigames - Figurines et Peintures\",\"description\":\"Figurines et Peintures\",\"publisher\":{\"@id\":\"https:\/\/www.coccigames.com\/#organization\"},\"potentialAction\":[{\"@type\":\"SearchAction\",\"target\":{\"@type\":\"EntryPoint\",\"urlTemplate\":\"https:\/\/www.coccigames.com\/?s={search_term_string}\"},\"query-input\":{\"@type\":\"PropertyValueSpecification\",\"valueRequired\":true,\"valueName\":\"search_term_string\"}}],\"inLanguage\":\"fr-FR\"},{\"@type\":\"Organization\",\"@id\":\"https:\/\/www.coccigames.com\/#organization\",\"name\":\"Coccigames\",\"url\":\"https:\/\/www.coccigames.com\/\",\"logo\":{\"@type\":\"ImageObject\",\"inLanguage\":\"fr-FR\",\"@id\":\"https:\/\/www.coccigames.com\/#\/schema\/logo\/image\/\",\"url\":\"https:\/\/www.coccigames.com\/wp-content\/uploads\/2025\/12\/coccigames_logo_v5.png\",\"contentUrl\":\"https:\/\/www.coccigames.com\/wp-content\/uploads\/2025\/12\/coccigames_logo_v5.png\",\"width\":1768,\"height\":424,\"caption\":\"Coccigames\"},\"image\":{\"@id\":\"https:\/\/www.coccigames.com\/#\/schema\/logo\/image\/\"}}]}<\/script>\n<!-- \/ Yoast SEO plugin. -->","yoast_head_json":{"title":"INTERCESSORS D'ASSAUT \u00c0 R\u00c9ACTEURS DORSAUX - Coccigames","robots":{"index":"index","follow":"follow","max-snippet":"max-snippet:-1","max-image-preview":"max-image-preview:large","max-video-preview":"max-video-preview:-1"},"canonical":"https:\/\/www.coccigames.com\/index.php\/produit\/intercessrs-dassaut-a-reacteurs-dorsaux\/","og_locale":"fr_FR","og_type":"article","og_title":"INTERCESSORS D'ASSAUT \u00c0 R\u00c9ACTEURS DORSAUX - Coccigames","og_description":"Les Space Marines sont des guerriers g\u00e9n\u00e9tiquement am\u00e9lior\u00e9s et cr\u00e9\u00e9s pour servir de troupes de choc ultimes \u00e0 l'Humanit\u00e9. Ils partent au combat avec les armes, les armures et l'\u00e9quipement les plus sophistiqu\u00e9s que l'Imperium peut leur fournir, ce qui compl\u00e8te leur force, leur vitesse et leur robustesse sup\u00e9rieures. Ils sont craints de tous comme les Anges de la Mort, car les Space Marines sont l'incarnation de la fureur de l'Empereur.","og_url":"https:\/\/www.coccigames.com\/index.php\/produit\/intercessrs-dassaut-a-reacteurs-dorsaux\/","og_site_name":"Coccigames","article_modified_time":"2026-04-06T07:26:51+00:00","og_image":[{"width":918,"height":948,"url":"https:\/\/www.coccigames.com\/wp-content\/uploads\/2025\/11\/99120101392_SMJumpPkIntercessorsStock.jpg","type":"image\/jpeg"}],"twitter_card":"summary_large_image","twitter_misc":{"Dur\u00e9e de lecture estim\u00e9e":"1 minute"},"schema":{"@context":"https:\/\/schema.org","@graph":[{"@type":"WebPage","@id":"https:\/\/www.coccigames.com\/index.php\/produit\/intercessrs-dassaut-a-reacteurs-dorsaux\/","url":"https:\/\/www.coccigames.com\/index.php\/produit\/intercessrs-dassaut-a-reacteurs-dorsaux\/","name":"INTERCESSORS D'ASSAUT \u00c0 R\u00c9ACTEURS DORSAUX - Coccigames","isPartOf":{"@id":"https:\/\/www.coccigames.com\/#website"},"primaryImageOfPage":{"@id":"https:\/\/www.coccigames.com\/index.php\/produit\/intercessrs-dassaut-a-reacteurs-dorsaux\/#primaryimage"},"image":{"@id":"https:\/\/www.coccigames.com\/index.php\/produit\/intercessrs-dassaut-a-reacteurs-dorsaux\/#primaryimage"},"thumbnailUrl":"https:\/\/www.coccigames.com\/wp-content\/uploads\/2025\/11\/99120101392_SMJumpPkIntercessorsStock.jpg","datePublished":"2025-11-27T12:48:28+00:00","dateModified":"2026-04-06T07:26:51+00:00","breadcrumb":{"@id":"https:\/\/www.coccigames.com\/index.php\/produit\/intercessrs-dassaut-a-reacteurs-dorsaux\/#breadcrumb"},"inLanguage":"fr-FR","potentialAction":[{"@type":"ReadAction","target":["https:\/\/www.coccigames.com\/index.php\/produit\/intercessrs-dassaut-a-reacteurs-dorsaux\/"]}]},{"@type":"ImageObject","inLanguage":"fr-FR","@id":"https:\/\/www.coccigames.com\/index.php\/produit\/intercessrs-dassaut-a-reacteurs-dorsaux\/#primaryimage","url":"https:\/\/www.coccigames.com\/wp-content\/uploads\/2025\/11\/99120101392_SMJumpPkIntercessorsStock.jpg","contentUrl":"https:\/\/www.coccigames.com\/wp-content\/uploads\/2025\/11\/99120101392_SMJumpPkIntercessorsStock.jpg","width":918,"height":948},{"@type":"BreadcrumbList","@id":"https:\/\/www.coccigames.com\/index.php\/produit\/intercessrs-dassaut-a-reacteurs-dorsaux\/#breadcrumb","itemListElement":[{"@type":"ListItem","position":1,"name":"Accueil","item":"https:\/\/www.coccigames.com\/"},{"@type":"ListItem","position":2,"name":"Boutique","item":"https:\/\/www.coccigames.com\/index.php\/boutique\/"},{"@type":"ListItem","position":3,"name":"INTERCESSORS D&rsquo;ASSAUT \u00c0 R\u00c9ACTEURS DORSAUX"}]},{"@type":"WebSite","@id":"https:\/\/www.coccigames.com\/#website","url":"https:\/\/www.coccigames.com\/","name":"Coccigames - Figurines et Peintures","description":"Figurines et Peintures","publisher":{"@id":"https:\/\/www.coccigames.com\/#organization"},"potentialAction":[{"@type":"SearchAction","target":{"@type":"EntryPoint","urlTemplate":"https:\/\/www.coccigames.com\/?s={search_term_string}"},"query-input":{"@type":"PropertyValueSpecification","valueRequired":true,"valueName":"search_term_string"}}],"inLanguage":"fr-FR"},{"@type":"Organization","@id":"https:\/\/www.coccigames.com\/#organization","name":"Coccigames","url":"https:\/\/www.coccigames.com\/","logo":{"@type":"ImageObject","inLanguage":"fr-FR","@id":"https:\/\/www.coccigames.com\/#\/schema\/logo\/image\/","url":"https:\/\/www.coccigames.com\/wp-content\/uploads\/2025\/12\/coccigames_logo_v5.png","contentUrl":"https:\/\/www.coccigames.com\/wp-content\/uploads\/2025\/12\/coccigames_logo_v5.png","width":1768,"height":424,"caption":"Coccigames"},"image":{"@id":"https:\/\/www.coccigames.com\/#\/schema\/logo\/image\/"}}]}},"_links":{"self":[{"href":"https:\/\/www.coccigames.com\/index.php\/wp-json\/wp\/v2\/product\/7901","targetHints":{"allow":["GET"]}}],"collection":[{"href":"https:\/\/www.coccigames.com\/index.php\/wp-json\/wp\/v2\/product"}],"about":[{"href":"https:\/\/www.coccigames.com\/index.php\/wp-json\/wp\/v2\/types\/product"}],"replies":[{"embeddable":true,"href":"https:\/\/www.coccigames.com\/index.php\/wp-json\/wp\/v2\/comments?post=7901"}],"wp:featuredmedia":[{"embeddable":true,"href":"https:\/\/www.coccigames.com\/index.php\/wp-json\/wp\/v2\/media\/9736"}],"wp:attachment":[{"href":"https:\/\/www.coccigames.com\/index.php\/wp-json\/wp\/v2\/media?parent=7901"}],"wp:term":[{"taxonomy":"product_brand","embeddable":true,"href":"https:\/\/www.coccigames.com\/index.php\/wp-json\/wp\/v2\/product_brand?post=7901"},{"taxonomy":"product_cat","embeddable":true,"href":"https:\/\/www.coccigames.com\/index.php\/wp-json\/wp\/v2\/product_cat?post=7901"},{"taxonomy":"product_tag","embeddable":true,"href":"https:\/\/www.coccigames.com\/index.php\/wp-json\/wp\/v2\/product_tag?post=7901"}],"curies":[{"name":"wp","href":"https:\/\/api.w.org\/{rel}","templated":true}]}}