{"id":7825,"date":"2025-11-27T13:47:39","date_gmt":"2025-11-27T12:47:39","guid":{"rendered":"https:\/\/www.coccigames.com\/index.php\/produit\/seigneur-de-la-discorde-sur-metarodeur\/"},"modified":"2026-04-06T09:26:46","modified_gmt":"2026-04-06T07:26:46","slug":"seigneur-de-la-discorde-sur-metarodeur","status":"publish","type":"product","link":"https:\/\/www.coccigames.com\/index.php\/produit\/seigneur-de-la-discorde-sur-metarodeur\/","title":{"rendered":"SEIGNEUR DE LA DISCORDE SUR M\u00c9TAR\u00d4DEUR"},"content":{"rendered":"","protected":false},"excerpt":{"rendered":"<p>Les Space Marines du Chaos sont des guerriers g\u00e9n\u00e9tiquement am\u00e9lior\u00e9s qui ne vivent que pour la conqu\u00eate, le massacre et le pillage. Ces h\u00e9r\u00e9tiques partent au combat \u00e9quip\u00e9s de versions corrompues des armes et armures qu&rsquo;ils employaient jadis, quand ils faisaient partie des troupes loyales de l&rsquo;Imperium. D\u00e9sormais, ils m\u00e8nent une campagne \u00e9ternelle de vengeance, de conqu\u00eate et de violence apocalyptique.<\/p>\n","protected":false},"featured_media":9845,"comment_status":"open","ping_status":"closed","template":"","meta":[],"product_brand":[23],"product_cat":[287],"product_tag":[55],"class_list":{"0":"post-7825","1":"product","2":"type-product","3":"status-publish","4":"has-post-thumbnail","6":"product_brand-games-workshop","7":"product_cat-chaos-space-marines","8":"product_tag-chaos-space-marines","10":"first","11":"outofstock","12":"sale","13":"taxable","14":"shipping-taxable","15":"purchasable","16":"product-type-simple"},"yoast_head":"<!-- This site is optimized with the Yoast SEO plugin v26.4 - https:\/\/yoast.com\/wordpress\/plugins\/seo\/ -->\n<title>SEIGNEUR DE LA DISCORDE SUR M\u00c9TAR\u00d4DEUR - Coccigames<\/title>\n<meta name=\"robots\" content=\"index, follow, max-snippet:-1, max-image-preview:large, max-video-preview:-1\" \/>\n<link rel=\"canonical\" href=\"https:\/\/www.coccigames.com\/index.php\/produit\/seigneur-de-la-discorde-sur-metarodeur\/\" \/>\n<meta property=\"og:locale\" content=\"fr_FR\" \/>\n<meta property=\"og:type\" content=\"article\" \/>\n<meta property=\"og:title\" content=\"SEIGNEUR DE LA DISCORDE SUR M\u00c9TAR\u00d4DEUR - Coccigames\" \/>\n<meta property=\"og:description\" content=\"Les Space Marines du Chaos sont des guerriers g\u00e9n\u00e9tiquement am\u00e9lior\u00e9s qui ne vivent que pour la conqu\u00eate, le massacre et le pillage. Ces h\u00e9r\u00e9tiques partent au combat \u00e9quip\u00e9s de versions corrompues des armes et armures qu&#039;ils employaient jadis, quand ils faisaient partie des troupes loyales de l&#039;Imperium. D\u00e9sormais, ils m\u00e8nent une campagne \u00e9ternelle de vengeance, de conqu\u00eate et de violence apocalyptique.\" \/>\n<meta property=\"og:url\" content=\"https:\/\/www.coccigames.com\/index.php\/produit\/seigneur-de-la-discorde-sur-metarodeur\/\" \/>\n<meta property=\"og:site_name\" content=\"Coccigames\" \/>\n<meta property=\"article:modified_time\" content=\"2026-04-06T07:26:46+00:00\" \/>\n<meta property=\"og:image\" content=\"https:\/\/www.coccigames.com\/wp-content\/uploads\/2025\/11\/99120102174_CSMLordDiscordantonHelstalkerStock_a.jpg\" \/>\n\t<meta property=\"og:image:width\" content=\"918\" \/>\n\t<meta property=\"og:image:height\" content=\"948\" \/>\n\t<meta property=\"og:image:type\" content=\"image\/jpeg\" \/>\n<meta name=\"twitter:card\" content=\"summary_large_image\" \/>\n<meta name=\"twitter:label1\" content=\"Dur\u00e9e de lecture estim\u00e9e\" \/>\n\t<meta name=\"twitter:data1\" content=\"1 minute\" \/>\n<script type=\"application\/ld+json\" class=\"yoast-schema-graph\">{\"@context\":\"https:\/\/schema.org\",\"@graph\":[{\"@type\":\"WebPage\",\"@id\":\"https:\/\/www.coccigames.com\/index.php\/produit\/seigneur-de-la-discorde-sur-metarodeur\/\",\"url\":\"https:\/\/www.coccigames.com\/index.php\/produit\/seigneur-de-la-discorde-sur-metarodeur\/\",\"name\":\"SEIGNEUR DE LA DISCORDE SUR M\u00c9TAR\u00d4DEUR - Coccigames\",\"isPartOf\":{\"@id\":\"https:\/\/www.coccigames.com\/#website\"},\"primaryImageOfPage\":{\"@id\":\"https:\/\/www.coccigames.com\/index.php\/produit\/seigneur-de-la-discorde-sur-metarodeur\/#primaryimage\"},\"image\":{\"@id\":\"https:\/\/www.coccigames.com\/index.php\/produit\/seigneur-de-la-discorde-sur-metarodeur\/#primaryimage\"},\"thumbnailUrl\":\"https:\/\/www.coccigames.com\/wp-content\/uploads\/2025\/11\/99120102174_CSMLordDiscordantonHelstalkerStock_a.jpg\",\"datePublished\":\"2025-11-27T12:47:39+00:00\",\"dateModified\":\"2026-04-06T07:26:46+00:00\",\"breadcrumb\":{\"@id\":\"https:\/\/www.coccigames.com\/index.php\/produit\/seigneur-de-la-discorde-sur-metarodeur\/#breadcrumb\"},\"inLanguage\":\"fr-FR\",\"potentialAction\":[{\"@type\":\"ReadAction\",\"target\":[\"https:\/\/www.coccigames.com\/index.php\/produit\/seigneur-de-la-discorde-sur-metarodeur\/\"]}]},{\"@type\":\"ImageObject\",\"inLanguage\":\"fr-FR\",\"@id\":\"https:\/\/www.coccigames.com\/index.php\/produit\/seigneur-de-la-discorde-sur-metarodeur\/#primaryimage\",\"url\":\"https:\/\/www.coccigames.com\/wp-content\/uploads\/2025\/11\/99120102174_CSMLordDiscordantonHelstalkerStock_a.jpg\",\"contentUrl\":\"https:\/\/www.coccigames.com\/wp-content\/uploads\/2025\/11\/99120102174_CSMLordDiscordantonHelstalkerStock_a.jpg\",\"width\":918,\"height\":948},{\"@type\":\"BreadcrumbList\",\"@id\":\"https:\/\/www.coccigames.com\/index.php\/produit\/seigneur-de-la-discorde-sur-metarodeur\/#breadcrumb\",\"itemListElement\":[{\"@type\":\"ListItem\",\"position\":1,\"name\":\"Accueil\",\"item\":\"https:\/\/www.coccigames.com\/\"},{\"@type\":\"ListItem\",\"position\":2,\"name\":\"Boutique\",\"item\":\"https:\/\/www.coccigames.com\/index.php\/boutique\/\"},{\"@type\":\"ListItem\",\"position\":3,\"name\":\"SEIGNEUR DE LA DISCORDE SUR M\u00c9TAR\u00d4DEUR\"}]},{\"@type\":\"WebSite\",\"@id\":\"https:\/\/www.coccigames.com\/#website\",\"url\":\"https:\/\/www.coccigames.com\/\",\"name\":\"Coccigames - Figurines et Peintures\",\"description\":\"Figurines et Peintures\",\"publisher\":{\"@id\":\"https:\/\/www.coccigames.com\/#organization\"},\"potentialAction\":[{\"@type\":\"SearchAction\",\"target\":{\"@type\":\"EntryPoint\",\"urlTemplate\":\"https:\/\/www.coccigames.com\/?s={search_term_string}\"},\"query-input\":{\"@type\":\"PropertyValueSpecification\",\"valueRequired\":true,\"valueName\":\"search_term_string\"}}],\"inLanguage\":\"fr-FR\"},{\"@type\":\"Organization\",\"@id\":\"https:\/\/www.coccigames.com\/#organization\",\"name\":\"Coccigames\",\"url\":\"https:\/\/www.coccigames.com\/\",\"logo\":{\"@type\":\"ImageObject\",\"inLanguage\":\"fr-FR\",\"@id\":\"https:\/\/www.coccigames.com\/#\/schema\/logo\/image\/\",\"url\":\"https:\/\/www.coccigames.com\/wp-content\/uploads\/2025\/12\/coccigames_logo_v5.png\",\"contentUrl\":\"https:\/\/www.coccigames.com\/wp-content\/uploads\/2025\/12\/coccigames_logo_v5.png\",\"width\":1768,\"height\":424,\"caption\":\"Coccigames\"},\"image\":{\"@id\":\"https:\/\/www.coccigames.com\/#\/schema\/logo\/image\/\"}}]}<\/script>\n<!-- \/ Yoast SEO plugin. -->","yoast_head_json":{"title":"SEIGNEUR DE LA DISCORDE SUR M\u00c9TAR\u00d4DEUR - Coccigames","robots":{"index":"index","follow":"follow","max-snippet":"max-snippet:-1","max-image-preview":"max-image-preview:large","max-video-preview":"max-video-preview:-1"},"canonical":"https:\/\/www.coccigames.com\/index.php\/produit\/seigneur-de-la-discorde-sur-metarodeur\/","og_locale":"fr_FR","og_type":"article","og_title":"SEIGNEUR DE LA DISCORDE SUR M\u00c9TAR\u00d4DEUR - Coccigames","og_description":"Les Space Marines du Chaos sont des guerriers g\u00e9n\u00e9tiquement am\u00e9lior\u00e9s qui ne vivent que pour la conqu\u00eate, le massacre et le pillage. Ces h\u00e9r\u00e9tiques partent au combat \u00e9quip\u00e9s de versions corrompues des armes et armures qu'ils employaient jadis, quand ils faisaient partie des troupes loyales de l'Imperium. D\u00e9sormais, ils m\u00e8nent une campagne \u00e9ternelle de vengeance, de conqu\u00eate et de violence apocalyptique.","og_url":"https:\/\/www.coccigames.com\/index.php\/produit\/seigneur-de-la-discorde-sur-metarodeur\/","og_site_name":"Coccigames","article_modified_time":"2026-04-06T07:26:46+00:00","og_image":[{"width":918,"height":948,"url":"https:\/\/www.coccigames.com\/wp-content\/uploads\/2025\/11\/99120102174_CSMLordDiscordantonHelstalkerStock_a.jpg","type":"image\/jpeg"}],"twitter_card":"summary_large_image","twitter_misc":{"Dur\u00e9e de lecture estim\u00e9e":"1 minute"},"schema":{"@context":"https:\/\/schema.org","@graph":[{"@type":"WebPage","@id":"https:\/\/www.coccigames.com\/index.php\/produit\/seigneur-de-la-discorde-sur-metarodeur\/","url":"https:\/\/www.coccigames.com\/index.php\/produit\/seigneur-de-la-discorde-sur-metarodeur\/","name":"SEIGNEUR DE LA DISCORDE SUR M\u00c9TAR\u00d4DEUR - Coccigames","isPartOf":{"@id":"https:\/\/www.coccigames.com\/#website"},"primaryImageOfPage":{"@id":"https:\/\/www.coccigames.com\/index.php\/produit\/seigneur-de-la-discorde-sur-metarodeur\/#primaryimage"},"image":{"@id":"https:\/\/www.coccigames.com\/index.php\/produit\/seigneur-de-la-discorde-sur-metarodeur\/#primaryimage"},"thumbnailUrl":"https:\/\/www.coccigames.com\/wp-content\/uploads\/2025\/11\/99120102174_CSMLordDiscordantonHelstalkerStock_a.jpg","datePublished":"2025-11-27T12:47:39+00:00","dateModified":"2026-04-06T07:26:46+00:00","breadcrumb":{"@id":"https:\/\/www.coccigames.com\/index.php\/produit\/seigneur-de-la-discorde-sur-metarodeur\/#breadcrumb"},"inLanguage":"fr-FR","potentialAction":[{"@type":"ReadAction","target":["https:\/\/www.coccigames.com\/index.php\/produit\/seigneur-de-la-discorde-sur-metarodeur\/"]}]},{"@type":"ImageObject","inLanguage":"fr-FR","@id":"https:\/\/www.coccigames.com\/index.php\/produit\/seigneur-de-la-discorde-sur-metarodeur\/#primaryimage","url":"https:\/\/www.coccigames.com\/wp-content\/uploads\/2025\/11\/99120102174_CSMLordDiscordantonHelstalkerStock_a.jpg","contentUrl":"https:\/\/www.coccigames.com\/wp-content\/uploads\/2025\/11\/99120102174_CSMLordDiscordantonHelstalkerStock_a.jpg","width":918,"height":948},{"@type":"BreadcrumbList","@id":"https:\/\/www.coccigames.com\/index.php\/produit\/seigneur-de-la-discorde-sur-metarodeur\/#breadcrumb","itemListElement":[{"@type":"ListItem","position":1,"name":"Accueil","item":"https:\/\/www.coccigames.com\/"},{"@type":"ListItem","position":2,"name":"Boutique","item":"https:\/\/www.coccigames.com\/index.php\/boutique\/"},{"@type":"ListItem","position":3,"name":"SEIGNEUR DE LA DISCORDE SUR M\u00c9TAR\u00d4DEUR"}]},{"@type":"WebSite","@id":"https:\/\/www.coccigames.com\/#website","url":"https:\/\/www.coccigames.com\/","name":"Coccigames - Figurines et Peintures","description":"Figurines et Peintures","publisher":{"@id":"https:\/\/www.coccigames.com\/#organization"},"potentialAction":[{"@type":"SearchAction","target":{"@type":"EntryPoint","urlTemplate":"https:\/\/www.coccigames.com\/?s={search_term_string}"},"query-input":{"@type":"PropertyValueSpecification","valueRequired":true,"valueName":"search_term_string"}}],"inLanguage":"fr-FR"},{"@type":"Organization","@id":"https:\/\/www.coccigames.com\/#organization","name":"Coccigames","url":"https:\/\/www.coccigames.com\/","logo":{"@type":"ImageObject","inLanguage":"fr-FR","@id":"https:\/\/www.coccigames.com\/#\/schema\/logo\/image\/","url":"https:\/\/www.coccigames.com\/wp-content\/uploads\/2025\/12\/coccigames_logo_v5.png","contentUrl":"https:\/\/www.coccigames.com\/wp-content\/uploads\/2025\/12\/coccigames_logo_v5.png","width":1768,"height":424,"caption":"Coccigames"},"image":{"@id":"https:\/\/www.coccigames.com\/#\/schema\/logo\/image\/"}}]}},"_links":{"self":[{"href":"https:\/\/www.coccigames.com\/index.php\/wp-json\/wp\/v2\/product\/7825","targetHints":{"allow":["GET"]}}],"collection":[{"href":"https:\/\/www.coccigames.com\/index.php\/wp-json\/wp\/v2\/product"}],"about":[{"href":"https:\/\/www.coccigames.com\/index.php\/wp-json\/wp\/v2\/types\/product"}],"replies":[{"embeddable":true,"href":"https:\/\/www.coccigames.com\/index.php\/wp-json\/wp\/v2\/comments?post=7825"}],"wp:featuredmedia":[{"embeddable":true,"href":"https:\/\/www.coccigames.com\/index.php\/wp-json\/wp\/v2\/media\/9845"}],"wp:attachment":[{"href":"https:\/\/www.coccigames.com\/index.php\/wp-json\/wp\/v2\/media?parent=7825"}],"wp:term":[{"taxonomy":"product_brand","embeddable":true,"href":"https:\/\/www.coccigames.com\/index.php\/wp-json\/wp\/v2\/product_brand?post=7825"},{"taxonomy":"product_cat","embeddable":true,"href":"https:\/\/www.coccigames.com\/index.php\/wp-json\/wp\/v2\/product_cat?post=7825"},{"taxonomy":"product_tag","embeddable":true,"href":"https:\/\/www.coccigames.com\/index.php\/wp-json\/wp\/v2\/product_tag?post=7825"}],"curies":[{"name":"wp","href":"https:\/\/api.w.org\/{rel}","templated":true}]}}