{"id":7744,"date":"2025-11-26T18:59:30","date_gmt":"2025-11-26T17:59:30","guid":{"rendered":"https:\/\/www.coccigames.com\/index.php\/produit\/halo-flashpoint-buck-and-dare\/"},"modified":"2026-04-09T09:47:07","modified_gmt":"2026-04-09T07:47:07","slug":"halo-flashpoint-buck-and-dare","status":"publish","type":"product","link":"https:\/\/www.coccigames.com\/index.php\/produit\/halo-flashpoint-buck-and-dare\/","title":{"rendered":"HALO FLASHPOINT &#8211; BUCK AND DARE"},"content":{"rendered":"<p>Edward Buck s&rsquo;est enr\u00f4l\u00e9 dans le Corps des Marines de l&rsquo;UNSC \u00e0 l&rsquo;\u00e2ge de dix-huit ans et s&rsquo;est distingu\u00e9 par son adresse au tir pendant sa formation. V\u00e9t\u00e9ran de nombreux conflits et soldat hautement qualifi\u00e9, il \u00e9tait chef d&rsquo;\u00e9quipe ODST pendant la bataille pour la Terre.<\/p>\n<p>&nbsp;<\/p>\n<p>Le capitaine Dare est \u00e9quip\u00e9e d&rsquo;une armure et d&rsquo;un \u00e9quipement similaires \u00e0 ceux d&rsquo;un ODST, car elle a pris le commandement tactique de l&rsquo;Alpha-Nine pendant la bataille pour la Terre. Sa position au sein du Bureau du renseignement naval (ONI) lui a permis d&rsquo;avoir le privil\u00e8ge de participer \u00e0 des combats aux c\u00f4t\u00e9s d&rsquo;autres unit\u00e9s de l&rsquo;UNSC, y compris des \u00e9quipes de tir ODST, et de leur donner de nouveaux ordres lorsque cela \u00e9tait n\u00e9cessaire pour mener \u00e0 bien sa propre mission secr\u00e8te&#8230;<\/p>\n<p>&nbsp;<\/p>\n<p><em>Contenu :<\/em><\/p>\n<p><em>1 x figurine Buck (r\u00e9sine MasterCraft)<\/em><\/p>\n<p><em>1 x figurine Dare (r\u00e9sine MasterCraft)<\/em><\/p>\n<p><em><img loading=\"lazy\" decoding=\"async\" class=\"alignnone size-full wp-image-14369\" src=\"https:\/\/www.coccigames.com\/wp-content\/uploads\/2026\/04\/halo-flashpoint-buck-and-dare2.jpg\" alt=\"\" width=\"800\" height=\"800\" \/><\/em><\/p>\n","protected":false},"excerpt":{"rendered":"<p>Edward Buck s&rsquo;est enr\u00f4l\u00e9 dans le Corps des Marines de l&rsquo;UNSC \u00e0 l&rsquo;\u00e2ge de dix-huit ans et s&rsquo;est distingu\u00e9 par son adresse au tir pendant sa formation. V\u00e9t\u00e9ran de nombreux conflits et soldat hautement qualifi\u00e9, il \u00e9tait chef d&rsquo;\u00e9quipe ODST pendant la bataille pour la&hellip;<\/p>\n","protected":false},"featured_media":7747,"comment_status":"open","ping_status":"closed","template":"","meta":[],"product_brand":[119],"product_cat":[395],"product_tag":[],"class_list":{"0":"post-7744","1":"product","2":"type-product","3":"status-publish","4":"has-post-thumbnail","6":"product_brand-halo-flashpoint","7":"product_cat-halo-flashpoint-jeux-de-figurines","9":"first","10":"instock","11":"sale","12":"taxable","13":"shipping-taxable","14":"purchasable","15":"product-type-simple"},"yoast_head":"<!-- This site is optimized with the Yoast SEO plugin v26.4 - https:\/\/yoast.com\/wordpress\/plugins\/seo\/ -->\n<title>HALO FLASHPOINT - BUCK AND DARE - Coccigames<\/title>\n<meta name=\"robots\" content=\"index, follow, max-snippet:-1, max-image-preview:large, max-video-preview:-1\" \/>\n<link rel=\"canonical\" href=\"https:\/\/www.coccigames.com\/index.php\/produit\/halo-flashpoint-buck-and-dare\/\" \/>\n<meta property=\"og:locale\" content=\"fr_FR\" \/>\n<meta property=\"og:type\" content=\"article\" \/>\n<meta property=\"og:title\" content=\"HALO FLASHPOINT - BUCK AND DARE - Coccigames\" \/>\n<meta property=\"og:description\" content=\"Edward Buck s&rsquo;est enr\u00f4l\u00e9 dans le Corps des Marines de l&rsquo;UNSC \u00e0 l&rsquo;\u00e2ge de dix-huit ans et s&rsquo;est distingu\u00e9 par son adresse au tir pendant sa formation. V\u00e9t\u00e9ran de nombreux conflits et soldat hautement qualifi\u00e9, il \u00e9tait chef d&rsquo;\u00e9quipe ODST pendant la bataille pour la&hellip;\" \/>\n<meta property=\"og:url\" content=\"https:\/\/www.coccigames.com\/index.php\/produit\/halo-flashpoint-buck-and-dare\/\" \/>\n<meta property=\"og:site_name\" content=\"Coccigames\" \/>\n<meta property=\"article:modified_time\" content=\"2026-04-09T07:47:07+00:00\" \/>\n<meta property=\"og:image\" content=\"https:\/\/www.coccigames.com\/wp-content\/uploads\/2025\/11\/buck-and-dare-retail-box-mockup.webp\" \/>\n\t<meta property=\"og:image:width\" content=\"1000\" \/>\n\t<meta property=\"og:image:height\" content=\"1000\" \/>\n\t<meta property=\"og:image:type\" content=\"image\/webp\" \/>\n<meta name=\"twitter:card\" content=\"summary_large_image\" \/>\n<meta name=\"twitter:label1\" content=\"Dur\u00e9e de lecture estim\u00e9e\" \/>\n\t<meta name=\"twitter:data1\" content=\"2 minutes\" \/>\n<script type=\"application\/ld+json\" class=\"yoast-schema-graph\">{\"@context\":\"https:\/\/schema.org\",\"@graph\":[{\"@type\":\"WebPage\",\"@id\":\"https:\/\/www.coccigames.com\/index.php\/produit\/halo-flashpoint-buck-and-dare\/\",\"url\":\"https:\/\/www.coccigames.com\/index.php\/produit\/halo-flashpoint-buck-and-dare\/\",\"name\":\"HALO FLASHPOINT - BUCK AND DARE - Coccigames\",\"isPartOf\":{\"@id\":\"https:\/\/www.coccigames.com\/#website\"},\"primaryImageOfPage\":{\"@id\":\"https:\/\/www.coccigames.com\/index.php\/produit\/halo-flashpoint-buck-and-dare\/#primaryimage\"},\"image\":{\"@id\":\"https:\/\/www.coccigames.com\/index.php\/produit\/halo-flashpoint-buck-and-dare\/#primaryimage\"},\"thumbnailUrl\":\"https:\/\/www.coccigames.com\/wp-content\/uploads\/2025\/11\/buck-and-dare-retail-box-mockup.webp\",\"datePublished\":\"2025-11-26T17:59:30+00:00\",\"dateModified\":\"2026-04-09T07:47:07+00:00\",\"breadcrumb\":{\"@id\":\"https:\/\/www.coccigames.com\/index.php\/produit\/halo-flashpoint-buck-and-dare\/#breadcrumb\"},\"inLanguage\":\"fr-FR\",\"potentialAction\":[{\"@type\":\"ReadAction\",\"target\":[\"https:\/\/www.coccigames.com\/index.php\/produit\/halo-flashpoint-buck-and-dare\/\"]}]},{\"@type\":\"ImageObject\",\"inLanguage\":\"fr-FR\",\"@id\":\"https:\/\/www.coccigames.com\/index.php\/produit\/halo-flashpoint-buck-and-dare\/#primaryimage\",\"url\":\"https:\/\/www.coccigames.com\/wp-content\/uploads\/2025\/11\/buck-and-dare-retail-box-mockup.webp\",\"contentUrl\":\"https:\/\/www.coccigames.com\/wp-content\/uploads\/2025\/11\/buck-and-dare-retail-box-mockup.webp\",\"width\":1000,\"height\":1000},{\"@type\":\"BreadcrumbList\",\"@id\":\"https:\/\/www.coccigames.com\/index.php\/produit\/halo-flashpoint-buck-and-dare\/#breadcrumb\",\"itemListElement\":[{\"@type\":\"ListItem\",\"position\":1,\"name\":\"Accueil\",\"item\":\"https:\/\/www.coccigames.com\/\"},{\"@type\":\"ListItem\",\"position\":2,\"name\":\"Boutique\",\"item\":\"https:\/\/www.coccigames.com\/index.php\/boutique\/\"},{\"@type\":\"ListItem\",\"position\":3,\"name\":\"HALO FLASHPOINT &#8211; BUCK AND DARE\"}]},{\"@type\":\"WebSite\",\"@id\":\"https:\/\/www.coccigames.com\/#website\",\"url\":\"https:\/\/www.coccigames.com\/\",\"name\":\"Coccigames - Figurines et Peintures\",\"description\":\"Figurines et Peintures\",\"publisher\":{\"@id\":\"https:\/\/www.coccigames.com\/#organization\"},\"potentialAction\":[{\"@type\":\"SearchAction\",\"target\":{\"@type\":\"EntryPoint\",\"urlTemplate\":\"https:\/\/www.coccigames.com\/?s={search_term_string}\"},\"query-input\":{\"@type\":\"PropertyValueSpecification\",\"valueRequired\":true,\"valueName\":\"search_term_string\"}}],\"inLanguage\":\"fr-FR\"},{\"@type\":\"Organization\",\"@id\":\"https:\/\/www.coccigames.com\/#organization\",\"name\":\"Coccigames\",\"url\":\"https:\/\/www.coccigames.com\/\",\"logo\":{\"@type\":\"ImageObject\",\"inLanguage\":\"fr-FR\",\"@id\":\"https:\/\/www.coccigames.com\/#\/schema\/logo\/image\/\",\"url\":\"https:\/\/www.coccigames.com\/wp-content\/uploads\/2025\/12\/coccigames_logo_v5.png\",\"contentUrl\":\"https:\/\/www.coccigames.com\/wp-content\/uploads\/2025\/12\/coccigames_logo_v5.png\",\"width\":1768,\"height\":424,\"caption\":\"Coccigames\"},\"image\":{\"@id\":\"https:\/\/www.coccigames.com\/#\/schema\/logo\/image\/\"}}]}<\/script>\n<!-- \/ Yoast SEO plugin. -->","yoast_head_json":{"title":"HALO FLASHPOINT - BUCK AND DARE - Coccigames","robots":{"index":"index","follow":"follow","max-snippet":"max-snippet:-1","max-image-preview":"max-image-preview:large","max-video-preview":"max-video-preview:-1"},"canonical":"https:\/\/www.coccigames.com\/index.php\/produit\/halo-flashpoint-buck-and-dare\/","og_locale":"fr_FR","og_type":"article","og_title":"HALO FLASHPOINT - BUCK AND DARE - Coccigames","og_description":"Edward Buck s&rsquo;est enr\u00f4l\u00e9 dans le Corps des Marines de l&rsquo;UNSC \u00e0 l&rsquo;\u00e2ge de dix-huit ans et s&rsquo;est distingu\u00e9 par son adresse au tir pendant sa formation. V\u00e9t\u00e9ran de nombreux conflits et soldat hautement qualifi\u00e9, il \u00e9tait chef d&rsquo;\u00e9quipe ODST pendant la bataille pour la&hellip;","og_url":"https:\/\/www.coccigames.com\/index.php\/produit\/halo-flashpoint-buck-and-dare\/","og_site_name":"Coccigames","article_modified_time":"2026-04-09T07:47:07+00:00","og_image":[{"width":1000,"height":1000,"url":"https:\/\/www.coccigames.com\/wp-content\/uploads\/2025\/11\/buck-and-dare-retail-box-mockup.webp","type":"image\/webp"}],"twitter_card":"summary_large_image","twitter_misc":{"Dur\u00e9e de lecture estim\u00e9e":"2 minutes"},"schema":{"@context":"https:\/\/schema.org","@graph":[{"@type":"WebPage","@id":"https:\/\/www.coccigames.com\/index.php\/produit\/halo-flashpoint-buck-and-dare\/","url":"https:\/\/www.coccigames.com\/index.php\/produit\/halo-flashpoint-buck-and-dare\/","name":"HALO FLASHPOINT - BUCK AND DARE - Coccigames","isPartOf":{"@id":"https:\/\/www.coccigames.com\/#website"},"primaryImageOfPage":{"@id":"https:\/\/www.coccigames.com\/index.php\/produit\/halo-flashpoint-buck-and-dare\/#primaryimage"},"image":{"@id":"https:\/\/www.coccigames.com\/index.php\/produit\/halo-flashpoint-buck-and-dare\/#primaryimage"},"thumbnailUrl":"https:\/\/www.coccigames.com\/wp-content\/uploads\/2025\/11\/buck-and-dare-retail-box-mockup.webp","datePublished":"2025-11-26T17:59:30+00:00","dateModified":"2026-04-09T07:47:07+00:00","breadcrumb":{"@id":"https:\/\/www.coccigames.com\/index.php\/produit\/halo-flashpoint-buck-and-dare\/#breadcrumb"},"inLanguage":"fr-FR","potentialAction":[{"@type":"ReadAction","target":["https:\/\/www.coccigames.com\/index.php\/produit\/halo-flashpoint-buck-and-dare\/"]}]},{"@type":"ImageObject","inLanguage":"fr-FR","@id":"https:\/\/www.coccigames.com\/index.php\/produit\/halo-flashpoint-buck-and-dare\/#primaryimage","url":"https:\/\/www.coccigames.com\/wp-content\/uploads\/2025\/11\/buck-and-dare-retail-box-mockup.webp","contentUrl":"https:\/\/www.coccigames.com\/wp-content\/uploads\/2025\/11\/buck-and-dare-retail-box-mockup.webp","width":1000,"height":1000},{"@type":"BreadcrumbList","@id":"https:\/\/www.coccigames.com\/index.php\/produit\/halo-flashpoint-buck-and-dare\/#breadcrumb","itemListElement":[{"@type":"ListItem","position":1,"name":"Accueil","item":"https:\/\/www.coccigames.com\/"},{"@type":"ListItem","position":2,"name":"Boutique","item":"https:\/\/www.coccigames.com\/index.php\/boutique\/"},{"@type":"ListItem","position":3,"name":"HALO FLASHPOINT &#8211; BUCK AND DARE"}]},{"@type":"WebSite","@id":"https:\/\/www.coccigames.com\/#website","url":"https:\/\/www.coccigames.com\/","name":"Coccigames - Figurines et Peintures","description":"Figurines et Peintures","publisher":{"@id":"https:\/\/www.coccigames.com\/#organization"},"potentialAction":[{"@type":"SearchAction","target":{"@type":"EntryPoint","urlTemplate":"https:\/\/www.coccigames.com\/?s={search_term_string}"},"query-input":{"@type":"PropertyValueSpecification","valueRequired":true,"valueName":"search_term_string"}}],"inLanguage":"fr-FR"},{"@type":"Organization","@id":"https:\/\/www.coccigames.com\/#organization","name":"Coccigames","url":"https:\/\/www.coccigames.com\/","logo":{"@type":"ImageObject","inLanguage":"fr-FR","@id":"https:\/\/www.coccigames.com\/#\/schema\/logo\/image\/","url":"https:\/\/www.coccigames.com\/wp-content\/uploads\/2025\/12\/coccigames_logo_v5.png","contentUrl":"https:\/\/www.coccigames.com\/wp-content\/uploads\/2025\/12\/coccigames_logo_v5.png","width":1768,"height":424,"caption":"Coccigames"},"image":{"@id":"https:\/\/www.coccigames.com\/#\/schema\/logo\/image\/"}}]}},"_links":{"self":[{"href":"https:\/\/www.coccigames.com\/index.php\/wp-json\/wp\/v2\/product\/7744","targetHints":{"allow":["GET"]}}],"collection":[{"href":"https:\/\/www.coccigames.com\/index.php\/wp-json\/wp\/v2\/product"}],"about":[{"href":"https:\/\/www.coccigames.com\/index.php\/wp-json\/wp\/v2\/types\/product"}],"replies":[{"embeddable":true,"href":"https:\/\/www.coccigames.com\/index.php\/wp-json\/wp\/v2\/comments?post=7744"}],"wp:featuredmedia":[{"embeddable":true,"href":"https:\/\/www.coccigames.com\/index.php\/wp-json\/wp\/v2\/media\/7747"}],"wp:attachment":[{"href":"https:\/\/www.coccigames.com\/index.php\/wp-json\/wp\/v2\/media?parent=7744"}],"wp:term":[{"taxonomy":"product_brand","embeddable":true,"href":"https:\/\/www.coccigames.com\/index.php\/wp-json\/wp\/v2\/product_brand?post=7744"},{"taxonomy":"product_cat","embeddable":true,"href":"https:\/\/www.coccigames.com\/index.php\/wp-json\/wp\/v2\/product_cat?post=7744"},{"taxonomy":"product_tag","embeddable":true,"href":"https:\/\/www.coccigames.com\/index.php\/wp-json\/wp\/v2\/product_tag?post=7744"}],"curies":[{"name":"wp","href":"https:\/\/api.w.org\/{rel}","templated":true}]}}