{"id":7196,"date":"2025-11-21T16:54:56","date_gmt":"2025-11-21T15:54:56","guid":{"rendered":"https:\/\/www.coccigames.com\/index.php\/produit\/white-scars-suboden-khan\/"},"modified":"2026-04-06T09:26:32","modified_gmt":"2026-04-06T07:26:32","slug":"white-scars-suboden-khan","status":"publish","type":"product","link":"https:\/\/www.coccigames.com\/index.php\/produit\/white-scars-suboden-khan\/","title":{"rendered":"WHITE SCARS: SUBODEN KHAN"},"content":{"rendered":"<p>Suboden Khan est un authentique fils de Chogoris qui dirige la Premi\u00e8re Confr\u00e9rie des White Scars, mont\u00e9 sur Tonnerre, sa moto antigrav. Ma\u00eetre du combat en selle, il m\u00e8ne ses forces dans des chasses \u00e9piques et des pouss\u00e9es fulgurantes, en allant percuter les lignes ennemies et faucher implacablement les adversaires mis en fuite.  Ce kit en plastique permet d&rsquo;assembler Suboden Khan, un meneur agressif pour vos arm\u00e9es de Space Marines White Scars dans les parties de Warhammer 40,000. Aucune proie ne peut lui \u00e9chapper lorsqu&rsquo;il m\u00e8ne la traque perch\u00e9 sur sa moto antigrav personnelle avant de lui d\u00e9livrer le coup fatal avec sa lance de chasse, Dent d&rsquo;Orage. Cette figurine regorge de d\u00e9tails, incluant les t\u00eates prises \u00e0 de pr\u00e9c\u00e9dentes victimes, et une cape gonfl\u00e9e par le vent. Suboden peut \u00eatre assembl\u00e9 en choisissant entre deux t\u00eates, nue ou casqu\u00e9e, ce qui offre \u00e0 votre Khan un certain degr\u00e9 de personnalisation.  Ce kit est compos\u00e9 de 44 \u00e9l\u00e9ments en plastique et de 1x Socle Ovale Citadel de 90mm x 52,5mm. Cette figurine est fournie non peinte et n\u00e9cessite assemblage \u2013 nous recommandons d&#8217;employer la Colle Plastique Citadel et la peinture Citadel Colour.  Les r\u00e8gles pour utiliser cette figurine dans vos parties de Warhammer 40,000 sont t\u00e9l\u00e9chargeables gratuitement sur le site Warhammer Community.<\/p>\n","protected":false},"excerpt":{"rendered":"<p>Chasseurs f\u00e9roces, ces Space Marines se sp\u00e9cialisent dans les tactiques d&rsquo;attaque \u00e9clair. <\/p>\n","protected":false},"featured_media":7197,"comment_status":"open","ping_status":"closed","template":"","meta":[],"product_brand":[23],"product_cat":[375],"product_tag":[52,98],"class_list":{"0":"post-7196","1":"product","2":"type-product","3":"status-publish","4":"has-post-thumbnail","6":"product_brand-games-workshop","7":"product_cat-white-scars","8":"product_tag-space-marines","9":"product_tag-white-scars","11":"first","12":"outofstock","13":"sale","14":"taxable","15":"shipping-taxable","16":"purchasable","17":"product-type-simple"},"yoast_head":"<!-- This site is optimized with the Yoast SEO plugin v26.4 - https:\/\/yoast.com\/wordpress\/plugins\/seo\/ -->\n<title>WHITE SCARS: SUBODEN KHAN - Coccigames<\/title>\n<meta name=\"robots\" content=\"index, follow, max-snippet:-1, max-image-preview:large, max-video-preview:-1\" \/>\n<link rel=\"canonical\" href=\"https:\/\/www.coccigames.com\/index.php\/produit\/white-scars-suboden-khan\/\" \/>\n<meta property=\"og:locale\" content=\"fr_FR\" \/>\n<meta property=\"og:type\" content=\"article\" \/>\n<meta property=\"og:title\" content=\"WHITE SCARS: SUBODEN KHAN - Coccigames\" \/>\n<meta property=\"og:description\" content=\"Chasseurs f\u00e9roces, ces Space Marines se sp\u00e9cialisent dans les tactiques d&#039;attaque \u00e9clair.\" \/>\n<meta property=\"og:url\" content=\"https:\/\/www.coccigames.com\/index.php\/produit\/white-scars-suboden-khan\/\" \/>\n<meta property=\"og:site_name\" content=\"Coccigames\" \/>\n<meta property=\"article:modified_time\" content=\"2026-04-06T07:26:32+00:00\" \/>\n<meta property=\"og:image\" content=\"https:\/\/www.coccigames.com\/wp-content\/uploads\/2025\/11\/https___trade.games-workshop.com_assets_2025_11_99120101448_SPACEMARINESWhiteScarsSubodenKhan05.jpg\" \/>\n\t<meta property=\"og:image:width\" content=\"1840\" \/>\n\t<meta property=\"og:image:height\" content=\"1900\" \/>\n\t<meta property=\"og:image:type\" content=\"image\/jpeg\" \/>\n<meta name=\"twitter:card\" content=\"summary_large_image\" \/>\n<meta name=\"twitter:label1\" content=\"Dur\u00e9e de lecture estim\u00e9e\" \/>\n\t<meta name=\"twitter:data1\" content=\"1 minute\" \/>\n<script type=\"application\/ld+json\" class=\"yoast-schema-graph\">{\"@context\":\"https:\/\/schema.org\",\"@graph\":[{\"@type\":\"WebPage\",\"@id\":\"https:\/\/www.coccigames.com\/index.php\/produit\/white-scars-suboden-khan\/\",\"url\":\"https:\/\/www.coccigames.com\/index.php\/produit\/white-scars-suboden-khan\/\",\"name\":\"WHITE SCARS: SUBODEN KHAN - Coccigames\",\"isPartOf\":{\"@id\":\"https:\/\/www.coccigames.com\/#website\"},\"primaryImageOfPage\":{\"@id\":\"https:\/\/www.coccigames.com\/index.php\/produit\/white-scars-suboden-khan\/#primaryimage\"},\"image\":{\"@id\":\"https:\/\/www.coccigames.com\/index.php\/produit\/white-scars-suboden-khan\/#primaryimage\"},\"thumbnailUrl\":\"https:\/\/www.coccigames.com\/wp-content\/uploads\/2025\/11\/https___trade.games-workshop.com_assets_2025_11_99120101448_SPACEMARINESWhiteScarsSubodenKhan05.jpg\",\"datePublished\":\"2025-11-21T15:54:56+00:00\",\"dateModified\":\"2026-04-06T07:26:32+00:00\",\"breadcrumb\":{\"@id\":\"https:\/\/www.coccigames.com\/index.php\/produit\/white-scars-suboden-khan\/#breadcrumb\"},\"inLanguage\":\"fr-FR\",\"potentialAction\":[{\"@type\":\"ReadAction\",\"target\":[\"https:\/\/www.coccigames.com\/index.php\/produit\/white-scars-suboden-khan\/\"]}]},{\"@type\":\"ImageObject\",\"inLanguage\":\"fr-FR\",\"@id\":\"https:\/\/www.coccigames.com\/index.php\/produit\/white-scars-suboden-khan\/#primaryimage\",\"url\":\"https:\/\/www.coccigames.com\/wp-content\/uploads\/2025\/11\/https___trade.games-workshop.com_assets_2025_11_99120101448_SPACEMARINESWhiteScarsSubodenKhan05.jpg\",\"contentUrl\":\"https:\/\/www.coccigames.com\/wp-content\/uploads\/2025\/11\/https___trade.games-workshop.com_assets_2025_11_99120101448_SPACEMARINESWhiteScarsSubodenKhan05.jpg\",\"width\":1840,\"height\":1900},{\"@type\":\"BreadcrumbList\",\"@id\":\"https:\/\/www.coccigames.com\/index.php\/produit\/white-scars-suboden-khan\/#breadcrumb\",\"itemListElement\":[{\"@type\":\"ListItem\",\"position\":1,\"name\":\"Accueil\",\"item\":\"https:\/\/www.coccigames.com\/\"},{\"@type\":\"ListItem\",\"position\":2,\"name\":\"Boutique\",\"item\":\"https:\/\/www.coccigames.com\/index.php\/boutique\/\"},{\"@type\":\"ListItem\",\"position\":3,\"name\":\"WHITE SCARS: SUBODEN KHAN\"}]},{\"@type\":\"WebSite\",\"@id\":\"https:\/\/www.coccigames.com\/#website\",\"url\":\"https:\/\/www.coccigames.com\/\",\"name\":\"Coccigames - Figurines et Peintures\",\"description\":\"Figurines et Peintures\",\"publisher\":{\"@id\":\"https:\/\/www.coccigames.com\/#organization\"},\"potentialAction\":[{\"@type\":\"SearchAction\",\"target\":{\"@type\":\"EntryPoint\",\"urlTemplate\":\"https:\/\/www.coccigames.com\/?s={search_term_string}\"},\"query-input\":{\"@type\":\"PropertyValueSpecification\",\"valueRequired\":true,\"valueName\":\"search_term_string\"}}],\"inLanguage\":\"fr-FR\"},{\"@type\":\"Organization\",\"@id\":\"https:\/\/www.coccigames.com\/#organization\",\"name\":\"Coccigames\",\"url\":\"https:\/\/www.coccigames.com\/\",\"logo\":{\"@type\":\"ImageObject\",\"inLanguage\":\"fr-FR\",\"@id\":\"https:\/\/www.coccigames.com\/#\/schema\/logo\/image\/\",\"url\":\"https:\/\/www.coccigames.com\/wp-content\/uploads\/2025\/12\/coccigames_logo_v5.png\",\"contentUrl\":\"https:\/\/www.coccigames.com\/wp-content\/uploads\/2025\/12\/coccigames_logo_v5.png\",\"width\":1768,\"height\":424,\"caption\":\"Coccigames\"},\"image\":{\"@id\":\"https:\/\/www.coccigames.com\/#\/schema\/logo\/image\/\"}}]}<\/script>\n<!-- \/ Yoast SEO plugin. -->","yoast_head_json":{"title":"WHITE SCARS: SUBODEN KHAN - Coccigames","robots":{"index":"index","follow":"follow","max-snippet":"max-snippet:-1","max-image-preview":"max-image-preview:large","max-video-preview":"max-video-preview:-1"},"canonical":"https:\/\/www.coccigames.com\/index.php\/produit\/white-scars-suboden-khan\/","og_locale":"fr_FR","og_type":"article","og_title":"WHITE SCARS: SUBODEN KHAN - Coccigames","og_description":"Chasseurs f\u00e9roces, ces Space Marines se sp\u00e9cialisent dans les tactiques d'attaque \u00e9clair.","og_url":"https:\/\/www.coccigames.com\/index.php\/produit\/white-scars-suboden-khan\/","og_site_name":"Coccigames","article_modified_time":"2026-04-06T07:26:32+00:00","og_image":[{"width":1840,"height":1900,"url":"https:\/\/www.coccigames.com\/wp-content\/uploads\/2025\/11\/https___trade.games-workshop.com_assets_2025_11_99120101448_SPACEMARINESWhiteScarsSubodenKhan05.jpg","type":"image\/jpeg"}],"twitter_card":"summary_large_image","twitter_misc":{"Dur\u00e9e de lecture estim\u00e9e":"1 minute"},"schema":{"@context":"https:\/\/schema.org","@graph":[{"@type":"WebPage","@id":"https:\/\/www.coccigames.com\/index.php\/produit\/white-scars-suboden-khan\/","url":"https:\/\/www.coccigames.com\/index.php\/produit\/white-scars-suboden-khan\/","name":"WHITE SCARS: SUBODEN KHAN - Coccigames","isPartOf":{"@id":"https:\/\/www.coccigames.com\/#website"},"primaryImageOfPage":{"@id":"https:\/\/www.coccigames.com\/index.php\/produit\/white-scars-suboden-khan\/#primaryimage"},"image":{"@id":"https:\/\/www.coccigames.com\/index.php\/produit\/white-scars-suboden-khan\/#primaryimage"},"thumbnailUrl":"https:\/\/www.coccigames.com\/wp-content\/uploads\/2025\/11\/https___trade.games-workshop.com_assets_2025_11_99120101448_SPACEMARINESWhiteScarsSubodenKhan05.jpg","datePublished":"2025-11-21T15:54:56+00:00","dateModified":"2026-04-06T07:26:32+00:00","breadcrumb":{"@id":"https:\/\/www.coccigames.com\/index.php\/produit\/white-scars-suboden-khan\/#breadcrumb"},"inLanguage":"fr-FR","potentialAction":[{"@type":"ReadAction","target":["https:\/\/www.coccigames.com\/index.php\/produit\/white-scars-suboden-khan\/"]}]},{"@type":"ImageObject","inLanguage":"fr-FR","@id":"https:\/\/www.coccigames.com\/index.php\/produit\/white-scars-suboden-khan\/#primaryimage","url":"https:\/\/www.coccigames.com\/wp-content\/uploads\/2025\/11\/https___trade.games-workshop.com_assets_2025_11_99120101448_SPACEMARINESWhiteScarsSubodenKhan05.jpg","contentUrl":"https:\/\/www.coccigames.com\/wp-content\/uploads\/2025\/11\/https___trade.games-workshop.com_assets_2025_11_99120101448_SPACEMARINESWhiteScarsSubodenKhan05.jpg","width":1840,"height":1900},{"@type":"BreadcrumbList","@id":"https:\/\/www.coccigames.com\/index.php\/produit\/white-scars-suboden-khan\/#breadcrumb","itemListElement":[{"@type":"ListItem","position":1,"name":"Accueil","item":"https:\/\/www.coccigames.com\/"},{"@type":"ListItem","position":2,"name":"Boutique","item":"https:\/\/www.coccigames.com\/index.php\/boutique\/"},{"@type":"ListItem","position":3,"name":"WHITE SCARS: SUBODEN KHAN"}]},{"@type":"WebSite","@id":"https:\/\/www.coccigames.com\/#website","url":"https:\/\/www.coccigames.com\/","name":"Coccigames - Figurines et Peintures","description":"Figurines et Peintures","publisher":{"@id":"https:\/\/www.coccigames.com\/#organization"},"potentialAction":[{"@type":"SearchAction","target":{"@type":"EntryPoint","urlTemplate":"https:\/\/www.coccigames.com\/?s={search_term_string}"},"query-input":{"@type":"PropertyValueSpecification","valueRequired":true,"valueName":"search_term_string"}}],"inLanguage":"fr-FR"},{"@type":"Organization","@id":"https:\/\/www.coccigames.com\/#organization","name":"Coccigames","url":"https:\/\/www.coccigames.com\/","logo":{"@type":"ImageObject","inLanguage":"fr-FR","@id":"https:\/\/www.coccigames.com\/#\/schema\/logo\/image\/","url":"https:\/\/www.coccigames.com\/wp-content\/uploads\/2025\/12\/coccigames_logo_v5.png","contentUrl":"https:\/\/www.coccigames.com\/wp-content\/uploads\/2025\/12\/coccigames_logo_v5.png","width":1768,"height":424,"caption":"Coccigames"},"image":{"@id":"https:\/\/www.coccigames.com\/#\/schema\/logo\/image\/"}}]}},"_links":{"self":[{"href":"https:\/\/www.coccigames.com\/index.php\/wp-json\/wp\/v2\/product\/7196","targetHints":{"allow":["GET"]}}],"collection":[{"href":"https:\/\/www.coccigames.com\/index.php\/wp-json\/wp\/v2\/product"}],"about":[{"href":"https:\/\/www.coccigames.com\/index.php\/wp-json\/wp\/v2\/types\/product"}],"replies":[{"embeddable":true,"href":"https:\/\/www.coccigames.com\/index.php\/wp-json\/wp\/v2\/comments?post=7196"}],"wp:featuredmedia":[{"embeddable":true,"href":"https:\/\/www.coccigames.com\/index.php\/wp-json\/wp\/v2\/media\/7197"}],"wp:attachment":[{"href":"https:\/\/www.coccigames.com\/index.php\/wp-json\/wp\/v2\/media?parent=7196"}],"wp:term":[{"taxonomy":"product_brand","embeddable":true,"href":"https:\/\/www.coccigames.com\/index.php\/wp-json\/wp\/v2\/product_brand?post=7196"},{"taxonomy":"product_cat","embeddable":true,"href":"https:\/\/www.coccigames.com\/index.php\/wp-json\/wp\/v2\/product_cat?post=7196"},{"taxonomy":"product_tag","embeddable":true,"href":"https:\/\/www.coccigames.com\/index.php\/wp-json\/wp\/v2\/product_tag?post=7196"}],"curies":[{"name":"wp","href":"https:\/\/api.w.org\/{rel}","templated":true}]}}