{"id":7193,"date":"2025-11-21T16:54:54","date_gmt":"2025-11-21T15:54:54","guid":{"rendered":"https:\/\/www.coccigames.com\/index.php\/produit\/space-marinesdoyen-en-armure-terminator\/"},"modified":"2026-04-06T09:26:32","modified_gmt":"2026-04-06T07:26:32","slug":"space-marinesdoyen-en-armure-terminator","status":"publish","type":"product","link":"https:\/\/www.coccigames.com\/index.php\/produit\/space-marinesdoyen-en-armure-terminator\/","title":{"rendered":"SPACE MARINES:DOYEN EN ARMURE TERMINATOR"},"content":{"rendered":"<p>Les Doyens en Armure Terminator se voient confier la t\u00e2che cruciale de brandir les banni\u00e8res sacr\u00e9es des Space Marines. Celles-ci sont des symboles de la puissance du Chapitre, dont les guerriers donneront volontiers leur vie pour les pr\u00e9server. Cela fait des Doyens des cibles privil\u00e9gi\u00e9es, mais leur armure Terminator les rend quasi insensibles aux tirs ennemis, afin que leur \u00e9tendard flotte toujours fi\u00e8rement au vent.  Ce kit en plastique permet d&rsquo;assembler un Doyen en Armure Terminator, un v\u00e9t\u00e9ran qui sera source d&rsquo;inspiration pour vos arm\u00e9es de Space Marines dans les parties de Warhammer 40,000. Brandissant bien haut une Banni\u00e8re Astartes, il assure par sa pr\u00e9sence que les guerriers proches se battent d&rsquo;autant plus farouchement pour la gloire du Chapitre. Le Doyen est arm\u00e9 d&rsquo;un bolter Storm pour accro\u00eetre la puissance de feu de vos forces, et d&rsquo;un gantelet \u00e9nerg\u00e9tique pour arr\u00eater les ennemis qui s&rsquo;approcheraient trop de son \u00e9tendard. Ce kit inclut quatre t\u00eates, deux bras droits, et deux sommets de banni\u00e8re entre lesquels choisir, ce qui rend facile de personnaliser votre Doyen.<\/p>\n","protected":false},"excerpt":{"rendered":"<p>Les Doyens en Armure Terminator se voient confier la t\u00e2che cruciale de brandir les banni\u00e8res sacr\u00e9es des Space Marines. Celles-ci sont des symboles de la puissance du Chapitre, dont les guerriers donneront volontiers leur vie pour les pr\u00e9server. Cela fait des Doyens des cibles privil\u00e9gi\u00e9es,&hellip;<\/p>\n","protected":false},"featured_media":7674,"comment_status":"open","ping_status":"closed","template":"","meta":[],"product_brand":[23],"product_cat":[363],"product_tag":[52],"class_list":{"0":"post-7193","1":"product","2":"type-product","3":"status-publish","4":"has-post-thumbnail","6":"product_brand-games-workshop","7":"product_cat-space-marines-warhammer-40000","8":"product_tag-space-marines","10":"first","11":"instock","12":"sale","13":"taxable","14":"shipping-taxable","15":"purchasable","16":"product-type-simple"},"yoast_head":"<!-- This site is optimized with the Yoast SEO plugin v26.4 - https:\/\/yoast.com\/wordpress\/plugins\/seo\/ -->\n<title>SPACE MARINES:DOYEN EN ARMURE TERMINATOR - Coccigames<\/title>\n<meta name=\"robots\" content=\"index, follow, max-snippet:-1, max-image-preview:large, max-video-preview:-1\" \/>\n<link rel=\"canonical\" href=\"https:\/\/www.coccigames.com\/index.php\/produit\/space-marinesdoyen-en-armure-terminator\/\" \/>\n<meta property=\"og:locale\" content=\"fr_FR\" \/>\n<meta property=\"og:type\" content=\"article\" \/>\n<meta property=\"og:title\" content=\"SPACE MARINES:DOYEN EN ARMURE TERMINATOR - Coccigames\" \/>\n<meta property=\"og:description\" content=\"Les Doyens en Armure Terminator se voient confier la t\u00e2che cruciale de brandir les banni\u00e8res sacr\u00e9es des Space Marines. Celles-ci sont des symboles de la puissance du Chapitre, dont les guerriers donneront volontiers leur vie pour les pr\u00e9server. Cela fait des Doyens des cibles privil\u00e9gi\u00e9es,&hellip;\" \/>\n<meta property=\"og:url\" content=\"https:\/\/www.coccigames.com\/index.php\/produit\/space-marinesdoyen-en-armure-terminator\/\" \/>\n<meta property=\"og:site_name\" content=\"Coccigames\" \/>\n<meta property=\"article:modified_time\" content=\"2026-04-06T07:26:32+00:00\" \/>\n<meta property=\"og:image\" content=\"https:\/\/www.coccigames.com\/wp-content\/uploads\/2025\/11\/https___trade.games-workshop.com_assets_2025_11_99120101455_SPACEMARINESAncientInTerminatorArmour05.jpg\" \/>\n\t<meta property=\"og:image:width\" content=\"1840\" \/>\n\t<meta property=\"og:image:height\" content=\"1900\" \/>\n\t<meta property=\"og:image:type\" content=\"image\/jpeg\" \/>\n<meta name=\"twitter:card\" content=\"summary_large_image\" \/>\n<meta name=\"twitter:label1\" content=\"Dur\u00e9e de lecture estim\u00e9e\" \/>\n\t<meta name=\"twitter:data1\" content=\"1 minute\" \/>\n<script type=\"application\/ld+json\" class=\"yoast-schema-graph\">{\"@context\":\"https:\/\/schema.org\",\"@graph\":[{\"@type\":\"WebPage\",\"@id\":\"https:\/\/www.coccigames.com\/index.php\/produit\/space-marinesdoyen-en-armure-terminator\/\",\"url\":\"https:\/\/www.coccigames.com\/index.php\/produit\/space-marinesdoyen-en-armure-terminator\/\",\"name\":\"SPACE MARINES:DOYEN EN ARMURE TERMINATOR - Coccigames\",\"isPartOf\":{\"@id\":\"https:\/\/www.coccigames.com\/#website\"},\"primaryImageOfPage\":{\"@id\":\"https:\/\/www.coccigames.com\/index.php\/produit\/space-marinesdoyen-en-armure-terminator\/#primaryimage\"},\"image\":{\"@id\":\"https:\/\/www.coccigames.com\/index.php\/produit\/space-marinesdoyen-en-armure-terminator\/#primaryimage\"},\"thumbnailUrl\":\"https:\/\/www.coccigames.com\/wp-content\/uploads\/2025\/11\/https___trade.games-workshop.com_assets_2025_11_99120101455_SPACEMARINESAncientInTerminatorArmour05.jpg\",\"datePublished\":\"2025-11-21T15:54:54+00:00\",\"dateModified\":\"2026-04-06T07:26:32+00:00\",\"breadcrumb\":{\"@id\":\"https:\/\/www.coccigames.com\/index.php\/produit\/space-marinesdoyen-en-armure-terminator\/#breadcrumb\"},\"inLanguage\":\"fr-FR\",\"potentialAction\":[{\"@type\":\"ReadAction\",\"target\":[\"https:\/\/www.coccigames.com\/index.php\/produit\/space-marinesdoyen-en-armure-terminator\/\"]}]},{\"@type\":\"ImageObject\",\"inLanguage\":\"fr-FR\",\"@id\":\"https:\/\/www.coccigames.com\/index.php\/produit\/space-marinesdoyen-en-armure-terminator\/#primaryimage\",\"url\":\"https:\/\/www.coccigames.com\/wp-content\/uploads\/2025\/11\/https___trade.games-workshop.com_assets_2025_11_99120101455_SPACEMARINESAncientInTerminatorArmour05.jpg\",\"contentUrl\":\"https:\/\/www.coccigames.com\/wp-content\/uploads\/2025\/11\/https___trade.games-workshop.com_assets_2025_11_99120101455_SPACEMARINESAncientInTerminatorArmour05.jpg\",\"width\":1840,\"height\":1900},{\"@type\":\"BreadcrumbList\",\"@id\":\"https:\/\/www.coccigames.com\/index.php\/produit\/space-marinesdoyen-en-armure-terminator\/#breadcrumb\",\"itemListElement\":[{\"@type\":\"ListItem\",\"position\":1,\"name\":\"Accueil\",\"item\":\"https:\/\/www.coccigames.com\/\"},{\"@type\":\"ListItem\",\"position\":2,\"name\":\"Boutique\",\"item\":\"https:\/\/www.coccigames.com\/index.php\/boutique\/\"},{\"@type\":\"ListItem\",\"position\":3,\"name\":\"SPACE MARINES:DOYEN EN ARMURE TERMINATOR\"}]},{\"@type\":\"WebSite\",\"@id\":\"https:\/\/www.coccigames.com\/#website\",\"url\":\"https:\/\/www.coccigames.com\/\",\"name\":\"Coccigames - Figurines et Peintures\",\"description\":\"Figurines et Peintures\",\"publisher\":{\"@id\":\"https:\/\/www.coccigames.com\/#organization\"},\"potentialAction\":[{\"@type\":\"SearchAction\",\"target\":{\"@type\":\"EntryPoint\",\"urlTemplate\":\"https:\/\/www.coccigames.com\/?s={search_term_string}\"},\"query-input\":{\"@type\":\"PropertyValueSpecification\",\"valueRequired\":true,\"valueName\":\"search_term_string\"}}],\"inLanguage\":\"fr-FR\"},{\"@type\":\"Organization\",\"@id\":\"https:\/\/www.coccigames.com\/#organization\",\"name\":\"Coccigames\",\"url\":\"https:\/\/www.coccigames.com\/\",\"logo\":{\"@type\":\"ImageObject\",\"inLanguage\":\"fr-FR\",\"@id\":\"https:\/\/www.coccigames.com\/#\/schema\/logo\/image\/\",\"url\":\"https:\/\/www.coccigames.com\/wp-content\/uploads\/2025\/12\/coccigames_logo_v5.png\",\"contentUrl\":\"https:\/\/www.coccigames.com\/wp-content\/uploads\/2025\/12\/coccigames_logo_v5.png\",\"width\":1768,\"height\":424,\"caption\":\"Coccigames\"},\"image\":{\"@id\":\"https:\/\/www.coccigames.com\/#\/schema\/logo\/image\/\"}}]}<\/script>\n<!-- \/ Yoast SEO plugin. -->","yoast_head_json":{"title":"SPACE MARINES:DOYEN EN ARMURE TERMINATOR - Coccigames","robots":{"index":"index","follow":"follow","max-snippet":"max-snippet:-1","max-image-preview":"max-image-preview:large","max-video-preview":"max-video-preview:-1"},"canonical":"https:\/\/www.coccigames.com\/index.php\/produit\/space-marinesdoyen-en-armure-terminator\/","og_locale":"fr_FR","og_type":"article","og_title":"SPACE MARINES:DOYEN EN ARMURE TERMINATOR - Coccigames","og_description":"Les Doyens en Armure Terminator se voient confier la t\u00e2che cruciale de brandir les banni\u00e8res sacr\u00e9es des Space Marines. Celles-ci sont des symboles de la puissance du Chapitre, dont les guerriers donneront volontiers leur vie pour les pr\u00e9server. Cela fait des Doyens des cibles privil\u00e9gi\u00e9es,&hellip;","og_url":"https:\/\/www.coccigames.com\/index.php\/produit\/space-marinesdoyen-en-armure-terminator\/","og_site_name":"Coccigames","article_modified_time":"2026-04-06T07:26:32+00:00","og_image":[{"width":1840,"height":1900,"url":"https:\/\/www.coccigames.com\/wp-content\/uploads\/2025\/11\/https___trade.games-workshop.com_assets_2025_11_99120101455_SPACEMARINESAncientInTerminatorArmour05.jpg","type":"image\/jpeg"}],"twitter_card":"summary_large_image","twitter_misc":{"Dur\u00e9e de lecture estim\u00e9e":"1 minute"},"schema":{"@context":"https:\/\/schema.org","@graph":[{"@type":"WebPage","@id":"https:\/\/www.coccigames.com\/index.php\/produit\/space-marinesdoyen-en-armure-terminator\/","url":"https:\/\/www.coccigames.com\/index.php\/produit\/space-marinesdoyen-en-armure-terminator\/","name":"SPACE MARINES:DOYEN EN ARMURE TERMINATOR - Coccigames","isPartOf":{"@id":"https:\/\/www.coccigames.com\/#website"},"primaryImageOfPage":{"@id":"https:\/\/www.coccigames.com\/index.php\/produit\/space-marinesdoyen-en-armure-terminator\/#primaryimage"},"image":{"@id":"https:\/\/www.coccigames.com\/index.php\/produit\/space-marinesdoyen-en-armure-terminator\/#primaryimage"},"thumbnailUrl":"https:\/\/www.coccigames.com\/wp-content\/uploads\/2025\/11\/https___trade.games-workshop.com_assets_2025_11_99120101455_SPACEMARINESAncientInTerminatorArmour05.jpg","datePublished":"2025-11-21T15:54:54+00:00","dateModified":"2026-04-06T07:26:32+00:00","breadcrumb":{"@id":"https:\/\/www.coccigames.com\/index.php\/produit\/space-marinesdoyen-en-armure-terminator\/#breadcrumb"},"inLanguage":"fr-FR","potentialAction":[{"@type":"ReadAction","target":["https:\/\/www.coccigames.com\/index.php\/produit\/space-marinesdoyen-en-armure-terminator\/"]}]},{"@type":"ImageObject","inLanguage":"fr-FR","@id":"https:\/\/www.coccigames.com\/index.php\/produit\/space-marinesdoyen-en-armure-terminator\/#primaryimage","url":"https:\/\/www.coccigames.com\/wp-content\/uploads\/2025\/11\/https___trade.games-workshop.com_assets_2025_11_99120101455_SPACEMARINESAncientInTerminatorArmour05.jpg","contentUrl":"https:\/\/www.coccigames.com\/wp-content\/uploads\/2025\/11\/https___trade.games-workshop.com_assets_2025_11_99120101455_SPACEMARINESAncientInTerminatorArmour05.jpg","width":1840,"height":1900},{"@type":"BreadcrumbList","@id":"https:\/\/www.coccigames.com\/index.php\/produit\/space-marinesdoyen-en-armure-terminator\/#breadcrumb","itemListElement":[{"@type":"ListItem","position":1,"name":"Accueil","item":"https:\/\/www.coccigames.com\/"},{"@type":"ListItem","position":2,"name":"Boutique","item":"https:\/\/www.coccigames.com\/index.php\/boutique\/"},{"@type":"ListItem","position":3,"name":"SPACE MARINES:DOYEN EN ARMURE TERMINATOR"}]},{"@type":"WebSite","@id":"https:\/\/www.coccigames.com\/#website","url":"https:\/\/www.coccigames.com\/","name":"Coccigames - Figurines et Peintures","description":"Figurines et Peintures","publisher":{"@id":"https:\/\/www.coccigames.com\/#organization"},"potentialAction":[{"@type":"SearchAction","target":{"@type":"EntryPoint","urlTemplate":"https:\/\/www.coccigames.com\/?s={search_term_string}"},"query-input":{"@type":"PropertyValueSpecification","valueRequired":true,"valueName":"search_term_string"}}],"inLanguage":"fr-FR"},{"@type":"Organization","@id":"https:\/\/www.coccigames.com\/#organization","name":"Coccigames","url":"https:\/\/www.coccigames.com\/","logo":{"@type":"ImageObject","inLanguage":"fr-FR","@id":"https:\/\/www.coccigames.com\/#\/schema\/logo\/image\/","url":"https:\/\/www.coccigames.com\/wp-content\/uploads\/2025\/12\/coccigames_logo_v5.png","contentUrl":"https:\/\/www.coccigames.com\/wp-content\/uploads\/2025\/12\/coccigames_logo_v5.png","width":1768,"height":424,"caption":"Coccigames"},"image":{"@id":"https:\/\/www.coccigames.com\/#\/schema\/logo\/image\/"}}]}},"_links":{"self":[{"href":"https:\/\/www.coccigames.com\/index.php\/wp-json\/wp\/v2\/product\/7193","targetHints":{"allow":["GET"]}}],"collection":[{"href":"https:\/\/www.coccigames.com\/index.php\/wp-json\/wp\/v2\/product"}],"about":[{"href":"https:\/\/www.coccigames.com\/index.php\/wp-json\/wp\/v2\/types\/product"}],"replies":[{"embeddable":true,"href":"https:\/\/www.coccigames.com\/index.php\/wp-json\/wp\/v2\/comments?post=7193"}],"wp:featuredmedia":[{"embeddable":true,"href":"https:\/\/www.coccigames.com\/index.php\/wp-json\/wp\/v2\/media\/7674"}],"wp:attachment":[{"href":"https:\/\/www.coccigames.com\/index.php\/wp-json\/wp\/v2\/media?parent=7193"}],"wp:term":[{"taxonomy":"product_brand","embeddable":true,"href":"https:\/\/www.coccigames.com\/index.php\/wp-json\/wp\/v2\/product_brand?post=7193"},{"taxonomy":"product_cat","embeddable":true,"href":"https:\/\/www.coccigames.com\/index.php\/wp-json\/wp\/v2\/product_cat?post=7193"},{"taxonomy":"product_tag","embeddable":true,"href":"https:\/\/www.coccigames.com\/index.php\/wp-json\/wp\/v2\/product_tag?post=7193"}],"curies":[{"name":"wp","href":"https:\/\/api.w.org\/{rel}","templated":true}]}}