{"id":7166,"date":"2025-11-20T21:39:58","date_gmt":"2025-11-20T20:39:58","guid":{"rendered":"https:\/\/www.coccigames.com\/index.php\/produit\/weaver-courts-scalie-dancers\/"},"modified":"2026-04-20T10:03:57","modified_gmt":"2026-04-20T08:03:57","slug":"weaver-courts-scalie-dancers","status":"publish","type":"product","link":"https:\/\/www.coccigames.com\/index.php\/produit\/weaver-courts-scalie-dancers\/","title":{"rendered":"WEAVER COURTS &#8211; SCAILE DANCERS"},"content":{"rendered":"<p>Parmi les innombrables formes de guerre et de violence que l&rsquo;on peut trouver \u00e0 la Cour d&rsquo;\u00e9t\u00e9, les Danseurs Scaile se distinguent comme les plus beaux&#8230; et les plus meurtriers. Leurs ailes iris\u00e9es, leurs yeux compos\u00e9s, leurs r\u00e9flexes surnaturels et leurs \u00e9p\u00e9es en forme de fouet se fondent dans un spectacle mortel d&rsquo;acrobaties, donnant l&rsquo;impression qu&rsquo;ils dansent parmi leurs ennemis plut\u00f4t que de se battre. La tra\u00een\u00e9e de ruines rouges qu&rsquo;ils laissent dans leur sillage d\u00e9ment cette illusion. Comment elles jouent : Agiles, belles et mortelles, les danseuses Scaile traversent les rangs de l&rsquo;infanterie l\u00e9g\u00e8re ennemie, semant le chaos sur leur passage. M\u00e9fiez-vous toutefois de la contre-attaque de l&rsquo;ennemi, car elles peuvent \u00eatre fragiles. \u00c0 moins que ce ne soit l&rsquo;\u00e9t\u00e9, auquel cas il vaut mieux s&rsquo;enfuir. Contenu : &#8211; 3 figurines de danseurs Scalie &#8211; 3 socles et bases de cavalerie &#8211; 1 carte de commandement &#8211; Instructions de montage<\/p>\n","protected":false},"excerpt":{"rendered":"<p>Parmi les innombrables formes de guerre et de violence que l&rsquo;on peut trouver \u00e0 la Cour d&rsquo;\u00e9t\u00e9, les Danseurs Scaile se distinguent comme les plus beaux&#8230; et les plus meurtriers. Leurs ailes iris\u00e9es, leurs yeux compos\u00e9s, leurs r\u00e9flexes surnaturels et leurs \u00e9p\u00e9es en forme de&hellip;<\/p>\n","protected":false},"featured_media":7188,"comment_status":"open","ping_status":"closed","template":"","meta":[],"product_brand":[230],"product_cat":[358],"product_tag":[241],"class_list":{"0":"post-7166","1":"product","2":"type-product","3":"status-publish","4":"has-post-thumbnail","6":"product_brand-para-bellum","7":"product_cat-weaver-courts","8":"product_tag-weaver-courts","10":"first","11":"onbackorder","12":"sale","13":"taxable","14":"shipping-taxable","15":"purchasable","16":"product-type-simple"},"yoast_head":"<!-- This site is optimized with the Yoast SEO plugin v26.4 - https:\/\/yoast.com\/wordpress\/plugins\/seo\/ -->\n<title>WEAVER COURTS - SCAILE DANCERS - Coccigames<\/title>\n<meta name=\"robots\" content=\"index, follow, max-snippet:-1, max-image-preview:large, max-video-preview:-1\" \/>\n<link rel=\"canonical\" href=\"https:\/\/www.coccigames.com\/index.php\/produit\/weaver-courts-scalie-dancers\/\" \/>\n<meta property=\"og:locale\" content=\"fr_FR\" \/>\n<meta property=\"og:type\" content=\"article\" \/>\n<meta property=\"og:title\" content=\"WEAVER COURTS - SCAILE DANCERS - Coccigames\" \/>\n<meta property=\"og:description\" content=\"Parmi les innombrables formes de guerre et de violence que l&rsquo;on peut trouver \u00e0 la Cour d&rsquo;\u00e9t\u00e9, les Danseurs Scaile se distinguent comme les plus beaux&#8230; et les plus meurtriers. Leurs ailes iris\u00e9es, leurs yeux compos\u00e9s, leurs r\u00e9flexes surnaturels et leurs \u00e9p\u00e9es en forme de&hellip;\" \/>\n<meta property=\"og:url\" content=\"https:\/\/www.coccigames.com\/index.php\/produit\/weaver-courts-scalie-dancers\/\" \/>\n<meta property=\"og:site_name\" content=\"Coccigames\" \/>\n<meta property=\"article:modified_time\" content=\"2026-04-20T08:03:57+00:00\" \/>\n<meta property=\"og:image\" content=\"https:\/\/www.coccigames.com\/wp-content\/uploads\/2025\/11\/Weaver_Courts_Scaile_Dancers_Models_D_Eshop-copy.jpg\" \/>\n\t<meta property=\"og:image:width\" content=\"1000\" \/>\n\t<meta property=\"og:image:height\" content=\"707\" \/>\n\t<meta property=\"og:image:type\" content=\"image\/jpeg\" \/>\n<meta name=\"twitter:card\" content=\"summary_large_image\" \/>\n<meta name=\"twitter:label1\" content=\"Dur\u00e9e de lecture estim\u00e9e\" \/>\n\t<meta name=\"twitter:data1\" content=\"1 minute\" \/>\n<script type=\"application\/ld+json\" class=\"yoast-schema-graph\">{\"@context\":\"https:\/\/schema.org\",\"@graph\":[{\"@type\":\"WebPage\",\"@id\":\"https:\/\/www.coccigames.com\/index.php\/produit\/weaver-courts-scalie-dancers\/\",\"url\":\"https:\/\/www.coccigames.com\/index.php\/produit\/weaver-courts-scalie-dancers\/\",\"name\":\"WEAVER COURTS - SCAILE DANCERS - Coccigames\",\"isPartOf\":{\"@id\":\"https:\/\/www.coccigames.com\/#website\"},\"primaryImageOfPage\":{\"@id\":\"https:\/\/www.coccigames.com\/index.php\/produit\/weaver-courts-scalie-dancers\/#primaryimage\"},\"image\":{\"@id\":\"https:\/\/www.coccigames.com\/index.php\/produit\/weaver-courts-scalie-dancers\/#primaryimage\"},\"thumbnailUrl\":\"https:\/\/www.coccigames.com\/wp-content\/uploads\/2025\/11\/Weaver_Courts_Scaile_Dancers_Models_D_Eshop-copy.jpg\",\"datePublished\":\"2025-11-20T20:39:58+00:00\",\"dateModified\":\"2026-04-20T08:03:57+00:00\",\"breadcrumb\":{\"@id\":\"https:\/\/www.coccigames.com\/index.php\/produit\/weaver-courts-scalie-dancers\/#breadcrumb\"},\"inLanguage\":\"fr-FR\",\"potentialAction\":[{\"@type\":\"ReadAction\",\"target\":[\"https:\/\/www.coccigames.com\/index.php\/produit\/weaver-courts-scalie-dancers\/\"]}]},{\"@type\":\"ImageObject\",\"inLanguage\":\"fr-FR\",\"@id\":\"https:\/\/www.coccigames.com\/index.php\/produit\/weaver-courts-scalie-dancers\/#primaryimage\",\"url\":\"https:\/\/www.coccigames.com\/wp-content\/uploads\/2025\/11\/Weaver_Courts_Scaile_Dancers_Models_D_Eshop-copy.jpg\",\"contentUrl\":\"https:\/\/www.coccigames.com\/wp-content\/uploads\/2025\/11\/Weaver_Courts_Scaile_Dancers_Models_D_Eshop-copy.jpg\",\"width\":1000,\"height\":707},{\"@type\":\"BreadcrumbList\",\"@id\":\"https:\/\/www.coccigames.com\/index.php\/produit\/weaver-courts-scalie-dancers\/#breadcrumb\",\"itemListElement\":[{\"@type\":\"ListItem\",\"position\":1,\"name\":\"Accueil\",\"item\":\"https:\/\/www.coccigames.com\/\"},{\"@type\":\"ListItem\",\"position\":2,\"name\":\"Boutique\",\"item\":\"https:\/\/www.coccigames.com\/index.php\/boutique\/\"},{\"@type\":\"ListItem\",\"position\":3,\"name\":\"WEAVER COURTS &#8211; SCAILE DANCERS\"}]},{\"@type\":\"WebSite\",\"@id\":\"https:\/\/www.coccigames.com\/#website\",\"url\":\"https:\/\/www.coccigames.com\/\",\"name\":\"Coccigames - Figurines et Peintures\",\"description\":\"Figurines et Peintures\",\"publisher\":{\"@id\":\"https:\/\/www.coccigames.com\/#organization\"},\"potentialAction\":[{\"@type\":\"SearchAction\",\"target\":{\"@type\":\"EntryPoint\",\"urlTemplate\":\"https:\/\/www.coccigames.com\/?s={search_term_string}\"},\"query-input\":{\"@type\":\"PropertyValueSpecification\",\"valueRequired\":true,\"valueName\":\"search_term_string\"}}],\"inLanguage\":\"fr-FR\"},{\"@type\":\"Organization\",\"@id\":\"https:\/\/www.coccigames.com\/#organization\",\"name\":\"Coccigames\",\"url\":\"https:\/\/www.coccigames.com\/\",\"logo\":{\"@type\":\"ImageObject\",\"inLanguage\":\"fr-FR\",\"@id\":\"https:\/\/www.coccigames.com\/#\/schema\/logo\/image\/\",\"url\":\"https:\/\/www.coccigames.com\/wp-content\/uploads\/2025\/12\/coccigames_logo_v5.png\",\"contentUrl\":\"https:\/\/www.coccigames.com\/wp-content\/uploads\/2025\/12\/coccigames_logo_v5.png\",\"width\":1768,\"height\":424,\"caption\":\"Coccigames\"},\"image\":{\"@id\":\"https:\/\/www.coccigames.com\/#\/schema\/logo\/image\/\"}}]}<\/script>\n<!-- \/ Yoast SEO plugin. -->","yoast_head_json":{"title":"WEAVER COURTS - SCAILE DANCERS - Coccigames","robots":{"index":"index","follow":"follow","max-snippet":"max-snippet:-1","max-image-preview":"max-image-preview:large","max-video-preview":"max-video-preview:-1"},"canonical":"https:\/\/www.coccigames.com\/index.php\/produit\/weaver-courts-scalie-dancers\/","og_locale":"fr_FR","og_type":"article","og_title":"WEAVER COURTS - SCAILE DANCERS - Coccigames","og_description":"Parmi les innombrables formes de guerre et de violence que l&rsquo;on peut trouver \u00e0 la Cour d&rsquo;\u00e9t\u00e9, les Danseurs Scaile se distinguent comme les plus beaux&#8230; et les plus meurtriers. Leurs ailes iris\u00e9es, leurs yeux compos\u00e9s, leurs r\u00e9flexes surnaturels et leurs \u00e9p\u00e9es en forme de&hellip;","og_url":"https:\/\/www.coccigames.com\/index.php\/produit\/weaver-courts-scalie-dancers\/","og_site_name":"Coccigames","article_modified_time":"2026-04-20T08:03:57+00:00","og_image":[{"width":1000,"height":707,"url":"https:\/\/www.coccigames.com\/wp-content\/uploads\/2025\/11\/Weaver_Courts_Scaile_Dancers_Models_D_Eshop-copy.jpg","type":"image\/jpeg"}],"twitter_card":"summary_large_image","twitter_misc":{"Dur\u00e9e de lecture estim\u00e9e":"1 minute"},"schema":{"@context":"https:\/\/schema.org","@graph":[{"@type":"WebPage","@id":"https:\/\/www.coccigames.com\/index.php\/produit\/weaver-courts-scalie-dancers\/","url":"https:\/\/www.coccigames.com\/index.php\/produit\/weaver-courts-scalie-dancers\/","name":"WEAVER COURTS - SCAILE DANCERS - Coccigames","isPartOf":{"@id":"https:\/\/www.coccigames.com\/#website"},"primaryImageOfPage":{"@id":"https:\/\/www.coccigames.com\/index.php\/produit\/weaver-courts-scalie-dancers\/#primaryimage"},"image":{"@id":"https:\/\/www.coccigames.com\/index.php\/produit\/weaver-courts-scalie-dancers\/#primaryimage"},"thumbnailUrl":"https:\/\/www.coccigames.com\/wp-content\/uploads\/2025\/11\/Weaver_Courts_Scaile_Dancers_Models_D_Eshop-copy.jpg","datePublished":"2025-11-20T20:39:58+00:00","dateModified":"2026-04-20T08:03:57+00:00","breadcrumb":{"@id":"https:\/\/www.coccigames.com\/index.php\/produit\/weaver-courts-scalie-dancers\/#breadcrumb"},"inLanguage":"fr-FR","potentialAction":[{"@type":"ReadAction","target":["https:\/\/www.coccigames.com\/index.php\/produit\/weaver-courts-scalie-dancers\/"]}]},{"@type":"ImageObject","inLanguage":"fr-FR","@id":"https:\/\/www.coccigames.com\/index.php\/produit\/weaver-courts-scalie-dancers\/#primaryimage","url":"https:\/\/www.coccigames.com\/wp-content\/uploads\/2025\/11\/Weaver_Courts_Scaile_Dancers_Models_D_Eshop-copy.jpg","contentUrl":"https:\/\/www.coccigames.com\/wp-content\/uploads\/2025\/11\/Weaver_Courts_Scaile_Dancers_Models_D_Eshop-copy.jpg","width":1000,"height":707},{"@type":"BreadcrumbList","@id":"https:\/\/www.coccigames.com\/index.php\/produit\/weaver-courts-scalie-dancers\/#breadcrumb","itemListElement":[{"@type":"ListItem","position":1,"name":"Accueil","item":"https:\/\/www.coccigames.com\/"},{"@type":"ListItem","position":2,"name":"Boutique","item":"https:\/\/www.coccigames.com\/index.php\/boutique\/"},{"@type":"ListItem","position":3,"name":"WEAVER COURTS &#8211; SCAILE DANCERS"}]},{"@type":"WebSite","@id":"https:\/\/www.coccigames.com\/#website","url":"https:\/\/www.coccigames.com\/","name":"Coccigames - Figurines et Peintures","description":"Figurines et Peintures","publisher":{"@id":"https:\/\/www.coccigames.com\/#organization"},"potentialAction":[{"@type":"SearchAction","target":{"@type":"EntryPoint","urlTemplate":"https:\/\/www.coccigames.com\/?s={search_term_string}"},"query-input":{"@type":"PropertyValueSpecification","valueRequired":true,"valueName":"search_term_string"}}],"inLanguage":"fr-FR"},{"@type":"Organization","@id":"https:\/\/www.coccigames.com\/#organization","name":"Coccigames","url":"https:\/\/www.coccigames.com\/","logo":{"@type":"ImageObject","inLanguage":"fr-FR","@id":"https:\/\/www.coccigames.com\/#\/schema\/logo\/image\/","url":"https:\/\/www.coccigames.com\/wp-content\/uploads\/2025\/12\/coccigames_logo_v5.png","contentUrl":"https:\/\/www.coccigames.com\/wp-content\/uploads\/2025\/12\/coccigames_logo_v5.png","width":1768,"height":424,"caption":"Coccigames"},"image":{"@id":"https:\/\/www.coccigames.com\/#\/schema\/logo\/image\/"}}]}},"_links":{"self":[{"href":"https:\/\/www.coccigames.com\/index.php\/wp-json\/wp\/v2\/product\/7166","targetHints":{"allow":["GET"]}}],"collection":[{"href":"https:\/\/www.coccigames.com\/index.php\/wp-json\/wp\/v2\/product"}],"about":[{"href":"https:\/\/www.coccigames.com\/index.php\/wp-json\/wp\/v2\/types\/product"}],"replies":[{"embeddable":true,"href":"https:\/\/www.coccigames.com\/index.php\/wp-json\/wp\/v2\/comments?post=7166"}],"wp:featuredmedia":[{"embeddable":true,"href":"https:\/\/www.coccigames.com\/index.php\/wp-json\/wp\/v2\/media\/7188"}],"wp:attachment":[{"href":"https:\/\/www.coccigames.com\/index.php\/wp-json\/wp\/v2\/media?parent=7166"}],"wp:term":[{"taxonomy":"product_brand","embeddable":true,"href":"https:\/\/www.coccigames.com\/index.php\/wp-json\/wp\/v2\/product_brand?post=7166"},{"taxonomy":"product_cat","embeddable":true,"href":"https:\/\/www.coccigames.com\/index.php\/wp-json\/wp\/v2\/product_cat?post=7166"},{"taxonomy":"product_tag","embeddable":true,"href":"https:\/\/www.coccigames.com\/index.php\/wp-json\/wp\/v2\/product_tag?post=7166"}],"curies":[{"name":"wp","href":"https:\/\/api.w.org\/{rel}","templated":true}]}}