{"id":7163,"date":"2025-11-20T21:39:57","date_gmt":"2025-11-20T20:39:57","guid":{"rendered":"https:\/\/www.coccigames.com\/index.php\/produit\/lore-campaign-pack-nepenthe\/"},"modified":"2026-04-06T09:26:31","modified_gmt":"2026-04-06T07:26:31","slug":"lore-campaign-pack-nepenthe","status":"publish","type":"product","link":"https:\/\/www.coccigames.com\/index.php\/produit\/lore-campaign-pack-nepenthe\/","title":{"rendered":"LORE CAMPAIGN PACK &#8211; NEPENTHE"},"content":{"rendered":"<p>Des ann\u00e9es ont pass\u00e9 depuis la l\u00e9gendaire bataille de Nepenthe \u00e0 Riismark, lorsque l&rsquo;humanit\u00e9 et les Spires se sont livr\u00e9es une guerre ouverte pour la premi\u00e8re fois depuis des si\u00e8cles. Fredrik, roi de Brandengrad et souverain de facto de tout Riismark, s&rsquo;est retrouv\u00e9 abandonn\u00e9 par ses pairs du Conclave et ses terres assi\u00e9g\u00e9es sur tous les fronts. Pour s\u00e9curiser au moins un front, il a reconnu et honor\u00e9 la dette de sa famille envers son ennemi : l&rsquo;Alchimiste de la Tour de Nepenthe. Mais apr\u00e8s avoir repouss\u00e9 les Nordiques avec l&rsquo;aide des Ordres, l&rsquo;Ordre de l&rsquo;\u00c9p\u00e9e a refus\u00e9 de c\u00e9der le contr\u00f4le des terres reconquises. Abandonn\u00e9 par les Terres du C\u0153ur, il sait qu&rsquo;honorer sa dette envers l&rsquo;Alchimiste pendant une ann\u00e9e suppl\u00e9mentaire paralyserait sa nation, d\u00e9j\u00e0 en proie \u00e0 des difficult\u00e9s pour trouver des ressources. Fredrik se pr\u00e9pare donc \u00e0 ce que l&rsquo;Alchimiste r\u00e9clame une nouvelle fois son paiement. Car il le sait bien : Nepenthe se souvient &#8211; jusqu&rsquo;\u00e0 la fin des temps. Ce set sera accompagn\u00e9 d&rsquo;un livre de campagne au design unique afin d&rsquo;encourager un jeu narratif nouveau et int\u00e9ressant pour ces arm\u00e9es. Le coffret comprendra les cartes de commandement pour ces figurines, des socles et des supports, ainsi que le livre de campagne avec des cartes pli\u00e9es. Il comprendra \u00e9galement deux coupons de r\u00e9duction de 5 $, permettant aux fans d&rsquo;acheter des fichiers STL du tout nouveau terrain Conquest, au design exceptionnel, pour les Hundred Kingdoms et les Spires. Les sets de terrain seront disponibles sous forme de fichiers STL directement sur la boutique en ligne de Para Bellum Games, et nous aurons des partenaires s\u00e9lectionn\u00e9s qui fourniront des versions physiques de ceux-ci sur leurs sites web tiers. Ces fichiers STL seront disponibles de mani\u00e8re permanente. Contenu : &#8211; 1x livre de campagne &#8211; 1x carte pli\u00e9e &#8211; 1x figurine exclusive de Fr\u00e9d\u00e9ric &#8211; 1x figurine exclusive d&rsquo;alchimiste &#8211; 2x cartes de commandement &#8211; 1x socle et support pour infanterie &#8211; 1x socle et support pour brute &#8211; Instructions de montage &#8211; 2x coupons de r\u00e9duction de 5 $ pour les terrains STL<\/p>\n","protected":false},"excerpt":{"rendered":"<p>Des ann\u00e9es ont pass\u00e9 depuis la l\u00e9gendaire bataille de Nepenthe \u00e0 Riismark, lorsque l&rsquo;humanit\u00e9 et les Spires se sont livr\u00e9es une guerre ouverte pour la premi\u00e8re fois depuis des si\u00e8cles. Fredrik, roi de Brandengrad et souverain de facto de tout Riismark, s&rsquo;est retrouv\u00e9 abandonn\u00e9 par&hellip;<\/p>\n","protected":false},"featured_media":7184,"comment_status":"open","ping_status":"closed","template":"","meta":[],"product_brand":[230],"product_cat":[228],"product_tag":[],"class_list":{"0":"post-7163","1":"product","2":"type-product","3":"status-publish","4":"has-post-thumbnail","6":"product_brand-para-bellum","7":"product_cat-conquest","9":"first","10":"onbackorder","11":"sale","12":"taxable","13":"shipping-taxable","14":"purchasable","15":"product-type-simple"},"yoast_head":"<!-- This site is optimized with the Yoast SEO plugin v26.4 - https:\/\/yoast.com\/wordpress\/plugins\/seo\/ -->\n<title>LORE CAMPAIGN PACK - NEPENTHE - Coccigames<\/title>\n<meta name=\"robots\" content=\"index, follow, max-snippet:-1, max-image-preview:large, max-video-preview:-1\" \/>\n<link rel=\"canonical\" href=\"https:\/\/www.coccigames.com\/index.php\/produit\/lore-campaign-pack-nepenthe\/\" \/>\n<meta property=\"og:locale\" content=\"fr_FR\" \/>\n<meta property=\"og:type\" content=\"article\" \/>\n<meta property=\"og:title\" content=\"LORE CAMPAIGN PACK - NEPENTHE - Coccigames\" \/>\n<meta property=\"og:description\" content=\"Des ann\u00e9es ont pass\u00e9 depuis la l\u00e9gendaire bataille de Nepenthe \u00e0 Riismark, lorsque l&rsquo;humanit\u00e9 et les Spires se sont livr\u00e9es une guerre ouverte pour la premi\u00e8re fois depuis des si\u00e8cles. Fredrik, roi de Brandengrad et souverain de facto de tout Riismark, s&rsquo;est retrouv\u00e9 abandonn\u00e9 par&hellip;\" \/>\n<meta property=\"og:url\" content=\"https:\/\/www.coccigames.com\/index.php\/produit\/lore-campaign-pack-nepenthe\/\" \/>\n<meta property=\"og:site_name\" content=\"Coccigames\" \/>\n<meta property=\"article:modified_time\" content=\"2026-04-06T07:26:31+00:00\" \/>\n<meta property=\"og:image\" content=\"https:\/\/www.coccigames.com\/wp-content\/uploads\/2025\/11\/Crucible-of-Wills_Battle_of_Nepenthe_Contents_Eshop-copy.jpg\" \/>\n\t<meta property=\"og:image:width\" content=\"1000\" \/>\n\t<meta property=\"og:image:height\" content=\"707\" \/>\n\t<meta property=\"og:image:type\" content=\"image\/jpeg\" \/>\n<meta name=\"twitter:card\" content=\"summary_large_image\" \/>\n<meta name=\"twitter:label1\" content=\"Dur\u00e9e de lecture estim\u00e9e\" \/>\n\t<meta name=\"twitter:data1\" content=\"2 minutes\" \/>\n<script type=\"application\/ld+json\" class=\"yoast-schema-graph\">{\"@context\":\"https:\/\/schema.org\",\"@graph\":[{\"@type\":\"WebPage\",\"@id\":\"https:\/\/www.coccigames.com\/index.php\/produit\/lore-campaign-pack-nepenthe\/\",\"url\":\"https:\/\/www.coccigames.com\/index.php\/produit\/lore-campaign-pack-nepenthe\/\",\"name\":\"LORE CAMPAIGN PACK - NEPENTHE - Coccigames\",\"isPartOf\":{\"@id\":\"https:\/\/www.coccigames.com\/#website\"},\"primaryImageOfPage\":{\"@id\":\"https:\/\/www.coccigames.com\/index.php\/produit\/lore-campaign-pack-nepenthe\/#primaryimage\"},\"image\":{\"@id\":\"https:\/\/www.coccigames.com\/index.php\/produit\/lore-campaign-pack-nepenthe\/#primaryimage\"},\"thumbnailUrl\":\"https:\/\/www.coccigames.com\/wp-content\/uploads\/2025\/11\/Crucible-of-Wills_Battle_of_Nepenthe_Contents_Eshop-copy.jpg\",\"datePublished\":\"2025-11-20T20:39:57+00:00\",\"dateModified\":\"2026-04-06T07:26:31+00:00\",\"breadcrumb\":{\"@id\":\"https:\/\/www.coccigames.com\/index.php\/produit\/lore-campaign-pack-nepenthe\/#breadcrumb\"},\"inLanguage\":\"fr-FR\",\"potentialAction\":[{\"@type\":\"ReadAction\",\"target\":[\"https:\/\/www.coccigames.com\/index.php\/produit\/lore-campaign-pack-nepenthe\/\"]}]},{\"@type\":\"ImageObject\",\"inLanguage\":\"fr-FR\",\"@id\":\"https:\/\/www.coccigames.com\/index.php\/produit\/lore-campaign-pack-nepenthe\/#primaryimage\",\"url\":\"https:\/\/www.coccigames.com\/wp-content\/uploads\/2025\/11\/Crucible-of-Wills_Battle_of_Nepenthe_Contents_Eshop-copy.jpg\",\"contentUrl\":\"https:\/\/www.coccigames.com\/wp-content\/uploads\/2025\/11\/Crucible-of-Wills_Battle_of_Nepenthe_Contents_Eshop-copy.jpg\",\"width\":1000,\"height\":707},{\"@type\":\"BreadcrumbList\",\"@id\":\"https:\/\/www.coccigames.com\/index.php\/produit\/lore-campaign-pack-nepenthe\/#breadcrumb\",\"itemListElement\":[{\"@type\":\"ListItem\",\"position\":1,\"name\":\"Accueil\",\"item\":\"https:\/\/www.coccigames.com\/\"},{\"@type\":\"ListItem\",\"position\":2,\"name\":\"Boutique\",\"item\":\"https:\/\/www.coccigames.com\/index.php\/boutique\/\"},{\"@type\":\"ListItem\",\"position\":3,\"name\":\"LORE CAMPAIGN PACK &#8211; NEPENTHE\"}]},{\"@type\":\"WebSite\",\"@id\":\"https:\/\/www.coccigames.com\/#website\",\"url\":\"https:\/\/www.coccigames.com\/\",\"name\":\"Coccigames - Figurines et Peintures\",\"description\":\"Figurines et Peintures\",\"publisher\":{\"@id\":\"https:\/\/www.coccigames.com\/#organization\"},\"potentialAction\":[{\"@type\":\"SearchAction\",\"target\":{\"@type\":\"EntryPoint\",\"urlTemplate\":\"https:\/\/www.coccigames.com\/?s={search_term_string}\"},\"query-input\":{\"@type\":\"PropertyValueSpecification\",\"valueRequired\":true,\"valueName\":\"search_term_string\"}}],\"inLanguage\":\"fr-FR\"},{\"@type\":\"Organization\",\"@id\":\"https:\/\/www.coccigames.com\/#organization\",\"name\":\"Coccigames\",\"url\":\"https:\/\/www.coccigames.com\/\",\"logo\":{\"@type\":\"ImageObject\",\"inLanguage\":\"fr-FR\",\"@id\":\"https:\/\/www.coccigames.com\/#\/schema\/logo\/image\/\",\"url\":\"https:\/\/www.coccigames.com\/wp-content\/uploads\/2025\/12\/coccigames_logo_v5.png\",\"contentUrl\":\"https:\/\/www.coccigames.com\/wp-content\/uploads\/2025\/12\/coccigames_logo_v5.png\",\"width\":1768,\"height\":424,\"caption\":\"Coccigames\"},\"image\":{\"@id\":\"https:\/\/www.coccigames.com\/#\/schema\/logo\/image\/\"}}]}<\/script>\n<!-- \/ Yoast SEO plugin. -->","yoast_head_json":{"title":"LORE CAMPAIGN PACK - NEPENTHE - Coccigames","robots":{"index":"index","follow":"follow","max-snippet":"max-snippet:-1","max-image-preview":"max-image-preview:large","max-video-preview":"max-video-preview:-1"},"canonical":"https:\/\/www.coccigames.com\/index.php\/produit\/lore-campaign-pack-nepenthe\/","og_locale":"fr_FR","og_type":"article","og_title":"LORE CAMPAIGN PACK - NEPENTHE - Coccigames","og_description":"Des ann\u00e9es ont pass\u00e9 depuis la l\u00e9gendaire bataille de Nepenthe \u00e0 Riismark, lorsque l&rsquo;humanit\u00e9 et les Spires se sont livr\u00e9es une guerre ouverte pour la premi\u00e8re fois depuis des si\u00e8cles. Fredrik, roi de Brandengrad et souverain de facto de tout Riismark, s&rsquo;est retrouv\u00e9 abandonn\u00e9 par&hellip;","og_url":"https:\/\/www.coccigames.com\/index.php\/produit\/lore-campaign-pack-nepenthe\/","og_site_name":"Coccigames","article_modified_time":"2026-04-06T07:26:31+00:00","og_image":[{"width":1000,"height":707,"url":"https:\/\/www.coccigames.com\/wp-content\/uploads\/2025\/11\/Crucible-of-Wills_Battle_of_Nepenthe_Contents_Eshop-copy.jpg","type":"image\/jpeg"}],"twitter_card":"summary_large_image","twitter_misc":{"Dur\u00e9e de lecture estim\u00e9e":"2 minutes"},"schema":{"@context":"https:\/\/schema.org","@graph":[{"@type":"WebPage","@id":"https:\/\/www.coccigames.com\/index.php\/produit\/lore-campaign-pack-nepenthe\/","url":"https:\/\/www.coccigames.com\/index.php\/produit\/lore-campaign-pack-nepenthe\/","name":"LORE CAMPAIGN PACK - NEPENTHE - Coccigames","isPartOf":{"@id":"https:\/\/www.coccigames.com\/#website"},"primaryImageOfPage":{"@id":"https:\/\/www.coccigames.com\/index.php\/produit\/lore-campaign-pack-nepenthe\/#primaryimage"},"image":{"@id":"https:\/\/www.coccigames.com\/index.php\/produit\/lore-campaign-pack-nepenthe\/#primaryimage"},"thumbnailUrl":"https:\/\/www.coccigames.com\/wp-content\/uploads\/2025\/11\/Crucible-of-Wills_Battle_of_Nepenthe_Contents_Eshop-copy.jpg","datePublished":"2025-11-20T20:39:57+00:00","dateModified":"2026-04-06T07:26:31+00:00","breadcrumb":{"@id":"https:\/\/www.coccigames.com\/index.php\/produit\/lore-campaign-pack-nepenthe\/#breadcrumb"},"inLanguage":"fr-FR","potentialAction":[{"@type":"ReadAction","target":["https:\/\/www.coccigames.com\/index.php\/produit\/lore-campaign-pack-nepenthe\/"]}]},{"@type":"ImageObject","inLanguage":"fr-FR","@id":"https:\/\/www.coccigames.com\/index.php\/produit\/lore-campaign-pack-nepenthe\/#primaryimage","url":"https:\/\/www.coccigames.com\/wp-content\/uploads\/2025\/11\/Crucible-of-Wills_Battle_of_Nepenthe_Contents_Eshop-copy.jpg","contentUrl":"https:\/\/www.coccigames.com\/wp-content\/uploads\/2025\/11\/Crucible-of-Wills_Battle_of_Nepenthe_Contents_Eshop-copy.jpg","width":1000,"height":707},{"@type":"BreadcrumbList","@id":"https:\/\/www.coccigames.com\/index.php\/produit\/lore-campaign-pack-nepenthe\/#breadcrumb","itemListElement":[{"@type":"ListItem","position":1,"name":"Accueil","item":"https:\/\/www.coccigames.com\/"},{"@type":"ListItem","position":2,"name":"Boutique","item":"https:\/\/www.coccigames.com\/index.php\/boutique\/"},{"@type":"ListItem","position":3,"name":"LORE CAMPAIGN PACK &#8211; NEPENTHE"}]},{"@type":"WebSite","@id":"https:\/\/www.coccigames.com\/#website","url":"https:\/\/www.coccigames.com\/","name":"Coccigames - Figurines et Peintures","description":"Figurines et Peintures","publisher":{"@id":"https:\/\/www.coccigames.com\/#organization"},"potentialAction":[{"@type":"SearchAction","target":{"@type":"EntryPoint","urlTemplate":"https:\/\/www.coccigames.com\/?s={search_term_string}"},"query-input":{"@type":"PropertyValueSpecification","valueRequired":true,"valueName":"search_term_string"}}],"inLanguage":"fr-FR"},{"@type":"Organization","@id":"https:\/\/www.coccigames.com\/#organization","name":"Coccigames","url":"https:\/\/www.coccigames.com\/","logo":{"@type":"ImageObject","inLanguage":"fr-FR","@id":"https:\/\/www.coccigames.com\/#\/schema\/logo\/image\/","url":"https:\/\/www.coccigames.com\/wp-content\/uploads\/2025\/12\/coccigames_logo_v5.png","contentUrl":"https:\/\/www.coccigames.com\/wp-content\/uploads\/2025\/12\/coccigames_logo_v5.png","width":1768,"height":424,"caption":"Coccigames"},"image":{"@id":"https:\/\/www.coccigames.com\/#\/schema\/logo\/image\/"}}]}},"_links":{"self":[{"href":"https:\/\/www.coccigames.com\/index.php\/wp-json\/wp\/v2\/product\/7163","targetHints":{"allow":["GET"]}}],"collection":[{"href":"https:\/\/www.coccigames.com\/index.php\/wp-json\/wp\/v2\/product"}],"about":[{"href":"https:\/\/www.coccigames.com\/index.php\/wp-json\/wp\/v2\/types\/product"}],"replies":[{"embeddable":true,"href":"https:\/\/www.coccigames.com\/index.php\/wp-json\/wp\/v2\/comments?post=7163"}],"wp:featuredmedia":[{"embeddable":true,"href":"https:\/\/www.coccigames.com\/index.php\/wp-json\/wp\/v2\/media\/7184"}],"wp:attachment":[{"href":"https:\/\/www.coccigames.com\/index.php\/wp-json\/wp\/v2\/media?parent=7163"}],"wp:term":[{"taxonomy":"product_brand","embeddable":true,"href":"https:\/\/www.coccigames.com\/index.php\/wp-json\/wp\/v2\/product_brand?post=7163"},{"taxonomy":"product_cat","embeddable":true,"href":"https:\/\/www.coccigames.com\/index.php\/wp-json\/wp\/v2\/product_cat?post=7163"},{"taxonomy":"product_tag","embeddable":true,"href":"https:\/\/www.coccigames.com\/index.php\/wp-json\/wp\/v2\/product_tag?post=7163"}],"curies":[{"name":"wp","href":"https:\/\/api.w.org\/{rel}","templated":true}]}}