{"id":7156,"date":"2025-11-20T21:39:55","date_gmt":"2025-11-20T20:39:55","guid":{"rendered":"https:\/\/www.coccigames.com\/index.php\/produit\/two-player-deluxe-set-the-nepenthe-campaign\/"},"modified":"2026-04-06T09:26:31","modified_gmt":"2026-04-06T07:26:31","slug":"two-player-deluxe-set-the-nepenthe-campaign","status":"publish","type":"product","link":"https:\/\/www.coccigames.com\/index.php\/produit\/two-player-deluxe-set-the-nepenthe-campaign\/","title":{"rendered":"TWO PLAYER DELUXE SET &#8211; THE NEPENTHE CAMPAIGN"},"content":{"rendered":"<p>Le set est pr\u00eat pour que deux joueurs puissent mener \u00e0 bien la campagne sp\u00e9ciale Nepenthe ou s&rsquo;affronter sur les tables de jeu dans le cadre du jeu organis\u00e9 Conquest. Jouez \u00e0 un jeu de type \u00ab rank and flank \u00bb avec Last Argument of Kings ou \u00e0 un jeu de type \u00ab skirmish \u00bb avec le jeu de r\u00e8gles First Blood. Deux exemplaires du guide de d\u00e9marrage rapide sont inclus pour les deux styles de jeu, avec de nombreux points pour vous aider \u00e0 d\u00e9marrer dans le jeu traditionnel. Avec ce set Deluxe, vous obtenez \u00e9galement la campagne compl\u00e8te Battle of Nepenthe, un conte classique de Conquest. Ce set de campagne narrative comprend les figurines sp\u00e9ciales de Frederik pour diriger les Cent Royaumes et de l&rsquo;Alchimiste pour les Spires. Plus tard, ce mod\u00e8le servira \u00e9galement de Prince marchand dans le jeu Spires.<\/p>\n<p>Ce coffret Deluxe pour 2 joueurs vous plongera, vous et un ami, dans d&rsquo;incroyables aventures de conqu\u00eate. Les 78 figurines, en plus des chefs sp\u00e9ciaux de Nepenthe, comprennent une incroyable arm\u00e9e pour les Cent Royaumes avec un commandant du prieur\u00e9 \u00e0 cheval, l&rsquo;Ordre pour la cavalerie de la Tour Pourpre, 2 sets de nouvelles figurines d&rsquo;hommes d&rsquo;armes et un set d&rsquo;archers \u00e0 l&rsquo;arc long. Pour les Spires, cette arm\u00e9e comprend le magnifique mod\u00e8le de monstre volant Pteraphon, le High Clone Executor, un ensemble de Desolation Drones et 2 ensembles de Bound Clones (le cas \u00e9ch\u00e9ant, il s&rsquo;agira \u00e9galement de kits doubles permettant de cr\u00e9er d&rsquo;autres unit\u00e9s si vous le souhaitez). Les bonus de luxe vous permettent d&rsquo;\u00eatre pr\u00eat \u00e0 jouer, notamment les sets personnalis\u00e9s de 25 d\u00e9s Hundred Kingdoms et Spires, un set de marqueurs d&rsquo;objectifs Hundred Kingdoms et Spires, un mini-roman contenant 3 histoires, une mini-affiche Nepenthe, une carte papier des mondes d&rsquo;Ea, 2 outils de mesure en bois Conquest, 2 cartes de licence universelles, toutes les cartes de commandement et d&rsquo;id\u00e9al n\u00e9cessaires, les socles et supports n\u00e9cessaires pour jouer, ainsi qu&rsquo;un guide de bienvenue pour chaque faction vous montrant l&rsquo;avenir du jeu \u00e0 mesure que vous progressez. Il s&rsquo;agit d&rsquo;une introduction merveilleusement riche au monde de Conquest et aux nombreux styles de jeu disponibles.<\/p>\n<p><em>Contenu :<\/em><\/p>\n<p><em>&#8211; 80 figurines<\/em><\/p>\n<p><em>&#8211; 1 livre de campagne Nepenthe<\/em><\/p>\n<p><em>&#8211; 1 mini-poster Nepenthe<\/em><\/p>\n<p><em>&#8211; 1 mini-roman<\/em><\/p>\n<p><em>&#8211; 4 guides de bienvenue avec les r\u00e8gles de d\u00e9marrage rapide pour les deux jeux<\/em><\/p>\n<p><em>&#8211; 2 outils de mesure en bois Conquest<\/em><\/p>\n<p><em>&#8211; 2 jeux de 25 d\u00e9s Hundered Kingdoms et Spires<\/em><\/p>\n<p><em>&#8211; 1 carte papier pli\u00e9e d&rsquo;Ea<\/em><\/p>\n<p><em>&#8211; Marqueurs d&rsquo;objectifs<\/em><\/p>\n<p><em>&#8211; Socles et supports<\/em><\/p>\n<p><em>&#8211; Cartes de commandement et d&rsquo;id\u00e9al pour les deux arm\u00e9es<\/em><\/p>\n<p><em>&#8211; Manuels d&rsquo;assemblage<\/em><\/p>\n","protected":false},"excerpt":{"rendered":"<h1>Plonge dans un monde de fantasy m\u00e9di\u00e9vale o\u00f9 le destin des royaumes repose entre tes mains. Deviens un v\u00e9ritable chef de guerre avec Conquest, le jeu de figurines !<\/h1>\n","protected":false},"featured_media":7181,"comment_status":"open","ping_status":"closed","template":"","meta":[],"product_brand":[230],"product_cat":[228],"product_tag":[232,234],"class_list":{"0":"post-7156","1":"product","2":"type-product","3":"status-publish","4":"has-post-thumbnail","6":"product_brand-para-bellum","7":"product_cat-conquest","8":"product_tag-hundred-kingdoms","9":"product_tag-spires","11":"first","12":"onbackorder","13":"sale","14":"taxable","15":"shipping-taxable","16":"purchasable","17":"product-type-simple"},"yoast_head":"<!-- This site is optimized with the Yoast SEO plugin v26.4 - https:\/\/yoast.com\/wordpress\/plugins\/seo\/ -->\n<title>TWO PLAYER DELUXE SET - THE NEPENTHE CAMPAIGN - Coccigames<\/title>\n<meta name=\"robots\" content=\"index, follow, max-snippet:-1, max-image-preview:large, max-video-preview:-1\" \/>\n<link rel=\"canonical\" href=\"https:\/\/www.coccigames.com\/index.php\/produit\/two-player-deluxe-set-the-nepenthe-campaign\/\" \/>\n<meta property=\"og:locale\" content=\"fr_FR\" \/>\n<meta property=\"og:type\" content=\"article\" \/>\n<meta property=\"og:title\" content=\"TWO PLAYER DELUXE SET - THE NEPENTHE CAMPAIGN - Coccigames\" \/>\n<meta property=\"og:description\" content=\"Plonge dans un monde de fantasy m\u00e9di\u00e9vale o\u00f9 le destin des royaumes repose entre tes mains. Deviens un v\u00e9ritable chef de guerre avec Conquest, le jeu de figurines !\" \/>\n<meta property=\"og:url\" content=\"https:\/\/www.coccigames.com\/index.php\/produit\/two-player-deluxe-set-the-nepenthe-campaign\/\" \/>\n<meta property=\"og:site_name\" content=\"Coccigames\" \/>\n<meta property=\"article:modified_time\" content=\"2026-04-06T07:26:31+00:00\" \/>\n<meta property=\"og:image\" content=\"https:\/\/www.coccigames.com\/wp-content\/uploads\/2025\/11\/HundredKingdomsVSSpires_Contents_Box_Eshop-copy1.jpg\" \/>\n\t<meta property=\"og:image:width\" content=\"1000\" \/>\n\t<meta property=\"og:image:height\" content=\"707\" \/>\n\t<meta property=\"og:image:type\" content=\"image\/jpeg\" \/>\n<meta name=\"twitter:card\" content=\"summary_large_image\" \/>\n<meta name=\"twitter:label1\" content=\"Dur\u00e9e de lecture estim\u00e9e\" \/>\n\t<meta name=\"twitter:data1\" content=\"3 minutes\" \/>\n<script type=\"application\/ld+json\" class=\"yoast-schema-graph\">{\"@context\":\"https:\/\/schema.org\",\"@graph\":[{\"@type\":\"WebPage\",\"@id\":\"https:\/\/www.coccigames.com\/index.php\/produit\/two-player-deluxe-set-the-nepenthe-campaign\/\",\"url\":\"https:\/\/www.coccigames.com\/index.php\/produit\/two-player-deluxe-set-the-nepenthe-campaign\/\",\"name\":\"TWO PLAYER DELUXE SET - THE NEPENTHE CAMPAIGN - Coccigames\",\"isPartOf\":{\"@id\":\"https:\/\/www.coccigames.com\/#website\"},\"primaryImageOfPage\":{\"@id\":\"https:\/\/www.coccigames.com\/index.php\/produit\/two-player-deluxe-set-the-nepenthe-campaign\/#primaryimage\"},\"image\":{\"@id\":\"https:\/\/www.coccigames.com\/index.php\/produit\/two-player-deluxe-set-the-nepenthe-campaign\/#primaryimage\"},\"thumbnailUrl\":\"https:\/\/www.coccigames.com\/wp-content\/uploads\/2025\/11\/HundredKingdomsVSSpires_Contents_Box_Eshop-copy1.jpg\",\"datePublished\":\"2025-11-20T20:39:55+00:00\",\"dateModified\":\"2026-04-06T07:26:31+00:00\",\"breadcrumb\":{\"@id\":\"https:\/\/www.coccigames.com\/index.php\/produit\/two-player-deluxe-set-the-nepenthe-campaign\/#breadcrumb\"},\"inLanguage\":\"fr-FR\",\"potentialAction\":[{\"@type\":\"ReadAction\",\"target\":[\"https:\/\/www.coccigames.com\/index.php\/produit\/two-player-deluxe-set-the-nepenthe-campaign\/\"]}]},{\"@type\":\"ImageObject\",\"inLanguage\":\"fr-FR\",\"@id\":\"https:\/\/www.coccigames.com\/index.php\/produit\/two-player-deluxe-set-the-nepenthe-campaign\/#primaryimage\",\"url\":\"https:\/\/www.coccigames.com\/wp-content\/uploads\/2025\/11\/HundredKingdomsVSSpires_Contents_Box_Eshop-copy1.jpg\",\"contentUrl\":\"https:\/\/www.coccigames.com\/wp-content\/uploads\/2025\/11\/HundredKingdomsVSSpires_Contents_Box_Eshop-copy1.jpg\",\"width\":1000,\"height\":707},{\"@type\":\"BreadcrumbList\",\"@id\":\"https:\/\/www.coccigames.com\/index.php\/produit\/two-player-deluxe-set-the-nepenthe-campaign\/#breadcrumb\",\"itemListElement\":[{\"@type\":\"ListItem\",\"position\":1,\"name\":\"Accueil\",\"item\":\"https:\/\/www.coccigames.com\/\"},{\"@type\":\"ListItem\",\"position\":2,\"name\":\"Boutique\",\"item\":\"https:\/\/www.coccigames.com\/index.php\/boutique\/\"},{\"@type\":\"ListItem\",\"position\":3,\"name\":\"TWO PLAYER DELUXE SET &#8211; THE NEPENTHE CAMPAIGN\"}]},{\"@type\":\"WebSite\",\"@id\":\"https:\/\/www.coccigames.com\/#website\",\"url\":\"https:\/\/www.coccigames.com\/\",\"name\":\"Coccigames - Figurines et Peintures\",\"description\":\"Figurines et Peintures\",\"publisher\":{\"@id\":\"https:\/\/www.coccigames.com\/#organization\"},\"potentialAction\":[{\"@type\":\"SearchAction\",\"target\":{\"@type\":\"EntryPoint\",\"urlTemplate\":\"https:\/\/www.coccigames.com\/?s={search_term_string}\"},\"query-input\":{\"@type\":\"PropertyValueSpecification\",\"valueRequired\":true,\"valueName\":\"search_term_string\"}}],\"inLanguage\":\"fr-FR\"},{\"@type\":\"Organization\",\"@id\":\"https:\/\/www.coccigames.com\/#organization\",\"name\":\"Coccigames\",\"url\":\"https:\/\/www.coccigames.com\/\",\"logo\":{\"@type\":\"ImageObject\",\"inLanguage\":\"fr-FR\",\"@id\":\"https:\/\/www.coccigames.com\/#\/schema\/logo\/image\/\",\"url\":\"https:\/\/www.coccigames.com\/wp-content\/uploads\/2025\/12\/coccigames_logo_v5.png\",\"contentUrl\":\"https:\/\/www.coccigames.com\/wp-content\/uploads\/2025\/12\/coccigames_logo_v5.png\",\"width\":1768,\"height\":424,\"caption\":\"Coccigames\"},\"image\":{\"@id\":\"https:\/\/www.coccigames.com\/#\/schema\/logo\/image\/\"}}]}<\/script>\n<!-- \/ Yoast SEO plugin. -->","yoast_head_json":{"title":"TWO PLAYER DELUXE SET - THE NEPENTHE CAMPAIGN - Coccigames","robots":{"index":"index","follow":"follow","max-snippet":"max-snippet:-1","max-image-preview":"max-image-preview:large","max-video-preview":"max-video-preview:-1"},"canonical":"https:\/\/www.coccigames.com\/index.php\/produit\/two-player-deluxe-set-the-nepenthe-campaign\/","og_locale":"fr_FR","og_type":"article","og_title":"TWO PLAYER DELUXE SET - THE NEPENTHE CAMPAIGN - Coccigames","og_description":"Plonge dans un monde de fantasy m\u00e9di\u00e9vale o\u00f9 le destin des royaumes repose entre tes mains. Deviens un v\u00e9ritable chef de guerre avec Conquest, le jeu de figurines !","og_url":"https:\/\/www.coccigames.com\/index.php\/produit\/two-player-deluxe-set-the-nepenthe-campaign\/","og_site_name":"Coccigames","article_modified_time":"2026-04-06T07:26:31+00:00","og_image":[{"width":1000,"height":707,"url":"https:\/\/www.coccigames.com\/wp-content\/uploads\/2025\/11\/HundredKingdomsVSSpires_Contents_Box_Eshop-copy1.jpg","type":"image\/jpeg"}],"twitter_card":"summary_large_image","twitter_misc":{"Dur\u00e9e de lecture estim\u00e9e":"3 minutes"},"schema":{"@context":"https:\/\/schema.org","@graph":[{"@type":"WebPage","@id":"https:\/\/www.coccigames.com\/index.php\/produit\/two-player-deluxe-set-the-nepenthe-campaign\/","url":"https:\/\/www.coccigames.com\/index.php\/produit\/two-player-deluxe-set-the-nepenthe-campaign\/","name":"TWO PLAYER DELUXE SET - THE NEPENTHE CAMPAIGN - Coccigames","isPartOf":{"@id":"https:\/\/www.coccigames.com\/#website"},"primaryImageOfPage":{"@id":"https:\/\/www.coccigames.com\/index.php\/produit\/two-player-deluxe-set-the-nepenthe-campaign\/#primaryimage"},"image":{"@id":"https:\/\/www.coccigames.com\/index.php\/produit\/two-player-deluxe-set-the-nepenthe-campaign\/#primaryimage"},"thumbnailUrl":"https:\/\/www.coccigames.com\/wp-content\/uploads\/2025\/11\/HundredKingdomsVSSpires_Contents_Box_Eshop-copy1.jpg","datePublished":"2025-11-20T20:39:55+00:00","dateModified":"2026-04-06T07:26:31+00:00","breadcrumb":{"@id":"https:\/\/www.coccigames.com\/index.php\/produit\/two-player-deluxe-set-the-nepenthe-campaign\/#breadcrumb"},"inLanguage":"fr-FR","potentialAction":[{"@type":"ReadAction","target":["https:\/\/www.coccigames.com\/index.php\/produit\/two-player-deluxe-set-the-nepenthe-campaign\/"]}]},{"@type":"ImageObject","inLanguage":"fr-FR","@id":"https:\/\/www.coccigames.com\/index.php\/produit\/two-player-deluxe-set-the-nepenthe-campaign\/#primaryimage","url":"https:\/\/www.coccigames.com\/wp-content\/uploads\/2025\/11\/HundredKingdomsVSSpires_Contents_Box_Eshop-copy1.jpg","contentUrl":"https:\/\/www.coccigames.com\/wp-content\/uploads\/2025\/11\/HundredKingdomsVSSpires_Contents_Box_Eshop-copy1.jpg","width":1000,"height":707},{"@type":"BreadcrumbList","@id":"https:\/\/www.coccigames.com\/index.php\/produit\/two-player-deluxe-set-the-nepenthe-campaign\/#breadcrumb","itemListElement":[{"@type":"ListItem","position":1,"name":"Accueil","item":"https:\/\/www.coccigames.com\/"},{"@type":"ListItem","position":2,"name":"Boutique","item":"https:\/\/www.coccigames.com\/index.php\/boutique\/"},{"@type":"ListItem","position":3,"name":"TWO PLAYER DELUXE SET &#8211; THE NEPENTHE CAMPAIGN"}]},{"@type":"WebSite","@id":"https:\/\/www.coccigames.com\/#website","url":"https:\/\/www.coccigames.com\/","name":"Coccigames - Figurines et Peintures","description":"Figurines et Peintures","publisher":{"@id":"https:\/\/www.coccigames.com\/#organization"},"potentialAction":[{"@type":"SearchAction","target":{"@type":"EntryPoint","urlTemplate":"https:\/\/www.coccigames.com\/?s={search_term_string}"},"query-input":{"@type":"PropertyValueSpecification","valueRequired":true,"valueName":"search_term_string"}}],"inLanguage":"fr-FR"},{"@type":"Organization","@id":"https:\/\/www.coccigames.com\/#organization","name":"Coccigames","url":"https:\/\/www.coccigames.com\/","logo":{"@type":"ImageObject","inLanguage":"fr-FR","@id":"https:\/\/www.coccigames.com\/#\/schema\/logo\/image\/","url":"https:\/\/www.coccigames.com\/wp-content\/uploads\/2025\/12\/coccigames_logo_v5.png","contentUrl":"https:\/\/www.coccigames.com\/wp-content\/uploads\/2025\/12\/coccigames_logo_v5.png","width":1768,"height":424,"caption":"Coccigames"},"image":{"@id":"https:\/\/www.coccigames.com\/#\/schema\/logo\/image\/"}}]}},"_links":{"self":[{"href":"https:\/\/www.coccigames.com\/index.php\/wp-json\/wp\/v2\/product\/7156","targetHints":{"allow":["GET"]}}],"collection":[{"href":"https:\/\/www.coccigames.com\/index.php\/wp-json\/wp\/v2\/product"}],"about":[{"href":"https:\/\/www.coccigames.com\/index.php\/wp-json\/wp\/v2\/types\/product"}],"replies":[{"embeddable":true,"href":"https:\/\/www.coccigames.com\/index.php\/wp-json\/wp\/v2\/comments?post=7156"}],"wp:featuredmedia":[{"embeddable":true,"href":"https:\/\/www.coccigames.com\/index.php\/wp-json\/wp\/v2\/media\/7181"}],"wp:attachment":[{"href":"https:\/\/www.coccigames.com\/index.php\/wp-json\/wp\/v2\/media?parent=7156"}],"wp:term":[{"taxonomy":"product_brand","embeddable":true,"href":"https:\/\/www.coccigames.com\/index.php\/wp-json\/wp\/v2\/product_brand?post=7156"},{"taxonomy":"product_cat","embeddable":true,"href":"https:\/\/www.coccigames.com\/index.php\/wp-json\/wp\/v2\/product_cat?post=7156"},{"taxonomy":"product_tag","embeddable":true,"href":"https:\/\/www.coccigames.com\/index.php\/wp-json\/wp\/v2\/product_tag?post=7156"}],"curies":[{"name":"wp","href":"https:\/\/api.w.org\/{rel}","templated":true}]}}