{"id":7107,"date":"2025-11-20T21:32:58","date_gmt":"2025-11-20T20:32:58","guid":{"rendered":"https:\/\/www.coccigames.com\/index.php\/produit\/wadrhun-founders-exclusive-apex-conqueror\/"},"modified":"2026-04-06T09:26:28","modified_gmt":"2026-04-06T07:26:28","slug":"wadrhun-founders-exclusive-apex-conqueror","status":"publish","type":"product","link":"https:\/\/www.coccigames.com\/index.php\/produit\/wadrhun-founders-exclusive-apex-conqueror\/","title":{"rendered":"WADRHUN &#8211; FOUNDER&rsquo;S EXCLUSIVE APEX CONQUEROR"},"content":{"rendered":"<p>La \u201cApex Conqueror\u201d est une figurine exclusive aux fondateurs W\u2019adrh\u016dn pour Conquest. Le set comprend le mod\u00e8le ainsi que son socle assorti, offrant une pi\u00e8ce de collection saisissante pour la gamme W\u2019adrh\u016dn.<\/p>\n<p>Avec son design distinctif, cette figurine est parfaite \u00e0 la fois pour le jeu sur table et pour l\u2019exposition.<\/p>\n<p><em>Contenu :<\/em><\/p>\n<p><em>&#8211; 1 figurine<\/em><\/p>\n<p><em>&#8211; 1 socle<\/em><\/p>\n","protected":false},"excerpt":{"rendered":"<h1>Plonge dans un monde de fantasy m\u00e9di\u00e9vale o\u00f9 le destin des royaumes repose entre tes mains. Deviens un v\u00e9ritable chef de guerre avec Conquest, le jeu de figurines !<\/h1>\n","protected":false},"featured_media":6770,"comment_status":"open","ping_status":"closed","template":"","meta":[],"product_brand":[230],"product_cat":[356],"product_tag":[239],"class_list":{"0":"post-7107","1":"product","2":"type-product","3":"status-publish","4":"has-post-thumbnail","6":"product_brand-para-bellum","7":"product_cat-wadrhun","8":"product_tag-wadrhun","10":"first","11":"onbackorder","12":"sale","13":"taxable","14":"shipping-taxable","15":"purchasable","16":"product-type-simple"},"yoast_head":"<!-- This site is optimized with the Yoast SEO plugin v26.4 - https:\/\/yoast.com\/wordpress\/plugins\/seo\/ -->\n<title>WADRHUN - FOUNDER&#039;S EXCLUSIVE APEX CONQUEROR - Coccigames<\/title>\n<meta name=\"robots\" content=\"index, follow, max-snippet:-1, max-image-preview:large, max-video-preview:-1\" \/>\n<link rel=\"canonical\" href=\"https:\/\/www.coccigames.com\/index.php\/produit\/wadrhun-founders-exclusive-apex-conqueror\/\" \/>\n<meta property=\"og:locale\" content=\"fr_FR\" \/>\n<meta property=\"og:type\" content=\"article\" \/>\n<meta property=\"og:title\" content=\"WADRHUN - FOUNDER&#039;S EXCLUSIVE APEX CONQUEROR - Coccigames\" \/>\n<meta property=\"og:description\" content=\"Plonge dans un monde de fantasy m\u00e9di\u00e9vale o\u00f9 le destin des royaumes repose entre tes mains. Deviens un v\u00e9ritable chef de guerre avec Conquest, le jeu de figurines !\" \/>\n<meta property=\"og:url\" content=\"https:\/\/www.coccigames.com\/index.php\/produit\/wadrhun-founders-exclusive-apex-conqueror\/\" \/>\n<meta property=\"og:site_name\" content=\"Coccigames\" \/>\n<meta property=\"article:modified_time\" content=\"2026-04-06T07:26:28+00:00\" \/>\n<meta property=\"og:image\" content=\"https:\/\/www.coccigames.com\/wp-content\/uploads\/2025\/11\/conquest-wadrhun-founders-exclusive-apex-conqueror.jpg\" \/>\n\t<meta property=\"og:image:width\" content=\"768\" \/>\n\t<meta property=\"og:image:height\" content=\"768\" \/>\n\t<meta property=\"og:image:type\" content=\"image\/jpeg\" \/>\n<meta name=\"twitter:card\" content=\"summary_large_image\" \/>\n<meta name=\"twitter:label1\" content=\"Dur\u00e9e de lecture estim\u00e9e\" \/>\n\t<meta name=\"twitter:data1\" content=\"1 minute\" \/>\n<script type=\"application\/ld+json\" class=\"yoast-schema-graph\">{\"@context\":\"https:\/\/schema.org\",\"@graph\":[{\"@type\":\"WebPage\",\"@id\":\"https:\/\/www.coccigames.com\/index.php\/produit\/wadrhun-founders-exclusive-apex-conqueror\/\",\"url\":\"https:\/\/www.coccigames.com\/index.php\/produit\/wadrhun-founders-exclusive-apex-conqueror\/\",\"name\":\"WADRHUN - FOUNDER'S EXCLUSIVE APEX CONQUEROR - Coccigames\",\"isPartOf\":{\"@id\":\"https:\/\/www.coccigames.com\/#website\"},\"primaryImageOfPage\":{\"@id\":\"https:\/\/www.coccigames.com\/index.php\/produit\/wadrhun-founders-exclusive-apex-conqueror\/#primaryimage\"},\"image\":{\"@id\":\"https:\/\/www.coccigames.com\/index.php\/produit\/wadrhun-founders-exclusive-apex-conqueror\/#primaryimage\"},\"thumbnailUrl\":\"https:\/\/www.coccigames.com\/wp-content\/uploads\/2025\/11\/conquest-wadrhun-founders-exclusive-apex-conqueror.jpg\",\"datePublished\":\"2025-11-20T20:32:58+00:00\",\"dateModified\":\"2026-04-06T07:26:28+00:00\",\"breadcrumb\":{\"@id\":\"https:\/\/www.coccigames.com\/index.php\/produit\/wadrhun-founders-exclusive-apex-conqueror\/#breadcrumb\"},\"inLanguage\":\"fr-FR\",\"potentialAction\":[{\"@type\":\"ReadAction\",\"target\":[\"https:\/\/www.coccigames.com\/index.php\/produit\/wadrhun-founders-exclusive-apex-conqueror\/\"]}]},{\"@type\":\"ImageObject\",\"inLanguage\":\"fr-FR\",\"@id\":\"https:\/\/www.coccigames.com\/index.php\/produit\/wadrhun-founders-exclusive-apex-conqueror\/#primaryimage\",\"url\":\"https:\/\/www.coccigames.com\/wp-content\/uploads\/2025\/11\/conquest-wadrhun-founders-exclusive-apex-conqueror.jpg\",\"contentUrl\":\"https:\/\/www.coccigames.com\/wp-content\/uploads\/2025\/11\/conquest-wadrhun-founders-exclusive-apex-conqueror.jpg\",\"width\":768,\"height\":768},{\"@type\":\"BreadcrumbList\",\"@id\":\"https:\/\/www.coccigames.com\/index.php\/produit\/wadrhun-founders-exclusive-apex-conqueror\/#breadcrumb\",\"itemListElement\":[{\"@type\":\"ListItem\",\"position\":1,\"name\":\"Accueil\",\"item\":\"https:\/\/www.coccigames.com\/\"},{\"@type\":\"ListItem\",\"position\":2,\"name\":\"Boutique\",\"item\":\"https:\/\/www.coccigames.com\/index.php\/boutique\/\"},{\"@type\":\"ListItem\",\"position\":3,\"name\":\"WADRHUN &#8211; FOUNDER&rsquo;S EXCLUSIVE APEX CONQUEROR\"}]},{\"@type\":\"WebSite\",\"@id\":\"https:\/\/www.coccigames.com\/#website\",\"url\":\"https:\/\/www.coccigames.com\/\",\"name\":\"Coccigames - Figurines et Peintures\",\"description\":\"Figurines et Peintures\",\"publisher\":{\"@id\":\"https:\/\/www.coccigames.com\/#organization\"},\"potentialAction\":[{\"@type\":\"SearchAction\",\"target\":{\"@type\":\"EntryPoint\",\"urlTemplate\":\"https:\/\/www.coccigames.com\/?s={search_term_string}\"},\"query-input\":{\"@type\":\"PropertyValueSpecification\",\"valueRequired\":true,\"valueName\":\"search_term_string\"}}],\"inLanguage\":\"fr-FR\"},{\"@type\":\"Organization\",\"@id\":\"https:\/\/www.coccigames.com\/#organization\",\"name\":\"Coccigames\",\"url\":\"https:\/\/www.coccigames.com\/\",\"logo\":{\"@type\":\"ImageObject\",\"inLanguage\":\"fr-FR\",\"@id\":\"https:\/\/www.coccigames.com\/#\/schema\/logo\/image\/\",\"url\":\"https:\/\/www.coccigames.com\/wp-content\/uploads\/2025\/12\/coccigames_logo_v5.png\",\"contentUrl\":\"https:\/\/www.coccigames.com\/wp-content\/uploads\/2025\/12\/coccigames_logo_v5.png\",\"width\":1768,\"height\":424,\"caption\":\"Coccigames\"},\"image\":{\"@id\":\"https:\/\/www.coccigames.com\/#\/schema\/logo\/image\/\"}}]}<\/script>\n<!-- \/ Yoast SEO plugin. -->","yoast_head_json":{"title":"WADRHUN - FOUNDER'S EXCLUSIVE APEX CONQUEROR - Coccigames","robots":{"index":"index","follow":"follow","max-snippet":"max-snippet:-1","max-image-preview":"max-image-preview:large","max-video-preview":"max-video-preview:-1"},"canonical":"https:\/\/www.coccigames.com\/index.php\/produit\/wadrhun-founders-exclusive-apex-conqueror\/","og_locale":"fr_FR","og_type":"article","og_title":"WADRHUN - FOUNDER'S EXCLUSIVE APEX CONQUEROR - Coccigames","og_description":"Plonge dans un monde de fantasy m\u00e9di\u00e9vale o\u00f9 le destin des royaumes repose entre tes mains. Deviens un v\u00e9ritable chef de guerre avec Conquest, le jeu de figurines !","og_url":"https:\/\/www.coccigames.com\/index.php\/produit\/wadrhun-founders-exclusive-apex-conqueror\/","og_site_name":"Coccigames","article_modified_time":"2026-04-06T07:26:28+00:00","og_image":[{"width":768,"height":768,"url":"https:\/\/www.coccigames.com\/wp-content\/uploads\/2025\/11\/conquest-wadrhun-founders-exclusive-apex-conqueror.jpg","type":"image\/jpeg"}],"twitter_card":"summary_large_image","twitter_misc":{"Dur\u00e9e de lecture estim\u00e9e":"1 minute"},"schema":{"@context":"https:\/\/schema.org","@graph":[{"@type":"WebPage","@id":"https:\/\/www.coccigames.com\/index.php\/produit\/wadrhun-founders-exclusive-apex-conqueror\/","url":"https:\/\/www.coccigames.com\/index.php\/produit\/wadrhun-founders-exclusive-apex-conqueror\/","name":"WADRHUN - FOUNDER'S EXCLUSIVE APEX CONQUEROR - Coccigames","isPartOf":{"@id":"https:\/\/www.coccigames.com\/#website"},"primaryImageOfPage":{"@id":"https:\/\/www.coccigames.com\/index.php\/produit\/wadrhun-founders-exclusive-apex-conqueror\/#primaryimage"},"image":{"@id":"https:\/\/www.coccigames.com\/index.php\/produit\/wadrhun-founders-exclusive-apex-conqueror\/#primaryimage"},"thumbnailUrl":"https:\/\/www.coccigames.com\/wp-content\/uploads\/2025\/11\/conquest-wadrhun-founders-exclusive-apex-conqueror.jpg","datePublished":"2025-11-20T20:32:58+00:00","dateModified":"2026-04-06T07:26:28+00:00","breadcrumb":{"@id":"https:\/\/www.coccigames.com\/index.php\/produit\/wadrhun-founders-exclusive-apex-conqueror\/#breadcrumb"},"inLanguage":"fr-FR","potentialAction":[{"@type":"ReadAction","target":["https:\/\/www.coccigames.com\/index.php\/produit\/wadrhun-founders-exclusive-apex-conqueror\/"]}]},{"@type":"ImageObject","inLanguage":"fr-FR","@id":"https:\/\/www.coccigames.com\/index.php\/produit\/wadrhun-founders-exclusive-apex-conqueror\/#primaryimage","url":"https:\/\/www.coccigames.com\/wp-content\/uploads\/2025\/11\/conquest-wadrhun-founders-exclusive-apex-conqueror.jpg","contentUrl":"https:\/\/www.coccigames.com\/wp-content\/uploads\/2025\/11\/conquest-wadrhun-founders-exclusive-apex-conqueror.jpg","width":768,"height":768},{"@type":"BreadcrumbList","@id":"https:\/\/www.coccigames.com\/index.php\/produit\/wadrhun-founders-exclusive-apex-conqueror\/#breadcrumb","itemListElement":[{"@type":"ListItem","position":1,"name":"Accueil","item":"https:\/\/www.coccigames.com\/"},{"@type":"ListItem","position":2,"name":"Boutique","item":"https:\/\/www.coccigames.com\/index.php\/boutique\/"},{"@type":"ListItem","position":3,"name":"WADRHUN &#8211; FOUNDER&rsquo;S EXCLUSIVE APEX CONQUEROR"}]},{"@type":"WebSite","@id":"https:\/\/www.coccigames.com\/#website","url":"https:\/\/www.coccigames.com\/","name":"Coccigames - Figurines et Peintures","description":"Figurines et Peintures","publisher":{"@id":"https:\/\/www.coccigames.com\/#organization"},"potentialAction":[{"@type":"SearchAction","target":{"@type":"EntryPoint","urlTemplate":"https:\/\/www.coccigames.com\/?s={search_term_string}"},"query-input":{"@type":"PropertyValueSpecification","valueRequired":true,"valueName":"search_term_string"}}],"inLanguage":"fr-FR"},{"@type":"Organization","@id":"https:\/\/www.coccigames.com\/#organization","name":"Coccigames","url":"https:\/\/www.coccigames.com\/","logo":{"@type":"ImageObject","inLanguage":"fr-FR","@id":"https:\/\/www.coccigames.com\/#\/schema\/logo\/image\/","url":"https:\/\/www.coccigames.com\/wp-content\/uploads\/2025\/12\/coccigames_logo_v5.png","contentUrl":"https:\/\/www.coccigames.com\/wp-content\/uploads\/2025\/12\/coccigames_logo_v5.png","width":1768,"height":424,"caption":"Coccigames"},"image":{"@id":"https:\/\/www.coccigames.com\/#\/schema\/logo\/image\/"}}]}},"_links":{"self":[{"href":"https:\/\/www.coccigames.com\/index.php\/wp-json\/wp\/v2\/product\/7107","targetHints":{"allow":["GET"]}}],"collection":[{"href":"https:\/\/www.coccigames.com\/index.php\/wp-json\/wp\/v2\/product"}],"about":[{"href":"https:\/\/www.coccigames.com\/index.php\/wp-json\/wp\/v2\/types\/product"}],"replies":[{"embeddable":true,"href":"https:\/\/www.coccigames.com\/index.php\/wp-json\/wp\/v2\/comments?post=7107"}],"wp:featuredmedia":[{"embeddable":true,"href":"https:\/\/www.coccigames.com\/index.php\/wp-json\/wp\/v2\/media\/6770"}],"wp:attachment":[{"href":"https:\/\/www.coccigames.com\/index.php\/wp-json\/wp\/v2\/media?parent=7107"}],"wp:term":[{"taxonomy":"product_brand","embeddable":true,"href":"https:\/\/www.coccigames.com\/index.php\/wp-json\/wp\/v2\/product_brand?post=7107"},{"taxonomy":"product_cat","embeddable":true,"href":"https:\/\/www.coccigames.com\/index.php\/wp-json\/wp\/v2\/product_cat?post=7107"},{"taxonomy":"product_tag","embeddable":true,"href":"https:\/\/www.coccigames.com\/index.php\/wp-json\/wp\/v2\/product_tag?post=7107"}],"curies":[{"name":"wp","href":"https:\/\/api.w.org\/{rel}","templated":true}]}}