{"id":5705,"date":"2025-11-18T21:15:36","date_gmt":"2025-11-18T20:15:36","guid":{"rendered":"https:\/\/www.coccigames.com\/index.php\/produit\/infinity-anaconda-mercenary-tag-squadron\/"},"modified":"2026-04-06T09:25:44","modified_gmt":"2026-04-06T07:25:44","slug":"infinity-anaconda-mercenary-tag-squadron","status":"publish","type":"product","link":"https:\/\/www.coccigames.com\/index.php\/produit\/infinity-anaconda-mercenary-tag-squadron\/","title":{"rendered":"INFINITY &#8211; ANACONDA, MERCENARY TAG SQUADRON"},"content":{"rendered":"<p>Maintenir une unit\u00e9 m\u00e9canis\u00e9e ind\u00e9pendante op\u00e9rationnelle est une t\u00e2che difficile. M\u00eame dans un march\u00e9 en plein essor comme celui dont b\u00e9n\u00e9ficient actuellement les soldats de fortune \u00e0 travers la Sph\u00e8re. Les co\u00fbts fixes li\u00e9s \u00e0 l&rsquo;entretien quotidien sont exorbitants. M\u00eame sans compter l&rsquo;usure li\u00e9e aux combats, le besoin en pi\u00e8ces de rechange, en machines sp\u00e9cialis\u00e9es, en outils et en personnel qualifi\u00e9 rend les d\u00e9penses fixes cauchemardesques pour n&rsquo;importe quel comptable. Malgr\u00e9 cela, l&rsquo;escadron Anaconda peut se targuer d&rsquo;une longue et brillante carri\u00e8re dans le monde des mercenaires, et m\u00eame avant cela.<\/p>\n","protected":false},"excerpt":{"rendered":"<p>Maintenir une unit\u00e9 m\u00e9canis\u00e9e ind\u00e9pendante op\u00e9rationnelle est une t\u00e2che difficile. M\u00eame dans un march\u00e9 en plein essor comme celui dont b\u00e9n\u00e9ficient actuellement les soldats de fortune \u00e0 travers la Sph\u00e8re. Les co\u00fbts fixes li\u00e9s \u00e0 l&rsquo;entretien quotidien sont exorbitants. M\u00eame sans compter l&rsquo;usure li\u00e9e aux&hellip;<\/p>\n","protected":false},"featured_media":5704,"comment_status":"open","ping_status":"closed","template":"","meta":[],"product_brand":[205],"product_cat":[204],"product_tag":[],"class_list":{"0":"post-5705","1":"product","2":"type-product","3":"status-publish","4":"has-post-thumbnail","6":"product_brand-corvus-belli","7":"product_cat-infinity","9":"first","10":"onbackorder","11":"sale","12":"taxable","13":"shipping-taxable","14":"purchasable","15":"product-type-simple"},"yoast_head":"<!-- This site is optimized with the Yoast SEO plugin v26.4 - https:\/\/yoast.com\/wordpress\/plugins\/seo\/ -->\n<title>INFINITY - ANACONDA, MERCENARY TAG SQUADRON - Coccigames<\/title>\n<meta name=\"robots\" content=\"index, follow, max-snippet:-1, max-image-preview:large, max-video-preview:-1\" \/>\n<link rel=\"canonical\" href=\"https:\/\/www.coccigames.com\/index.php\/produit\/infinity-anaconda-mercenary-tag-squadron\/\" \/>\n<meta property=\"og:locale\" content=\"fr_FR\" \/>\n<meta property=\"og:type\" content=\"article\" \/>\n<meta property=\"og:title\" content=\"INFINITY - ANACONDA, MERCENARY TAG SQUADRON - Coccigames\" \/>\n<meta property=\"og:description\" content=\"Maintenir une unit\u00e9 m\u00e9canis\u00e9e ind\u00e9pendante op\u00e9rationnelle est une t\u00e2che difficile. M\u00eame dans un march\u00e9 en plein essor comme celui dont b\u00e9n\u00e9ficient actuellement les soldats de fortune \u00e0 travers la Sph\u00e8re. Les co\u00fbts fixes li\u00e9s \u00e0 l&rsquo;entretien quotidien sont exorbitants. M\u00eame sans compter l&rsquo;usure li\u00e9e aux&hellip;\" \/>\n<meta property=\"og:url\" content=\"https:\/\/www.coccigames.com\/index.php\/produit\/infinity-anaconda-mercenary-tag-squadron\/\" \/>\n<meta property=\"og:site_name\" content=\"Coccigames\" \/>\n<meta property=\"article:modified_time\" content=\"2026-04-06T07:25:44+00:00\" \/>\n<meta property=\"og:image\" content=\"https:\/\/www.coccigames.com\/wp-content\/uploads\/2025\/11\/infinity-anaconda-mercenary-tag-squadron.jpg\" \/>\n\t<meta property=\"og:image:width\" content=\"921\" \/>\n\t<meta property=\"og:image:height\" content=\"691\" \/>\n\t<meta property=\"og:image:type\" content=\"image\/jpeg\" \/>\n<meta name=\"twitter:card\" content=\"summary_large_image\" \/>\n<meta name=\"twitter:label1\" content=\"Dur\u00e9e de lecture estim\u00e9e\" \/>\n\t<meta name=\"twitter:data1\" content=\"1 minute\" \/>\n<script type=\"application\/ld+json\" class=\"yoast-schema-graph\">{\"@context\":\"https:\/\/schema.org\",\"@graph\":[{\"@type\":\"WebPage\",\"@id\":\"https:\/\/www.coccigames.com\/index.php\/produit\/infinity-anaconda-mercenary-tag-squadron\/\",\"url\":\"https:\/\/www.coccigames.com\/index.php\/produit\/infinity-anaconda-mercenary-tag-squadron\/\",\"name\":\"INFINITY - ANACONDA, MERCENARY TAG SQUADRON - Coccigames\",\"isPartOf\":{\"@id\":\"https:\/\/www.coccigames.com\/#website\"},\"primaryImageOfPage\":{\"@id\":\"https:\/\/www.coccigames.com\/index.php\/produit\/infinity-anaconda-mercenary-tag-squadron\/#primaryimage\"},\"image\":{\"@id\":\"https:\/\/www.coccigames.com\/index.php\/produit\/infinity-anaconda-mercenary-tag-squadron\/#primaryimage\"},\"thumbnailUrl\":\"https:\/\/www.coccigames.com\/wp-content\/uploads\/2025\/11\/infinity-anaconda-mercenary-tag-squadron.jpg\",\"datePublished\":\"2025-11-18T20:15:36+00:00\",\"dateModified\":\"2026-04-06T07:25:44+00:00\",\"breadcrumb\":{\"@id\":\"https:\/\/www.coccigames.com\/index.php\/produit\/infinity-anaconda-mercenary-tag-squadron\/#breadcrumb\"},\"inLanguage\":\"fr-FR\",\"potentialAction\":[{\"@type\":\"ReadAction\",\"target\":[\"https:\/\/www.coccigames.com\/index.php\/produit\/infinity-anaconda-mercenary-tag-squadron\/\"]}]},{\"@type\":\"ImageObject\",\"inLanguage\":\"fr-FR\",\"@id\":\"https:\/\/www.coccigames.com\/index.php\/produit\/infinity-anaconda-mercenary-tag-squadron\/#primaryimage\",\"url\":\"https:\/\/www.coccigames.com\/wp-content\/uploads\/2025\/11\/infinity-anaconda-mercenary-tag-squadron.jpg\",\"contentUrl\":\"https:\/\/www.coccigames.com\/wp-content\/uploads\/2025\/11\/infinity-anaconda-mercenary-tag-squadron.jpg\",\"width\":921,\"height\":691},{\"@type\":\"BreadcrumbList\",\"@id\":\"https:\/\/www.coccigames.com\/index.php\/produit\/infinity-anaconda-mercenary-tag-squadron\/#breadcrumb\",\"itemListElement\":[{\"@type\":\"ListItem\",\"position\":1,\"name\":\"Accueil\",\"item\":\"https:\/\/www.coccigames.com\/\"},{\"@type\":\"ListItem\",\"position\":2,\"name\":\"Boutique\",\"item\":\"https:\/\/www.coccigames.com\/index.php\/boutique\/\"},{\"@type\":\"ListItem\",\"position\":3,\"name\":\"INFINITY &#8211; ANACONDA, MERCENARY TAG SQUADRON\"}]},{\"@type\":\"WebSite\",\"@id\":\"https:\/\/www.coccigames.com\/#website\",\"url\":\"https:\/\/www.coccigames.com\/\",\"name\":\"Coccigames - Figurines et Peintures\",\"description\":\"Figurines et Peintures\",\"publisher\":{\"@id\":\"https:\/\/www.coccigames.com\/#organization\"},\"potentialAction\":[{\"@type\":\"SearchAction\",\"target\":{\"@type\":\"EntryPoint\",\"urlTemplate\":\"https:\/\/www.coccigames.com\/?s={search_term_string}\"},\"query-input\":{\"@type\":\"PropertyValueSpecification\",\"valueRequired\":true,\"valueName\":\"search_term_string\"}}],\"inLanguage\":\"fr-FR\"},{\"@type\":\"Organization\",\"@id\":\"https:\/\/www.coccigames.com\/#organization\",\"name\":\"Coccigames\",\"url\":\"https:\/\/www.coccigames.com\/\",\"logo\":{\"@type\":\"ImageObject\",\"inLanguage\":\"fr-FR\",\"@id\":\"https:\/\/www.coccigames.com\/#\/schema\/logo\/image\/\",\"url\":\"https:\/\/www.coccigames.com\/wp-content\/uploads\/2025\/12\/coccigames_logo_v5.png\",\"contentUrl\":\"https:\/\/www.coccigames.com\/wp-content\/uploads\/2025\/12\/coccigames_logo_v5.png\",\"width\":1768,\"height\":424,\"caption\":\"Coccigames\"},\"image\":{\"@id\":\"https:\/\/www.coccigames.com\/#\/schema\/logo\/image\/\"}}]}<\/script>\n<!-- \/ Yoast SEO plugin. -->","yoast_head_json":{"title":"INFINITY - ANACONDA, MERCENARY TAG SQUADRON - Coccigames","robots":{"index":"index","follow":"follow","max-snippet":"max-snippet:-1","max-image-preview":"max-image-preview:large","max-video-preview":"max-video-preview:-1"},"canonical":"https:\/\/www.coccigames.com\/index.php\/produit\/infinity-anaconda-mercenary-tag-squadron\/","og_locale":"fr_FR","og_type":"article","og_title":"INFINITY - ANACONDA, MERCENARY TAG SQUADRON - Coccigames","og_description":"Maintenir une unit\u00e9 m\u00e9canis\u00e9e ind\u00e9pendante op\u00e9rationnelle est une t\u00e2che difficile. M\u00eame dans un march\u00e9 en plein essor comme celui dont b\u00e9n\u00e9ficient actuellement les soldats de fortune \u00e0 travers la Sph\u00e8re. Les co\u00fbts fixes li\u00e9s \u00e0 l&rsquo;entretien quotidien sont exorbitants. M\u00eame sans compter l&rsquo;usure li\u00e9e aux&hellip;","og_url":"https:\/\/www.coccigames.com\/index.php\/produit\/infinity-anaconda-mercenary-tag-squadron\/","og_site_name":"Coccigames","article_modified_time":"2026-04-06T07:25:44+00:00","og_image":[{"width":921,"height":691,"url":"https:\/\/www.coccigames.com\/wp-content\/uploads\/2025\/11\/infinity-anaconda-mercenary-tag-squadron.jpg","type":"image\/jpeg"}],"twitter_card":"summary_large_image","twitter_misc":{"Dur\u00e9e de lecture estim\u00e9e":"1 minute"},"schema":{"@context":"https:\/\/schema.org","@graph":[{"@type":"WebPage","@id":"https:\/\/www.coccigames.com\/index.php\/produit\/infinity-anaconda-mercenary-tag-squadron\/","url":"https:\/\/www.coccigames.com\/index.php\/produit\/infinity-anaconda-mercenary-tag-squadron\/","name":"INFINITY - ANACONDA, MERCENARY TAG SQUADRON - Coccigames","isPartOf":{"@id":"https:\/\/www.coccigames.com\/#website"},"primaryImageOfPage":{"@id":"https:\/\/www.coccigames.com\/index.php\/produit\/infinity-anaconda-mercenary-tag-squadron\/#primaryimage"},"image":{"@id":"https:\/\/www.coccigames.com\/index.php\/produit\/infinity-anaconda-mercenary-tag-squadron\/#primaryimage"},"thumbnailUrl":"https:\/\/www.coccigames.com\/wp-content\/uploads\/2025\/11\/infinity-anaconda-mercenary-tag-squadron.jpg","datePublished":"2025-11-18T20:15:36+00:00","dateModified":"2026-04-06T07:25:44+00:00","breadcrumb":{"@id":"https:\/\/www.coccigames.com\/index.php\/produit\/infinity-anaconda-mercenary-tag-squadron\/#breadcrumb"},"inLanguage":"fr-FR","potentialAction":[{"@type":"ReadAction","target":["https:\/\/www.coccigames.com\/index.php\/produit\/infinity-anaconda-mercenary-tag-squadron\/"]}]},{"@type":"ImageObject","inLanguage":"fr-FR","@id":"https:\/\/www.coccigames.com\/index.php\/produit\/infinity-anaconda-mercenary-tag-squadron\/#primaryimage","url":"https:\/\/www.coccigames.com\/wp-content\/uploads\/2025\/11\/infinity-anaconda-mercenary-tag-squadron.jpg","contentUrl":"https:\/\/www.coccigames.com\/wp-content\/uploads\/2025\/11\/infinity-anaconda-mercenary-tag-squadron.jpg","width":921,"height":691},{"@type":"BreadcrumbList","@id":"https:\/\/www.coccigames.com\/index.php\/produit\/infinity-anaconda-mercenary-tag-squadron\/#breadcrumb","itemListElement":[{"@type":"ListItem","position":1,"name":"Accueil","item":"https:\/\/www.coccigames.com\/"},{"@type":"ListItem","position":2,"name":"Boutique","item":"https:\/\/www.coccigames.com\/index.php\/boutique\/"},{"@type":"ListItem","position":3,"name":"INFINITY &#8211; ANACONDA, MERCENARY TAG SQUADRON"}]},{"@type":"WebSite","@id":"https:\/\/www.coccigames.com\/#website","url":"https:\/\/www.coccigames.com\/","name":"Coccigames - Figurines et Peintures","description":"Figurines et Peintures","publisher":{"@id":"https:\/\/www.coccigames.com\/#organization"},"potentialAction":[{"@type":"SearchAction","target":{"@type":"EntryPoint","urlTemplate":"https:\/\/www.coccigames.com\/?s={search_term_string}"},"query-input":{"@type":"PropertyValueSpecification","valueRequired":true,"valueName":"search_term_string"}}],"inLanguage":"fr-FR"},{"@type":"Organization","@id":"https:\/\/www.coccigames.com\/#organization","name":"Coccigames","url":"https:\/\/www.coccigames.com\/","logo":{"@type":"ImageObject","inLanguage":"fr-FR","@id":"https:\/\/www.coccigames.com\/#\/schema\/logo\/image\/","url":"https:\/\/www.coccigames.com\/wp-content\/uploads\/2025\/12\/coccigames_logo_v5.png","contentUrl":"https:\/\/www.coccigames.com\/wp-content\/uploads\/2025\/12\/coccigames_logo_v5.png","width":1768,"height":424,"caption":"Coccigames"},"image":{"@id":"https:\/\/www.coccigames.com\/#\/schema\/logo\/image\/"}}]}},"_links":{"self":[{"href":"https:\/\/www.coccigames.com\/index.php\/wp-json\/wp\/v2\/product\/5705","targetHints":{"allow":["GET"]}}],"collection":[{"href":"https:\/\/www.coccigames.com\/index.php\/wp-json\/wp\/v2\/product"}],"about":[{"href":"https:\/\/www.coccigames.com\/index.php\/wp-json\/wp\/v2\/types\/product"}],"replies":[{"embeddable":true,"href":"https:\/\/www.coccigames.com\/index.php\/wp-json\/wp\/v2\/comments?post=5705"}],"wp:featuredmedia":[{"embeddable":true,"href":"https:\/\/www.coccigames.com\/index.php\/wp-json\/wp\/v2\/media\/5704"}],"wp:attachment":[{"href":"https:\/\/www.coccigames.com\/index.php\/wp-json\/wp\/v2\/media?parent=5705"}],"wp:term":[{"taxonomy":"product_brand","embeddable":true,"href":"https:\/\/www.coccigames.com\/index.php\/wp-json\/wp\/v2\/product_brand?post=5705"},{"taxonomy":"product_cat","embeddable":true,"href":"https:\/\/www.coccigames.com\/index.php\/wp-json\/wp\/v2\/product_cat?post=5705"},{"taxonomy":"product_tag","embeddable":true,"href":"https:\/\/www.coccigames.com\/index.php\/wp-json\/wp\/v2\/product_tag?post=5705"}],"curies":[{"name":"wp","href":"https:\/\/api.w.org\/{rel}","templated":true}]}}