{"id":5398,"date":"2025-11-18T05:33:58","date_gmt":"2025-11-18T04:33:58","guid":{"rendered":"https:\/\/www.coccigames.com\/index.php\/produit\/infinity-jsa-oban-expansion-pack-alpha\/"},"modified":"2026-04-06T09:25:38","modified_gmt":"2026-04-06T07:25:38","slug":"infinity-jsa-oban-expansion-pack-alpha","status":"publish","type":"product","link":"https:\/\/www.coccigames.com\/index.php\/produit\/infinity-jsa-oban-expansion-pack-alpha\/","title":{"rendered":"INFINITY &#8211; JSA OBAN EXPANSION PACK ALPHA"},"content":{"rendered":"<p>Fatigu\u00e9s des humiliations constantes subies depuis leur annexion \u00e0 l&rsquo;Empire, les Japonais ont revendiqu\u00e9 leur libert\u00e9 et ont pay\u00e9 un lourd tribut en vies humaines pendant le soul\u00e8vement. C&rsquo;est ainsi qu&rsquo;est n\u00e9 le Grand Japon ind\u00e9pendant, une nation renaissant sous le code du Bushido et d\u00e9fendue par la fi\u00e8re et implacable Arm\u00e9e s\u00e9cessionniste japonaise (JSA), dont les membres vivent et meurent selon la Voie du Samoura\u00ef.<\/p>\n","protected":false},"excerpt":{"rendered":"<p>Fatigu\u00e9s des humiliations constantes subies depuis leur annexion \u00e0 l&rsquo;Empire, les Japonais ont revendiqu\u00e9 leur libert\u00e9 et ont pay\u00e9 un lourd tribut en vies humaines pendant le soul\u00e8vement. C&rsquo;est ainsi qu&rsquo;est n\u00e9 le Grand Japon ind\u00e9pendant, une nation renaissant sous le code du Bushido et&hellip;<\/p>\n","protected":false},"featured_media":5397,"comment_status":"open","ping_status":"closed","template":"","meta":[],"product_brand":[205],"product_cat":[6132],"product_tag":[211],"class_list":{"0":"post-5398","1":"product","2":"type-product","3":"status-publish","4":"has-post-thumbnail","6":"product_brand-corvus-belli","7":"product_cat-na2-jsa","8":"product_tag-na2-jsa","10":"first","11":"onbackorder","12":"sale","13":"taxable","14":"shipping-taxable","15":"purchasable","16":"product-type-simple"},"yoast_head":"<!-- This site is optimized with the Yoast SEO plugin v26.4 - https:\/\/yoast.com\/wordpress\/plugins\/seo\/ -->\n<title>INFINITY - JSA OBAN EXPANSION PACK ALPHA - Coccigames<\/title>\n<meta name=\"robots\" content=\"index, follow, max-snippet:-1, max-image-preview:large, max-video-preview:-1\" \/>\n<link rel=\"canonical\" href=\"https:\/\/www.coccigames.com\/index.php\/produit\/infinity-jsa-oban-expansion-pack-alpha\/\" \/>\n<meta property=\"og:locale\" content=\"fr_FR\" \/>\n<meta property=\"og:type\" content=\"article\" \/>\n<meta property=\"og:title\" content=\"INFINITY - JSA OBAN EXPANSION PACK ALPHA - Coccigames\" \/>\n<meta property=\"og:description\" content=\"Fatigu\u00e9s des humiliations constantes subies depuis leur annexion \u00e0 l&rsquo;Empire, les Japonais ont revendiqu\u00e9 leur libert\u00e9 et ont pay\u00e9 un lourd tribut en vies humaines pendant le soul\u00e8vement. C&rsquo;est ainsi qu&rsquo;est n\u00e9 le Grand Japon ind\u00e9pendant, une nation renaissant sous le code du Bushido et&hellip;\" \/>\n<meta property=\"og:url\" content=\"https:\/\/www.coccigames.com\/index.php\/produit\/infinity-jsa-oban-expansion-pack-alpha\/\" \/>\n<meta property=\"og:site_name\" content=\"Coccigames\" \/>\n<meta property=\"article:modified_time\" content=\"2026-04-06T07:25:38+00:00\" \/>\n<meta property=\"og:image\" content=\"https:\/\/www.coccigames.com\/wp-content\/uploads\/2025\/11\/infinity-jsa-oban-expansion-pack-alpha.jpg\" \/>\n\t<meta property=\"og:image:width\" content=\"921\" \/>\n\t<meta property=\"og:image:height\" content=\"691\" \/>\n\t<meta property=\"og:image:type\" content=\"image\/jpeg\" \/>\n<meta name=\"twitter:card\" content=\"summary_large_image\" \/>\n<meta name=\"twitter:label1\" content=\"Dur\u00e9e de lecture estim\u00e9e\" \/>\n\t<meta name=\"twitter:data1\" content=\"1 minute\" \/>\n<script type=\"application\/ld+json\" class=\"yoast-schema-graph\">{\"@context\":\"https:\/\/schema.org\",\"@graph\":[{\"@type\":\"WebPage\",\"@id\":\"https:\/\/www.coccigames.com\/index.php\/produit\/infinity-jsa-oban-expansion-pack-alpha\/\",\"url\":\"https:\/\/www.coccigames.com\/index.php\/produit\/infinity-jsa-oban-expansion-pack-alpha\/\",\"name\":\"INFINITY - JSA OBAN EXPANSION PACK ALPHA - Coccigames\",\"isPartOf\":{\"@id\":\"https:\/\/www.coccigames.com\/#website\"},\"primaryImageOfPage\":{\"@id\":\"https:\/\/www.coccigames.com\/index.php\/produit\/infinity-jsa-oban-expansion-pack-alpha\/#primaryimage\"},\"image\":{\"@id\":\"https:\/\/www.coccigames.com\/index.php\/produit\/infinity-jsa-oban-expansion-pack-alpha\/#primaryimage\"},\"thumbnailUrl\":\"https:\/\/www.coccigames.com\/wp-content\/uploads\/2025\/11\/infinity-jsa-oban-expansion-pack-alpha.jpg\",\"datePublished\":\"2025-11-18T04:33:58+00:00\",\"dateModified\":\"2026-04-06T07:25:38+00:00\",\"breadcrumb\":{\"@id\":\"https:\/\/www.coccigames.com\/index.php\/produit\/infinity-jsa-oban-expansion-pack-alpha\/#breadcrumb\"},\"inLanguage\":\"fr-FR\",\"potentialAction\":[{\"@type\":\"ReadAction\",\"target\":[\"https:\/\/www.coccigames.com\/index.php\/produit\/infinity-jsa-oban-expansion-pack-alpha\/\"]}]},{\"@type\":\"ImageObject\",\"inLanguage\":\"fr-FR\",\"@id\":\"https:\/\/www.coccigames.com\/index.php\/produit\/infinity-jsa-oban-expansion-pack-alpha\/#primaryimage\",\"url\":\"https:\/\/www.coccigames.com\/wp-content\/uploads\/2025\/11\/infinity-jsa-oban-expansion-pack-alpha.jpg\",\"contentUrl\":\"https:\/\/www.coccigames.com\/wp-content\/uploads\/2025\/11\/infinity-jsa-oban-expansion-pack-alpha.jpg\",\"width\":921,\"height\":691},{\"@type\":\"BreadcrumbList\",\"@id\":\"https:\/\/www.coccigames.com\/index.php\/produit\/infinity-jsa-oban-expansion-pack-alpha\/#breadcrumb\",\"itemListElement\":[{\"@type\":\"ListItem\",\"position\":1,\"name\":\"Accueil\",\"item\":\"https:\/\/www.coccigames.com\/\"},{\"@type\":\"ListItem\",\"position\":2,\"name\":\"Boutique\",\"item\":\"https:\/\/www.coccigames.com\/index.php\/boutique\/\"},{\"@type\":\"ListItem\",\"position\":3,\"name\":\"INFINITY &#8211; JSA OBAN EXPANSION PACK ALPHA\"}]},{\"@type\":\"WebSite\",\"@id\":\"https:\/\/www.coccigames.com\/#website\",\"url\":\"https:\/\/www.coccigames.com\/\",\"name\":\"Coccigames - Figurines et Peintures\",\"description\":\"Figurines et Peintures\",\"publisher\":{\"@id\":\"https:\/\/www.coccigames.com\/#organization\"},\"potentialAction\":[{\"@type\":\"SearchAction\",\"target\":{\"@type\":\"EntryPoint\",\"urlTemplate\":\"https:\/\/www.coccigames.com\/?s={search_term_string}\"},\"query-input\":{\"@type\":\"PropertyValueSpecification\",\"valueRequired\":true,\"valueName\":\"search_term_string\"}}],\"inLanguage\":\"fr-FR\"},{\"@type\":\"Organization\",\"@id\":\"https:\/\/www.coccigames.com\/#organization\",\"name\":\"Coccigames\",\"url\":\"https:\/\/www.coccigames.com\/\",\"logo\":{\"@type\":\"ImageObject\",\"inLanguage\":\"fr-FR\",\"@id\":\"https:\/\/www.coccigames.com\/#\/schema\/logo\/image\/\",\"url\":\"https:\/\/www.coccigames.com\/wp-content\/uploads\/2025\/12\/coccigames_logo_v5.png\",\"contentUrl\":\"https:\/\/www.coccigames.com\/wp-content\/uploads\/2025\/12\/coccigames_logo_v5.png\",\"width\":1768,\"height\":424,\"caption\":\"Coccigames\"},\"image\":{\"@id\":\"https:\/\/www.coccigames.com\/#\/schema\/logo\/image\/\"}}]}<\/script>\n<!-- \/ Yoast SEO plugin. -->","yoast_head_json":{"title":"INFINITY - JSA OBAN EXPANSION PACK ALPHA - Coccigames","robots":{"index":"index","follow":"follow","max-snippet":"max-snippet:-1","max-image-preview":"max-image-preview:large","max-video-preview":"max-video-preview:-1"},"canonical":"https:\/\/www.coccigames.com\/index.php\/produit\/infinity-jsa-oban-expansion-pack-alpha\/","og_locale":"fr_FR","og_type":"article","og_title":"INFINITY - JSA OBAN EXPANSION PACK ALPHA - Coccigames","og_description":"Fatigu\u00e9s des humiliations constantes subies depuis leur annexion \u00e0 l&rsquo;Empire, les Japonais ont revendiqu\u00e9 leur libert\u00e9 et ont pay\u00e9 un lourd tribut en vies humaines pendant le soul\u00e8vement. C&rsquo;est ainsi qu&rsquo;est n\u00e9 le Grand Japon ind\u00e9pendant, une nation renaissant sous le code du Bushido et&hellip;","og_url":"https:\/\/www.coccigames.com\/index.php\/produit\/infinity-jsa-oban-expansion-pack-alpha\/","og_site_name":"Coccigames","article_modified_time":"2026-04-06T07:25:38+00:00","og_image":[{"width":921,"height":691,"url":"https:\/\/www.coccigames.com\/wp-content\/uploads\/2025\/11\/infinity-jsa-oban-expansion-pack-alpha.jpg","type":"image\/jpeg"}],"twitter_card":"summary_large_image","twitter_misc":{"Dur\u00e9e de lecture estim\u00e9e":"1 minute"},"schema":{"@context":"https:\/\/schema.org","@graph":[{"@type":"WebPage","@id":"https:\/\/www.coccigames.com\/index.php\/produit\/infinity-jsa-oban-expansion-pack-alpha\/","url":"https:\/\/www.coccigames.com\/index.php\/produit\/infinity-jsa-oban-expansion-pack-alpha\/","name":"INFINITY - JSA OBAN EXPANSION PACK ALPHA - Coccigames","isPartOf":{"@id":"https:\/\/www.coccigames.com\/#website"},"primaryImageOfPage":{"@id":"https:\/\/www.coccigames.com\/index.php\/produit\/infinity-jsa-oban-expansion-pack-alpha\/#primaryimage"},"image":{"@id":"https:\/\/www.coccigames.com\/index.php\/produit\/infinity-jsa-oban-expansion-pack-alpha\/#primaryimage"},"thumbnailUrl":"https:\/\/www.coccigames.com\/wp-content\/uploads\/2025\/11\/infinity-jsa-oban-expansion-pack-alpha.jpg","datePublished":"2025-11-18T04:33:58+00:00","dateModified":"2026-04-06T07:25:38+00:00","breadcrumb":{"@id":"https:\/\/www.coccigames.com\/index.php\/produit\/infinity-jsa-oban-expansion-pack-alpha\/#breadcrumb"},"inLanguage":"fr-FR","potentialAction":[{"@type":"ReadAction","target":["https:\/\/www.coccigames.com\/index.php\/produit\/infinity-jsa-oban-expansion-pack-alpha\/"]}]},{"@type":"ImageObject","inLanguage":"fr-FR","@id":"https:\/\/www.coccigames.com\/index.php\/produit\/infinity-jsa-oban-expansion-pack-alpha\/#primaryimage","url":"https:\/\/www.coccigames.com\/wp-content\/uploads\/2025\/11\/infinity-jsa-oban-expansion-pack-alpha.jpg","contentUrl":"https:\/\/www.coccigames.com\/wp-content\/uploads\/2025\/11\/infinity-jsa-oban-expansion-pack-alpha.jpg","width":921,"height":691},{"@type":"BreadcrumbList","@id":"https:\/\/www.coccigames.com\/index.php\/produit\/infinity-jsa-oban-expansion-pack-alpha\/#breadcrumb","itemListElement":[{"@type":"ListItem","position":1,"name":"Accueil","item":"https:\/\/www.coccigames.com\/"},{"@type":"ListItem","position":2,"name":"Boutique","item":"https:\/\/www.coccigames.com\/index.php\/boutique\/"},{"@type":"ListItem","position":3,"name":"INFINITY &#8211; JSA OBAN EXPANSION PACK ALPHA"}]},{"@type":"WebSite","@id":"https:\/\/www.coccigames.com\/#website","url":"https:\/\/www.coccigames.com\/","name":"Coccigames - Figurines et Peintures","description":"Figurines et Peintures","publisher":{"@id":"https:\/\/www.coccigames.com\/#organization"},"potentialAction":[{"@type":"SearchAction","target":{"@type":"EntryPoint","urlTemplate":"https:\/\/www.coccigames.com\/?s={search_term_string}"},"query-input":{"@type":"PropertyValueSpecification","valueRequired":true,"valueName":"search_term_string"}}],"inLanguage":"fr-FR"},{"@type":"Organization","@id":"https:\/\/www.coccigames.com\/#organization","name":"Coccigames","url":"https:\/\/www.coccigames.com\/","logo":{"@type":"ImageObject","inLanguage":"fr-FR","@id":"https:\/\/www.coccigames.com\/#\/schema\/logo\/image\/","url":"https:\/\/www.coccigames.com\/wp-content\/uploads\/2025\/12\/coccigames_logo_v5.png","contentUrl":"https:\/\/www.coccigames.com\/wp-content\/uploads\/2025\/12\/coccigames_logo_v5.png","width":1768,"height":424,"caption":"Coccigames"},"image":{"@id":"https:\/\/www.coccigames.com\/#\/schema\/logo\/image\/"}}]}},"_links":{"self":[{"href":"https:\/\/www.coccigames.com\/index.php\/wp-json\/wp\/v2\/product\/5398","targetHints":{"allow":["GET"]}}],"collection":[{"href":"https:\/\/www.coccigames.com\/index.php\/wp-json\/wp\/v2\/product"}],"about":[{"href":"https:\/\/www.coccigames.com\/index.php\/wp-json\/wp\/v2\/types\/product"}],"replies":[{"embeddable":true,"href":"https:\/\/www.coccigames.com\/index.php\/wp-json\/wp\/v2\/comments?post=5398"}],"wp:featuredmedia":[{"embeddable":true,"href":"https:\/\/www.coccigames.com\/index.php\/wp-json\/wp\/v2\/media\/5397"}],"wp:attachment":[{"href":"https:\/\/www.coccigames.com\/index.php\/wp-json\/wp\/v2\/media?parent=5398"}],"wp:term":[{"taxonomy":"product_brand","embeddable":true,"href":"https:\/\/www.coccigames.com\/index.php\/wp-json\/wp\/v2\/product_brand?post=5398"},{"taxonomy":"product_cat","embeddable":true,"href":"https:\/\/www.coccigames.com\/index.php\/wp-json\/wp\/v2\/product_cat?post=5398"},{"taxonomy":"product_tag","embeddable":true,"href":"https:\/\/www.coccigames.com\/index.php\/wp-json\/wp\/v2\/product_tag?post=5398"}],"curies":[{"name":"wp","href":"https:\/\/api.w.org\/{rel}","templated":true}]}}