{"id":5176,"date":"2025-11-16T18:27:01","date_gmt":"2025-11-16T17:27:01","guid":{"rendered":"https:\/\/www.coccigames.com\/index.php\/produit\/gardien-des-secrets\/"},"modified":"2026-04-06T09:25:34","modified_gmt":"2026-04-06T07:25:34","slug":"gardien-des-secrets","status":"publish","type":"product","link":"https:\/\/www.coccigames.com\/index.php\/produit\/gardien-des-secrets\/","title":{"rendered":"GARDIEN DES SECRETS"},"content":{"rendered":"<p>Les Gardiens des Secrets sont d&rsquo;une intelligence sombre, horriblement envo\u00fbtants et redoutables au combat. Ils sont les plus grands champions des l\u00e9gions d\u00e9moniaques de Slaanesh. Maniant de magnifiques armes corrompues et une sorcellerie bas\u00e9e sur l&rsquo;obsession et le tourment, ces d\u00e9mons se taillent un passage \u00e9l\u00e9gant et effarant \u00e0 travers le champ de bataille.  Ce kit en plastique permet d&rsquo;assembler un Gardien des Secrets pour vos arm\u00e9es d&rsquo;Emperor&rsquo;s Children ou de D\u00e9mons du Chaos \u00e0 Warhammer 40,000, ou pour vos arm\u00e9es d&rsquo;H\u00e9donites de Slaanesh \u00e0 Warhammer Age of Sigmar. \u00c9tant les plus puissants et les plus dangereux des serviteurs de Slaanesh, ces combattants gigantesques savent faucher les guerriers ennemis sous un d\u00e9luge d&rsquo;attaques.  Le Gardien des Secrets peut \u00eatre assembl\u00e9 en choisissant parmi deux t\u00eates, et peut avoir une main griffue ouverte, ou porter un couteau rituel, un fouet vivant ou une \u00e9gide lustr\u00e9e, ce qui permet de personnaliser facilement votre d\u00e9mon enj\u00f4leur. Ce kit permet autrement d&rsquo;assembler Shalaxi Helbane.<\/p>\n","protected":false},"excerpt":{"rendered":"<p>Les Gardiens des Secrets sont d&rsquo;une intelligence sombre, horriblement envo\u00fbtants et redoutables au combat. Ils sont les plus grands champions des l\u00e9gions d\u00e9moniaques de Slaanesh. Maniant de magnifiques armes corrompues et une sorcellerie bas\u00e9e sur l&rsquo;obsession et le tourment, ces d\u00e9mons se taillent un passage&hellip;<\/p>\n","protected":false},"featured_media":5191,"comment_status":"open","ping_status":"closed","template":"","meta":[],"product_brand":[23],"product_cat":[450,6100],"product_tag":[],"class_list":{"0":"post-5176","1":"product","2":"type-product","3":"status-publish","4":"has-post-thumbnail","6":"product_brand-games-workshop","7":"product_cat-chaos-daemons","8":"product_cat-disciple-of-tzeentch","10":"first","11":"onbackorder","12":"sale","13":"taxable","14":"shipping-taxable","15":"purchasable","16":"product-type-simple"},"yoast_head":"<!-- This site is optimized with the Yoast SEO plugin v26.4 - https:\/\/yoast.com\/wordpress\/plugins\/seo\/ -->\n<title>GARDIEN DES SECRETS - Coccigames<\/title>\n<meta name=\"robots\" content=\"index, follow, max-snippet:-1, max-image-preview:large, max-video-preview:-1\" \/>\n<link rel=\"canonical\" href=\"https:\/\/www.coccigames.com\/index.php\/produit\/gardien-des-secrets\/\" \/>\n<meta property=\"og:locale\" content=\"fr_FR\" \/>\n<meta property=\"og:type\" content=\"article\" \/>\n<meta property=\"og:title\" content=\"GARDIEN DES SECRETS - Coccigames\" \/>\n<meta property=\"og:description\" content=\"Les Gardiens des Secrets sont d&rsquo;une intelligence sombre, horriblement envo\u00fbtants et redoutables au combat. Ils sont les plus grands champions des l\u00e9gions d\u00e9moniaques de Slaanesh. Maniant de magnifiques armes corrompues et une sorcellerie bas\u00e9e sur l&rsquo;obsession et le tourment, ces d\u00e9mons se taillent un passage&hellip;\" \/>\n<meta property=\"og:url\" content=\"https:\/\/www.coccigames.com\/index.php\/produit\/gardien-des-secrets\/\" \/>\n<meta property=\"og:site_name\" content=\"Coccigames\" \/>\n<meta property=\"article:modified_time\" content=\"2026-04-06T07:25:34+00:00\" \/>\n<meta property=\"og:image\" content=\"https:\/\/www.coccigames.com\/wp-content\/uploads\/2025\/11\/GARDIEN-DES-SECRETS.webp\" \/>\n\t<meta property=\"og:image:width\" content=\"700\" \/>\n\t<meta property=\"og:image:height\" content=\"700\" \/>\n\t<meta property=\"og:image:type\" content=\"image\/webp\" \/>\n<meta name=\"twitter:card\" content=\"summary_large_image\" \/>\n<meta name=\"twitter:label1\" content=\"Dur\u00e9e de lecture estim\u00e9e\" \/>\n\t<meta name=\"twitter:data1\" content=\"1 minute\" \/>\n<script type=\"application\/ld+json\" class=\"yoast-schema-graph\">{\"@context\":\"https:\/\/schema.org\",\"@graph\":[{\"@type\":\"WebPage\",\"@id\":\"https:\/\/www.coccigames.com\/index.php\/produit\/gardien-des-secrets\/\",\"url\":\"https:\/\/www.coccigames.com\/index.php\/produit\/gardien-des-secrets\/\",\"name\":\"GARDIEN DES SECRETS - Coccigames\",\"isPartOf\":{\"@id\":\"https:\/\/www.coccigames.com\/#website\"},\"primaryImageOfPage\":{\"@id\":\"https:\/\/www.coccigames.com\/index.php\/produit\/gardien-des-secrets\/#primaryimage\"},\"image\":{\"@id\":\"https:\/\/www.coccigames.com\/index.php\/produit\/gardien-des-secrets\/#primaryimage\"},\"thumbnailUrl\":\"https:\/\/www.coccigames.com\/wp-content\/uploads\/2025\/11\/GARDIEN-DES-SECRETS.webp\",\"datePublished\":\"2025-11-16T17:27:01+00:00\",\"dateModified\":\"2026-04-06T07:25:34+00:00\",\"breadcrumb\":{\"@id\":\"https:\/\/www.coccigames.com\/index.php\/produit\/gardien-des-secrets\/#breadcrumb\"},\"inLanguage\":\"fr-FR\",\"potentialAction\":[{\"@type\":\"ReadAction\",\"target\":[\"https:\/\/www.coccigames.com\/index.php\/produit\/gardien-des-secrets\/\"]}]},{\"@type\":\"ImageObject\",\"inLanguage\":\"fr-FR\",\"@id\":\"https:\/\/www.coccigames.com\/index.php\/produit\/gardien-des-secrets\/#primaryimage\",\"url\":\"https:\/\/www.coccigames.com\/wp-content\/uploads\/2025\/11\/GARDIEN-DES-SECRETS.webp\",\"contentUrl\":\"https:\/\/www.coccigames.com\/wp-content\/uploads\/2025\/11\/GARDIEN-DES-SECRETS.webp\",\"width\":700,\"height\":700},{\"@type\":\"BreadcrumbList\",\"@id\":\"https:\/\/www.coccigames.com\/index.php\/produit\/gardien-des-secrets\/#breadcrumb\",\"itemListElement\":[{\"@type\":\"ListItem\",\"position\":1,\"name\":\"Accueil\",\"item\":\"https:\/\/www.coccigames.com\/\"},{\"@type\":\"ListItem\",\"position\":2,\"name\":\"Boutique\",\"item\":\"https:\/\/www.coccigames.com\/index.php\/boutique\/\"},{\"@type\":\"ListItem\",\"position\":3,\"name\":\"GARDIEN DES SECRETS\"}]},{\"@type\":\"WebSite\",\"@id\":\"https:\/\/www.coccigames.com\/#website\",\"url\":\"https:\/\/www.coccigames.com\/\",\"name\":\"Coccigames - Figurines et Peintures\",\"description\":\"Figurines et Peintures\",\"publisher\":{\"@id\":\"https:\/\/www.coccigames.com\/#organization\"},\"potentialAction\":[{\"@type\":\"SearchAction\",\"target\":{\"@type\":\"EntryPoint\",\"urlTemplate\":\"https:\/\/www.coccigames.com\/?s={search_term_string}\"},\"query-input\":{\"@type\":\"PropertyValueSpecification\",\"valueRequired\":true,\"valueName\":\"search_term_string\"}}],\"inLanguage\":\"fr-FR\"},{\"@type\":\"Organization\",\"@id\":\"https:\/\/www.coccigames.com\/#organization\",\"name\":\"Coccigames\",\"url\":\"https:\/\/www.coccigames.com\/\",\"logo\":{\"@type\":\"ImageObject\",\"inLanguage\":\"fr-FR\",\"@id\":\"https:\/\/www.coccigames.com\/#\/schema\/logo\/image\/\",\"url\":\"https:\/\/www.coccigames.com\/wp-content\/uploads\/2025\/12\/coccigames_logo_v5.png\",\"contentUrl\":\"https:\/\/www.coccigames.com\/wp-content\/uploads\/2025\/12\/coccigames_logo_v5.png\",\"width\":1768,\"height\":424,\"caption\":\"Coccigames\"},\"image\":{\"@id\":\"https:\/\/www.coccigames.com\/#\/schema\/logo\/image\/\"}}]}<\/script>\n<!-- \/ Yoast SEO plugin. -->","yoast_head_json":{"title":"GARDIEN DES SECRETS - Coccigames","robots":{"index":"index","follow":"follow","max-snippet":"max-snippet:-1","max-image-preview":"max-image-preview:large","max-video-preview":"max-video-preview:-1"},"canonical":"https:\/\/www.coccigames.com\/index.php\/produit\/gardien-des-secrets\/","og_locale":"fr_FR","og_type":"article","og_title":"GARDIEN DES SECRETS - Coccigames","og_description":"Les Gardiens des Secrets sont d&rsquo;une intelligence sombre, horriblement envo\u00fbtants et redoutables au combat. Ils sont les plus grands champions des l\u00e9gions d\u00e9moniaques de Slaanesh. Maniant de magnifiques armes corrompues et une sorcellerie bas\u00e9e sur l&rsquo;obsession et le tourment, ces d\u00e9mons se taillent un passage&hellip;","og_url":"https:\/\/www.coccigames.com\/index.php\/produit\/gardien-des-secrets\/","og_site_name":"Coccigames","article_modified_time":"2026-04-06T07:25:34+00:00","og_image":[{"width":700,"height":700,"url":"https:\/\/www.coccigames.com\/wp-content\/uploads\/2025\/11\/GARDIEN-DES-SECRETS.webp","type":"image\/webp"}],"twitter_card":"summary_large_image","twitter_misc":{"Dur\u00e9e de lecture estim\u00e9e":"1 minute"},"schema":{"@context":"https:\/\/schema.org","@graph":[{"@type":"WebPage","@id":"https:\/\/www.coccigames.com\/index.php\/produit\/gardien-des-secrets\/","url":"https:\/\/www.coccigames.com\/index.php\/produit\/gardien-des-secrets\/","name":"GARDIEN DES SECRETS - Coccigames","isPartOf":{"@id":"https:\/\/www.coccigames.com\/#website"},"primaryImageOfPage":{"@id":"https:\/\/www.coccigames.com\/index.php\/produit\/gardien-des-secrets\/#primaryimage"},"image":{"@id":"https:\/\/www.coccigames.com\/index.php\/produit\/gardien-des-secrets\/#primaryimage"},"thumbnailUrl":"https:\/\/www.coccigames.com\/wp-content\/uploads\/2025\/11\/GARDIEN-DES-SECRETS.webp","datePublished":"2025-11-16T17:27:01+00:00","dateModified":"2026-04-06T07:25:34+00:00","breadcrumb":{"@id":"https:\/\/www.coccigames.com\/index.php\/produit\/gardien-des-secrets\/#breadcrumb"},"inLanguage":"fr-FR","potentialAction":[{"@type":"ReadAction","target":["https:\/\/www.coccigames.com\/index.php\/produit\/gardien-des-secrets\/"]}]},{"@type":"ImageObject","inLanguage":"fr-FR","@id":"https:\/\/www.coccigames.com\/index.php\/produit\/gardien-des-secrets\/#primaryimage","url":"https:\/\/www.coccigames.com\/wp-content\/uploads\/2025\/11\/GARDIEN-DES-SECRETS.webp","contentUrl":"https:\/\/www.coccigames.com\/wp-content\/uploads\/2025\/11\/GARDIEN-DES-SECRETS.webp","width":700,"height":700},{"@type":"BreadcrumbList","@id":"https:\/\/www.coccigames.com\/index.php\/produit\/gardien-des-secrets\/#breadcrumb","itemListElement":[{"@type":"ListItem","position":1,"name":"Accueil","item":"https:\/\/www.coccigames.com\/"},{"@type":"ListItem","position":2,"name":"Boutique","item":"https:\/\/www.coccigames.com\/index.php\/boutique\/"},{"@type":"ListItem","position":3,"name":"GARDIEN DES SECRETS"}]},{"@type":"WebSite","@id":"https:\/\/www.coccigames.com\/#website","url":"https:\/\/www.coccigames.com\/","name":"Coccigames - Figurines et Peintures","description":"Figurines et Peintures","publisher":{"@id":"https:\/\/www.coccigames.com\/#organization"},"potentialAction":[{"@type":"SearchAction","target":{"@type":"EntryPoint","urlTemplate":"https:\/\/www.coccigames.com\/?s={search_term_string}"},"query-input":{"@type":"PropertyValueSpecification","valueRequired":true,"valueName":"search_term_string"}}],"inLanguage":"fr-FR"},{"@type":"Organization","@id":"https:\/\/www.coccigames.com\/#organization","name":"Coccigames","url":"https:\/\/www.coccigames.com\/","logo":{"@type":"ImageObject","inLanguage":"fr-FR","@id":"https:\/\/www.coccigames.com\/#\/schema\/logo\/image\/","url":"https:\/\/www.coccigames.com\/wp-content\/uploads\/2025\/12\/coccigames_logo_v5.png","contentUrl":"https:\/\/www.coccigames.com\/wp-content\/uploads\/2025\/12\/coccigames_logo_v5.png","width":1768,"height":424,"caption":"Coccigames"},"image":{"@id":"https:\/\/www.coccigames.com\/#\/schema\/logo\/image\/"}}]}},"_links":{"self":[{"href":"https:\/\/www.coccigames.com\/index.php\/wp-json\/wp\/v2\/product\/5176","targetHints":{"allow":["GET"]}}],"collection":[{"href":"https:\/\/www.coccigames.com\/index.php\/wp-json\/wp\/v2\/product"}],"about":[{"href":"https:\/\/www.coccigames.com\/index.php\/wp-json\/wp\/v2\/types\/product"}],"replies":[{"embeddable":true,"href":"https:\/\/www.coccigames.com\/index.php\/wp-json\/wp\/v2\/comments?post=5176"}],"wp:featuredmedia":[{"embeddable":true,"href":"https:\/\/www.coccigames.com\/index.php\/wp-json\/wp\/v2\/media\/5191"}],"wp:attachment":[{"href":"https:\/\/www.coccigames.com\/index.php\/wp-json\/wp\/v2\/media?parent=5176"}],"wp:term":[{"taxonomy":"product_brand","embeddable":true,"href":"https:\/\/www.coccigames.com\/index.php\/wp-json\/wp\/v2\/product_brand?post=5176"},{"taxonomy":"product_cat","embeddable":true,"href":"https:\/\/www.coccigames.com\/index.php\/wp-json\/wp\/v2\/product_cat?post=5176"},{"taxonomy":"product_tag","embeddable":true,"href":"https:\/\/www.coccigames.com\/index.php\/wp-json\/wp\/v2\/product_tag?post=5176"}],"curies":[{"name":"wp","href":"https:\/\/api.w.org\/{rel}","templated":true}]}}