{"id":4988,"date":"2025-11-15T18:04:42","date_gmt":"2025-11-15T17:04:42","guid":{"rendered":"https:\/\/www.coccigames.com\/index.php\/produit\/sylvaneth-fielbosquet-de-parias\/"},"modified":"2026-04-06T09:25:22","modified_gmt":"2026-04-06T07:25:22","slug":"sylvaneth-fielbosquet-de-parias","status":"publish","type":"product","link":"https:\/\/www.coccigames.com\/index.php\/produit\/sylvaneth-fielbosquet-de-parias\/","title":{"rendered":"SYLVANETH: FIELBOSQUET DE PARIAS"},"content":{"rendered":"<p>Cette bo\u00eete pleine \u00e0 craquer est parfaite pour entamer une nouvelle collection de Sylvaneths ou pour \u00e9toffer une arm\u00e9e existante, que vous pourrez ensuite d\u00e9cha\u00eener dans les parties de Warhammer Age of Sigmar tout en faisant des \u00e9conomies par rapport \u00e0 un achat des kits au d\u00e9tail. Cette force est men\u00e9e par Drycha Hamadreth, un esprit ant\u00e9diluvien, fille d&rsquo;Alarielle, et Reine des Parias, que ses ennemis feraient bien de ne pas sous-estimer au combat. Le noyau de cette force est compos\u00e9 de Fiel-revenants et de Dryades, dont les larges effectifs vous permettent de contr\u00f4ler le champ de bataille par le poids du nombre tout en d\u00e9chiquetant vos ennemis en m\u00eal\u00e9e. Cette arm\u00e9e est soutenue par un Esprit de Durthu, une entit\u00e9 jadis tourn\u00e9e vers le soin, mais d\u00e9sormais rendue folle de rage. Il est capable de d\u00e9membrer ses ennemis en combat rapproch\u00e9.<\/p>\n<p><strong>Cette bo\u00eete permet d&rsquo;assembler 37 figurines en plastique de Sylvaneths:<\/strong><\/p>\n<p>\u2013 1x Drycha Hamadreth<\/p>\n<p>\u2013 1x Esprit de Durthu (qui peut autrement \u00eatre assembl\u00e9 comme Sylviarque ou Sylviarque V\u00e9n\u00e9rable)<\/p>\n<p>\u2013 15x Fiel-revenants (qui peuvent autrement \u00eatre assembl\u00e9s comme Sylve-revenants)<\/p>\n<p>\u2013 20x Dryades<\/p>\n<p>Les figurines de ce kit sont faciles \u00e0 personnaliser. Drycha Hamadreth peut \u00eatre infest\u00e9e, selon votre choix, de fr\u00e9mifuries ou de tressanguilles.<\/p>\n<p>L&rsquo;Esprit de Durthu peut autrement \u00eatre assembl\u00e9 comme un puissant Sylviarque arm\u00e9 de racines \u00e9trangleuses, ou comme un sage Sylviarque V\u00e9n\u00e9rable avec un sceptre de lianes tueuses. Chaque version dispose de poses et de t\u00eates sp\u00e9cifiques.<\/p>\n<p>Les t\u00eates et les bras des Fiel-revenants sont tous interchangeables, et vous trouverez les \u00e9l\u00e9ments n\u00e9cessaires pour assembler un champion optionnel. Ils peuvent autrement \u00eatre assembl\u00e9s comme Sylve-revenants, dont les bras, les armes et les t\u00eates sont interchangeables. Les Sylve-revenants disposent des \u00e9l\u00e9ments n\u00e9cessaires pour assembler un champion, un porte-\u00e9tendard et un musicien optionnels.<\/p>\n<p>Les t\u00eates et les bras des Dryades sont tous interchangeables, et vous trouverez les \u00e9l\u00e9ments n\u00e9cessaires pour assembler un champion optionnel.<\/p>\n","protected":false},"excerpt":{"rendered":"<p>Le bruissement des branches, le craquement des buissons, le murmure du vent et un chant de guerre obs\u00e9dant et grave qui s&rsquo;\u00e9l\u00e8ve sur une note furieuse: tels sont les avertissements qui pr\u00e9c\u00e8dent l&rsquo;attaque des Sylvaneths. Ces esprits sylvestres sont les gardiens de la nature, charg\u00e9s de prot\u00e9ger les \u00e9tendues sauvages. Cr\u00e9atures am\u00e8res faites de chair\u00e9corce noueuse et de graines-\u00e2mes scintillantes, ils vivent dans les bois depuis des temps imm\u00e9moriaux, s&rsquo;attaquant \u00e0 quiconque menace leurs royaumes.<\/p>\n","protected":false},"featured_media":5003,"comment_status":"open","ping_status":"closed","template":"","meta":[],"product_brand":[23],"product_cat":[382],"product_tag":[90,183],"class_list":{"0":"post-4988","1":"product","2":"type-product","3":"status-publish","4":"has-post-thumbnail","6":"product_brand-games-workshop","7":"product_cat-sylvaneth","8":"product_tag-order","9":"product_tag-sylvaneth","11":"first","12":"instock","13":"sale","14":"featured","15":"taxable","16":"shipping-taxable","17":"purchasable","18":"product-type-simple"},"yoast_head":"<!-- This site is optimized with the Yoast SEO plugin v26.4 - https:\/\/yoast.com\/wordpress\/plugins\/seo\/ -->\n<title>SYLVANETH: FIELBOSQUET DE PARIAS - Coccigames<\/title>\n<meta name=\"robots\" content=\"index, follow, max-snippet:-1, max-image-preview:large, max-video-preview:-1\" \/>\n<link rel=\"canonical\" href=\"https:\/\/www.coccigames.com\/index.php\/produit\/sylvaneth-fielbosquet-de-parias\/\" \/>\n<meta property=\"og:locale\" content=\"fr_FR\" \/>\n<meta property=\"og:type\" content=\"article\" \/>\n<meta property=\"og:title\" content=\"SYLVANETH: FIELBOSQUET DE PARIAS - Coccigames\" \/>\n<meta property=\"og:description\" content=\"Le bruissement des branches, le craquement des buissons, le murmure du vent et un chant de guerre obs\u00e9dant et grave qui s&#039;\u00e9l\u00e8ve sur une note furieuse: tels sont les avertissements qui pr\u00e9c\u00e8dent l&#039;attaque des Sylvaneths. Ces esprits sylvestres sont les gardiens de la nature, charg\u00e9s de prot\u00e9ger les \u00e9tendues sauvages. Cr\u00e9atures am\u00e8res faites de chair\u00e9corce noueuse et de graines-\u00e2mes scintillantes, ils vivent dans les bois depuis des temps imm\u00e9moriaux, s&#039;attaquant \u00e0 quiconque menace leurs royaumes.\" \/>\n<meta property=\"og:url\" content=\"https:\/\/www.coccigames.com\/index.php\/produit\/sylvaneth-fielbosquet-de-parias\/\" \/>\n<meta property=\"og:site_name\" content=\"Coccigames\" \/>\n<meta property=\"article:modified_time\" content=\"2026-04-06T07:25:22+00:00\" \/>\n<meta property=\"og:image\" content=\"https:\/\/www.coccigames.com\/wp-content\/uploads\/2025\/11\/99120204053_SylvanethSpitegrove11.jpg\" \/>\n\t<meta property=\"og:image:width\" content=\"918\" \/>\n\t<meta property=\"og:image:height\" content=\"948\" \/>\n\t<meta property=\"og:image:type\" content=\"image\/jpeg\" \/>\n<meta name=\"twitter:card\" content=\"summary_large_image\" \/>\n<meta name=\"twitter:label1\" content=\"Dur\u00e9e de lecture estim\u00e9e\" \/>\n\t<meta name=\"twitter:data1\" content=\"2 minutes\" \/>\n<script type=\"application\/ld+json\" class=\"yoast-schema-graph\">{\"@context\":\"https:\/\/schema.org\",\"@graph\":[{\"@type\":\"WebPage\",\"@id\":\"https:\/\/www.coccigames.com\/index.php\/produit\/sylvaneth-fielbosquet-de-parias\/\",\"url\":\"https:\/\/www.coccigames.com\/index.php\/produit\/sylvaneth-fielbosquet-de-parias\/\",\"name\":\"SYLVANETH: FIELBOSQUET DE PARIAS - Coccigames\",\"isPartOf\":{\"@id\":\"https:\/\/www.coccigames.com\/#website\"},\"primaryImageOfPage\":{\"@id\":\"https:\/\/www.coccigames.com\/index.php\/produit\/sylvaneth-fielbosquet-de-parias\/#primaryimage\"},\"image\":{\"@id\":\"https:\/\/www.coccigames.com\/index.php\/produit\/sylvaneth-fielbosquet-de-parias\/#primaryimage\"},\"thumbnailUrl\":\"https:\/\/www.coccigames.com\/wp-content\/uploads\/2025\/11\/99120204053_SylvanethSpitegrove11.jpg\",\"datePublished\":\"2025-11-15T17:04:42+00:00\",\"dateModified\":\"2026-04-06T07:25:22+00:00\",\"breadcrumb\":{\"@id\":\"https:\/\/www.coccigames.com\/index.php\/produit\/sylvaneth-fielbosquet-de-parias\/#breadcrumb\"},\"inLanguage\":\"fr-FR\",\"potentialAction\":[{\"@type\":\"ReadAction\",\"target\":[\"https:\/\/www.coccigames.com\/index.php\/produit\/sylvaneth-fielbosquet-de-parias\/\"]}]},{\"@type\":\"ImageObject\",\"inLanguage\":\"fr-FR\",\"@id\":\"https:\/\/www.coccigames.com\/index.php\/produit\/sylvaneth-fielbosquet-de-parias\/#primaryimage\",\"url\":\"https:\/\/www.coccigames.com\/wp-content\/uploads\/2025\/11\/99120204053_SylvanethSpitegrove11.jpg\",\"contentUrl\":\"https:\/\/www.coccigames.com\/wp-content\/uploads\/2025\/11\/99120204053_SylvanethSpitegrove11.jpg\",\"width\":918,\"height\":948},{\"@type\":\"BreadcrumbList\",\"@id\":\"https:\/\/www.coccigames.com\/index.php\/produit\/sylvaneth-fielbosquet-de-parias\/#breadcrumb\",\"itemListElement\":[{\"@type\":\"ListItem\",\"position\":1,\"name\":\"Accueil\",\"item\":\"https:\/\/www.coccigames.com\/\"},{\"@type\":\"ListItem\",\"position\":2,\"name\":\"Boutique\",\"item\":\"https:\/\/www.coccigames.com\/index.php\/boutique\/\"},{\"@type\":\"ListItem\",\"position\":3,\"name\":\"SYLVANETH: FIELBOSQUET DE PARIAS\"}]},{\"@type\":\"WebSite\",\"@id\":\"https:\/\/www.coccigames.com\/#website\",\"url\":\"https:\/\/www.coccigames.com\/\",\"name\":\"Coccigames - Figurines et Peintures\",\"description\":\"Figurines et Peintures\",\"publisher\":{\"@id\":\"https:\/\/www.coccigames.com\/#organization\"},\"potentialAction\":[{\"@type\":\"SearchAction\",\"target\":{\"@type\":\"EntryPoint\",\"urlTemplate\":\"https:\/\/www.coccigames.com\/?s={search_term_string}\"},\"query-input\":{\"@type\":\"PropertyValueSpecification\",\"valueRequired\":true,\"valueName\":\"search_term_string\"}}],\"inLanguage\":\"fr-FR\"},{\"@type\":\"Organization\",\"@id\":\"https:\/\/www.coccigames.com\/#organization\",\"name\":\"Coccigames\",\"url\":\"https:\/\/www.coccigames.com\/\",\"logo\":{\"@type\":\"ImageObject\",\"inLanguage\":\"fr-FR\",\"@id\":\"https:\/\/www.coccigames.com\/#\/schema\/logo\/image\/\",\"url\":\"https:\/\/www.coccigames.com\/wp-content\/uploads\/2025\/12\/coccigames_logo_v5.png\",\"contentUrl\":\"https:\/\/www.coccigames.com\/wp-content\/uploads\/2025\/12\/coccigames_logo_v5.png\",\"width\":1768,\"height\":424,\"caption\":\"Coccigames\"},\"image\":{\"@id\":\"https:\/\/www.coccigames.com\/#\/schema\/logo\/image\/\"}}]}<\/script>\n<!-- \/ Yoast SEO plugin. -->","yoast_head_json":{"title":"SYLVANETH: FIELBOSQUET DE PARIAS - Coccigames","robots":{"index":"index","follow":"follow","max-snippet":"max-snippet:-1","max-image-preview":"max-image-preview:large","max-video-preview":"max-video-preview:-1"},"canonical":"https:\/\/www.coccigames.com\/index.php\/produit\/sylvaneth-fielbosquet-de-parias\/","og_locale":"fr_FR","og_type":"article","og_title":"SYLVANETH: FIELBOSQUET DE PARIAS - Coccigames","og_description":"Le bruissement des branches, le craquement des buissons, le murmure du vent et un chant de guerre obs\u00e9dant et grave qui s'\u00e9l\u00e8ve sur une note furieuse: tels sont les avertissements qui pr\u00e9c\u00e8dent l'attaque des Sylvaneths. Ces esprits sylvestres sont les gardiens de la nature, charg\u00e9s de prot\u00e9ger les \u00e9tendues sauvages. Cr\u00e9atures am\u00e8res faites de chair\u00e9corce noueuse et de graines-\u00e2mes scintillantes, ils vivent dans les bois depuis des temps imm\u00e9moriaux, s'attaquant \u00e0 quiconque menace leurs royaumes.","og_url":"https:\/\/www.coccigames.com\/index.php\/produit\/sylvaneth-fielbosquet-de-parias\/","og_site_name":"Coccigames","article_modified_time":"2026-04-06T07:25:22+00:00","og_image":[{"width":918,"height":948,"url":"https:\/\/www.coccigames.com\/wp-content\/uploads\/2025\/11\/99120204053_SylvanethSpitegrove11.jpg","type":"image\/jpeg"}],"twitter_card":"summary_large_image","twitter_misc":{"Dur\u00e9e de lecture estim\u00e9e":"2 minutes"},"schema":{"@context":"https:\/\/schema.org","@graph":[{"@type":"WebPage","@id":"https:\/\/www.coccigames.com\/index.php\/produit\/sylvaneth-fielbosquet-de-parias\/","url":"https:\/\/www.coccigames.com\/index.php\/produit\/sylvaneth-fielbosquet-de-parias\/","name":"SYLVANETH: FIELBOSQUET DE PARIAS - Coccigames","isPartOf":{"@id":"https:\/\/www.coccigames.com\/#website"},"primaryImageOfPage":{"@id":"https:\/\/www.coccigames.com\/index.php\/produit\/sylvaneth-fielbosquet-de-parias\/#primaryimage"},"image":{"@id":"https:\/\/www.coccigames.com\/index.php\/produit\/sylvaneth-fielbosquet-de-parias\/#primaryimage"},"thumbnailUrl":"https:\/\/www.coccigames.com\/wp-content\/uploads\/2025\/11\/99120204053_SylvanethSpitegrove11.jpg","datePublished":"2025-11-15T17:04:42+00:00","dateModified":"2026-04-06T07:25:22+00:00","breadcrumb":{"@id":"https:\/\/www.coccigames.com\/index.php\/produit\/sylvaneth-fielbosquet-de-parias\/#breadcrumb"},"inLanguage":"fr-FR","potentialAction":[{"@type":"ReadAction","target":["https:\/\/www.coccigames.com\/index.php\/produit\/sylvaneth-fielbosquet-de-parias\/"]}]},{"@type":"ImageObject","inLanguage":"fr-FR","@id":"https:\/\/www.coccigames.com\/index.php\/produit\/sylvaneth-fielbosquet-de-parias\/#primaryimage","url":"https:\/\/www.coccigames.com\/wp-content\/uploads\/2025\/11\/99120204053_SylvanethSpitegrove11.jpg","contentUrl":"https:\/\/www.coccigames.com\/wp-content\/uploads\/2025\/11\/99120204053_SylvanethSpitegrove11.jpg","width":918,"height":948},{"@type":"BreadcrumbList","@id":"https:\/\/www.coccigames.com\/index.php\/produit\/sylvaneth-fielbosquet-de-parias\/#breadcrumb","itemListElement":[{"@type":"ListItem","position":1,"name":"Accueil","item":"https:\/\/www.coccigames.com\/"},{"@type":"ListItem","position":2,"name":"Boutique","item":"https:\/\/www.coccigames.com\/index.php\/boutique\/"},{"@type":"ListItem","position":3,"name":"SYLVANETH: FIELBOSQUET DE PARIAS"}]},{"@type":"WebSite","@id":"https:\/\/www.coccigames.com\/#website","url":"https:\/\/www.coccigames.com\/","name":"Coccigames - Figurines et Peintures","description":"Figurines et Peintures","publisher":{"@id":"https:\/\/www.coccigames.com\/#organization"},"potentialAction":[{"@type":"SearchAction","target":{"@type":"EntryPoint","urlTemplate":"https:\/\/www.coccigames.com\/?s={search_term_string}"},"query-input":{"@type":"PropertyValueSpecification","valueRequired":true,"valueName":"search_term_string"}}],"inLanguage":"fr-FR"},{"@type":"Organization","@id":"https:\/\/www.coccigames.com\/#organization","name":"Coccigames","url":"https:\/\/www.coccigames.com\/","logo":{"@type":"ImageObject","inLanguage":"fr-FR","@id":"https:\/\/www.coccigames.com\/#\/schema\/logo\/image\/","url":"https:\/\/www.coccigames.com\/wp-content\/uploads\/2025\/12\/coccigames_logo_v5.png","contentUrl":"https:\/\/www.coccigames.com\/wp-content\/uploads\/2025\/12\/coccigames_logo_v5.png","width":1768,"height":424,"caption":"Coccigames"},"image":{"@id":"https:\/\/www.coccigames.com\/#\/schema\/logo\/image\/"}}]}},"_links":{"self":[{"href":"https:\/\/www.coccigames.com\/index.php\/wp-json\/wp\/v2\/product\/4988","targetHints":{"allow":["GET"]}}],"collection":[{"href":"https:\/\/www.coccigames.com\/index.php\/wp-json\/wp\/v2\/product"}],"about":[{"href":"https:\/\/www.coccigames.com\/index.php\/wp-json\/wp\/v2\/types\/product"}],"replies":[{"embeddable":true,"href":"https:\/\/www.coccigames.com\/index.php\/wp-json\/wp\/v2\/comments?post=4988"}],"wp:featuredmedia":[{"embeddable":true,"href":"https:\/\/www.coccigames.com\/index.php\/wp-json\/wp\/v2\/media\/5003"}],"wp:attachment":[{"href":"https:\/\/www.coccigames.com\/index.php\/wp-json\/wp\/v2\/media?parent=4988"}],"wp:term":[{"taxonomy":"product_brand","embeddable":true,"href":"https:\/\/www.coccigames.com\/index.php\/wp-json\/wp\/v2\/product_brand?post=4988"},{"taxonomy":"product_cat","embeddable":true,"href":"https:\/\/www.coccigames.com\/index.php\/wp-json\/wp\/v2\/product_cat?post=4988"},{"taxonomy":"product_tag","embeddable":true,"href":"https:\/\/www.coccigames.com\/index.php\/wp-json\/wp\/v2\/product_tag?post=4988"}],"curies":[{"name":"wp","href":"https:\/\/api.w.org\/{rel}","templated":true}]}}