{"id":4987,"date":"2025-11-15T18:04:42","date_gmt":"2025-11-15T17:04:42","guid":{"rendered":"https:\/\/www.coccigames.com\/index.php\/produit\/s-gravelords-lances-du-fort-pourpre\/"},"modified":"2026-04-06T09:25:22","modified_gmt":"2026-04-06T07:25:22","slug":"s-gravelords-lances-du-fort-pourpre","status":"publish","type":"product","link":"https:\/\/www.coccigames.com\/index.php\/produit\/s-gravelords-lances-du-fort-pourpre\/","title":{"rendered":"SOULBLIGHT GRAVELORDS: LANCES DU FORT POURPRE"},"content":{"rendered":"<p>Le Fort Pourpre est la forteresse maudite du Prince Vhordra\u00ef et de ses chevaliers Kastela\u00ef. Il existait bien avant l&rsquo;av\u00e8nement de Vhordra\u00ef. C&rsquo;\u00e9tait un puissant symbole de domination militaire vampirique que Nagash a chang\u00e9 en prison et en arme capable de bouleverser des royaumes. La l\u00e9gende raconte qu&rsquo;il a \u00e9t\u00e9 construit par l&rsquo;Empereur de Sang au cours de l&rsquo;\u00c2ge des Mythes, et il \u00e9tait au c\u0153ur d&rsquo;une civilisation enti\u00e8re de Ruinem\u00e2nes.<\/p>\n<p>Cette bo\u00eete pleine \u00e0 craquer est parfaite pour entamer une nouvelle collection de Seigneurs Ruinem\u00e2nes ou pour \u00e9toffer une arm\u00e9e existante, que vous pourrez ensuite d\u00e9cha\u00eener dans les parties de Warhammer Age of Sigmar tout en faisant des \u00e9conomies par rapport \u00e0 un achat des kits au d\u00e9tail. Cette force tr\u00e8s mobile est men\u00e9e par le Prince Vhordra\u00ef, Seigneur du Fort Pourpre, mont\u00e9 sur son Draconithe mort-vivant appel\u00e9 Shordemaire. Il est pr\u00eat \u00e0 s&rsquo;occuper des unit\u00e9s les plus robustes que votre adversaire pourra vous opposer. Dix Chevaliers de Sang, r\u00e9sistants et d\u00e9vastateurs, soutiennent sa charge, tandis que trois Chauves-souris G\u00e9antes compl\u00e8tent cette arm\u00e9e en allant capturer les objectifs et harceler les unit\u00e9s ennemies.<\/p>\n<p><strong>Cette bo\u00eete permet d&rsquo;assembler 14 figurines en plastique de Seigneurs Ruinem\u00e2nes:<\/strong><\/p>\n<p>\u2013 1x Prince Vhordra\u00ef, Seigneur du Fort Pourpre (qui peut autrement \u00eatre assembl\u00e9 en Revenant Draconithe)<\/p>\n<p>\u2013 3x Chauves-souris G\u00e9antes<\/p>\n<p>\u2013 10x Chevaliers de Sang<\/p>\n<p>Les figurines de ce kit sont faciles \u00e0 personnaliser. Les t\u00eates des Chauves-souris G\u00e9antes sont interchangeables entre les trois corps.<\/p>\n<p>Le Prince Vhordra\u00ef peut autrement \u00eatre assembl\u00e9 en Revenant Draconithe sans cavalier, un monstre cruel pour soutenir vos arm\u00e9es.<\/p>\n<p>Les Chevaliers de Sang peuvent \u00eatre arm\u00e9s d&rsquo;une lance ou d&rsquo;une \u00e9p\u00e9e, et chacun dispose d&rsquo;un choix de deux t\u00eates, nue ou casqu\u00e9e. Vous trouverez \u00e9galement les \u00e9l\u00e9ments n\u00e9cessaires pour assembler deux champions et porte-\u00e9tendard optionnels.<\/p>\n","protected":false},"excerpt":{"rendered":"<h2 class=\"m-0 text-emperor-xs md:mb-8\" data-testid=\"filter-title\">Age of Sigmar<\/h2>\n<p class=\"text-marine-sm leading-7 md:mt-0\" data-testid=\"filter-description\">Un jeu de combat strat\u00e9gique se d\u00e9roulant dans les Royaumes Mortels, des r\u00e9gions quasi infinies et satur\u00e9es de puissante magie, et o\u00f9 d&rsquo;impressionnantes arm\u00e9es de soldats, de b\u00eates \u00e9normes et m\u00eame de dieux s&rsquo;affrontent pour les territoires et le pouvoir.<\/p>\n<p data-testid=\"filter-description\">La Maleruine a marqu\u00e9 le d\u00e9but d&rsquo;une \u00e8re nouvelle et p\u00e9rilleuse. Les d\u00e9fenseurs de l&rsquo;Ordre luttent pour leur survie contre la menace r\u00e9surgente du Chaos, tandis que les forces de la Mort et de la Destruction profitent de cet \u00e9lan pour intensifier leurs assauts.<\/p>\n<p data-testid=\"filter-description\">L&rsquo;Ordre tente de r\u00e9tablir la raison et la civilisation dans les Royaumes Mortels, le Chaos cherche \u00e0 imposer ses propres plans d\u00e9ments, la Destruction veut tout r\u00e9duire \u00e0 n\u00e9ant, et la Mort cherche simplement \u00e0 \u00e9teindre toute vie.<\/p>\n<p data-testid=\"filter-description\">Des escarmouches haletantes du format Fer de Lance aux campagnes narratives et \u00e9volutives, en passant par les parties \u00e9quilibr\u00e9es et comp\u00e9titives du Jeu \u00c9gal, il y en a pour tous les go\u00fbts, et tout le monde peut trouver une mani\u00e8re profiter du frisson des combats de Warhammer Age of Sigmar.<\/p>\n","protected":false},"featured_media":5001,"comment_status":"open","ping_status":"closed","template":"","meta":[],"product_brand":[23],"product_cat":[370],"product_tag":[91,181],"class_list":{"0":"post-4987","1":"product","2":"type-product","3":"status-publish","4":"has-post-thumbnail","6":"product_brand-games-workshop","7":"product_cat-soulblight-gravelords","8":"product_tag-death","9":"product_tag-soulblight-gravelords","11":"first","12":"instock","13":"sale","14":"featured","15":"taxable","16":"shipping-taxable","17":"purchasable","18":"product-type-simple"},"yoast_head":"<!-- This site is optimized with the Yoast SEO plugin v26.4 - https:\/\/yoast.com\/wordpress\/plugins\/seo\/ -->\n<title>SOULBLIGHT GRAVELORDS: LANCES DU FORT POURPRE - Coccigames<\/title>\n<meta name=\"robots\" content=\"index, follow, max-snippet:-1, max-image-preview:large, max-video-preview:-1\" \/>\n<link rel=\"canonical\" href=\"https:\/\/www.coccigames.com\/index.php\/produit\/s-gravelords-lances-du-fort-pourpre\/\" \/>\n<meta property=\"og:locale\" content=\"fr_FR\" \/>\n<meta property=\"og:type\" content=\"article\" \/>\n<meta property=\"og:title\" content=\"SOULBLIGHT GRAVELORDS: LANCES DU FORT POURPRE - Coccigames\" \/>\n<meta property=\"og:description\" content=\"Age of Sigmar Un jeu de combat strat\u00e9gique se d\u00e9roulant dans les Royaumes Mortels, des r\u00e9gions quasi infinies et satur\u00e9es de puissante magie, et o\u00f9 d&#039;impressionnantes arm\u00e9es de soldats, de b\u00eates \u00e9normes et m\u00eame de dieux s&#039;affrontent pour les territoires et le pouvoir. La Maleruine a marqu\u00e9 le d\u00e9but d&#039;une \u00e8re nouvelle et p\u00e9rilleuse. Les d\u00e9fenseurs de l&#039;Ordre luttent pour leur survie contre la menace r\u00e9surgente du Chaos, tandis que les forces de la Mort et de la Destruction profitent de cet \u00e9lan pour intensifier leurs assauts. L&#039;Ordre tente de r\u00e9tablir la raison et la civilisation dans les Royaumes Mortels, le Chaos cherche \u00e0 imposer ses propres plans d\u00e9ments, la Destruction veut tout r\u00e9duire \u00e0 n\u00e9ant, et la Mort cherche simplement \u00e0 \u00e9teindre toute vie. Des escarmouches haletantes du format Fer de Lance aux campagnes narratives et \u00e9volutives, en passant par les parties \u00e9quilibr\u00e9es et comp\u00e9titives du Jeu \u00c9gal, il y en a pour tous les go\u00fbts, et tout le monde peut trouver une mani\u00e8re profiter du frisson des combats de Warhammer Age of Sigmar.\" \/>\n<meta property=\"og:url\" content=\"https:\/\/www.coccigames.com\/index.php\/produit\/s-gravelords-lances-du-fort-pourpre\/\" \/>\n<meta property=\"og:site_name\" content=\"Coccigames\" \/>\n<meta property=\"article:modified_time\" content=\"2026-04-06T07:25:22+00:00\" \/>\n<meta property=\"og:image\" content=\"https:\/\/www.coccigames.com\/wp-content\/uploads\/2025\/11\/99120207247_GravelordsLancesoftheCrimsonKeepBOX.jpg\" \/>\n\t<meta property=\"og:image:width\" content=\"918\" \/>\n\t<meta property=\"og:image:height\" content=\"948\" \/>\n\t<meta property=\"og:image:type\" content=\"image\/jpeg\" \/>\n<meta name=\"twitter:card\" content=\"summary_large_image\" \/>\n<meta name=\"twitter:label1\" content=\"Dur\u00e9e de lecture estim\u00e9e\" \/>\n\t<meta name=\"twitter:data1\" content=\"2 minutes\" \/>\n<script type=\"application\/ld+json\" class=\"yoast-schema-graph\">{\"@context\":\"https:\/\/schema.org\",\"@graph\":[{\"@type\":\"WebPage\",\"@id\":\"https:\/\/www.coccigames.com\/index.php\/produit\/s-gravelords-lances-du-fort-pourpre\/\",\"url\":\"https:\/\/www.coccigames.com\/index.php\/produit\/s-gravelords-lances-du-fort-pourpre\/\",\"name\":\"SOULBLIGHT GRAVELORDS: LANCES DU FORT POURPRE - Coccigames\",\"isPartOf\":{\"@id\":\"https:\/\/www.coccigames.com\/#website\"},\"primaryImageOfPage\":{\"@id\":\"https:\/\/www.coccigames.com\/index.php\/produit\/s-gravelords-lances-du-fort-pourpre\/#primaryimage\"},\"image\":{\"@id\":\"https:\/\/www.coccigames.com\/index.php\/produit\/s-gravelords-lances-du-fort-pourpre\/#primaryimage\"},\"thumbnailUrl\":\"https:\/\/www.coccigames.com\/wp-content\/uploads\/2025\/11\/99120207247_GravelordsLancesoftheCrimsonKeepBOX.jpg\",\"datePublished\":\"2025-11-15T17:04:42+00:00\",\"dateModified\":\"2026-04-06T07:25:22+00:00\",\"breadcrumb\":{\"@id\":\"https:\/\/www.coccigames.com\/index.php\/produit\/s-gravelords-lances-du-fort-pourpre\/#breadcrumb\"},\"inLanguage\":\"fr-FR\",\"potentialAction\":[{\"@type\":\"ReadAction\",\"target\":[\"https:\/\/www.coccigames.com\/index.php\/produit\/s-gravelords-lances-du-fort-pourpre\/\"]}]},{\"@type\":\"ImageObject\",\"inLanguage\":\"fr-FR\",\"@id\":\"https:\/\/www.coccigames.com\/index.php\/produit\/s-gravelords-lances-du-fort-pourpre\/#primaryimage\",\"url\":\"https:\/\/www.coccigames.com\/wp-content\/uploads\/2025\/11\/99120207247_GravelordsLancesoftheCrimsonKeepBOX.jpg\",\"contentUrl\":\"https:\/\/www.coccigames.com\/wp-content\/uploads\/2025\/11\/99120207247_GravelordsLancesoftheCrimsonKeepBOX.jpg\",\"width\":918,\"height\":948},{\"@type\":\"BreadcrumbList\",\"@id\":\"https:\/\/www.coccigames.com\/index.php\/produit\/s-gravelords-lances-du-fort-pourpre\/#breadcrumb\",\"itemListElement\":[{\"@type\":\"ListItem\",\"position\":1,\"name\":\"Accueil\",\"item\":\"https:\/\/www.coccigames.com\/\"},{\"@type\":\"ListItem\",\"position\":2,\"name\":\"Boutique\",\"item\":\"https:\/\/www.coccigames.com\/index.php\/boutique\/\"},{\"@type\":\"ListItem\",\"position\":3,\"name\":\"SOULBLIGHT GRAVELORDS: LANCES DU FORT POURPRE\"}]},{\"@type\":\"WebSite\",\"@id\":\"https:\/\/www.coccigames.com\/#website\",\"url\":\"https:\/\/www.coccigames.com\/\",\"name\":\"Coccigames - Figurines et Peintures\",\"description\":\"Figurines et Peintures\",\"publisher\":{\"@id\":\"https:\/\/www.coccigames.com\/#organization\"},\"potentialAction\":[{\"@type\":\"SearchAction\",\"target\":{\"@type\":\"EntryPoint\",\"urlTemplate\":\"https:\/\/www.coccigames.com\/?s={search_term_string}\"},\"query-input\":{\"@type\":\"PropertyValueSpecification\",\"valueRequired\":true,\"valueName\":\"search_term_string\"}}],\"inLanguage\":\"fr-FR\"},{\"@type\":\"Organization\",\"@id\":\"https:\/\/www.coccigames.com\/#organization\",\"name\":\"Coccigames\",\"url\":\"https:\/\/www.coccigames.com\/\",\"logo\":{\"@type\":\"ImageObject\",\"inLanguage\":\"fr-FR\",\"@id\":\"https:\/\/www.coccigames.com\/#\/schema\/logo\/image\/\",\"url\":\"https:\/\/www.coccigames.com\/wp-content\/uploads\/2025\/12\/coccigames_logo_v5.png\",\"contentUrl\":\"https:\/\/www.coccigames.com\/wp-content\/uploads\/2025\/12\/coccigames_logo_v5.png\",\"width\":1768,\"height\":424,\"caption\":\"Coccigames\"},\"image\":{\"@id\":\"https:\/\/www.coccigames.com\/#\/schema\/logo\/image\/\"}}]}<\/script>\n<!-- \/ Yoast SEO plugin. -->","yoast_head_json":{"title":"SOULBLIGHT GRAVELORDS: LANCES DU FORT POURPRE - Coccigames","robots":{"index":"index","follow":"follow","max-snippet":"max-snippet:-1","max-image-preview":"max-image-preview:large","max-video-preview":"max-video-preview:-1"},"canonical":"https:\/\/www.coccigames.com\/index.php\/produit\/s-gravelords-lances-du-fort-pourpre\/","og_locale":"fr_FR","og_type":"article","og_title":"SOULBLIGHT GRAVELORDS: LANCES DU FORT POURPRE - Coccigames","og_description":"Age of Sigmar Un jeu de combat strat\u00e9gique se d\u00e9roulant dans les Royaumes Mortels, des r\u00e9gions quasi infinies et satur\u00e9es de puissante magie, et o\u00f9 d'impressionnantes arm\u00e9es de soldats, de b\u00eates \u00e9normes et m\u00eame de dieux s'affrontent pour les territoires et le pouvoir. La Maleruine a marqu\u00e9 le d\u00e9but d'une \u00e8re nouvelle et p\u00e9rilleuse. Les d\u00e9fenseurs de l'Ordre luttent pour leur survie contre la menace r\u00e9surgente du Chaos, tandis que les forces de la Mort et de la Destruction profitent de cet \u00e9lan pour intensifier leurs assauts. L'Ordre tente de r\u00e9tablir la raison et la civilisation dans les Royaumes Mortels, le Chaos cherche \u00e0 imposer ses propres plans d\u00e9ments, la Destruction veut tout r\u00e9duire \u00e0 n\u00e9ant, et la Mort cherche simplement \u00e0 \u00e9teindre toute vie. Des escarmouches haletantes du format Fer de Lance aux campagnes narratives et \u00e9volutives, en passant par les parties \u00e9quilibr\u00e9es et comp\u00e9titives du Jeu \u00c9gal, il y en a pour tous les go\u00fbts, et tout le monde peut trouver une mani\u00e8re profiter du frisson des combats de Warhammer Age of Sigmar.","og_url":"https:\/\/www.coccigames.com\/index.php\/produit\/s-gravelords-lances-du-fort-pourpre\/","og_site_name":"Coccigames","article_modified_time":"2026-04-06T07:25:22+00:00","og_image":[{"width":918,"height":948,"url":"https:\/\/www.coccigames.com\/wp-content\/uploads\/2025\/11\/99120207247_GravelordsLancesoftheCrimsonKeepBOX.jpg","type":"image\/jpeg"}],"twitter_card":"summary_large_image","twitter_misc":{"Dur\u00e9e de lecture estim\u00e9e":"2 minutes"},"schema":{"@context":"https:\/\/schema.org","@graph":[{"@type":"WebPage","@id":"https:\/\/www.coccigames.com\/index.php\/produit\/s-gravelords-lances-du-fort-pourpre\/","url":"https:\/\/www.coccigames.com\/index.php\/produit\/s-gravelords-lances-du-fort-pourpre\/","name":"SOULBLIGHT GRAVELORDS: LANCES DU FORT POURPRE - Coccigames","isPartOf":{"@id":"https:\/\/www.coccigames.com\/#website"},"primaryImageOfPage":{"@id":"https:\/\/www.coccigames.com\/index.php\/produit\/s-gravelords-lances-du-fort-pourpre\/#primaryimage"},"image":{"@id":"https:\/\/www.coccigames.com\/index.php\/produit\/s-gravelords-lances-du-fort-pourpre\/#primaryimage"},"thumbnailUrl":"https:\/\/www.coccigames.com\/wp-content\/uploads\/2025\/11\/99120207247_GravelordsLancesoftheCrimsonKeepBOX.jpg","datePublished":"2025-11-15T17:04:42+00:00","dateModified":"2026-04-06T07:25:22+00:00","breadcrumb":{"@id":"https:\/\/www.coccigames.com\/index.php\/produit\/s-gravelords-lances-du-fort-pourpre\/#breadcrumb"},"inLanguage":"fr-FR","potentialAction":[{"@type":"ReadAction","target":["https:\/\/www.coccigames.com\/index.php\/produit\/s-gravelords-lances-du-fort-pourpre\/"]}]},{"@type":"ImageObject","inLanguage":"fr-FR","@id":"https:\/\/www.coccigames.com\/index.php\/produit\/s-gravelords-lances-du-fort-pourpre\/#primaryimage","url":"https:\/\/www.coccigames.com\/wp-content\/uploads\/2025\/11\/99120207247_GravelordsLancesoftheCrimsonKeepBOX.jpg","contentUrl":"https:\/\/www.coccigames.com\/wp-content\/uploads\/2025\/11\/99120207247_GravelordsLancesoftheCrimsonKeepBOX.jpg","width":918,"height":948},{"@type":"BreadcrumbList","@id":"https:\/\/www.coccigames.com\/index.php\/produit\/s-gravelords-lances-du-fort-pourpre\/#breadcrumb","itemListElement":[{"@type":"ListItem","position":1,"name":"Accueil","item":"https:\/\/www.coccigames.com\/"},{"@type":"ListItem","position":2,"name":"Boutique","item":"https:\/\/www.coccigames.com\/index.php\/boutique\/"},{"@type":"ListItem","position":3,"name":"SOULBLIGHT GRAVELORDS: LANCES DU FORT POURPRE"}]},{"@type":"WebSite","@id":"https:\/\/www.coccigames.com\/#website","url":"https:\/\/www.coccigames.com\/","name":"Coccigames - Figurines et Peintures","description":"Figurines et Peintures","publisher":{"@id":"https:\/\/www.coccigames.com\/#organization"},"potentialAction":[{"@type":"SearchAction","target":{"@type":"EntryPoint","urlTemplate":"https:\/\/www.coccigames.com\/?s={search_term_string}"},"query-input":{"@type":"PropertyValueSpecification","valueRequired":true,"valueName":"search_term_string"}}],"inLanguage":"fr-FR"},{"@type":"Organization","@id":"https:\/\/www.coccigames.com\/#organization","name":"Coccigames","url":"https:\/\/www.coccigames.com\/","logo":{"@type":"ImageObject","inLanguage":"fr-FR","@id":"https:\/\/www.coccigames.com\/#\/schema\/logo\/image\/","url":"https:\/\/www.coccigames.com\/wp-content\/uploads\/2025\/12\/coccigames_logo_v5.png","contentUrl":"https:\/\/www.coccigames.com\/wp-content\/uploads\/2025\/12\/coccigames_logo_v5.png","width":1768,"height":424,"caption":"Coccigames"},"image":{"@id":"https:\/\/www.coccigames.com\/#\/schema\/logo\/image\/"}}]}},"_links":{"self":[{"href":"https:\/\/www.coccigames.com\/index.php\/wp-json\/wp\/v2\/product\/4987","targetHints":{"allow":["GET"]}}],"collection":[{"href":"https:\/\/www.coccigames.com\/index.php\/wp-json\/wp\/v2\/product"}],"about":[{"href":"https:\/\/www.coccigames.com\/index.php\/wp-json\/wp\/v2\/types\/product"}],"replies":[{"embeddable":true,"href":"https:\/\/www.coccigames.com\/index.php\/wp-json\/wp\/v2\/comments?post=4987"}],"wp:featuredmedia":[{"embeddable":true,"href":"https:\/\/www.coccigames.com\/index.php\/wp-json\/wp\/v2\/media\/5001"}],"wp:attachment":[{"href":"https:\/\/www.coccigames.com\/index.php\/wp-json\/wp\/v2\/media?parent=4987"}],"wp:term":[{"taxonomy":"product_brand","embeddable":true,"href":"https:\/\/www.coccigames.com\/index.php\/wp-json\/wp\/v2\/product_brand?post=4987"},{"taxonomy":"product_cat","embeddable":true,"href":"https:\/\/www.coccigames.com\/index.php\/wp-json\/wp\/v2\/product_cat?post=4987"},{"taxonomy":"product_tag","embeddable":true,"href":"https:\/\/www.coccigames.com\/index.php\/wp-json\/wp\/v2\/product_tag?post=4987"}],"curies":[{"name":"wp","href":"https:\/\/api.w.org\/{rel}","templated":true}]}}