{"id":4984,"date":"2025-11-15T18:04:42","date_gmt":"2025-11-15T17:04:42","guid":{"rendered":"https:\/\/www.coccigames.com\/index.php\/produit\/leagues-votann-prospection-cthonienne\/"},"modified":"2026-04-06T09:25:22","modified_gmt":"2026-04-06T07:25:22","slug":"leagues-votann-prospection-cthonienne","status":"publish","type":"product","link":"https:\/\/www.coccigames.com\/index.php\/produit\/leagues-votann-prospection-cthonienne\/","title":{"rendered":"LEAGUES\/VOTANN: PROSPECTION CTHONIENNE"},"content":{"rendered":"<p>Cette bo\u00eete pleine \u00e0 craquer est parfaite pour entamer une nouvelle collection des Ligues de Votann ou pour \u00e9toffer une arm\u00e9e existante que vous pourrez ensuite d\u00e9cha\u00eener dans les parties de Warhammer 40,000, en faisant des \u00e9conomies par rapport \u00e0 un achat des kits au d\u00e9tail. Men\u00e9 par un astucieux Ma\u00eetre-fer Br\u00f4khyr et son escorte, le gros de cette force est constitu\u00e9 de Beserks Cthoniens agressifs pr\u00eats \u00e0 en venir aux mains avec l&rsquo;ennemi. Ils sont soutenus par les armes lourdes des Tonnekogs Br\u00f4khyr, ainsi que par deux puissants Trembleterres Cthoniens. Un D\u00e9fenseur Kapricus offre un soutien r\u00e9actif et peut autrement \u00eatre assembl\u00e9 comme Porteur Kapricus pour amener vos troupes l\u00e0 o\u00f9 vous en avez besoin.<\/p>\n<p><strong>Cette bo\u00eete permet d&rsquo;assembler 27 figurines en plastique des Ligues de Votann:<\/strong><\/p>\n<p>\u2013 1x Ma\u00eetre-fer Br\u00f4khyr, ainsi qu&rsquo;un Assistant Cognat de Fer et 3x E-COG<\/p>\n<p>\u2013 1x D\u00e9fenseur Kapricus (qui peut autrement \u00eatre assembl\u00e9 comme Porteur Kapricus)<\/p>\n<p>\u2013 2x Trembleterres Cthoniens, ainsi que 2x pions d&rsquo;artillerie de br\u00e8che<\/p>\n<p>\u2013 3x Tonnekogs Br\u00f4khyr<\/p>\n<p>\u2013 10x Beserks Cthoniens, ainsi que 4x pions de grenade taupe<\/p>\n<p>Les figurines de ce kit sont faciles \u00e0 personnaliser. Le Ma\u00eetre-fer Br\u00f4khyr est dot\u00e9 d&rsquo;un viseur multispectre, qui peut \u00eatre port\u00e9 sur les yeux ou relev\u00e9 sur le front.<\/p>\n<p>L&rsquo;\u00e9quipage du D\u00e9fenseur Kapricus dispose de six t\u00eates au choix, dont deux de Cognat de Fer, et le v\u00e9hicule peut \u00eatre arm\u00e9 d&rsquo;un canon \u00e0 magna-rail ou d&rsquo;un canon rotatif HYLaser. Cette figurine peut autrement \u00eatre assembl\u00e9e comme Porteur Kapricus, un v\u00e9hicule de transport l\u00e9ger.<\/p>\n<p>Les Trembleterres Cthoniens peuvent \u00eatre assembl\u00e9s avec, au choix, des obus S\u00e9isme ou de l&rsquo;artillerie de br\u00e8che. Les servants disposent de t\u00eates et de corps interchangeables. Les diff\u00e9rents types de munitions correspondent aux options d&rsquo;assemblage des Trembleterres, et vous trouverez des accessoires pour d\u00e9corer les socles.<\/p>\n<p>Les Tonnekogs Br\u00f4khyr peuvent \u00eatre arm\u00e9s de canons \u00e0 bolts, de canons \u00e9clateurs \u00e0 gravitons ou de faisceaux de conversion SP. Le kit inclut sept t\u00eates diff\u00e9rentes, ainsi que quatre mod\u00e8les diff\u00e9rents d&rsquo;omni-viseurs interchangeables.<\/p>\n<p>Les Beserks Cthoniens peuvent \u00eatre \u00e9quip\u00e9s de haches \u00e0 plasma lourdes ou de masses \u00e0 percussion. Vous trouverez \u00e9galement deux paires de gantelets \u00e0 percussion jumel\u00e9s et les \u00e9l\u00e9ments n\u00e9cessaires pour assembler deux Beserks Cthoniens arm\u00e9s d&rsquo;un lance-grenades taupe, accompagn\u00e9 de chargeurs L-COG. Quatre figurines de grenade taupe sont \u00e9galement fournies, pour aider \u00e0 garder trace des effets de ces explosifs fouisseurs.<\/p>\n<p>Ce kit est fourni avec 2x Planches de D\u00e9calcos des Ligues de Votann, proposant chacune 555 d\u00e9calcos de grande qualit\u00e9 pour d\u00e9corer vos figurines. Cela inclut des symboles de la Ligue Majeure Thurienne, de l&rsquo;Alliance Trans-hyp\u00e9rienne, des L\u00e9gislatures d&rsquo;Urani-Surtr, du Conglom\u00e9rat d&rsquo;Ymyr et de l&rsquo;H\u00e9g\u00e9monie de Kronus, ainsi qu&rsquo;une s\u00e9lection de chiffres et d&rsquo;autres marquages.<\/p>\n","protected":false},"excerpt":{"rendered":"<p>Dans les t\u00e9n\u00e8bres d&rsquo;un lointain futur, il n&rsquo;y a que la guerre. Dans Warhammer 40,000 l&rsquo;humanit\u00e9 lutte pour survivre contre une galaxie grouillante d&rsquo;horreurs extraterrestres et d&rsquo;adorateurs des dieux sombres, en plus de sa propre hybris.<\/p>\n<p>Pendant des mill\u00e9naires, les Cognats des Ligues de Votann ont exploit\u00e9 les ressources mat\u00e9rielles et m\u00e9taphysiques de leurs domaines traditionnels, dans le noyau galactique et plus loin vers l&rsquo;ext\u00e9rieur. Ils constituent un peuple expansionniste et territorial, qui ne pardonne jamais et qui ne fait preuve d&rsquo;aucune piti\u00e9. Les besoins et les vies des autres esp\u00e8ces de la galaxie sont n\u00e9gligeables face \u00e0 la survie des Cognats.<\/p>\n<p>Isol\u00e9e de l&rsquo;Humanit\u00e9, cette culture industrieuse et high-tech combat pour prot\u00e9ger ses domaines.<\/p>\n","protected":false},"featured_media":4996,"comment_status":"open","ping_status":"closed","template":"","meta":[],"product_brand":[23],"product_cat":[310],"product_tag":[102,51],"class_list":{"0":"post-4984","1":"product","2":"type-product","3":"status-publish","4":"has-post-thumbnail","6":"product_brand-games-workshop","7":"product_cat-leagues-of-votann","8":"product_tag-leagues-of-votann","9":"product_tag-xenos","11":"first","12":"instock","13":"sale","14":"featured","15":"taxable","16":"shipping-taxable","17":"purchasable","18":"product-type-simple"},"yoast_head":"<!-- This site is optimized with the Yoast SEO plugin v26.4 - https:\/\/yoast.com\/wordpress\/plugins\/seo\/ -->\n<title>LEAGUES\/VOTANN: PROSPECTION CTHONIENNE - Coccigames<\/title>\n<meta name=\"robots\" content=\"index, follow, max-snippet:-1, max-image-preview:large, max-video-preview:-1\" \/>\n<link rel=\"canonical\" href=\"https:\/\/www.coccigames.com\/index.php\/produit\/leagues-votann-prospection-cthonienne\/\" \/>\n<meta property=\"og:locale\" content=\"fr_FR\" \/>\n<meta property=\"og:type\" content=\"article\" \/>\n<meta property=\"og:title\" content=\"LEAGUES\/VOTANN: PROSPECTION CTHONIENNE - Coccigames\" \/>\n<meta property=\"og:description\" content=\"Dans les t\u00e9n\u00e8bres d&#039;un lointain futur, il n&#039;y a que la guerre. Dans Warhammer 40,000 l&#039;humanit\u00e9 lutte pour survivre contre une galaxie grouillante d&#039;horreurs extraterrestres et d&#039;adorateurs des dieux sombres, en plus de sa propre hybris.  Pendant des mill\u00e9naires, les Cognats des Ligues de Votann ont exploit\u00e9 les ressources mat\u00e9rielles et m\u00e9taphysiques de leurs domaines traditionnels, dans le noyau galactique et plus loin vers l&#039;ext\u00e9rieur. Ils constituent un peuple expansionniste et territorial, qui ne pardonne jamais et qui ne fait preuve d&#039;aucune piti\u00e9. Les besoins et les vies des autres esp\u00e8ces de la galaxie sont n\u00e9gligeables face \u00e0 la survie des Cognats.  Isol\u00e9e de l&#039;Humanit\u00e9, cette culture industrieuse et high-tech combat pour prot\u00e9ger ses domaines.\" \/>\n<meta property=\"og:url\" content=\"https:\/\/www.coccigames.com\/index.php\/produit\/leagues-votann-prospection-cthonienne\/\" \/>\n<meta property=\"og:site_name\" content=\"Coccigames\" \/>\n<meta property=\"article:modified_time\" content=\"2026-04-06T07:25:22+00:00\" \/>\n<meta property=\"og:image\" content=\"https:\/\/www.coccigames.com\/wp-content\/uploads\/2025\/11\/99120118029_LeaguesOfVotannCthonianProspect20.jpg\" \/>\n\t<meta property=\"og:image:width\" content=\"918\" \/>\n\t<meta property=\"og:image:height\" content=\"948\" \/>\n\t<meta property=\"og:image:type\" content=\"image\/jpeg\" \/>\n<meta name=\"twitter:card\" content=\"summary_large_image\" \/>\n<meta name=\"twitter:label1\" content=\"Dur\u00e9e de lecture estim\u00e9e\" \/>\n\t<meta name=\"twitter:data1\" content=\"3 minutes\" \/>\n<script type=\"application\/ld+json\" class=\"yoast-schema-graph\">{\"@context\":\"https:\/\/schema.org\",\"@graph\":[{\"@type\":\"WebPage\",\"@id\":\"https:\/\/www.coccigames.com\/index.php\/produit\/leagues-votann-prospection-cthonienne\/\",\"url\":\"https:\/\/www.coccigames.com\/index.php\/produit\/leagues-votann-prospection-cthonienne\/\",\"name\":\"LEAGUES\/VOTANN: PROSPECTION CTHONIENNE - Coccigames\",\"isPartOf\":{\"@id\":\"https:\/\/www.coccigames.com\/#website\"},\"primaryImageOfPage\":{\"@id\":\"https:\/\/www.coccigames.com\/index.php\/produit\/leagues-votann-prospection-cthonienne\/#primaryimage\"},\"image\":{\"@id\":\"https:\/\/www.coccigames.com\/index.php\/produit\/leagues-votann-prospection-cthonienne\/#primaryimage\"},\"thumbnailUrl\":\"https:\/\/www.coccigames.com\/wp-content\/uploads\/2025\/11\/99120118029_LeaguesOfVotannCthonianProspect20.jpg\",\"datePublished\":\"2025-11-15T17:04:42+00:00\",\"dateModified\":\"2026-04-06T07:25:22+00:00\",\"breadcrumb\":{\"@id\":\"https:\/\/www.coccigames.com\/index.php\/produit\/leagues-votann-prospection-cthonienne\/#breadcrumb\"},\"inLanguage\":\"fr-FR\",\"potentialAction\":[{\"@type\":\"ReadAction\",\"target\":[\"https:\/\/www.coccigames.com\/index.php\/produit\/leagues-votann-prospection-cthonienne\/\"]}]},{\"@type\":\"ImageObject\",\"inLanguage\":\"fr-FR\",\"@id\":\"https:\/\/www.coccigames.com\/index.php\/produit\/leagues-votann-prospection-cthonienne\/#primaryimage\",\"url\":\"https:\/\/www.coccigames.com\/wp-content\/uploads\/2025\/11\/99120118029_LeaguesOfVotannCthonianProspect20.jpg\",\"contentUrl\":\"https:\/\/www.coccigames.com\/wp-content\/uploads\/2025\/11\/99120118029_LeaguesOfVotannCthonianProspect20.jpg\",\"width\":918,\"height\":948},{\"@type\":\"BreadcrumbList\",\"@id\":\"https:\/\/www.coccigames.com\/index.php\/produit\/leagues-votann-prospection-cthonienne\/#breadcrumb\",\"itemListElement\":[{\"@type\":\"ListItem\",\"position\":1,\"name\":\"Accueil\",\"item\":\"https:\/\/www.coccigames.com\/\"},{\"@type\":\"ListItem\",\"position\":2,\"name\":\"Boutique\",\"item\":\"https:\/\/www.coccigames.com\/index.php\/boutique\/\"},{\"@type\":\"ListItem\",\"position\":3,\"name\":\"LEAGUES\/VOTANN: PROSPECTION CTHONIENNE\"}]},{\"@type\":\"WebSite\",\"@id\":\"https:\/\/www.coccigames.com\/#website\",\"url\":\"https:\/\/www.coccigames.com\/\",\"name\":\"Coccigames - Figurines et Peintures\",\"description\":\"Figurines et Peintures\",\"publisher\":{\"@id\":\"https:\/\/www.coccigames.com\/#organization\"},\"potentialAction\":[{\"@type\":\"SearchAction\",\"target\":{\"@type\":\"EntryPoint\",\"urlTemplate\":\"https:\/\/www.coccigames.com\/?s={search_term_string}\"},\"query-input\":{\"@type\":\"PropertyValueSpecification\",\"valueRequired\":true,\"valueName\":\"search_term_string\"}}],\"inLanguage\":\"fr-FR\"},{\"@type\":\"Organization\",\"@id\":\"https:\/\/www.coccigames.com\/#organization\",\"name\":\"Coccigames\",\"url\":\"https:\/\/www.coccigames.com\/\",\"logo\":{\"@type\":\"ImageObject\",\"inLanguage\":\"fr-FR\",\"@id\":\"https:\/\/www.coccigames.com\/#\/schema\/logo\/image\/\",\"url\":\"https:\/\/www.coccigames.com\/wp-content\/uploads\/2025\/12\/coccigames_logo_v5.png\",\"contentUrl\":\"https:\/\/www.coccigames.com\/wp-content\/uploads\/2025\/12\/coccigames_logo_v5.png\",\"width\":1768,\"height\":424,\"caption\":\"Coccigames\"},\"image\":{\"@id\":\"https:\/\/www.coccigames.com\/#\/schema\/logo\/image\/\"}}]}<\/script>\n<!-- \/ Yoast SEO plugin. -->","yoast_head_json":{"title":"LEAGUES\/VOTANN: PROSPECTION CTHONIENNE - Coccigames","robots":{"index":"index","follow":"follow","max-snippet":"max-snippet:-1","max-image-preview":"max-image-preview:large","max-video-preview":"max-video-preview:-1"},"canonical":"https:\/\/www.coccigames.com\/index.php\/produit\/leagues-votann-prospection-cthonienne\/","og_locale":"fr_FR","og_type":"article","og_title":"LEAGUES\/VOTANN: PROSPECTION CTHONIENNE - Coccigames","og_description":"Dans les t\u00e9n\u00e8bres d'un lointain futur, il n'y a que la guerre. Dans Warhammer 40,000 l'humanit\u00e9 lutte pour survivre contre une galaxie grouillante d'horreurs extraterrestres et d'adorateurs des dieux sombres, en plus de sa propre hybris.  Pendant des mill\u00e9naires, les Cognats des Ligues de Votann ont exploit\u00e9 les ressources mat\u00e9rielles et m\u00e9taphysiques de leurs domaines traditionnels, dans le noyau galactique et plus loin vers l'ext\u00e9rieur. Ils constituent un peuple expansionniste et territorial, qui ne pardonne jamais et qui ne fait preuve d'aucune piti\u00e9. Les besoins et les vies des autres esp\u00e8ces de la galaxie sont n\u00e9gligeables face \u00e0 la survie des Cognats.  Isol\u00e9e de l'Humanit\u00e9, cette culture industrieuse et high-tech combat pour prot\u00e9ger ses domaines.","og_url":"https:\/\/www.coccigames.com\/index.php\/produit\/leagues-votann-prospection-cthonienne\/","og_site_name":"Coccigames","article_modified_time":"2026-04-06T07:25:22+00:00","og_image":[{"width":918,"height":948,"url":"https:\/\/www.coccigames.com\/wp-content\/uploads\/2025\/11\/99120118029_LeaguesOfVotannCthonianProspect20.jpg","type":"image\/jpeg"}],"twitter_card":"summary_large_image","twitter_misc":{"Dur\u00e9e de lecture estim\u00e9e":"3 minutes"},"schema":{"@context":"https:\/\/schema.org","@graph":[{"@type":"WebPage","@id":"https:\/\/www.coccigames.com\/index.php\/produit\/leagues-votann-prospection-cthonienne\/","url":"https:\/\/www.coccigames.com\/index.php\/produit\/leagues-votann-prospection-cthonienne\/","name":"LEAGUES\/VOTANN: PROSPECTION CTHONIENNE - Coccigames","isPartOf":{"@id":"https:\/\/www.coccigames.com\/#website"},"primaryImageOfPage":{"@id":"https:\/\/www.coccigames.com\/index.php\/produit\/leagues-votann-prospection-cthonienne\/#primaryimage"},"image":{"@id":"https:\/\/www.coccigames.com\/index.php\/produit\/leagues-votann-prospection-cthonienne\/#primaryimage"},"thumbnailUrl":"https:\/\/www.coccigames.com\/wp-content\/uploads\/2025\/11\/99120118029_LeaguesOfVotannCthonianProspect20.jpg","datePublished":"2025-11-15T17:04:42+00:00","dateModified":"2026-04-06T07:25:22+00:00","breadcrumb":{"@id":"https:\/\/www.coccigames.com\/index.php\/produit\/leagues-votann-prospection-cthonienne\/#breadcrumb"},"inLanguage":"fr-FR","potentialAction":[{"@type":"ReadAction","target":["https:\/\/www.coccigames.com\/index.php\/produit\/leagues-votann-prospection-cthonienne\/"]}]},{"@type":"ImageObject","inLanguage":"fr-FR","@id":"https:\/\/www.coccigames.com\/index.php\/produit\/leagues-votann-prospection-cthonienne\/#primaryimage","url":"https:\/\/www.coccigames.com\/wp-content\/uploads\/2025\/11\/99120118029_LeaguesOfVotannCthonianProspect20.jpg","contentUrl":"https:\/\/www.coccigames.com\/wp-content\/uploads\/2025\/11\/99120118029_LeaguesOfVotannCthonianProspect20.jpg","width":918,"height":948},{"@type":"BreadcrumbList","@id":"https:\/\/www.coccigames.com\/index.php\/produit\/leagues-votann-prospection-cthonienne\/#breadcrumb","itemListElement":[{"@type":"ListItem","position":1,"name":"Accueil","item":"https:\/\/www.coccigames.com\/"},{"@type":"ListItem","position":2,"name":"Boutique","item":"https:\/\/www.coccigames.com\/index.php\/boutique\/"},{"@type":"ListItem","position":3,"name":"LEAGUES\/VOTANN: PROSPECTION CTHONIENNE"}]},{"@type":"WebSite","@id":"https:\/\/www.coccigames.com\/#website","url":"https:\/\/www.coccigames.com\/","name":"Coccigames - Figurines et Peintures","description":"Figurines et Peintures","publisher":{"@id":"https:\/\/www.coccigames.com\/#organization"},"potentialAction":[{"@type":"SearchAction","target":{"@type":"EntryPoint","urlTemplate":"https:\/\/www.coccigames.com\/?s={search_term_string}"},"query-input":{"@type":"PropertyValueSpecification","valueRequired":true,"valueName":"search_term_string"}}],"inLanguage":"fr-FR"},{"@type":"Organization","@id":"https:\/\/www.coccigames.com\/#organization","name":"Coccigames","url":"https:\/\/www.coccigames.com\/","logo":{"@type":"ImageObject","inLanguage":"fr-FR","@id":"https:\/\/www.coccigames.com\/#\/schema\/logo\/image\/","url":"https:\/\/www.coccigames.com\/wp-content\/uploads\/2025\/12\/coccigames_logo_v5.png","contentUrl":"https:\/\/www.coccigames.com\/wp-content\/uploads\/2025\/12\/coccigames_logo_v5.png","width":1768,"height":424,"caption":"Coccigames"},"image":{"@id":"https:\/\/www.coccigames.com\/#\/schema\/logo\/image\/"}}]}},"_links":{"self":[{"href":"https:\/\/www.coccigames.com\/index.php\/wp-json\/wp\/v2\/product\/4984","targetHints":{"allow":["GET"]}}],"collection":[{"href":"https:\/\/www.coccigames.com\/index.php\/wp-json\/wp\/v2\/product"}],"about":[{"href":"https:\/\/www.coccigames.com\/index.php\/wp-json\/wp\/v2\/types\/product"}],"replies":[{"embeddable":true,"href":"https:\/\/www.coccigames.com\/index.php\/wp-json\/wp\/v2\/comments?post=4984"}],"wp:featuredmedia":[{"embeddable":true,"href":"https:\/\/www.coccigames.com\/index.php\/wp-json\/wp\/v2\/media\/4996"}],"wp:attachment":[{"href":"https:\/\/www.coccigames.com\/index.php\/wp-json\/wp\/v2\/media?parent=4984"}],"wp:term":[{"taxonomy":"product_brand","embeddable":true,"href":"https:\/\/www.coccigames.com\/index.php\/wp-json\/wp\/v2\/product_brand?post=4984"},{"taxonomy":"product_cat","embeddable":true,"href":"https:\/\/www.coccigames.com\/index.php\/wp-json\/wp\/v2\/product_cat?post=4984"},{"taxonomy":"product_tag","embeddable":true,"href":"https:\/\/www.coccigames.com\/index.php\/wp-json\/wp\/v2\/product_tag?post=4984"}],"curies":[{"name":"wp","href":"https:\/\/api.w.org\/{rel}","templated":true}]}}