{"id":4983,"date":"2025-11-15T18:04:41","date_gmt":"2025-11-15T17:04:41","guid":{"rendered":"https:\/\/www.coccigames.com\/index.php\/produit\/tau-empire-cadre-farsight\/"},"modified":"2026-04-06T09:25:22","modified_gmt":"2026-04-06T07:25:22","slug":"tau-empire-cadre-farsight","status":"publish","type":"product","link":"https:\/\/www.coccigames.com\/index.php\/produit\/tau-empire-cadre-farsight\/","title":{"rendered":"T&rsquo;AU EMPIRE: CADRE FARSIGHT"},"content":{"rendered":"<p>Le Commandant Farsight part en guerre entour\u00e9 d&rsquo;Exo-armures capables de suivre ses m\u00e9thodes guerri\u00e8res agressives. Tout en encaissant des tirs de riposte qui massacreraient nombre d&rsquo;arm\u00e9es inf\u00e9rieures, ces guerriers peuvent faire parler une puissance de feu assez lourde pour \u00e9liminer toute opposition. Rares sont les ennemis en mesure de r\u00e9sister aux tirs concentr\u00e9s du Cadre Farsight.<\/p>\n<p>Cette bo\u00eete pleine \u00e0 craquer est parfaite pour entamer une nouvelle collection de l&rsquo;Empire T&rsquo;au ou pour \u00e9toffer une arm\u00e9e existante que vous pourrez ensuite d\u00e9cha\u00eener dans les parties de Warhammer 40,000, en faisant des \u00e9conomies par rapport \u00e0 un achat des kits au d\u00e9tail. Men\u00e9e par le Commandant Farsight en personne, l&rsquo;int\u00e9gralit\u00e9 de cette force est constitu\u00e9e d&rsquo;Exo-armures accompagn\u00e9es de leurs drones de soutien. Un noyau de trois Exo-armures Crisis \u00e0 l&rsquo;armement adaptable est compl\u00e9t\u00e9 par une Exo-armure Broadside et une Exo-armure Riptide pour jouir d&rsquo;une puissance de feu \u00e9crasante.<\/p>\n<p><strong>Cette bo\u00eete permet d&rsquo;assembler 16 figurines en plastique de l&rsquo;Empire T&rsquo;au:<\/strong><\/p>\n<p>\u2013 1x Commandant Farsight<\/p>\n<p>\u2013 1x Exo-armure Riptide avec 2x drones<\/p>\n<p>\u2013 1x Exo-armure Broadside avec 2x drones<\/p>\n<p>\u2013 3x Exo-armures Crisis avec 6x drones<\/p>\n<p>Les figurines de ce kit sont faciles \u00e0 personnaliser. L&rsquo;Exo-armure Riptide peut \u00eatre arm\u00e9e, selon votre pr\u00e9f\u00e9rence, d&rsquo;un canon \u00e0 induction lourd ou d&rsquo;un acc\u00e9l\u00e9rateur \u00e0 ions. Elle peut en outre recevoir un fusil \u00e0 plasma froid jumel\u00e9, un \u00e9clateur \u00e0 fusion jumel\u00e9 ou un syst\u00e8me de missiles autodirecteurs jumel\u00e9. L&rsquo;Exo-armure Riptide dispose d&rsquo;un choix de deux t\u00eates, est accompagn\u00e9e de deux drones et peut \u00eatre assembl\u00e9e dans diverses poses.<\/p>\n<p>Les Exo-armures Crisis peuvent chacune \u00eatre assembl\u00e9es les pieds au sol ou \u00e0 l&rsquo;aide de tiges volantes, comme si elles atterrissaient ou d\u00e9collaient. Les t\u00eates, genouill\u00e8res et \u00e9pauli\u00e8res sont interchangeables, tout comme les armes: vous trouverez quatre fusils \u00e0 plasma froid, trois lance-flammes t&rsquo;au, quatre \u00e9clateurs \u00e0 fusion, quatre canons \u00e0 induction, trois nacelles de missiles et trois g\u00e9n\u00e9rateurs de bouclier. Les six drones peuvent \u00eatre assembl\u00e9s de diff\u00e9rentes mani\u00e8res: jusqu&rsquo;\u00e0 trois drones arm\u00e9s, jusqu&rsquo;\u00e0 trois drones boucliers et jusqu&rsquo;\u00e0 trois drones de marquage. Vous trouverez \u00e9galement les \u00e9l\u00e9ments n\u00e9cessaires pour assembler un Shas&rsquo;vre ou une Exo-armure Crisis XV8-02 de classe Iridium en option.<\/p>\n<p>Le kit est fourni avec 1x Planche de D\u00e9calco d&rsquo;Infanterie de l&rsquo;Empire T&rsquo;au \u2013 Sept Vior&rsquo;la, proposant 177 d\u00e9calcos de grande qualit\u00e9 pour d\u00e9corer vos figurines. Cela comprend une s\u00e9lection de marquages du Sept Vior&rsquo;la pour diverses Exo-armures et pour le reste de l&rsquo;infanterie de votre collection, comme les \u00c9quipes de Cibleurs, les \u00c9quipes d&rsquo;Attaque et les \u00c9quipes de Br\u00e9cheurs.<\/p>\n","protected":false},"excerpt":{"rendered":"<p>Un jeune empire ambitieux qui s&rsquo;appuie sur une technologie avanc\u00e9e pour imposer ses id\u00e9aux <\/p>\n","protected":false},"featured_media":5004,"comment_status":"open","ping_status":"closed","template":"","meta":[],"product_brand":[23],"product_cat":[296],"product_tag":[109,51],"class_list":{"0":"post-4983","1":"product","2":"type-product","3":"status-publish","4":"has-post-thumbnail","6":"product_brand-games-workshop","7":"product_cat-tau","8":"product_tag-tau-2","9":"product_tag-xenos","11":"first","12":"outofstock","13":"sale","14":"featured","15":"taxable","16":"shipping-taxable","17":"purchasable","18":"product-type-simple"},"yoast_head":"<!-- This site is optimized with the Yoast SEO plugin v26.4 - https:\/\/yoast.com\/wordpress\/plugins\/seo\/ -->\n<title>T&#039;AU EMPIRE: CADRE FARSIGHT - Coccigames<\/title>\n<meta name=\"robots\" content=\"index, follow, max-snippet:-1, max-image-preview:large, max-video-preview:-1\" \/>\n<link rel=\"canonical\" href=\"https:\/\/www.coccigames.com\/index.php\/produit\/tau-empire-cadre-farsight\/\" \/>\n<meta property=\"og:locale\" content=\"fr_FR\" \/>\n<meta property=\"og:type\" content=\"article\" \/>\n<meta property=\"og:title\" content=\"T&#039;AU EMPIRE: CADRE FARSIGHT - Coccigames\" \/>\n<meta property=\"og:description\" content=\"Un jeune empire ambitieux qui s&#039;appuie sur une technologie avanc\u00e9e pour imposer ses id\u00e9aux\" \/>\n<meta property=\"og:url\" content=\"https:\/\/www.coccigames.com\/index.php\/produit\/tau-empire-cadre-farsight\/\" \/>\n<meta property=\"og:site_name\" content=\"Coccigames\" \/>\n<meta property=\"article:modified_time\" content=\"2026-04-06T07:25:22+00:00\" \/>\n<meta property=\"og:image\" content=\"https:\/\/www.coccigames.com\/wp-content\/uploads\/2025\/11\/99120113111_TauEmpireFarsightCadre16.jpg\" \/>\n\t<meta property=\"og:image:width\" content=\"918\" \/>\n\t<meta property=\"og:image:height\" content=\"948\" \/>\n\t<meta property=\"og:image:type\" content=\"image\/jpeg\" \/>\n<meta name=\"twitter:card\" content=\"summary_large_image\" \/>\n<meta name=\"twitter:label1\" content=\"Dur\u00e9e de lecture estim\u00e9e\" \/>\n\t<meta name=\"twitter:data1\" content=\"1 minute\" \/>\n<script type=\"application\/ld+json\" class=\"yoast-schema-graph\">{\"@context\":\"https:\/\/schema.org\",\"@graph\":[{\"@type\":\"WebPage\",\"@id\":\"https:\/\/www.coccigames.com\/index.php\/produit\/tau-empire-cadre-farsight\/\",\"url\":\"https:\/\/www.coccigames.com\/index.php\/produit\/tau-empire-cadre-farsight\/\",\"name\":\"T'AU EMPIRE: CADRE FARSIGHT - Coccigames\",\"isPartOf\":{\"@id\":\"https:\/\/www.coccigames.com\/#website\"},\"primaryImageOfPage\":{\"@id\":\"https:\/\/www.coccigames.com\/index.php\/produit\/tau-empire-cadre-farsight\/#primaryimage\"},\"image\":{\"@id\":\"https:\/\/www.coccigames.com\/index.php\/produit\/tau-empire-cadre-farsight\/#primaryimage\"},\"thumbnailUrl\":\"https:\/\/www.coccigames.com\/wp-content\/uploads\/2025\/11\/99120113111_TauEmpireFarsightCadre16.jpg\",\"datePublished\":\"2025-11-15T17:04:41+00:00\",\"dateModified\":\"2026-04-06T07:25:22+00:00\",\"breadcrumb\":{\"@id\":\"https:\/\/www.coccigames.com\/index.php\/produit\/tau-empire-cadre-farsight\/#breadcrumb\"},\"inLanguage\":\"fr-FR\",\"potentialAction\":[{\"@type\":\"ReadAction\",\"target\":[\"https:\/\/www.coccigames.com\/index.php\/produit\/tau-empire-cadre-farsight\/\"]}]},{\"@type\":\"ImageObject\",\"inLanguage\":\"fr-FR\",\"@id\":\"https:\/\/www.coccigames.com\/index.php\/produit\/tau-empire-cadre-farsight\/#primaryimage\",\"url\":\"https:\/\/www.coccigames.com\/wp-content\/uploads\/2025\/11\/99120113111_TauEmpireFarsightCadre16.jpg\",\"contentUrl\":\"https:\/\/www.coccigames.com\/wp-content\/uploads\/2025\/11\/99120113111_TauEmpireFarsightCadre16.jpg\",\"width\":918,\"height\":948},{\"@type\":\"BreadcrumbList\",\"@id\":\"https:\/\/www.coccigames.com\/index.php\/produit\/tau-empire-cadre-farsight\/#breadcrumb\",\"itemListElement\":[{\"@type\":\"ListItem\",\"position\":1,\"name\":\"Accueil\",\"item\":\"https:\/\/www.coccigames.com\/\"},{\"@type\":\"ListItem\",\"position\":2,\"name\":\"Boutique\",\"item\":\"https:\/\/www.coccigames.com\/index.php\/boutique\/\"},{\"@type\":\"ListItem\",\"position\":3,\"name\":\"T&rsquo;AU EMPIRE: CADRE FARSIGHT\"}]},{\"@type\":\"WebSite\",\"@id\":\"https:\/\/www.coccigames.com\/#website\",\"url\":\"https:\/\/www.coccigames.com\/\",\"name\":\"Coccigames - Figurines et Peintures\",\"description\":\"Figurines et Peintures\",\"publisher\":{\"@id\":\"https:\/\/www.coccigames.com\/#organization\"},\"potentialAction\":[{\"@type\":\"SearchAction\",\"target\":{\"@type\":\"EntryPoint\",\"urlTemplate\":\"https:\/\/www.coccigames.com\/?s={search_term_string}\"},\"query-input\":{\"@type\":\"PropertyValueSpecification\",\"valueRequired\":true,\"valueName\":\"search_term_string\"}}],\"inLanguage\":\"fr-FR\"},{\"@type\":\"Organization\",\"@id\":\"https:\/\/www.coccigames.com\/#organization\",\"name\":\"Coccigames\",\"url\":\"https:\/\/www.coccigames.com\/\",\"logo\":{\"@type\":\"ImageObject\",\"inLanguage\":\"fr-FR\",\"@id\":\"https:\/\/www.coccigames.com\/#\/schema\/logo\/image\/\",\"url\":\"https:\/\/www.coccigames.com\/wp-content\/uploads\/2025\/12\/coccigames_logo_v5.png\",\"contentUrl\":\"https:\/\/www.coccigames.com\/wp-content\/uploads\/2025\/12\/coccigames_logo_v5.png\",\"width\":1768,\"height\":424,\"caption\":\"Coccigames\"},\"image\":{\"@id\":\"https:\/\/www.coccigames.com\/#\/schema\/logo\/image\/\"}}]}<\/script>\n<!-- \/ Yoast SEO plugin. -->","yoast_head_json":{"title":"T'AU EMPIRE: CADRE FARSIGHT - Coccigames","robots":{"index":"index","follow":"follow","max-snippet":"max-snippet:-1","max-image-preview":"max-image-preview:large","max-video-preview":"max-video-preview:-1"},"canonical":"https:\/\/www.coccigames.com\/index.php\/produit\/tau-empire-cadre-farsight\/","og_locale":"fr_FR","og_type":"article","og_title":"T'AU EMPIRE: CADRE FARSIGHT - Coccigames","og_description":"Un jeune empire ambitieux qui s'appuie sur une technologie avanc\u00e9e pour imposer ses id\u00e9aux","og_url":"https:\/\/www.coccigames.com\/index.php\/produit\/tau-empire-cadre-farsight\/","og_site_name":"Coccigames","article_modified_time":"2026-04-06T07:25:22+00:00","og_image":[{"width":918,"height":948,"url":"https:\/\/www.coccigames.com\/wp-content\/uploads\/2025\/11\/99120113111_TauEmpireFarsightCadre16.jpg","type":"image\/jpeg"}],"twitter_card":"summary_large_image","twitter_misc":{"Dur\u00e9e de lecture estim\u00e9e":"1 minute"},"schema":{"@context":"https:\/\/schema.org","@graph":[{"@type":"WebPage","@id":"https:\/\/www.coccigames.com\/index.php\/produit\/tau-empire-cadre-farsight\/","url":"https:\/\/www.coccigames.com\/index.php\/produit\/tau-empire-cadre-farsight\/","name":"T'AU EMPIRE: CADRE FARSIGHT - Coccigames","isPartOf":{"@id":"https:\/\/www.coccigames.com\/#website"},"primaryImageOfPage":{"@id":"https:\/\/www.coccigames.com\/index.php\/produit\/tau-empire-cadre-farsight\/#primaryimage"},"image":{"@id":"https:\/\/www.coccigames.com\/index.php\/produit\/tau-empire-cadre-farsight\/#primaryimage"},"thumbnailUrl":"https:\/\/www.coccigames.com\/wp-content\/uploads\/2025\/11\/99120113111_TauEmpireFarsightCadre16.jpg","datePublished":"2025-11-15T17:04:41+00:00","dateModified":"2026-04-06T07:25:22+00:00","breadcrumb":{"@id":"https:\/\/www.coccigames.com\/index.php\/produit\/tau-empire-cadre-farsight\/#breadcrumb"},"inLanguage":"fr-FR","potentialAction":[{"@type":"ReadAction","target":["https:\/\/www.coccigames.com\/index.php\/produit\/tau-empire-cadre-farsight\/"]}]},{"@type":"ImageObject","inLanguage":"fr-FR","@id":"https:\/\/www.coccigames.com\/index.php\/produit\/tau-empire-cadre-farsight\/#primaryimage","url":"https:\/\/www.coccigames.com\/wp-content\/uploads\/2025\/11\/99120113111_TauEmpireFarsightCadre16.jpg","contentUrl":"https:\/\/www.coccigames.com\/wp-content\/uploads\/2025\/11\/99120113111_TauEmpireFarsightCadre16.jpg","width":918,"height":948},{"@type":"BreadcrumbList","@id":"https:\/\/www.coccigames.com\/index.php\/produit\/tau-empire-cadre-farsight\/#breadcrumb","itemListElement":[{"@type":"ListItem","position":1,"name":"Accueil","item":"https:\/\/www.coccigames.com\/"},{"@type":"ListItem","position":2,"name":"Boutique","item":"https:\/\/www.coccigames.com\/index.php\/boutique\/"},{"@type":"ListItem","position":3,"name":"T&rsquo;AU EMPIRE: CADRE FARSIGHT"}]},{"@type":"WebSite","@id":"https:\/\/www.coccigames.com\/#website","url":"https:\/\/www.coccigames.com\/","name":"Coccigames - Figurines et Peintures","description":"Figurines et Peintures","publisher":{"@id":"https:\/\/www.coccigames.com\/#organization"},"potentialAction":[{"@type":"SearchAction","target":{"@type":"EntryPoint","urlTemplate":"https:\/\/www.coccigames.com\/?s={search_term_string}"},"query-input":{"@type":"PropertyValueSpecification","valueRequired":true,"valueName":"search_term_string"}}],"inLanguage":"fr-FR"},{"@type":"Organization","@id":"https:\/\/www.coccigames.com\/#organization","name":"Coccigames","url":"https:\/\/www.coccigames.com\/","logo":{"@type":"ImageObject","inLanguage":"fr-FR","@id":"https:\/\/www.coccigames.com\/#\/schema\/logo\/image\/","url":"https:\/\/www.coccigames.com\/wp-content\/uploads\/2025\/12\/coccigames_logo_v5.png","contentUrl":"https:\/\/www.coccigames.com\/wp-content\/uploads\/2025\/12\/coccigames_logo_v5.png","width":1768,"height":424,"caption":"Coccigames"},"image":{"@id":"https:\/\/www.coccigames.com\/#\/schema\/logo\/image\/"}}]}},"_links":{"self":[{"href":"https:\/\/www.coccigames.com\/index.php\/wp-json\/wp\/v2\/product\/4983","targetHints":{"allow":["GET"]}}],"collection":[{"href":"https:\/\/www.coccigames.com\/index.php\/wp-json\/wp\/v2\/product"}],"about":[{"href":"https:\/\/www.coccigames.com\/index.php\/wp-json\/wp\/v2\/types\/product"}],"replies":[{"embeddable":true,"href":"https:\/\/www.coccigames.com\/index.php\/wp-json\/wp\/v2\/comments?post=4983"}],"wp:featuredmedia":[{"embeddable":true,"href":"https:\/\/www.coccigames.com\/index.php\/wp-json\/wp\/v2\/media\/5004"}],"wp:attachment":[{"href":"https:\/\/www.coccigames.com\/index.php\/wp-json\/wp\/v2\/media?parent=4983"}],"wp:term":[{"taxonomy":"product_brand","embeddable":true,"href":"https:\/\/www.coccigames.com\/index.php\/wp-json\/wp\/v2\/product_brand?post=4983"},{"taxonomy":"product_cat","embeddable":true,"href":"https:\/\/www.coccigames.com\/index.php\/wp-json\/wp\/v2\/product_cat?post=4983"},{"taxonomy":"product_tag","embeddable":true,"href":"https:\/\/www.coccigames.com\/index.php\/wp-json\/wp\/v2\/product_tag?post=4983"}],"curies":[{"name":"wp","href":"https:\/\/api.w.org\/{rel}","templated":true}]}}