{"id":4982,"date":"2025-11-15T18:04:41","date_gmt":"2025-11-15T17:04:41","guid":{"rendered":"https:\/\/www.coccigames.com\/index.php\/produit\/tyranids-ruee-broyeuse\/"},"modified":"2026-04-06T09:25:21","modified_gmt":"2026-04-06T07:25:21","slug":"tyranids-ruee-broyeuse","status":"publish","type":"product","link":"https:\/\/www.coccigames.com\/index.php\/produit\/tyranids-ruee-broyeuse\/","title":{"rendered":"TYRANIDS: RU\u00c9E BROYEUSE"},"content":{"rendered":"<p>Lorsque les Tyranides font face \u00e0 une proie particuli\u00e8rement robuste, l&rsquo;Esprit-ruche peut d\u00e9ployer ce que les strategos imp\u00e9riaux appellent une Ru\u00e9e Broyeuse. Ces essaims s&rsquo;articulent autour de monstres colossaux men\u00e9s par certaines des cr\u00e9atures synapses les plus physiquement imposantes que les vaisseaux-ruches puissent vomir. Soutenues par des chars d&rsquo;assaut vivants comme le Tyrannofex et l&rsquo;Exocrine, les Ru\u00e9es Broyeuses \u00e9crasent tout ce qui se dresse sur leur chemin.<\/p>\n<p>Cette bo\u00eete pleine \u00e0 craquer est parfaite pour entamer une nouvelle collection de Tyranides ou pour \u00e9toffer une arm\u00e9e existante que vous pourrez ensuite d\u00e9cha\u00eener dans les parties de Warhammer 40,000, en faisant des \u00e9conomies par rapport \u00e0 un achat des kits au d\u00e9tail. Men\u00e9e par un Neurotyran et ses Neurolo\u00efdes asservis, cette force est constitu\u00e9e de b\u00eates surpuissantes. Vous trouverez un Tueur-hurleur, un Tyrannofex, un Haruspex et un Maleceptor, de quoi terroriser n&rsquo;importe quel adversaire. Chacune de ces cr\u00e9atures est une menace \u00e0 part enti\u00e8re, capable de faire des ravages tout en encaissant de terribles d\u00e9g\u00e2ts. Quand elles sont combin\u00e9es, elles forment une puissante arm\u00e9e qui pr\u00e9sentera un d\u00e9fi \u00e0 vos adversaires pour r\u00e9ussir \u00e0 en venir \u00e0 bout.<\/p>\n<p><strong>Cette bo\u00eete permet d&rsquo;assembler 7 figurines en plastique de Tyranides:<\/strong><\/p>\n<p>\u2013 1x Neurotyran avec 2x Neurolo\u00efdes<\/p>\n<p>\u2013 1x Tueur-hurleur<\/p>\n<p>\u2013 1x Tyrannofex (qui peut autrement \u00eatre assembl\u00e9 comme Tervigon)<\/p>\n<p>\u2013 1x Haruspex (qui peut autrement \u00eatre assembl\u00e9 comme Exocrine)<\/p>\n<p>\u2013 1x Maleceptor (qui peut autrement \u00eatre assembl\u00e9 comme Toxicr\u00e8ne)<\/p>\n<p>Certaines des b\u00eates de ce kit disposent d&rsquo;options d&rsquo;assemblage. Le Tyrannofex peut \u00eatre arm\u00e9 d&rsquo;un canon briseur redoutable contre les v\u00e9hicules, d&rsquo;un fluide acide capable de faire fondre les armures, ou d&rsquo;une ruche d&rsquo;\u00e9corcheurs mortelle contre les hordes. Il peut autrement \u00eatre assembl\u00e9 comme Tervigon engendreur de Termagants, qui peut \u00eatre arm\u00e9 selon votre choix de pinces broyeuses ou de griffes tranchantes.<\/p>\n<p>L&rsquo;Haruspex \u00e0 l&rsquo;app\u00e9tit insatiable peut autrement \u00eatre assembl\u00e9 en Exocrine dot\u00e9 d&rsquo;un canon bioplasmique.<\/p>\n<p>Le Maleceptor au terrifiant potentiel psychique peut autrement \u00eatre assembl\u00e9 comme Toxicr\u00e8ne capable d&#8217;empoisonner l&rsquo;infanterie. Tous deux peuvent \u00eatre assembl\u00e9s dans une position ramass\u00e9e ou d&rsquo;attaque, avec un Terminator Space Marine \u00e9cras\u00e9 sous leur griffe<\/p>\n","protected":false},"excerpt":{"rendered":"<p>L\u00e2chez une mar\u00e9e vivante d&rsquo;entit\u00e9s biologiques cauchemardesques pour tout d\u00e9vorer sur votre chemin. <\/p>\n","protected":false},"featured_media":5008,"comment_status":"open","ping_status":"closed","template":"","meta":[],"product_brand":[23],"product_cat":[293],"product_tag":[53,51],"class_list":{"0":"post-4982","1":"product","2":"type-product","3":"status-publish","4":"has-post-thumbnail","6":"product_brand-games-workshop","7":"product_cat-tyranids","8":"product_tag-tyranids","9":"product_tag-xenos","11":"first","12":"outofstock","13":"sale","14":"featured","15":"taxable","16":"shipping-taxable","17":"purchasable","18":"product-type-simple"},"yoast_head":"<!-- This site is optimized with the Yoast SEO plugin v26.4 - https:\/\/yoast.com\/wordpress\/plugins\/seo\/ -->\n<title>TYRANIDS: RU\u00c9E BROYEUSE - Coccigames<\/title>\n<meta name=\"robots\" content=\"index, follow, max-snippet:-1, max-image-preview:large, max-video-preview:-1\" \/>\n<link rel=\"canonical\" href=\"https:\/\/www.coccigames.com\/index.php\/produit\/tyranids-ruee-broyeuse\/\" \/>\n<meta property=\"og:locale\" content=\"fr_FR\" \/>\n<meta property=\"og:type\" content=\"article\" \/>\n<meta property=\"og:title\" content=\"TYRANIDS: RU\u00c9E BROYEUSE - Coccigames\" \/>\n<meta property=\"og:description\" content=\"L\u00e2chez une mar\u00e9e vivante d&#039;entit\u00e9s biologiques cauchemardesques pour tout d\u00e9vorer sur votre chemin.\" \/>\n<meta property=\"og:url\" content=\"https:\/\/www.coccigames.com\/index.php\/produit\/tyranids-ruee-broyeuse\/\" \/>\n<meta property=\"og:site_name\" content=\"Coccigames\" \/>\n<meta property=\"article:modified_time\" content=\"2026-04-06T07:25:21+00:00\" \/>\n<meta property=\"og:image\" content=\"https:\/\/www.coccigames.com\/wp-content\/uploads\/2025\/11\/99120106085_TyranidsCrusherStampede13.jpg\" \/>\n\t<meta property=\"og:image:width\" content=\"918\" \/>\n\t<meta property=\"og:image:height\" content=\"948\" \/>\n\t<meta property=\"og:image:type\" content=\"image\/jpeg\" \/>\n<meta name=\"twitter:card\" content=\"summary_large_image\" \/>\n<meta name=\"twitter:label1\" content=\"Dur\u00e9e de lecture estim\u00e9e\" \/>\n\t<meta name=\"twitter:data1\" content=\"1 minute\" \/>\n<script type=\"application\/ld+json\" class=\"yoast-schema-graph\">{\"@context\":\"https:\/\/schema.org\",\"@graph\":[{\"@type\":\"WebPage\",\"@id\":\"https:\/\/www.coccigames.com\/index.php\/produit\/tyranids-ruee-broyeuse\/\",\"url\":\"https:\/\/www.coccigames.com\/index.php\/produit\/tyranids-ruee-broyeuse\/\",\"name\":\"TYRANIDS: RU\u00c9E BROYEUSE - Coccigames\",\"isPartOf\":{\"@id\":\"https:\/\/www.coccigames.com\/#website\"},\"primaryImageOfPage\":{\"@id\":\"https:\/\/www.coccigames.com\/index.php\/produit\/tyranids-ruee-broyeuse\/#primaryimage\"},\"image\":{\"@id\":\"https:\/\/www.coccigames.com\/index.php\/produit\/tyranids-ruee-broyeuse\/#primaryimage\"},\"thumbnailUrl\":\"https:\/\/www.coccigames.com\/wp-content\/uploads\/2025\/11\/99120106085_TyranidsCrusherStampede13.jpg\",\"datePublished\":\"2025-11-15T17:04:41+00:00\",\"dateModified\":\"2026-04-06T07:25:21+00:00\",\"breadcrumb\":{\"@id\":\"https:\/\/www.coccigames.com\/index.php\/produit\/tyranids-ruee-broyeuse\/#breadcrumb\"},\"inLanguage\":\"fr-FR\",\"potentialAction\":[{\"@type\":\"ReadAction\",\"target\":[\"https:\/\/www.coccigames.com\/index.php\/produit\/tyranids-ruee-broyeuse\/\"]}]},{\"@type\":\"ImageObject\",\"inLanguage\":\"fr-FR\",\"@id\":\"https:\/\/www.coccigames.com\/index.php\/produit\/tyranids-ruee-broyeuse\/#primaryimage\",\"url\":\"https:\/\/www.coccigames.com\/wp-content\/uploads\/2025\/11\/99120106085_TyranidsCrusherStampede13.jpg\",\"contentUrl\":\"https:\/\/www.coccigames.com\/wp-content\/uploads\/2025\/11\/99120106085_TyranidsCrusherStampede13.jpg\",\"width\":918,\"height\":948},{\"@type\":\"BreadcrumbList\",\"@id\":\"https:\/\/www.coccigames.com\/index.php\/produit\/tyranids-ruee-broyeuse\/#breadcrumb\",\"itemListElement\":[{\"@type\":\"ListItem\",\"position\":1,\"name\":\"Accueil\",\"item\":\"https:\/\/www.coccigames.com\/\"},{\"@type\":\"ListItem\",\"position\":2,\"name\":\"Boutique\",\"item\":\"https:\/\/www.coccigames.com\/index.php\/boutique\/\"},{\"@type\":\"ListItem\",\"position\":3,\"name\":\"TYRANIDS: RU\u00c9E BROYEUSE\"}]},{\"@type\":\"WebSite\",\"@id\":\"https:\/\/www.coccigames.com\/#website\",\"url\":\"https:\/\/www.coccigames.com\/\",\"name\":\"Coccigames - Figurines et Peintures\",\"description\":\"Figurines et Peintures\",\"publisher\":{\"@id\":\"https:\/\/www.coccigames.com\/#organization\"},\"potentialAction\":[{\"@type\":\"SearchAction\",\"target\":{\"@type\":\"EntryPoint\",\"urlTemplate\":\"https:\/\/www.coccigames.com\/?s={search_term_string}\"},\"query-input\":{\"@type\":\"PropertyValueSpecification\",\"valueRequired\":true,\"valueName\":\"search_term_string\"}}],\"inLanguage\":\"fr-FR\"},{\"@type\":\"Organization\",\"@id\":\"https:\/\/www.coccigames.com\/#organization\",\"name\":\"Coccigames\",\"url\":\"https:\/\/www.coccigames.com\/\",\"logo\":{\"@type\":\"ImageObject\",\"inLanguage\":\"fr-FR\",\"@id\":\"https:\/\/www.coccigames.com\/#\/schema\/logo\/image\/\",\"url\":\"https:\/\/www.coccigames.com\/wp-content\/uploads\/2025\/12\/coccigames_logo_v5.png\",\"contentUrl\":\"https:\/\/www.coccigames.com\/wp-content\/uploads\/2025\/12\/coccigames_logo_v5.png\",\"width\":1768,\"height\":424,\"caption\":\"Coccigames\"},\"image\":{\"@id\":\"https:\/\/www.coccigames.com\/#\/schema\/logo\/image\/\"}}]}<\/script>\n<!-- \/ Yoast SEO plugin. -->","yoast_head_json":{"title":"TYRANIDS: RU\u00c9E BROYEUSE - Coccigames","robots":{"index":"index","follow":"follow","max-snippet":"max-snippet:-1","max-image-preview":"max-image-preview:large","max-video-preview":"max-video-preview:-1"},"canonical":"https:\/\/www.coccigames.com\/index.php\/produit\/tyranids-ruee-broyeuse\/","og_locale":"fr_FR","og_type":"article","og_title":"TYRANIDS: RU\u00c9E BROYEUSE - Coccigames","og_description":"L\u00e2chez une mar\u00e9e vivante d'entit\u00e9s biologiques cauchemardesques pour tout d\u00e9vorer sur votre chemin.","og_url":"https:\/\/www.coccigames.com\/index.php\/produit\/tyranids-ruee-broyeuse\/","og_site_name":"Coccigames","article_modified_time":"2026-04-06T07:25:21+00:00","og_image":[{"width":918,"height":948,"url":"https:\/\/www.coccigames.com\/wp-content\/uploads\/2025\/11\/99120106085_TyranidsCrusherStampede13.jpg","type":"image\/jpeg"}],"twitter_card":"summary_large_image","twitter_misc":{"Dur\u00e9e de lecture estim\u00e9e":"1 minute"},"schema":{"@context":"https:\/\/schema.org","@graph":[{"@type":"WebPage","@id":"https:\/\/www.coccigames.com\/index.php\/produit\/tyranids-ruee-broyeuse\/","url":"https:\/\/www.coccigames.com\/index.php\/produit\/tyranids-ruee-broyeuse\/","name":"TYRANIDS: RU\u00c9E BROYEUSE - Coccigames","isPartOf":{"@id":"https:\/\/www.coccigames.com\/#website"},"primaryImageOfPage":{"@id":"https:\/\/www.coccigames.com\/index.php\/produit\/tyranids-ruee-broyeuse\/#primaryimage"},"image":{"@id":"https:\/\/www.coccigames.com\/index.php\/produit\/tyranids-ruee-broyeuse\/#primaryimage"},"thumbnailUrl":"https:\/\/www.coccigames.com\/wp-content\/uploads\/2025\/11\/99120106085_TyranidsCrusherStampede13.jpg","datePublished":"2025-11-15T17:04:41+00:00","dateModified":"2026-04-06T07:25:21+00:00","breadcrumb":{"@id":"https:\/\/www.coccigames.com\/index.php\/produit\/tyranids-ruee-broyeuse\/#breadcrumb"},"inLanguage":"fr-FR","potentialAction":[{"@type":"ReadAction","target":["https:\/\/www.coccigames.com\/index.php\/produit\/tyranids-ruee-broyeuse\/"]}]},{"@type":"ImageObject","inLanguage":"fr-FR","@id":"https:\/\/www.coccigames.com\/index.php\/produit\/tyranids-ruee-broyeuse\/#primaryimage","url":"https:\/\/www.coccigames.com\/wp-content\/uploads\/2025\/11\/99120106085_TyranidsCrusherStampede13.jpg","contentUrl":"https:\/\/www.coccigames.com\/wp-content\/uploads\/2025\/11\/99120106085_TyranidsCrusherStampede13.jpg","width":918,"height":948},{"@type":"BreadcrumbList","@id":"https:\/\/www.coccigames.com\/index.php\/produit\/tyranids-ruee-broyeuse\/#breadcrumb","itemListElement":[{"@type":"ListItem","position":1,"name":"Accueil","item":"https:\/\/www.coccigames.com\/"},{"@type":"ListItem","position":2,"name":"Boutique","item":"https:\/\/www.coccigames.com\/index.php\/boutique\/"},{"@type":"ListItem","position":3,"name":"TYRANIDS: RU\u00c9E BROYEUSE"}]},{"@type":"WebSite","@id":"https:\/\/www.coccigames.com\/#website","url":"https:\/\/www.coccigames.com\/","name":"Coccigames - Figurines et Peintures","description":"Figurines et Peintures","publisher":{"@id":"https:\/\/www.coccigames.com\/#organization"},"potentialAction":[{"@type":"SearchAction","target":{"@type":"EntryPoint","urlTemplate":"https:\/\/www.coccigames.com\/?s={search_term_string}"},"query-input":{"@type":"PropertyValueSpecification","valueRequired":true,"valueName":"search_term_string"}}],"inLanguage":"fr-FR"},{"@type":"Organization","@id":"https:\/\/www.coccigames.com\/#organization","name":"Coccigames","url":"https:\/\/www.coccigames.com\/","logo":{"@type":"ImageObject","inLanguage":"fr-FR","@id":"https:\/\/www.coccigames.com\/#\/schema\/logo\/image\/","url":"https:\/\/www.coccigames.com\/wp-content\/uploads\/2025\/12\/coccigames_logo_v5.png","contentUrl":"https:\/\/www.coccigames.com\/wp-content\/uploads\/2025\/12\/coccigames_logo_v5.png","width":1768,"height":424,"caption":"Coccigames"},"image":{"@id":"https:\/\/www.coccigames.com\/#\/schema\/logo\/image\/"}}]}},"_links":{"self":[{"href":"https:\/\/www.coccigames.com\/index.php\/wp-json\/wp\/v2\/product\/4982","targetHints":{"allow":["GET"]}}],"collection":[{"href":"https:\/\/www.coccigames.com\/index.php\/wp-json\/wp\/v2\/product"}],"about":[{"href":"https:\/\/www.coccigames.com\/index.php\/wp-json\/wp\/v2\/types\/product"}],"replies":[{"embeddable":true,"href":"https:\/\/www.coccigames.com\/index.php\/wp-json\/wp\/v2\/comments?post=4982"}],"wp:featuredmedia":[{"embeddable":true,"href":"https:\/\/www.coccigames.com\/index.php\/wp-json\/wp\/v2\/media\/5008"}],"wp:attachment":[{"href":"https:\/\/www.coccigames.com\/index.php\/wp-json\/wp\/v2\/media?parent=4982"}],"wp:term":[{"taxonomy":"product_brand","embeddable":true,"href":"https:\/\/www.coccigames.com\/index.php\/wp-json\/wp\/v2\/product_brand?post=4982"},{"taxonomy":"product_cat","embeddable":true,"href":"https:\/\/www.coccigames.com\/index.php\/wp-json\/wp\/v2\/product_cat?post=4982"},{"taxonomy":"product_tag","embeddable":true,"href":"https:\/\/www.coccigames.com\/index.php\/wp-json\/wp\/v2\/product_tag?post=4982"}],"curies":[{"name":"wp","href":"https:\/\/api.w.org\/{rel}","templated":true}]}}