{"id":4981,"date":"2025-11-15T18:04:41","date_gmt":"2025-11-15T17:04:41","guid":{"rendered":"https:\/\/www.coccigames.com\/index.php\/produit\/s-marines-force-de-frappe-halo-de-fer\/"},"modified":"2026-04-20T10:02:51","modified_gmt":"2026-04-20T08:02:51","slug":"s-marines-force-de-frappe-halo-de-fer","status":"publish","type":"product","link":"https:\/\/www.coccigames.com\/index.php\/produit\/s-marines-force-de-frappe-halo-de-fer\/","title":{"rendered":"SPACE MARINES: FORCE DE FRAPPE HALO DE FER"},"content":{"rendered":"<p>Cette bo\u00eete pleine \u00e0 craquer est parfaite pour entamer une nouvelle collection de Space Marines ou pour \u00e9toffer une arm\u00e9e existante que vous pourrez ensuite d\u00e9cha\u00eener dans les parties de Warhammer 40,000, en faisant des \u00e9conomies par rapport \u00e0 un achat des kits au d\u00e9tail. Men\u00e9e par un Capitaine et sa suite de H\u00e9ros de Compagnie, ainsi que par un Lieutenant, votre force ne manque pas de commandants de talent. Centr\u00e9e sur des Hellblasters et des V\u00e9t\u00e9rans Sternguards, cette formation est pr\u00eate \u00e0 d\u00e9cha\u00eener des gr\u00eales mortelles. Et si vous ajoutez \u00e0 cela le Dreadnought Ballistus et le Dreadnought Redemptor, vous pourrez annihiler votre ennemi avant qu&rsquo;il puisse s&rsquo;approcher. Cette bo\u00eete est \u00e9galement la premi\u00e8re mani\u00e8re de mettre la main sur le nouveau set d&rsquo;am\u00e9lioration de T\u00eates de Space Marines, qui vous permettra d&rsquo;ajouter encore plus de caract\u00e8re \u00e0 vos figurines.<\/p>\n<p><strong>Cette bo\u00eete permet d&rsquo;assembler 18 figurines en plastique de Space Marines:<\/strong><\/p>\n<p>\u2013 5x H\u00e9ros de Compagnie, dont 1x Capitaine<\/p>\n<p>\u2013 1x Lieutenant<\/p>\n<p>\u2013 1x Dreadnought Redemptor<\/p>\n<p>\u2013 1x Dreadnought Ballistus<\/p>\n<p>\u2013 5x V\u00e9t\u00e9rans Sternguards<\/p>\n<p>\u2013 5x Hellblasters<\/p>\n<p>Les figurines de ce kit sont faciles \u00e0 personnaliser. Le Capitaine de Compagnie dispose d&rsquo;un choix de trois t\u00eates et peut \u00eatre arm\u00e9 d&rsquo;un bolter de ma\u00eetre, d&rsquo;un pistolet \u00e0 plasma ou d&rsquo;un pistolet n\u00e9o-volkite, ainsi que d&rsquo;un gantelet \u00e9nerg\u00e9tique ou d&rsquo;une \u00e9p\u00e9e \u00e9nerg\u00e9tique. Ses gardes du corps d&rsquo;\u00e9lite disposent chacun d&rsquo;un choix de deux t\u00eates: une casqu\u00e9e et une nue.<\/p>\n<p>Le Lieutenant peut \u00eatre dot\u00e9 d&rsquo;un pistolet bolter lourd, d&rsquo;un pistolet \u00e0 plasma ou d&rsquo;un bolter de ma\u00eetre, ainsi que d&rsquo;une \u00e9p\u00e9e \u00e9nerg\u00e9tique, d&rsquo;un gantelet \u00e9nerg\u00e9tique ou d&rsquo;une main qui tend le doigt. Il dispose d&rsquo;un choix de deux t\u00eates (une nue et une casqu\u00e9e) ainsi que de deux options de tabard.<\/p>\n<p>Le Dreadnought Redemptor peut \u00eatre arm\u00e9 d&rsquo;un canon gatling Onslaught lourd ou d&rsquo;un macro-incin\u00e9rateur \u00e0 plasma, et son poing de Redemptor peut int\u00e9grer un lance-flammes lourd ou un canon gatling Onslaught. Il peut recevoir un lance-grenades Fragstorm jumel\u00e9 ou un bolter Storm jumel\u00e9 de torse, et il peut \u00e9galement \u00eatre \u00e9quip\u00e9 d&rsquo;une nacelle lance-roquettes Icarus optionnelle.<\/p>\n<p>Chaque V\u00e9t\u00e9ran Sternguard peut \u00eatre arm\u00e9 d&rsquo;un fusil bolter de Sternguard ou d&rsquo;une arme combin\u00e9e. L&rsquo;un d&rsquo;eux peut autrement \u00eatre arm\u00e9 d&rsquo;un bolter lourd de Sternguard ou d&rsquo;un pyrocanon, et vous trouverez les \u00e9l\u00e9ments n\u00e9cessaires pour assembler un Sergent V\u00e9t\u00e9ran Sternguard pouvant \u00eatre arm\u00e9 d&rsquo;un pistolet bolter ou d&rsquo;un fusil bolter, ainsi que d&rsquo;une \u00e9p\u00e9e \u00e9nerg\u00e9tique, d&rsquo;une \u00e9p\u00e9e tron\u00e7onneuse Astartes ou d&rsquo;un gantelet \u00e9nerg\u00e9tique. Les armes combin\u00e9es, les t\u00eates, les \u00e9pauli\u00e8res, les sacoches, les reliques et les sceaux de puret\u00e9 sont tous interchangeables entre toutes les figurines.<\/p>\n<p>Les Hellblasters peuvent chacun \u00eatre arm\u00e9s d&rsquo;un incin\u00e9rateur \u00e0 plasma parmi trois styles au choix. Vous trouverez les \u00e9l\u00e9ments n\u00e9cessaires pour assembler un Sergent Hellblaster en option pouvant choisir entre deux incin\u00e9rateurs \u00e0 plasma, et qui peut \u00eatre dot\u00e9 d&rsquo;un pistolet bolter, d&rsquo;un pistolet \u00e0 plasma ou d&rsquo;une main tendue. Les t\u00eates, holsters de pistolet, sceaux de puret\u00e9 et incin\u00e9rateurs \u00e0 plasma sont interchangeables entre les figurines.<\/p>\n<p><strong>Le nouveau set d&rsquo;am\u00e9lioration de T\u00eates de Space Marines contient:<\/strong><\/p>\n<p>\u2013 15x t\u00eates casqu\u00e9es<\/p>\n<p>\u2013 30x t\u00eates nues<\/p>\n<p>\u2013 6x t\u00eates de Terminator<\/p>\n<p>Elles sont parfaites pour personnaliser les figurines de cette bo\u00eete ainsi que le reste de votre collection.<\/p>\n<p>Ce kit est fourni avec 2x Planches de D\u00e9calcos d&rsquo;Infanterie Space Marine, proposant chacune 758 d\u00e9calcos de grande qualit\u00e9, ainsi que 2x Planches de D\u00e9calcos de V\u00e9hicules Space Marines proposant chacune 325 d\u00e9calcos de grande qualit\u00e9. Cela inclut des ic\u00f4nes des Ultramarines, des Imperial Fists, des Salamanders et des Raptors, ainsi que des marquages de compagnie, des marquages de v\u00e9hicule, des indicateurs de r\u00f4le de combat, et bien plus encore.<\/p>\n","protected":false},"excerpt":{"rendered":"<p>Les Space Marines sont des guerriers g\u00e9n\u00e9tiquement am\u00e9lior\u00e9s et cr\u00e9\u00e9s pour servir de troupes de choc ultimes \u00e0 l&rsquo;Humanit\u00e9. Ils partent au combat avec les armes, les armures et l&rsquo;\u00e9quipement les plus sophistiqu\u00e9s que l&rsquo;Imperium peut leur fournir, ce qui compl\u00e8te leur force, leur vitesse et leur robustesse sup\u00e9rieures. Ils sont craints de tous comme les Anges de la Mort, car les Space Marines sont l&rsquo;incarnation de la fureur de l&rsquo;Empereur. <\/p>\n","protected":false},"featured_media":5010,"comment_status":"open","ping_status":"closed","template":"","meta":[],"product_brand":[23],"product_cat":[363],"product_tag":[52],"class_list":{"0":"post-4981","1":"product","2":"type-product","3":"status-publish","4":"has-post-thumbnail","6":"product_brand-games-workshop","7":"product_cat-space-marines-warhammer-40000","8":"product_tag-space-marines","10":"first","11":"instock","12":"sale","13":"featured","14":"taxable","15":"shipping-taxable","16":"purchasable","17":"product-type-simple"},"yoast_head":"<!-- This site is optimized with the Yoast SEO plugin v26.4 - https:\/\/yoast.com\/wordpress\/plugins\/seo\/ -->\n<title>SPACE MARINES: FORCE DE FRAPPE HALO DE FER - Coccigames<\/title>\n<meta name=\"robots\" content=\"index, follow, max-snippet:-1, max-image-preview:large, max-video-preview:-1\" \/>\n<link rel=\"canonical\" href=\"https:\/\/www.coccigames.com\/index.php\/produit\/s-marines-force-de-frappe-halo-de-fer\/\" \/>\n<meta property=\"og:locale\" content=\"fr_FR\" \/>\n<meta property=\"og:type\" content=\"article\" \/>\n<meta property=\"og:title\" content=\"SPACE MARINES: FORCE DE FRAPPE HALO DE FER - Coccigames\" \/>\n<meta property=\"og:description\" content=\"Les Space Marines sont des guerriers g\u00e9n\u00e9tiquement am\u00e9lior\u00e9s et cr\u00e9\u00e9s pour servir de troupes de choc ultimes \u00e0 l&#039;Humanit\u00e9. Ils partent au combat avec les armes, les armures et l&#039;\u00e9quipement les plus sophistiqu\u00e9s que l&#039;Imperium peut leur fournir, ce qui compl\u00e8te leur force, leur vitesse et leur robustesse sup\u00e9rieures. Ils sont craints de tous comme les Anges de la Mort, car les Space Marines sont l&#039;incarnation de la fureur de l&#039;Empereur.\" \/>\n<meta property=\"og:url\" content=\"https:\/\/www.coccigames.com\/index.php\/produit\/s-marines-force-de-frappe-halo-de-fer\/\" \/>\n<meta property=\"og:site_name\" content=\"Coccigames\" \/>\n<meta property=\"article:modified_time\" content=\"2026-04-20T08:02:51+00:00\" \/>\n<meta property=\"og:image\" content=\"https:\/\/www.coccigames.com\/wp-content\/uploads\/2025\/11\/99120101458_SpaceMarinesIronHaloStrikeForce19-1.jpg\" \/>\n\t<meta property=\"og:image:width\" content=\"918\" \/>\n\t<meta property=\"og:image:height\" content=\"948\" \/>\n\t<meta property=\"og:image:type\" content=\"image\/jpeg\" \/>\n<meta name=\"twitter:card\" content=\"summary_large_image\" \/>\n<meta name=\"twitter:label1\" content=\"Dur\u00e9e de lecture estim\u00e9e\" \/>\n\t<meta name=\"twitter:data1\" content=\"4 minutes\" \/>\n<script type=\"application\/ld+json\" class=\"yoast-schema-graph\">{\"@context\":\"https:\/\/schema.org\",\"@graph\":[{\"@type\":\"WebPage\",\"@id\":\"https:\/\/www.coccigames.com\/index.php\/produit\/s-marines-force-de-frappe-halo-de-fer\/\",\"url\":\"https:\/\/www.coccigames.com\/index.php\/produit\/s-marines-force-de-frappe-halo-de-fer\/\",\"name\":\"SPACE MARINES: FORCE DE FRAPPE HALO DE FER - Coccigames\",\"isPartOf\":{\"@id\":\"https:\/\/www.coccigames.com\/#website\"},\"primaryImageOfPage\":{\"@id\":\"https:\/\/www.coccigames.com\/index.php\/produit\/s-marines-force-de-frappe-halo-de-fer\/#primaryimage\"},\"image\":{\"@id\":\"https:\/\/www.coccigames.com\/index.php\/produit\/s-marines-force-de-frappe-halo-de-fer\/#primaryimage\"},\"thumbnailUrl\":\"https:\/\/www.coccigames.com\/wp-content\/uploads\/2025\/11\/99120101458_SpaceMarinesIronHaloStrikeForce19-1.jpg\",\"datePublished\":\"2025-11-15T17:04:41+00:00\",\"dateModified\":\"2026-04-20T08:02:51+00:00\",\"breadcrumb\":{\"@id\":\"https:\/\/www.coccigames.com\/index.php\/produit\/s-marines-force-de-frappe-halo-de-fer\/#breadcrumb\"},\"inLanguage\":\"fr-FR\",\"potentialAction\":[{\"@type\":\"ReadAction\",\"target\":[\"https:\/\/www.coccigames.com\/index.php\/produit\/s-marines-force-de-frappe-halo-de-fer\/\"]}]},{\"@type\":\"ImageObject\",\"inLanguage\":\"fr-FR\",\"@id\":\"https:\/\/www.coccigames.com\/index.php\/produit\/s-marines-force-de-frappe-halo-de-fer\/#primaryimage\",\"url\":\"https:\/\/www.coccigames.com\/wp-content\/uploads\/2025\/11\/99120101458_SpaceMarinesIronHaloStrikeForce19-1.jpg\",\"contentUrl\":\"https:\/\/www.coccigames.com\/wp-content\/uploads\/2025\/11\/99120101458_SpaceMarinesIronHaloStrikeForce19-1.jpg\",\"width\":918,\"height\":948},{\"@type\":\"BreadcrumbList\",\"@id\":\"https:\/\/www.coccigames.com\/index.php\/produit\/s-marines-force-de-frappe-halo-de-fer\/#breadcrumb\",\"itemListElement\":[{\"@type\":\"ListItem\",\"position\":1,\"name\":\"Accueil\",\"item\":\"https:\/\/www.coccigames.com\/\"},{\"@type\":\"ListItem\",\"position\":2,\"name\":\"Boutique\",\"item\":\"https:\/\/www.coccigames.com\/index.php\/boutique\/\"},{\"@type\":\"ListItem\",\"position\":3,\"name\":\"SPACE MARINES: FORCE DE FRAPPE HALO DE FER\"}]},{\"@type\":\"WebSite\",\"@id\":\"https:\/\/www.coccigames.com\/#website\",\"url\":\"https:\/\/www.coccigames.com\/\",\"name\":\"Coccigames - Figurines et Peintures\",\"description\":\"Figurines et Peintures\",\"publisher\":{\"@id\":\"https:\/\/www.coccigames.com\/#organization\"},\"potentialAction\":[{\"@type\":\"SearchAction\",\"target\":{\"@type\":\"EntryPoint\",\"urlTemplate\":\"https:\/\/www.coccigames.com\/?s={search_term_string}\"},\"query-input\":{\"@type\":\"PropertyValueSpecification\",\"valueRequired\":true,\"valueName\":\"search_term_string\"}}],\"inLanguage\":\"fr-FR\"},{\"@type\":\"Organization\",\"@id\":\"https:\/\/www.coccigames.com\/#organization\",\"name\":\"Coccigames\",\"url\":\"https:\/\/www.coccigames.com\/\",\"logo\":{\"@type\":\"ImageObject\",\"inLanguage\":\"fr-FR\",\"@id\":\"https:\/\/www.coccigames.com\/#\/schema\/logo\/image\/\",\"url\":\"https:\/\/www.coccigames.com\/wp-content\/uploads\/2025\/12\/coccigames_logo_v5.png\",\"contentUrl\":\"https:\/\/www.coccigames.com\/wp-content\/uploads\/2025\/12\/coccigames_logo_v5.png\",\"width\":1768,\"height\":424,\"caption\":\"Coccigames\"},\"image\":{\"@id\":\"https:\/\/www.coccigames.com\/#\/schema\/logo\/image\/\"}}]}<\/script>\n<!-- \/ Yoast SEO plugin. -->","yoast_head_json":{"title":"SPACE MARINES: FORCE DE FRAPPE HALO DE FER - Coccigames","robots":{"index":"index","follow":"follow","max-snippet":"max-snippet:-1","max-image-preview":"max-image-preview:large","max-video-preview":"max-video-preview:-1"},"canonical":"https:\/\/www.coccigames.com\/index.php\/produit\/s-marines-force-de-frappe-halo-de-fer\/","og_locale":"fr_FR","og_type":"article","og_title":"SPACE MARINES: FORCE DE FRAPPE HALO DE FER - Coccigames","og_description":"Les Space Marines sont des guerriers g\u00e9n\u00e9tiquement am\u00e9lior\u00e9s et cr\u00e9\u00e9s pour servir de troupes de choc ultimes \u00e0 l'Humanit\u00e9. Ils partent au combat avec les armes, les armures et l'\u00e9quipement les plus sophistiqu\u00e9s que l'Imperium peut leur fournir, ce qui compl\u00e8te leur force, leur vitesse et leur robustesse sup\u00e9rieures. Ils sont craints de tous comme les Anges de la Mort, car les Space Marines sont l'incarnation de la fureur de l'Empereur.","og_url":"https:\/\/www.coccigames.com\/index.php\/produit\/s-marines-force-de-frappe-halo-de-fer\/","og_site_name":"Coccigames","article_modified_time":"2026-04-20T08:02:51+00:00","og_image":[{"width":918,"height":948,"url":"https:\/\/www.coccigames.com\/wp-content\/uploads\/2025\/11\/99120101458_SpaceMarinesIronHaloStrikeForce19-1.jpg","type":"image\/jpeg"}],"twitter_card":"summary_large_image","twitter_misc":{"Dur\u00e9e de lecture estim\u00e9e":"4 minutes"},"schema":{"@context":"https:\/\/schema.org","@graph":[{"@type":"WebPage","@id":"https:\/\/www.coccigames.com\/index.php\/produit\/s-marines-force-de-frappe-halo-de-fer\/","url":"https:\/\/www.coccigames.com\/index.php\/produit\/s-marines-force-de-frappe-halo-de-fer\/","name":"SPACE MARINES: FORCE DE FRAPPE HALO DE FER - Coccigames","isPartOf":{"@id":"https:\/\/www.coccigames.com\/#website"},"primaryImageOfPage":{"@id":"https:\/\/www.coccigames.com\/index.php\/produit\/s-marines-force-de-frappe-halo-de-fer\/#primaryimage"},"image":{"@id":"https:\/\/www.coccigames.com\/index.php\/produit\/s-marines-force-de-frappe-halo-de-fer\/#primaryimage"},"thumbnailUrl":"https:\/\/www.coccigames.com\/wp-content\/uploads\/2025\/11\/99120101458_SpaceMarinesIronHaloStrikeForce19-1.jpg","datePublished":"2025-11-15T17:04:41+00:00","dateModified":"2026-04-20T08:02:51+00:00","breadcrumb":{"@id":"https:\/\/www.coccigames.com\/index.php\/produit\/s-marines-force-de-frappe-halo-de-fer\/#breadcrumb"},"inLanguage":"fr-FR","potentialAction":[{"@type":"ReadAction","target":["https:\/\/www.coccigames.com\/index.php\/produit\/s-marines-force-de-frappe-halo-de-fer\/"]}]},{"@type":"ImageObject","inLanguage":"fr-FR","@id":"https:\/\/www.coccigames.com\/index.php\/produit\/s-marines-force-de-frappe-halo-de-fer\/#primaryimage","url":"https:\/\/www.coccigames.com\/wp-content\/uploads\/2025\/11\/99120101458_SpaceMarinesIronHaloStrikeForce19-1.jpg","contentUrl":"https:\/\/www.coccigames.com\/wp-content\/uploads\/2025\/11\/99120101458_SpaceMarinesIronHaloStrikeForce19-1.jpg","width":918,"height":948},{"@type":"BreadcrumbList","@id":"https:\/\/www.coccigames.com\/index.php\/produit\/s-marines-force-de-frappe-halo-de-fer\/#breadcrumb","itemListElement":[{"@type":"ListItem","position":1,"name":"Accueil","item":"https:\/\/www.coccigames.com\/"},{"@type":"ListItem","position":2,"name":"Boutique","item":"https:\/\/www.coccigames.com\/index.php\/boutique\/"},{"@type":"ListItem","position":3,"name":"SPACE MARINES: FORCE DE FRAPPE HALO DE FER"}]},{"@type":"WebSite","@id":"https:\/\/www.coccigames.com\/#website","url":"https:\/\/www.coccigames.com\/","name":"Coccigames - Figurines et Peintures","description":"Figurines et Peintures","publisher":{"@id":"https:\/\/www.coccigames.com\/#organization"},"potentialAction":[{"@type":"SearchAction","target":{"@type":"EntryPoint","urlTemplate":"https:\/\/www.coccigames.com\/?s={search_term_string}"},"query-input":{"@type":"PropertyValueSpecification","valueRequired":true,"valueName":"search_term_string"}}],"inLanguage":"fr-FR"},{"@type":"Organization","@id":"https:\/\/www.coccigames.com\/#organization","name":"Coccigames","url":"https:\/\/www.coccigames.com\/","logo":{"@type":"ImageObject","inLanguage":"fr-FR","@id":"https:\/\/www.coccigames.com\/#\/schema\/logo\/image\/","url":"https:\/\/www.coccigames.com\/wp-content\/uploads\/2025\/12\/coccigames_logo_v5.png","contentUrl":"https:\/\/www.coccigames.com\/wp-content\/uploads\/2025\/12\/coccigames_logo_v5.png","width":1768,"height":424,"caption":"Coccigames"},"image":{"@id":"https:\/\/www.coccigames.com\/#\/schema\/logo\/image\/"}}]}},"_links":{"self":[{"href":"https:\/\/www.coccigames.com\/index.php\/wp-json\/wp\/v2\/product\/4981","targetHints":{"allow":["GET"]}}],"collection":[{"href":"https:\/\/www.coccigames.com\/index.php\/wp-json\/wp\/v2\/product"}],"about":[{"href":"https:\/\/www.coccigames.com\/index.php\/wp-json\/wp\/v2\/types\/product"}],"replies":[{"embeddable":true,"href":"https:\/\/www.coccigames.com\/index.php\/wp-json\/wp\/v2\/comments?post=4981"}],"wp:featuredmedia":[{"embeddable":true,"href":"https:\/\/www.coccigames.com\/index.php\/wp-json\/wp\/v2\/media\/5010"}],"wp:attachment":[{"href":"https:\/\/www.coccigames.com\/index.php\/wp-json\/wp\/v2\/media?parent=4981"}],"wp:term":[{"taxonomy":"product_brand","embeddable":true,"href":"https:\/\/www.coccigames.com\/index.php\/wp-json\/wp\/v2\/product_brand?post=4981"},{"taxonomy":"product_cat","embeddable":true,"href":"https:\/\/www.coccigames.com\/index.php\/wp-json\/wp\/v2\/product_cat?post=4981"},{"taxonomy":"product_tag","embeddable":true,"href":"https:\/\/www.coccigames.com\/index.php\/wp-json\/wp\/v2\/product_tag?post=4981"}],"curies":[{"name":"wp","href":"https:\/\/api.w.org\/{rel}","templated":true}]}}