{"id":4980,"date":"2025-11-15T18:04:41","date_gmt":"2025-11-15T17:04:41","guid":{"rendered":"https:\/\/www.coccigames.com\/index.php\/produit\/a-militarum-peloton-de-siege-de-krieg\/"},"modified":"2026-04-06T09:25:21","modified_gmt":"2026-04-06T07:25:21","slug":"a-militarum-peloton-de-siege-de-krieg","status":"publish","type":"product","link":"https:\/\/www.coccigames.com\/index.php\/produit\/a-militarum-peloton-de-siege-de-krieg\/","title":{"rendered":"ASTRA MILITARUM: PELOTON DE SI\u00c8GE DE KRIEG"},"content":{"rendered":"<p>Cette bo\u00eete pleine \u00e0 craquer est parfaite pour entamer une nouvelle collection du Death Korps de Krieg ou pour \u00e9toffer une arm\u00e9e existante que vous pourrez ensuite d\u00e9cha\u00eener dans les parties de Warhammer 40,000, en faisant des \u00e9conomies par rapport \u00e0 un achat des kits au d\u00e9tail. Cette force \u00e9crasante est men\u00e9e par une Escouade d&rsquo;\u00c9tat-major comprenant un inqui\u00e9tant Seigneur Commissaire. Le gros de cette formation est compos\u00e9 d&rsquo;infanterie polyvalente du Death Korps de Krieg, en assez grand nombre pour contr\u00f4ler le champ de bataille. Elle est soutenue par une unit\u00e9 de Sapeurs de Krieg et deux imposantes \u00c9quipes d&rsquo;Artillerie pour faire pleuvoir la mort sur vos adversaires.<\/p>\n<p><strong>Cette bo\u00eete permet d&rsquo;assembler 35 figurines en plastique de l&rsquo;Astra Militarum:<\/strong><\/p>\n<p>\u2013 7x figurines d&rsquo;Escouade d&rsquo;\u00c9tat-major de Krieg<\/p>\n<p>\u2013 2x \u00c9quipes d&rsquo;Artillerie<\/p>\n<p>\u2013 5x Sapeurs de Krieg, ainsi que 1x pion de mine t\u00e9l\u00e9command\u00e9e<\/p>\n<p>\u2013 20x fantassins du Death Korps de Krieg<\/p>\n<p>Les figurines de ce kit sont faciles \u00e0 personnaliser. Le Seigneur Commissaire de l&rsquo;Escouade d&rsquo;\u00c9tat-major peut \u00eatre \u00e9quip\u00e9 d&rsquo;un pistolet \u00e0 plasma ou d&rsquo;un fouet, ainsi que d&rsquo;un gantelet \u00e9nerg\u00e9tique ou d&rsquo;une \u00e9p\u00e9e \u00e9nerg\u00e9tique au fourreau avec une main qui pointe du doigt. Un des Gardes V\u00e9t\u00e9rans de l&rsquo;unit\u00e9 peut \u00eatre assembl\u00e9 avec un pistolet laser, un pistolet bolter ou un pistolet \u00e0 plasma, ainsi qu&rsquo;avec une \u00e9p\u00e9e tron\u00e7onneuse, une arme \u00e9nerg\u00e9tique ou une matraque de tranch\u00e9e. Un autre Garde V\u00e9t\u00e9ran peut porter un bolter, un fusil \u00e0 plasma, un fuseur ou un lance-grenades, avec deux accessoires de sac \u00e0 dos: des grenades ou des munitions de lance-grenades. Les Gardes V\u00e9t\u00e9rans restants peuvent porter respectivement l&rsquo;\u00e9tendard r\u00e9gimentaire, un vox de ma\u00eetre ou des contre-agents alchymiques. Vous trouverez \u00e9galement une s\u00e9lection d&rsquo;accessoires esth\u00e9tiques, dont des pelles, pour d\u00e9corer davantage vos figurines.<\/p>\n<p>Les \u00c9quipes d&rsquo;Artillerie peuvent chacune \u00eatre assembl\u00e9es comme mortiers lourds, canons de si\u00e8ge, lanceurs quadruples lourds ou lance-roquettes multiples. Vous trouverez \u00e9galement des options esth\u00e9tiques et des accessoires pour les servants.<\/p>\n<p>Les Sapeurs de Krieg peuvent chacun \u00eatre arm\u00e9s d&rsquo;un fusil de combat ou d&rsquo;un pistolet-mitrailleur et d&rsquo;une matraque de tranch\u00e9e. Autrement, l&rsquo;un d&rsquo;eux peut \u00eatre \u00e9quip\u00e9 d&rsquo;un lance-flammes, et un autre d&rsquo;une t\u00e9l\u00e9commande de mine. Enfin, un autre peut \u00eatre assembl\u00e9 comme Ma\u00eetre du Guet, \u00e9quip\u00e9 d&rsquo;un pistolet bolter, d&rsquo;un pistolet-mitrailleur, d&rsquo;un pistolet \u00e0 plasma, d&rsquo;un lance-flammes l\u00e9ger ou d&rsquo;un fusil de combat, ainsi que d&rsquo;une \u00e9p\u00e9e tron\u00e7onneuse, d&rsquo;une arme \u00e9nerg\u00e9tique, d&rsquo;une matraque de tranch\u00e9e ou d&rsquo;une grenade.<\/p>\n<p>Jusqu&rsquo;\u00e0 deux fantassins du Death Korps de Krieg peuvent \u00eatre assembl\u00e9s comme Ma\u00eetres du Guet, chacun arm\u00e9 d&rsquo;un pistolet \u00e0 plasma, d&rsquo;un pistolet laser ou d&rsquo;un pistolet bolter, ainsi que d&rsquo;une \u00e9p\u00e9e tron\u00e7onneuse ou d&rsquo;une arme \u00e9nerg\u00e9tique. Jusqu&rsquo;\u00e0 deux fantassins peuvent \u00eatre chacun arm\u00e9s d&rsquo;un fusil laser long, deux d&rsquo;un lance-grenades, deux d&rsquo;un lance-flammes et deux d&rsquo;un fuseur ou d&rsquo;un fusil \u00e0 plasma. Les op\u00e9rateurs vox peuvent chacun \u00eatre assembl\u00e9s avec des jumelles ou une grenade dans la main gauche, et jusqu&rsquo;\u00e0 deux figurines peuvent \u00eatre assembl\u00e9es \u00e9quip\u00e9es d&rsquo;un m\u00e9dipac. Vous trouverez \u00e9galement de nombreuses options esth\u00e9tiques, dont des ba\u00efonnettes, des outils de tranch\u00e9e, des sacoches de ceinture, des grenades, et bien plus encore.<\/p>\n<p>Ce kit est fourni avec 1x Planche de D\u00e9calcos du Death Korps de Krieg proposant 803 d\u00e9calcos de grande qualit\u00e9 pour d\u00e9corer vos figurines. Cela inclut des marquages pour l&rsquo;infanterie, les v\u00e9hicules et l&rsquo;artillerie, ainsi que des num\u00e9ros d&rsquo;escouade et de r\u00e9giments, des lettrages de Krieg et des marqueurs de champs de mines.<\/p>\n","protected":false},"excerpt":{"rendered":"<p>Sinistres, aust\u00e8res et fanatiquement d\u00e9vou\u00e9s \u00e0 l&rsquo;Imperium, les soldats du Death Korps de Krieg sont sp\u00e9cialistes des combats dans les environnements les plus hostiles. Ils sont connus pour leurs m\u00e9thodes militaires implacables bas\u00e9es sur l&rsquo;attrition, et sont pr\u00eats \u00e0 sacrifier des millions de vies pour arracher la victoire. Leurs conscrits sont test\u00e9s, choisis et impitoyablement entra\u00een\u00e9s d\u00e8s la naissance ou presque pour les adapter \u00e0 leur r\u00f4le assign\u00e9 de fantassins du Death Korps.<\/p>\n","protected":false},"featured_media":5006,"comment_status":"open","ping_status":"closed","template":"","meta":[],"product_brand":[23],"product_cat":[290],"product_tag":[58,25],"class_list":{"0":"post-4980","1":"product","2":"type-product","3":"status-publish","4":"has-post-thumbnail","6":"product_brand-games-workshop","7":"product_cat-astra-militarum","8":"product_tag-astra-militarum","9":"product_tag-imperium","11":"first","12":"instock","13":"sale","14":"featured","15":"taxable","16":"shipping-taxable","17":"purchasable","18":"product-type-simple"},"yoast_head":"<!-- This site is optimized with the Yoast SEO plugin v26.4 - https:\/\/yoast.com\/wordpress\/plugins\/seo\/ -->\n<title>ASTRA MILITARUM: PELOTON DE SI\u00c8GE DE KRIEG - Coccigames<\/title>\n<meta name=\"robots\" content=\"index, follow, max-snippet:-1, max-image-preview:large, max-video-preview:-1\" \/>\n<link rel=\"canonical\" href=\"https:\/\/www.coccigames.com\/index.php\/produit\/a-militarum-peloton-de-siege-de-krieg\/\" \/>\n<meta property=\"og:locale\" content=\"fr_FR\" \/>\n<meta property=\"og:type\" content=\"article\" \/>\n<meta property=\"og:title\" content=\"ASTRA MILITARUM: PELOTON DE SI\u00c8GE DE KRIEG - Coccigames\" \/>\n<meta property=\"og:description\" content=\"Sinistres, aust\u00e8res et fanatiquement d\u00e9vou\u00e9s \u00e0 l&#039;Imperium, les soldats du Death Korps de Krieg sont sp\u00e9cialistes des combats dans les environnements les plus hostiles. Ils sont connus pour leurs m\u00e9thodes militaires implacables bas\u00e9es sur l&#039;attrition, et sont pr\u00eats \u00e0 sacrifier des millions de vies pour arracher la victoire. Leurs conscrits sont test\u00e9s, choisis et impitoyablement entra\u00een\u00e9s d\u00e8s la naissance ou presque pour les adapter \u00e0 leur r\u00f4le assign\u00e9 de fantassins du Death Korps.\" \/>\n<meta property=\"og:url\" content=\"https:\/\/www.coccigames.com\/index.php\/produit\/a-militarum-peloton-de-siege-de-krieg\/\" \/>\n<meta property=\"og:site_name\" content=\"Coccigames\" \/>\n<meta property=\"article:modified_time\" content=\"2026-04-06T07:25:21+00:00\" \/>\n<meta property=\"og:image\" content=\"https:\/\/www.coccigames.com\/wp-content\/uploads\/2025\/11\/99120105149_AstraMilitarumKriegSiegePlatoon13.jpg\" \/>\n\t<meta property=\"og:image:width\" content=\"918\" \/>\n\t<meta property=\"og:image:height\" content=\"948\" \/>\n\t<meta property=\"og:image:type\" content=\"image\/jpeg\" \/>\n<meta name=\"twitter:card\" content=\"summary_large_image\" \/>\n<meta name=\"twitter:label1\" content=\"Dur\u00e9e de lecture estim\u00e9e\" \/>\n\t<meta name=\"twitter:data1\" content=\"1 minute\" \/>\n<script type=\"application\/ld+json\" class=\"yoast-schema-graph\">{\"@context\":\"https:\/\/schema.org\",\"@graph\":[{\"@type\":\"WebPage\",\"@id\":\"https:\/\/www.coccigames.com\/index.php\/produit\/a-militarum-peloton-de-siege-de-krieg\/\",\"url\":\"https:\/\/www.coccigames.com\/index.php\/produit\/a-militarum-peloton-de-siege-de-krieg\/\",\"name\":\"ASTRA MILITARUM: PELOTON DE SI\u00c8GE DE KRIEG - Coccigames\",\"isPartOf\":{\"@id\":\"https:\/\/www.coccigames.com\/#website\"},\"primaryImageOfPage\":{\"@id\":\"https:\/\/www.coccigames.com\/index.php\/produit\/a-militarum-peloton-de-siege-de-krieg\/#primaryimage\"},\"image\":{\"@id\":\"https:\/\/www.coccigames.com\/index.php\/produit\/a-militarum-peloton-de-siege-de-krieg\/#primaryimage\"},\"thumbnailUrl\":\"https:\/\/www.coccigames.com\/wp-content\/uploads\/2025\/11\/99120105149_AstraMilitarumKriegSiegePlatoon13.jpg\",\"datePublished\":\"2025-11-15T17:04:41+00:00\",\"dateModified\":\"2026-04-06T07:25:21+00:00\",\"breadcrumb\":{\"@id\":\"https:\/\/www.coccigames.com\/index.php\/produit\/a-militarum-peloton-de-siege-de-krieg\/#breadcrumb\"},\"inLanguage\":\"fr-FR\",\"potentialAction\":[{\"@type\":\"ReadAction\",\"target\":[\"https:\/\/www.coccigames.com\/index.php\/produit\/a-militarum-peloton-de-siege-de-krieg\/\"]}]},{\"@type\":\"ImageObject\",\"inLanguage\":\"fr-FR\",\"@id\":\"https:\/\/www.coccigames.com\/index.php\/produit\/a-militarum-peloton-de-siege-de-krieg\/#primaryimage\",\"url\":\"https:\/\/www.coccigames.com\/wp-content\/uploads\/2025\/11\/99120105149_AstraMilitarumKriegSiegePlatoon13.jpg\",\"contentUrl\":\"https:\/\/www.coccigames.com\/wp-content\/uploads\/2025\/11\/99120105149_AstraMilitarumKriegSiegePlatoon13.jpg\",\"width\":918,\"height\":948},{\"@type\":\"BreadcrumbList\",\"@id\":\"https:\/\/www.coccigames.com\/index.php\/produit\/a-militarum-peloton-de-siege-de-krieg\/#breadcrumb\",\"itemListElement\":[{\"@type\":\"ListItem\",\"position\":1,\"name\":\"Accueil\",\"item\":\"https:\/\/www.coccigames.com\/\"},{\"@type\":\"ListItem\",\"position\":2,\"name\":\"Boutique\",\"item\":\"https:\/\/www.coccigames.com\/index.php\/boutique\/\"},{\"@type\":\"ListItem\",\"position\":3,\"name\":\"ASTRA MILITARUM: PELOTON DE SI\u00c8GE DE KRIEG\"}]},{\"@type\":\"WebSite\",\"@id\":\"https:\/\/www.coccigames.com\/#website\",\"url\":\"https:\/\/www.coccigames.com\/\",\"name\":\"Coccigames - Figurines et Peintures\",\"description\":\"Figurines et Peintures\",\"publisher\":{\"@id\":\"https:\/\/www.coccigames.com\/#organization\"},\"potentialAction\":[{\"@type\":\"SearchAction\",\"target\":{\"@type\":\"EntryPoint\",\"urlTemplate\":\"https:\/\/www.coccigames.com\/?s={search_term_string}\"},\"query-input\":{\"@type\":\"PropertyValueSpecification\",\"valueRequired\":true,\"valueName\":\"search_term_string\"}}],\"inLanguage\":\"fr-FR\"},{\"@type\":\"Organization\",\"@id\":\"https:\/\/www.coccigames.com\/#organization\",\"name\":\"Coccigames\",\"url\":\"https:\/\/www.coccigames.com\/\",\"logo\":{\"@type\":\"ImageObject\",\"inLanguage\":\"fr-FR\",\"@id\":\"https:\/\/www.coccigames.com\/#\/schema\/logo\/image\/\",\"url\":\"https:\/\/www.coccigames.com\/wp-content\/uploads\/2025\/12\/coccigames_logo_v5.png\",\"contentUrl\":\"https:\/\/www.coccigames.com\/wp-content\/uploads\/2025\/12\/coccigames_logo_v5.png\",\"width\":1768,\"height\":424,\"caption\":\"Coccigames\"},\"image\":{\"@id\":\"https:\/\/www.coccigames.com\/#\/schema\/logo\/image\/\"}}]}<\/script>\n<!-- \/ Yoast SEO plugin. -->","yoast_head_json":{"title":"ASTRA MILITARUM: PELOTON DE SI\u00c8GE DE KRIEG - Coccigames","robots":{"index":"index","follow":"follow","max-snippet":"max-snippet:-1","max-image-preview":"max-image-preview:large","max-video-preview":"max-video-preview:-1"},"canonical":"https:\/\/www.coccigames.com\/index.php\/produit\/a-militarum-peloton-de-siege-de-krieg\/","og_locale":"fr_FR","og_type":"article","og_title":"ASTRA MILITARUM: PELOTON DE SI\u00c8GE DE KRIEG - Coccigames","og_description":"Sinistres, aust\u00e8res et fanatiquement d\u00e9vou\u00e9s \u00e0 l'Imperium, les soldats du Death Korps de Krieg sont sp\u00e9cialistes des combats dans les environnements les plus hostiles. Ils sont connus pour leurs m\u00e9thodes militaires implacables bas\u00e9es sur l'attrition, et sont pr\u00eats \u00e0 sacrifier des millions de vies pour arracher la victoire. Leurs conscrits sont test\u00e9s, choisis et impitoyablement entra\u00een\u00e9s d\u00e8s la naissance ou presque pour les adapter \u00e0 leur r\u00f4le assign\u00e9 de fantassins du Death Korps.","og_url":"https:\/\/www.coccigames.com\/index.php\/produit\/a-militarum-peloton-de-siege-de-krieg\/","og_site_name":"Coccigames","article_modified_time":"2026-04-06T07:25:21+00:00","og_image":[{"width":918,"height":948,"url":"https:\/\/www.coccigames.com\/wp-content\/uploads\/2025\/11\/99120105149_AstraMilitarumKriegSiegePlatoon13.jpg","type":"image\/jpeg"}],"twitter_card":"summary_large_image","twitter_misc":{"Dur\u00e9e de lecture estim\u00e9e":"1 minute"},"schema":{"@context":"https:\/\/schema.org","@graph":[{"@type":"WebPage","@id":"https:\/\/www.coccigames.com\/index.php\/produit\/a-militarum-peloton-de-siege-de-krieg\/","url":"https:\/\/www.coccigames.com\/index.php\/produit\/a-militarum-peloton-de-siege-de-krieg\/","name":"ASTRA MILITARUM: PELOTON DE SI\u00c8GE DE KRIEG - Coccigames","isPartOf":{"@id":"https:\/\/www.coccigames.com\/#website"},"primaryImageOfPage":{"@id":"https:\/\/www.coccigames.com\/index.php\/produit\/a-militarum-peloton-de-siege-de-krieg\/#primaryimage"},"image":{"@id":"https:\/\/www.coccigames.com\/index.php\/produit\/a-militarum-peloton-de-siege-de-krieg\/#primaryimage"},"thumbnailUrl":"https:\/\/www.coccigames.com\/wp-content\/uploads\/2025\/11\/99120105149_AstraMilitarumKriegSiegePlatoon13.jpg","datePublished":"2025-11-15T17:04:41+00:00","dateModified":"2026-04-06T07:25:21+00:00","breadcrumb":{"@id":"https:\/\/www.coccigames.com\/index.php\/produit\/a-militarum-peloton-de-siege-de-krieg\/#breadcrumb"},"inLanguage":"fr-FR","potentialAction":[{"@type":"ReadAction","target":["https:\/\/www.coccigames.com\/index.php\/produit\/a-militarum-peloton-de-siege-de-krieg\/"]}]},{"@type":"ImageObject","inLanguage":"fr-FR","@id":"https:\/\/www.coccigames.com\/index.php\/produit\/a-militarum-peloton-de-siege-de-krieg\/#primaryimage","url":"https:\/\/www.coccigames.com\/wp-content\/uploads\/2025\/11\/99120105149_AstraMilitarumKriegSiegePlatoon13.jpg","contentUrl":"https:\/\/www.coccigames.com\/wp-content\/uploads\/2025\/11\/99120105149_AstraMilitarumKriegSiegePlatoon13.jpg","width":918,"height":948},{"@type":"BreadcrumbList","@id":"https:\/\/www.coccigames.com\/index.php\/produit\/a-militarum-peloton-de-siege-de-krieg\/#breadcrumb","itemListElement":[{"@type":"ListItem","position":1,"name":"Accueil","item":"https:\/\/www.coccigames.com\/"},{"@type":"ListItem","position":2,"name":"Boutique","item":"https:\/\/www.coccigames.com\/index.php\/boutique\/"},{"@type":"ListItem","position":3,"name":"ASTRA MILITARUM: PELOTON DE SI\u00c8GE DE KRIEG"}]},{"@type":"WebSite","@id":"https:\/\/www.coccigames.com\/#website","url":"https:\/\/www.coccigames.com\/","name":"Coccigames - Figurines et Peintures","description":"Figurines et Peintures","publisher":{"@id":"https:\/\/www.coccigames.com\/#organization"},"potentialAction":[{"@type":"SearchAction","target":{"@type":"EntryPoint","urlTemplate":"https:\/\/www.coccigames.com\/?s={search_term_string}"},"query-input":{"@type":"PropertyValueSpecification","valueRequired":true,"valueName":"search_term_string"}}],"inLanguage":"fr-FR"},{"@type":"Organization","@id":"https:\/\/www.coccigames.com\/#organization","name":"Coccigames","url":"https:\/\/www.coccigames.com\/","logo":{"@type":"ImageObject","inLanguage":"fr-FR","@id":"https:\/\/www.coccigames.com\/#\/schema\/logo\/image\/","url":"https:\/\/www.coccigames.com\/wp-content\/uploads\/2025\/12\/coccigames_logo_v5.png","contentUrl":"https:\/\/www.coccigames.com\/wp-content\/uploads\/2025\/12\/coccigames_logo_v5.png","width":1768,"height":424,"caption":"Coccigames"},"image":{"@id":"https:\/\/www.coccigames.com\/#\/schema\/logo\/image\/"}}]}},"_links":{"self":[{"href":"https:\/\/www.coccigames.com\/index.php\/wp-json\/wp\/v2\/product\/4980","targetHints":{"allow":["GET"]}}],"collection":[{"href":"https:\/\/www.coccigames.com\/index.php\/wp-json\/wp\/v2\/product"}],"about":[{"href":"https:\/\/www.coccigames.com\/index.php\/wp-json\/wp\/v2\/types\/product"}],"replies":[{"embeddable":true,"href":"https:\/\/www.coccigames.com\/index.php\/wp-json\/wp\/v2\/comments?post=4980"}],"wp:featuredmedia":[{"embeddable":true,"href":"https:\/\/www.coccigames.com\/index.php\/wp-json\/wp\/v2\/media\/5006"}],"wp:attachment":[{"href":"https:\/\/www.coccigames.com\/index.php\/wp-json\/wp\/v2\/media?parent=4980"}],"wp:term":[{"taxonomy":"product_brand","embeddable":true,"href":"https:\/\/www.coccigames.com\/index.php\/wp-json\/wp\/v2\/product_brand?post=4980"},{"taxonomy":"product_cat","embeddable":true,"href":"https:\/\/www.coccigames.com\/index.php\/wp-json\/wp\/v2\/product_cat?post=4980"},{"taxonomy":"product_tag","embeddable":true,"href":"https:\/\/www.coccigames.com\/index.php\/wp-json\/wp\/v2\/product_tag?post=4980"}],"curies":[{"name":"wp","href":"https:\/\/api.w.org\/{rel}","templated":true}]}}