{"id":4979,"date":"2025-11-15T18:04:41","date_gmt":"2025-11-15T17:04:41","guid":{"rendered":"https:\/\/www.coccigames.com\/index.php\/produit\/chaos-space-marines-bande-infernale\/"},"modified":"2026-04-06T09:25:21","modified_gmt":"2026-04-06T07:25:21","slug":"chaos-space-marines-bande-infernale","status":"publish","type":"product","link":"https:\/\/www.coccigames.com\/index.php\/produit\/chaos-space-marines-bande-infernale\/","title":{"rendered":"CHAOS SPACE MARINES: BANDE INFERNALE"},"content":{"rendered":"<p>Cette bo\u00eete pleine \u00e0 craquer est parfaite pour entamer une nouvelle collection de Space Marines du Chaos ou pour \u00e9toffer une arm\u00e9e existante que vous pourrez ensuite d\u00e9cha\u00eener dans les parties de Warhammer 40,000, en faisant des \u00e9conomies par rapport \u00e0 un achat des kits au d\u00e9tail. Men\u00e9e par un Seigneur de la Discorde, un vrai pivot central pour vos m\u00eal\u00e9es, et soutenue par une M\u00e9taragne, cette force est d\u00e9vastatrice en combat rapproch\u00e9. Une unit\u00e9 de L\u00e9gionnaires offre une flexibilit\u00e9 tactique en \u00e9tant capable de s&rsquo;occuper des ennemis au corps \u00e0 corps comme de d\u00e9cha\u00eener sa puissance de feu \u00e0 distance. L&rsquo;arm\u00e9e est soutenue \u00e0 longue port\u00e9e par une unit\u00e9 de Havocs et deux Obliterators. Pour d\u00e9poser votre infanterie l\u00e0 o\u00f9 vous avez besoin d&rsquo;elle, un Rhino du Chaos vient compl\u00e9ter cette force, ainsi constitu\u00e9e d&rsquo;une combinaison gagnante d&rsquo;unit\u00e9s.<\/p>\n<p><strong>Cette bo\u00eete permet d&rsquo;assembler 20 figurines en plastique de Space Marines du Chaos:<\/strong><\/p>\n<p>\u2013 1x Seigneur de la Discorde<\/p>\n<p>\u2013 1x Rhino du Chaos<\/p>\n<p>\u2013 1x M\u00e9taragne<\/p>\n<p>\u2013 2x Obliterators<\/p>\n<p>\u2013 5x Havocs<\/p>\n<p>\u2013 10x L\u00e9gionnaires<\/p>\n<p>Les figurines de ce kit sont faciles \u00e0 personnaliser. Le M\u00e9tar\u00f4deur du Seigneur de la Discorde peut \u00eatre arm\u00e9 d&rsquo;un conflagrateur ou d&rsquo;un autocanon de M\u00e9tar\u00f4deur, ainsi que d&rsquo;un d\u00e9coupeur \u00e0 magma ou d&rsquo;un injecteur de techno-virus.<\/p>\n<p>Le Rhino du Chaos dispose d&rsquo;options esth\u00e9tiques, dont des ic\u00f4nes du Chaos, des r\u00e2teliers de troph\u00e9es, des cha\u00eenes, des crochets, une lame de bulldozer et des plaques de blindage corrompues. Il peut \u00eatre arm\u00e9 d&rsquo;un combi-bolter ou d&rsquo;une arme combin\u00e9e sur pivot, et il propose les \u00e9l\u00e9ments n\u00e9cessaires pour assembler un artilleur space marine du Chaos ou une \u00e9coutille ferm\u00e9e. Il peut \u00e9galement \u00eatre \u00e9quip\u00e9 d&rsquo;un lanceur Havoc pour am\u00e9liorer sa puissance de feu \u00e0 longue port\u00e9e.<\/p>\n<p>Quatre des Havocs peuvent faire leur choix parmi une s\u00e9lection d&rsquo;armes lourdes: deux autocanons Havoc, deux bolters lourds Havoc, deux canons laser Havoc, deux lance-missiles Havoc et un canon rotatif Reaper Havoc. Le Champion Havoc peut \u00eatre arm\u00e9 d&rsquo;un bolter, d&rsquo;un fusil \u00e0 plasma, d&rsquo;un fuseur ou d&rsquo;un lance-flammes, ainsi que d&rsquo;une arme maudite ou d&rsquo;une \u00e9p\u00e9e tron\u00e7onneuse Astartes.<\/p>\n<p>Chaque L\u00e9gionnaire peut \u00eatre arm\u00e9 d&rsquo;un bolter ou d&rsquo;un pistolet bolter et d&rsquo;une \u00e9p\u00e9e tron\u00e7onneuse Astartes, et vous trouverez 11 t\u00eates interchangeables et 21 \u00e9pauli\u00e8res, interchangeables elles aussi. Vous pouvez armer des L\u00e9gionnaires d&rsquo;un fusil \u00e0 plasma, d&rsquo;un lance-flammes, d&rsquo;un fuseur, d&rsquo;un bolter lourd ou d&rsquo;un lance-missiles, et vous trouverez les \u00e9l\u00e9ments n\u00e9cessaires pour assembler 2 Aspirants Champions.<\/p>\n<p>Ce kit est fourni avec 2x Planches de D\u00e9calcos des Space Marines du Chaos, proposant chacune 364 d\u00e9calcos de grande qualit\u00e9. Cela inclut des ic\u00f4nes de la Black Legion, de l&rsquo;Alpha Legion, des Thousand Sons, des Iron Warriors, des Word Bearers et des Night Lords, ainsi que d&rsquo;autres symboles maudits pour d\u00e9corer vos figurines.<\/p>\n","protected":false},"excerpt":{"rendered":"<p>Les Space Marines du Chaos sont des guerriers g\u00e9n\u00e9tiquement am\u00e9lior\u00e9s qui ne vivent que pour la conqu\u00eate, le massacre et le pillage. Ces h\u00e9r\u00e9tiques partent au combat \u00e9quip\u00e9s de versions corrompues des armes et armures qu&rsquo;ils employaient jadis, quand ils faisaient partie des troupes loyales de l&rsquo;Imperium. D\u00e9sormais, ils m\u00e8nent une campagne \u00e9ternelle de vengeance, de conqu\u00eate et de violence apocalyptique.<\/p>\n","protected":false},"featured_media":5005,"comment_status":"open","ping_status":"closed","template":"","meta":[],"product_brand":[23],"product_cat":[287],"product_tag":[55],"class_list":{"0":"post-4979","1":"product","2":"type-product","3":"status-publish","4":"has-post-thumbnail","6":"product_brand-games-workshop","7":"product_cat-chaos-space-marines","8":"product_tag-chaos-space-marines","10":"first","11":"instock","12":"sale","13":"featured","14":"taxable","15":"shipping-taxable","16":"purchasable","17":"product-type-simple"},"yoast_head":"<!-- This site is optimized with the Yoast SEO plugin v26.4 - https:\/\/yoast.com\/wordpress\/plugins\/seo\/ -->\n<title>CHAOS SPACE MARINES: BANDE INFERNALE - Coccigames<\/title>\n<meta name=\"robots\" content=\"index, follow, max-snippet:-1, max-image-preview:large, max-video-preview:-1\" \/>\n<link rel=\"canonical\" href=\"https:\/\/www.coccigames.com\/index.php\/produit\/chaos-space-marines-bande-infernale\/\" \/>\n<meta property=\"og:locale\" content=\"fr_FR\" \/>\n<meta property=\"og:type\" content=\"article\" \/>\n<meta property=\"og:title\" content=\"CHAOS SPACE MARINES: BANDE INFERNALE - Coccigames\" \/>\n<meta property=\"og:description\" content=\"Les Space Marines du Chaos sont des guerriers g\u00e9n\u00e9tiquement am\u00e9lior\u00e9s qui ne vivent que pour la conqu\u00eate, le massacre et le pillage. Ces h\u00e9r\u00e9tiques partent au combat \u00e9quip\u00e9s de versions corrompues des armes et armures qu&#039;ils employaient jadis, quand ils faisaient partie des troupes loyales de l&#039;Imperium. D\u00e9sormais, ils m\u00e8nent une campagne \u00e9ternelle de vengeance, de conqu\u00eate et de violence apocalyptique.\" \/>\n<meta property=\"og:url\" content=\"https:\/\/www.coccigames.com\/index.php\/produit\/chaos-space-marines-bande-infernale\/\" \/>\n<meta property=\"og:site_name\" content=\"Coccigames\" \/>\n<meta property=\"article:modified_time\" content=\"2026-04-06T07:25:21+00:00\" \/>\n<meta property=\"og:image\" content=\"https:\/\/www.coccigames.com\/wp-content\/uploads\/2025\/11\/99120102250_ChaosSpaceMarinesHellforgedWarband22.jpg\" \/>\n\t<meta property=\"og:image:width\" content=\"918\" \/>\n\t<meta property=\"og:image:height\" content=\"948\" \/>\n\t<meta property=\"og:image:type\" content=\"image\/jpeg\" \/>\n<meta name=\"twitter:card\" content=\"summary_large_image\" \/>\n<meta name=\"twitter:label1\" content=\"Dur\u00e9e de lecture estim\u00e9e\" \/>\n\t<meta name=\"twitter:data1\" content=\"3 minutes\" \/>\n<script type=\"application\/ld+json\" class=\"yoast-schema-graph\">{\"@context\":\"https:\/\/schema.org\",\"@graph\":[{\"@type\":\"WebPage\",\"@id\":\"https:\/\/www.coccigames.com\/index.php\/produit\/chaos-space-marines-bande-infernale\/\",\"url\":\"https:\/\/www.coccigames.com\/index.php\/produit\/chaos-space-marines-bande-infernale\/\",\"name\":\"CHAOS SPACE MARINES: BANDE INFERNALE - Coccigames\",\"isPartOf\":{\"@id\":\"https:\/\/www.coccigames.com\/#website\"},\"primaryImageOfPage\":{\"@id\":\"https:\/\/www.coccigames.com\/index.php\/produit\/chaos-space-marines-bande-infernale\/#primaryimage\"},\"image\":{\"@id\":\"https:\/\/www.coccigames.com\/index.php\/produit\/chaos-space-marines-bande-infernale\/#primaryimage\"},\"thumbnailUrl\":\"https:\/\/www.coccigames.com\/wp-content\/uploads\/2025\/11\/99120102250_ChaosSpaceMarinesHellforgedWarband22.jpg\",\"datePublished\":\"2025-11-15T17:04:41+00:00\",\"dateModified\":\"2026-04-06T07:25:21+00:00\",\"breadcrumb\":{\"@id\":\"https:\/\/www.coccigames.com\/index.php\/produit\/chaos-space-marines-bande-infernale\/#breadcrumb\"},\"inLanguage\":\"fr-FR\",\"potentialAction\":[{\"@type\":\"ReadAction\",\"target\":[\"https:\/\/www.coccigames.com\/index.php\/produit\/chaos-space-marines-bande-infernale\/\"]}]},{\"@type\":\"ImageObject\",\"inLanguage\":\"fr-FR\",\"@id\":\"https:\/\/www.coccigames.com\/index.php\/produit\/chaos-space-marines-bande-infernale\/#primaryimage\",\"url\":\"https:\/\/www.coccigames.com\/wp-content\/uploads\/2025\/11\/99120102250_ChaosSpaceMarinesHellforgedWarband22.jpg\",\"contentUrl\":\"https:\/\/www.coccigames.com\/wp-content\/uploads\/2025\/11\/99120102250_ChaosSpaceMarinesHellforgedWarband22.jpg\",\"width\":918,\"height\":948},{\"@type\":\"BreadcrumbList\",\"@id\":\"https:\/\/www.coccigames.com\/index.php\/produit\/chaos-space-marines-bande-infernale\/#breadcrumb\",\"itemListElement\":[{\"@type\":\"ListItem\",\"position\":1,\"name\":\"Accueil\",\"item\":\"https:\/\/www.coccigames.com\/\"},{\"@type\":\"ListItem\",\"position\":2,\"name\":\"Boutique\",\"item\":\"https:\/\/www.coccigames.com\/index.php\/boutique\/\"},{\"@type\":\"ListItem\",\"position\":3,\"name\":\"CHAOS SPACE MARINES: BANDE INFERNALE\"}]},{\"@type\":\"WebSite\",\"@id\":\"https:\/\/www.coccigames.com\/#website\",\"url\":\"https:\/\/www.coccigames.com\/\",\"name\":\"Coccigames - Figurines et Peintures\",\"description\":\"Figurines et Peintures\",\"publisher\":{\"@id\":\"https:\/\/www.coccigames.com\/#organization\"},\"potentialAction\":[{\"@type\":\"SearchAction\",\"target\":{\"@type\":\"EntryPoint\",\"urlTemplate\":\"https:\/\/www.coccigames.com\/?s={search_term_string}\"},\"query-input\":{\"@type\":\"PropertyValueSpecification\",\"valueRequired\":true,\"valueName\":\"search_term_string\"}}],\"inLanguage\":\"fr-FR\"},{\"@type\":\"Organization\",\"@id\":\"https:\/\/www.coccigames.com\/#organization\",\"name\":\"Coccigames\",\"url\":\"https:\/\/www.coccigames.com\/\",\"logo\":{\"@type\":\"ImageObject\",\"inLanguage\":\"fr-FR\",\"@id\":\"https:\/\/www.coccigames.com\/#\/schema\/logo\/image\/\",\"url\":\"https:\/\/www.coccigames.com\/wp-content\/uploads\/2025\/12\/coccigames_logo_v5.png\",\"contentUrl\":\"https:\/\/www.coccigames.com\/wp-content\/uploads\/2025\/12\/coccigames_logo_v5.png\",\"width\":1768,\"height\":424,\"caption\":\"Coccigames\"},\"image\":{\"@id\":\"https:\/\/www.coccigames.com\/#\/schema\/logo\/image\/\"}}]}<\/script>\n<!-- \/ Yoast SEO plugin. -->","yoast_head_json":{"title":"CHAOS SPACE MARINES: BANDE INFERNALE - Coccigames","robots":{"index":"index","follow":"follow","max-snippet":"max-snippet:-1","max-image-preview":"max-image-preview:large","max-video-preview":"max-video-preview:-1"},"canonical":"https:\/\/www.coccigames.com\/index.php\/produit\/chaos-space-marines-bande-infernale\/","og_locale":"fr_FR","og_type":"article","og_title":"CHAOS SPACE MARINES: BANDE INFERNALE - Coccigames","og_description":"Les Space Marines du Chaos sont des guerriers g\u00e9n\u00e9tiquement am\u00e9lior\u00e9s qui ne vivent que pour la conqu\u00eate, le massacre et le pillage. Ces h\u00e9r\u00e9tiques partent au combat \u00e9quip\u00e9s de versions corrompues des armes et armures qu'ils employaient jadis, quand ils faisaient partie des troupes loyales de l'Imperium. D\u00e9sormais, ils m\u00e8nent une campagne \u00e9ternelle de vengeance, de conqu\u00eate et de violence apocalyptique.","og_url":"https:\/\/www.coccigames.com\/index.php\/produit\/chaos-space-marines-bande-infernale\/","og_site_name":"Coccigames","article_modified_time":"2026-04-06T07:25:21+00:00","og_image":[{"width":918,"height":948,"url":"https:\/\/www.coccigames.com\/wp-content\/uploads\/2025\/11\/99120102250_ChaosSpaceMarinesHellforgedWarband22.jpg","type":"image\/jpeg"}],"twitter_card":"summary_large_image","twitter_misc":{"Dur\u00e9e de lecture estim\u00e9e":"3 minutes"},"schema":{"@context":"https:\/\/schema.org","@graph":[{"@type":"WebPage","@id":"https:\/\/www.coccigames.com\/index.php\/produit\/chaos-space-marines-bande-infernale\/","url":"https:\/\/www.coccigames.com\/index.php\/produit\/chaos-space-marines-bande-infernale\/","name":"CHAOS SPACE MARINES: BANDE INFERNALE - Coccigames","isPartOf":{"@id":"https:\/\/www.coccigames.com\/#website"},"primaryImageOfPage":{"@id":"https:\/\/www.coccigames.com\/index.php\/produit\/chaos-space-marines-bande-infernale\/#primaryimage"},"image":{"@id":"https:\/\/www.coccigames.com\/index.php\/produit\/chaos-space-marines-bande-infernale\/#primaryimage"},"thumbnailUrl":"https:\/\/www.coccigames.com\/wp-content\/uploads\/2025\/11\/99120102250_ChaosSpaceMarinesHellforgedWarband22.jpg","datePublished":"2025-11-15T17:04:41+00:00","dateModified":"2026-04-06T07:25:21+00:00","breadcrumb":{"@id":"https:\/\/www.coccigames.com\/index.php\/produit\/chaos-space-marines-bande-infernale\/#breadcrumb"},"inLanguage":"fr-FR","potentialAction":[{"@type":"ReadAction","target":["https:\/\/www.coccigames.com\/index.php\/produit\/chaos-space-marines-bande-infernale\/"]}]},{"@type":"ImageObject","inLanguage":"fr-FR","@id":"https:\/\/www.coccigames.com\/index.php\/produit\/chaos-space-marines-bande-infernale\/#primaryimage","url":"https:\/\/www.coccigames.com\/wp-content\/uploads\/2025\/11\/99120102250_ChaosSpaceMarinesHellforgedWarband22.jpg","contentUrl":"https:\/\/www.coccigames.com\/wp-content\/uploads\/2025\/11\/99120102250_ChaosSpaceMarinesHellforgedWarband22.jpg","width":918,"height":948},{"@type":"BreadcrumbList","@id":"https:\/\/www.coccigames.com\/index.php\/produit\/chaos-space-marines-bande-infernale\/#breadcrumb","itemListElement":[{"@type":"ListItem","position":1,"name":"Accueil","item":"https:\/\/www.coccigames.com\/"},{"@type":"ListItem","position":2,"name":"Boutique","item":"https:\/\/www.coccigames.com\/index.php\/boutique\/"},{"@type":"ListItem","position":3,"name":"CHAOS SPACE MARINES: BANDE INFERNALE"}]},{"@type":"WebSite","@id":"https:\/\/www.coccigames.com\/#website","url":"https:\/\/www.coccigames.com\/","name":"Coccigames - Figurines et Peintures","description":"Figurines et Peintures","publisher":{"@id":"https:\/\/www.coccigames.com\/#organization"},"potentialAction":[{"@type":"SearchAction","target":{"@type":"EntryPoint","urlTemplate":"https:\/\/www.coccigames.com\/?s={search_term_string}"},"query-input":{"@type":"PropertyValueSpecification","valueRequired":true,"valueName":"search_term_string"}}],"inLanguage":"fr-FR"},{"@type":"Organization","@id":"https:\/\/www.coccigames.com\/#organization","name":"Coccigames","url":"https:\/\/www.coccigames.com\/","logo":{"@type":"ImageObject","inLanguage":"fr-FR","@id":"https:\/\/www.coccigames.com\/#\/schema\/logo\/image\/","url":"https:\/\/www.coccigames.com\/wp-content\/uploads\/2025\/12\/coccigames_logo_v5.png","contentUrl":"https:\/\/www.coccigames.com\/wp-content\/uploads\/2025\/12\/coccigames_logo_v5.png","width":1768,"height":424,"caption":"Coccigames"},"image":{"@id":"https:\/\/www.coccigames.com\/#\/schema\/logo\/image\/"}}]}},"_links":{"self":[{"href":"https:\/\/www.coccigames.com\/index.php\/wp-json\/wp\/v2\/product\/4979","targetHints":{"allow":["GET"]}}],"collection":[{"href":"https:\/\/www.coccigames.com\/index.php\/wp-json\/wp\/v2\/product"}],"about":[{"href":"https:\/\/www.coccigames.com\/index.php\/wp-json\/wp\/v2\/types\/product"}],"replies":[{"embeddable":true,"href":"https:\/\/www.coccigames.com\/index.php\/wp-json\/wp\/v2\/comments?post=4979"}],"wp:featuredmedia":[{"embeddable":true,"href":"https:\/\/www.coccigames.com\/index.php\/wp-json\/wp\/v2\/media\/5005"}],"wp:attachment":[{"href":"https:\/\/www.coccigames.com\/index.php\/wp-json\/wp\/v2\/media?parent=4979"}],"wp:term":[{"taxonomy":"product_brand","embeddable":true,"href":"https:\/\/www.coccigames.com\/index.php\/wp-json\/wp\/v2\/product_brand?post=4979"},{"taxonomy":"product_cat","embeddable":true,"href":"https:\/\/www.coccigames.com\/index.php\/wp-json\/wp\/v2\/product_cat?post=4979"},{"taxonomy":"product_tag","embeddable":true,"href":"https:\/\/www.coccigames.com\/index.php\/wp-json\/wp\/v2\/product_tag?post=4979"}],"curies":[{"name":"wp","href":"https:\/\/api.w.org\/{rel}","templated":true}]}}