{"id":4978,"date":"2025-11-15T18:04:40","date_gmt":"2025-11-15T17:04:40","guid":{"rendered":"https:\/\/www.coccigames.com\/index.php\/produit\/emperors-children-cenacle-dextalies\/"},"modified":"2026-04-06T09:25:21","modified_gmt":"2026-04-06T07:25:21","slug":"emperors-children-cenacle-dextalies","status":"publish","type":"product","link":"https:\/\/www.coccigames.com\/index.php\/produit\/emperors-children-cenacle-dextalies\/","title":{"rendered":"EMPEROR&rsquo;S CHILDREN: C\u00c9NACLE D&rsquo;EXTALI\u00c9S"},"content":{"rendered":"<p>Cette bo\u00eete pleine \u00e0 craquer est parfaite pour entamer une nouvelle collection d&rsquo;Emperor&rsquo;s Children ou pour \u00e9toffer une arm\u00e9e existante que vous pourrez ensuite d\u00e9cha\u00eener dans les parties de Warhammer 40,000, en faisant des \u00e9conomies par rapport \u00e0 un achat des kits au d\u00e9tail. Men\u00e9e par le Primarque D\u00e9mon lui-m\u00eame, le fabuleusement inf\u00e2me Fulgrim, cette force frappera de terreur m\u00eame les adversaires les plus imperturbables. Des unit\u00e9s d&rsquo;\u00e9lite la compl\u00e8tent, des Marines du Vacarme semant une d\u00e9vastation sonique et des Lames Infaillibles sans \u00e9gales au corps \u00e0 corps.<\/p>\n<p><strong>Cette bo\u00eete permet d&rsquo;assembler 13 figurines en plastique des Emperor&rsquo;s Children:<\/strong><\/p>\n<p>\u2013 1x Fulgrim, Primarque D\u00e9mon de Slaanesh<\/p>\n<p>\u2013 6x Lames Infaillibles<\/p>\n<p>\u2013 6x Marines du Vacarme<\/p>\n<p>Les figurines de ce kit sont faciles \u00e0 personnaliser. Fulgrim lui-m\u00eame est fourni avec un choix de cinq visages diff\u00e9rents, tous plus effrayants les uns que les autres.<\/p>\n<p>Les Lames Infaillibles disposent chacune de trois t\u00eates diff\u00e9rentes et peuvent \u00eatre assembl\u00e9es avec une \u00e9p\u00e9e longue ou deux lames de duellistes plus courtes. Elles offrent le choix de les assembler avec l&rsquo;ic\u00f4ne des Emperor&rsquo;s Children sur leur \u00e9pauli\u00e8re gauche ou en laissant cette derni\u00e8re vierge, et vous trouverez \u00e9galement huit grenades optionnelles et interchangeables.<\/p>\n<p>Un des Marines du Vacarme peut \u00eatre assembl\u00e9 comme Discordant optionnel, et jusqu&rsquo;\u00e0 deux d&rsquo;entre eux peuvent \u00eatre arm\u00e9s d&rsquo;un destructeur sonique. Le Discordant propose un choix de trois t\u00eates, et les Marines du Vacarme ont des t\u00eates et des \u00e9pauli\u00e8res interchangeables: neuf t\u00eates casqu\u00e9es, cinq t\u00eates nues, six \u00e9pauli\u00e8res des Emperor&rsquo;s Children et 12 \u00e9pauli\u00e8res standards.<\/p>\n<p>Le kit contient une Planche de D\u00e9calcos des Emperor&rsquo;s Children proposant 150 d\u00e9calcos de grande qualit\u00e9 pour d\u00e9corer vos figurines. Cela inclut des symboles des Emperor&rsquo;s Children de diff\u00e9rentes tailles et couleurs, ainsi qu&rsquo;une s\u00e9lection de runes et inscriptions difformes de Slaanesh.<\/p>\n","protected":false},"excerpt":{"rendered":"<p>Les Emperor&rsquo;s Children sont des guerriers d\u00e9bauch\u00e9s et vou\u00e9s au dieu du Chaos Slaanesh. Drap\u00e9s dans leur douce corruption, d\u00e9prav\u00e9s de corps comme d&rsquo;esprit, ils d\u00e9vastent la galaxie dans des campagnes d&rsquo;exc\u00e8s sanguinolents et de saturation sensorielle. Les moindres vestiges de leur \u00e2me sont focalis\u00e9s sur la satisfaction de leurs caprices au m\u00e9pris de tout le reste.<\/p>\n","protected":false},"featured_media":5007,"comment_status":"open","ping_status":"closed","template":"","meta":[],"product_brand":[23],"product_cat":[313],"product_tag":[55,179],"class_list":{"0":"post-4978","1":"product","2":"type-product","3":"status-publish","4":"has-post-thumbnail","6":"product_brand-games-workshop","7":"product_cat-emperors-children","8":"product_tag-chaos-space-marines","9":"product_tag-emperors-children","11":"first","12":"instock","13":"sale","14":"featured","15":"taxable","16":"shipping-taxable","17":"purchasable","18":"product-type-simple"},"yoast_head":"<!-- This site is optimized with the Yoast SEO plugin v26.4 - https:\/\/yoast.com\/wordpress\/plugins\/seo\/ -->\n<title>EMPEROR&#039;S CHILDREN: C\u00c9NACLE D&#039;EXTALI\u00c9S - Coccigames<\/title>\n<meta name=\"robots\" content=\"index, follow, max-snippet:-1, max-image-preview:large, max-video-preview:-1\" \/>\n<link rel=\"canonical\" href=\"https:\/\/www.coccigames.com\/index.php\/produit\/emperors-children-cenacle-dextalies\/\" \/>\n<meta property=\"og:locale\" content=\"fr_FR\" \/>\n<meta property=\"og:type\" content=\"article\" \/>\n<meta property=\"og:title\" content=\"EMPEROR&#039;S CHILDREN: C\u00c9NACLE D&#039;EXTALI\u00c9S - Coccigames\" \/>\n<meta property=\"og:description\" content=\"Les Emperor&#039;s Children sont des guerriers d\u00e9bauch\u00e9s et vou\u00e9s au dieu du Chaos Slaanesh. Drap\u00e9s dans leur douce corruption, d\u00e9prav\u00e9s de corps comme d&#039;esprit, ils d\u00e9vastent la galaxie dans des campagnes d&#039;exc\u00e8s sanguinolents et de saturation sensorielle. Les moindres vestiges de leur \u00e2me sont focalis\u00e9s sur la satisfaction de leurs caprices au m\u00e9pris de tout le reste.\" \/>\n<meta property=\"og:url\" content=\"https:\/\/www.coccigames.com\/index.php\/produit\/emperors-children-cenacle-dextalies\/\" \/>\n<meta property=\"og:site_name\" content=\"Coccigames\" \/>\n<meta property=\"article:modified_time\" content=\"2026-04-06T07:25:21+00:00\" \/>\n<meta property=\"og:image\" content=\"https:\/\/www.coccigames.com\/wp-content\/uploads\/2025\/11\/99120102249_EmperorsChildrenBlissboundWarband10.jpg\" \/>\n\t<meta property=\"og:image:width\" content=\"918\" \/>\n\t<meta property=\"og:image:height\" content=\"948\" \/>\n\t<meta property=\"og:image:type\" content=\"image\/jpeg\" \/>\n<meta name=\"twitter:card\" content=\"summary_large_image\" \/>\n<meta name=\"twitter:label1\" content=\"Dur\u00e9e de lecture estim\u00e9e\" \/>\n\t<meta name=\"twitter:data1\" content=\"1 minute\" \/>\n<script type=\"application\/ld+json\" class=\"yoast-schema-graph\">{\"@context\":\"https:\/\/schema.org\",\"@graph\":[{\"@type\":\"WebPage\",\"@id\":\"https:\/\/www.coccigames.com\/index.php\/produit\/emperors-children-cenacle-dextalies\/\",\"url\":\"https:\/\/www.coccigames.com\/index.php\/produit\/emperors-children-cenacle-dextalies\/\",\"name\":\"EMPEROR'S CHILDREN: C\u00c9NACLE D'EXTALI\u00c9S - Coccigames\",\"isPartOf\":{\"@id\":\"https:\/\/www.coccigames.com\/#website\"},\"primaryImageOfPage\":{\"@id\":\"https:\/\/www.coccigames.com\/index.php\/produit\/emperors-children-cenacle-dextalies\/#primaryimage\"},\"image\":{\"@id\":\"https:\/\/www.coccigames.com\/index.php\/produit\/emperors-children-cenacle-dextalies\/#primaryimage\"},\"thumbnailUrl\":\"https:\/\/www.coccigames.com\/wp-content\/uploads\/2025\/11\/99120102249_EmperorsChildrenBlissboundWarband10.jpg\",\"datePublished\":\"2025-11-15T17:04:40+00:00\",\"dateModified\":\"2026-04-06T07:25:21+00:00\",\"breadcrumb\":{\"@id\":\"https:\/\/www.coccigames.com\/index.php\/produit\/emperors-children-cenacle-dextalies\/#breadcrumb\"},\"inLanguage\":\"fr-FR\",\"potentialAction\":[{\"@type\":\"ReadAction\",\"target\":[\"https:\/\/www.coccigames.com\/index.php\/produit\/emperors-children-cenacle-dextalies\/\"]}]},{\"@type\":\"ImageObject\",\"inLanguage\":\"fr-FR\",\"@id\":\"https:\/\/www.coccigames.com\/index.php\/produit\/emperors-children-cenacle-dextalies\/#primaryimage\",\"url\":\"https:\/\/www.coccigames.com\/wp-content\/uploads\/2025\/11\/99120102249_EmperorsChildrenBlissboundWarband10.jpg\",\"contentUrl\":\"https:\/\/www.coccigames.com\/wp-content\/uploads\/2025\/11\/99120102249_EmperorsChildrenBlissboundWarband10.jpg\",\"width\":918,\"height\":948},{\"@type\":\"BreadcrumbList\",\"@id\":\"https:\/\/www.coccigames.com\/index.php\/produit\/emperors-children-cenacle-dextalies\/#breadcrumb\",\"itemListElement\":[{\"@type\":\"ListItem\",\"position\":1,\"name\":\"Accueil\",\"item\":\"https:\/\/www.coccigames.com\/\"},{\"@type\":\"ListItem\",\"position\":2,\"name\":\"Boutique\",\"item\":\"https:\/\/www.coccigames.com\/index.php\/boutique\/\"},{\"@type\":\"ListItem\",\"position\":3,\"name\":\"EMPEROR&rsquo;S CHILDREN: C\u00c9NACLE D&rsquo;EXTALI\u00c9S\"}]},{\"@type\":\"WebSite\",\"@id\":\"https:\/\/www.coccigames.com\/#website\",\"url\":\"https:\/\/www.coccigames.com\/\",\"name\":\"Coccigames - Figurines et Peintures\",\"description\":\"Figurines et Peintures\",\"publisher\":{\"@id\":\"https:\/\/www.coccigames.com\/#organization\"},\"potentialAction\":[{\"@type\":\"SearchAction\",\"target\":{\"@type\":\"EntryPoint\",\"urlTemplate\":\"https:\/\/www.coccigames.com\/?s={search_term_string}\"},\"query-input\":{\"@type\":\"PropertyValueSpecification\",\"valueRequired\":true,\"valueName\":\"search_term_string\"}}],\"inLanguage\":\"fr-FR\"},{\"@type\":\"Organization\",\"@id\":\"https:\/\/www.coccigames.com\/#organization\",\"name\":\"Coccigames\",\"url\":\"https:\/\/www.coccigames.com\/\",\"logo\":{\"@type\":\"ImageObject\",\"inLanguage\":\"fr-FR\",\"@id\":\"https:\/\/www.coccigames.com\/#\/schema\/logo\/image\/\",\"url\":\"https:\/\/www.coccigames.com\/wp-content\/uploads\/2025\/12\/coccigames_logo_v5.png\",\"contentUrl\":\"https:\/\/www.coccigames.com\/wp-content\/uploads\/2025\/12\/coccigames_logo_v5.png\",\"width\":1768,\"height\":424,\"caption\":\"Coccigames\"},\"image\":{\"@id\":\"https:\/\/www.coccigames.com\/#\/schema\/logo\/image\/\"}}]}<\/script>\n<!-- \/ Yoast SEO plugin. -->","yoast_head_json":{"title":"EMPEROR'S CHILDREN: C\u00c9NACLE D'EXTALI\u00c9S - Coccigames","robots":{"index":"index","follow":"follow","max-snippet":"max-snippet:-1","max-image-preview":"max-image-preview:large","max-video-preview":"max-video-preview:-1"},"canonical":"https:\/\/www.coccigames.com\/index.php\/produit\/emperors-children-cenacle-dextalies\/","og_locale":"fr_FR","og_type":"article","og_title":"EMPEROR'S CHILDREN: C\u00c9NACLE D'EXTALI\u00c9S - Coccigames","og_description":"Les Emperor's Children sont des guerriers d\u00e9bauch\u00e9s et vou\u00e9s au dieu du Chaos Slaanesh. Drap\u00e9s dans leur douce corruption, d\u00e9prav\u00e9s de corps comme d'esprit, ils d\u00e9vastent la galaxie dans des campagnes d'exc\u00e8s sanguinolents et de saturation sensorielle. Les moindres vestiges de leur \u00e2me sont focalis\u00e9s sur la satisfaction de leurs caprices au m\u00e9pris de tout le reste.","og_url":"https:\/\/www.coccigames.com\/index.php\/produit\/emperors-children-cenacle-dextalies\/","og_site_name":"Coccigames","article_modified_time":"2026-04-06T07:25:21+00:00","og_image":[{"width":918,"height":948,"url":"https:\/\/www.coccigames.com\/wp-content\/uploads\/2025\/11\/99120102249_EmperorsChildrenBlissboundWarband10.jpg","type":"image\/jpeg"}],"twitter_card":"summary_large_image","twitter_misc":{"Dur\u00e9e de lecture estim\u00e9e":"1 minute"},"schema":{"@context":"https:\/\/schema.org","@graph":[{"@type":"WebPage","@id":"https:\/\/www.coccigames.com\/index.php\/produit\/emperors-children-cenacle-dextalies\/","url":"https:\/\/www.coccigames.com\/index.php\/produit\/emperors-children-cenacle-dextalies\/","name":"EMPEROR'S CHILDREN: C\u00c9NACLE D'EXTALI\u00c9S - Coccigames","isPartOf":{"@id":"https:\/\/www.coccigames.com\/#website"},"primaryImageOfPage":{"@id":"https:\/\/www.coccigames.com\/index.php\/produit\/emperors-children-cenacle-dextalies\/#primaryimage"},"image":{"@id":"https:\/\/www.coccigames.com\/index.php\/produit\/emperors-children-cenacle-dextalies\/#primaryimage"},"thumbnailUrl":"https:\/\/www.coccigames.com\/wp-content\/uploads\/2025\/11\/99120102249_EmperorsChildrenBlissboundWarband10.jpg","datePublished":"2025-11-15T17:04:40+00:00","dateModified":"2026-04-06T07:25:21+00:00","breadcrumb":{"@id":"https:\/\/www.coccigames.com\/index.php\/produit\/emperors-children-cenacle-dextalies\/#breadcrumb"},"inLanguage":"fr-FR","potentialAction":[{"@type":"ReadAction","target":["https:\/\/www.coccigames.com\/index.php\/produit\/emperors-children-cenacle-dextalies\/"]}]},{"@type":"ImageObject","inLanguage":"fr-FR","@id":"https:\/\/www.coccigames.com\/index.php\/produit\/emperors-children-cenacle-dextalies\/#primaryimage","url":"https:\/\/www.coccigames.com\/wp-content\/uploads\/2025\/11\/99120102249_EmperorsChildrenBlissboundWarband10.jpg","contentUrl":"https:\/\/www.coccigames.com\/wp-content\/uploads\/2025\/11\/99120102249_EmperorsChildrenBlissboundWarband10.jpg","width":918,"height":948},{"@type":"BreadcrumbList","@id":"https:\/\/www.coccigames.com\/index.php\/produit\/emperors-children-cenacle-dextalies\/#breadcrumb","itemListElement":[{"@type":"ListItem","position":1,"name":"Accueil","item":"https:\/\/www.coccigames.com\/"},{"@type":"ListItem","position":2,"name":"Boutique","item":"https:\/\/www.coccigames.com\/index.php\/boutique\/"},{"@type":"ListItem","position":3,"name":"EMPEROR&rsquo;S CHILDREN: C\u00c9NACLE D&rsquo;EXTALI\u00c9S"}]},{"@type":"WebSite","@id":"https:\/\/www.coccigames.com\/#website","url":"https:\/\/www.coccigames.com\/","name":"Coccigames - Figurines et Peintures","description":"Figurines et Peintures","publisher":{"@id":"https:\/\/www.coccigames.com\/#organization"},"potentialAction":[{"@type":"SearchAction","target":{"@type":"EntryPoint","urlTemplate":"https:\/\/www.coccigames.com\/?s={search_term_string}"},"query-input":{"@type":"PropertyValueSpecification","valueRequired":true,"valueName":"search_term_string"}}],"inLanguage":"fr-FR"},{"@type":"Organization","@id":"https:\/\/www.coccigames.com\/#organization","name":"Coccigames","url":"https:\/\/www.coccigames.com\/","logo":{"@type":"ImageObject","inLanguage":"fr-FR","@id":"https:\/\/www.coccigames.com\/#\/schema\/logo\/image\/","url":"https:\/\/www.coccigames.com\/wp-content\/uploads\/2025\/12\/coccigames_logo_v5.png","contentUrl":"https:\/\/www.coccigames.com\/wp-content\/uploads\/2025\/12\/coccigames_logo_v5.png","width":1768,"height":424,"caption":"Coccigames"},"image":{"@id":"https:\/\/www.coccigames.com\/#\/schema\/logo\/image\/"}}]}},"_links":{"self":[{"href":"https:\/\/www.coccigames.com\/index.php\/wp-json\/wp\/v2\/product\/4978","targetHints":{"allow":["GET"]}}],"collection":[{"href":"https:\/\/www.coccigames.com\/index.php\/wp-json\/wp\/v2\/product"}],"about":[{"href":"https:\/\/www.coccigames.com\/index.php\/wp-json\/wp\/v2\/types\/product"}],"replies":[{"embeddable":true,"href":"https:\/\/www.coccigames.com\/index.php\/wp-json\/wp\/v2\/comments?post=4978"}],"wp:featuredmedia":[{"embeddable":true,"href":"https:\/\/www.coccigames.com\/index.php\/wp-json\/wp\/v2\/media\/5007"}],"wp:attachment":[{"href":"https:\/\/www.coccigames.com\/index.php\/wp-json\/wp\/v2\/media?parent=4978"}],"wp:term":[{"taxonomy":"product_brand","embeddable":true,"href":"https:\/\/www.coccigames.com\/index.php\/wp-json\/wp\/v2\/product_brand?post=4978"},{"taxonomy":"product_cat","embeddable":true,"href":"https:\/\/www.coccigames.com\/index.php\/wp-json\/wp\/v2\/product_cat?post=4978"},{"taxonomy":"product_tag","embeddable":true,"href":"https:\/\/www.coccigames.com\/index.php\/wp-json\/wp\/v2\/product_tag?post=4978"}],"curies":[{"name":"wp","href":"https:\/\/api.w.org\/{rel}","templated":true}]}}