{"id":4483,"date":"2025-11-12T17:17:42","date_gmt":"2025-11-12T16:17:42","guid":{"rendered":"https:\/\/coccigames.com\/?post_type=product&#038;p=4483"},"modified":"2026-04-09T09:06:30","modified_gmt":"2026-04-09T07:06:30","slug":"blood-bowl-edition-de-la-3e-saison-fra","status":"publish","type":"product","link":"https:\/\/www.coccigames.com\/index.php\/produit\/blood-bowl-edition-de-la-3e-saison-fra\/","title":{"rendered":"BLOOD BOWL: EDITION DE LA 3E SAISON (FRA)"},"content":{"rendered":"<p><strong><i>\u00ab\u00a0Bonne nouvelle, Bob \u2013 une nouvelle saison d\u00e9bute!\u00a0\u00bb<\/i><\/strong><\/p>\n<p>\u00ab\u00a0Je me disais bien que le temps avait chang\u00e9, Jim.\u00a0\u00bb<\/p>\n<p>\u00ab\u00a0Non, Bob! Une nouvelle saison de Blood Bowl!\u00a0\u00bb<\/p>\n<p>Blood Bowl est un jeu de football am\u00e9ricain fantastique qui prend place dans une certaine id\u00e9e du Vieux Monde, o\u00f9 la violence sportive est non seulement tol\u00e9r\u00e9e, mais encourag\u00e9e, car elle constitue un bon moyen de r\u00e9gler \u00ab\u00a0pacifiquement\u00a0\u00bb les conflits. Cette bo\u00eete de base vous met dans la peau d&rsquo;un coach d&rsquo;une \u00e9quipe de Rois des Tombes ou de Bretonniens qui vont s&rsquo;affronter dans de grands stades fantastiques pour la gloire, le profit et le plus grand plaisir des hordes de fans!<\/p>\n<p>Blood Bowl est un jeu qui fait la part belle \u00e0 la tactique, aux probabilit\u00e9s, aux actions risqu\u00e9es et \u00e0 la violence fr\u00e9n\u00e9tique. C&rsquo;est \u00e0 vous de choisir comment diriger votre \u00e9quipe: favoriserez-vous la vitesse et l&rsquo;agilit\u00e9, ou pr\u00e9f\u00e8rerez-vous faire le m\u00e9nage avec de bons gros cogneurs? Le jeu est parfaitement jouable en Ligue au long cours ou pour de simples Matchs Amicaux ponctuels, et il conviendra \u00e0 tous les types de coachs.<\/p>\n<p>Cette bo\u00eete de base contient tout ce dont vous avez besoin pour jouer \u00e0 Blood Bowl: deux \u00e9quipes, un livre de r\u00e8gles, un terrain de jeu double face, des pions, des d\u00e9s et d&rsquo;autres accessoires de jeu. Les Brionne Barons sont une \u00e9quipe de Bretonniens, avec des chevaliers en armure en qu\u00eate de gloire sur les terrains de Blood Bowl. Les Nehekhara Nightmares sont une \u00e9quipe de Rois des Tombes, des guerriers revenus d&rsquo;entre les morts pour montrer aux vivants comment on joue vraiment \u00e0 ce sport. Que vous soyez un nouveau joueur ou un v\u00e9t\u00e9ran de retour apr\u00e8s une longue tr\u00eave sportive, cette bo\u00eete est id\u00e9ale pour vous lancer.<\/p>\n<p><strong>Contient:<\/strong><\/p>\n<p>\u2013 12 joueurs Bretonniens en plastique rouge: 6x Trois-quarts \u00c9cuyers, 2x Receveurs Chevaliers, 2x Lanceurs Chevaliers et 2x Blitzers Chevaliers du Graal, ainsi que des pions, des marqueurs de Relance, et des ballons suppl\u00e9mentaires<\/p>\n<p>\u2013\u00a014 joueurs Rois des Tombes en plastique de couleur os: 2x Blitzers, 2x Lanceurs, 4x Gardiens des Tombes et 6x Trois-quarts Squelettes, ainsi que des pions, des marqueurs de Relance, et des ballons suppl\u00e9mentaires<\/p>\n<p>\u2013 1x exemplaire de <i>Blood Bowl: Le Livre de R\u00e8gles Officiel \u2013 \u00c9dition de la 3e Saison<\/i>, un livre reli\u00e9 de 200 pages qui explique les r\u00e8gles du jeu, comment organiser une Ligue et d\u00e9velopper votre \u00e9quipe, et qui contient les Fiches d&rsquo;\u00c9quipe et les profils de joueurs<\/p>\n<p>\u2013\u00a01x terrain double face pliable: une face repr\u00e9sente un terrain herbeux, et l&rsquo;autre un terrain en astrogranite<\/p>\n<p>\u2013\u00a02x Fosses d&rsquo;\u00e9quipe double face<\/p>\n<p>\u2013\u00a037x Pions de jeu en plastique pour suivre les statuts en cours de partie<\/p>\n<p>\u2013\u00a01x R\u00e8glette de passe en plastique<\/p>\n<p>\u2013\u00a01x Gabarit de d\u00e9viation en plastique<\/p>\n<p>\u2013\u00a01x Gabarit de renvoi en plastique<\/p>\n<p>\u2013 7x d\u00e9s sur le th\u00e8me des Rois des Tombes<\/p>\n<p>\u2013 7x d\u00e9s sur le th\u00e8me des Bretonniens<\/p>\n<p>\u2013 1x Feuille de r\u00e9f\u00e9rence des Bretonniens<\/p>\n<p>\u2013 1x Feuille de r\u00e9f\u00e9rence des Rois des Tombes<\/p>\n<p>\u2013 1x Planche de D\u00e9calcos des Bretonniens pour Blood Bowl, proposant 320 d\u00e9calcos de grande qualit\u00e9<\/p>\n<p>\u2013\u00a01x Planche de D\u00e9calcos des Rois des Tombes pour Blood Bowl, proposant 298 d\u00e9calcos de grande qualit\u00e9<\/p>\n<p>Ce kit est compos\u00e9 de 226 \u00e9l\u00e9ments en plastique et de 26x Socles Ronds Citadel de 32mm.<\/p>\n","protected":false},"excerpt":{"rendered":"<p><img loading=\"lazy\" decoding=\"async\" class=\"alignnone size-medium wp-image-9702\" src=\"https:\/\/www.coccigames.com\/wp-content\/uploads\/2025\/11\/01010999014_FREBloodBowlSeason3CoreGame1-291x300.jpg\" alt=\"\" width=\"291\" height=\"300\" srcset=\"https:\/\/www.coccigames.com\/wp-content\/uploads\/2025\/11\/01010999014_FREBloodBowlSeason3CoreGame1-291x300.jpg 291w, https:\/\/www.coccigames.com\/wp-content\/uploads\/2025\/11\/01010999014_FREBloodBowlSeason3CoreGame1-768x793.jpg 768w, https:\/\/www.coccigames.com\/wp-content\/uploads\/2025\/11\/01010999014_FREBloodBowlSeason3CoreGame1-600x620.jpg 600w, https:\/\/www.coccigames.com\/wp-content\/uploads\/2025\/11\/01010999014_FREBloodBowlSeason3CoreGame1.jpg 918w\" sizes=\"auto, (max-width: 291px) 100vw, 291px\" \/><\/p>\n","protected":false},"featured_media":1086,"comment_status":"open","ping_status":"closed","template":"","meta":[],"product_brand":[23],"product_cat":[412],"product_tag":[210,262,263],"class_list":{"0":"post-4483","1":"product","2":"type-product","3":"status-publish","4":"has-post-thumbnail","6":"product_brand-games-workshop","7":"product_cat-blood-bowl-jeux-games-workshop","8":"product_tag-boite","9":"product_tag-bretonniens","10":"product_tag-rois-des-tombes","12":"first","13":"outofstock","14":"sale","15":"taxable","16":"shipping-taxable","17":"purchasable","18":"product-type-simple"},"yoast_head":"<!-- This site is optimized with the Yoast SEO plugin v26.4 - https:\/\/yoast.com\/wordpress\/plugins\/seo\/ -->\n<title>BLOOD BOWL: EDITION DE LA 3E SAISON (FRA) - Coccigames<\/title>\n<meta name=\"robots\" content=\"index, follow, max-snippet:-1, max-image-preview:large, max-video-preview:-1\" \/>\n<link rel=\"canonical\" href=\"https:\/\/www.coccigames.com\/index.php\/produit\/blood-bowl-edition-de-la-3e-saison-fra\/\" \/>\n<meta property=\"og:locale\" content=\"fr_FR\" \/>\n<meta property=\"og:type\" content=\"article\" \/>\n<meta property=\"og:title\" content=\"BLOOD BOWL: EDITION DE LA 3E SAISON (FRA) - Coccigames\" \/>\n<meta property=\"og:url\" content=\"https:\/\/www.coccigames.com\/index.php\/produit\/blood-bowl-edition-de-la-3e-saison-fra\/\" \/>\n<meta property=\"og:site_name\" content=\"Coccigames\" \/>\n<meta property=\"article:modified_time\" content=\"2026-04-09T07:06:30+00:00\" \/>\n<meta property=\"og:image\" content=\"https:\/\/www.coccigames.com\/wp-content\/uploads\/2025\/11\/https___trade.games-workshop.com_assets_2025_10_01010999014_FREBloodBowlSeason3CoreGameBOX.jpg\" \/>\n\t<meta property=\"og:image:width\" content=\"1840\" \/>\n\t<meta property=\"og:image:height\" content=\"1900\" \/>\n\t<meta property=\"og:image:type\" content=\"image\/jpeg\" \/>\n<meta name=\"twitter:card\" content=\"summary_large_image\" \/>\n<meta name=\"twitter:label1\" content=\"Dur\u00e9e de lecture estim\u00e9e\" \/>\n\t<meta name=\"twitter:data1\" content=\"3 minutes\" \/>\n<script type=\"application\/ld+json\" class=\"yoast-schema-graph\">{\"@context\":\"https:\/\/schema.org\",\"@graph\":[{\"@type\":\"WebPage\",\"@id\":\"https:\/\/www.coccigames.com\/index.php\/produit\/blood-bowl-edition-de-la-3e-saison-fra\/\",\"url\":\"https:\/\/www.coccigames.com\/index.php\/produit\/blood-bowl-edition-de-la-3e-saison-fra\/\",\"name\":\"BLOOD BOWL: EDITION DE LA 3E SAISON (FRA) - Coccigames\",\"isPartOf\":{\"@id\":\"https:\/\/www.coccigames.com\/#website\"},\"primaryImageOfPage\":{\"@id\":\"https:\/\/www.coccigames.com\/index.php\/produit\/blood-bowl-edition-de-la-3e-saison-fra\/#primaryimage\"},\"image\":{\"@id\":\"https:\/\/www.coccigames.com\/index.php\/produit\/blood-bowl-edition-de-la-3e-saison-fra\/#primaryimage\"},\"thumbnailUrl\":\"https:\/\/www.coccigames.com\/wp-content\/uploads\/2025\/11\/https___trade.games-workshop.com_assets_2025_10_01010999014_FREBloodBowlSeason3CoreGameBOX.jpg\",\"datePublished\":\"2025-11-12T16:17:42+00:00\",\"dateModified\":\"2026-04-09T07:06:30+00:00\",\"breadcrumb\":{\"@id\":\"https:\/\/www.coccigames.com\/index.php\/produit\/blood-bowl-edition-de-la-3e-saison-fra\/#breadcrumb\"},\"inLanguage\":\"fr-FR\",\"potentialAction\":[{\"@type\":\"ReadAction\",\"target\":[\"https:\/\/www.coccigames.com\/index.php\/produit\/blood-bowl-edition-de-la-3e-saison-fra\/\"]}]},{\"@type\":\"ImageObject\",\"inLanguage\":\"fr-FR\",\"@id\":\"https:\/\/www.coccigames.com\/index.php\/produit\/blood-bowl-edition-de-la-3e-saison-fra\/#primaryimage\",\"url\":\"https:\/\/www.coccigames.com\/wp-content\/uploads\/2025\/11\/https___trade.games-workshop.com_assets_2025_10_01010999014_FREBloodBowlSeason3CoreGameBOX.jpg\",\"contentUrl\":\"https:\/\/www.coccigames.com\/wp-content\/uploads\/2025\/11\/https___trade.games-workshop.com_assets_2025_10_01010999014_FREBloodBowlSeason3CoreGameBOX.jpg\",\"width\":1840,\"height\":1900},{\"@type\":\"BreadcrumbList\",\"@id\":\"https:\/\/www.coccigames.com\/index.php\/produit\/blood-bowl-edition-de-la-3e-saison-fra\/#breadcrumb\",\"itemListElement\":[{\"@type\":\"ListItem\",\"position\":1,\"name\":\"Accueil\",\"item\":\"https:\/\/www.coccigames.com\/\"},{\"@type\":\"ListItem\",\"position\":2,\"name\":\"Boutique\",\"item\":\"https:\/\/www.coccigames.com\/index.php\/boutique\/\"},{\"@type\":\"ListItem\",\"position\":3,\"name\":\"BLOOD BOWL: EDITION DE LA 3E SAISON (FRA)\"}]},{\"@type\":\"WebSite\",\"@id\":\"https:\/\/www.coccigames.com\/#website\",\"url\":\"https:\/\/www.coccigames.com\/\",\"name\":\"Coccigames - Figurines et Peintures\",\"description\":\"Figurines et Peintures\",\"publisher\":{\"@id\":\"https:\/\/www.coccigames.com\/#organization\"},\"potentialAction\":[{\"@type\":\"SearchAction\",\"target\":{\"@type\":\"EntryPoint\",\"urlTemplate\":\"https:\/\/www.coccigames.com\/?s={search_term_string}\"},\"query-input\":{\"@type\":\"PropertyValueSpecification\",\"valueRequired\":true,\"valueName\":\"search_term_string\"}}],\"inLanguage\":\"fr-FR\"},{\"@type\":\"Organization\",\"@id\":\"https:\/\/www.coccigames.com\/#organization\",\"name\":\"Coccigames\",\"url\":\"https:\/\/www.coccigames.com\/\",\"logo\":{\"@type\":\"ImageObject\",\"inLanguage\":\"fr-FR\",\"@id\":\"https:\/\/www.coccigames.com\/#\/schema\/logo\/image\/\",\"url\":\"https:\/\/www.coccigames.com\/wp-content\/uploads\/2025\/12\/coccigames_logo_v5.png\",\"contentUrl\":\"https:\/\/www.coccigames.com\/wp-content\/uploads\/2025\/12\/coccigames_logo_v5.png\",\"width\":1768,\"height\":424,\"caption\":\"Coccigames\"},\"image\":{\"@id\":\"https:\/\/www.coccigames.com\/#\/schema\/logo\/image\/\"}}]}<\/script>\n<!-- \/ Yoast SEO plugin. -->","yoast_head_json":{"title":"BLOOD BOWL: EDITION DE LA 3E SAISON (FRA) - Coccigames","robots":{"index":"index","follow":"follow","max-snippet":"max-snippet:-1","max-image-preview":"max-image-preview:large","max-video-preview":"max-video-preview:-1"},"canonical":"https:\/\/www.coccigames.com\/index.php\/produit\/blood-bowl-edition-de-la-3e-saison-fra\/","og_locale":"fr_FR","og_type":"article","og_title":"BLOOD BOWL: EDITION DE LA 3E SAISON (FRA) - Coccigames","og_url":"https:\/\/www.coccigames.com\/index.php\/produit\/blood-bowl-edition-de-la-3e-saison-fra\/","og_site_name":"Coccigames","article_modified_time":"2026-04-09T07:06:30+00:00","og_image":[{"width":1840,"height":1900,"url":"https:\/\/www.coccigames.com\/wp-content\/uploads\/2025\/11\/https___trade.games-workshop.com_assets_2025_10_01010999014_FREBloodBowlSeason3CoreGameBOX.jpg","type":"image\/jpeg"}],"twitter_card":"summary_large_image","twitter_misc":{"Dur\u00e9e de lecture estim\u00e9e":"3 minutes"},"schema":{"@context":"https:\/\/schema.org","@graph":[{"@type":"WebPage","@id":"https:\/\/www.coccigames.com\/index.php\/produit\/blood-bowl-edition-de-la-3e-saison-fra\/","url":"https:\/\/www.coccigames.com\/index.php\/produit\/blood-bowl-edition-de-la-3e-saison-fra\/","name":"BLOOD BOWL: EDITION DE LA 3E SAISON (FRA) - Coccigames","isPartOf":{"@id":"https:\/\/www.coccigames.com\/#website"},"primaryImageOfPage":{"@id":"https:\/\/www.coccigames.com\/index.php\/produit\/blood-bowl-edition-de-la-3e-saison-fra\/#primaryimage"},"image":{"@id":"https:\/\/www.coccigames.com\/index.php\/produit\/blood-bowl-edition-de-la-3e-saison-fra\/#primaryimage"},"thumbnailUrl":"https:\/\/www.coccigames.com\/wp-content\/uploads\/2025\/11\/https___trade.games-workshop.com_assets_2025_10_01010999014_FREBloodBowlSeason3CoreGameBOX.jpg","datePublished":"2025-11-12T16:17:42+00:00","dateModified":"2026-04-09T07:06:30+00:00","breadcrumb":{"@id":"https:\/\/www.coccigames.com\/index.php\/produit\/blood-bowl-edition-de-la-3e-saison-fra\/#breadcrumb"},"inLanguage":"fr-FR","potentialAction":[{"@type":"ReadAction","target":["https:\/\/www.coccigames.com\/index.php\/produit\/blood-bowl-edition-de-la-3e-saison-fra\/"]}]},{"@type":"ImageObject","inLanguage":"fr-FR","@id":"https:\/\/www.coccigames.com\/index.php\/produit\/blood-bowl-edition-de-la-3e-saison-fra\/#primaryimage","url":"https:\/\/www.coccigames.com\/wp-content\/uploads\/2025\/11\/https___trade.games-workshop.com_assets_2025_10_01010999014_FREBloodBowlSeason3CoreGameBOX.jpg","contentUrl":"https:\/\/www.coccigames.com\/wp-content\/uploads\/2025\/11\/https___trade.games-workshop.com_assets_2025_10_01010999014_FREBloodBowlSeason3CoreGameBOX.jpg","width":1840,"height":1900},{"@type":"BreadcrumbList","@id":"https:\/\/www.coccigames.com\/index.php\/produit\/blood-bowl-edition-de-la-3e-saison-fra\/#breadcrumb","itemListElement":[{"@type":"ListItem","position":1,"name":"Accueil","item":"https:\/\/www.coccigames.com\/"},{"@type":"ListItem","position":2,"name":"Boutique","item":"https:\/\/www.coccigames.com\/index.php\/boutique\/"},{"@type":"ListItem","position":3,"name":"BLOOD BOWL: EDITION DE LA 3E SAISON (FRA)"}]},{"@type":"WebSite","@id":"https:\/\/www.coccigames.com\/#website","url":"https:\/\/www.coccigames.com\/","name":"Coccigames - Figurines et Peintures","description":"Figurines et Peintures","publisher":{"@id":"https:\/\/www.coccigames.com\/#organization"},"potentialAction":[{"@type":"SearchAction","target":{"@type":"EntryPoint","urlTemplate":"https:\/\/www.coccigames.com\/?s={search_term_string}"},"query-input":{"@type":"PropertyValueSpecification","valueRequired":true,"valueName":"search_term_string"}}],"inLanguage":"fr-FR"},{"@type":"Organization","@id":"https:\/\/www.coccigames.com\/#organization","name":"Coccigames","url":"https:\/\/www.coccigames.com\/","logo":{"@type":"ImageObject","inLanguage":"fr-FR","@id":"https:\/\/www.coccigames.com\/#\/schema\/logo\/image\/","url":"https:\/\/www.coccigames.com\/wp-content\/uploads\/2025\/12\/coccigames_logo_v5.png","contentUrl":"https:\/\/www.coccigames.com\/wp-content\/uploads\/2025\/12\/coccigames_logo_v5.png","width":1768,"height":424,"caption":"Coccigames"},"image":{"@id":"https:\/\/www.coccigames.com\/#\/schema\/logo\/image\/"}}]}},"_links":{"self":[{"href":"https:\/\/www.coccigames.com\/index.php\/wp-json\/wp\/v2\/product\/4483","targetHints":{"allow":["GET"]}}],"collection":[{"href":"https:\/\/www.coccigames.com\/index.php\/wp-json\/wp\/v2\/product"}],"about":[{"href":"https:\/\/www.coccigames.com\/index.php\/wp-json\/wp\/v2\/types\/product"}],"replies":[{"embeddable":true,"href":"https:\/\/www.coccigames.com\/index.php\/wp-json\/wp\/v2\/comments?post=4483"}],"wp:featuredmedia":[{"embeddable":true,"href":"https:\/\/www.coccigames.com\/index.php\/wp-json\/wp\/v2\/media\/1086"}],"wp:attachment":[{"href":"https:\/\/www.coccigames.com\/index.php\/wp-json\/wp\/v2\/media?parent=4483"}],"wp:term":[{"taxonomy":"product_brand","embeddable":true,"href":"https:\/\/www.coccigames.com\/index.php\/wp-json\/wp\/v2\/product_brand?post=4483"},{"taxonomy":"product_cat","embeddable":true,"href":"https:\/\/www.coccigames.com\/index.php\/wp-json\/wp\/v2\/product_cat?post=4483"},{"taxonomy":"product_tag","embeddable":true,"href":"https:\/\/www.coccigames.com\/index.php\/wp-json\/wp\/v2\/product_tag?post=4483"}],"curies":[{"name":"wp","href":"https:\/\/api.w.org\/{rel}","templated":true}]}}