{"id":4269,"date":"2025-11-12T17:16:22","date_gmt":"2025-11-12T16:16:22","guid":{"rendered":"https:\/\/coccigames.com\/?post_type=product&#038;p=4269"},"modified":"2026-04-06T09:24:37","modified_gmt":"2026-04-06T07:24:37","slug":"patrouille-death-guard","status":"publish","type":"product","link":"https:\/\/www.coccigames.com\/index.php\/produit\/patrouille-death-guard\/","title":{"rendered":"PATROUILLE: DEATH GUARD"},"content":{"rendered":"<p>Sholgor le Putride est un Seigneur de la Virulence qui m\u00e8ne sa bande titubante de la Death Guard au combat, entour\u00e9 par une garde de Terminators du Linceul qui avancent implacablement pendant que ses Marines de la Peste boursoufl\u00e9s lib\u00e8rent des gr\u00eales de tirs, soutenus par leur Rhino corrompu. Pendant ce temps, Septimol Fulg, l&rsquo;Intendant, tient le compte de leur moisson.  Cette bo\u00eete contient 13 figurines en plastique qui repr\u00e9sentent une force compl\u00e8te des Chevaliers Vers pour les parties de Patrouille \u00e0 Warhammer 40,000. C&rsquo;est une mani\u00e8re id\u00e9ale d&rsquo;entamer une arm\u00e9e de la Death Guard ou d&rsquo;\u00e9toffer une collection existante, et de faire des \u00e9conomies par rapport \u00e0 un achat des kits au d\u00e9tail.  Les Marines de la Peste peuvent \u00eatre \u00e9quip\u00e9s d&rsquo;une grande vari\u00e9t\u00e9 d&rsquo;armes: des bolters, des haches buboniques, un lance-peste, un fusil \u00e0 plasma, un fuseur, un rote-peste, un gerbe-peste, une masse de contagion, un grand hachoir de la peste, un fl\u00e9au de la peste, un pistolet \u00e0 plasma ou un pistolet bolter. Vous pouvez aussi assembler une ic\u00f4ne du d\u00e9sespoir, un Champion de la Peste optionnel, ainsi que des t\u00eates diff\u00e9rentes pour personnaliser votre escouade.  Le Rhino du Chaos peut \u00eatre arm\u00e9 soit d&rsquo;un combi-bolter soit d&rsquo;une arme combin\u00e9e sur pivot, et peut \u00eatre \u00e9quip\u00e9 par ailleurs d&rsquo;un lanceur Havoc. Vous trouverez aussi plein d&rsquo;options d\u00e9coratives sur le th\u00e8me du Chaos, afin de rendre votre transport aussi pointu que d\u00e9sir\u00e9.  Ce kit contient les figurines en plastique suivantes: \u2013 1x Seigneur de la Virulence \u2013 1x Intendant \u2013 1x Rhino du Chaos \u2013 3x Terminators du Linceul \u2013 7x Marines de la Peste<\/p>\n","protected":false},"excerpt":{"rendered":"<p>Des Space Marines corrompus qui v\u00e9n\u00e8rent Nurgle, le Dieu du Chaos de la maladie et du d\u00e9sespoir <\/p>\n","protected":false},"featured_media":815,"comment_status":"open","ping_status":"closed","template":"","meta":[],"product_brand":[23],"product_cat":[289],"product_tag":[55,57],"class_list":{"0":"post-4269","1":"product","2":"type-product","3":"status-publish","4":"has-post-thumbnail","6":"product_brand-games-workshop","7":"product_cat-death-guard","8":"product_tag-chaos-space-marines","9":"product_tag-death-guard","11":"first","12":"instock","13":"sale","14":"taxable","15":"shipping-taxable","16":"purchasable","17":"product-type-simple"},"yoast_head":"<!-- This site is optimized with the Yoast SEO plugin v26.4 - https:\/\/yoast.com\/wordpress\/plugins\/seo\/ -->\n<title>PATROUILLE: DEATH GUARD - Coccigames<\/title>\n<meta name=\"robots\" content=\"index, follow, max-snippet:-1, max-image-preview:large, max-video-preview:-1\" \/>\n<link rel=\"canonical\" href=\"https:\/\/www.coccigames.com\/index.php\/produit\/patrouille-death-guard\/\" \/>\n<meta property=\"og:locale\" content=\"fr_FR\" \/>\n<meta property=\"og:type\" content=\"article\" \/>\n<meta property=\"og:title\" content=\"PATROUILLE: DEATH GUARD - Coccigames\" \/>\n<meta property=\"og:description\" content=\"Des Space Marines corrompus qui v\u00e9n\u00e8rent Nurgle, le Dieu du Chaos de la maladie et du d\u00e9sespoir\" \/>\n<meta property=\"og:url\" content=\"https:\/\/www.coccigames.com\/index.php\/produit\/patrouille-death-guard\/\" \/>\n<meta property=\"og:site_name\" content=\"Coccigames\" \/>\n<meta property=\"article:modified_time\" content=\"2026-04-06T07:24:37+00:00\" \/>\n<meta property=\"og:image\" content=\"https:\/\/www.coccigames.com\/wp-content\/uploads\/2025\/10\/https___trade.games-workshop.com_assets_2025_09_99120105136_DeathKorpsofKriegCombatPatrolStock.jpg\" \/>\n\t<meta property=\"og:image:width\" content=\"992\" \/>\n\t<meta property=\"og:image:height\" content=\"1024\" \/>\n\t<meta property=\"og:image:type\" content=\"image\/jpeg\" \/>\n<meta name=\"twitter:card\" content=\"summary_large_image\" \/>\n<meta name=\"twitter:label1\" content=\"Dur\u00e9e de lecture estim\u00e9e\" \/>\n\t<meta name=\"twitter:data1\" content=\"1 minute\" \/>\n<script type=\"application\/ld+json\" class=\"yoast-schema-graph\">{\"@context\":\"https:\/\/schema.org\",\"@graph\":[{\"@type\":\"WebPage\",\"@id\":\"https:\/\/www.coccigames.com\/index.php\/produit\/patrouille-death-guard\/\",\"url\":\"https:\/\/www.coccigames.com\/index.php\/produit\/patrouille-death-guard\/\",\"name\":\"PATROUILLE: DEATH GUARD - Coccigames\",\"isPartOf\":{\"@id\":\"https:\/\/www.coccigames.com\/#website\"},\"primaryImageOfPage\":{\"@id\":\"https:\/\/www.coccigames.com\/index.php\/produit\/patrouille-death-guard\/#primaryimage\"},\"image\":{\"@id\":\"https:\/\/www.coccigames.com\/index.php\/produit\/patrouille-death-guard\/#primaryimage\"},\"thumbnailUrl\":\"https:\/\/www.coccigames.com\/wp-content\/uploads\/2025\/10\/https___trade.games-workshop.com_assets_2025_09_99120105136_DeathKorpsofKriegCombatPatrolStock.jpg\",\"datePublished\":\"2025-11-12T16:16:22+00:00\",\"dateModified\":\"2026-04-06T07:24:37+00:00\",\"breadcrumb\":{\"@id\":\"https:\/\/www.coccigames.com\/index.php\/produit\/patrouille-death-guard\/#breadcrumb\"},\"inLanguage\":\"fr-FR\",\"potentialAction\":[{\"@type\":\"ReadAction\",\"target\":[\"https:\/\/www.coccigames.com\/index.php\/produit\/patrouille-death-guard\/\"]}]},{\"@type\":\"ImageObject\",\"inLanguage\":\"fr-FR\",\"@id\":\"https:\/\/www.coccigames.com\/index.php\/produit\/patrouille-death-guard\/#primaryimage\",\"url\":\"https:\/\/www.coccigames.com\/wp-content\/uploads\/2025\/10\/https___trade.games-workshop.com_assets_2025_09_99120105136_DeathKorpsofKriegCombatPatrolStock.jpg\",\"contentUrl\":\"https:\/\/www.coccigames.com\/wp-content\/uploads\/2025\/10\/https___trade.games-workshop.com_assets_2025_09_99120105136_DeathKorpsofKriegCombatPatrolStock.jpg\",\"width\":1840,\"height\":1900},{\"@type\":\"BreadcrumbList\",\"@id\":\"https:\/\/www.coccigames.com\/index.php\/produit\/patrouille-death-guard\/#breadcrumb\",\"itemListElement\":[{\"@type\":\"ListItem\",\"position\":1,\"name\":\"Accueil\",\"item\":\"https:\/\/www.coccigames.com\/\"},{\"@type\":\"ListItem\",\"position\":2,\"name\":\"Boutique\",\"item\":\"https:\/\/www.coccigames.com\/index.php\/boutique\/\"},{\"@type\":\"ListItem\",\"position\":3,\"name\":\"PATROUILLE: DEATH GUARD\"}]},{\"@type\":\"WebSite\",\"@id\":\"https:\/\/www.coccigames.com\/#website\",\"url\":\"https:\/\/www.coccigames.com\/\",\"name\":\"Coccigames - Figurines et Peintures\",\"description\":\"Figurines et Peintures\",\"publisher\":{\"@id\":\"https:\/\/www.coccigames.com\/#organization\"},\"potentialAction\":[{\"@type\":\"SearchAction\",\"target\":{\"@type\":\"EntryPoint\",\"urlTemplate\":\"https:\/\/www.coccigames.com\/?s={search_term_string}\"},\"query-input\":{\"@type\":\"PropertyValueSpecification\",\"valueRequired\":true,\"valueName\":\"search_term_string\"}}],\"inLanguage\":\"fr-FR\"},{\"@type\":\"Organization\",\"@id\":\"https:\/\/www.coccigames.com\/#organization\",\"name\":\"Coccigames\",\"url\":\"https:\/\/www.coccigames.com\/\",\"logo\":{\"@type\":\"ImageObject\",\"inLanguage\":\"fr-FR\",\"@id\":\"https:\/\/www.coccigames.com\/#\/schema\/logo\/image\/\",\"url\":\"https:\/\/www.coccigames.com\/wp-content\/uploads\/2025\/12\/coccigames_logo_v5.png\",\"contentUrl\":\"https:\/\/www.coccigames.com\/wp-content\/uploads\/2025\/12\/coccigames_logo_v5.png\",\"width\":1768,\"height\":424,\"caption\":\"Coccigames\"},\"image\":{\"@id\":\"https:\/\/www.coccigames.com\/#\/schema\/logo\/image\/\"}}]}<\/script>\n<!-- \/ Yoast SEO plugin. -->","yoast_head_json":{"title":"PATROUILLE: DEATH GUARD - Coccigames","robots":{"index":"index","follow":"follow","max-snippet":"max-snippet:-1","max-image-preview":"max-image-preview:large","max-video-preview":"max-video-preview:-1"},"canonical":"https:\/\/www.coccigames.com\/index.php\/produit\/patrouille-death-guard\/","og_locale":"fr_FR","og_type":"article","og_title":"PATROUILLE: DEATH GUARD - Coccigames","og_description":"Des Space Marines corrompus qui v\u00e9n\u00e8rent Nurgle, le Dieu du Chaos de la maladie et du d\u00e9sespoir","og_url":"https:\/\/www.coccigames.com\/index.php\/produit\/patrouille-death-guard\/","og_site_name":"Coccigames","article_modified_time":"2026-04-06T07:24:37+00:00","og_image":[{"url":"https:\/\/www.coccigames.com\/wp-content\/uploads\/2025\/10\/https___trade.games-workshop.com_assets_2025_09_99120105136_DeathKorpsofKriegCombatPatrolStock.jpg","width":992,"height":1024,"type":"image\/jpeg"}],"twitter_card":"summary_large_image","twitter_misc":{"Dur\u00e9e de lecture estim\u00e9e":"1 minute"},"schema":{"@context":"https:\/\/schema.org","@graph":[{"@type":"WebPage","@id":"https:\/\/www.coccigames.com\/index.php\/produit\/patrouille-death-guard\/","url":"https:\/\/www.coccigames.com\/index.php\/produit\/patrouille-death-guard\/","name":"PATROUILLE: DEATH GUARD - Coccigames","isPartOf":{"@id":"https:\/\/www.coccigames.com\/#website"},"primaryImageOfPage":{"@id":"https:\/\/www.coccigames.com\/index.php\/produit\/patrouille-death-guard\/#primaryimage"},"image":{"@id":"https:\/\/www.coccigames.com\/index.php\/produit\/patrouille-death-guard\/#primaryimage"},"thumbnailUrl":"https:\/\/www.coccigames.com\/wp-content\/uploads\/2025\/10\/https___trade.games-workshop.com_assets_2025_09_99120105136_DeathKorpsofKriegCombatPatrolStock.jpg","datePublished":"2025-11-12T16:16:22+00:00","dateModified":"2026-04-06T07:24:37+00:00","breadcrumb":{"@id":"https:\/\/www.coccigames.com\/index.php\/produit\/patrouille-death-guard\/#breadcrumb"},"inLanguage":"fr-FR","potentialAction":[{"@type":"ReadAction","target":["https:\/\/www.coccigames.com\/index.php\/produit\/patrouille-death-guard\/"]}]},{"@type":"ImageObject","inLanguage":"fr-FR","@id":"https:\/\/www.coccigames.com\/index.php\/produit\/patrouille-death-guard\/#primaryimage","url":"https:\/\/www.coccigames.com\/wp-content\/uploads\/2025\/10\/https___trade.games-workshop.com_assets_2025_09_99120105136_DeathKorpsofKriegCombatPatrolStock.jpg","contentUrl":"https:\/\/www.coccigames.com\/wp-content\/uploads\/2025\/10\/https___trade.games-workshop.com_assets_2025_09_99120105136_DeathKorpsofKriegCombatPatrolStock.jpg","width":1840,"height":1900},{"@type":"BreadcrumbList","@id":"https:\/\/www.coccigames.com\/index.php\/produit\/patrouille-death-guard\/#breadcrumb","itemListElement":[{"@type":"ListItem","position":1,"name":"Accueil","item":"https:\/\/www.coccigames.com\/"},{"@type":"ListItem","position":2,"name":"Boutique","item":"https:\/\/www.coccigames.com\/index.php\/boutique\/"},{"@type":"ListItem","position":3,"name":"PATROUILLE: DEATH GUARD"}]},{"@type":"WebSite","@id":"https:\/\/www.coccigames.com\/#website","url":"https:\/\/www.coccigames.com\/","name":"Coccigames - Figurines et Peintures","description":"Figurines et Peintures","publisher":{"@id":"https:\/\/www.coccigames.com\/#organization"},"potentialAction":[{"@type":"SearchAction","target":{"@type":"EntryPoint","urlTemplate":"https:\/\/www.coccigames.com\/?s={search_term_string}"},"query-input":{"@type":"PropertyValueSpecification","valueRequired":true,"valueName":"search_term_string"}}],"inLanguage":"fr-FR"},{"@type":"Organization","@id":"https:\/\/www.coccigames.com\/#organization","name":"Coccigames","url":"https:\/\/www.coccigames.com\/","logo":{"@type":"ImageObject","inLanguage":"fr-FR","@id":"https:\/\/www.coccigames.com\/#\/schema\/logo\/image\/","url":"https:\/\/www.coccigames.com\/wp-content\/uploads\/2025\/12\/coccigames_logo_v5.png","contentUrl":"https:\/\/www.coccigames.com\/wp-content\/uploads\/2025\/12\/coccigames_logo_v5.png","width":1768,"height":424,"caption":"Coccigames"},"image":{"@id":"https:\/\/www.coccigames.com\/#\/schema\/logo\/image\/"}}]}},"_links":{"self":[{"href":"https:\/\/www.coccigames.com\/index.php\/wp-json\/wp\/v2\/product\/4269","targetHints":{"allow":["GET"]}}],"collection":[{"href":"https:\/\/www.coccigames.com\/index.php\/wp-json\/wp\/v2\/product"}],"about":[{"href":"https:\/\/www.coccigames.com\/index.php\/wp-json\/wp\/v2\/types\/product"}],"replies":[{"embeddable":true,"href":"https:\/\/www.coccigames.com\/index.php\/wp-json\/wp\/v2\/comments?post=4269"}],"wp:featuredmedia":[{"embeddable":true,"href":"https:\/\/www.coccigames.com\/index.php\/wp-json\/wp\/v2\/media\/815"}],"wp:attachment":[{"href":"https:\/\/www.coccigames.com\/index.php\/wp-json\/wp\/v2\/media?parent=4269"}],"wp:term":[{"taxonomy":"product_brand","embeddable":true,"href":"https:\/\/www.coccigames.com\/index.php\/wp-json\/wp\/v2\/product_brand?post=4269"},{"taxonomy":"product_cat","embeddable":true,"href":"https:\/\/www.coccigames.com\/index.php\/wp-json\/wp\/v2\/product_cat?post=4269"},{"taxonomy":"product_tag","embeddable":true,"href":"https:\/\/www.coccigames.com\/index.php\/wp-json\/wp\/v2\/product_tag?post=4269"}],"curies":[{"name":"wp","href":"https:\/\/api.w.org\/{rel}","templated":true}]}}