{"id":4147,"date":"2025-11-12T17:09:07","date_gmt":"2025-11-12T16:09:07","guid":{"rendered":"https:\/\/coccigames.com\/?post_type=product&#038;p=4147"},"modified":"2026-04-06T09:24:29","modified_gmt":"2026-04-06T07:24:29","slug":"killzone-monde-necropole","status":"publish","type":"product","link":"https:\/\/www.coccigames.com\/index.php\/produit\/killzone-monde-necropole\/","title":{"rendered":"KILLZONE: MONDE-NECROPOLE"},"content":{"rendered":"<p>Les mondes-n\u00e9cropoles des N\u00e9crons sont des mausol\u00e9es \u00e9ternels int\u00e9grant une \u00e9trange machinerie x\u00e9no. Dans le d\u00e9dale de leurs couloirs, on trouve des plateformes de t\u00e9l\u00e9portation, des Guerriers N\u00e9crons d\u00e9sactiv\u00e9s, et un grand nombre de sarcophages o\u00f9 dorment les N\u00e9crons et leurs constructions anim\u00e9es.<\/p>\n<p>Ce kit en plastique permet d&rsquo;assembler 25 \u00e9l\u00e9ments de terrain modulaire \u00e0 utiliser dans vos parties de Kill Team. Ils ont \u00e9t\u00e9 con\u00e7us pour pouvoir s&rsquo;agencer selon une vari\u00e9t\u00e9 invraisemblable de configurations. Ensemble, ils repr\u00e9sentent les entrailles noueuses d&rsquo;un monde-n\u00e9cropole n\u00e9cron \u2013\u00a0id\u00e9ales pour disputer des parties de Kill Team pleines d&rsquo;engagements rapproch\u00e9s. Vous trouverez aussi un plateau de jeu double face mesurant 606mm x 703mm, les dimensions standards pour une partie de Kill Team.<\/p>\n<p><strong>Contient:<\/strong><\/p>\n<p>\u2013\u00a01x plateau de jeu double face de Monde-N\u00e9cropole<\/p>\n<p>\u2013 2x Murs courts avec \u00e9coutille et piliers<\/p>\n<p>\u2013 2x Murs longs avec \u00e9coutille et piliers<\/p>\n<p>\u2013 2x Murs longs avec \u00e9coutille<\/p>\n<p>\u2013 2x Murs longs avec br\u00e8che<\/p>\n<p>\u2013 2x Murs courts avec br\u00e8che<\/p>\n<p>\u2013 2x Murs courts<\/p>\n<p>\u2013 2x Murs courts avec piliers<\/p>\n<p>\u2013 2x Murs longs avec piliers<\/p>\n<p>\u2013 16x Piliers<\/p>\n<p>\u2013 2x Extr\u00e9mit\u00e9s de mur<\/p>\n<p>\u2013 1x Sarcophage<\/p>\n<p>\u2013 2x Plateformes de t\u00e9l\u00e9portation<\/p>\n<p>\u2013 4x D\u00e9bris<\/p>\n<p>Ce kit est compos\u00e9 de 74 \u00e9l\u00e9ments en plastique. Ces \u00e9l\u00e9ments de terrain sont fournis non peints et n\u00e9cessitent assemblage \u2013 nous recommandons d&#8217;employer la Colle Plastique Citadel et la peinture Citadel Colour.<\/p>\n","protected":false},"excerpt":{"rendered":"<p>Des escarmouches tactiques pleines d&rsquo;action, au 41e Mill\u00e9naire d\u00e9chir\u00e9 par la guerre. <\/p>\n","protected":false},"featured_media":4148,"comment_status":"open","ping_status":"closed","template":"","meta":[],"product_brand":[23],"product_cat":[418,391],"product_tag":[154,42],"class_list":{"0":"post-4147","1":"product","2":"type-product","3":"status-publish","4":"has-post-thumbnail","6":"product_brand-games-workshop","7":"product_cat-kill-team-jeux-games-workshop","8":"product_cat-sci-fi","9":"product_tag-decor","10":"product_tag-necron","12":"first","13":"instock","14":"sale","15":"taxable","16":"shipping-taxable","17":"purchasable","18":"product-type-simple"},"yoast_head":"<!-- This site is optimized with the Yoast SEO plugin v26.4 - https:\/\/yoast.com\/wordpress\/plugins\/seo\/ -->\n<title>KILLZONE: MONDE-NECROPOLE - Coccigames<\/title>\n<meta name=\"robots\" content=\"index, follow, max-snippet:-1, max-image-preview:large, max-video-preview:-1\" \/>\n<link rel=\"canonical\" href=\"https:\/\/www.coccigames.com\/index.php\/produit\/killzone-monde-necropole\/\" \/>\n<meta property=\"og:locale\" content=\"fr_FR\" \/>\n<meta property=\"og:type\" content=\"article\" \/>\n<meta property=\"og:title\" content=\"KILLZONE: MONDE-NECROPOLE - Coccigames\" \/>\n<meta property=\"og:description\" content=\"Des escarmouches tactiques pleines d&#039;action, au 41e Mill\u00e9naire d\u00e9chir\u00e9 par la guerre.\" \/>\n<meta property=\"og:url\" content=\"https:\/\/www.coccigames.com\/index.php\/produit\/killzone-monde-necropole\/\" \/>\n<meta property=\"og:site_name\" content=\"Coccigames\" \/>\n<meta property=\"article:modified_time\" content=\"2026-04-06T07:24:29+00:00\" \/>\n<meta property=\"og:image\" content=\"https:\/\/www.coccigames.com\/wp-content\/uploads\/2025\/11\/https___trade.games-workshop.com_assets_2025_11_99120199136_KTKillZoneNecronTombWorld12__2.jpg\" \/>\n\t<meta property=\"og:image:width\" content=\"1840\" \/>\n\t<meta property=\"og:image:height\" content=\"1900\" \/>\n\t<meta property=\"og:image:type\" content=\"image\/jpeg\" \/>\n<meta name=\"twitter:card\" content=\"summary_large_image\" \/>\n<meta name=\"twitter:label1\" content=\"Dur\u00e9e de lecture estim\u00e9e\" \/>\n\t<meta name=\"twitter:data1\" content=\"2 minutes\" \/>\n<script type=\"application\/ld+json\" class=\"yoast-schema-graph\">{\"@context\":\"https:\/\/schema.org\",\"@graph\":[{\"@type\":\"WebPage\",\"@id\":\"https:\/\/www.coccigames.com\/index.php\/produit\/killzone-monde-necropole\/\",\"url\":\"https:\/\/www.coccigames.com\/index.php\/produit\/killzone-monde-necropole\/\",\"name\":\"KILLZONE: MONDE-NECROPOLE - Coccigames\",\"isPartOf\":{\"@id\":\"https:\/\/www.coccigames.com\/#website\"},\"primaryImageOfPage\":{\"@id\":\"https:\/\/www.coccigames.com\/index.php\/produit\/killzone-monde-necropole\/#primaryimage\"},\"image\":{\"@id\":\"https:\/\/www.coccigames.com\/index.php\/produit\/killzone-monde-necropole\/#primaryimage\"},\"thumbnailUrl\":\"https:\/\/www.coccigames.com\/wp-content\/uploads\/2025\/11\/https___trade.games-workshop.com_assets_2025_11_99120199136_KTKillZoneNecronTombWorld12__2.jpg\",\"datePublished\":\"2025-11-12T16:09:07+00:00\",\"dateModified\":\"2026-04-06T07:24:29+00:00\",\"breadcrumb\":{\"@id\":\"https:\/\/www.coccigames.com\/index.php\/produit\/killzone-monde-necropole\/#breadcrumb\"},\"inLanguage\":\"fr-FR\",\"potentialAction\":[{\"@type\":\"ReadAction\",\"target\":[\"https:\/\/www.coccigames.com\/index.php\/produit\/killzone-monde-necropole\/\"]}]},{\"@type\":\"ImageObject\",\"inLanguage\":\"fr-FR\",\"@id\":\"https:\/\/www.coccigames.com\/index.php\/produit\/killzone-monde-necropole\/#primaryimage\",\"url\":\"https:\/\/www.coccigames.com\/wp-content\/uploads\/2025\/11\/https___trade.games-workshop.com_assets_2025_11_99120199136_KTKillZoneNecronTombWorld12__2.jpg\",\"contentUrl\":\"https:\/\/www.coccigames.com\/wp-content\/uploads\/2025\/11\/https___trade.games-workshop.com_assets_2025_11_99120199136_KTKillZoneNecronTombWorld12__2.jpg\",\"width\":1840,\"height\":1900},{\"@type\":\"BreadcrumbList\",\"@id\":\"https:\/\/www.coccigames.com\/index.php\/produit\/killzone-monde-necropole\/#breadcrumb\",\"itemListElement\":[{\"@type\":\"ListItem\",\"position\":1,\"name\":\"Accueil\",\"item\":\"https:\/\/www.coccigames.com\/\"},{\"@type\":\"ListItem\",\"position\":2,\"name\":\"Boutique\",\"item\":\"https:\/\/www.coccigames.com\/index.php\/boutique\/\"},{\"@type\":\"ListItem\",\"position\":3,\"name\":\"KILLZONE: MONDE-NECROPOLE\"}]},{\"@type\":\"WebSite\",\"@id\":\"https:\/\/www.coccigames.com\/#website\",\"url\":\"https:\/\/www.coccigames.com\/\",\"name\":\"Coccigames - Figurines et Peintures\",\"description\":\"Figurines et Peintures\",\"publisher\":{\"@id\":\"https:\/\/www.coccigames.com\/#organization\"},\"potentialAction\":[{\"@type\":\"SearchAction\",\"target\":{\"@type\":\"EntryPoint\",\"urlTemplate\":\"https:\/\/www.coccigames.com\/?s={search_term_string}\"},\"query-input\":{\"@type\":\"PropertyValueSpecification\",\"valueRequired\":true,\"valueName\":\"search_term_string\"}}],\"inLanguage\":\"fr-FR\"},{\"@type\":\"Organization\",\"@id\":\"https:\/\/www.coccigames.com\/#organization\",\"name\":\"Coccigames\",\"url\":\"https:\/\/www.coccigames.com\/\",\"logo\":{\"@type\":\"ImageObject\",\"inLanguage\":\"fr-FR\",\"@id\":\"https:\/\/www.coccigames.com\/#\/schema\/logo\/image\/\",\"url\":\"https:\/\/www.coccigames.com\/wp-content\/uploads\/2025\/12\/coccigames_logo_v5.png\",\"contentUrl\":\"https:\/\/www.coccigames.com\/wp-content\/uploads\/2025\/12\/coccigames_logo_v5.png\",\"width\":1768,\"height\":424,\"caption\":\"Coccigames\"},\"image\":{\"@id\":\"https:\/\/www.coccigames.com\/#\/schema\/logo\/image\/\"}}]}<\/script>\n<!-- \/ Yoast SEO plugin. -->","yoast_head_json":{"title":"KILLZONE: MONDE-NECROPOLE - Coccigames","robots":{"index":"index","follow":"follow","max-snippet":"max-snippet:-1","max-image-preview":"max-image-preview:large","max-video-preview":"max-video-preview:-1"},"canonical":"https:\/\/www.coccigames.com\/index.php\/produit\/killzone-monde-necropole\/","og_locale":"fr_FR","og_type":"article","og_title":"KILLZONE: MONDE-NECROPOLE - Coccigames","og_description":"Des escarmouches tactiques pleines d'action, au 41e Mill\u00e9naire d\u00e9chir\u00e9 par la guerre.","og_url":"https:\/\/www.coccigames.com\/index.php\/produit\/killzone-monde-necropole\/","og_site_name":"Coccigames","article_modified_time":"2026-04-06T07:24:29+00:00","og_image":[{"width":1840,"height":1900,"url":"https:\/\/www.coccigames.com\/wp-content\/uploads\/2025\/11\/https___trade.games-workshop.com_assets_2025_11_99120199136_KTKillZoneNecronTombWorld12__2.jpg","type":"image\/jpeg"}],"twitter_card":"summary_large_image","twitter_misc":{"Dur\u00e9e de lecture estim\u00e9e":"2 minutes"},"schema":{"@context":"https:\/\/schema.org","@graph":[{"@type":"WebPage","@id":"https:\/\/www.coccigames.com\/index.php\/produit\/killzone-monde-necropole\/","url":"https:\/\/www.coccigames.com\/index.php\/produit\/killzone-monde-necropole\/","name":"KILLZONE: MONDE-NECROPOLE - Coccigames","isPartOf":{"@id":"https:\/\/www.coccigames.com\/#website"},"primaryImageOfPage":{"@id":"https:\/\/www.coccigames.com\/index.php\/produit\/killzone-monde-necropole\/#primaryimage"},"image":{"@id":"https:\/\/www.coccigames.com\/index.php\/produit\/killzone-monde-necropole\/#primaryimage"},"thumbnailUrl":"https:\/\/www.coccigames.com\/wp-content\/uploads\/2025\/11\/https___trade.games-workshop.com_assets_2025_11_99120199136_KTKillZoneNecronTombWorld12__2.jpg","datePublished":"2025-11-12T16:09:07+00:00","dateModified":"2026-04-06T07:24:29+00:00","breadcrumb":{"@id":"https:\/\/www.coccigames.com\/index.php\/produit\/killzone-monde-necropole\/#breadcrumb"},"inLanguage":"fr-FR","potentialAction":[{"@type":"ReadAction","target":["https:\/\/www.coccigames.com\/index.php\/produit\/killzone-monde-necropole\/"]}]},{"@type":"ImageObject","inLanguage":"fr-FR","@id":"https:\/\/www.coccigames.com\/index.php\/produit\/killzone-monde-necropole\/#primaryimage","url":"https:\/\/www.coccigames.com\/wp-content\/uploads\/2025\/11\/https___trade.games-workshop.com_assets_2025_11_99120199136_KTKillZoneNecronTombWorld12__2.jpg","contentUrl":"https:\/\/www.coccigames.com\/wp-content\/uploads\/2025\/11\/https___trade.games-workshop.com_assets_2025_11_99120199136_KTKillZoneNecronTombWorld12__2.jpg","width":1840,"height":1900},{"@type":"BreadcrumbList","@id":"https:\/\/www.coccigames.com\/index.php\/produit\/killzone-monde-necropole\/#breadcrumb","itemListElement":[{"@type":"ListItem","position":1,"name":"Accueil","item":"https:\/\/www.coccigames.com\/"},{"@type":"ListItem","position":2,"name":"Boutique","item":"https:\/\/www.coccigames.com\/index.php\/boutique\/"},{"@type":"ListItem","position":3,"name":"KILLZONE: MONDE-NECROPOLE"}]},{"@type":"WebSite","@id":"https:\/\/www.coccigames.com\/#website","url":"https:\/\/www.coccigames.com\/","name":"Coccigames - Figurines et Peintures","description":"Figurines et Peintures","publisher":{"@id":"https:\/\/www.coccigames.com\/#organization"},"potentialAction":[{"@type":"SearchAction","target":{"@type":"EntryPoint","urlTemplate":"https:\/\/www.coccigames.com\/?s={search_term_string}"},"query-input":{"@type":"PropertyValueSpecification","valueRequired":true,"valueName":"search_term_string"}}],"inLanguage":"fr-FR"},{"@type":"Organization","@id":"https:\/\/www.coccigames.com\/#organization","name":"Coccigames","url":"https:\/\/www.coccigames.com\/","logo":{"@type":"ImageObject","inLanguage":"fr-FR","@id":"https:\/\/www.coccigames.com\/#\/schema\/logo\/image\/","url":"https:\/\/www.coccigames.com\/wp-content\/uploads\/2025\/12\/coccigames_logo_v5.png","contentUrl":"https:\/\/www.coccigames.com\/wp-content\/uploads\/2025\/12\/coccigames_logo_v5.png","width":1768,"height":424,"caption":"Coccigames"},"image":{"@id":"https:\/\/www.coccigames.com\/#\/schema\/logo\/image\/"}}]}},"_links":{"self":[{"href":"https:\/\/www.coccigames.com\/index.php\/wp-json\/wp\/v2\/product\/4147","targetHints":{"allow":["GET"]}}],"collection":[{"href":"https:\/\/www.coccigames.com\/index.php\/wp-json\/wp\/v2\/product"}],"about":[{"href":"https:\/\/www.coccigames.com\/index.php\/wp-json\/wp\/v2\/types\/product"}],"replies":[{"embeddable":true,"href":"https:\/\/www.coccigames.com\/index.php\/wp-json\/wp\/v2\/comments?post=4147"}],"wp:featuredmedia":[{"embeddable":true,"href":"https:\/\/www.coccigames.com\/index.php\/wp-json\/wp\/v2\/media\/4148"}],"wp:attachment":[{"href":"https:\/\/www.coccigames.com\/index.php\/wp-json\/wp\/v2\/media?parent=4147"}],"wp:term":[{"taxonomy":"product_brand","embeddable":true,"href":"https:\/\/www.coccigames.com\/index.php\/wp-json\/wp\/v2\/product_brand?post=4147"},{"taxonomy":"product_cat","embeddable":true,"href":"https:\/\/www.coccigames.com\/index.php\/wp-json\/wp\/v2\/product_cat?post=4147"},{"taxonomy":"product_tag","embeddable":true,"href":"https:\/\/www.coccigames.com\/index.php\/wp-json\/wp\/v2\/product_tag?post=4147"}],"curies":[{"name":"wp","href":"https:\/\/api.w.org\/{rel}","templated":true}]}}