{"id":14403,"date":"2026-04-19T20:17:03","date_gmt":"2026-04-19T18:17:03","guid":{"rendered":"https:\/\/www.coccigames.com\/index.php\/produit\/armageddon-le-retour-de-yarrick\/"},"modified":"2026-05-11T10:18:18","modified_gmt":"2026-05-11T08:18:18","slug":"armageddon-le-retour-de-yarrick","status":"publish","type":"product","link":"https:\/\/www.coccigames.com\/index.php\/produit\/armageddon-le-retour-de-yarrick\/","title":{"rendered":"ARMAGEDDON: LE RETOUR DE YARRICK"},"content":{"rendered":"<p>Le l\u00e9gendaire Commissaire rejoint le combat livr\u00e9 pour une plan\u00e8te accabl\u00e9e de souffrances, dans Armageddon: Le Retour de Yarrick, la prochaine extension Warhammer 40,000. Cet ensemble de livres comporte d\u2019abord un tome d\u2019historique rempli d\u2019informations sur la guerre qui afflige Armageddon de fa\u00e7on continue, en d\u00e9peignant le retour de Yarrick sur les lignes de front, et l\u2019invasion audacieuse men\u00e9e par Wazdakka Gutsmek et son avant-garde. Vous y trouverez aussi le livre Gantelet Blind\u00e9 contenant les r\u00e8gles pour livrer des batailles fortement charg\u00e9es en v\u00e9hicules (dont la possibilit\u00e9 de conf\u00e9rer des am\u00e9liorations d\u2019As \u00e0 vos unit\u00e9s en tenant le compte de leurs glorieux accomplissements), ainsi qu\u2019un livret de six nouveaux D\u00e9tachements pour l\u2019Astra Militarum, les Orks et les Space Marines.<\/p>\n","protected":false},"excerpt":{"rendered":"<p>Le l\u00e9gendaire Commissaire rejoint le combat livr\u00e9 pour une plan\u00e8te accabl\u00e9e de souffrances, dans Armageddon: Le Retour de Yarrick, la prochaine extension Warhammer 40,000. Cet ensemble de livres comporte d\u2019abord un tome d\u2019historique rempli d\u2019informations sur la guerre qui afflige Armageddon de fa\u00e7on continue, en&hellip;<\/p>\n","protected":false},"featured_media":14417,"comment_status":"open","ping_status":"closed","template":"","meta":[],"product_brand":[23],"product_cat":[6218],"product_tag":[],"class_list":{"0":"post-14403","1":"product","2":"type-product","3":"status-publish","4":"has-post-thumbnail","6":"product_brand-games-workshop","7":"product_cat-livres","9":"first","10":"outofstock","11":"sale","12":"taxable","13":"shipping-taxable","14":"purchasable","15":"product-type-simple"},"yoast_head":"<!-- This site is optimized with the Yoast SEO plugin v27.4 - https:\/\/yoast.com\/product\/yoast-seo-wordpress\/ -->\n<title>ARMAGEDDON: LE RETOUR DE YARRICK - Coccigames<\/title>\n<meta name=\"robots\" content=\"index, follow, max-snippet:-1, max-image-preview:large, max-video-preview:-1\" \/>\n<link rel=\"canonical\" href=\"https:\/\/www.coccigames.com\/index.php\/produit\/armageddon-le-retour-de-yarrick\/\" \/>\n<meta property=\"og:locale\" content=\"fr_FR\" \/>\n<meta property=\"og:type\" content=\"article\" \/>\n<meta property=\"og:title\" content=\"ARMAGEDDON: LE RETOUR DE YARRICK - Coccigames\" \/>\n<meta property=\"og:description\" content=\"Le l\u00e9gendaire Commissaire rejoint le combat livr\u00e9 pour une plan\u00e8te accabl\u00e9e de souffrances, dans Armageddon: Le Retour de Yarrick, la prochaine extension Warhammer 40,000. Cet ensemble de livres comporte d\u2019abord un tome d\u2019historique rempli d\u2019informations sur la guerre qui afflige Armageddon de fa\u00e7on continue, en&hellip;\" \/>\n<meta property=\"og:url\" content=\"https:\/\/www.coccigames.com\/index.php\/produit\/armageddon-le-retour-de-yarrick\/\" \/>\n<meta property=\"og:site_name\" content=\"Coccigames\" \/>\n<meta property=\"article:modified_time\" content=\"2026-05-11T08:18:18+00:00\" \/>\n<meta property=\"og:image\" content=\"https:\/\/www.coccigames.com\/wp-content\/uploads\/2026\/04\/sundaypreview-apr19-40k-books_fre-igdzy0refb.jpg\" \/>\n\t<meta property=\"og:image:width\" content=\"1000\" \/>\n\t<meta property=\"og:image:height\" content=\"769\" \/>\n\t<meta property=\"og:image:type\" content=\"image\/jpeg\" \/>\n<meta name=\"twitter:card\" content=\"summary_large_image\" \/>\n<meta name=\"twitter:label1\" content=\"Dur\u00e9e de lecture estim\u00e9e\" \/>\n\t<meta name=\"twitter:data1\" content=\"1 minute\" \/>\n<script type=\"application\/ld+json\" class=\"yoast-schema-graph\">{\"@context\":\"https:\\\/\\\/schema.org\",\"@graph\":[{\"@type\":\"WebPage\",\"@id\":\"https:\\\/\\\/www.coccigames.com\\\/index.php\\\/produit\\\/armageddon-le-retour-de-yarrick\\\/\",\"url\":\"https:\\\/\\\/www.coccigames.com\\\/index.php\\\/produit\\\/armageddon-le-retour-de-yarrick\\\/\",\"name\":\"ARMAGEDDON: LE RETOUR DE YARRICK - Coccigames\",\"isPartOf\":{\"@id\":\"https:\\\/\\\/www.coccigames.com\\\/#website\"},\"primaryImageOfPage\":{\"@id\":\"https:\\\/\\\/www.coccigames.com\\\/index.php\\\/produit\\\/armageddon-le-retour-de-yarrick\\\/#primaryimage\"},\"image\":{\"@id\":\"https:\\\/\\\/www.coccigames.com\\\/index.php\\\/produit\\\/armageddon-le-retour-de-yarrick\\\/#primaryimage\"},\"thumbnailUrl\":\"https:\\\/\\\/www.coccigames.com\\\/wp-content\\\/uploads\\\/2026\\\/04\\\/sundaypreview-apr19-40k-books_fre-igdzy0refb.jpg\",\"datePublished\":\"2026-04-19T18:17:03+00:00\",\"dateModified\":\"2026-05-11T08:18:18+00:00\",\"breadcrumb\":{\"@id\":\"https:\\\/\\\/www.coccigames.com\\\/index.php\\\/produit\\\/armageddon-le-retour-de-yarrick\\\/#breadcrumb\"},\"inLanguage\":\"fr-FR\",\"potentialAction\":[{\"@type\":\"ReadAction\",\"target\":[\"https:\\\/\\\/www.coccigames.com\\\/index.php\\\/produit\\\/armageddon-le-retour-de-yarrick\\\/\"]}]},{\"@type\":\"ImageObject\",\"inLanguage\":\"fr-FR\",\"@id\":\"https:\\\/\\\/www.coccigames.com\\\/index.php\\\/produit\\\/armageddon-le-retour-de-yarrick\\\/#primaryimage\",\"url\":\"https:\\\/\\\/www.coccigames.com\\\/wp-content\\\/uploads\\\/2026\\\/04\\\/sundaypreview-apr19-40k-books_fre-igdzy0refb.jpg\",\"contentUrl\":\"https:\\\/\\\/www.coccigames.com\\\/wp-content\\\/uploads\\\/2026\\\/04\\\/sundaypreview-apr19-40k-books_fre-igdzy0refb.jpg\",\"width\":1000,\"height\":769},{\"@type\":\"BreadcrumbList\",\"@id\":\"https:\\\/\\\/www.coccigames.com\\\/index.php\\\/produit\\\/armageddon-le-retour-de-yarrick\\\/#breadcrumb\",\"itemListElement\":[{\"@type\":\"ListItem\",\"position\":1,\"name\":\"Accueil\",\"item\":\"https:\\\/\\\/www.coccigames.com\\\/\"},{\"@type\":\"ListItem\",\"position\":2,\"name\":\"Boutique\",\"item\":\"https:\\\/\\\/www.coccigames.com\\\/index.php\\\/boutique\\\/\"},{\"@type\":\"ListItem\",\"position\":3,\"name\":\"ARMAGEDDON: LE RETOUR DE YARRICK\"}]},{\"@type\":\"WebSite\",\"@id\":\"https:\\\/\\\/www.coccigames.com\\\/#website\",\"url\":\"https:\\\/\\\/www.coccigames.com\\\/\",\"name\":\"Coccigames - Figurines et Peintures\",\"description\":\"Figurines et Peintures\",\"publisher\":{\"@id\":\"https:\\\/\\\/www.coccigames.com\\\/#organization\"},\"potentialAction\":[{\"@type\":\"SearchAction\",\"target\":{\"@type\":\"EntryPoint\",\"urlTemplate\":\"https:\\\/\\\/www.coccigames.com\\\/?s={search_term_string}\"},\"query-input\":{\"@type\":\"PropertyValueSpecification\",\"valueRequired\":true,\"valueName\":\"search_term_string\"}}],\"inLanguage\":\"fr-FR\"},{\"@type\":\"Organization\",\"@id\":\"https:\\\/\\\/www.coccigames.com\\\/#organization\",\"name\":\"Coccigames\",\"url\":\"https:\\\/\\\/www.coccigames.com\\\/\",\"logo\":{\"@type\":\"ImageObject\",\"inLanguage\":\"fr-FR\",\"@id\":\"https:\\\/\\\/www.coccigames.com\\\/#\\\/schema\\\/logo\\\/image\\\/\",\"url\":\"https:\\\/\\\/www.coccigames.com\\\/wp-content\\\/uploads\\\/2025\\\/12\\\/coccigames_logo_v5.png\",\"contentUrl\":\"https:\\\/\\\/www.coccigames.com\\\/wp-content\\\/uploads\\\/2025\\\/12\\\/coccigames_logo_v5.png\",\"width\":1768,\"height\":424,\"caption\":\"Coccigames\"},\"image\":{\"@id\":\"https:\\\/\\\/www.coccigames.com\\\/#\\\/schema\\\/logo\\\/image\\\/\"}}]}<\/script>\n<!-- \/ Yoast SEO plugin. -->","yoast_head_json":{"title":"ARMAGEDDON: LE RETOUR DE YARRICK - Coccigames","robots":{"index":"index","follow":"follow","max-snippet":"max-snippet:-1","max-image-preview":"max-image-preview:large","max-video-preview":"max-video-preview:-1"},"canonical":"https:\/\/www.coccigames.com\/index.php\/produit\/armageddon-le-retour-de-yarrick\/","og_locale":"fr_FR","og_type":"article","og_title":"ARMAGEDDON: LE RETOUR DE YARRICK - Coccigames","og_description":"Le l\u00e9gendaire Commissaire rejoint le combat livr\u00e9 pour une plan\u00e8te accabl\u00e9e de souffrances, dans Armageddon: Le Retour de Yarrick, la prochaine extension Warhammer 40,000. Cet ensemble de livres comporte d\u2019abord un tome d\u2019historique rempli d\u2019informations sur la guerre qui afflige Armageddon de fa\u00e7on continue, en&hellip;","og_url":"https:\/\/www.coccigames.com\/index.php\/produit\/armageddon-le-retour-de-yarrick\/","og_site_name":"Coccigames","article_modified_time":"2026-05-11T08:18:18+00:00","og_image":[{"width":1000,"height":769,"url":"https:\/\/www.coccigames.com\/wp-content\/uploads\/2026\/04\/sundaypreview-apr19-40k-books_fre-igdzy0refb.jpg","type":"image\/jpeg"}],"twitter_card":"summary_large_image","twitter_misc":{"Dur\u00e9e de lecture estim\u00e9e":"1 minute"},"schema":{"@context":"https:\/\/schema.org","@graph":[{"@type":"WebPage","@id":"https:\/\/www.coccigames.com\/index.php\/produit\/armageddon-le-retour-de-yarrick\/","url":"https:\/\/www.coccigames.com\/index.php\/produit\/armageddon-le-retour-de-yarrick\/","name":"ARMAGEDDON: LE RETOUR DE YARRICK - Coccigames","isPartOf":{"@id":"https:\/\/www.coccigames.com\/#website"},"primaryImageOfPage":{"@id":"https:\/\/www.coccigames.com\/index.php\/produit\/armageddon-le-retour-de-yarrick\/#primaryimage"},"image":{"@id":"https:\/\/www.coccigames.com\/index.php\/produit\/armageddon-le-retour-de-yarrick\/#primaryimage"},"thumbnailUrl":"https:\/\/www.coccigames.com\/wp-content\/uploads\/2026\/04\/sundaypreview-apr19-40k-books_fre-igdzy0refb.jpg","datePublished":"2026-04-19T18:17:03+00:00","dateModified":"2026-05-11T08:18:18+00:00","breadcrumb":{"@id":"https:\/\/www.coccigames.com\/index.php\/produit\/armageddon-le-retour-de-yarrick\/#breadcrumb"},"inLanguage":"fr-FR","potentialAction":[{"@type":"ReadAction","target":["https:\/\/www.coccigames.com\/index.php\/produit\/armageddon-le-retour-de-yarrick\/"]}]},{"@type":"ImageObject","inLanguage":"fr-FR","@id":"https:\/\/www.coccigames.com\/index.php\/produit\/armageddon-le-retour-de-yarrick\/#primaryimage","url":"https:\/\/www.coccigames.com\/wp-content\/uploads\/2026\/04\/sundaypreview-apr19-40k-books_fre-igdzy0refb.jpg","contentUrl":"https:\/\/www.coccigames.com\/wp-content\/uploads\/2026\/04\/sundaypreview-apr19-40k-books_fre-igdzy0refb.jpg","width":1000,"height":769},{"@type":"BreadcrumbList","@id":"https:\/\/www.coccigames.com\/index.php\/produit\/armageddon-le-retour-de-yarrick\/#breadcrumb","itemListElement":[{"@type":"ListItem","position":1,"name":"Accueil","item":"https:\/\/www.coccigames.com\/"},{"@type":"ListItem","position":2,"name":"Boutique","item":"https:\/\/www.coccigames.com\/index.php\/boutique\/"},{"@type":"ListItem","position":3,"name":"ARMAGEDDON: LE RETOUR DE YARRICK"}]},{"@type":"WebSite","@id":"https:\/\/www.coccigames.com\/#website","url":"https:\/\/www.coccigames.com\/","name":"Coccigames - Figurines et Peintures","description":"Figurines et Peintures","publisher":{"@id":"https:\/\/www.coccigames.com\/#organization"},"potentialAction":[{"@type":"SearchAction","target":{"@type":"EntryPoint","urlTemplate":"https:\/\/www.coccigames.com\/?s={search_term_string}"},"query-input":{"@type":"PropertyValueSpecification","valueRequired":true,"valueName":"search_term_string"}}],"inLanguage":"fr-FR"},{"@type":"Organization","@id":"https:\/\/www.coccigames.com\/#organization","name":"Coccigames","url":"https:\/\/www.coccigames.com\/","logo":{"@type":"ImageObject","inLanguage":"fr-FR","@id":"https:\/\/www.coccigames.com\/#\/schema\/logo\/image\/","url":"https:\/\/www.coccigames.com\/wp-content\/uploads\/2025\/12\/coccigames_logo_v5.png","contentUrl":"https:\/\/www.coccigames.com\/wp-content\/uploads\/2025\/12\/coccigames_logo_v5.png","width":1768,"height":424,"caption":"Coccigames"},"image":{"@id":"https:\/\/www.coccigames.com\/#\/schema\/logo\/image\/"}}]}},"_links":{"self":[{"href":"https:\/\/www.coccigames.com\/index.php\/wp-json\/wp\/v2\/product\/14403","targetHints":{"allow":["GET"]}}],"collection":[{"href":"https:\/\/www.coccigames.com\/index.php\/wp-json\/wp\/v2\/product"}],"about":[{"href":"https:\/\/www.coccigames.com\/index.php\/wp-json\/wp\/v2\/types\/product"}],"replies":[{"embeddable":true,"href":"https:\/\/www.coccigames.com\/index.php\/wp-json\/wp\/v2\/comments?post=14403"}],"wp:featuredmedia":[{"embeddable":true,"href":"https:\/\/www.coccigames.com\/index.php\/wp-json\/wp\/v2\/media\/14417"}],"wp:attachment":[{"href":"https:\/\/www.coccigames.com\/index.php\/wp-json\/wp\/v2\/media?parent=14403"}],"wp:term":[{"taxonomy":"product_brand","embeddable":true,"href":"https:\/\/www.coccigames.com\/index.php\/wp-json\/wp\/v2\/product_brand?post=14403"},{"taxonomy":"product_cat","embeddable":true,"href":"https:\/\/www.coccigames.com\/index.php\/wp-json\/wp\/v2\/product_cat?post=14403"},{"taxonomy":"product_tag","embeddable":true,"href":"https:\/\/www.coccigames.com\/index.php\/wp-json\/wp\/v2\/product_tag?post=14403"}],"curies":[{"name":"wp","href":"https:\/\/api.w.org\/{rel}","templated":true}]}}