{"id":14379,"date":"2026-04-12T18:11:52","date_gmt":"2026-04-12T16:11:52","guid":{"rendered":"https:\/\/www.coccigames.com\/?post_type=product&#038;p=14379"},"modified":"2026-04-12T18:44:24","modified_gmt":"2026-04-12T16:44:24","slug":"infinity-nomads-zonds-remotes-pack","status":"publish","type":"product","link":"https:\/\/www.coccigames.com\/index.php\/produit\/infinity-nomads-zonds-remotes-pack\/","title":{"rendered":"Infinity &#8211; Nomads Zonds Remotes Pack"},"content":{"rendered":"<p>Les nomades ont une longue et solide tradition d&rsquo;utilisation des technologies \u00e0 distance, tant dans le domaine militaire que civil. Corregidor a perfectionn\u00e9 la technologie \u00e0 distance pour la maintenance des vaisseaux et les sorties extrav\u00e9hiculaires. Les ing\u00e9nieurs de Bakounine utilisent abondamment les technologies \u00e0 distance pour tester en catastrophe de nouvelles technologies et interfaces, et ne cherchent des applications militaires ou commerciales qu&rsquo;\u00e0 celles qui survivent au processus. Le milieu hacker dynamique de Toungouska appr\u00e9cie les technologies \u00e0 distance comme m\u00e9thode de d\u00e9ploiement intra\u00e7able pour le mat\u00e9riel de soutien.<\/p>\n<p>Contenu:<\/p>\n<p>&#8211; 2x ZondBot<\/p>\n","protected":false},"excerpt":{"rendered":"<p>Les nomades ont une longue et solide tradition d&rsquo;utilisation des technologies \u00e0 distance, tant dans le domaine militaire que civil. Corregidor a perfectionn\u00e9 la technologie \u00e0 distance pour la maintenance des vaisseaux et les sorties extrav\u00e9hiculaires. Les ing\u00e9nieurs de Bakounine utilisent abondamment les technologies \u00e0&hellip;<\/p>\n","protected":false},"featured_media":14380,"comment_status":"closed","ping_status":"closed","template":"","meta":[],"product_brand":[205],"product_cat":[343],"product_tag":[],"class_list":{"0":"post-14379","1":"product","2":"type-product","3":"status-publish","4":"has-post-thumbnail","6":"product_brand-corvus-belli","7":"product_cat-nomads","9":"first","10":"onbackorder","11":"sale","12":"taxable","13":"shipping-taxable","14":"purchasable","15":"product-type-simple"},"yoast_head":"<!-- This site is optimized with the Yoast SEO plugin v26.4 - https:\/\/yoast.com\/wordpress\/plugins\/seo\/ -->\n<title>Infinity - Nomads Zonds Remotes Pack - Coccigames<\/title>\n<meta name=\"robots\" content=\"index, follow, max-snippet:-1, max-image-preview:large, max-video-preview:-1\" \/>\n<link rel=\"canonical\" href=\"https:\/\/www.coccigames.com\/index.php\/produit\/infinity-nomads-zonds-remotes-pack\/\" \/>\n<meta property=\"og:locale\" content=\"fr_FR\" \/>\n<meta property=\"og:type\" content=\"article\" \/>\n<meta property=\"og:title\" content=\"Infinity - Nomads Zonds Remotes Pack - Coccigames\" \/>\n<meta property=\"og:description\" content=\"Les nomades ont une longue et solide tradition d&rsquo;utilisation des technologies \u00e0 distance, tant dans le domaine militaire que civil. Corregidor a perfectionn\u00e9 la technologie \u00e0 distance pour la maintenance des vaisseaux et les sorties extrav\u00e9hiculaires. Les ing\u00e9nieurs de Bakounine utilisent abondamment les technologies \u00e0&hellip;\" \/>\n<meta property=\"og:url\" content=\"https:\/\/www.coccigames.com\/index.php\/produit\/infinity-nomads-zonds-remotes-pack\/\" \/>\n<meta property=\"og:site_name\" content=\"Coccigames\" \/>\n<meta property=\"article:modified_time\" content=\"2026-04-12T16:44:24+00:00\" \/>\n<meta property=\"og:image\" content=\"https:\/\/www.coccigames.com\/wp-content\/uploads\/2026\/04\/infinity-nomads-zonds-remotes-pack.png\" \/>\n\t<meta property=\"og:image:width\" content=\"800\" \/>\n\t<meta property=\"og:image:height\" content=\"800\" \/>\n\t<meta property=\"og:image:type\" content=\"image\/png\" \/>\n<meta name=\"twitter:card\" content=\"summary_large_image\" \/>\n<meta name=\"twitter:label1\" content=\"Dur\u00e9e de lecture estim\u00e9e\" \/>\n\t<meta name=\"twitter:data1\" content=\"1 minute\" \/>\n<script type=\"application\/ld+json\" class=\"yoast-schema-graph\">{\"@context\":\"https:\/\/schema.org\",\"@graph\":[{\"@type\":\"WebPage\",\"@id\":\"https:\/\/www.coccigames.com\/index.php\/produit\/infinity-nomads-zonds-remotes-pack\/\",\"url\":\"https:\/\/www.coccigames.com\/index.php\/produit\/infinity-nomads-zonds-remotes-pack\/\",\"name\":\"Infinity - Nomads Zonds Remotes Pack - Coccigames\",\"isPartOf\":{\"@id\":\"https:\/\/www.coccigames.com\/#website\"},\"primaryImageOfPage\":{\"@id\":\"https:\/\/www.coccigames.com\/index.php\/produit\/infinity-nomads-zonds-remotes-pack\/#primaryimage\"},\"image\":{\"@id\":\"https:\/\/www.coccigames.com\/index.php\/produit\/infinity-nomads-zonds-remotes-pack\/#primaryimage\"},\"thumbnailUrl\":\"https:\/\/www.coccigames.com\/wp-content\/uploads\/2026\/04\/infinity-nomads-zonds-remotes-pack.png\",\"datePublished\":\"2026-04-12T16:11:52+00:00\",\"dateModified\":\"2026-04-12T16:44:24+00:00\",\"breadcrumb\":{\"@id\":\"https:\/\/www.coccigames.com\/index.php\/produit\/infinity-nomads-zonds-remotes-pack\/#breadcrumb\"},\"inLanguage\":\"fr-FR\",\"potentialAction\":[{\"@type\":\"ReadAction\",\"target\":[\"https:\/\/www.coccigames.com\/index.php\/produit\/infinity-nomads-zonds-remotes-pack\/\"]}]},{\"@type\":\"ImageObject\",\"inLanguage\":\"fr-FR\",\"@id\":\"https:\/\/www.coccigames.com\/index.php\/produit\/infinity-nomads-zonds-remotes-pack\/#primaryimage\",\"url\":\"https:\/\/www.coccigames.com\/wp-content\/uploads\/2026\/04\/infinity-nomads-zonds-remotes-pack.png\",\"contentUrl\":\"https:\/\/www.coccigames.com\/wp-content\/uploads\/2026\/04\/infinity-nomads-zonds-remotes-pack.png\",\"width\":800,\"height\":800},{\"@type\":\"BreadcrumbList\",\"@id\":\"https:\/\/www.coccigames.com\/index.php\/produit\/infinity-nomads-zonds-remotes-pack\/#breadcrumb\",\"itemListElement\":[{\"@type\":\"ListItem\",\"position\":1,\"name\":\"Accueil\",\"item\":\"https:\/\/www.coccigames.com\/\"},{\"@type\":\"ListItem\",\"position\":2,\"name\":\"Boutique\",\"item\":\"https:\/\/www.coccigames.com\/index.php\/boutique\/\"},{\"@type\":\"ListItem\",\"position\":3,\"name\":\"Infinity &#8211; Nomads Zonds Remotes Pack\"}]},{\"@type\":\"WebSite\",\"@id\":\"https:\/\/www.coccigames.com\/#website\",\"url\":\"https:\/\/www.coccigames.com\/\",\"name\":\"Coccigames - Figurines et Peintures\",\"description\":\"Figurines et Peintures\",\"publisher\":{\"@id\":\"https:\/\/www.coccigames.com\/#organization\"},\"potentialAction\":[{\"@type\":\"SearchAction\",\"target\":{\"@type\":\"EntryPoint\",\"urlTemplate\":\"https:\/\/www.coccigames.com\/?s={search_term_string}\"},\"query-input\":{\"@type\":\"PropertyValueSpecification\",\"valueRequired\":true,\"valueName\":\"search_term_string\"}}],\"inLanguage\":\"fr-FR\"},{\"@type\":\"Organization\",\"@id\":\"https:\/\/www.coccigames.com\/#organization\",\"name\":\"Coccigames\",\"url\":\"https:\/\/www.coccigames.com\/\",\"logo\":{\"@type\":\"ImageObject\",\"inLanguage\":\"fr-FR\",\"@id\":\"https:\/\/www.coccigames.com\/#\/schema\/logo\/image\/\",\"url\":\"https:\/\/www.coccigames.com\/wp-content\/uploads\/2025\/12\/coccigames_logo_v5.png\",\"contentUrl\":\"https:\/\/www.coccigames.com\/wp-content\/uploads\/2025\/12\/coccigames_logo_v5.png\",\"width\":1768,\"height\":424,\"caption\":\"Coccigames\"},\"image\":{\"@id\":\"https:\/\/www.coccigames.com\/#\/schema\/logo\/image\/\"}}]}<\/script>\n<!-- \/ Yoast SEO plugin. -->","yoast_head_json":{"title":"Infinity - Nomads Zonds Remotes Pack - Coccigames","robots":{"index":"index","follow":"follow","max-snippet":"max-snippet:-1","max-image-preview":"max-image-preview:large","max-video-preview":"max-video-preview:-1"},"canonical":"https:\/\/www.coccigames.com\/index.php\/produit\/infinity-nomads-zonds-remotes-pack\/","og_locale":"fr_FR","og_type":"article","og_title":"Infinity - Nomads Zonds Remotes Pack - Coccigames","og_description":"Les nomades ont une longue et solide tradition d&rsquo;utilisation des technologies \u00e0 distance, tant dans le domaine militaire que civil. Corregidor a perfectionn\u00e9 la technologie \u00e0 distance pour la maintenance des vaisseaux et les sorties extrav\u00e9hiculaires. Les ing\u00e9nieurs de Bakounine utilisent abondamment les technologies \u00e0&hellip;","og_url":"https:\/\/www.coccigames.com\/index.php\/produit\/infinity-nomads-zonds-remotes-pack\/","og_site_name":"Coccigames","article_modified_time":"2026-04-12T16:44:24+00:00","og_image":[{"width":800,"height":800,"url":"https:\/\/www.coccigames.com\/wp-content\/uploads\/2026\/04\/infinity-nomads-zonds-remotes-pack.png","type":"image\/png"}],"twitter_card":"summary_large_image","twitter_misc":{"Dur\u00e9e de lecture estim\u00e9e":"1 minute"},"schema":{"@context":"https:\/\/schema.org","@graph":[{"@type":"WebPage","@id":"https:\/\/www.coccigames.com\/index.php\/produit\/infinity-nomads-zonds-remotes-pack\/","url":"https:\/\/www.coccigames.com\/index.php\/produit\/infinity-nomads-zonds-remotes-pack\/","name":"Infinity - Nomads Zonds Remotes Pack - Coccigames","isPartOf":{"@id":"https:\/\/www.coccigames.com\/#website"},"primaryImageOfPage":{"@id":"https:\/\/www.coccigames.com\/index.php\/produit\/infinity-nomads-zonds-remotes-pack\/#primaryimage"},"image":{"@id":"https:\/\/www.coccigames.com\/index.php\/produit\/infinity-nomads-zonds-remotes-pack\/#primaryimage"},"thumbnailUrl":"https:\/\/www.coccigames.com\/wp-content\/uploads\/2026\/04\/infinity-nomads-zonds-remotes-pack.png","datePublished":"2026-04-12T16:11:52+00:00","dateModified":"2026-04-12T16:44:24+00:00","breadcrumb":{"@id":"https:\/\/www.coccigames.com\/index.php\/produit\/infinity-nomads-zonds-remotes-pack\/#breadcrumb"},"inLanguage":"fr-FR","potentialAction":[{"@type":"ReadAction","target":["https:\/\/www.coccigames.com\/index.php\/produit\/infinity-nomads-zonds-remotes-pack\/"]}]},{"@type":"ImageObject","inLanguage":"fr-FR","@id":"https:\/\/www.coccigames.com\/index.php\/produit\/infinity-nomads-zonds-remotes-pack\/#primaryimage","url":"https:\/\/www.coccigames.com\/wp-content\/uploads\/2026\/04\/infinity-nomads-zonds-remotes-pack.png","contentUrl":"https:\/\/www.coccigames.com\/wp-content\/uploads\/2026\/04\/infinity-nomads-zonds-remotes-pack.png","width":800,"height":800},{"@type":"BreadcrumbList","@id":"https:\/\/www.coccigames.com\/index.php\/produit\/infinity-nomads-zonds-remotes-pack\/#breadcrumb","itemListElement":[{"@type":"ListItem","position":1,"name":"Accueil","item":"https:\/\/www.coccigames.com\/"},{"@type":"ListItem","position":2,"name":"Boutique","item":"https:\/\/www.coccigames.com\/index.php\/boutique\/"},{"@type":"ListItem","position":3,"name":"Infinity &#8211; Nomads Zonds Remotes Pack"}]},{"@type":"WebSite","@id":"https:\/\/www.coccigames.com\/#website","url":"https:\/\/www.coccigames.com\/","name":"Coccigames - Figurines et Peintures","description":"Figurines et Peintures","publisher":{"@id":"https:\/\/www.coccigames.com\/#organization"},"potentialAction":[{"@type":"SearchAction","target":{"@type":"EntryPoint","urlTemplate":"https:\/\/www.coccigames.com\/?s={search_term_string}"},"query-input":{"@type":"PropertyValueSpecification","valueRequired":true,"valueName":"search_term_string"}}],"inLanguage":"fr-FR"},{"@type":"Organization","@id":"https:\/\/www.coccigames.com\/#organization","name":"Coccigames","url":"https:\/\/www.coccigames.com\/","logo":{"@type":"ImageObject","inLanguage":"fr-FR","@id":"https:\/\/www.coccigames.com\/#\/schema\/logo\/image\/","url":"https:\/\/www.coccigames.com\/wp-content\/uploads\/2025\/12\/coccigames_logo_v5.png","contentUrl":"https:\/\/www.coccigames.com\/wp-content\/uploads\/2025\/12\/coccigames_logo_v5.png","width":1768,"height":424,"caption":"Coccigames"},"image":{"@id":"https:\/\/www.coccigames.com\/#\/schema\/logo\/image\/"}}]}},"_links":{"self":[{"href":"https:\/\/www.coccigames.com\/index.php\/wp-json\/wp\/v2\/product\/14379","targetHints":{"allow":["GET"]}}],"collection":[{"href":"https:\/\/www.coccigames.com\/index.php\/wp-json\/wp\/v2\/product"}],"about":[{"href":"https:\/\/www.coccigames.com\/index.php\/wp-json\/wp\/v2\/types\/product"}],"replies":[{"embeddable":true,"href":"https:\/\/www.coccigames.com\/index.php\/wp-json\/wp\/v2\/comments?post=14379"}],"wp:featuredmedia":[{"embeddable":true,"href":"https:\/\/www.coccigames.com\/index.php\/wp-json\/wp\/v2\/media\/14380"}],"wp:attachment":[{"href":"https:\/\/www.coccigames.com\/index.php\/wp-json\/wp\/v2\/media?parent=14379"}],"wp:term":[{"taxonomy":"product_brand","embeddable":true,"href":"https:\/\/www.coccigames.com\/index.php\/wp-json\/wp\/v2\/product_brand?post=14379"},{"taxonomy":"product_cat","embeddable":true,"href":"https:\/\/www.coccigames.com\/index.php\/wp-json\/wp\/v2\/product_cat?post=14379"},{"taxonomy":"product_tag","embeddable":true,"href":"https:\/\/www.coccigames.com\/index.php\/wp-json\/wp\/v2\/product_tag?post=14379"}],"curies":[{"name":"wp","href":"https:\/\/api.w.org\/{rel}","templated":true}]}}