{"id":14171,"date":"2026-03-24T12:52:08","date_gmt":"2026-03-24T11:52:08","guid":{"rendered":"https:\/\/www.coccigames.com\/index.php\/produit\/horus-heresy-glaive-super-heavy-tank\/"},"modified":"2026-04-13T08:38:21","modified_gmt":"2026-04-13T06:38:21","slug":"horus-heresy-glaive-super-heavy-tank","status":"publish","type":"product","link":"https:\/\/www.coccigames.com\/index.php\/produit\/horus-heresy-glaive-super-heavy-tank\/","title":{"rendered":"HORUS HERESY: GLAIVE SUPER-HEAVY TANK"},"content":{"rendered":"<p>R\u00e9duisez vos ennemis en cendres avec la toute-puissance du <a href=\"https:\/\/www.warhammer.com\/shop\/legiones-astartes-glaive-super-heavy-special-weapons-tank-2026?utm_medium=referral&amp;utm_source=warhammer-community.com\" target=\"_blank\" rel=\"noopener\"><u>Char \u00e0 Arme Sp\u00e9ciale Super-lourd Glaive<\/u><\/a>, disponible en plastique pour la toute premi\u00e8re fois. Ces b\u00e9h\u00e9moths rugissants sont arm\u00e9s d\u2019une immense carronade volkite si puissante qu\u2019elle peut faire fondre les armures \u00e9nerg\u00e9tiques, et ils portent une paire de batteries lat\u00e9rales pouvant \u00eatre adapt\u00e9es au combat antipersonnel ou antichar.<\/p>\n","protected":false},"excerpt":{"rendered":"<p>R\u00e9duisez vos ennemis en cendres avec la toute-puissance du Char \u00e0 Arme Sp\u00e9ciale Super-lourd Glaive, disponible en plastique pour la toute premi\u00e8re fois. Ces b\u00e9h\u00e9moths rugissants sont arm\u00e9s d\u2019une immense carronade volkite si puissante qu\u2019elle peut faire fondre les armures \u00e9nerg\u00e9tiques, et ils portent une&hellip;<\/p>\n","protected":false},"featured_media":14174,"comment_status":"closed","ping_status":"closed","template":"","meta":[],"product_brand":[23],"product_cat":[6230],"product_tag":[],"class_list":{"0":"post-14171","1":"product","2":"type-product","3":"status-publish","4":"has-post-thumbnail","6":"product_brand-games-workshop","7":"product_cat-astartes","9":"first","10":"onbackorder","11":"sale","12":"taxable","13":"shipping-taxable","14":"purchasable","15":"product-type-simple"},"yoast_head":"<!-- This site is optimized with the Yoast SEO plugin v26.4 - https:\/\/yoast.com\/wordpress\/plugins\/seo\/ -->\n<title>HORUS HERESY: GLAIVE SUPER-HEAVY TANK - Coccigames<\/title>\n<meta name=\"robots\" content=\"index, follow, max-snippet:-1, max-image-preview:large, max-video-preview:-1\" \/>\n<link rel=\"canonical\" href=\"https:\/\/www.coccigames.com\/index.php\/produit\/horus-heresy-glaive-super-heavy-tank\/\" \/>\n<meta property=\"og:locale\" content=\"fr_FR\" \/>\n<meta property=\"og:type\" content=\"article\" \/>\n<meta property=\"og:title\" content=\"HORUS HERESY: GLAIVE SUPER-HEAVY TANK - Coccigames\" \/>\n<meta property=\"og:description\" content=\"R\u00e9duisez vos ennemis en cendres avec la toute-puissance du Char \u00e0 Arme Sp\u00e9ciale Super-lourd Glaive, disponible en plastique pour la toute premi\u00e8re fois. Ces b\u00e9h\u00e9moths rugissants sont arm\u00e9s d\u2019une immense carronade volkite si puissante qu\u2019elle peut faire fondre les armures \u00e9nerg\u00e9tiques, et ils portent une&hellip;\" \/>\n<meta property=\"og:url\" content=\"https:\/\/www.coccigames.com\/index.php\/produit\/horus-heresy-glaive-super-heavy-tank\/\" \/>\n<meta property=\"og:site_name\" content=\"Coccigames\" \/>\n<meta property=\"article:modified_time\" content=\"2026-04-13T06:38:21+00:00\" \/>\n<meta property=\"og:image\" content=\"https:\/\/www.coccigames.com\/wp-content\/uploads\/2026\/03\/sundaypreview-mar16-horusheresy-glaive-3kuumwrxen.jpg\" \/>\n\t<meta property=\"og:image:width\" content=\"1000\" \/>\n\t<meta property=\"og:image:height\" content=\"640\" \/>\n\t<meta property=\"og:image:type\" content=\"image\/jpeg\" \/>\n<meta name=\"twitter:card\" content=\"summary_large_image\" \/>\n<meta name=\"twitter:label1\" content=\"Dur\u00e9e de lecture estim\u00e9e\" \/>\n\t<meta name=\"twitter:data1\" content=\"1 minute\" \/>\n<script type=\"application\/ld+json\" class=\"yoast-schema-graph\">{\"@context\":\"https:\/\/schema.org\",\"@graph\":[{\"@type\":\"WebPage\",\"@id\":\"https:\/\/www.coccigames.com\/index.php\/produit\/horus-heresy-glaive-super-heavy-tank\/\",\"url\":\"https:\/\/www.coccigames.com\/index.php\/produit\/horus-heresy-glaive-super-heavy-tank\/\",\"name\":\"HORUS HERESY: GLAIVE SUPER-HEAVY TANK - Coccigames\",\"isPartOf\":{\"@id\":\"https:\/\/www.coccigames.com\/#website\"},\"primaryImageOfPage\":{\"@id\":\"https:\/\/www.coccigames.com\/index.php\/produit\/horus-heresy-glaive-super-heavy-tank\/#primaryimage\"},\"image\":{\"@id\":\"https:\/\/www.coccigames.com\/index.php\/produit\/horus-heresy-glaive-super-heavy-tank\/#primaryimage\"},\"thumbnailUrl\":\"https:\/\/www.coccigames.com\/wp-content\/uploads\/2026\/03\/sundaypreview-mar16-horusheresy-glaive-3kuumwrxen.jpg\",\"datePublished\":\"2026-03-24T11:52:08+00:00\",\"dateModified\":\"2026-04-13T06:38:21+00:00\",\"breadcrumb\":{\"@id\":\"https:\/\/www.coccigames.com\/index.php\/produit\/horus-heresy-glaive-super-heavy-tank\/#breadcrumb\"},\"inLanguage\":\"fr-FR\",\"potentialAction\":[{\"@type\":\"ReadAction\",\"target\":[\"https:\/\/www.coccigames.com\/index.php\/produit\/horus-heresy-glaive-super-heavy-tank\/\"]}]},{\"@type\":\"ImageObject\",\"inLanguage\":\"fr-FR\",\"@id\":\"https:\/\/www.coccigames.com\/index.php\/produit\/horus-heresy-glaive-super-heavy-tank\/#primaryimage\",\"url\":\"https:\/\/www.coccigames.com\/wp-content\/uploads\/2026\/03\/sundaypreview-mar16-horusheresy-glaive-3kuumwrxen.jpg\",\"contentUrl\":\"https:\/\/www.coccigames.com\/wp-content\/uploads\/2026\/03\/sundaypreview-mar16-horusheresy-glaive-3kuumwrxen.jpg\",\"width\":1000,\"height\":640},{\"@type\":\"BreadcrumbList\",\"@id\":\"https:\/\/www.coccigames.com\/index.php\/produit\/horus-heresy-glaive-super-heavy-tank\/#breadcrumb\",\"itemListElement\":[{\"@type\":\"ListItem\",\"position\":1,\"name\":\"Accueil\",\"item\":\"https:\/\/www.coccigames.com\/\"},{\"@type\":\"ListItem\",\"position\":2,\"name\":\"Boutique\",\"item\":\"https:\/\/www.coccigames.com\/index.php\/boutique\/\"},{\"@type\":\"ListItem\",\"position\":3,\"name\":\"HORUS HERESY: GLAIVE SUPER-HEAVY TANK\"}]},{\"@type\":\"WebSite\",\"@id\":\"https:\/\/www.coccigames.com\/#website\",\"url\":\"https:\/\/www.coccigames.com\/\",\"name\":\"Coccigames - Figurines et Peintures\",\"description\":\"Figurines et Peintures\",\"publisher\":{\"@id\":\"https:\/\/www.coccigames.com\/#organization\"},\"potentialAction\":[{\"@type\":\"SearchAction\",\"target\":{\"@type\":\"EntryPoint\",\"urlTemplate\":\"https:\/\/www.coccigames.com\/?s={search_term_string}\"},\"query-input\":{\"@type\":\"PropertyValueSpecification\",\"valueRequired\":true,\"valueName\":\"search_term_string\"}}],\"inLanguage\":\"fr-FR\"},{\"@type\":\"Organization\",\"@id\":\"https:\/\/www.coccigames.com\/#organization\",\"name\":\"Coccigames\",\"url\":\"https:\/\/www.coccigames.com\/\",\"logo\":{\"@type\":\"ImageObject\",\"inLanguage\":\"fr-FR\",\"@id\":\"https:\/\/www.coccigames.com\/#\/schema\/logo\/image\/\",\"url\":\"https:\/\/www.coccigames.com\/wp-content\/uploads\/2025\/12\/coccigames_logo_v5.png\",\"contentUrl\":\"https:\/\/www.coccigames.com\/wp-content\/uploads\/2025\/12\/coccigames_logo_v5.png\",\"width\":1768,\"height\":424,\"caption\":\"Coccigames\"},\"image\":{\"@id\":\"https:\/\/www.coccigames.com\/#\/schema\/logo\/image\/\"}}]}<\/script>\n<!-- \/ Yoast SEO plugin. -->","yoast_head_json":{"title":"HORUS HERESY: GLAIVE SUPER-HEAVY TANK - Coccigames","robots":{"index":"index","follow":"follow","max-snippet":"max-snippet:-1","max-image-preview":"max-image-preview:large","max-video-preview":"max-video-preview:-1"},"canonical":"https:\/\/www.coccigames.com\/index.php\/produit\/horus-heresy-glaive-super-heavy-tank\/","og_locale":"fr_FR","og_type":"article","og_title":"HORUS HERESY: GLAIVE SUPER-HEAVY TANK - Coccigames","og_description":"R\u00e9duisez vos ennemis en cendres avec la toute-puissance du Char \u00e0 Arme Sp\u00e9ciale Super-lourd Glaive, disponible en plastique pour la toute premi\u00e8re fois. Ces b\u00e9h\u00e9moths rugissants sont arm\u00e9s d\u2019une immense carronade volkite si puissante qu\u2019elle peut faire fondre les armures \u00e9nerg\u00e9tiques, et ils portent une&hellip;","og_url":"https:\/\/www.coccigames.com\/index.php\/produit\/horus-heresy-glaive-super-heavy-tank\/","og_site_name":"Coccigames","article_modified_time":"2026-04-13T06:38:21+00:00","og_image":[{"width":1000,"height":640,"url":"https:\/\/www.coccigames.com\/wp-content\/uploads\/2026\/03\/sundaypreview-mar16-horusheresy-glaive-3kuumwrxen.jpg","type":"image\/jpeg"}],"twitter_card":"summary_large_image","twitter_misc":{"Dur\u00e9e de lecture estim\u00e9e":"1 minute"},"schema":{"@context":"https:\/\/schema.org","@graph":[{"@type":"WebPage","@id":"https:\/\/www.coccigames.com\/index.php\/produit\/horus-heresy-glaive-super-heavy-tank\/","url":"https:\/\/www.coccigames.com\/index.php\/produit\/horus-heresy-glaive-super-heavy-tank\/","name":"HORUS HERESY: GLAIVE SUPER-HEAVY TANK - Coccigames","isPartOf":{"@id":"https:\/\/www.coccigames.com\/#website"},"primaryImageOfPage":{"@id":"https:\/\/www.coccigames.com\/index.php\/produit\/horus-heresy-glaive-super-heavy-tank\/#primaryimage"},"image":{"@id":"https:\/\/www.coccigames.com\/index.php\/produit\/horus-heresy-glaive-super-heavy-tank\/#primaryimage"},"thumbnailUrl":"https:\/\/www.coccigames.com\/wp-content\/uploads\/2026\/03\/sundaypreview-mar16-horusheresy-glaive-3kuumwrxen.jpg","datePublished":"2026-03-24T11:52:08+00:00","dateModified":"2026-04-13T06:38:21+00:00","breadcrumb":{"@id":"https:\/\/www.coccigames.com\/index.php\/produit\/horus-heresy-glaive-super-heavy-tank\/#breadcrumb"},"inLanguage":"fr-FR","potentialAction":[{"@type":"ReadAction","target":["https:\/\/www.coccigames.com\/index.php\/produit\/horus-heresy-glaive-super-heavy-tank\/"]}]},{"@type":"ImageObject","inLanguage":"fr-FR","@id":"https:\/\/www.coccigames.com\/index.php\/produit\/horus-heresy-glaive-super-heavy-tank\/#primaryimage","url":"https:\/\/www.coccigames.com\/wp-content\/uploads\/2026\/03\/sundaypreview-mar16-horusheresy-glaive-3kuumwrxen.jpg","contentUrl":"https:\/\/www.coccigames.com\/wp-content\/uploads\/2026\/03\/sundaypreview-mar16-horusheresy-glaive-3kuumwrxen.jpg","width":1000,"height":640},{"@type":"BreadcrumbList","@id":"https:\/\/www.coccigames.com\/index.php\/produit\/horus-heresy-glaive-super-heavy-tank\/#breadcrumb","itemListElement":[{"@type":"ListItem","position":1,"name":"Accueil","item":"https:\/\/www.coccigames.com\/"},{"@type":"ListItem","position":2,"name":"Boutique","item":"https:\/\/www.coccigames.com\/index.php\/boutique\/"},{"@type":"ListItem","position":3,"name":"HORUS HERESY: GLAIVE SUPER-HEAVY TANK"}]},{"@type":"WebSite","@id":"https:\/\/www.coccigames.com\/#website","url":"https:\/\/www.coccigames.com\/","name":"Coccigames - Figurines et Peintures","description":"Figurines et Peintures","publisher":{"@id":"https:\/\/www.coccigames.com\/#organization"},"potentialAction":[{"@type":"SearchAction","target":{"@type":"EntryPoint","urlTemplate":"https:\/\/www.coccigames.com\/?s={search_term_string}"},"query-input":{"@type":"PropertyValueSpecification","valueRequired":true,"valueName":"search_term_string"}}],"inLanguage":"fr-FR"},{"@type":"Organization","@id":"https:\/\/www.coccigames.com\/#organization","name":"Coccigames","url":"https:\/\/www.coccigames.com\/","logo":{"@type":"ImageObject","inLanguage":"fr-FR","@id":"https:\/\/www.coccigames.com\/#\/schema\/logo\/image\/","url":"https:\/\/www.coccigames.com\/wp-content\/uploads\/2025\/12\/coccigames_logo_v5.png","contentUrl":"https:\/\/www.coccigames.com\/wp-content\/uploads\/2025\/12\/coccigames_logo_v5.png","width":1768,"height":424,"caption":"Coccigames"},"image":{"@id":"https:\/\/www.coccigames.com\/#\/schema\/logo\/image\/"}}]}},"_links":{"self":[{"href":"https:\/\/www.coccigames.com\/index.php\/wp-json\/wp\/v2\/product\/14171","targetHints":{"allow":["GET"]}}],"collection":[{"href":"https:\/\/www.coccigames.com\/index.php\/wp-json\/wp\/v2\/product"}],"about":[{"href":"https:\/\/www.coccigames.com\/index.php\/wp-json\/wp\/v2\/types\/product"}],"replies":[{"embeddable":true,"href":"https:\/\/www.coccigames.com\/index.php\/wp-json\/wp\/v2\/comments?post=14171"}],"wp:featuredmedia":[{"embeddable":true,"href":"https:\/\/www.coccigames.com\/index.php\/wp-json\/wp\/v2\/media\/14174"}],"wp:attachment":[{"href":"https:\/\/www.coccigames.com\/index.php\/wp-json\/wp\/v2\/media?parent=14171"}],"wp:term":[{"taxonomy":"product_brand","embeddable":true,"href":"https:\/\/www.coccigames.com\/index.php\/wp-json\/wp\/v2\/product_brand?post=14171"},{"taxonomy":"product_cat","embeddable":true,"href":"https:\/\/www.coccigames.com\/index.php\/wp-json\/wp\/v2\/product_cat?post=14171"},{"taxonomy":"product_tag","embeddable":true,"href":"https:\/\/www.coccigames.com\/index.php\/wp-json\/wp\/v2\/product_tag?post=14171"}],"curies":[{"name":"wp","href":"https:\/\/api.w.org\/{rel}","templated":true}]}}