{"id":14170,"date":"2026-03-24T12:52:08","date_gmt":"2026-03-24T11:52:08","guid":{"rendered":"https:\/\/www.coccigames.com\/index.php\/produit\/horus-heresylegio-custodes-battle-group\/"},"modified":"2026-04-13T08:38:21","modified_gmt":"2026-04-13T06:38:21","slug":"horus-heresylegio-custodes-battle-group","status":"publish","type":"product","link":"https:\/\/www.coccigames.com\/index.php\/produit\/horus-heresylegio-custodes-battle-group\/","title":{"rendered":"HORUS HERESY: GROUPE DE COMBAT DE LA LEGIO CUSTODES"},"content":{"rendered":"<p>Frappez avec la fureur de l\u2019Empereur en personne en d\u00e9ployant cette force d\u2019\u00e9lite de <a href=\"https:\/\/www.warhammer.com\/shop\/horus-heresy-legio-custodes-battle-group-2026?utm_medium=referral&amp;utm_source=warhammer-community.com\" target=\"_blank\" rel=\"noopener\"><u>Custodiens \u00e0 la pui<\/u><\/a><u>ssanc<\/u><a href=\"https:\/\/www.warhammer.com\/shop\/horus-heresy-legio-custodes-battle-group-2026?utm_medium=referral&amp;utm_source=warhammer-community.com\" target=\"_blank\" rel=\"noopener\"><u>e d\u00e9vastatrice<\/u><\/a>, qui se compose de fantassins, d\u2019un terrible Dreadnought et d\u2019un char antigrav agile qui n\u2019\u00e9tait jusqu\u2019alors disponible qu\u2019en r\u00e9sine. Cette bo\u00eete contient les figurines en plastique suivantes\u00a0:<\/p>\n<ul>\n<li>Un Capitaine-rempart<\/li>\n<li>6\u00a0Gardes Custodiens<\/li>\n<li>6\u00a0Gardes Sentinelles<\/li>\n<li>Un Dreadnought Contemptor-Achillus, pouvant aussi \u00eatre assembl\u00e9 en tant que Dreadnought Contemptor-Galatus<\/li>\n<li>Un Char Antigrav Caladius Annihilator<\/li>\n<\/ul>\n<p>Aux c\u00f4t\u00e9s de ces figurines, vous trouverez \u00e9galement une planche de d\u00e9calcos de Dreadnought de la Legio Custodes comprenant 165\u00a0d\u00e9calcos et une planche de d\u00e9calcos de V\u00e9hicule de la Legio Custodes comprenant 210\u00a0d\u00e9calcos.<\/p>\n","protected":false},"excerpt":{"rendered":"<p>Frappez avec la fureur de l\u2019Empereur en personne en d\u00e9ployant cette force d\u2019\u00e9lite de Custodiens \u00e0 la puissance d\u00e9vastatrice, qui se compose de fantassins, d\u2019un terrible Dreadnought et d\u2019un char antigrav agile qui n\u2019\u00e9tait jusqu\u2019alors disponible qu\u2019en r\u00e9sine. Cette bo\u00eete contient les figurines en plastique&hellip;<\/p>\n","protected":false},"featured_media":14177,"comment_status":"closed","ping_status":"closed","template":"","meta":[],"product_brand":[23],"product_cat":[6230],"product_tag":[],"class_list":{"0":"post-14170","1":"product","2":"type-product","3":"status-publish","4":"has-post-thumbnail","6":"product_brand-games-workshop","7":"product_cat-astartes","9":"first","10":"onbackorder","11":"sale","12":"taxable","13":"shipping-taxable","14":"purchasable","15":"product-type-simple"},"yoast_head":"<!-- This site is optimized with the Yoast SEO plugin v26.4 - https:\/\/yoast.com\/wordpress\/plugins\/seo\/ -->\n<title>HORUS HERESY: GROUPE DE COMBAT DE LA LEGIO CUSTODES - Coccigames<\/title>\n<meta name=\"robots\" content=\"index, follow, max-snippet:-1, max-image-preview:large, max-video-preview:-1\" \/>\n<link rel=\"canonical\" href=\"https:\/\/www.coccigames.com\/index.php\/produit\/horus-heresylegio-custodes-battle-group\/\" \/>\n<meta property=\"og:locale\" content=\"fr_FR\" \/>\n<meta property=\"og:type\" content=\"article\" \/>\n<meta property=\"og:title\" content=\"HORUS HERESY: GROUPE DE COMBAT DE LA LEGIO CUSTODES - Coccigames\" \/>\n<meta property=\"og:description\" content=\"Frappez avec la fureur de l\u2019Empereur en personne en d\u00e9ployant cette force d\u2019\u00e9lite de Custodiens \u00e0 la puissance d\u00e9vastatrice, qui se compose de fantassins, d\u2019un terrible Dreadnought et d\u2019un char antigrav agile qui n\u2019\u00e9tait jusqu\u2019alors disponible qu\u2019en r\u00e9sine. Cette bo\u00eete contient les figurines en plastique&hellip;\" \/>\n<meta property=\"og:url\" content=\"https:\/\/www.coccigames.com\/index.php\/produit\/horus-heresylegio-custodes-battle-group\/\" \/>\n<meta property=\"og:site_name\" content=\"Coccigames\" \/>\n<meta property=\"article:modified_time\" content=\"2026-04-13T06:38:21+00:00\" \/>\n<meta property=\"og:image\" content=\"https:\/\/www.coccigames.com\/wp-content\/uploads\/2026\/03\/sundaypreview-mar16-horusheresy-box-tmkuy13rfl.jpg\" \/>\n\t<meta property=\"og:image:width\" content=\"1000\" \/>\n\t<meta property=\"og:image:height\" content=\"954\" \/>\n\t<meta property=\"og:image:type\" content=\"image\/jpeg\" \/>\n<meta name=\"twitter:card\" content=\"summary_large_image\" \/>\n<meta name=\"twitter:label1\" content=\"Dur\u00e9e de lecture estim\u00e9e\" \/>\n\t<meta name=\"twitter:data1\" content=\"1 minute\" \/>\n<script type=\"application\/ld+json\" class=\"yoast-schema-graph\">{\"@context\":\"https:\/\/schema.org\",\"@graph\":[{\"@type\":\"WebPage\",\"@id\":\"https:\/\/www.coccigames.com\/index.php\/produit\/horus-heresylegio-custodes-battle-group\/\",\"url\":\"https:\/\/www.coccigames.com\/index.php\/produit\/horus-heresylegio-custodes-battle-group\/\",\"name\":\"HORUS HERESY: GROUPE DE COMBAT DE LA LEGIO CUSTODES - Coccigames\",\"isPartOf\":{\"@id\":\"https:\/\/www.coccigames.com\/#website\"},\"primaryImageOfPage\":{\"@id\":\"https:\/\/www.coccigames.com\/index.php\/produit\/horus-heresylegio-custodes-battle-group\/#primaryimage\"},\"image\":{\"@id\":\"https:\/\/www.coccigames.com\/index.php\/produit\/horus-heresylegio-custodes-battle-group\/#primaryimage\"},\"thumbnailUrl\":\"https:\/\/www.coccigames.com\/wp-content\/uploads\/2026\/03\/sundaypreview-mar16-horusheresy-box-tmkuy13rfl.jpg\",\"datePublished\":\"2026-03-24T11:52:08+00:00\",\"dateModified\":\"2026-04-13T06:38:21+00:00\",\"breadcrumb\":{\"@id\":\"https:\/\/www.coccigames.com\/index.php\/produit\/horus-heresylegio-custodes-battle-group\/#breadcrumb\"},\"inLanguage\":\"fr-FR\",\"potentialAction\":[{\"@type\":\"ReadAction\",\"target\":[\"https:\/\/www.coccigames.com\/index.php\/produit\/horus-heresylegio-custodes-battle-group\/\"]}]},{\"@type\":\"ImageObject\",\"inLanguage\":\"fr-FR\",\"@id\":\"https:\/\/www.coccigames.com\/index.php\/produit\/horus-heresylegio-custodes-battle-group\/#primaryimage\",\"url\":\"https:\/\/www.coccigames.com\/wp-content\/uploads\/2026\/03\/sundaypreview-mar16-horusheresy-box-tmkuy13rfl.jpg\",\"contentUrl\":\"https:\/\/www.coccigames.com\/wp-content\/uploads\/2026\/03\/sundaypreview-mar16-horusheresy-box-tmkuy13rfl.jpg\",\"width\":1000,\"height\":954},{\"@type\":\"BreadcrumbList\",\"@id\":\"https:\/\/www.coccigames.com\/index.php\/produit\/horus-heresylegio-custodes-battle-group\/#breadcrumb\",\"itemListElement\":[{\"@type\":\"ListItem\",\"position\":1,\"name\":\"Accueil\",\"item\":\"https:\/\/www.coccigames.com\/\"},{\"@type\":\"ListItem\",\"position\":2,\"name\":\"Boutique\",\"item\":\"https:\/\/www.coccigames.com\/index.php\/boutique\/\"},{\"@type\":\"ListItem\",\"position\":3,\"name\":\"HORUS HERESY: GROUPE DE COMBAT DE LA LEGIO CUSTODES\"}]},{\"@type\":\"WebSite\",\"@id\":\"https:\/\/www.coccigames.com\/#website\",\"url\":\"https:\/\/www.coccigames.com\/\",\"name\":\"Coccigames - Figurines et Peintures\",\"description\":\"Figurines et Peintures\",\"publisher\":{\"@id\":\"https:\/\/www.coccigames.com\/#organization\"},\"potentialAction\":[{\"@type\":\"SearchAction\",\"target\":{\"@type\":\"EntryPoint\",\"urlTemplate\":\"https:\/\/www.coccigames.com\/?s={search_term_string}\"},\"query-input\":{\"@type\":\"PropertyValueSpecification\",\"valueRequired\":true,\"valueName\":\"search_term_string\"}}],\"inLanguage\":\"fr-FR\"},{\"@type\":\"Organization\",\"@id\":\"https:\/\/www.coccigames.com\/#organization\",\"name\":\"Coccigames\",\"url\":\"https:\/\/www.coccigames.com\/\",\"logo\":{\"@type\":\"ImageObject\",\"inLanguage\":\"fr-FR\",\"@id\":\"https:\/\/www.coccigames.com\/#\/schema\/logo\/image\/\",\"url\":\"https:\/\/www.coccigames.com\/wp-content\/uploads\/2025\/12\/coccigames_logo_v5.png\",\"contentUrl\":\"https:\/\/www.coccigames.com\/wp-content\/uploads\/2025\/12\/coccigames_logo_v5.png\",\"width\":1768,\"height\":424,\"caption\":\"Coccigames\"},\"image\":{\"@id\":\"https:\/\/www.coccigames.com\/#\/schema\/logo\/image\/\"}}]}<\/script>\n<!-- \/ Yoast SEO plugin. -->","yoast_head_json":{"title":"HORUS HERESY: GROUPE DE COMBAT DE LA LEGIO CUSTODES - Coccigames","robots":{"index":"index","follow":"follow","max-snippet":"max-snippet:-1","max-image-preview":"max-image-preview:large","max-video-preview":"max-video-preview:-1"},"canonical":"https:\/\/www.coccigames.com\/index.php\/produit\/horus-heresylegio-custodes-battle-group\/","og_locale":"fr_FR","og_type":"article","og_title":"HORUS HERESY: GROUPE DE COMBAT DE LA LEGIO CUSTODES - Coccigames","og_description":"Frappez avec la fureur de l\u2019Empereur en personne en d\u00e9ployant cette force d\u2019\u00e9lite de Custodiens \u00e0 la puissance d\u00e9vastatrice, qui se compose de fantassins, d\u2019un terrible Dreadnought et d\u2019un char antigrav agile qui n\u2019\u00e9tait jusqu\u2019alors disponible qu\u2019en r\u00e9sine. Cette bo\u00eete contient les figurines en plastique&hellip;","og_url":"https:\/\/www.coccigames.com\/index.php\/produit\/horus-heresylegio-custodes-battle-group\/","og_site_name":"Coccigames","article_modified_time":"2026-04-13T06:38:21+00:00","og_image":[{"width":1000,"height":954,"url":"https:\/\/www.coccigames.com\/wp-content\/uploads\/2026\/03\/sundaypreview-mar16-horusheresy-box-tmkuy13rfl.jpg","type":"image\/jpeg"}],"twitter_card":"summary_large_image","twitter_misc":{"Dur\u00e9e de lecture estim\u00e9e":"1 minute"},"schema":{"@context":"https:\/\/schema.org","@graph":[{"@type":"WebPage","@id":"https:\/\/www.coccigames.com\/index.php\/produit\/horus-heresylegio-custodes-battle-group\/","url":"https:\/\/www.coccigames.com\/index.php\/produit\/horus-heresylegio-custodes-battle-group\/","name":"HORUS HERESY: GROUPE DE COMBAT DE LA LEGIO CUSTODES - Coccigames","isPartOf":{"@id":"https:\/\/www.coccigames.com\/#website"},"primaryImageOfPage":{"@id":"https:\/\/www.coccigames.com\/index.php\/produit\/horus-heresylegio-custodes-battle-group\/#primaryimage"},"image":{"@id":"https:\/\/www.coccigames.com\/index.php\/produit\/horus-heresylegio-custodes-battle-group\/#primaryimage"},"thumbnailUrl":"https:\/\/www.coccigames.com\/wp-content\/uploads\/2026\/03\/sundaypreview-mar16-horusheresy-box-tmkuy13rfl.jpg","datePublished":"2026-03-24T11:52:08+00:00","dateModified":"2026-04-13T06:38:21+00:00","breadcrumb":{"@id":"https:\/\/www.coccigames.com\/index.php\/produit\/horus-heresylegio-custodes-battle-group\/#breadcrumb"},"inLanguage":"fr-FR","potentialAction":[{"@type":"ReadAction","target":["https:\/\/www.coccigames.com\/index.php\/produit\/horus-heresylegio-custodes-battle-group\/"]}]},{"@type":"ImageObject","inLanguage":"fr-FR","@id":"https:\/\/www.coccigames.com\/index.php\/produit\/horus-heresylegio-custodes-battle-group\/#primaryimage","url":"https:\/\/www.coccigames.com\/wp-content\/uploads\/2026\/03\/sundaypreview-mar16-horusheresy-box-tmkuy13rfl.jpg","contentUrl":"https:\/\/www.coccigames.com\/wp-content\/uploads\/2026\/03\/sundaypreview-mar16-horusheresy-box-tmkuy13rfl.jpg","width":1000,"height":954},{"@type":"BreadcrumbList","@id":"https:\/\/www.coccigames.com\/index.php\/produit\/horus-heresylegio-custodes-battle-group\/#breadcrumb","itemListElement":[{"@type":"ListItem","position":1,"name":"Accueil","item":"https:\/\/www.coccigames.com\/"},{"@type":"ListItem","position":2,"name":"Boutique","item":"https:\/\/www.coccigames.com\/index.php\/boutique\/"},{"@type":"ListItem","position":3,"name":"HORUS HERESY: GROUPE DE COMBAT DE LA LEGIO CUSTODES"}]},{"@type":"WebSite","@id":"https:\/\/www.coccigames.com\/#website","url":"https:\/\/www.coccigames.com\/","name":"Coccigames - Figurines et Peintures","description":"Figurines et Peintures","publisher":{"@id":"https:\/\/www.coccigames.com\/#organization"},"potentialAction":[{"@type":"SearchAction","target":{"@type":"EntryPoint","urlTemplate":"https:\/\/www.coccigames.com\/?s={search_term_string}"},"query-input":{"@type":"PropertyValueSpecification","valueRequired":true,"valueName":"search_term_string"}}],"inLanguage":"fr-FR"},{"@type":"Organization","@id":"https:\/\/www.coccigames.com\/#organization","name":"Coccigames","url":"https:\/\/www.coccigames.com\/","logo":{"@type":"ImageObject","inLanguage":"fr-FR","@id":"https:\/\/www.coccigames.com\/#\/schema\/logo\/image\/","url":"https:\/\/www.coccigames.com\/wp-content\/uploads\/2025\/12\/coccigames_logo_v5.png","contentUrl":"https:\/\/www.coccigames.com\/wp-content\/uploads\/2025\/12\/coccigames_logo_v5.png","width":1768,"height":424,"caption":"Coccigames"},"image":{"@id":"https:\/\/www.coccigames.com\/#\/schema\/logo\/image\/"}}]}},"_links":{"self":[{"href":"https:\/\/www.coccigames.com\/index.php\/wp-json\/wp\/v2\/product\/14170","targetHints":{"allow":["GET"]}}],"collection":[{"href":"https:\/\/www.coccigames.com\/index.php\/wp-json\/wp\/v2\/product"}],"about":[{"href":"https:\/\/www.coccigames.com\/index.php\/wp-json\/wp\/v2\/types\/product"}],"replies":[{"embeddable":true,"href":"https:\/\/www.coccigames.com\/index.php\/wp-json\/wp\/v2\/comments?post=14170"}],"wp:featuredmedia":[{"embeddable":true,"href":"https:\/\/www.coccigames.com\/index.php\/wp-json\/wp\/v2\/media\/14177"}],"wp:attachment":[{"href":"https:\/\/www.coccigames.com\/index.php\/wp-json\/wp\/v2\/media?parent=14170"}],"wp:term":[{"taxonomy":"product_brand","embeddable":true,"href":"https:\/\/www.coccigames.com\/index.php\/wp-json\/wp\/v2\/product_brand?post=14170"},{"taxonomy":"product_cat","embeddable":true,"href":"https:\/\/www.coccigames.com\/index.php\/wp-json\/wp\/v2\/product_cat?post=14170"},{"taxonomy":"product_tag","embeddable":true,"href":"https:\/\/www.coccigames.com\/index.php\/wp-json\/wp\/v2\/product_tag?post=14170"}],"curies":[{"name":"wp","href":"https:\/\/api.w.org\/{rel}","templated":true}]}}