{"id":14168,"date":"2026-03-24T12:52:08","date_gmt":"2026-03-24T11:52:08","guid":{"rendered":"https:\/\/www.coccigames.com\/index.php\/produit\/journal-tactica-mailed-fist\/"},"modified":"2026-04-13T08:38:21","modified_gmt":"2026-04-13T06:38:21","slug":"journal-tactica-mailed-fist","status":"publish","type":"product","link":"https:\/\/www.coccigames.com\/index.php\/produit\/journal-tactica-mailed-fist\/","title":{"rendered":"JOURNAL TACTICA \u2013 MAILED FIST: HORUS HERESY: SUPER-HEAVY TANKS (ANGLAIS)"},"content":{"rendered":"<p>D\u00e9couvrez tout ce qu\u2019il y a \u00e0 savoir sur les chars super-lourds accessibles aux L\u00e9gions space marines avec le dernier suppl\u00e9ment de la s\u00e9rie des Journal Tactica\u00a0: <a href=\"https:\/\/www.warhammer.com\/shop\/journal-tactica-mailed-fist-2026-eng?utm_medium=referral&amp;utm_source=warhammer-community.com\" target=\"_blank\" rel=\"noopener\"><em><u>Mailed Fist<\/u><\/em><\/a>. Dans ce livre \u00e0 couverture souple de 48 pages, vous trouverez un riche historique sur ces gigantesques v\u00e9hicules, des r\u00e8gles pour les missions Leviathan con\u00e7ues pour d\u00e9ployer des l\u00e9gions de chars, de nouvelles options de D\u00e9curion pour le Fellblade et le Falchion, et plus encore.<\/p>\n","protected":false},"excerpt":{"rendered":"<p>D\u00e9couvrez tout ce qu\u2019il y a \u00e0 savoir sur les chars super-lourds accessibles aux L\u00e9gions space marines avec le dernier suppl\u00e9ment de la s\u00e9rie des Journal Tactica\u00a0: Mailed Fist. Dans ce livre \u00e0 couverture souple de 48 pages, vous trouverez un riche historique sur ces&hellip;<\/p>\n","protected":false},"featured_media":14176,"comment_status":"closed","ping_status":"closed","template":"","meta":[],"product_brand":[23],"product_cat":[6230],"product_tag":[129],"class_list":{"0":"post-14168","1":"product","2":"type-product","3":"status-publish","4":"has-post-thumbnail","6":"product_brand-games-workshop","7":"product_cat-astartes","8":"product_tag-livre","10":"first","11":"onbackorder","12":"sale","13":"taxable","14":"shipping-taxable","15":"purchasable","16":"product-type-simple"},"yoast_head":"<!-- This site is optimized with the Yoast SEO plugin v26.4 - https:\/\/yoast.com\/wordpress\/plugins\/seo\/ -->\n<title>JOURNAL TACTICA \u2013 MAILED FIST: HORUS HERESY: SUPER-HEAVY TANKS (ANGLAIS) - Coccigames<\/title>\n<meta name=\"robots\" content=\"index, follow, max-snippet:-1, max-image-preview:large, max-video-preview:-1\" \/>\n<link rel=\"canonical\" href=\"https:\/\/www.coccigames.com\/index.php\/produit\/journal-tactica-mailed-fist\/\" \/>\n<meta property=\"og:locale\" content=\"fr_FR\" \/>\n<meta property=\"og:type\" content=\"article\" \/>\n<meta property=\"og:title\" content=\"JOURNAL TACTICA \u2013 MAILED FIST: HORUS HERESY: SUPER-HEAVY TANKS (ANGLAIS) - Coccigames\" \/>\n<meta property=\"og:description\" content=\"D\u00e9couvrez tout ce qu\u2019il y a \u00e0 savoir sur les chars super-lourds accessibles aux L\u00e9gions space marines avec le dernier suppl\u00e9ment de la s\u00e9rie des Journal Tactica\u00a0: Mailed Fist. Dans ce livre \u00e0 couverture souple de 48 pages, vous trouverez un riche historique sur ces&hellip;\" \/>\n<meta property=\"og:url\" content=\"https:\/\/www.coccigames.com\/index.php\/produit\/journal-tactica-mailed-fist\/\" \/>\n<meta property=\"og:site_name\" content=\"Coccigames\" \/>\n<meta property=\"article:modified_time\" content=\"2026-04-13T06:38:21+00:00\" \/>\n<meta property=\"og:image\" content=\"https:\/\/www.coccigames.com\/wp-content\/uploads\/2026\/03\/sundaypreview-mar16-horusheresy-book-xikd0dfnvg.jpg\" \/>\n\t<meta property=\"og:image:width\" content=\"1000\" \/>\n\t<meta property=\"og:image:height\" content=\"1000\" \/>\n\t<meta property=\"og:image:type\" content=\"image\/jpeg\" \/>\n<meta name=\"twitter:card\" content=\"summary_large_image\" \/>\n<meta name=\"twitter:label1\" content=\"Dur\u00e9e de lecture estim\u00e9e\" \/>\n\t<meta name=\"twitter:data1\" content=\"1 minute\" \/>\n<script type=\"application\/ld+json\" class=\"yoast-schema-graph\">{\"@context\":\"https:\/\/schema.org\",\"@graph\":[{\"@type\":\"WebPage\",\"@id\":\"https:\/\/www.coccigames.com\/index.php\/produit\/journal-tactica-mailed-fist\/\",\"url\":\"https:\/\/www.coccigames.com\/index.php\/produit\/journal-tactica-mailed-fist\/\",\"name\":\"JOURNAL TACTICA \u2013 MAILED FIST: HORUS HERESY: SUPER-HEAVY TANKS (ANGLAIS) - Coccigames\",\"isPartOf\":{\"@id\":\"https:\/\/www.coccigames.com\/#website\"},\"primaryImageOfPage\":{\"@id\":\"https:\/\/www.coccigames.com\/index.php\/produit\/journal-tactica-mailed-fist\/#primaryimage\"},\"image\":{\"@id\":\"https:\/\/www.coccigames.com\/index.php\/produit\/journal-tactica-mailed-fist\/#primaryimage\"},\"thumbnailUrl\":\"https:\/\/www.coccigames.com\/wp-content\/uploads\/2026\/03\/sundaypreview-mar16-horusheresy-book-xikd0dfnvg.jpg\",\"datePublished\":\"2026-03-24T11:52:08+00:00\",\"dateModified\":\"2026-04-13T06:38:21+00:00\",\"breadcrumb\":{\"@id\":\"https:\/\/www.coccigames.com\/index.php\/produit\/journal-tactica-mailed-fist\/#breadcrumb\"},\"inLanguage\":\"fr-FR\",\"potentialAction\":[{\"@type\":\"ReadAction\",\"target\":[\"https:\/\/www.coccigames.com\/index.php\/produit\/journal-tactica-mailed-fist\/\"]}]},{\"@type\":\"ImageObject\",\"inLanguage\":\"fr-FR\",\"@id\":\"https:\/\/www.coccigames.com\/index.php\/produit\/journal-tactica-mailed-fist\/#primaryimage\",\"url\":\"https:\/\/www.coccigames.com\/wp-content\/uploads\/2026\/03\/sundaypreview-mar16-horusheresy-book-xikd0dfnvg.jpg\",\"contentUrl\":\"https:\/\/www.coccigames.com\/wp-content\/uploads\/2026\/03\/sundaypreview-mar16-horusheresy-book-xikd0dfnvg.jpg\",\"width\":1000,\"height\":1000},{\"@type\":\"BreadcrumbList\",\"@id\":\"https:\/\/www.coccigames.com\/index.php\/produit\/journal-tactica-mailed-fist\/#breadcrumb\",\"itemListElement\":[{\"@type\":\"ListItem\",\"position\":1,\"name\":\"Accueil\",\"item\":\"https:\/\/www.coccigames.com\/\"},{\"@type\":\"ListItem\",\"position\":2,\"name\":\"Boutique\",\"item\":\"https:\/\/www.coccigames.com\/index.php\/boutique\/\"},{\"@type\":\"ListItem\",\"position\":3,\"name\":\"JOURNAL TACTICA \u2013 MAILED FIST: HORUS HERESY: SUPER-HEAVY TANKS (ANGLAIS)\"}]},{\"@type\":\"WebSite\",\"@id\":\"https:\/\/www.coccigames.com\/#website\",\"url\":\"https:\/\/www.coccigames.com\/\",\"name\":\"Coccigames - Figurines et Peintures\",\"description\":\"Figurines et Peintures\",\"publisher\":{\"@id\":\"https:\/\/www.coccigames.com\/#organization\"},\"potentialAction\":[{\"@type\":\"SearchAction\",\"target\":{\"@type\":\"EntryPoint\",\"urlTemplate\":\"https:\/\/www.coccigames.com\/?s={search_term_string}\"},\"query-input\":{\"@type\":\"PropertyValueSpecification\",\"valueRequired\":true,\"valueName\":\"search_term_string\"}}],\"inLanguage\":\"fr-FR\"},{\"@type\":\"Organization\",\"@id\":\"https:\/\/www.coccigames.com\/#organization\",\"name\":\"Coccigames\",\"url\":\"https:\/\/www.coccigames.com\/\",\"logo\":{\"@type\":\"ImageObject\",\"inLanguage\":\"fr-FR\",\"@id\":\"https:\/\/www.coccigames.com\/#\/schema\/logo\/image\/\",\"url\":\"https:\/\/www.coccigames.com\/wp-content\/uploads\/2025\/12\/coccigames_logo_v5.png\",\"contentUrl\":\"https:\/\/www.coccigames.com\/wp-content\/uploads\/2025\/12\/coccigames_logo_v5.png\",\"width\":1768,\"height\":424,\"caption\":\"Coccigames\"},\"image\":{\"@id\":\"https:\/\/www.coccigames.com\/#\/schema\/logo\/image\/\"}}]}<\/script>\n<!-- \/ Yoast SEO plugin. -->","yoast_head_json":{"title":"JOURNAL TACTICA \u2013 MAILED FIST: HORUS HERESY: SUPER-HEAVY TANKS (ANGLAIS) - Coccigames","robots":{"index":"index","follow":"follow","max-snippet":"max-snippet:-1","max-image-preview":"max-image-preview:large","max-video-preview":"max-video-preview:-1"},"canonical":"https:\/\/www.coccigames.com\/index.php\/produit\/journal-tactica-mailed-fist\/","og_locale":"fr_FR","og_type":"article","og_title":"JOURNAL TACTICA \u2013 MAILED FIST: HORUS HERESY: SUPER-HEAVY TANKS (ANGLAIS) - Coccigames","og_description":"D\u00e9couvrez tout ce qu\u2019il y a \u00e0 savoir sur les chars super-lourds accessibles aux L\u00e9gions space marines avec le dernier suppl\u00e9ment de la s\u00e9rie des Journal Tactica\u00a0: Mailed Fist. Dans ce livre \u00e0 couverture souple de 48 pages, vous trouverez un riche historique sur ces&hellip;","og_url":"https:\/\/www.coccigames.com\/index.php\/produit\/journal-tactica-mailed-fist\/","og_site_name":"Coccigames","article_modified_time":"2026-04-13T06:38:21+00:00","og_image":[{"width":1000,"height":1000,"url":"https:\/\/www.coccigames.com\/wp-content\/uploads\/2026\/03\/sundaypreview-mar16-horusheresy-book-xikd0dfnvg.jpg","type":"image\/jpeg"}],"twitter_card":"summary_large_image","twitter_misc":{"Dur\u00e9e de lecture estim\u00e9e":"1 minute"},"schema":{"@context":"https:\/\/schema.org","@graph":[{"@type":"WebPage","@id":"https:\/\/www.coccigames.com\/index.php\/produit\/journal-tactica-mailed-fist\/","url":"https:\/\/www.coccigames.com\/index.php\/produit\/journal-tactica-mailed-fist\/","name":"JOURNAL TACTICA \u2013 MAILED FIST: HORUS HERESY: SUPER-HEAVY TANKS (ANGLAIS) - Coccigames","isPartOf":{"@id":"https:\/\/www.coccigames.com\/#website"},"primaryImageOfPage":{"@id":"https:\/\/www.coccigames.com\/index.php\/produit\/journal-tactica-mailed-fist\/#primaryimage"},"image":{"@id":"https:\/\/www.coccigames.com\/index.php\/produit\/journal-tactica-mailed-fist\/#primaryimage"},"thumbnailUrl":"https:\/\/www.coccigames.com\/wp-content\/uploads\/2026\/03\/sundaypreview-mar16-horusheresy-book-xikd0dfnvg.jpg","datePublished":"2026-03-24T11:52:08+00:00","dateModified":"2026-04-13T06:38:21+00:00","breadcrumb":{"@id":"https:\/\/www.coccigames.com\/index.php\/produit\/journal-tactica-mailed-fist\/#breadcrumb"},"inLanguage":"fr-FR","potentialAction":[{"@type":"ReadAction","target":["https:\/\/www.coccigames.com\/index.php\/produit\/journal-tactica-mailed-fist\/"]}]},{"@type":"ImageObject","inLanguage":"fr-FR","@id":"https:\/\/www.coccigames.com\/index.php\/produit\/journal-tactica-mailed-fist\/#primaryimage","url":"https:\/\/www.coccigames.com\/wp-content\/uploads\/2026\/03\/sundaypreview-mar16-horusheresy-book-xikd0dfnvg.jpg","contentUrl":"https:\/\/www.coccigames.com\/wp-content\/uploads\/2026\/03\/sundaypreview-mar16-horusheresy-book-xikd0dfnvg.jpg","width":1000,"height":1000},{"@type":"BreadcrumbList","@id":"https:\/\/www.coccigames.com\/index.php\/produit\/journal-tactica-mailed-fist\/#breadcrumb","itemListElement":[{"@type":"ListItem","position":1,"name":"Accueil","item":"https:\/\/www.coccigames.com\/"},{"@type":"ListItem","position":2,"name":"Boutique","item":"https:\/\/www.coccigames.com\/index.php\/boutique\/"},{"@type":"ListItem","position":3,"name":"JOURNAL TACTICA \u2013 MAILED FIST: HORUS HERESY: SUPER-HEAVY TANKS (ANGLAIS)"}]},{"@type":"WebSite","@id":"https:\/\/www.coccigames.com\/#website","url":"https:\/\/www.coccigames.com\/","name":"Coccigames - Figurines et Peintures","description":"Figurines et Peintures","publisher":{"@id":"https:\/\/www.coccigames.com\/#organization"},"potentialAction":[{"@type":"SearchAction","target":{"@type":"EntryPoint","urlTemplate":"https:\/\/www.coccigames.com\/?s={search_term_string}"},"query-input":{"@type":"PropertyValueSpecification","valueRequired":true,"valueName":"search_term_string"}}],"inLanguage":"fr-FR"},{"@type":"Organization","@id":"https:\/\/www.coccigames.com\/#organization","name":"Coccigames","url":"https:\/\/www.coccigames.com\/","logo":{"@type":"ImageObject","inLanguage":"fr-FR","@id":"https:\/\/www.coccigames.com\/#\/schema\/logo\/image\/","url":"https:\/\/www.coccigames.com\/wp-content\/uploads\/2025\/12\/coccigames_logo_v5.png","contentUrl":"https:\/\/www.coccigames.com\/wp-content\/uploads\/2025\/12\/coccigames_logo_v5.png","width":1768,"height":424,"caption":"Coccigames"},"image":{"@id":"https:\/\/www.coccigames.com\/#\/schema\/logo\/image\/"}}]}},"_links":{"self":[{"href":"https:\/\/www.coccigames.com\/index.php\/wp-json\/wp\/v2\/product\/14168","targetHints":{"allow":["GET"]}}],"collection":[{"href":"https:\/\/www.coccigames.com\/index.php\/wp-json\/wp\/v2\/product"}],"about":[{"href":"https:\/\/www.coccigames.com\/index.php\/wp-json\/wp\/v2\/types\/product"}],"replies":[{"embeddable":true,"href":"https:\/\/www.coccigames.com\/index.php\/wp-json\/wp\/v2\/comments?post=14168"}],"wp:featuredmedia":[{"embeddable":true,"href":"https:\/\/www.coccigames.com\/index.php\/wp-json\/wp\/v2\/media\/14176"}],"wp:attachment":[{"href":"https:\/\/www.coccigames.com\/index.php\/wp-json\/wp\/v2\/media?parent=14168"}],"wp:term":[{"taxonomy":"product_brand","embeddable":true,"href":"https:\/\/www.coccigames.com\/index.php\/wp-json\/wp\/v2\/product_brand?post=14168"},{"taxonomy":"product_cat","embeddable":true,"href":"https:\/\/www.coccigames.com\/index.php\/wp-json\/wp\/v2\/product_cat?post=14168"},{"taxonomy":"product_tag","embeddable":true,"href":"https:\/\/www.coccigames.com\/index.php\/wp-json\/wp\/v2\/product_tag?post=14168"}],"curies":[{"name":"wp","href":"https:\/\/api.w.org\/{rel}","templated":true}]}}