{"id":14167,"date":"2026-03-28T11:00:07","date_gmt":"2026-03-28T10:00:07","guid":{"rendered":"https:\/\/www.coccigames.com\/index.php\/produit\/daughters-khaine-coterie-de-moirenees\/"},"modified":"2026-04-13T08:38:21","modified_gmt":"2026-04-13T06:38:21","slug":"daughters-khaine-coterie-de-moirenees","status":"publish","type":"product","link":"https:\/\/www.coccigames.com\/index.php\/produit\/daughters-khaine-coterie-de-moirenees\/","title":{"rendered":"Bataillon : Coterie de Moiren\u00e9es"},"content":{"rendered":"<p>D\u00e9butez ou accroissez votre arm\u00e9e avec l\u2019aide de la Coterie de Moiren\u00e9es, un conventicule de championnes tri\u00e9es sur le volet par Morathi-Khaine pour servir ses int\u00e9r\u00eats \u00e0 la bataille. Ces monstres alt\u00e9r\u00e9s et d\u2019une loyaut\u00e9 fanatique sont men\u00e9s par Morathi-Khaine en personne, sous sa forme aelfique, entra\u00eenant aussi avec elle son incarnation ail\u00e9e de Reine de l\u2019Ombre. Ils se composent de cinq \u00c9tripeuses Khinera\u00ef pouvant autrement \u00eatre assembl\u00e9es comme des \u00c9gorgeuses Khinera\u00ef, ainsi que de 10 S\u0153urs de Sang pouvant \u00eatre assembl\u00e9es comme des R\u00f4deuses de Sang.<\/p>\n<p>&nbsp;<\/p>\n","protected":false},"excerpt":{"rendered":"<p>D\u00e9butez ou accroissez votre arm\u00e9e avec l\u2019aide de la Coterie de Moiren\u00e9es, un conventicule de championnes tri\u00e9es sur le volet par Morathi-Khaine pour servir ses int\u00e9r\u00eats \u00e0 la bataille. Ces monstres alt\u00e9r\u00e9s et d\u2019une loyaut\u00e9 fanatique sont men\u00e9s par Morathi-Khaine en personne, sous sa forme&hellip;<\/p>\n","protected":false},"featured_media":14186,"comment_status":"closed","ping_status":"closed","template":"","meta":[],"product_brand":[23],"product_cat":[387],"product_tag":[267,90],"class_list":{"0":"post-14167","1":"product","2":"type-product","3":"status-publish","4":"has-post-thumbnail","6":"product_brand-games-workshop","7":"product_cat-daughter-of-khaine","8":"product_tag-daughters-of-khaine","9":"product_tag-order","11":"first","12":"onbackorder","13":"sale","14":"taxable","15":"shipping-taxable","16":"purchasable","17":"product-type-simple"},"yoast_head":"<!-- This site is optimized with the Yoast SEO plugin v26.4 - https:\/\/yoast.com\/wordpress\/plugins\/seo\/ -->\n<title>Bataillon : Coterie de Moiren\u00e9es - Coccigames<\/title>\n<meta name=\"robots\" content=\"index, follow, max-snippet:-1, max-image-preview:large, max-video-preview:-1\" \/>\n<link rel=\"canonical\" href=\"https:\/\/www.coccigames.com\/index.php\/produit\/daughters-khaine-coterie-de-moirenees\/\" \/>\n<meta property=\"og:locale\" content=\"fr_FR\" \/>\n<meta property=\"og:type\" content=\"article\" \/>\n<meta property=\"og:title\" content=\"Bataillon : Coterie de Moiren\u00e9es - Coccigames\" \/>\n<meta property=\"og:description\" content=\"D\u00e9butez ou accroissez votre arm\u00e9e avec l\u2019aide de la Coterie de Moiren\u00e9es, un conventicule de championnes tri\u00e9es sur le volet par Morathi-Khaine pour servir ses int\u00e9r\u00eats \u00e0 la bataille. Ces monstres alt\u00e9r\u00e9s et d\u2019une loyaut\u00e9 fanatique sont men\u00e9s par Morathi-Khaine en personne, sous sa forme&hellip;\" \/>\n<meta property=\"og:url\" content=\"https:\/\/www.coccigames.com\/index.php\/produit\/daughters-khaine-coterie-de-moirenees\/\" \/>\n<meta property=\"og:site_name\" content=\"Coccigames\" \/>\n<meta property=\"article:modified_time\" content=\"2026-04-13T06:38:21+00:00\" \/>\n<meta property=\"og:image\" content=\"https:\/\/www.coccigames.com\/wp-content\/uploads\/2026\/03\/sundaypreview-mar22-aos-dok6-h7gvie8kyg.jpg\" \/>\n\t<meta property=\"og:image:width\" content=\"1000\" \/>\n\t<meta property=\"og:image:height\" content=\"1000\" \/>\n\t<meta property=\"og:image:type\" content=\"image\/jpeg\" \/>\n<meta name=\"twitter:card\" content=\"summary_large_image\" \/>\n<meta name=\"twitter:label1\" content=\"Dur\u00e9e de lecture estim\u00e9e\" \/>\n\t<meta name=\"twitter:data1\" content=\"1 minute\" \/>\n<script type=\"application\/ld+json\" class=\"yoast-schema-graph\">{\"@context\":\"https:\/\/schema.org\",\"@graph\":[{\"@type\":\"WebPage\",\"@id\":\"https:\/\/www.coccigames.com\/index.php\/produit\/daughters-khaine-coterie-de-moirenees\/\",\"url\":\"https:\/\/www.coccigames.com\/index.php\/produit\/daughters-khaine-coterie-de-moirenees\/\",\"name\":\"Bataillon : Coterie de Moiren\u00e9es - Coccigames\",\"isPartOf\":{\"@id\":\"https:\/\/www.coccigames.com\/#website\"},\"primaryImageOfPage\":{\"@id\":\"https:\/\/www.coccigames.com\/index.php\/produit\/daughters-khaine-coterie-de-moirenees\/#primaryimage\"},\"image\":{\"@id\":\"https:\/\/www.coccigames.com\/index.php\/produit\/daughters-khaine-coterie-de-moirenees\/#primaryimage\"},\"thumbnailUrl\":\"https:\/\/www.coccigames.com\/wp-content\/uploads\/2026\/03\/sundaypreview-mar22-aos-dok6-h7gvie8kyg.jpg\",\"datePublished\":\"2026-03-28T10:00:07+00:00\",\"dateModified\":\"2026-04-13T06:38:21+00:00\",\"breadcrumb\":{\"@id\":\"https:\/\/www.coccigames.com\/index.php\/produit\/daughters-khaine-coterie-de-moirenees\/#breadcrumb\"},\"inLanguage\":\"fr-FR\",\"potentialAction\":[{\"@type\":\"ReadAction\",\"target\":[\"https:\/\/www.coccigames.com\/index.php\/produit\/daughters-khaine-coterie-de-moirenees\/\"]}]},{\"@type\":\"ImageObject\",\"inLanguage\":\"fr-FR\",\"@id\":\"https:\/\/www.coccigames.com\/index.php\/produit\/daughters-khaine-coterie-de-moirenees\/#primaryimage\",\"url\":\"https:\/\/www.coccigames.com\/wp-content\/uploads\/2026\/03\/sundaypreview-mar22-aos-dok6-h7gvie8kyg.jpg\",\"contentUrl\":\"https:\/\/www.coccigames.com\/wp-content\/uploads\/2026\/03\/sundaypreview-mar22-aos-dok6-h7gvie8kyg.jpg\",\"width\":1000,\"height\":1000},{\"@type\":\"BreadcrumbList\",\"@id\":\"https:\/\/www.coccigames.com\/index.php\/produit\/daughters-khaine-coterie-de-moirenees\/#breadcrumb\",\"itemListElement\":[{\"@type\":\"ListItem\",\"position\":1,\"name\":\"Accueil\",\"item\":\"https:\/\/www.coccigames.com\/\"},{\"@type\":\"ListItem\",\"position\":2,\"name\":\"Boutique\",\"item\":\"https:\/\/www.coccigames.com\/index.php\/boutique\/\"},{\"@type\":\"ListItem\",\"position\":3,\"name\":\"Bataillon : Coterie de Moiren\u00e9es\"}]},{\"@type\":\"WebSite\",\"@id\":\"https:\/\/www.coccigames.com\/#website\",\"url\":\"https:\/\/www.coccigames.com\/\",\"name\":\"Coccigames - Figurines et Peintures\",\"description\":\"Figurines et Peintures\",\"publisher\":{\"@id\":\"https:\/\/www.coccigames.com\/#organization\"},\"potentialAction\":[{\"@type\":\"SearchAction\",\"target\":{\"@type\":\"EntryPoint\",\"urlTemplate\":\"https:\/\/www.coccigames.com\/?s={search_term_string}\"},\"query-input\":{\"@type\":\"PropertyValueSpecification\",\"valueRequired\":true,\"valueName\":\"search_term_string\"}}],\"inLanguage\":\"fr-FR\"},{\"@type\":\"Organization\",\"@id\":\"https:\/\/www.coccigames.com\/#organization\",\"name\":\"Coccigames\",\"url\":\"https:\/\/www.coccigames.com\/\",\"logo\":{\"@type\":\"ImageObject\",\"inLanguage\":\"fr-FR\",\"@id\":\"https:\/\/www.coccigames.com\/#\/schema\/logo\/image\/\",\"url\":\"https:\/\/www.coccigames.com\/wp-content\/uploads\/2025\/12\/coccigames_logo_v5.png\",\"contentUrl\":\"https:\/\/www.coccigames.com\/wp-content\/uploads\/2025\/12\/coccigames_logo_v5.png\",\"width\":1768,\"height\":424,\"caption\":\"Coccigames\"},\"image\":{\"@id\":\"https:\/\/www.coccigames.com\/#\/schema\/logo\/image\/\"}}]}<\/script>\n<!-- \/ Yoast SEO plugin. -->","yoast_head_json":{"title":"Bataillon : Coterie de Moiren\u00e9es - Coccigames","robots":{"index":"index","follow":"follow","max-snippet":"max-snippet:-1","max-image-preview":"max-image-preview:large","max-video-preview":"max-video-preview:-1"},"canonical":"https:\/\/www.coccigames.com\/index.php\/produit\/daughters-khaine-coterie-de-moirenees\/","og_locale":"fr_FR","og_type":"article","og_title":"Bataillon : Coterie de Moiren\u00e9es - Coccigames","og_description":"D\u00e9butez ou accroissez votre arm\u00e9e avec l\u2019aide de la Coterie de Moiren\u00e9es, un conventicule de championnes tri\u00e9es sur le volet par Morathi-Khaine pour servir ses int\u00e9r\u00eats \u00e0 la bataille. Ces monstres alt\u00e9r\u00e9s et d\u2019une loyaut\u00e9 fanatique sont men\u00e9s par Morathi-Khaine en personne, sous sa forme&hellip;","og_url":"https:\/\/www.coccigames.com\/index.php\/produit\/daughters-khaine-coterie-de-moirenees\/","og_site_name":"Coccigames","article_modified_time":"2026-04-13T06:38:21+00:00","og_image":[{"width":1000,"height":1000,"url":"https:\/\/www.coccigames.com\/wp-content\/uploads\/2026\/03\/sundaypreview-mar22-aos-dok6-h7gvie8kyg.jpg","type":"image\/jpeg"}],"twitter_card":"summary_large_image","twitter_misc":{"Dur\u00e9e de lecture estim\u00e9e":"1 minute"},"schema":{"@context":"https:\/\/schema.org","@graph":[{"@type":"WebPage","@id":"https:\/\/www.coccigames.com\/index.php\/produit\/daughters-khaine-coterie-de-moirenees\/","url":"https:\/\/www.coccigames.com\/index.php\/produit\/daughters-khaine-coterie-de-moirenees\/","name":"Bataillon : Coterie de Moiren\u00e9es - Coccigames","isPartOf":{"@id":"https:\/\/www.coccigames.com\/#website"},"primaryImageOfPage":{"@id":"https:\/\/www.coccigames.com\/index.php\/produit\/daughters-khaine-coterie-de-moirenees\/#primaryimage"},"image":{"@id":"https:\/\/www.coccigames.com\/index.php\/produit\/daughters-khaine-coterie-de-moirenees\/#primaryimage"},"thumbnailUrl":"https:\/\/www.coccigames.com\/wp-content\/uploads\/2026\/03\/sundaypreview-mar22-aos-dok6-h7gvie8kyg.jpg","datePublished":"2026-03-28T10:00:07+00:00","dateModified":"2026-04-13T06:38:21+00:00","breadcrumb":{"@id":"https:\/\/www.coccigames.com\/index.php\/produit\/daughters-khaine-coterie-de-moirenees\/#breadcrumb"},"inLanguage":"fr-FR","potentialAction":[{"@type":"ReadAction","target":["https:\/\/www.coccigames.com\/index.php\/produit\/daughters-khaine-coterie-de-moirenees\/"]}]},{"@type":"ImageObject","inLanguage":"fr-FR","@id":"https:\/\/www.coccigames.com\/index.php\/produit\/daughters-khaine-coterie-de-moirenees\/#primaryimage","url":"https:\/\/www.coccigames.com\/wp-content\/uploads\/2026\/03\/sundaypreview-mar22-aos-dok6-h7gvie8kyg.jpg","contentUrl":"https:\/\/www.coccigames.com\/wp-content\/uploads\/2026\/03\/sundaypreview-mar22-aos-dok6-h7gvie8kyg.jpg","width":1000,"height":1000},{"@type":"BreadcrumbList","@id":"https:\/\/www.coccigames.com\/index.php\/produit\/daughters-khaine-coterie-de-moirenees\/#breadcrumb","itemListElement":[{"@type":"ListItem","position":1,"name":"Accueil","item":"https:\/\/www.coccigames.com\/"},{"@type":"ListItem","position":2,"name":"Boutique","item":"https:\/\/www.coccigames.com\/index.php\/boutique\/"},{"@type":"ListItem","position":3,"name":"Bataillon : Coterie de Moiren\u00e9es"}]},{"@type":"WebSite","@id":"https:\/\/www.coccigames.com\/#website","url":"https:\/\/www.coccigames.com\/","name":"Coccigames - Figurines et Peintures","description":"Figurines et Peintures","publisher":{"@id":"https:\/\/www.coccigames.com\/#organization"},"potentialAction":[{"@type":"SearchAction","target":{"@type":"EntryPoint","urlTemplate":"https:\/\/www.coccigames.com\/?s={search_term_string}"},"query-input":{"@type":"PropertyValueSpecification","valueRequired":true,"valueName":"search_term_string"}}],"inLanguage":"fr-FR"},{"@type":"Organization","@id":"https:\/\/www.coccigames.com\/#organization","name":"Coccigames","url":"https:\/\/www.coccigames.com\/","logo":{"@type":"ImageObject","inLanguage":"fr-FR","@id":"https:\/\/www.coccigames.com\/#\/schema\/logo\/image\/","url":"https:\/\/www.coccigames.com\/wp-content\/uploads\/2025\/12\/coccigames_logo_v5.png","contentUrl":"https:\/\/www.coccigames.com\/wp-content\/uploads\/2025\/12\/coccigames_logo_v5.png","width":1768,"height":424,"caption":"Coccigames"},"image":{"@id":"https:\/\/www.coccigames.com\/#\/schema\/logo\/image\/"}}]}},"_links":{"self":[{"href":"https:\/\/www.coccigames.com\/index.php\/wp-json\/wp\/v2\/product\/14167","targetHints":{"allow":["GET"]}}],"collection":[{"href":"https:\/\/www.coccigames.com\/index.php\/wp-json\/wp\/v2\/product"}],"about":[{"href":"https:\/\/www.coccigames.com\/index.php\/wp-json\/wp\/v2\/types\/product"}],"replies":[{"embeddable":true,"href":"https:\/\/www.coccigames.com\/index.php\/wp-json\/wp\/v2\/comments?post=14167"}],"wp:featuredmedia":[{"embeddable":true,"href":"https:\/\/www.coccigames.com\/index.php\/wp-json\/wp\/v2\/media\/14186"}],"wp:attachment":[{"href":"https:\/\/www.coccigames.com\/index.php\/wp-json\/wp\/v2\/media?parent=14167"}],"wp:term":[{"taxonomy":"product_brand","embeddable":true,"href":"https:\/\/www.coccigames.com\/index.php\/wp-json\/wp\/v2\/product_brand?post=14167"},{"taxonomy":"product_cat","embeddable":true,"href":"https:\/\/www.coccigames.com\/index.php\/wp-json\/wp\/v2\/product_cat?post=14167"},{"taxonomy":"product_tag","embeddable":true,"href":"https:\/\/www.coccigames.com\/index.php\/wp-json\/wp\/v2\/product_tag?post=14167"}],"curies":[{"name":"wp","href":"https:\/\/api.w.org\/{rel}","templated":true}]}}