{"id":14164,"date":"2026-03-28T11:00:07","date_gmt":"2026-03-28T10:00:07","guid":{"rendered":"https:\/\/www.coccigames.com\/index.php\/produit\/le-fouet-pourpre\/"},"modified":"2026-04-13T08:38:21","modified_gmt":"2026-04-13T06:38:21","slug":"le-fouet-pourpre","status":"publish","type":"product","link":"https:\/\/www.coccigames.com\/index.php\/produit\/le-fouet-pourpre\/","title":{"rendered":"LE FOUET POURPRE, REGIMENT DE RENOM"},"content":{"rendered":"<p>On trouve dans la plupart des cit\u00e9s de Sigmar des troupes de gladiatrices khainites, divertissant les foules par leurs d\u00e9monstrations d\u2019adresse martiale, et rejoignant souvent les arm\u00e9es de l\u2019Ordre qui marchent au combat, contre la simple promesse d\u2019un massacre \u00e0 perp\u00e9trer. Le R\u00e9giment de Renom appel\u00e9 Le Fouet Pourpre est une de ces bandes, constitu\u00e9e d\u2019une Grande Gladiatrice menant 10 S\u0153urs du Massacre. Ces unit\u00e9s peuvent \u00eatre utilis\u00e9es comme R\u00e9giment de Renom dans la plupart des arm\u00e9es de la Grande Alliance de l\u2019Ordre, ou de mani\u00e8re s\u00e9par\u00e9e au sein d\u2019une arm\u00e9e des Filles de Khaine.<\/p>\n<p>Ce set sera disponible jusqu\u2019\u00e0 \u00e9puisement des stocks.<\/p>\n","protected":false},"excerpt":{"rendered":"<p>On trouve dans la plupart des cit\u00e9s de Sigmar des troupes de gladiatrices khainites, divertissant les foules par leurs d\u00e9monstrations d\u2019adresse martiale, et rejoignant souvent les arm\u00e9es de l\u2019Ordre qui marchent au combat, contre la simple promesse d\u2019un massacre \u00e0 perp\u00e9trer. Le R\u00e9giment de Renom&hellip;<\/p>\n","protected":false},"featured_media":14181,"comment_status":"closed","ping_status":"closed","template":"","meta":[],"product_brand":[23],"product_cat":[387],"product_tag":[267,90],"class_list":{"0":"post-14164","1":"product","2":"type-product","3":"status-publish","4":"has-post-thumbnail","6":"product_brand-games-workshop","7":"product_cat-daughter-of-khaine","8":"product_tag-daughters-of-khaine","9":"product_tag-order","11":"first","12":"onbackorder","13":"sale","14":"taxable","15":"shipping-taxable","16":"purchasable","17":"product-type-simple"},"yoast_head":"<!-- This site is optimized with the Yoast SEO plugin v26.4 - https:\/\/yoast.com\/wordpress\/plugins\/seo\/ -->\n<title>LE FOUET POURPRE, REGIMENT DE RENOM - Coccigames<\/title>\n<meta name=\"robots\" content=\"index, follow, max-snippet:-1, max-image-preview:large, max-video-preview:-1\" \/>\n<link rel=\"canonical\" href=\"https:\/\/www.coccigames.com\/index.php\/produit\/le-fouet-pourpre\/\" \/>\n<meta property=\"og:locale\" content=\"fr_FR\" \/>\n<meta property=\"og:type\" content=\"article\" \/>\n<meta property=\"og:title\" content=\"LE FOUET POURPRE, REGIMENT DE RENOM - Coccigames\" \/>\n<meta property=\"og:description\" content=\"On trouve dans la plupart des cit\u00e9s de Sigmar des troupes de gladiatrices khainites, divertissant les foules par leurs d\u00e9monstrations d\u2019adresse martiale, et rejoignant souvent les arm\u00e9es de l\u2019Ordre qui marchent au combat, contre la simple promesse d\u2019un massacre \u00e0 perp\u00e9trer. Le R\u00e9giment de Renom&hellip;\" \/>\n<meta property=\"og:url\" content=\"https:\/\/www.coccigames.com\/index.php\/produit\/le-fouet-pourpre\/\" \/>\n<meta property=\"og:site_name\" content=\"Coccigames\" \/>\n<meta property=\"article:modified_time\" content=\"2026-04-13T06:38:21+00:00\" \/>\n<meta property=\"og:image\" content=\"https:\/\/www.coccigames.com\/wp-content\/uploads\/2026\/03\/sundaypreview-mar22-aos-dok3-llb3crvm38.jpg\" \/>\n\t<meta property=\"og:image:width\" content=\"1000\" \/>\n\t<meta property=\"og:image:height\" content=\"1000\" \/>\n\t<meta property=\"og:image:type\" content=\"image\/jpeg\" \/>\n<meta name=\"twitter:card\" content=\"summary_large_image\" \/>\n<meta name=\"twitter:label1\" content=\"Dur\u00e9e de lecture estim\u00e9e\" \/>\n\t<meta name=\"twitter:data1\" content=\"1 minute\" \/>\n<script type=\"application\/ld+json\" class=\"yoast-schema-graph\">{\"@context\":\"https:\/\/schema.org\",\"@graph\":[{\"@type\":\"WebPage\",\"@id\":\"https:\/\/www.coccigames.com\/index.php\/produit\/le-fouet-pourpre\/\",\"url\":\"https:\/\/www.coccigames.com\/index.php\/produit\/le-fouet-pourpre\/\",\"name\":\"LE FOUET POURPRE, REGIMENT DE RENOM - Coccigames\",\"isPartOf\":{\"@id\":\"https:\/\/www.coccigames.com\/#website\"},\"primaryImageOfPage\":{\"@id\":\"https:\/\/www.coccigames.com\/index.php\/produit\/le-fouet-pourpre\/#primaryimage\"},\"image\":{\"@id\":\"https:\/\/www.coccigames.com\/index.php\/produit\/le-fouet-pourpre\/#primaryimage\"},\"thumbnailUrl\":\"https:\/\/www.coccigames.com\/wp-content\/uploads\/2026\/03\/sundaypreview-mar22-aos-dok3-llb3crvm38.jpg\",\"datePublished\":\"2026-03-28T10:00:07+00:00\",\"dateModified\":\"2026-04-13T06:38:21+00:00\",\"breadcrumb\":{\"@id\":\"https:\/\/www.coccigames.com\/index.php\/produit\/le-fouet-pourpre\/#breadcrumb\"},\"inLanguage\":\"fr-FR\",\"potentialAction\":[{\"@type\":\"ReadAction\",\"target\":[\"https:\/\/www.coccigames.com\/index.php\/produit\/le-fouet-pourpre\/\"]}]},{\"@type\":\"ImageObject\",\"inLanguage\":\"fr-FR\",\"@id\":\"https:\/\/www.coccigames.com\/index.php\/produit\/le-fouet-pourpre\/#primaryimage\",\"url\":\"https:\/\/www.coccigames.com\/wp-content\/uploads\/2026\/03\/sundaypreview-mar22-aos-dok3-llb3crvm38.jpg\",\"contentUrl\":\"https:\/\/www.coccigames.com\/wp-content\/uploads\/2026\/03\/sundaypreview-mar22-aos-dok3-llb3crvm38.jpg\",\"width\":1000,\"height\":1000},{\"@type\":\"BreadcrumbList\",\"@id\":\"https:\/\/www.coccigames.com\/index.php\/produit\/le-fouet-pourpre\/#breadcrumb\",\"itemListElement\":[{\"@type\":\"ListItem\",\"position\":1,\"name\":\"Accueil\",\"item\":\"https:\/\/www.coccigames.com\/\"},{\"@type\":\"ListItem\",\"position\":2,\"name\":\"Boutique\",\"item\":\"https:\/\/www.coccigames.com\/index.php\/boutique\/\"},{\"@type\":\"ListItem\",\"position\":3,\"name\":\"LE FOUET POURPRE, REGIMENT DE RENOM\"}]},{\"@type\":\"WebSite\",\"@id\":\"https:\/\/www.coccigames.com\/#website\",\"url\":\"https:\/\/www.coccigames.com\/\",\"name\":\"Coccigames - Figurines et Peintures\",\"description\":\"Figurines et Peintures\",\"publisher\":{\"@id\":\"https:\/\/www.coccigames.com\/#organization\"},\"potentialAction\":[{\"@type\":\"SearchAction\",\"target\":{\"@type\":\"EntryPoint\",\"urlTemplate\":\"https:\/\/www.coccigames.com\/?s={search_term_string}\"},\"query-input\":{\"@type\":\"PropertyValueSpecification\",\"valueRequired\":true,\"valueName\":\"search_term_string\"}}],\"inLanguage\":\"fr-FR\"},{\"@type\":\"Organization\",\"@id\":\"https:\/\/www.coccigames.com\/#organization\",\"name\":\"Coccigames\",\"url\":\"https:\/\/www.coccigames.com\/\",\"logo\":{\"@type\":\"ImageObject\",\"inLanguage\":\"fr-FR\",\"@id\":\"https:\/\/www.coccigames.com\/#\/schema\/logo\/image\/\",\"url\":\"https:\/\/www.coccigames.com\/wp-content\/uploads\/2025\/12\/coccigames_logo_v5.png\",\"contentUrl\":\"https:\/\/www.coccigames.com\/wp-content\/uploads\/2025\/12\/coccigames_logo_v5.png\",\"width\":1768,\"height\":424,\"caption\":\"Coccigames\"},\"image\":{\"@id\":\"https:\/\/www.coccigames.com\/#\/schema\/logo\/image\/\"}}]}<\/script>\n<!-- \/ Yoast SEO plugin. -->","yoast_head_json":{"title":"LE FOUET POURPRE, REGIMENT DE RENOM - Coccigames","robots":{"index":"index","follow":"follow","max-snippet":"max-snippet:-1","max-image-preview":"max-image-preview:large","max-video-preview":"max-video-preview:-1"},"canonical":"https:\/\/www.coccigames.com\/index.php\/produit\/le-fouet-pourpre\/","og_locale":"fr_FR","og_type":"article","og_title":"LE FOUET POURPRE, REGIMENT DE RENOM - Coccigames","og_description":"On trouve dans la plupart des cit\u00e9s de Sigmar des troupes de gladiatrices khainites, divertissant les foules par leurs d\u00e9monstrations d\u2019adresse martiale, et rejoignant souvent les arm\u00e9es de l\u2019Ordre qui marchent au combat, contre la simple promesse d\u2019un massacre \u00e0 perp\u00e9trer. Le R\u00e9giment de Renom&hellip;","og_url":"https:\/\/www.coccigames.com\/index.php\/produit\/le-fouet-pourpre\/","og_site_name":"Coccigames","article_modified_time":"2026-04-13T06:38:21+00:00","og_image":[{"width":1000,"height":1000,"url":"https:\/\/www.coccigames.com\/wp-content\/uploads\/2026\/03\/sundaypreview-mar22-aos-dok3-llb3crvm38.jpg","type":"image\/jpeg"}],"twitter_card":"summary_large_image","twitter_misc":{"Dur\u00e9e de lecture estim\u00e9e":"1 minute"},"schema":{"@context":"https:\/\/schema.org","@graph":[{"@type":"WebPage","@id":"https:\/\/www.coccigames.com\/index.php\/produit\/le-fouet-pourpre\/","url":"https:\/\/www.coccigames.com\/index.php\/produit\/le-fouet-pourpre\/","name":"LE FOUET POURPRE, REGIMENT DE RENOM - Coccigames","isPartOf":{"@id":"https:\/\/www.coccigames.com\/#website"},"primaryImageOfPage":{"@id":"https:\/\/www.coccigames.com\/index.php\/produit\/le-fouet-pourpre\/#primaryimage"},"image":{"@id":"https:\/\/www.coccigames.com\/index.php\/produit\/le-fouet-pourpre\/#primaryimage"},"thumbnailUrl":"https:\/\/www.coccigames.com\/wp-content\/uploads\/2026\/03\/sundaypreview-mar22-aos-dok3-llb3crvm38.jpg","datePublished":"2026-03-28T10:00:07+00:00","dateModified":"2026-04-13T06:38:21+00:00","breadcrumb":{"@id":"https:\/\/www.coccigames.com\/index.php\/produit\/le-fouet-pourpre\/#breadcrumb"},"inLanguage":"fr-FR","potentialAction":[{"@type":"ReadAction","target":["https:\/\/www.coccigames.com\/index.php\/produit\/le-fouet-pourpre\/"]}]},{"@type":"ImageObject","inLanguage":"fr-FR","@id":"https:\/\/www.coccigames.com\/index.php\/produit\/le-fouet-pourpre\/#primaryimage","url":"https:\/\/www.coccigames.com\/wp-content\/uploads\/2026\/03\/sundaypreview-mar22-aos-dok3-llb3crvm38.jpg","contentUrl":"https:\/\/www.coccigames.com\/wp-content\/uploads\/2026\/03\/sundaypreview-mar22-aos-dok3-llb3crvm38.jpg","width":1000,"height":1000},{"@type":"BreadcrumbList","@id":"https:\/\/www.coccigames.com\/index.php\/produit\/le-fouet-pourpre\/#breadcrumb","itemListElement":[{"@type":"ListItem","position":1,"name":"Accueil","item":"https:\/\/www.coccigames.com\/"},{"@type":"ListItem","position":2,"name":"Boutique","item":"https:\/\/www.coccigames.com\/index.php\/boutique\/"},{"@type":"ListItem","position":3,"name":"LE FOUET POURPRE, REGIMENT DE RENOM"}]},{"@type":"WebSite","@id":"https:\/\/www.coccigames.com\/#website","url":"https:\/\/www.coccigames.com\/","name":"Coccigames - Figurines et Peintures","description":"Figurines et Peintures","publisher":{"@id":"https:\/\/www.coccigames.com\/#organization"},"potentialAction":[{"@type":"SearchAction","target":{"@type":"EntryPoint","urlTemplate":"https:\/\/www.coccigames.com\/?s={search_term_string}"},"query-input":{"@type":"PropertyValueSpecification","valueRequired":true,"valueName":"search_term_string"}}],"inLanguage":"fr-FR"},{"@type":"Organization","@id":"https:\/\/www.coccigames.com\/#organization","name":"Coccigames","url":"https:\/\/www.coccigames.com\/","logo":{"@type":"ImageObject","inLanguage":"fr-FR","@id":"https:\/\/www.coccigames.com\/#\/schema\/logo\/image\/","url":"https:\/\/www.coccigames.com\/wp-content\/uploads\/2025\/12\/coccigames_logo_v5.png","contentUrl":"https:\/\/www.coccigames.com\/wp-content\/uploads\/2025\/12\/coccigames_logo_v5.png","width":1768,"height":424,"caption":"Coccigames"},"image":{"@id":"https:\/\/www.coccigames.com\/#\/schema\/logo\/image\/"}}]}},"_links":{"self":[{"href":"https:\/\/www.coccigames.com\/index.php\/wp-json\/wp\/v2\/product\/14164","targetHints":{"allow":["GET"]}}],"collection":[{"href":"https:\/\/www.coccigames.com\/index.php\/wp-json\/wp\/v2\/product"}],"about":[{"href":"https:\/\/www.coccigames.com\/index.php\/wp-json\/wp\/v2\/types\/product"}],"replies":[{"embeddable":true,"href":"https:\/\/www.coccigames.com\/index.php\/wp-json\/wp\/v2\/comments?post=14164"}],"wp:featuredmedia":[{"embeddable":true,"href":"https:\/\/www.coccigames.com\/index.php\/wp-json\/wp\/v2\/media\/14181"}],"wp:attachment":[{"href":"https:\/\/www.coccigames.com\/index.php\/wp-json\/wp\/v2\/media?parent=14164"}],"wp:term":[{"taxonomy":"product_brand","embeddable":true,"href":"https:\/\/www.coccigames.com\/index.php\/wp-json\/wp\/v2\/product_brand?post=14164"},{"taxonomy":"product_cat","embeddable":true,"href":"https:\/\/www.coccigames.com\/index.php\/wp-json\/wp\/v2\/product_cat?post=14164"},{"taxonomy":"product_tag","embeddable":true,"href":"https:\/\/www.coccigames.com\/index.php\/wp-json\/wp\/v2\/product_tag?post=14164"}],"curies":[{"name":"wp","href":"https:\/\/api.w.org\/{rel}","templated":true}]}}