{"id":14161,"date":"2026-03-28T11:00:07","date_gmt":"2026-03-28T10:00:07","guid":{"rendered":"https:\/\/www.coccigames.com\/index.php\/produit\/tome-de-batailledaughters-of-khaine-fra\/"},"modified":"2026-04-13T08:38:20","modified_gmt":"2026-04-13T06:38:20","slug":"tome-de-batailledaughters-of-khaine-fra","status":"publish","type":"product","link":"https:\/\/www.coccigames.com\/index.php\/produit\/tome-de-batailledaughters-of-khaine-fra\/","title":{"rendered":"TOME DE BATAILLE: DAUGHTERS OF KHAINE FR"},"content":{"rendered":"<p>Tranchez et lac\u00e9rez au nom de Morathi-Khaine avec le nouveau <em>Tome de Bataille: Daughters of Khaine<\/em>, renfermant une pl\u00e9thore d\u2019historique, d\u2019illustrations, de galeries de figurines, et toutes les chartes d\u2019unit\u00e9 qu\u2019il vous faut pour jouer cette faction de ma\u00eetresses des lames avides de sang dans Warhammer Age of Sigmar. De nouvelles r\u00e8gles Pour la Gloire et de nouvelles options de l\u2019Enclume de l\u2019Apoth\u00e9ose agr\u00e9menteront vos campagnes narratives, tandis que les traits de bataille et les r\u00e8gles rafra\u00eechies vous guideront vers de nouvelles fa\u00e7ons de jouer vos Filles de Khaine.<\/p>\n<p>Ce tome de bataille sera aussi disponible en anglais sous le format sp\u00e9cial de la Gamer\u2019s Edition, dans la limite des stocks. Cette version de l\u2019ouvrage est d\u2019une taille plus petite afin d\u2019\u00eatre plus commode \u00e0 emmener jusqu\u2019\u00e0 la table de jeu, et elle est assortie d\u2019un ensemble de 44\u00a0cartes de r\u00e9f\u00e9rence couvrant de mani\u00e8re pratique les r\u00e8gles et les chartes d\u2019unit\u00e9 du livre.<\/p>\n","protected":false},"excerpt":{"rendered":"<p>Tranchez et lac\u00e9rez au nom de Morathi-Khaine avec le nouveau Tome de Bataille: Daughters of Khaine, renfermant une pl\u00e9thore d\u2019historique, d\u2019illustrations, de galeries de figurines, et toutes les chartes d\u2019unit\u00e9 qu\u2019il vous faut pour jouer cette faction de ma\u00eetresses des lames avides de sang dans&hellip;<\/p>\n","protected":false},"featured_media":14178,"comment_status":"closed","ping_status":"closed","template":"","meta":[],"product_brand":[23],"product_cat":[387],"product_tag":[267,90],"class_list":{"0":"post-14161","1":"product","2":"type-product","3":"status-publish","4":"has-post-thumbnail","6":"product_brand-games-workshop","7":"product_cat-daughter-of-khaine","8":"product_tag-daughters-of-khaine","9":"product_tag-order","11":"first","12":"onbackorder","13":"sale","14":"taxable","15":"shipping-taxable","16":"purchasable","17":"product-type-simple"},"yoast_head":"<!-- This site is optimized with the Yoast SEO plugin v26.4 - https:\/\/yoast.com\/wordpress\/plugins\/seo\/ -->\n<title>TOME DE BATAILLE: DAUGHTERS OF KHAINE FR - Coccigames<\/title>\n<meta name=\"robots\" content=\"index, follow, max-snippet:-1, max-image-preview:large, max-video-preview:-1\" \/>\n<link rel=\"canonical\" href=\"https:\/\/www.coccigames.com\/index.php\/produit\/tome-de-batailledaughters-of-khaine-fra\/\" \/>\n<meta property=\"og:locale\" content=\"fr_FR\" \/>\n<meta property=\"og:type\" content=\"article\" \/>\n<meta property=\"og:title\" content=\"TOME DE BATAILLE: DAUGHTERS OF KHAINE FR - Coccigames\" \/>\n<meta property=\"og:description\" content=\"Tranchez et lac\u00e9rez au nom de Morathi-Khaine avec le nouveau Tome de Bataille: Daughters of Khaine, renfermant une pl\u00e9thore d\u2019historique, d\u2019illustrations, de galeries de figurines, et toutes les chartes d\u2019unit\u00e9 qu\u2019il vous faut pour jouer cette faction de ma\u00eetresses des lames avides de sang dans&hellip;\" \/>\n<meta property=\"og:url\" content=\"https:\/\/www.coccigames.com\/index.php\/produit\/tome-de-batailledaughters-of-khaine-fra\/\" \/>\n<meta property=\"og:site_name\" content=\"Coccigames\" \/>\n<meta property=\"article:modified_time\" content=\"2026-04-13T06:38:20+00:00\" \/>\n<meta property=\"og:image\" content=\"https:\/\/www.coccigames.com\/wp-content\/uploads\/2026\/03\/sundaypreview-mar22-aos-dok1_fre-aa66iv9yzz.jpg\" \/>\n\t<meta property=\"og:image:width\" content=\"1000\" \/>\n\t<meta property=\"og:image:height\" content=\"706\" \/>\n\t<meta property=\"og:image:type\" content=\"image\/jpeg\" \/>\n<meta name=\"twitter:card\" content=\"summary_large_image\" \/>\n<meta name=\"twitter:label1\" content=\"Dur\u00e9e de lecture estim\u00e9e\" \/>\n\t<meta name=\"twitter:data1\" content=\"1 minute\" \/>\n<script type=\"application\/ld+json\" class=\"yoast-schema-graph\">{\"@context\":\"https:\/\/schema.org\",\"@graph\":[{\"@type\":\"WebPage\",\"@id\":\"https:\/\/www.coccigames.com\/index.php\/produit\/tome-de-batailledaughters-of-khaine-fra\/\",\"url\":\"https:\/\/www.coccigames.com\/index.php\/produit\/tome-de-batailledaughters-of-khaine-fra\/\",\"name\":\"TOME DE BATAILLE: DAUGHTERS OF KHAINE FR - Coccigames\",\"isPartOf\":{\"@id\":\"https:\/\/www.coccigames.com\/#website\"},\"primaryImageOfPage\":{\"@id\":\"https:\/\/www.coccigames.com\/index.php\/produit\/tome-de-batailledaughters-of-khaine-fra\/#primaryimage\"},\"image\":{\"@id\":\"https:\/\/www.coccigames.com\/index.php\/produit\/tome-de-batailledaughters-of-khaine-fra\/#primaryimage\"},\"thumbnailUrl\":\"https:\/\/www.coccigames.com\/wp-content\/uploads\/2026\/03\/sundaypreview-mar22-aos-dok1_fre-aa66iv9yzz.jpg\",\"datePublished\":\"2026-03-28T10:00:07+00:00\",\"dateModified\":\"2026-04-13T06:38:20+00:00\",\"breadcrumb\":{\"@id\":\"https:\/\/www.coccigames.com\/index.php\/produit\/tome-de-batailledaughters-of-khaine-fra\/#breadcrumb\"},\"inLanguage\":\"fr-FR\",\"potentialAction\":[{\"@type\":\"ReadAction\",\"target\":[\"https:\/\/www.coccigames.com\/index.php\/produit\/tome-de-batailledaughters-of-khaine-fra\/\"]}]},{\"@type\":\"ImageObject\",\"inLanguage\":\"fr-FR\",\"@id\":\"https:\/\/www.coccigames.com\/index.php\/produit\/tome-de-batailledaughters-of-khaine-fra\/#primaryimage\",\"url\":\"https:\/\/www.coccigames.com\/wp-content\/uploads\/2026\/03\/sundaypreview-mar22-aos-dok1_fre-aa66iv9yzz.jpg\",\"contentUrl\":\"https:\/\/www.coccigames.com\/wp-content\/uploads\/2026\/03\/sundaypreview-mar22-aos-dok1_fre-aa66iv9yzz.jpg\",\"width\":1000,\"height\":706},{\"@type\":\"BreadcrumbList\",\"@id\":\"https:\/\/www.coccigames.com\/index.php\/produit\/tome-de-batailledaughters-of-khaine-fra\/#breadcrumb\",\"itemListElement\":[{\"@type\":\"ListItem\",\"position\":1,\"name\":\"Accueil\",\"item\":\"https:\/\/www.coccigames.com\/\"},{\"@type\":\"ListItem\",\"position\":2,\"name\":\"Boutique\",\"item\":\"https:\/\/www.coccigames.com\/index.php\/boutique\/\"},{\"@type\":\"ListItem\",\"position\":3,\"name\":\"TOME DE BATAILLE: DAUGHTERS OF KHAINE FR\"}]},{\"@type\":\"WebSite\",\"@id\":\"https:\/\/www.coccigames.com\/#website\",\"url\":\"https:\/\/www.coccigames.com\/\",\"name\":\"Coccigames - Figurines et Peintures\",\"description\":\"Figurines et Peintures\",\"publisher\":{\"@id\":\"https:\/\/www.coccigames.com\/#organization\"},\"potentialAction\":[{\"@type\":\"SearchAction\",\"target\":{\"@type\":\"EntryPoint\",\"urlTemplate\":\"https:\/\/www.coccigames.com\/?s={search_term_string}\"},\"query-input\":{\"@type\":\"PropertyValueSpecification\",\"valueRequired\":true,\"valueName\":\"search_term_string\"}}],\"inLanguage\":\"fr-FR\"},{\"@type\":\"Organization\",\"@id\":\"https:\/\/www.coccigames.com\/#organization\",\"name\":\"Coccigames\",\"url\":\"https:\/\/www.coccigames.com\/\",\"logo\":{\"@type\":\"ImageObject\",\"inLanguage\":\"fr-FR\",\"@id\":\"https:\/\/www.coccigames.com\/#\/schema\/logo\/image\/\",\"url\":\"https:\/\/www.coccigames.com\/wp-content\/uploads\/2025\/12\/coccigames_logo_v5.png\",\"contentUrl\":\"https:\/\/www.coccigames.com\/wp-content\/uploads\/2025\/12\/coccigames_logo_v5.png\",\"width\":1768,\"height\":424,\"caption\":\"Coccigames\"},\"image\":{\"@id\":\"https:\/\/www.coccigames.com\/#\/schema\/logo\/image\/\"}}]}<\/script>\n<!-- \/ Yoast SEO plugin. -->","yoast_head_json":{"title":"TOME DE BATAILLE: DAUGHTERS OF KHAINE FR - Coccigames","robots":{"index":"index","follow":"follow","max-snippet":"max-snippet:-1","max-image-preview":"max-image-preview:large","max-video-preview":"max-video-preview:-1"},"canonical":"https:\/\/www.coccigames.com\/index.php\/produit\/tome-de-batailledaughters-of-khaine-fra\/","og_locale":"fr_FR","og_type":"article","og_title":"TOME DE BATAILLE: DAUGHTERS OF KHAINE FR - Coccigames","og_description":"Tranchez et lac\u00e9rez au nom de Morathi-Khaine avec le nouveau Tome de Bataille: Daughters of Khaine, renfermant une pl\u00e9thore d\u2019historique, d\u2019illustrations, de galeries de figurines, et toutes les chartes d\u2019unit\u00e9 qu\u2019il vous faut pour jouer cette faction de ma\u00eetresses des lames avides de sang dans&hellip;","og_url":"https:\/\/www.coccigames.com\/index.php\/produit\/tome-de-batailledaughters-of-khaine-fra\/","og_site_name":"Coccigames","article_modified_time":"2026-04-13T06:38:20+00:00","og_image":[{"width":1000,"height":706,"url":"https:\/\/www.coccigames.com\/wp-content\/uploads\/2026\/03\/sundaypreview-mar22-aos-dok1_fre-aa66iv9yzz.jpg","type":"image\/jpeg"}],"twitter_card":"summary_large_image","twitter_misc":{"Dur\u00e9e de lecture estim\u00e9e":"1 minute"},"schema":{"@context":"https:\/\/schema.org","@graph":[{"@type":"WebPage","@id":"https:\/\/www.coccigames.com\/index.php\/produit\/tome-de-batailledaughters-of-khaine-fra\/","url":"https:\/\/www.coccigames.com\/index.php\/produit\/tome-de-batailledaughters-of-khaine-fra\/","name":"TOME DE BATAILLE: DAUGHTERS OF KHAINE FR - Coccigames","isPartOf":{"@id":"https:\/\/www.coccigames.com\/#website"},"primaryImageOfPage":{"@id":"https:\/\/www.coccigames.com\/index.php\/produit\/tome-de-batailledaughters-of-khaine-fra\/#primaryimage"},"image":{"@id":"https:\/\/www.coccigames.com\/index.php\/produit\/tome-de-batailledaughters-of-khaine-fra\/#primaryimage"},"thumbnailUrl":"https:\/\/www.coccigames.com\/wp-content\/uploads\/2026\/03\/sundaypreview-mar22-aos-dok1_fre-aa66iv9yzz.jpg","datePublished":"2026-03-28T10:00:07+00:00","dateModified":"2026-04-13T06:38:20+00:00","breadcrumb":{"@id":"https:\/\/www.coccigames.com\/index.php\/produit\/tome-de-batailledaughters-of-khaine-fra\/#breadcrumb"},"inLanguage":"fr-FR","potentialAction":[{"@type":"ReadAction","target":["https:\/\/www.coccigames.com\/index.php\/produit\/tome-de-batailledaughters-of-khaine-fra\/"]}]},{"@type":"ImageObject","inLanguage":"fr-FR","@id":"https:\/\/www.coccigames.com\/index.php\/produit\/tome-de-batailledaughters-of-khaine-fra\/#primaryimage","url":"https:\/\/www.coccigames.com\/wp-content\/uploads\/2026\/03\/sundaypreview-mar22-aos-dok1_fre-aa66iv9yzz.jpg","contentUrl":"https:\/\/www.coccigames.com\/wp-content\/uploads\/2026\/03\/sundaypreview-mar22-aos-dok1_fre-aa66iv9yzz.jpg","width":1000,"height":706},{"@type":"BreadcrumbList","@id":"https:\/\/www.coccigames.com\/index.php\/produit\/tome-de-batailledaughters-of-khaine-fra\/#breadcrumb","itemListElement":[{"@type":"ListItem","position":1,"name":"Accueil","item":"https:\/\/www.coccigames.com\/"},{"@type":"ListItem","position":2,"name":"Boutique","item":"https:\/\/www.coccigames.com\/index.php\/boutique\/"},{"@type":"ListItem","position":3,"name":"TOME DE BATAILLE: DAUGHTERS OF KHAINE FR"}]},{"@type":"WebSite","@id":"https:\/\/www.coccigames.com\/#website","url":"https:\/\/www.coccigames.com\/","name":"Coccigames - Figurines et Peintures","description":"Figurines et Peintures","publisher":{"@id":"https:\/\/www.coccigames.com\/#organization"},"potentialAction":[{"@type":"SearchAction","target":{"@type":"EntryPoint","urlTemplate":"https:\/\/www.coccigames.com\/?s={search_term_string}"},"query-input":{"@type":"PropertyValueSpecification","valueRequired":true,"valueName":"search_term_string"}}],"inLanguage":"fr-FR"},{"@type":"Organization","@id":"https:\/\/www.coccigames.com\/#organization","name":"Coccigames","url":"https:\/\/www.coccigames.com\/","logo":{"@type":"ImageObject","inLanguage":"fr-FR","@id":"https:\/\/www.coccigames.com\/#\/schema\/logo\/image\/","url":"https:\/\/www.coccigames.com\/wp-content\/uploads\/2025\/12\/coccigames_logo_v5.png","contentUrl":"https:\/\/www.coccigames.com\/wp-content\/uploads\/2025\/12\/coccigames_logo_v5.png","width":1768,"height":424,"caption":"Coccigames"},"image":{"@id":"https:\/\/www.coccigames.com\/#\/schema\/logo\/image\/"}}]}},"_links":{"self":[{"href":"https:\/\/www.coccigames.com\/index.php\/wp-json\/wp\/v2\/product\/14161","targetHints":{"allow":["GET"]}}],"collection":[{"href":"https:\/\/www.coccigames.com\/index.php\/wp-json\/wp\/v2\/product"}],"about":[{"href":"https:\/\/www.coccigames.com\/index.php\/wp-json\/wp\/v2\/types\/product"}],"replies":[{"embeddable":true,"href":"https:\/\/www.coccigames.com\/index.php\/wp-json\/wp\/v2\/comments?post=14161"}],"wp:featuredmedia":[{"embeddable":true,"href":"https:\/\/www.coccigames.com\/index.php\/wp-json\/wp\/v2\/media\/14178"}],"wp:attachment":[{"href":"https:\/\/www.coccigames.com\/index.php\/wp-json\/wp\/v2\/media?parent=14161"}],"wp:term":[{"taxonomy":"product_brand","embeddable":true,"href":"https:\/\/www.coccigames.com\/index.php\/wp-json\/wp\/v2\/product_brand?post=14161"},{"taxonomy":"product_cat","embeddable":true,"href":"https:\/\/www.coccigames.com\/index.php\/wp-json\/wp\/v2\/product_cat?post=14161"},{"taxonomy":"product_tag","embeddable":true,"href":"https:\/\/www.coccigames.com\/index.php\/wp-json\/wp\/v2\/product_tag?post=14161"}],"curies":[{"name":"wp","href":"https:\/\/api.w.org\/{rel}","templated":true}]}}