{"id":14154,"date":"2026-03-28T11:00:06","date_gmt":"2026-03-28T10:00:06","guid":{"rendered":"https:\/\/www.coccigames.com\/index.php\/produit\/tome-de-bataille-sylvaneth-francais\/"},"modified":"2026-04-04T18:40:09","modified_gmt":"2026-04-04T16:40:09","slug":"tome-de-bataille-sylvaneth-francais","status":"publish","type":"product","link":"https:\/\/www.coccigames.com\/index.php\/produit\/tome-de-bataille-sylvaneth-francais\/","title":{"rendered":"TOME DE BATAILLE: SYLVANETH (FRANCAIS)"},"content":{"rendered":"<p>Les cr\u00e9atures \u00e9lues d\u2019Alarielle se mettent en marche depuis les for\u00eats de Ghyran, avec un nouveau <em>Tome de Bataille: Sylvaneth<\/em>, contenant une abondante r\u00e9colte d\u2019historique fascinant, de r\u00e8gles fra\u00eeches comme la ros\u00e9e et de magnifiques figurines \u00e0 contempler en planifiant votre prochaine arm\u00e9e. Cet ouvrage essentiel pour les commandants sylvaneths inclut les chartes des 25\u00a0unit\u00e9s qui y sont d\u00e9crites, ainsi que des r\u00e8gles Pour la Gloire et Enclume de l\u2019Apoth\u00e9ose remises \u00e0 jour, et un tout nouveau domaine de pri\u00e8res utilis\u00e9 par la majestueuse Gardienne de la Sylve.<\/p>\n<p>Vous pourrez \u00e9galement vous procurer la Gamer\u2019s Edition en anglais de ce tome de bataille, proposant exactement le m\u00eame contenu sous un format bien plus petit afin d\u2019\u00eatre plus facile \u00e0 transporter vers vos prochaines parties. Elle inclut par ailleurs un set de 48\u00a0cartes de r\u00e9f\u00e9rence rapide reprenant les chartes d\u2019unit\u00e9, les r\u00e8gles de Fer de Lance et de faction, et les Arm\u00e9es de Renom.<\/p>\n","protected":false},"excerpt":{"rendered":"<p>Sortie pr\u00e9vue le 11\/04\/2026.<\/p>\n","protected":false},"featured_media":14189,"comment_status":"closed","ping_status":"closed","template":"","meta":[],"product_brand":[23],"product_cat":[382],"product_tag":[392,183],"class_list":{"0":"post-14154","1":"product","2":"type-product","3":"status-publish","4":"has-post-thumbnail","6":"product_brand-games-workshop","7":"product_cat-sylvaneth","8":"product_tag-precommande","9":"product_tag-sylvaneth","11":"first","12":"onbackorder","13":"sale","14":"taxable","15":"shipping-taxable","16":"purchasable","17":"product-type-simple"},"yoast_head":"<!-- This site is optimized with the Yoast SEO plugin v26.4 - https:\/\/yoast.com\/wordpress\/plugins\/seo\/ -->\n<title>TOME DE BATAILLE: SYLVANETH (FRANCAIS) - Coccigames<\/title>\n<meta name=\"robots\" content=\"index, follow, max-snippet:-1, max-image-preview:large, max-video-preview:-1\" \/>\n<link rel=\"canonical\" href=\"https:\/\/www.coccigames.com\/index.php\/produit\/tome-de-bataille-sylvaneth-francais\/\" \/>\n<meta property=\"og:locale\" content=\"fr_FR\" \/>\n<meta property=\"og:type\" content=\"article\" \/>\n<meta property=\"og:title\" content=\"TOME DE BATAILLE: SYLVANETH (FRANCAIS) - Coccigames\" \/>\n<meta property=\"og:description\" content=\"Sortie pr\u00e9vue le 11\/04\/2026.\" \/>\n<meta property=\"og:url\" content=\"https:\/\/www.coccigames.com\/index.php\/produit\/tome-de-bataille-sylvaneth-francais\/\" \/>\n<meta property=\"og:site_name\" content=\"Coccigames\" \/>\n<meta property=\"article:modified_time\" content=\"2026-04-04T16:40:09+00:00\" \/>\n<meta property=\"og:image\" content=\"https:\/\/www.coccigames.com\/wp-content\/uploads\/2026\/03\/sundaypreview-mar22-aos-syl1_fre-kzgkrbcrkk.jpg\" \/>\n\t<meta property=\"og:image:width\" content=\"1000\" \/>\n\t<meta property=\"og:image:height\" content=\"706\" \/>\n\t<meta property=\"og:image:type\" content=\"image\/jpeg\" \/>\n<meta name=\"twitter:card\" content=\"summary_large_image\" \/>\n<meta name=\"twitter:label1\" content=\"Dur\u00e9e de lecture estim\u00e9e\" \/>\n\t<meta name=\"twitter:data1\" content=\"1 minute\" \/>\n<script type=\"application\/ld+json\" class=\"yoast-schema-graph\">{\"@context\":\"https:\/\/schema.org\",\"@graph\":[{\"@type\":\"WebPage\",\"@id\":\"https:\/\/www.coccigames.com\/index.php\/produit\/tome-de-bataille-sylvaneth-francais\/\",\"url\":\"https:\/\/www.coccigames.com\/index.php\/produit\/tome-de-bataille-sylvaneth-francais\/\",\"name\":\"TOME DE BATAILLE: SYLVANETH (FRANCAIS) - Coccigames\",\"isPartOf\":{\"@id\":\"https:\/\/www.coccigames.com\/#website\"},\"primaryImageOfPage\":{\"@id\":\"https:\/\/www.coccigames.com\/index.php\/produit\/tome-de-bataille-sylvaneth-francais\/#primaryimage\"},\"image\":{\"@id\":\"https:\/\/www.coccigames.com\/index.php\/produit\/tome-de-bataille-sylvaneth-francais\/#primaryimage\"},\"thumbnailUrl\":\"https:\/\/www.coccigames.com\/wp-content\/uploads\/2026\/03\/sundaypreview-mar22-aos-syl1_fre-kzgkrbcrkk.jpg\",\"datePublished\":\"2026-03-28T10:00:06+00:00\",\"dateModified\":\"2026-04-04T16:40:09+00:00\",\"breadcrumb\":{\"@id\":\"https:\/\/www.coccigames.com\/index.php\/produit\/tome-de-bataille-sylvaneth-francais\/#breadcrumb\"},\"inLanguage\":\"fr-FR\",\"potentialAction\":[{\"@type\":\"ReadAction\",\"target\":[\"https:\/\/www.coccigames.com\/index.php\/produit\/tome-de-bataille-sylvaneth-francais\/\"]}]},{\"@type\":\"ImageObject\",\"inLanguage\":\"fr-FR\",\"@id\":\"https:\/\/www.coccigames.com\/index.php\/produit\/tome-de-bataille-sylvaneth-francais\/#primaryimage\",\"url\":\"https:\/\/www.coccigames.com\/wp-content\/uploads\/2026\/03\/sundaypreview-mar22-aos-syl1_fre-kzgkrbcrkk.jpg\",\"contentUrl\":\"https:\/\/www.coccigames.com\/wp-content\/uploads\/2026\/03\/sundaypreview-mar22-aos-syl1_fre-kzgkrbcrkk.jpg\",\"width\":1000,\"height\":706},{\"@type\":\"BreadcrumbList\",\"@id\":\"https:\/\/www.coccigames.com\/index.php\/produit\/tome-de-bataille-sylvaneth-francais\/#breadcrumb\",\"itemListElement\":[{\"@type\":\"ListItem\",\"position\":1,\"name\":\"Accueil\",\"item\":\"https:\/\/www.coccigames.com\/\"},{\"@type\":\"ListItem\",\"position\":2,\"name\":\"Boutique\",\"item\":\"https:\/\/www.coccigames.com\/index.php\/boutique\/\"},{\"@type\":\"ListItem\",\"position\":3,\"name\":\"TOME DE BATAILLE: SYLVANETH (FRANCAIS)\"}]},{\"@type\":\"WebSite\",\"@id\":\"https:\/\/www.coccigames.com\/#website\",\"url\":\"https:\/\/www.coccigames.com\/\",\"name\":\"Coccigames - Figurines et Peintures\",\"description\":\"Figurines et Peintures\",\"publisher\":{\"@id\":\"https:\/\/www.coccigames.com\/#organization\"},\"potentialAction\":[{\"@type\":\"SearchAction\",\"target\":{\"@type\":\"EntryPoint\",\"urlTemplate\":\"https:\/\/www.coccigames.com\/?s={search_term_string}\"},\"query-input\":{\"@type\":\"PropertyValueSpecification\",\"valueRequired\":true,\"valueName\":\"search_term_string\"}}],\"inLanguage\":\"fr-FR\"},{\"@type\":\"Organization\",\"@id\":\"https:\/\/www.coccigames.com\/#organization\",\"name\":\"Coccigames\",\"url\":\"https:\/\/www.coccigames.com\/\",\"logo\":{\"@type\":\"ImageObject\",\"inLanguage\":\"fr-FR\",\"@id\":\"https:\/\/www.coccigames.com\/#\/schema\/logo\/image\/\",\"url\":\"https:\/\/www.coccigames.com\/wp-content\/uploads\/2025\/12\/coccigames_logo_v5.png\",\"contentUrl\":\"https:\/\/www.coccigames.com\/wp-content\/uploads\/2025\/12\/coccigames_logo_v5.png\",\"width\":1768,\"height\":424,\"caption\":\"Coccigames\"},\"image\":{\"@id\":\"https:\/\/www.coccigames.com\/#\/schema\/logo\/image\/\"}}]}<\/script>\n<!-- \/ Yoast SEO plugin. -->","yoast_head_json":{"title":"TOME DE BATAILLE: SYLVANETH (FRANCAIS) - Coccigames","robots":{"index":"index","follow":"follow","max-snippet":"max-snippet:-1","max-image-preview":"max-image-preview:large","max-video-preview":"max-video-preview:-1"},"canonical":"https:\/\/www.coccigames.com\/index.php\/produit\/tome-de-bataille-sylvaneth-francais\/","og_locale":"fr_FR","og_type":"article","og_title":"TOME DE BATAILLE: SYLVANETH (FRANCAIS) - Coccigames","og_description":"Sortie pr\u00e9vue le 11\/04\/2026.","og_url":"https:\/\/www.coccigames.com\/index.php\/produit\/tome-de-bataille-sylvaneth-francais\/","og_site_name":"Coccigames","article_modified_time":"2026-04-04T16:40:09+00:00","og_image":[{"width":1000,"height":706,"url":"https:\/\/www.coccigames.com\/wp-content\/uploads\/2026\/03\/sundaypreview-mar22-aos-syl1_fre-kzgkrbcrkk.jpg","type":"image\/jpeg"}],"twitter_card":"summary_large_image","twitter_misc":{"Dur\u00e9e de lecture estim\u00e9e":"1 minute"},"schema":{"@context":"https:\/\/schema.org","@graph":[{"@type":"WebPage","@id":"https:\/\/www.coccigames.com\/index.php\/produit\/tome-de-bataille-sylvaneth-francais\/","url":"https:\/\/www.coccigames.com\/index.php\/produit\/tome-de-bataille-sylvaneth-francais\/","name":"TOME DE BATAILLE: SYLVANETH (FRANCAIS) - Coccigames","isPartOf":{"@id":"https:\/\/www.coccigames.com\/#website"},"primaryImageOfPage":{"@id":"https:\/\/www.coccigames.com\/index.php\/produit\/tome-de-bataille-sylvaneth-francais\/#primaryimage"},"image":{"@id":"https:\/\/www.coccigames.com\/index.php\/produit\/tome-de-bataille-sylvaneth-francais\/#primaryimage"},"thumbnailUrl":"https:\/\/www.coccigames.com\/wp-content\/uploads\/2026\/03\/sundaypreview-mar22-aos-syl1_fre-kzgkrbcrkk.jpg","datePublished":"2026-03-28T10:00:06+00:00","dateModified":"2026-04-04T16:40:09+00:00","breadcrumb":{"@id":"https:\/\/www.coccigames.com\/index.php\/produit\/tome-de-bataille-sylvaneth-francais\/#breadcrumb"},"inLanguage":"fr-FR","potentialAction":[{"@type":"ReadAction","target":["https:\/\/www.coccigames.com\/index.php\/produit\/tome-de-bataille-sylvaneth-francais\/"]}]},{"@type":"ImageObject","inLanguage":"fr-FR","@id":"https:\/\/www.coccigames.com\/index.php\/produit\/tome-de-bataille-sylvaneth-francais\/#primaryimage","url":"https:\/\/www.coccigames.com\/wp-content\/uploads\/2026\/03\/sundaypreview-mar22-aos-syl1_fre-kzgkrbcrkk.jpg","contentUrl":"https:\/\/www.coccigames.com\/wp-content\/uploads\/2026\/03\/sundaypreview-mar22-aos-syl1_fre-kzgkrbcrkk.jpg","width":1000,"height":706},{"@type":"BreadcrumbList","@id":"https:\/\/www.coccigames.com\/index.php\/produit\/tome-de-bataille-sylvaneth-francais\/#breadcrumb","itemListElement":[{"@type":"ListItem","position":1,"name":"Accueil","item":"https:\/\/www.coccigames.com\/"},{"@type":"ListItem","position":2,"name":"Boutique","item":"https:\/\/www.coccigames.com\/index.php\/boutique\/"},{"@type":"ListItem","position":3,"name":"TOME DE BATAILLE: SYLVANETH (FRANCAIS)"}]},{"@type":"WebSite","@id":"https:\/\/www.coccigames.com\/#website","url":"https:\/\/www.coccigames.com\/","name":"Coccigames - Figurines et Peintures","description":"Figurines et Peintures","publisher":{"@id":"https:\/\/www.coccigames.com\/#organization"},"potentialAction":[{"@type":"SearchAction","target":{"@type":"EntryPoint","urlTemplate":"https:\/\/www.coccigames.com\/?s={search_term_string}"},"query-input":{"@type":"PropertyValueSpecification","valueRequired":true,"valueName":"search_term_string"}}],"inLanguage":"fr-FR"},{"@type":"Organization","@id":"https:\/\/www.coccigames.com\/#organization","name":"Coccigames","url":"https:\/\/www.coccigames.com\/","logo":{"@type":"ImageObject","inLanguage":"fr-FR","@id":"https:\/\/www.coccigames.com\/#\/schema\/logo\/image\/","url":"https:\/\/www.coccigames.com\/wp-content\/uploads\/2025\/12\/coccigames_logo_v5.png","contentUrl":"https:\/\/www.coccigames.com\/wp-content\/uploads\/2025\/12\/coccigames_logo_v5.png","width":1768,"height":424,"caption":"Coccigames"},"image":{"@id":"https:\/\/www.coccigames.com\/#\/schema\/logo\/image\/"}}]}},"_links":{"self":[{"href":"https:\/\/www.coccigames.com\/index.php\/wp-json\/wp\/v2\/product\/14154","targetHints":{"allow":["GET"]}}],"collection":[{"href":"https:\/\/www.coccigames.com\/index.php\/wp-json\/wp\/v2\/product"}],"about":[{"href":"https:\/\/www.coccigames.com\/index.php\/wp-json\/wp\/v2\/types\/product"}],"replies":[{"embeddable":true,"href":"https:\/\/www.coccigames.com\/index.php\/wp-json\/wp\/v2\/comments?post=14154"}],"wp:featuredmedia":[{"embeddable":true,"href":"https:\/\/www.coccigames.com\/index.php\/wp-json\/wp\/v2\/media\/14189"}],"wp:attachment":[{"href":"https:\/\/www.coccigames.com\/index.php\/wp-json\/wp\/v2\/media?parent=14154"}],"wp:term":[{"taxonomy":"product_brand","embeddable":true,"href":"https:\/\/www.coccigames.com\/index.php\/wp-json\/wp\/v2\/product_brand?post=14154"},{"taxonomy":"product_cat","embeddable":true,"href":"https:\/\/www.coccigames.com\/index.php\/wp-json\/wp\/v2\/product_cat?post=14154"},{"taxonomy":"product_tag","embeddable":true,"href":"https:\/\/www.coccigames.com\/index.php\/wp-json\/wp\/v2\/product_tag?post=14154"}],"curies":[{"name":"wp","href":"https:\/\/api.w.org\/{rel}","templated":true}]}}