{"id":14000,"date":"2026-03-15T10:48:24","date_gmt":"2026-03-15T09:48:24","guid":{"rendered":"https:\/\/www.coccigames.com\/index.php\/produit\/modular-organizer-for-35ml-bottles\/"},"modified":"2026-03-27T13:00:57","modified_gmt":"2026-03-27T12:00:57","slug":"modular-organizer-for-35ml-bottles","status":"publish","type":"product","link":"https:\/\/www.coccigames.com\/index.php\/produit\/modular-organizer-for-35ml-bottles\/","title":{"rendered":"MODULAR ORGANIZER FOR 35ML BOTTLES"},"content":{"rendered":"<p>Capacit\u00e9 : 30 pots de 36 mm de diam\u00e8tre.<\/p>\n<p>ID\u00c9AL POUR LES \u00c9MAILS, PIGMENTS, FILTRES, WASHES\u2026<\/p>\n<ul class=\"wp-block-list\">\n<li>Dimensions : 30 x 15 x 15 cm.<\/li>\n<li>Plus d\u2019espace de rangement qu\u2019un module aux caract\u00e9ristiques similaires gr\u00e2ce \u00e0 une disposition plus efficace des pots.<\/li>\n<li>Le module pour peintures de 35 ml peut contenir 30 pots.<\/li>\n<li>Espace libre \u00e0 l\u2019avant pour le rangement des pinceaux ou autres outils dans les deux modules.<\/li>\n<li>Structure renforc\u00e9e en bois de 6 mm con\u00e7ue pour prolonger la dur\u00e9e de vie du module, ainsi que des \u00e9tag\u00e8res et s\u00e9parateurs de 3 mm.<\/li>\n<li>Compatible avec tous les modules Hobby Zone ouverts sur le march\u00e9, y compris les aimants pour une fixation parfaite entre eux.<\/li>\n<li>N\u00e9cessite un assemblage et de la colle \u00e0 bois.<img loading=\"lazy\" decoding=\"async\" class=\"alignnone size-full wp-image-14090\" src=\"https:\/\/www.coccigames.com\/wp-content\/uploads\/2026\/03\/AKORG35_detail2.jpg\" alt=\"\" width=\"1200\" height=\"1200\" \/><\/li>\n<\/ul>\n<p>&nbsp;<\/p>\n","protected":false},"excerpt":{"rendered":"<p>Capacit\u00e9 : 30 pots de 36 mm de diam\u00e8tre. ID\u00c9AL POUR LES \u00c9MAILS, PIGMENTS, FILTRES, WASHES\u2026 Dimensions : 30 x 15 x 15 cm. Plus d\u2019espace de rangement qu\u2019un module aux caract\u00e9ristiques similaires gr\u00e2ce \u00e0 une disposition plus efficace des pots. Le module pour peintures&hellip;<\/p>\n","protected":false},"featured_media":14093,"comment_status":"open","ping_status":"closed","template":"","meta":[],"product_brand":[6155],"product_cat":[6226],"product_tag":[6227],"class_list":{"0":"post-14000","1":"product","2":"type-product","3":"status-publish","4":"has-post-thumbnail","6":"product_brand-ak-interactive","7":"product_cat-rangement","8":"product_tag-rangement","10":"first","11":"instock","12":"sale","13":"taxable","14":"shipping-taxable","15":"purchasable","16":"product-type-simple"},"yoast_head":"<!-- This site is optimized with the Yoast SEO plugin v26.4 - https:\/\/yoast.com\/wordpress\/plugins\/seo\/ -->\n<title>MODULAR ORGANIZER FOR 35ML BOTTLES - Coccigames<\/title>\n<meta name=\"robots\" content=\"index, follow, max-snippet:-1, max-image-preview:large, max-video-preview:-1\" \/>\n<link rel=\"canonical\" href=\"https:\/\/www.coccigames.com\/index.php\/produit\/modular-organizer-for-35ml-bottles\/\" \/>\n<meta property=\"og:locale\" content=\"fr_FR\" \/>\n<meta property=\"og:type\" content=\"article\" \/>\n<meta property=\"og:title\" content=\"MODULAR ORGANIZER FOR 35ML BOTTLES - Coccigames\" \/>\n<meta property=\"og:description\" content=\"Capacit\u00e9 : 30 pots de 36 mm de diam\u00e8tre. ID\u00c9AL POUR LES \u00c9MAILS, PIGMENTS, FILTRES, WASHES\u2026 Dimensions : 30 x 15 x 15 cm. Plus d\u2019espace de rangement qu\u2019un module aux caract\u00e9ristiques similaires gr\u00e2ce \u00e0 une disposition plus efficace des pots. Le module pour peintures&hellip;\" \/>\n<meta property=\"og:url\" content=\"https:\/\/www.coccigames.com\/index.php\/produit\/modular-organizer-for-35ml-bottles\/\" \/>\n<meta property=\"og:site_name\" content=\"Coccigames\" \/>\n<meta property=\"article:modified_time\" content=\"2026-03-27T12:00:57+00:00\" \/>\n<meta property=\"og:image\" content=\"https:\/\/www.coccigames.com\/wp-content\/uploads\/2026\/03\/AKORG35_web.jpg\" \/>\n\t<meta property=\"og:image:width\" content=\"1200\" \/>\n\t<meta property=\"og:image:height\" content=\"1200\" \/>\n\t<meta property=\"og:image:type\" content=\"image\/jpeg\" \/>\n<meta name=\"twitter:card\" content=\"summary_large_image\" \/>\n<meta name=\"twitter:label1\" content=\"Dur\u00e9e de lecture estim\u00e9e\" \/>\n\t<meta name=\"twitter:data1\" content=\"2 minutes\" \/>\n<script type=\"application\/ld+json\" class=\"yoast-schema-graph\">{\"@context\":\"https:\/\/schema.org\",\"@graph\":[{\"@type\":\"WebPage\",\"@id\":\"https:\/\/www.coccigames.com\/index.php\/produit\/modular-organizer-for-35ml-bottles\/\",\"url\":\"https:\/\/www.coccigames.com\/index.php\/produit\/modular-organizer-for-35ml-bottles\/\",\"name\":\"MODULAR ORGANIZER FOR 35ML BOTTLES - Coccigames\",\"isPartOf\":{\"@id\":\"https:\/\/www.coccigames.com\/#website\"},\"primaryImageOfPage\":{\"@id\":\"https:\/\/www.coccigames.com\/index.php\/produit\/modular-organizer-for-35ml-bottles\/#primaryimage\"},\"image\":{\"@id\":\"https:\/\/www.coccigames.com\/index.php\/produit\/modular-organizer-for-35ml-bottles\/#primaryimage\"},\"thumbnailUrl\":\"https:\/\/www.coccigames.com\/wp-content\/uploads\/2026\/03\/AKORG35_web.jpg\",\"datePublished\":\"2026-03-15T09:48:24+00:00\",\"dateModified\":\"2026-03-27T12:00:57+00:00\",\"breadcrumb\":{\"@id\":\"https:\/\/www.coccigames.com\/index.php\/produit\/modular-organizer-for-35ml-bottles\/#breadcrumb\"},\"inLanguage\":\"fr-FR\",\"potentialAction\":[{\"@type\":\"ReadAction\",\"target\":[\"https:\/\/www.coccigames.com\/index.php\/produit\/modular-organizer-for-35ml-bottles\/\"]}]},{\"@type\":\"ImageObject\",\"inLanguage\":\"fr-FR\",\"@id\":\"https:\/\/www.coccigames.com\/index.php\/produit\/modular-organizer-for-35ml-bottles\/#primaryimage\",\"url\":\"https:\/\/www.coccigames.com\/wp-content\/uploads\/2026\/03\/AKORG35_web.jpg\",\"contentUrl\":\"https:\/\/www.coccigames.com\/wp-content\/uploads\/2026\/03\/AKORG35_web.jpg\",\"width\":1200,\"height\":1200},{\"@type\":\"BreadcrumbList\",\"@id\":\"https:\/\/www.coccigames.com\/index.php\/produit\/modular-organizer-for-35ml-bottles\/#breadcrumb\",\"itemListElement\":[{\"@type\":\"ListItem\",\"position\":1,\"name\":\"Accueil\",\"item\":\"https:\/\/www.coccigames.com\/\"},{\"@type\":\"ListItem\",\"position\":2,\"name\":\"Boutique\",\"item\":\"https:\/\/www.coccigames.com\/index.php\/boutique\/\"},{\"@type\":\"ListItem\",\"position\":3,\"name\":\"MODULAR ORGANIZER FOR 35ML BOTTLES\"}]},{\"@type\":\"WebSite\",\"@id\":\"https:\/\/www.coccigames.com\/#website\",\"url\":\"https:\/\/www.coccigames.com\/\",\"name\":\"Coccigames - Figurines et Peintures\",\"description\":\"Figurines et Peintures\",\"publisher\":{\"@id\":\"https:\/\/www.coccigames.com\/#organization\"},\"potentialAction\":[{\"@type\":\"SearchAction\",\"target\":{\"@type\":\"EntryPoint\",\"urlTemplate\":\"https:\/\/www.coccigames.com\/?s={search_term_string}\"},\"query-input\":{\"@type\":\"PropertyValueSpecification\",\"valueRequired\":true,\"valueName\":\"search_term_string\"}}],\"inLanguage\":\"fr-FR\"},{\"@type\":\"Organization\",\"@id\":\"https:\/\/www.coccigames.com\/#organization\",\"name\":\"Coccigames\",\"url\":\"https:\/\/www.coccigames.com\/\",\"logo\":{\"@type\":\"ImageObject\",\"inLanguage\":\"fr-FR\",\"@id\":\"https:\/\/www.coccigames.com\/#\/schema\/logo\/image\/\",\"url\":\"https:\/\/www.coccigames.com\/wp-content\/uploads\/2025\/12\/coccigames_logo_v5.png\",\"contentUrl\":\"https:\/\/www.coccigames.com\/wp-content\/uploads\/2025\/12\/coccigames_logo_v5.png\",\"width\":1768,\"height\":424,\"caption\":\"Coccigames\"},\"image\":{\"@id\":\"https:\/\/www.coccigames.com\/#\/schema\/logo\/image\/\"}}]}<\/script>\n<!-- \/ Yoast SEO plugin. -->","yoast_head_json":{"title":"MODULAR ORGANIZER FOR 35ML BOTTLES - Coccigames","robots":{"index":"index","follow":"follow","max-snippet":"max-snippet:-1","max-image-preview":"max-image-preview:large","max-video-preview":"max-video-preview:-1"},"canonical":"https:\/\/www.coccigames.com\/index.php\/produit\/modular-organizer-for-35ml-bottles\/","og_locale":"fr_FR","og_type":"article","og_title":"MODULAR ORGANIZER FOR 35ML BOTTLES - Coccigames","og_description":"Capacit\u00e9 : 30 pots de 36 mm de diam\u00e8tre. ID\u00c9AL POUR LES \u00c9MAILS, PIGMENTS, FILTRES, WASHES\u2026 Dimensions : 30 x 15 x 15 cm. Plus d\u2019espace de rangement qu\u2019un module aux caract\u00e9ristiques similaires gr\u00e2ce \u00e0 une disposition plus efficace des pots. Le module pour peintures&hellip;","og_url":"https:\/\/www.coccigames.com\/index.php\/produit\/modular-organizer-for-35ml-bottles\/","og_site_name":"Coccigames","article_modified_time":"2026-03-27T12:00:57+00:00","og_image":[{"width":1200,"height":1200,"url":"https:\/\/www.coccigames.com\/wp-content\/uploads\/2026\/03\/AKORG35_web.jpg","type":"image\/jpeg"}],"twitter_card":"summary_large_image","twitter_misc":{"Dur\u00e9e de lecture estim\u00e9e":"2 minutes"},"schema":{"@context":"https:\/\/schema.org","@graph":[{"@type":"WebPage","@id":"https:\/\/www.coccigames.com\/index.php\/produit\/modular-organizer-for-35ml-bottles\/","url":"https:\/\/www.coccigames.com\/index.php\/produit\/modular-organizer-for-35ml-bottles\/","name":"MODULAR ORGANIZER FOR 35ML BOTTLES - Coccigames","isPartOf":{"@id":"https:\/\/www.coccigames.com\/#website"},"primaryImageOfPage":{"@id":"https:\/\/www.coccigames.com\/index.php\/produit\/modular-organizer-for-35ml-bottles\/#primaryimage"},"image":{"@id":"https:\/\/www.coccigames.com\/index.php\/produit\/modular-organizer-for-35ml-bottles\/#primaryimage"},"thumbnailUrl":"https:\/\/www.coccigames.com\/wp-content\/uploads\/2026\/03\/AKORG35_web.jpg","datePublished":"2026-03-15T09:48:24+00:00","dateModified":"2026-03-27T12:00:57+00:00","breadcrumb":{"@id":"https:\/\/www.coccigames.com\/index.php\/produit\/modular-organizer-for-35ml-bottles\/#breadcrumb"},"inLanguage":"fr-FR","potentialAction":[{"@type":"ReadAction","target":["https:\/\/www.coccigames.com\/index.php\/produit\/modular-organizer-for-35ml-bottles\/"]}]},{"@type":"ImageObject","inLanguage":"fr-FR","@id":"https:\/\/www.coccigames.com\/index.php\/produit\/modular-organizer-for-35ml-bottles\/#primaryimage","url":"https:\/\/www.coccigames.com\/wp-content\/uploads\/2026\/03\/AKORG35_web.jpg","contentUrl":"https:\/\/www.coccigames.com\/wp-content\/uploads\/2026\/03\/AKORG35_web.jpg","width":1200,"height":1200},{"@type":"BreadcrumbList","@id":"https:\/\/www.coccigames.com\/index.php\/produit\/modular-organizer-for-35ml-bottles\/#breadcrumb","itemListElement":[{"@type":"ListItem","position":1,"name":"Accueil","item":"https:\/\/www.coccigames.com\/"},{"@type":"ListItem","position":2,"name":"Boutique","item":"https:\/\/www.coccigames.com\/index.php\/boutique\/"},{"@type":"ListItem","position":3,"name":"MODULAR ORGANIZER FOR 35ML BOTTLES"}]},{"@type":"WebSite","@id":"https:\/\/www.coccigames.com\/#website","url":"https:\/\/www.coccigames.com\/","name":"Coccigames - Figurines et Peintures","description":"Figurines et Peintures","publisher":{"@id":"https:\/\/www.coccigames.com\/#organization"},"potentialAction":[{"@type":"SearchAction","target":{"@type":"EntryPoint","urlTemplate":"https:\/\/www.coccigames.com\/?s={search_term_string}"},"query-input":{"@type":"PropertyValueSpecification","valueRequired":true,"valueName":"search_term_string"}}],"inLanguage":"fr-FR"},{"@type":"Organization","@id":"https:\/\/www.coccigames.com\/#organization","name":"Coccigames","url":"https:\/\/www.coccigames.com\/","logo":{"@type":"ImageObject","inLanguage":"fr-FR","@id":"https:\/\/www.coccigames.com\/#\/schema\/logo\/image\/","url":"https:\/\/www.coccigames.com\/wp-content\/uploads\/2025\/12\/coccigames_logo_v5.png","contentUrl":"https:\/\/www.coccigames.com\/wp-content\/uploads\/2025\/12\/coccigames_logo_v5.png","width":1768,"height":424,"caption":"Coccigames"},"image":{"@id":"https:\/\/www.coccigames.com\/#\/schema\/logo\/image\/"}}]}},"_links":{"self":[{"href":"https:\/\/www.coccigames.com\/index.php\/wp-json\/wp\/v2\/product\/14000","targetHints":{"allow":["GET"]}}],"collection":[{"href":"https:\/\/www.coccigames.com\/index.php\/wp-json\/wp\/v2\/product"}],"about":[{"href":"https:\/\/www.coccigames.com\/index.php\/wp-json\/wp\/v2\/types\/product"}],"replies":[{"embeddable":true,"href":"https:\/\/www.coccigames.com\/index.php\/wp-json\/wp\/v2\/comments?post=14000"}],"wp:featuredmedia":[{"embeddable":true,"href":"https:\/\/www.coccigames.com\/index.php\/wp-json\/wp\/v2\/media\/14093"}],"wp:attachment":[{"href":"https:\/\/www.coccigames.com\/index.php\/wp-json\/wp\/v2\/media?parent=14000"}],"wp:term":[{"taxonomy":"product_brand","embeddable":true,"href":"https:\/\/www.coccigames.com\/index.php\/wp-json\/wp\/v2\/product_brand?post=14000"},{"taxonomy":"product_cat","embeddable":true,"href":"https:\/\/www.coccigames.com\/index.php\/wp-json\/wp\/v2\/product_cat?post=14000"},{"taxonomy":"product_tag","embeddable":true,"href":"https:\/\/www.coccigames.com\/index.php\/wp-json\/wp\/v2\/product_tag?post=14000"}],"curies":[{"name":"wp","href":"https:\/\/api.w.org\/{rel}","templated":true}]}}