{"id":13997,"date":"2026-03-15T10:48:24","date_gmt":"2026-03-15T09:48:24","guid":{"rendered":"https:\/\/www.coccigames.com\/index.php\/produit\/ak-wet-palette\/"},"modified":"2026-04-06T09:28:55","modified_gmt":"2026-04-06T07:28:55","slug":"ak-wet-palette","status":"publish","type":"product","link":"https:\/\/www.coccigames.com\/index.php\/produit\/ak-wet-palette\/","title":{"rendered":"AK WET PALETTE"},"content":{"rendered":"<p>Comprend 40 feuilles de papier et 2 \u00e9ponges.<\/p>\n<p>Dimensions : 23,5 x 17,5 x 2,5 cm.<\/p>\n<p>Cette palette humide est parfaitement dimensionn\u00e9e et dispose d\u2019un joint \u00e9tanche pour pr\u00e9server la peinture plus longtemps.<\/p>\n<p>Elle contient un plateau pratique avec des compartiments pour m\u00e9langer les peintures ou ranger diff\u00e9rents accessoires.<\/p>\n<p>La palette humide est un outil principalement utilis\u00e9 par les peintres de figurines, mais elle est de plus en plus employ\u00e9e par toute personne peignant des mod\u00e8les \u00e0 l\u2019acrylique.<\/p>\n<p>Elle prolonge la dur\u00e9e de vie de n\u2019importe quelle peinture acrylique pour permettre de l\u2019utiliser pendant des heures et, une fois ferm\u00e9e, conserve les couleurs et les m\u00e9langes de teintes.<\/p>\n<p>Peut se conserver au r\u00e9frig\u00e9rateur.<\/p>\n<p><strong>Composants :<\/strong><\/p>\n<ol class=\"wp-block-list\">\n<li><strong>Tissu en fibre de coton<\/strong> pour garder le papier de la palette humide. Il est de couleur blanche neutre afin de ne pas influencer la perception des couleurs et de rendre les m\u00e9langes plus pr\u00e9cis. \u00c0 maintenir satur\u00e9 d\u2019eau pour un fonctionnement optimal. Produit naturel sans traitement afin d\u2019\u00e9viter toute interaction avec les peintures lors de l\u2019utilisation.<\/li>\n<li><strong>Papier interchangeable de haute qualit\u00e9<\/strong> pour maintenir l\u2019acrylique humide et pr\u00eat \u00e0 tout moment. Poids : 40 g\/m\u00b2. Il est compos\u00e9 d\u2019un fin film en silicone qui permet le transfert d\u2019humidit\u00e9 tout en emp\u00eachant le transfert d\u2019eau et la dissolution des peintures. Ne lib\u00e8re pas de fibres ni de poils lors de l\u2019utilisation avec les pinceaux.<\/li>\n<li><strong>Plateau pratique<\/strong> pour le rangement des accessoires et pinceaux, pour m\u00e9langer et d\u00e9poser la peinture. La palette humide est \u00e9tanche et herm\u00e9tique, fabriqu\u00e9e dans le m\u00eame mat\u00e9riau que les conteneurs marins pour fus\u00e9es de d\u00e9tresse, cartes et m\u00e9dicaments. Son joint garantit l\u2019\u00e9tanch\u00e9it\u00e9, prolongeant ainsi la dur\u00e9e de vie des peintures et m\u00e9langes, notamment en \u00e9t\u00e9, par temps chaud ou dans des conditions extr\u00eames.<img loading=\"lazy\" decoding=\"async\" class=\"alignnone size-medium wp-image-14086\" src=\"https:\/\/www.coccigames.com\/wp-content\/uploads\/2026\/03\/wet-palette-abierta-600x600-1-300x300.png\" alt=\"\" width=\"300\" height=\"300\" srcset=\"https:\/\/www.coccigames.com\/wp-content\/uploads\/2026\/03\/wet-palette-abierta-600x600-1-300x300.png 300w, https:\/\/www.coccigames.com\/wp-content\/uploads\/2026\/03\/wet-palette-abierta-600x600-1-150x150.png 150w, https:\/\/www.coccigames.com\/wp-content\/uploads\/2026\/03\/wet-palette-abierta-600x600-1-100x100.png 100w, https:\/\/www.coccigames.com\/wp-content\/uploads\/2026\/03\/wet-palette-abierta-600x600-1.png 600w\" sizes=\"auto, (max-width: 300px) 100vw, 300px\" \/> <img loading=\"lazy\" decoding=\"async\" class=\"alignnone size-medium wp-image-14085\" src=\"https:\/\/www.coccigames.com\/wp-content\/uploads\/2026\/03\/wet-palette-con-pincel-y-pintura-300x300.png\" alt=\"\" width=\"300\" height=\"300\" srcset=\"https:\/\/www.coccigames.com\/wp-content\/uploads\/2026\/03\/wet-palette-con-pincel-y-pintura-300x300.png 300w, https:\/\/www.coccigames.com\/wp-content\/uploads\/2026\/03\/wet-palette-con-pincel-y-pintura-1024x1024.png 1024w, https:\/\/www.coccigames.com\/wp-content\/uploads\/2026\/03\/wet-palette-con-pincel-y-pintura-150x150.png 150w, https:\/\/www.coccigames.com\/wp-content\/uploads\/2026\/03\/wet-palette-con-pincel-y-pintura-768x768.png 768w, https:\/\/www.coccigames.com\/wp-content\/uploads\/2026\/03\/wet-palette-con-pincel-y-pintura-600x600.png 600w, https:\/\/www.coccigames.com\/wp-content\/uploads\/2026\/03\/wet-palette-con-pincel-y-pintura-100x100.png 100w, https:\/\/www.coccigames.com\/wp-content\/uploads\/2026\/03\/wet-palette-con-pincel-y-pintura.png 1200w\" sizes=\"auto, (max-width: 300px) 100vw, 300px\" \/><\/li>\n<\/ol>\n","protected":false},"excerpt":{"rendered":"<p>Comprend 40 feuilles de papier et 2 \u00e9ponges. Dimensions : 23,5 x 17,5 x 2,5 cm. Cette palette humide est parfaitement dimensionn\u00e9e et dispose d\u2019un joint \u00e9tanche pour pr\u00e9server la peinture plus longtemps. Elle contient un plateau pratique avec des compartiments pour m\u00e9langer les peintures&hellip;<\/p>\n","protected":false},"featured_media":14087,"comment_status":"open","ping_status":"closed","template":"","meta":[],"product_brand":[6155],"product_cat":[6145],"product_tag":[139],"class_list":{"0":"post-13997","1":"product","2":"type-product","3":"status-publish","4":"has-post-thumbnail","6":"product_brand-ak-interactive","7":"product_cat-palettes","8":"product_tag-palette","10":"first","11":"onbackorder","12":"sale","13":"taxable","14":"shipping-taxable","15":"purchasable","16":"product-type-simple"},"yoast_head":"<!-- This site is optimized with the Yoast SEO plugin v26.4 - https:\/\/yoast.com\/wordpress\/plugins\/seo\/ -->\n<title>AK WET PALETTE - Coccigames<\/title>\n<meta name=\"robots\" content=\"index, follow, max-snippet:-1, max-image-preview:large, max-video-preview:-1\" \/>\n<link rel=\"canonical\" href=\"https:\/\/www.coccigames.com\/index.php\/produit\/ak-wet-palette\/\" \/>\n<meta property=\"og:locale\" content=\"fr_FR\" \/>\n<meta property=\"og:type\" content=\"article\" \/>\n<meta property=\"og:title\" content=\"AK WET PALETTE - Coccigames\" \/>\n<meta property=\"og:description\" content=\"Comprend 40 feuilles de papier et 2 \u00e9ponges. Dimensions : 23,5 x 17,5 x 2,5 cm. Cette palette humide est parfaitement dimensionn\u00e9e et dispose d\u2019un joint \u00e9tanche pour pr\u00e9server la peinture plus longtemps. Elle contient un plateau pratique avec des compartiments pour m\u00e9langer les peintures&hellip;\" \/>\n<meta property=\"og:url\" content=\"https:\/\/www.coccigames.com\/index.php\/produit\/ak-wet-palette\/\" \/>\n<meta property=\"og:site_name\" content=\"Coccigames\" \/>\n<meta property=\"article:modified_time\" content=\"2026-04-06T07:28:55+00:00\" \/>\n<meta property=\"og:image\" content=\"https:\/\/www.coccigames.com\/wp-content\/uploads\/2026\/03\/wet-palette-1200-X-1200-PX.png\" \/>\n\t<meta property=\"og:image:width\" content=\"1200\" \/>\n\t<meta property=\"og:image:height\" content=\"1200\" \/>\n\t<meta property=\"og:image:type\" content=\"image\/png\" \/>\n<meta name=\"twitter:card\" content=\"summary_large_image\" \/>\n<meta name=\"twitter:label1\" content=\"Dur\u00e9e de lecture estim\u00e9e\" \/>\n\t<meta name=\"twitter:data1\" content=\"3 minutes\" \/>\n<script type=\"application\/ld+json\" class=\"yoast-schema-graph\">{\"@context\":\"https:\/\/schema.org\",\"@graph\":[{\"@type\":\"WebPage\",\"@id\":\"https:\/\/www.coccigames.com\/index.php\/produit\/ak-wet-palette\/\",\"url\":\"https:\/\/www.coccigames.com\/index.php\/produit\/ak-wet-palette\/\",\"name\":\"AK WET PALETTE - Coccigames\",\"isPartOf\":{\"@id\":\"https:\/\/www.coccigames.com\/#website\"},\"primaryImageOfPage\":{\"@id\":\"https:\/\/www.coccigames.com\/index.php\/produit\/ak-wet-palette\/#primaryimage\"},\"image\":{\"@id\":\"https:\/\/www.coccigames.com\/index.php\/produit\/ak-wet-palette\/#primaryimage\"},\"thumbnailUrl\":\"https:\/\/www.coccigames.com\/wp-content\/uploads\/2026\/03\/wet-palette-1200-X-1200-PX.png\",\"datePublished\":\"2026-03-15T09:48:24+00:00\",\"dateModified\":\"2026-04-06T07:28:55+00:00\",\"breadcrumb\":{\"@id\":\"https:\/\/www.coccigames.com\/index.php\/produit\/ak-wet-palette\/#breadcrumb\"},\"inLanguage\":\"fr-FR\",\"potentialAction\":[{\"@type\":\"ReadAction\",\"target\":[\"https:\/\/www.coccigames.com\/index.php\/produit\/ak-wet-palette\/\"]}]},{\"@type\":\"ImageObject\",\"inLanguage\":\"fr-FR\",\"@id\":\"https:\/\/www.coccigames.com\/index.php\/produit\/ak-wet-palette\/#primaryimage\",\"url\":\"https:\/\/www.coccigames.com\/wp-content\/uploads\/2026\/03\/wet-palette-1200-X-1200-PX.png\",\"contentUrl\":\"https:\/\/www.coccigames.com\/wp-content\/uploads\/2026\/03\/wet-palette-1200-X-1200-PX.png\",\"width\":1200,\"height\":1200},{\"@type\":\"BreadcrumbList\",\"@id\":\"https:\/\/www.coccigames.com\/index.php\/produit\/ak-wet-palette\/#breadcrumb\",\"itemListElement\":[{\"@type\":\"ListItem\",\"position\":1,\"name\":\"Accueil\",\"item\":\"https:\/\/www.coccigames.com\/\"},{\"@type\":\"ListItem\",\"position\":2,\"name\":\"Boutique\",\"item\":\"https:\/\/www.coccigames.com\/index.php\/boutique\/\"},{\"@type\":\"ListItem\",\"position\":3,\"name\":\"AK WET PALETTE\"}]},{\"@type\":\"WebSite\",\"@id\":\"https:\/\/www.coccigames.com\/#website\",\"url\":\"https:\/\/www.coccigames.com\/\",\"name\":\"Coccigames - Figurines et Peintures\",\"description\":\"Figurines et Peintures\",\"publisher\":{\"@id\":\"https:\/\/www.coccigames.com\/#organization\"},\"potentialAction\":[{\"@type\":\"SearchAction\",\"target\":{\"@type\":\"EntryPoint\",\"urlTemplate\":\"https:\/\/www.coccigames.com\/?s={search_term_string}\"},\"query-input\":{\"@type\":\"PropertyValueSpecification\",\"valueRequired\":true,\"valueName\":\"search_term_string\"}}],\"inLanguage\":\"fr-FR\"},{\"@type\":\"Organization\",\"@id\":\"https:\/\/www.coccigames.com\/#organization\",\"name\":\"Coccigames\",\"url\":\"https:\/\/www.coccigames.com\/\",\"logo\":{\"@type\":\"ImageObject\",\"inLanguage\":\"fr-FR\",\"@id\":\"https:\/\/www.coccigames.com\/#\/schema\/logo\/image\/\",\"url\":\"https:\/\/www.coccigames.com\/wp-content\/uploads\/2025\/12\/coccigames_logo_v5.png\",\"contentUrl\":\"https:\/\/www.coccigames.com\/wp-content\/uploads\/2025\/12\/coccigames_logo_v5.png\",\"width\":1768,\"height\":424,\"caption\":\"Coccigames\"},\"image\":{\"@id\":\"https:\/\/www.coccigames.com\/#\/schema\/logo\/image\/\"}}]}<\/script>\n<!-- \/ Yoast SEO plugin. -->","yoast_head_json":{"title":"AK WET PALETTE - Coccigames","robots":{"index":"index","follow":"follow","max-snippet":"max-snippet:-1","max-image-preview":"max-image-preview:large","max-video-preview":"max-video-preview:-1"},"canonical":"https:\/\/www.coccigames.com\/index.php\/produit\/ak-wet-palette\/","og_locale":"fr_FR","og_type":"article","og_title":"AK WET PALETTE - Coccigames","og_description":"Comprend 40 feuilles de papier et 2 \u00e9ponges. Dimensions : 23,5 x 17,5 x 2,5 cm. Cette palette humide est parfaitement dimensionn\u00e9e et dispose d\u2019un joint \u00e9tanche pour pr\u00e9server la peinture plus longtemps. Elle contient un plateau pratique avec des compartiments pour m\u00e9langer les peintures&hellip;","og_url":"https:\/\/www.coccigames.com\/index.php\/produit\/ak-wet-palette\/","og_site_name":"Coccigames","article_modified_time":"2026-04-06T07:28:55+00:00","og_image":[{"width":1200,"height":1200,"url":"https:\/\/www.coccigames.com\/wp-content\/uploads\/2026\/03\/wet-palette-1200-X-1200-PX.png","type":"image\/png"}],"twitter_card":"summary_large_image","twitter_misc":{"Dur\u00e9e de lecture estim\u00e9e":"3 minutes"},"schema":{"@context":"https:\/\/schema.org","@graph":[{"@type":"WebPage","@id":"https:\/\/www.coccigames.com\/index.php\/produit\/ak-wet-palette\/","url":"https:\/\/www.coccigames.com\/index.php\/produit\/ak-wet-palette\/","name":"AK WET PALETTE - Coccigames","isPartOf":{"@id":"https:\/\/www.coccigames.com\/#website"},"primaryImageOfPage":{"@id":"https:\/\/www.coccigames.com\/index.php\/produit\/ak-wet-palette\/#primaryimage"},"image":{"@id":"https:\/\/www.coccigames.com\/index.php\/produit\/ak-wet-palette\/#primaryimage"},"thumbnailUrl":"https:\/\/www.coccigames.com\/wp-content\/uploads\/2026\/03\/wet-palette-1200-X-1200-PX.png","datePublished":"2026-03-15T09:48:24+00:00","dateModified":"2026-04-06T07:28:55+00:00","breadcrumb":{"@id":"https:\/\/www.coccigames.com\/index.php\/produit\/ak-wet-palette\/#breadcrumb"},"inLanguage":"fr-FR","potentialAction":[{"@type":"ReadAction","target":["https:\/\/www.coccigames.com\/index.php\/produit\/ak-wet-palette\/"]}]},{"@type":"ImageObject","inLanguage":"fr-FR","@id":"https:\/\/www.coccigames.com\/index.php\/produit\/ak-wet-palette\/#primaryimage","url":"https:\/\/www.coccigames.com\/wp-content\/uploads\/2026\/03\/wet-palette-1200-X-1200-PX.png","contentUrl":"https:\/\/www.coccigames.com\/wp-content\/uploads\/2026\/03\/wet-palette-1200-X-1200-PX.png","width":1200,"height":1200},{"@type":"BreadcrumbList","@id":"https:\/\/www.coccigames.com\/index.php\/produit\/ak-wet-palette\/#breadcrumb","itemListElement":[{"@type":"ListItem","position":1,"name":"Accueil","item":"https:\/\/www.coccigames.com\/"},{"@type":"ListItem","position":2,"name":"Boutique","item":"https:\/\/www.coccigames.com\/index.php\/boutique\/"},{"@type":"ListItem","position":3,"name":"AK WET PALETTE"}]},{"@type":"WebSite","@id":"https:\/\/www.coccigames.com\/#website","url":"https:\/\/www.coccigames.com\/","name":"Coccigames - Figurines et Peintures","description":"Figurines et Peintures","publisher":{"@id":"https:\/\/www.coccigames.com\/#organization"},"potentialAction":[{"@type":"SearchAction","target":{"@type":"EntryPoint","urlTemplate":"https:\/\/www.coccigames.com\/?s={search_term_string}"},"query-input":{"@type":"PropertyValueSpecification","valueRequired":true,"valueName":"search_term_string"}}],"inLanguage":"fr-FR"},{"@type":"Organization","@id":"https:\/\/www.coccigames.com\/#organization","name":"Coccigames","url":"https:\/\/www.coccigames.com\/","logo":{"@type":"ImageObject","inLanguage":"fr-FR","@id":"https:\/\/www.coccigames.com\/#\/schema\/logo\/image\/","url":"https:\/\/www.coccigames.com\/wp-content\/uploads\/2025\/12\/coccigames_logo_v5.png","contentUrl":"https:\/\/www.coccigames.com\/wp-content\/uploads\/2025\/12\/coccigames_logo_v5.png","width":1768,"height":424,"caption":"Coccigames"},"image":{"@id":"https:\/\/www.coccigames.com\/#\/schema\/logo\/image\/"}}]}},"_links":{"self":[{"href":"https:\/\/www.coccigames.com\/index.php\/wp-json\/wp\/v2\/product\/13997","targetHints":{"allow":["GET"]}}],"collection":[{"href":"https:\/\/www.coccigames.com\/index.php\/wp-json\/wp\/v2\/product"}],"about":[{"href":"https:\/\/www.coccigames.com\/index.php\/wp-json\/wp\/v2\/types\/product"}],"replies":[{"embeddable":true,"href":"https:\/\/www.coccigames.com\/index.php\/wp-json\/wp\/v2\/comments?post=13997"}],"wp:featuredmedia":[{"embeddable":true,"href":"https:\/\/www.coccigames.com\/index.php\/wp-json\/wp\/v2\/media\/14087"}],"wp:attachment":[{"href":"https:\/\/www.coccigames.com\/index.php\/wp-json\/wp\/v2\/media?parent=13997"}],"wp:term":[{"taxonomy":"product_brand","embeddable":true,"href":"https:\/\/www.coccigames.com\/index.php\/wp-json\/wp\/v2\/product_brand?post=13997"},{"taxonomy":"product_cat","embeddable":true,"href":"https:\/\/www.coccigames.com\/index.php\/wp-json\/wp\/v2\/product_cat?post=13997"},{"taxonomy":"product_tag","embeddable":true,"href":"https:\/\/www.coccigames.com\/index.php\/wp-json\/wp\/v2\/product_tag?post=13997"}],"curies":[{"name":"wp","href":"https:\/\/api.w.org\/{rel}","templated":true}]}}