{"id":13996,"date":"2026-03-15T10:48:24","date_gmt":"2026-03-15T09:48:24","guid":{"rendered":"https:\/\/www.coccigames.com\/index.php\/produit\/black-rubber-big-stones\/"},"modified":"2026-03-27T12:59:09","modified_gmt":"2026-03-27T11:59:09","slug":"black-rubber-big-stones","status":"publish","type":"product","link":"https:\/\/www.coccigames.com\/index.php\/produit\/black-rubber-big-stones\/","title":{"rendered":"BLACK RUBBER BIG STONES"},"content":{"rendered":"<p>Ces fragments en caoutchouc noir pur permettent de recr\u00e9er des terrains sombres et des d\u00e9tails de d\u00e9cor r\u00e9alistes.<\/p>\n<p>Ils offrent le r\u00e9alisme de roches naturelles irr\u00e9guli\u00e8res sans alourdir vos structures et sans ab\u00eemer ni rayer les surfaces.<\/p>\n<p>Adapt\u00e9s aussi bien aux socles de figurines de 25 mm qu\u2019aux d\u00e9cors \u00e0 plus grande \u00e9chelle, ils assurent un rendu authentique et d\u00e9taill\u00e9. Leur texture et leur forme r\u00e9alistes les rendent parfaits pour repr\u00e9senter du charbon, des pentes rocheuses ou des zones montagneuses.<\/p>\n<p>Ils s\u2019adaptent \u00e0 une large vari\u00e9t\u00e9 d\u2019\u00e9chelles et d\u2019environnements, et sont faciles \u00e0 appr\u00eater et \u00e0 peindre.<\/p>\n<p>Ils peuvent \u00eatre facilement fix\u00e9s au sol avec de la colle blanche ou avec le <strong>Gravel &amp; Sand Fixer <\/strong><\/p>\n<p>Volume : 100 ml.<\/p>\n","protected":false},"excerpt":{"rendered":"<p>Ces fragments en caoutchouc noir pur permettent de recr\u00e9er des terrains sombres et des d\u00e9tails de d\u00e9cor r\u00e9alistes. Ils offrent le r\u00e9alisme de roches naturelles irr\u00e9guli\u00e8res sans alourdir vos structures et sans ab\u00eemer ni rayer les surfaces. Adapt\u00e9s aussi bien aux socles de figurines de&hellip;<\/p>\n","protected":false},"featured_media":14084,"comment_status":"open","ping_status":"closed","template":"","meta":[],"product_brand":[6155],"product_cat":[6223],"product_tag":[6224],"class_list":{"0":"post-13996","1":"product","2":"type-product","3":"status-publish","4":"has-post-thumbnail","6":"product_brand-ak-interactive","7":"product_cat-diorama","8":"product_tag-socle","10":"first","11":"instock","12":"sale","13":"taxable","14":"shipping-taxable","15":"purchasable","16":"product-type-simple"},"yoast_head":"<!-- This site is optimized with the Yoast SEO plugin v26.4 - https:\/\/yoast.com\/wordpress\/plugins\/seo\/ -->\n<title>BLACK RUBBER BIG STONES - Coccigames<\/title>\n<meta name=\"robots\" content=\"index, follow, max-snippet:-1, max-image-preview:large, max-video-preview:-1\" \/>\n<link rel=\"canonical\" href=\"https:\/\/www.coccigames.com\/index.php\/produit\/black-rubber-big-stones\/\" \/>\n<meta property=\"og:locale\" content=\"fr_FR\" \/>\n<meta property=\"og:type\" content=\"article\" \/>\n<meta property=\"og:title\" content=\"BLACK RUBBER BIG STONES - Coccigames\" \/>\n<meta property=\"og:description\" content=\"Ces fragments en caoutchouc noir pur permettent de recr\u00e9er des terrains sombres et des d\u00e9tails de d\u00e9cor r\u00e9alistes. Ils offrent le r\u00e9alisme de roches naturelles irr\u00e9guli\u00e8res sans alourdir vos structures et sans ab\u00eemer ni rayer les surfaces. Adapt\u00e9s aussi bien aux socles de figurines de&hellip;\" \/>\n<meta property=\"og:url\" content=\"https:\/\/www.coccigames.com\/index.php\/produit\/black-rubber-big-stones\/\" \/>\n<meta property=\"og:site_name\" content=\"Coccigames\" \/>\n<meta property=\"article:modified_time\" content=\"2026-03-27T11:59:09+00:00\" \/>\n<meta property=\"og:image\" content=\"https:\/\/www.coccigames.com\/wp-content\/uploads\/2026\/03\/AK8315.jpg\" \/>\n\t<meta property=\"og:image:width\" content=\"1200\" \/>\n\t<meta property=\"og:image:height\" content=\"1200\" \/>\n\t<meta property=\"og:image:type\" content=\"image\/jpeg\" \/>\n<meta name=\"twitter:card\" content=\"summary_large_image\" \/>\n<meta name=\"twitter:label1\" content=\"Dur\u00e9e de lecture estim\u00e9e\" \/>\n\t<meta name=\"twitter:data1\" content=\"1 minute\" \/>\n<script type=\"application\/ld+json\" class=\"yoast-schema-graph\">{\"@context\":\"https:\/\/schema.org\",\"@graph\":[{\"@type\":\"WebPage\",\"@id\":\"https:\/\/www.coccigames.com\/index.php\/produit\/black-rubber-big-stones\/\",\"url\":\"https:\/\/www.coccigames.com\/index.php\/produit\/black-rubber-big-stones\/\",\"name\":\"BLACK RUBBER BIG STONES - Coccigames\",\"isPartOf\":{\"@id\":\"https:\/\/www.coccigames.com\/#website\"},\"primaryImageOfPage\":{\"@id\":\"https:\/\/www.coccigames.com\/index.php\/produit\/black-rubber-big-stones\/#primaryimage\"},\"image\":{\"@id\":\"https:\/\/www.coccigames.com\/index.php\/produit\/black-rubber-big-stones\/#primaryimage\"},\"thumbnailUrl\":\"https:\/\/www.coccigames.com\/wp-content\/uploads\/2026\/03\/AK8315.jpg\",\"datePublished\":\"2026-03-15T09:48:24+00:00\",\"dateModified\":\"2026-03-27T11:59:09+00:00\",\"breadcrumb\":{\"@id\":\"https:\/\/www.coccigames.com\/index.php\/produit\/black-rubber-big-stones\/#breadcrumb\"},\"inLanguage\":\"fr-FR\",\"potentialAction\":[{\"@type\":\"ReadAction\",\"target\":[\"https:\/\/www.coccigames.com\/index.php\/produit\/black-rubber-big-stones\/\"]}]},{\"@type\":\"ImageObject\",\"inLanguage\":\"fr-FR\",\"@id\":\"https:\/\/www.coccigames.com\/index.php\/produit\/black-rubber-big-stones\/#primaryimage\",\"url\":\"https:\/\/www.coccigames.com\/wp-content\/uploads\/2026\/03\/AK8315.jpg\",\"contentUrl\":\"https:\/\/www.coccigames.com\/wp-content\/uploads\/2026\/03\/AK8315.jpg\",\"width\":1200,\"height\":1200},{\"@type\":\"BreadcrumbList\",\"@id\":\"https:\/\/www.coccigames.com\/index.php\/produit\/black-rubber-big-stones\/#breadcrumb\",\"itemListElement\":[{\"@type\":\"ListItem\",\"position\":1,\"name\":\"Accueil\",\"item\":\"https:\/\/www.coccigames.com\/\"},{\"@type\":\"ListItem\",\"position\":2,\"name\":\"Boutique\",\"item\":\"https:\/\/www.coccigames.com\/index.php\/boutique\/\"},{\"@type\":\"ListItem\",\"position\":3,\"name\":\"BLACK RUBBER BIG STONES\"}]},{\"@type\":\"WebSite\",\"@id\":\"https:\/\/www.coccigames.com\/#website\",\"url\":\"https:\/\/www.coccigames.com\/\",\"name\":\"Coccigames - Figurines et Peintures\",\"description\":\"Figurines et Peintures\",\"publisher\":{\"@id\":\"https:\/\/www.coccigames.com\/#organization\"},\"potentialAction\":[{\"@type\":\"SearchAction\",\"target\":{\"@type\":\"EntryPoint\",\"urlTemplate\":\"https:\/\/www.coccigames.com\/?s={search_term_string}\"},\"query-input\":{\"@type\":\"PropertyValueSpecification\",\"valueRequired\":true,\"valueName\":\"search_term_string\"}}],\"inLanguage\":\"fr-FR\"},{\"@type\":\"Organization\",\"@id\":\"https:\/\/www.coccigames.com\/#organization\",\"name\":\"Coccigames\",\"url\":\"https:\/\/www.coccigames.com\/\",\"logo\":{\"@type\":\"ImageObject\",\"inLanguage\":\"fr-FR\",\"@id\":\"https:\/\/www.coccigames.com\/#\/schema\/logo\/image\/\",\"url\":\"https:\/\/www.coccigames.com\/wp-content\/uploads\/2025\/12\/coccigames_logo_v5.png\",\"contentUrl\":\"https:\/\/www.coccigames.com\/wp-content\/uploads\/2025\/12\/coccigames_logo_v5.png\",\"width\":1768,\"height\":424,\"caption\":\"Coccigames\"},\"image\":{\"@id\":\"https:\/\/www.coccigames.com\/#\/schema\/logo\/image\/\"}}]}<\/script>\n<!-- \/ Yoast SEO plugin. -->","yoast_head_json":{"title":"BLACK RUBBER BIG STONES - Coccigames","robots":{"index":"index","follow":"follow","max-snippet":"max-snippet:-1","max-image-preview":"max-image-preview:large","max-video-preview":"max-video-preview:-1"},"canonical":"https:\/\/www.coccigames.com\/index.php\/produit\/black-rubber-big-stones\/","og_locale":"fr_FR","og_type":"article","og_title":"BLACK RUBBER BIG STONES - Coccigames","og_description":"Ces fragments en caoutchouc noir pur permettent de recr\u00e9er des terrains sombres et des d\u00e9tails de d\u00e9cor r\u00e9alistes. Ils offrent le r\u00e9alisme de roches naturelles irr\u00e9guli\u00e8res sans alourdir vos structures et sans ab\u00eemer ni rayer les surfaces. Adapt\u00e9s aussi bien aux socles de figurines de&hellip;","og_url":"https:\/\/www.coccigames.com\/index.php\/produit\/black-rubber-big-stones\/","og_site_name":"Coccigames","article_modified_time":"2026-03-27T11:59:09+00:00","og_image":[{"width":1200,"height":1200,"url":"https:\/\/www.coccigames.com\/wp-content\/uploads\/2026\/03\/AK8315.jpg","type":"image\/jpeg"}],"twitter_card":"summary_large_image","twitter_misc":{"Dur\u00e9e de lecture estim\u00e9e":"1 minute"},"schema":{"@context":"https:\/\/schema.org","@graph":[{"@type":"WebPage","@id":"https:\/\/www.coccigames.com\/index.php\/produit\/black-rubber-big-stones\/","url":"https:\/\/www.coccigames.com\/index.php\/produit\/black-rubber-big-stones\/","name":"BLACK RUBBER BIG STONES - Coccigames","isPartOf":{"@id":"https:\/\/www.coccigames.com\/#website"},"primaryImageOfPage":{"@id":"https:\/\/www.coccigames.com\/index.php\/produit\/black-rubber-big-stones\/#primaryimage"},"image":{"@id":"https:\/\/www.coccigames.com\/index.php\/produit\/black-rubber-big-stones\/#primaryimage"},"thumbnailUrl":"https:\/\/www.coccigames.com\/wp-content\/uploads\/2026\/03\/AK8315.jpg","datePublished":"2026-03-15T09:48:24+00:00","dateModified":"2026-03-27T11:59:09+00:00","breadcrumb":{"@id":"https:\/\/www.coccigames.com\/index.php\/produit\/black-rubber-big-stones\/#breadcrumb"},"inLanguage":"fr-FR","potentialAction":[{"@type":"ReadAction","target":["https:\/\/www.coccigames.com\/index.php\/produit\/black-rubber-big-stones\/"]}]},{"@type":"ImageObject","inLanguage":"fr-FR","@id":"https:\/\/www.coccigames.com\/index.php\/produit\/black-rubber-big-stones\/#primaryimage","url":"https:\/\/www.coccigames.com\/wp-content\/uploads\/2026\/03\/AK8315.jpg","contentUrl":"https:\/\/www.coccigames.com\/wp-content\/uploads\/2026\/03\/AK8315.jpg","width":1200,"height":1200},{"@type":"BreadcrumbList","@id":"https:\/\/www.coccigames.com\/index.php\/produit\/black-rubber-big-stones\/#breadcrumb","itemListElement":[{"@type":"ListItem","position":1,"name":"Accueil","item":"https:\/\/www.coccigames.com\/"},{"@type":"ListItem","position":2,"name":"Boutique","item":"https:\/\/www.coccigames.com\/index.php\/boutique\/"},{"@type":"ListItem","position":3,"name":"BLACK RUBBER BIG STONES"}]},{"@type":"WebSite","@id":"https:\/\/www.coccigames.com\/#website","url":"https:\/\/www.coccigames.com\/","name":"Coccigames - Figurines et Peintures","description":"Figurines et Peintures","publisher":{"@id":"https:\/\/www.coccigames.com\/#organization"},"potentialAction":[{"@type":"SearchAction","target":{"@type":"EntryPoint","urlTemplate":"https:\/\/www.coccigames.com\/?s={search_term_string}"},"query-input":{"@type":"PropertyValueSpecification","valueRequired":true,"valueName":"search_term_string"}}],"inLanguage":"fr-FR"},{"@type":"Organization","@id":"https:\/\/www.coccigames.com\/#organization","name":"Coccigames","url":"https:\/\/www.coccigames.com\/","logo":{"@type":"ImageObject","inLanguage":"fr-FR","@id":"https:\/\/www.coccigames.com\/#\/schema\/logo\/image\/","url":"https:\/\/www.coccigames.com\/wp-content\/uploads\/2025\/12\/coccigames_logo_v5.png","contentUrl":"https:\/\/www.coccigames.com\/wp-content\/uploads\/2025\/12\/coccigames_logo_v5.png","width":1768,"height":424,"caption":"Coccigames"},"image":{"@id":"https:\/\/www.coccigames.com\/#\/schema\/logo\/image\/"}}]}},"_links":{"self":[{"href":"https:\/\/www.coccigames.com\/index.php\/wp-json\/wp\/v2\/product\/13996","targetHints":{"allow":["GET"]}}],"collection":[{"href":"https:\/\/www.coccigames.com\/index.php\/wp-json\/wp\/v2\/product"}],"about":[{"href":"https:\/\/www.coccigames.com\/index.php\/wp-json\/wp\/v2\/types\/product"}],"replies":[{"embeddable":true,"href":"https:\/\/www.coccigames.com\/index.php\/wp-json\/wp\/v2\/comments?post=13996"}],"wp:featuredmedia":[{"embeddable":true,"href":"https:\/\/www.coccigames.com\/index.php\/wp-json\/wp\/v2\/media\/14084"}],"wp:attachment":[{"href":"https:\/\/www.coccigames.com\/index.php\/wp-json\/wp\/v2\/media?parent=13996"}],"wp:term":[{"taxonomy":"product_brand","embeddable":true,"href":"https:\/\/www.coccigames.com\/index.php\/wp-json\/wp\/v2\/product_brand?post=13996"},{"taxonomy":"product_cat","embeddable":true,"href":"https:\/\/www.coccigames.com\/index.php\/wp-json\/wp\/v2\/product_cat?post=13996"},{"taxonomy":"product_tag","embeddable":true,"href":"https:\/\/www.coccigames.com\/index.php\/wp-json\/wp\/v2\/product_tag?post=13996"}],"curies":[{"name":"wp","href":"https:\/\/api.w.org\/{rel}","templated":true}]}}