{"id":13985,"date":"2026-03-15T10:48:23","date_gmt":"2026-03-15T09:48:23","guid":{"rendered":"https:\/\/www.coccigames.com\/index.php\/produit\/small-flat-rocks\/"},"modified":"2026-03-27T12:59:08","modified_gmt":"2026-03-27T11:59:08","slug":"small-flat-rocks","status":"publish","type":"product","link":"https:\/\/www.coccigames.com\/index.php\/produit\/small-flat-rocks\/","title":{"rendered":"SMALL FLAT ROCKS"},"content":{"rendered":"<p>Fragments de roche lamin\u00e9e arrondis pour recr\u00e9er des terrains rocheux et des d\u00e9tails de d\u00e9cor r\u00e9alistes.<\/p>\n<p>Cette r\u00e9f\u00e9rence est parfaite pour les dioramas et tout type de terrain, des socles de figurines de 25 mm aux d\u00e9cors \u00e0 plus grande \u00e9chelle, offrant un rendu authentique et d\u00e9taill\u00e9. Ils peuvent \u00eatre facilement fix\u00e9s au sol avec de la colle blanche ou avec le <strong>Gravel &amp; Sand Fixer<\/strong><\/p>\n<p>Volume : 100 ml.<\/p>\n","protected":false},"excerpt":{"rendered":"<p>Fragments de roche lamin\u00e9e arrondis pour recr\u00e9er des terrains rocheux et des d\u00e9tails de d\u00e9cor r\u00e9alistes. Cette r\u00e9f\u00e9rence est parfaite pour les dioramas et tout type de terrain, des socles de figurines de 25 mm aux d\u00e9cors \u00e0 plus grande \u00e9chelle, offrant un rendu authentique&hellip;<\/p>\n","protected":false},"featured_media":14096,"comment_status":"open","ping_status":"closed","template":"","meta":[],"product_brand":[6155],"product_cat":[6223],"product_tag":[6224],"class_list":{"0":"post-13985","1":"product","2":"type-product","3":"status-publish","4":"has-post-thumbnail","6":"product_brand-ak-interactive","7":"product_cat-diorama","8":"product_tag-socle","10":"first","11":"instock","12":"sale","13":"taxable","14":"shipping-taxable","15":"purchasable","16":"product-type-simple"},"yoast_head":"<!-- This site is optimized with the Yoast SEO plugin v26.4 - https:\/\/yoast.com\/wordpress\/plugins\/seo\/ -->\n<title>SMALL FLAT ROCKS - Coccigames<\/title>\n<meta name=\"robots\" content=\"index, follow, max-snippet:-1, max-image-preview:large, max-video-preview:-1\" \/>\n<link rel=\"canonical\" href=\"https:\/\/www.coccigames.com\/index.php\/produit\/small-flat-rocks\/\" \/>\n<meta property=\"og:locale\" content=\"fr_FR\" \/>\n<meta property=\"og:type\" content=\"article\" \/>\n<meta property=\"og:title\" content=\"SMALL FLAT ROCKS - Coccigames\" \/>\n<meta property=\"og:description\" content=\"Fragments de roche lamin\u00e9e arrondis pour recr\u00e9er des terrains rocheux et des d\u00e9tails de d\u00e9cor r\u00e9alistes. Cette r\u00e9f\u00e9rence est parfaite pour les dioramas et tout type de terrain, des socles de figurines de 25 mm aux d\u00e9cors \u00e0 plus grande \u00e9chelle, offrant un rendu authentique&hellip;\" \/>\n<meta property=\"og:url\" content=\"https:\/\/www.coccigames.com\/index.php\/produit\/small-flat-rocks\/\" \/>\n<meta property=\"og:site_name\" content=\"Coccigames\" \/>\n<meta property=\"article:modified_time\" content=\"2026-03-27T11:59:08+00:00\" \/>\n<meta property=\"og:image\" content=\"https:\/\/www.coccigames.com\/wp-content\/uploads\/2026\/03\/AK8301.jpg\" \/>\n\t<meta property=\"og:image:width\" content=\"1200\" \/>\n\t<meta property=\"og:image:height\" content=\"1200\" \/>\n\t<meta property=\"og:image:type\" content=\"image\/jpeg\" \/>\n<meta name=\"twitter:card\" content=\"summary_large_image\" \/>\n<meta name=\"twitter:label1\" content=\"Dur\u00e9e de lecture estim\u00e9e\" \/>\n\t<meta name=\"twitter:data1\" content=\"1 minute\" \/>\n<script type=\"application\/ld+json\" class=\"yoast-schema-graph\">{\"@context\":\"https:\/\/schema.org\",\"@graph\":[{\"@type\":\"WebPage\",\"@id\":\"https:\/\/www.coccigames.com\/index.php\/produit\/small-flat-rocks\/\",\"url\":\"https:\/\/www.coccigames.com\/index.php\/produit\/small-flat-rocks\/\",\"name\":\"SMALL FLAT ROCKS - Coccigames\",\"isPartOf\":{\"@id\":\"https:\/\/www.coccigames.com\/#website\"},\"primaryImageOfPage\":{\"@id\":\"https:\/\/www.coccigames.com\/index.php\/produit\/small-flat-rocks\/#primaryimage\"},\"image\":{\"@id\":\"https:\/\/www.coccigames.com\/index.php\/produit\/small-flat-rocks\/#primaryimage\"},\"thumbnailUrl\":\"https:\/\/www.coccigames.com\/wp-content\/uploads\/2026\/03\/AK8301.jpg\",\"datePublished\":\"2026-03-15T09:48:23+00:00\",\"dateModified\":\"2026-03-27T11:59:08+00:00\",\"breadcrumb\":{\"@id\":\"https:\/\/www.coccigames.com\/index.php\/produit\/small-flat-rocks\/#breadcrumb\"},\"inLanguage\":\"fr-FR\",\"potentialAction\":[{\"@type\":\"ReadAction\",\"target\":[\"https:\/\/www.coccigames.com\/index.php\/produit\/small-flat-rocks\/\"]}]},{\"@type\":\"ImageObject\",\"inLanguage\":\"fr-FR\",\"@id\":\"https:\/\/www.coccigames.com\/index.php\/produit\/small-flat-rocks\/#primaryimage\",\"url\":\"https:\/\/www.coccigames.com\/wp-content\/uploads\/2026\/03\/AK8301.jpg\",\"contentUrl\":\"https:\/\/www.coccigames.com\/wp-content\/uploads\/2026\/03\/AK8301.jpg\",\"width\":1200,\"height\":1200},{\"@type\":\"BreadcrumbList\",\"@id\":\"https:\/\/www.coccigames.com\/index.php\/produit\/small-flat-rocks\/#breadcrumb\",\"itemListElement\":[{\"@type\":\"ListItem\",\"position\":1,\"name\":\"Accueil\",\"item\":\"https:\/\/www.coccigames.com\/\"},{\"@type\":\"ListItem\",\"position\":2,\"name\":\"Boutique\",\"item\":\"https:\/\/www.coccigames.com\/index.php\/boutique\/\"},{\"@type\":\"ListItem\",\"position\":3,\"name\":\"SMALL FLAT ROCKS\"}]},{\"@type\":\"WebSite\",\"@id\":\"https:\/\/www.coccigames.com\/#website\",\"url\":\"https:\/\/www.coccigames.com\/\",\"name\":\"Coccigames - Figurines et Peintures\",\"description\":\"Figurines et Peintures\",\"publisher\":{\"@id\":\"https:\/\/www.coccigames.com\/#organization\"},\"potentialAction\":[{\"@type\":\"SearchAction\",\"target\":{\"@type\":\"EntryPoint\",\"urlTemplate\":\"https:\/\/www.coccigames.com\/?s={search_term_string}\"},\"query-input\":{\"@type\":\"PropertyValueSpecification\",\"valueRequired\":true,\"valueName\":\"search_term_string\"}}],\"inLanguage\":\"fr-FR\"},{\"@type\":\"Organization\",\"@id\":\"https:\/\/www.coccigames.com\/#organization\",\"name\":\"Coccigames\",\"url\":\"https:\/\/www.coccigames.com\/\",\"logo\":{\"@type\":\"ImageObject\",\"inLanguage\":\"fr-FR\",\"@id\":\"https:\/\/www.coccigames.com\/#\/schema\/logo\/image\/\",\"url\":\"https:\/\/www.coccigames.com\/wp-content\/uploads\/2025\/12\/coccigames_logo_v5.png\",\"contentUrl\":\"https:\/\/www.coccigames.com\/wp-content\/uploads\/2025\/12\/coccigames_logo_v5.png\",\"width\":1768,\"height\":424,\"caption\":\"Coccigames\"},\"image\":{\"@id\":\"https:\/\/www.coccigames.com\/#\/schema\/logo\/image\/\"}}]}<\/script>\n<!-- \/ Yoast SEO plugin. -->","yoast_head_json":{"title":"SMALL FLAT ROCKS - Coccigames","robots":{"index":"index","follow":"follow","max-snippet":"max-snippet:-1","max-image-preview":"max-image-preview:large","max-video-preview":"max-video-preview:-1"},"canonical":"https:\/\/www.coccigames.com\/index.php\/produit\/small-flat-rocks\/","og_locale":"fr_FR","og_type":"article","og_title":"SMALL FLAT ROCKS - Coccigames","og_description":"Fragments de roche lamin\u00e9e arrondis pour recr\u00e9er des terrains rocheux et des d\u00e9tails de d\u00e9cor r\u00e9alistes. Cette r\u00e9f\u00e9rence est parfaite pour les dioramas et tout type de terrain, des socles de figurines de 25 mm aux d\u00e9cors \u00e0 plus grande \u00e9chelle, offrant un rendu authentique&hellip;","og_url":"https:\/\/www.coccigames.com\/index.php\/produit\/small-flat-rocks\/","og_site_name":"Coccigames","article_modified_time":"2026-03-27T11:59:08+00:00","og_image":[{"width":1200,"height":1200,"url":"https:\/\/www.coccigames.com\/wp-content\/uploads\/2026\/03\/AK8301.jpg","type":"image\/jpeg"}],"twitter_card":"summary_large_image","twitter_misc":{"Dur\u00e9e de lecture estim\u00e9e":"1 minute"},"schema":{"@context":"https:\/\/schema.org","@graph":[{"@type":"WebPage","@id":"https:\/\/www.coccigames.com\/index.php\/produit\/small-flat-rocks\/","url":"https:\/\/www.coccigames.com\/index.php\/produit\/small-flat-rocks\/","name":"SMALL FLAT ROCKS - Coccigames","isPartOf":{"@id":"https:\/\/www.coccigames.com\/#website"},"primaryImageOfPage":{"@id":"https:\/\/www.coccigames.com\/index.php\/produit\/small-flat-rocks\/#primaryimage"},"image":{"@id":"https:\/\/www.coccigames.com\/index.php\/produit\/small-flat-rocks\/#primaryimage"},"thumbnailUrl":"https:\/\/www.coccigames.com\/wp-content\/uploads\/2026\/03\/AK8301.jpg","datePublished":"2026-03-15T09:48:23+00:00","dateModified":"2026-03-27T11:59:08+00:00","breadcrumb":{"@id":"https:\/\/www.coccigames.com\/index.php\/produit\/small-flat-rocks\/#breadcrumb"},"inLanguage":"fr-FR","potentialAction":[{"@type":"ReadAction","target":["https:\/\/www.coccigames.com\/index.php\/produit\/small-flat-rocks\/"]}]},{"@type":"ImageObject","inLanguage":"fr-FR","@id":"https:\/\/www.coccigames.com\/index.php\/produit\/small-flat-rocks\/#primaryimage","url":"https:\/\/www.coccigames.com\/wp-content\/uploads\/2026\/03\/AK8301.jpg","contentUrl":"https:\/\/www.coccigames.com\/wp-content\/uploads\/2026\/03\/AK8301.jpg","width":1200,"height":1200},{"@type":"BreadcrumbList","@id":"https:\/\/www.coccigames.com\/index.php\/produit\/small-flat-rocks\/#breadcrumb","itemListElement":[{"@type":"ListItem","position":1,"name":"Accueil","item":"https:\/\/www.coccigames.com\/"},{"@type":"ListItem","position":2,"name":"Boutique","item":"https:\/\/www.coccigames.com\/index.php\/boutique\/"},{"@type":"ListItem","position":3,"name":"SMALL FLAT ROCKS"}]},{"@type":"WebSite","@id":"https:\/\/www.coccigames.com\/#website","url":"https:\/\/www.coccigames.com\/","name":"Coccigames - Figurines et Peintures","description":"Figurines et Peintures","publisher":{"@id":"https:\/\/www.coccigames.com\/#organization"},"potentialAction":[{"@type":"SearchAction","target":{"@type":"EntryPoint","urlTemplate":"https:\/\/www.coccigames.com\/?s={search_term_string}"},"query-input":{"@type":"PropertyValueSpecification","valueRequired":true,"valueName":"search_term_string"}}],"inLanguage":"fr-FR"},{"@type":"Organization","@id":"https:\/\/www.coccigames.com\/#organization","name":"Coccigames","url":"https:\/\/www.coccigames.com\/","logo":{"@type":"ImageObject","inLanguage":"fr-FR","@id":"https:\/\/www.coccigames.com\/#\/schema\/logo\/image\/","url":"https:\/\/www.coccigames.com\/wp-content\/uploads\/2025\/12\/coccigames_logo_v5.png","contentUrl":"https:\/\/www.coccigames.com\/wp-content\/uploads\/2025\/12\/coccigames_logo_v5.png","width":1768,"height":424,"caption":"Coccigames"},"image":{"@id":"https:\/\/www.coccigames.com\/#\/schema\/logo\/image\/"}}]}},"_links":{"self":[{"href":"https:\/\/www.coccigames.com\/index.php\/wp-json\/wp\/v2\/product\/13985","targetHints":{"allow":["GET"]}}],"collection":[{"href":"https:\/\/www.coccigames.com\/index.php\/wp-json\/wp\/v2\/product"}],"about":[{"href":"https:\/\/www.coccigames.com\/index.php\/wp-json\/wp\/v2\/types\/product"}],"replies":[{"embeddable":true,"href":"https:\/\/www.coccigames.com\/index.php\/wp-json\/wp\/v2\/comments?post=13985"}],"wp:featuredmedia":[{"embeddable":true,"href":"https:\/\/www.coccigames.com\/index.php\/wp-json\/wp\/v2\/media\/14096"}],"wp:attachment":[{"href":"https:\/\/www.coccigames.com\/index.php\/wp-json\/wp\/v2\/media?parent=13985"}],"wp:term":[{"taxonomy":"product_brand","embeddable":true,"href":"https:\/\/www.coccigames.com\/index.php\/wp-json\/wp\/v2\/product_brand?post=13985"},{"taxonomy":"product_cat","embeddable":true,"href":"https:\/\/www.coccigames.com\/index.php\/wp-json\/wp\/v2\/product_cat?post=13985"},{"taxonomy":"product_tag","embeddable":true,"href":"https:\/\/www.coccigames.com\/index.php\/wp-json\/wp\/v2\/product_tag?post=13985"}],"curies":[{"name":"wp","href":"https:\/\/api.w.org\/{rel}","templated":true}]}}