{"id":13980,"date":"2026-03-15T10:48:22","date_gmt":"2026-03-15T09:48:22","guid":{"rendered":"https:\/\/www.coccigames.com\/index.php\/produit\/water-gel-atlantic-blue-250ml\/"},"modified":"2026-03-27T13:00:57","modified_gmt":"2026-03-27T12:00:57","slug":"water-gel-atlantic-blue-250ml","status":"publish","type":"product","link":"https:\/\/www.coccigames.com\/index.php\/produit\/water-gel-atlantic-blue-250ml\/","title":{"rendered":"WATER GEL ATLANTIC BLUE 250ML"},"content":{"rendered":"<p>Gel dense Atlantic Blue sp\u00e9cialement d\u00e9velopp\u00e9 pour imiter les eaux de l\u2019oc\u00e9an Atlantique et les espaces marins ouverts.<\/p>\n<p>Pour cr\u00e9er un effet de profondeur, appliquez le gel sur une surface pr\u00e9alablement peinte.<\/p>\n<p>Le temps de s\u00e9chage d\u00e9pend de l\u2019\u00e9paisseur appliqu\u00e9e ; toutefois, 24 heures est recommand\u00e9.<\/p>\n<p>Produit acrylique de haute qualit\u00e9, d\u00e9velopp\u00e9 pour un r\u00e9alisme extr\u00eame.<\/p>\n<p>Produit acrylique pour textures dans les dioramas.<\/p>\n<p>R\u00e9sultats parfaits pour des couches de 0,1 \u00e0 3 mm.<\/p>\n<p>Peut \u00eatre dilu\u00e9 avec de l\u2019eau ou un diluant acrylique pour am\u00e9liorer son \u00e9coulement.<\/p>\n<p>Parfait pour les \u00e9chelles 1:700 et 1:350 ou pour tout autre diorama.<\/p>\n<p>Non toxique.<\/p>\n","protected":false},"excerpt":{"rendered":"<p>Gel dense Atlantic Blue sp\u00e9cialement d\u00e9velopp\u00e9 pour imiter les eaux de l\u2019oc\u00e9an Atlantique et les espaces marins ouverts. Pour cr\u00e9er un effet de profondeur, appliquez le gel sur une surface pr\u00e9alablement peinte. Le temps de s\u00e9chage d\u00e9pend de l\u2019\u00e9paisseur appliqu\u00e9e ; toutefois, 24 heures est&hellip;<\/p>\n","protected":false},"featured_media":14129,"comment_status":"open","ping_status":"closed","template":"","meta":[],"product_brand":[6155],"product_cat":[6223],"product_tag":[6224],"class_list":{"0":"post-13980","1":"product","2":"type-product","3":"status-publish","4":"has-post-thumbnail","6":"product_brand-ak-interactive","7":"product_cat-diorama","8":"product_tag-socle","10":"first","11":"instock","12":"sale","13":"taxable","14":"shipping-taxable","15":"purchasable","16":"product-type-simple"},"yoast_head":"<!-- This site is optimized with the Yoast SEO plugin v26.4 - https:\/\/yoast.com\/wordpress\/plugins\/seo\/ -->\n<title>WATER GEL ATLANTIC BLUE 250ML - Coccigames<\/title>\n<meta name=\"robots\" content=\"index, follow, max-snippet:-1, max-image-preview:large, max-video-preview:-1\" \/>\n<link rel=\"canonical\" href=\"https:\/\/www.coccigames.com\/index.php\/produit\/water-gel-atlantic-blue-250ml\/\" \/>\n<meta property=\"og:locale\" content=\"fr_FR\" \/>\n<meta property=\"og:type\" content=\"article\" \/>\n<meta property=\"og:title\" content=\"WATER GEL ATLANTIC BLUE 250ML - Coccigames\" \/>\n<meta property=\"og:description\" content=\"Gel dense Atlantic Blue sp\u00e9cialement d\u00e9velopp\u00e9 pour imiter les eaux de l\u2019oc\u00e9an Atlantique et les espaces marins ouverts. Pour cr\u00e9er un effet de profondeur, appliquez le gel sur une surface pr\u00e9alablement peinte. Le temps de s\u00e9chage d\u00e9pend de l\u2019\u00e9paisseur appliqu\u00e9e ; toutefois, 24 heures est&hellip;\" \/>\n<meta property=\"og:url\" content=\"https:\/\/www.coccigames.com\/index.php\/produit\/water-gel-atlantic-blue-250ml\/\" \/>\n<meta property=\"og:site_name\" content=\"Coccigames\" \/>\n<meta property=\"article:modified_time\" content=\"2026-03-27T12:00:57+00:00\" \/>\n<meta property=\"og:image\" content=\"https:\/\/www.coccigames.com\/wp-content\/uploads\/2026\/03\/AK8003-3.jpg\" \/>\n\t<meta property=\"og:image:width\" content=\"800\" \/>\n\t<meta property=\"og:image:height\" content=\"800\" \/>\n\t<meta property=\"og:image:type\" content=\"image\/jpeg\" \/>\n<meta name=\"twitter:card\" content=\"summary_large_image\" \/>\n<meta name=\"twitter:label1\" content=\"Dur\u00e9e de lecture estim\u00e9e\" \/>\n\t<meta name=\"twitter:data1\" content=\"1 minute\" \/>\n<script type=\"application\/ld+json\" class=\"yoast-schema-graph\">{\"@context\":\"https:\/\/schema.org\",\"@graph\":[{\"@type\":\"WebPage\",\"@id\":\"https:\/\/www.coccigames.com\/index.php\/produit\/water-gel-atlantic-blue-250ml\/\",\"url\":\"https:\/\/www.coccigames.com\/index.php\/produit\/water-gel-atlantic-blue-250ml\/\",\"name\":\"WATER GEL ATLANTIC BLUE 250ML - Coccigames\",\"isPartOf\":{\"@id\":\"https:\/\/www.coccigames.com\/#website\"},\"primaryImageOfPage\":{\"@id\":\"https:\/\/www.coccigames.com\/index.php\/produit\/water-gel-atlantic-blue-250ml\/#primaryimage\"},\"image\":{\"@id\":\"https:\/\/www.coccigames.com\/index.php\/produit\/water-gel-atlantic-blue-250ml\/#primaryimage\"},\"thumbnailUrl\":\"https:\/\/www.coccigames.com\/wp-content\/uploads\/2026\/03\/AK8003-3.jpg\",\"datePublished\":\"2026-03-15T09:48:22+00:00\",\"dateModified\":\"2026-03-27T12:00:57+00:00\",\"breadcrumb\":{\"@id\":\"https:\/\/www.coccigames.com\/index.php\/produit\/water-gel-atlantic-blue-250ml\/#breadcrumb\"},\"inLanguage\":\"fr-FR\",\"potentialAction\":[{\"@type\":\"ReadAction\",\"target\":[\"https:\/\/www.coccigames.com\/index.php\/produit\/water-gel-atlantic-blue-250ml\/\"]}]},{\"@type\":\"ImageObject\",\"inLanguage\":\"fr-FR\",\"@id\":\"https:\/\/www.coccigames.com\/index.php\/produit\/water-gel-atlantic-blue-250ml\/#primaryimage\",\"url\":\"https:\/\/www.coccigames.com\/wp-content\/uploads\/2026\/03\/AK8003-3.jpg\",\"contentUrl\":\"https:\/\/www.coccigames.com\/wp-content\/uploads\/2026\/03\/AK8003-3.jpg\",\"width\":800,\"height\":800},{\"@type\":\"BreadcrumbList\",\"@id\":\"https:\/\/www.coccigames.com\/index.php\/produit\/water-gel-atlantic-blue-250ml\/#breadcrumb\",\"itemListElement\":[{\"@type\":\"ListItem\",\"position\":1,\"name\":\"Accueil\",\"item\":\"https:\/\/www.coccigames.com\/\"},{\"@type\":\"ListItem\",\"position\":2,\"name\":\"Boutique\",\"item\":\"https:\/\/www.coccigames.com\/index.php\/boutique\/\"},{\"@type\":\"ListItem\",\"position\":3,\"name\":\"WATER GEL ATLANTIC BLUE 250ML\"}]},{\"@type\":\"WebSite\",\"@id\":\"https:\/\/www.coccigames.com\/#website\",\"url\":\"https:\/\/www.coccigames.com\/\",\"name\":\"Coccigames - Figurines et Peintures\",\"description\":\"Figurines et Peintures\",\"publisher\":{\"@id\":\"https:\/\/www.coccigames.com\/#organization\"},\"potentialAction\":[{\"@type\":\"SearchAction\",\"target\":{\"@type\":\"EntryPoint\",\"urlTemplate\":\"https:\/\/www.coccigames.com\/?s={search_term_string}\"},\"query-input\":{\"@type\":\"PropertyValueSpecification\",\"valueRequired\":true,\"valueName\":\"search_term_string\"}}],\"inLanguage\":\"fr-FR\"},{\"@type\":\"Organization\",\"@id\":\"https:\/\/www.coccigames.com\/#organization\",\"name\":\"Coccigames\",\"url\":\"https:\/\/www.coccigames.com\/\",\"logo\":{\"@type\":\"ImageObject\",\"inLanguage\":\"fr-FR\",\"@id\":\"https:\/\/www.coccigames.com\/#\/schema\/logo\/image\/\",\"url\":\"https:\/\/www.coccigames.com\/wp-content\/uploads\/2025\/12\/coccigames_logo_v5.png\",\"contentUrl\":\"https:\/\/www.coccigames.com\/wp-content\/uploads\/2025\/12\/coccigames_logo_v5.png\",\"width\":1768,\"height\":424,\"caption\":\"Coccigames\"},\"image\":{\"@id\":\"https:\/\/www.coccigames.com\/#\/schema\/logo\/image\/\"}}]}<\/script>\n<!-- \/ Yoast SEO plugin. -->","yoast_head_json":{"title":"WATER GEL ATLANTIC BLUE 250ML - Coccigames","robots":{"index":"index","follow":"follow","max-snippet":"max-snippet:-1","max-image-preview":"max-image-preview:large","max-video-preview":"max-video-preview:-1"},"canonical":"https:\/\/www.coccigames.com\/index.php\/produit\/water-gel-atlantic-blue-250ml\/","og_locale":"fr_FR","og_type":"article","og_title":"WATER GEL ATLANTIC BLUE 250ML - Coccigames","og_description":"Gel dense Atlantic Blue sp\u00e9cialement d\u00e9velopp\u00e9 pour imiter les eaux de l\u2019oc\u00e9an Atlantique et les espaces marins ouverts. Pour cr\u00e9er un effet de profondeur, appliquez le gel sur une surface pr\u00e9alablement peinte. Le temps de s\u00e9chage d\u00e9pend de l\u2019\u00e9paisseur appliqu\u00e9e ; toutefois, 24 heures est&hellip;","og_url":"https:\/\/www.coccigames.com\/index.php\/produit\/water-gel-atlantic-blue-250ml\/","og_site_name":"Coccigames","article_modified_time":"2026-03-27T12:00:57+00:00","og_image":[{"width":800,"height":800,"url":"https:\/\/www.coccigames.com\/wp-content\/uploads\/2026\/03\/AK8003-3.jpg","type":"image\/jpeg"}],"twitter_card":"summary_large_image","twitter_misc":{"Dur\u00e9e de lecture estim\u00e9e":"1 minute"},"schema":{"@context":"https:\/\/schema.org","@graph":[{"@type":"WebPage","@id":"https:\/\/www.coccigames.com\/index.php\/produit\/water-gel-atlantic-blue-250ml\/","url":"https:\/\/www.coccigames.com\/index.php\/produit\/water-gel-atlantic-blue-250ml\/","name":"WATER GEL ATLANTIC BLUE 250ML - Coccigames","isPartOf":{"@id":"https:\/\/www.coccigames.com\/#website"},"primaryImageOfPage":{"@id":"https:\/\/www.coccigames.com\/index.php\/produit\/water-gel-atlantic-blue-250ml\/#primaryimage"},"image":{"@id":"https:\/\/www.coccigames.com\/index.php\/produit\/water-gel-atlantic-blue-250ml\/#primaryimage"},"thumbnailUrl":"https:\/\/www.coccigames.com\/wp-content\/uploads\/2026\/03\/AK8003-3.jpg","datePublished":"2026-03-15T09:48:22+00:00","dateModified":"2026-03-27T12:00:57+00:00","breadcrumb":{"@id":"https:\/\/www.coccigames.com\/index.php\/produit\/water-gel-atlantic-blue-250ml\/#breadcrumb"},"inLanguage":"fr-FR","potentialAction":[{"@type":"ReadAction","target":["https:\/\/www.coccigames.com\/index.php\/produit\/water-gel-atlantic-blue-250ml\/"]}]},{"@type":"ImageObject","inLanguage":"fr-FR","@id":"https:\/\/www.coccigames.com\/index.php\/produit\/water-gel-atlantic-blue-250ml\/#primaryimage","url":"https:\/\/www.coccigames.com\/wp-content\/uploads\/2026\/03\/AK8003-3.jpg","contentUrl":"https:\/\/www.coccigames.com\/wp-content\/uploads\/2026\/03\/AK8003-3.jpg","width":800,"height":800},{"@type":"BreadcrumbList","@id":"https:\/\/www.coccigames.com\/index.php\/produit\/water-gel-atlantic-blue-250ml\/#breadcrumb","itemListElement":[{"@type":"ListItem","position":1,"name":"Accueil","item":"https:\/\/www.coccigames.com\/"},{"@type":"ListItem","position":2,"name":"Boutique","item":"https:\/\/www.coccigames.com\/index.php\/boutique\/"},{"@type":"ListItem","position":3,"name":"WATER GEL ATLANTIC BLUE 250ML"}]},{"@type":"WebSite","@id":"https:\/\/www.coccigames.com\/#website","url":"https:\/\/www.coccigames.com\/","name":"Coccigames - Figurines et Peintures","description":"Figurines et Peintures","publisher":{"@id":"https:\/\/www.coccigames.com\/#organization"},"potentialAction":[{"@type":"SearchAction","target":{"@type":"EntryPoint","urlTemplate":"https:\/\/www.coccigames.com\/?s={search_term_string}"},"query-input":{"@type":"PropertyValueSpecification","valueRequired":true,"valueName":"search_term_string"}}],"inLanguage":"fr-FR"},{"@type":"Organization","@id":"https:\/\/www.coccigames.com\/#organization","name":"Coccigames","url":"https:\/\/www.coccigames.com\/","logo":{"@type":"ImageObject","inLanguage":"fr-FR","@id":"https:\/\/www.coccigames.com\/#\/schema\/logo\/image\/","url":"https:\/\/www.coccigames.com\/wp-content\/uploads\/2025\/12\/coccigames_logo_v5.png","contentUrl":"https:\/\/www.coccigames.com\/wp-content\/uploads\/2025\/12\/coccigames_logo_v5.png","width":1768,"height":424,"caption":"Coccigames"},"image":{"@id":"https:\/\/www.coccigames.com\/#\/schema\/logo\/image\/"}}]}},"_links":{"self":[{"href":"https:\/\/www.coccigames.com\/index.php\/wp-json\/wp\/v2\/product\/13980","targetHints":{"allow":["GET"]}}],"collection":[{"href":"https:\/\/www.coccigames.com\/index.php\/wp-json\/wp\/v2\/product"}],"about":[{"href":"https:\/\/www.coccigames.com\/index.php\/wp-json\/wp\/v2\/types\/product"}],"replies":[{"embeddable":true,"href":"https:\/\/www.coccigames.com\/index.php\/wp-json\/wp\/v2\/comments?post=13980"}],"wp:featuredmedia":[{"embeddable":true,"href":"https:\/\/www.coccigames.com\/index.php\/wp-json\/wp\/v2\/media\/14129"}],"wp:attachment":[{"href":"https:\/\/www.coccigames.com\/index.php\/wp-json\/wp\/v2\/media?parent=13980"}],"wp:term":[{"taxonomy":"product_brand","embeddable":true,"href":"https:\/\/www.coccigames.com\/index.php\/wp-json\/wp\/v2\/product_brand?post=13980"},{"taxonomy":"product_cat","embeddable":true,"href":"https:\/\/www.coccigames.com\/index.php\/wp-json\/wp\/v2\/product_cat?post=13980"},{"taxonomy":"product_tag","embeddable":true,"href":"https:\/\/www.coccigames.com\/index.php\/wp-json\/wp\/v2\/product_tag?post=13980"}],"curies":[{"name":"wp","href":"https:\/\/api.w.org\/{rel}","templated":true}]}}