{"id":13969,"date":"2026-03-15T10:48:21","date_gmt":"2026-03-15T09:48:21","guid":{"rendered":"https:\/\/www.coccigames.com\/index.php\/produit\/lunar-desert-100-ml\/"},"modified":"2026-03-27T13:00:13","modified_gmt":"2026-03-27T12:00:13","slug":"lunar-desert-100-ml","status":"publish","type":"product","link":"https:\/\/www.coccigames.com\/index.php\/produit\/lunar-desert-100-ml\/","title":{"rendered":"LUNAR DESERT 100 ml"},"content":{"rendered":"<p>Texture permettant de <strong>recr\u00e9er des environnements froids<\/strong> sur des <strong>plan\u00e8tes ou lunes arides<\/strong> de n\u2019importe quelle galaxie. Selon la <strong>position de la lumi\u00e8re<\/strong>, on peut observer <strong>l\u2019\u00e9clat des diff\u00e9rents min\u00e9raux<\/strong> qui composent ce terrain.<img loading=\"lazy\" decoding=\"async\" class=\"alignnone size-full wp-image-14114\" src=\"https:\/\/www.coccigames.com\/wp-content\/uploads\/2026\/03\/AK1224_content.jpg\" alt=\"\" width=\"1200\" height=\"1200\" \/><\/p>\n","protected":false},"excerpt":{"rendered":"<p>Texture permettant de recr\u00e9er des environnements froids sur des plan\u00e8tes ou lunes arides de n\u2019importe quelle galaxie. Selon la position de la lumi\u00e8re, on peut observer l\u2019\u00e9clat des diff\u00e9rents min\u00e9raux qui composent ce terrain.<\/p>\n","protected":false},"featured_media":14115,"comment_status":"open","ping_status":"closed","template":"","meta":[],"product_brand":[6155],"product_cat":[6223],"product_tag":[6224],"class_list":{"0":"post-13969","1":"product","2":"type-product","3":"status-publish","4":"has-post-thumbnail","6":"product_brand-ak-interactive","7":"product_cat-diorama","8":"product_tag-socle","10":"first","11":"instock","12":"sale","13":"taxable","14":"shipping-taxable","15":"purchasable","16":"product-type-simple"},"yoast_head":"<!-- This site is optimized with the Yoast SEO plugin v26.4 - https:\/\/yoast.com\/wordpress\/plugins\/seo\/ -->\n<title>LUNAR DESERT 100 ml - Coccigames<\/title>\n<meta name=\"robots\" content=\"index, follow, max-snippet:-1, max-image-preview:large, max-video-preview:-1\" \/>\n<link rel=\"canonical\" href=\"https:\/\/www.coccigames.com\/index.php\/produit\/lunar-desert-100-ml\/\" \/>\n<meta property=\"og:locale\" content=\"fr_FR\" \/>\n<meta property=\"og:type\" content=\"article\" \/>\n<meta property=\"og:title\" content=\"LUNAR DESERT 100 ml - Coccigames\" \/>\n<meta property=\"og:description\" content=\"Texture permettant de recr\u00e9er des environnements froids sur des plan\u00e8tes ou lunes arides de n\u2019importe quelle galaxie. Selon la position de la lumi\u00e8re, on peut observer l\u2019\u00e9clat des diff\u00e9rents min\u00e9raux qui composent ce terrain.\" \/>\n<meta property=\"og:url\" content=\"https:\/\/www.coccigames.com\/index.php\/produit\/lunar-desert-100-ml\/\" \/>\n<meta property=\"og:site_name\" content=\"Coccigames\" \/>\n<meta property=\"article:modified_time\" content=\"2026-03-27T12:00:13+00:00\" \/>\n<meta property=\"og:image\" content=\"https:\/\/www.coccigames.com\/wp-content\/uploads\/2026\/03\/AK1224-1.jpg\" \/>\n\t<meta property=\"og:image:width\" content=\"800\" \/>\n\t<meta property=\"og:image:height\" content=\"800\" \/>\n\t<meta property=\"og:image:type\" content=\"image\/jpeg\" \/>\n<meta name=\"twitter:card\" content=\"summary_large_image\" \/>\n<meta name=\"twitter:label1\" content=\"Dur\u00e9e de lecture estim\u00e9e\" \/>\n\t<meta name=\"twitter:data1\" content=\"1 minute\" \/>\n<script type=\"application\/ld+json\" class=\"yoast-schema-graph\">{\"@context\":\"https:\/\/schema.org\",\"@graph\":[{\"@type\":\"WebPage\",\"@id\":\"https:\/\/www.coccigames.com\/index.php\/produit\/lunar-desert-100-ml\/\",\"url\":\"https:\/\/www.coccigames.com\/index.php\/produit\/lunar-desert-100-ml\/\",\"name\":\"LUNAR DESERT 100 ml - Coccigames\",\"isPartOf\":{\"@id\":\"https:\/\/www.coccigames.com\/#website\"},\"primaryImageOfPage\":{\"@id\":\"https:\/\/www.coccigames.com\/index.php\/produit\/lunar-desert-100-ml\/#primaryimage\"},\"image\":{\"@id\":\"https:\/\/www.coccigames.com\/index.php\/produit\/lunar-desert-100-ml\/#primaryimage\"},\"thumbnailUrl\":\"https:\/\/www.coccigames.com\/wp-content\/uploads\/2026\/03\/AK1224-1.jpg\",\"datePublished\":\"2026-03-15T09:48:21+00:00\",\"dateModified\":\"2026-03-27T12:00:13+00:00\",\"breadcrumb\":{\"@id\":\"https:\/\/www.coccigames.com\/index.php\/produit\/lunar-desert-100-ml\/#breadcrumb\"},\"inLanguage\":\"fr-FR\",\"potentialAction\":[{\"@type\":\"ReadAction\",\"target\":[\"https:\/\/www.coccigames.com\/index.php\/produit\/lunar-desert-100-ml\/\"]}]},{\"@type\":\"ImageObject\",\"inLanguage\":\"fr-FR\",\"@id\":\"https:\/\/www.coccigames.com\/index.php\/produit\/lunar-desert-100-ml\/#primaryimage\",\"url\":\"https:\/\/www.coccigames.com\/wp-content\/uploads\/2026\/03\/AK1224-1.jpg\",\"contentUrl\":\"https:\/\/www.coccigames.com\/wp-content\/uploads\/2026\/03\/AK1224-1.jpg\",\"width\":800,\"height\":800},{\"@type\":\"BreadcrumbList\",\"@id\":\"https:\/\/www.coccigames.com\/index.php\/produit\/lunar-desert-100-ml\/#breadcrumb\",\"itemListElement\":[{\"@type\":\"ListItem\",\"position\":1,\"name\":\"Accueil\",\"item\":\"https:\/\/www.coccigames.com\/\"},{\"@type\":\"ListItem\",\"position\":2,\"name\":\"Boutique\",\"item\":\"https:\/\/www.coccigames.com\/index.php\/boutique\/\"},{\"@type\":\"ListItem\",\"position\":3,\"name\":\"LUNAR DESERT 100 ml\"}]},{\"@type\":\"WebSite\",\"@id\":\"https:\/\/www.coccigames.com\/#website\",\"url\":\"https:\/\/www.coccigames.com\/\",\"name\":\"Coccigames - Figurines et Peintures\",\"description\":\"Figurines et Peintures\",\"publisher\":{\"@id\":\"https:\/\/www.coccigames.com\/#organization\"},\"potentialAction\":[{\"@type\":\"SearchAction\",\"target\":{\"@type\":\"EntryPoint\",\"urlTemplate\":\"https:\/\/www.coccigames.com\/?s={search_term_string}\"},\"query-input\":{\"@type\":\"PropertyValueSpecification\",\"valueRequired\":true,\"valueName\":\"search_term_string\"}}],\"inLanguage\":\"fr-FR\"},{\"@type\":\"Organization\",\"@id\":\"https:\/\/www.coccigames.com\/#organization\",\"name\":\"Coccigames\",\"url\":\"https:\/\/www.coccigames.com\/\",\"logo\":{\"@type\":\"ImageObject\",\"inLanguage\":\"fr-FR\",\"@id\":\"https:\/\/www.coccigames.com\/#\/schema\/logo\/image\/\",\"url\":\"https:\/\/www.coccigames.com\/wp-content\/uploads\/2025\/12\/coccigames_logo_v5.png\",\"contentUrl\":\"https:\/\/www.coccigames.com\/wp-content\/uploads\/2025\/12\/coccigames_logo_v5.png\",\"width\":1768,\"height\":424,\"caption\":\"Coccigames\"},\"image\":{\"@id\":\"https:\/\/www.coccigames.com\/#\/schema\/logo\/image\/\"}}]}<\/script>\n<!-- \/ Yoast SEO plugin. -->","yoast_head_json":{"title":"LUNAR DESERT 100 ml - Coccigames","robots":{"index":"index","follow":"follow","max-snippet":"max-snippet:-1","max-image-preview":"max-image-preview:large","max-video-preview":"max-video-preview:-1"},"canonical":"https:\/\/www.coccigames.com\/index.php\/produit\/lunar-desert-100-ml\/","og_locale":"fr_FR","og_type":"article","og_title":"LUNAR DESERT 100 ml - Coccigames","og_description":"Texture permettant de recr\u00e9er des environnements froids sur des plan\u00e8tes ou lunes arides de n\u2019importe quelle galaxie. Selon la position de la lumi\u00e8re, on peut observer l\u2019\u00e9clat des diff\u00e9rents min\u00e9raux qui composent ce terrain.","og_url":"https:\/\/www.coccigames.com\/index.php\/produit\/lunar-desert-100-ml\/","og_site_name":"Coccigames","article_modified_time":"2026-03-27T12:00:13+00:00","og_image":[{"width":800,"height":800,"url":"https:\/\/www.coccigames.com\/wp-content\/uploads\/2026\/03\/AK1224-1.jpg","type":"image\/jpeg"}],"twitter_card":"summary_large_image","twitter_misc":{"Dur\u00e9e de lecture estim\u00e9e":"1 minute"},"schema":{"@context":"https:\/\/schema.org","@graph":[{"@type":"WebPage","@id":"https:\/\/www.coccigames.com\/index.php\/produit\/lunar-desert-100-ml\/","url":"https:\/\/www.coccigames.com\/index.php\/produit\/lunar-desert-100-ml\/","name":"LUNAR DESERT 100 ml - Coccigames","isPartOf":{"@id":"https:\/\/www.coccigames.com\/#website"},"primaryImageOfPage":{"@id":"https:\/\/www.coccigames.com\/index.php\/produit\/lunar-desert-100-ml\/#primaryimage"},"image":{"@id":"https:\/\/www.coccigames.com\/index.php\/produit\/lunar-desert-100-ml\/#primaryimage"},"thumbnailUrl":"https:\/\/www.coccigames.com\/wp-content\/uploads\/2026\/03\/AK1224-1.jpg","datePublished":"2026-03-15T09:48:21+00:00","dateModified":"2026-03-27T12:00:13+00:00","breadcrumb":{"@id":"https:\/\/www.coccigames.com\/index.php\/produit\/lunar-desert-100-ml\/#breadcrumb"},"inLanguage":"fr-FR","potentialAction":[{"@type":"ReadAction","target":["https:\/\/www.coccigames.com\/index.php\/produit\/lunar-desert-100-ml\/"]}]},{"@type":"ImageObject","inLanguage":"fr-FR","@id":"https:\/\/www.coccigames.com\/index.php\/produit\/lunar-desert-100-ml\/#primaryimage","url":"https:\/\/www.coccigames.com\/wp-content\/uploads\/2026\/03\/AK1224-1.jpg","contentUrl":"https:\/\/www.coccigames.com\/wp-content\/uploads\/2026\/03\/AK1224-1.jpg","width":800,"height":800},{"@type":"BreadcrumbList","@id":"https:\/\/www.coccigames.com\/index.php\/produit\/lunar-desert-100-ml\/#breadcrumb","itemListElement":[{"@type":"ListItem","position":1,"name":"Accueil","item":"https:\/\/www.coccigames.com\/"},{"@type":"ListItem","position":2,"name":"Boutique","item":"https:\/\/www.coccigames.com\/index.php\/boutique\/"},{"@type":"ListItem","position":3,"name":"LUNAR DESERT 100 ml"}]},{"@type":"WebSite","@id":"https:\/\/www.coccigames.com\/#website","url":"https:\/\/www.coccigames.com\/","name":"Coccigames - Figurines et Peintures","description":"Figurines et Peintures","publisher":{"@id":"https:\/\/www.coccigames.com\/#organization"},"potentialAction":[{"@type":"SearchAction","target":{"@type":"EntryPoint","urlTemplate":"https:\/\/www.coccigames.com\/?s={search_term_string}"},"query-input":{"@type":"PropertyValueSpecification","valueRequired":true,"valueName":"search_term_string"}}],"inLanguage":"fr-FR"},{"@type":"Organization","@id":"https:\/\/www.coccigames.com\/#organization","name":"Coccigames","url":"https:\/\/www.coccigames.com\/","logo":{"@type":"ImageObject","inLanguage":"fr-FR","@id":"https:\/\/www.coccigames.com\/#\/schema\/logo\/image\/","url":"https:\/\/www.coccigames.com\/wp-content\/uploads\/2025\/12\/coccigames_logo_v5.png","contentUrl":"https:\/\/www.coccigames.com\/wp-content\/uploads\/2025\/12\/coccigames_logo_v5.png","width":1768,"height":424,"caption":"Coccigames"},"image":{"@id":"https:\/\/www.coccigames.com\/#\/schema\/logo\/image\/"}}]}},"_links":{"self":[{"href":"https:\/\/www.coccigames.com\/index.php\/wp-json\/wp\/v2\/product\/13969","targetHints":{"allow":["GET"]}}],"collection":[{"href":"https:\/\/www.coccigames.com\/index.php\/wp-json\/wp\/v2\/product"}],"about":[{"href":"https:\/\/www.coccigames.com\/index.php\/wp-json\/wp\/v2\/types\/product"}],"replies":[{"embeddable":true,"href":"https:\/\/www.coccigames.com\/index.php\/wp-json\/wp\/v2\/comments?post=13969"}],"wp:featuredmedia":[{"embeddable":true,"href":"https:\/\/www.coccigames.com\/index.php\/wp-json\/wp\/v2\/media\/14115"}],"wp:attachment":[{"href":"https:\/\/www.coccigames.com\/index.php\/wp-json\/wp\/v2\/media?parent=13969"}],"wp:term":[{"taxonomy":"product_brand","embeddable":true,"href":"https:\/\/www.coccigames.com\/index.php\/wp-json\/wp\/v2\/product_brand?post=13969"},{"taxonomy":"product_cat","embeddable":true,"href":"https:\/\/www.coccigames.com\/index.php\/wp-json\/wp\/v2\/product_cat?post=13969"},{"taxonomy":"product_tag","embeddable":true,"href":"https:\/\/www.coccigames.com\/index.php\/wp-json\/wp\/v2\/product_tag?post=13969"}],"curies":[{"name":"wp","href":"https:\/\/api.w.org\/{rel}","templated":true}]}}