{"id":13961,"date":"2026-03-15T10:30:18","date_gmt":"2026-03-15T09:30:18","guid":{"rendered":"https:\/\/www.coccigames.com\/index.php\/produit\/reglette-aos-9-inch-range-ruler-orange\/"},"modified":"2026-03-27T13:00:12","modified_gmt":"2026-03-27T12:00:12","slug":"reglette-aos-9-inch-range-ruler-orange","status":"publish","type":"product","link":"https:\/\/www.coccigames.com\/index.php\/produit\/reglette-aos-9-inch-range-ruler-orange\/","title":{"rendered":"REGLETTE AoS 9 inch Range Ruler Orange"},"content":{"rendered":"<p>Une r\u00e8gle de port\u00e9e de 9 pouces pour Age of Sigmar.<\/p>\n<p>Cet outil de mesure est fabriqu\u00e9 en acrylique orange (fluorescent) de 3 mm, ce qui permet de v\u00e9rifier rapidement toutes les distances les plus courantes pendant une partie d\u2019Age of Sigmar.<\/p>\n","protected":false},"excerpt":{"rendered":"<p>Une r\u00e8gle de port\u00e9e de 9 pouces pour Age of Sigmar. Cet outil de mesure est fabriqu\u00e9 en acrylique orange (fluorescent) de 3 mm, ce qui permet de v\u00e9rifier rapidement toutes les distances les plus courantes pendant une partie d\u2019Age of Sigmar.<\/p>\n","protected":false},"featured_media":14035,"comment_status":"open","ping_status":"closed","template":"","meta":[],"product_brand":[389],"product_cat":[261,6225],"product_tag":[423],"class_list":{"0":"post-13961","1":"product","2":"type-product","3":"status-publish","4":"has-post-thumbnail","6":"product_brand-microart-studio","7":"product_cat-accessoires-de-jeu","8":"product_cat-metre","9":"product_tag-mesure","11":"first","12":"instock","13":"sale","14":"taxable","15":"shipping-taxable","16":"purchasable","17":"product-type-simple"},"yoast_head":"<!-- This site is optimized with the Yoast SEO plugin v26.4 - https:\/\/yoast.com\/wordpress\/plugins\/seo\/ -->\n<title>REGLETTE AoS 9 inch Range Ruler Orange - Coccigames<\/title>\n<meta name=\"robots\" content=\"index, follow, max-snippet:-1, max-image-preview:large, max-video-preview:-1\" \/>\n<link rel=\"canonical\" href=\"https:\/\/www.coccigames.com\/index.php\/produit\/reglette-aos-9-inch-range-ruler-orange\/\" \/>\n<meta property=\"og:locale\" content=\"fr_FR\" \/>\n<meta property=\"og:type\" content=\"article\" \/>\n<meta property=\"og:title\" content=\"REGLETTE AoS 9 inch Range Ruler Orange - Coccigames\" \/>\n<meta property=\"og:description\" content=\"Une r\u00e8gle de port\u00e9e de 9 pouces pour Age of Sigmar. Cet outil de mesure est fabriqu\u00e9 en acrylique orange (fluorescent) de 3 mm, ce qui permet de v\u00e9rifier rapidement toutes les distances les plus courantes pendant une partie d\u2019Age of Sigmar.\" \/>\n<meta property=\"og:url\" content=\"https:\/\/www.coccigames.com\/index.php\/produit\/reglette-aos-9-inch-range-ruler-orange\/\" \/>\n<meta property=\"og:site_name\" content=\"Coccigames\" \/>\n<meta property=\"article:modified_time\" content=\"2026-03-27T12:00:12+00:00\" \/>\n<meta property=\"og:image\" content=\"https:\/\/www.coccigames.com\/wp-content\/uploads\/2026\/03\/aos-9-inch-range-ruler-1-orange.png\" \/>\n\t<meta property=\"og:image:width\" content=\"1024\" \/>\n\t<meta property=\"og:image:height\" content=\"768\" \/>\n\t<meta property=\"og:image:type\" content=\"image\/png\" \/>\n<meta name=\"twitter:card\" content=\"summary_large_image\" \/>\n<meta name=\"twitter:label1\" content=\"Dur\u00e9e de lecture estim\u00e9e\" \/>\n\t<meta name=\"twitter:data1\" content=\"1 minute\" \/>\n<script type=\"application\/ld+json\" class=\"yoast-schema-graph\">{\"@context\":\"https:\/\/schema.org\",\"@graph\":[{\"@type\":\"WebPage\",\"@id\":\"https:\/\/www.coccigames.com\/index.php\/produit\/reglette-aos-9-inch-range-ruler-orange\/\",\"url\":\"https:\/\/www.coccigames.com\/index.php\/produit\/reglette-aos-9-inch-range-ruler-orange\/\",\"name\":\"REGLETTE AoS 9 inch Range Ruler Orange - Coccigames\",\"isPartOf\":{\"@id\":\"https:\/\/www.coccigames.com\/#website\"},\"primaryImageOfPage\":{\"@id\":\"https:\/\/www.coccigames.com\/index.php\/produit\/reglette-aos-9-inch-range-ruler-orange\/#primaryimage\"},\"image\":{\"@id\":\"https:\/\/www.coccigames.com\/index.php\/produit\/reglette-aos-9-inch-range-ruler-orange\/#primaryimage\"},\"thumbnailUrl\":\"https:\/\/www.coccigames.com\/wp-content\/uploads\/2026\/03\/aos-9-inch-range-ruler-1-orange.png\",\"datePublished\":\"2026-03-15T09:30:18+00:00\",\"dateModified\":\"2026-03-27T12:00:12+00:00\",\"breadcrumb\":{\"@id\":\"https:\/\/www.coccigames.com\/index.php\/produit\/reglette-aos-9-inch-range-ruler-orange\/#breadcrumb\"},\"inLanguage\":\"fr-FR\",\"potentialAction\":[{\"@type\":\"ReadAction\",\"target\":[\"https:\/\/www.coccigames.com\/index.php\/produit\/reglette-aos-9-inch-range-ruler-orange\/\"]}]},{\"@type\":\"ImageObject\",\"inLanguage\":\"fr-FR\",\"@id\":\"https:\/\/www.coccigames.com\/index.php\/produit\/reglette-aos-9-inch-range-ruler-orange\/#primaryimage\",\"url\":\"https:\/\/www.coccigames.com\/wp-content\/uploads\/2026\/03\/aos-9-inch-range-ruler-1-orange.png\",\"contentUrl\":\"https:\/\/www.coccigames.com\/wp-content\/uploads\/2026\/03\/aos-9-inch-range-ruler-1-orange.png\",\"width\":1024,\"height\":768},{\"@type\":\"BreadcrumbList\",\"@id\":\"https:\/\/www.coccigames.com\/index.php\/produit\/reglette-aos-9-inch-range-ruler-orange\/#breadcrumb\",\"itemListElement\":[{\"@type\":\"ListItem\",\"position\":1,\"name\":\"Accueil\",\"item\":\"https:\/\/www.coccigames.com\/\"},{\"@type\":\"ListItem\",\"position\":2,\"name\":\"Boutique\",\"item\":\"https:\/\/www.coccigames.com\/index.php\/boutique\/\"},{\"@type\":\"ListItem\",\"position\":3,\"name\":\"REGLETTE AoS 9 inch Range Ruler Orange\"}]},{\"@type\":\"WebSite\",\"@id\":\"https:\/\/www.coccigames.com\/#website\",\"url\":\"https:\/\/www.coccigames.com\/\",\"name\":\"Coccigames - Figurines et Peintures\",\"description\":\"Figurines et Peintures\",\"publisher\":{\"@id\":\"https:\/\/www.coccigames.com\/#organization\"},\"potentialAction\":[{\"@type\":\"SearchAction\",\"target\":{\"@type\":\"EntryPoint\",\"urlTemplate\":\"https:\/\/www.coccigames.com\/?s={search_term_string}\"},\"query-input\":{\"@type\":\"PropertyValueSpecification\",\"valueRequired\":true,\"valueName\":\"search_term_string\"}}],\"inLanguage\":\"fr-FR\"},{\"@type\":\"Organization\",\"@id\":\"https:\/\/www.coccigames.com\/#organization\",\"name\":\"Coccigames\",\"url\":\"https:\/\/www.coccigames.com\/\",\"logo\":{\"@type\":\"ImageObject\",\"inLanguage\":\"fr-FR\",\"@id\":\"https:\/\/www.coccigames.com\/#\/schema\/logo\/image\/\",\"url\":\"https:\/\/www.coccigames.com\/wp-content\/uploads\/2025\/12\/coccigames_logo_v5.png\",\"contentUrl\":\"https:\/\/www.coccigames.com\/wp-content\/uploads\/2025\/12\/coccigames_logo_v5.png\",\"width\":1768,\"height\":424,\"caption\":\"Coccigames\"},\"image\":{\"@id\":\"https:\/\/www.coccigames.com\/#\/schema\/logo\/image\/\"}}]}<\/script>\n<!-- \/ Yoast SEO plugin. -->","yoast_head_json":{"title":"REGLETTE AoS 9 inch Range Ruler Orange - Coccigames","robots":{"index":"index","follow":"follow","max-snippet":"max-snippet:-1","max-image-preview":"max-image-preview:large","max-video-preview":"max-video-preview:-1"},"canonical":"https:\/\/www.coccigames.com\/index.php\/produit\/reglette-aos-9-inch-range-ruler-orange\/","og_locale":"fr_FR","og_type":"article","og_title":"REGLETTE AoS 9 inch Range Ruler Orange - Coccigames","og_description":"Une r\u00e8gle de port\u00e9e de 9 pouces pour Age of Sigmar. Cet outil de mesure est fabriqu\u00e9 en acrylique orange (fluorescent) de 3 mm, ce qui permet de v\u00e9rifier rapidement toutes les distances les plus courantes pendant une partie d\u2019Age of Sigmar.","og_url":"https:\/\/www.coccigames.com\/index.php\/produit\/reglette-aos-9-inch-range-ruler-orange\/","og_site_name":"Coccigames","article_modified_time":"2026-03-27T12:00:12+00:00","og_image":[{"width":1024,"height":768,"url":"https:\/\/www.coccigames.com\/wp-content\/uploads\/2026\/03\/aos-9-inch-range-ruler-1-orange.png","type":"image\/png"}],"twitter_card":"summary_large_image","twitter_misc":{"Dur\u00e9e de lecture estim\u00e9e":"1 minute"},"schema":{"@context":"https:\/\/schema.org","@graph":[{"@type":"WebPage","@id":"https:\/\/www.coccigames.com\/index.php\/produit\/reglette-aos-9-inch-range-ruler-orange\/","url":"https:\/\/www.coccigames.com\/index.php\/produit\/reglette-aos-9-inch-range-ruler-orange\/","name":"REGLETTE AoS 9 inch Range Ruler Orange - Coccigames","isPartOf":{"@id":"https:\/\/www.coccigames.com\/#website"},"primaryImageOfPage":{"@id":"https:\/\/www.coccigames.com\/index.php\/produit\/reglette-aos-9-inch-range-ruler-orange\/#primaryimage"},"image":{"@id":"https:\/\/www.coccigames.com\/index.php\/produit\/reglette-aos-9-inch-range-ruler-orange\/#primaryimage"},"thumbnailUrl":"https:\/\/www.coccigames.com\/wp-content\/uploads\/2026\/03\/aos-9-inch-range-ruler-1-orange.png","datePublished":"2026-03-15T09:30:18+00:00","dateModified":"2026-03-27T12:00:12+00:00","breadcrumb":{"@id":"https:\/\/www.coccigames.com\/index.php\/produit\/reglette-aos-9-inch-range-ruler-orange\/#breadcrumb"},"inLanguage":"fr-FR","potentialAction":[{"@type":"ReadAction","target":["https:\/\/www.coccigames.com\/index.php\/produit\/reglette-aos-9-inch-range-ruler-orange\/"]}]},{"@type":"ImageObject","inLanguage":"fr-FR","@id":"https:\/\/www.coccigames.com\/index.php\/produit\/reglette-aos-9-inch-range-ruler-orange\/#primaryimage","url":"https:\/\/www.coccigames.com\/wp-content\/uploads\/2026\/03\/aos-9-inch-range-ruler-1-orange.png","contentUrl":"https:\/\/www.coccigames.com\/wp-content\/uploads\/2026\/03\/aos-9-inch-range-ruler-1-orange.png","width":1024,"height":768},{"@type":"BreadcrumbList","@id":"https:\/\/www.coccigames.com\/index.php\/produit\/reglette-aos-9-inch-range-ruler-orange\/#breadcrumb","itemListElement":[{"@type":"ListItem","position":1,"name":"Accueil","item":"https:\/\/www.coccigames.com\/"},{"@type":"ListItem","position":2,"name":"Boutique","item":"https:\/\/www.coccigames.com\/index.php\/boutique\/"},{"@type":"ListItem","position":3,"name":"REGLETTE AoS 9 inch Range Ruler Orange"}]},{"@type":"WebSite","@id":"https:\/\/www.coccigames.com\/#website","url":"https:\/\/www.coccigames.com\/","name":"Coccigames - Figurines et Peintures","description":"Figurines et Peintures","publisher":{"@id":"https:\/\/www.coccigames.com\/#organization"},"potentialAction":[{"@type":"SearchAction","target":{"@type":"EntryPoint","urlTemplate":"https:\/\/www.coccigames.com\/?s={search_term_string}"},"query-input":{"@type":"PropertyValueSpecification","valueRequired":true,"valueName":"search_term_string"}}],"inLanguage":"fr-FR"},{"@type":"Organization","@id":"https:\/\/www.coccigames.com\/#organization","name":"Coccigames","url":"https:\/\/www.coccigames.com\/","logo":{"@type":"ImageObject","inLanguage":"fr-FR","@id":"https:\/\/www.coccigames.com\/#\/schema\/logo\/image\/","url":"https:\/\/www.coccigames.com\/wp-content\/uploads\/2025\/12\/coccigames_logo_v5.png","contentUrl":"https:\/\/www.coccigames.com\/wp-content\/uploads\/2025\/12\/coccigames_logo_v5.png","width":1768,"height":424,"caption":"Coccigames"},"image":{"@id":"https:\/\/www.coccigames.com\/#\/schema\/logo\/image\/"}}]}},"_links":{"self":[{"href":"https:\/\/www.coccigames.com\/index.php\/wp-json\/wp\/v2\/product\/13961","targetHints":{"allow":["GET"]}}],"collection":[{"href":"https:\/\/www.coccigames.com\/index.php\/wp-json\/wp\/v2\/product"}],"about":[{"href":"https:\/\/www.coccigames.com\/index.php\/wp-json\/wp\/v2\/types\/product"}],"replies":[{"embeddable":true,"href":"https:\/\/www.coccigames.com\/index.php\/wp-json\/wp\/v2\/comments?post=13961"}],"wp:featuredmedia":[{"embeddable":true,"href":"https:\/\/www.coccigames.com\/index.php\/wp-json\/wp\/v2\/media\/14035"}],"wp:attachment":[{"href":"https:\/\/www.coccigames.com\/index.php\/wp-json\/wp\/v2\/media?parent=13961"}],"wp:term":[{"taxonomy":"product_brand","embeddable":true,"href":"https:\/\/www.coccigames.com\/index.php\/wp-json\/wp\/v2\/product_brand?post=13961"},{"taxonomy":"product_cat","embeddable":true,"href":"https:\/\/www.coccigames.com\/index.php\/wp-json\/wp\/v2\/product_cat?post=13961"},{"taxonomy":"product_tag","embeddable":true,"href":"https:\/\/www.coccigames.com\/index.php\/wp-json\/wp\/v2\/product_tag?post=13961"}],"curies":[{"name":"wp","href":"https:\/\/api.w.org\/{rel}","templated":true}]}}