{"id":13672,"date":"2026-02-12T11:38:47","date_gmt":"2026-02-12T10:38:47","guid":{"rendered":"https:\/\/www.coccigames.com\/?post_type=product&#038;p=13672"},"modified":"2026-04-06T09:28:46","modified_gmt":"2026-04-06T07:28:46","slug":"bataillon-seigneurs-du-maelstrom","status":"publish","type":"product","link":"https:\/\/www.coccigames.com\/index.php\/produit\/bataillon-seigneurs-du-maelstrom\/","title":{"rendered":"Bataillon: Seigneurs du Maelstr\u00f6m"},"content":{"rendered":"<p>Mais Huron et ses acolytes ne sont pas les seuls \u00e0 d\u00e9barquer pour le compte des Red Corsairs, et c\u2019est toute une bande de Space Marines ren\u00e9gats qui s\u2019\u00e9lance dans le n\u00e9ant \u00e0 sa suite, avec la nouvelle bo\u00eete de Bataillon : Seigneurs du Maelst\u00f6m. Cette bo\u00eete pleine \u00e0 craquer contient 10 nouveaux Pillards Red Corsairs \u2013 des guerriers d\u2019\u00e9lite aux armes et styles d\u2019armure disparates \u2013 et un nouveau Capitaine-\u00e9cumeur, aux c\u00f4t\u00e9s de 10 L\u00e9gionnaires Space Marines du Chaos, 5 Terminators du Chaos, 10 Gardes Ren\u00e9gats et un nouveau Set d\u2019Am\u00e9liorations des Red Corsairs qui vous offre plein d\u2019\u00e9pauli\u00e8res sculpt\u00e9es et d\u2019accessoires pour vos Space Marines.<\/p>\n<p>Ce produit ne sera disponible que dans la limite des stocks, mais tous les nouveaux kits qu\u2019il contient seront disponibles individuellement \u00e0 une date ult\u00e9rieure.<\/p>\n","protected":false},"excerpt":{"rendered":"<p>Mais Huron et ses acolytes ne sont pas les seuls \u00e0 d\u00e9barquer pour le compte des Red Corsairs, et c\u2019est toute une bande de Space Marines ren\u00e9gats qui s\u2019\u00e9lance dans le n\u00e9ant \u00e0 sa suite, avec la nouvelle bo\u00eete de Bataillon : Seigneurs du Maelst\u00f6m.&hellip;<\/p>\n","protected":false},"featured_media":13673,"comment_status":"closed","ping_status":"closed","template":"","meta":[],"product_brand":[23],"product_cat":[287,16],"product_tag":[],"class_list":{"0":"post-13672","1":"product","2":"type-product","3":"status-publish","4":"has-post-thumbnail","6":"product_brand-games-workshop","7":"product_cat-chaos-space-marines","8":"product_cat-warhammer-40000","10":"first","11":"outofstock","12":"sale","13":"taxable","14":"shipping-taxable","15":"purchasable","16":"product-type-simple"},"yoast_head":"<!-- This site is optimized with the Yoast SEO plugin v26.4 - https:\/\/yoast.com\/wordpress\/plugins\/seo\/ -->\n<title>Bataillon: Seigneurs du Maelstr\u00f6m - Coccigames<\/title>\n<meta name=\"robots\" content=\"index, follow, max-snippet:-1, max-image-preview:large, max-video-preview:-1\" \/>\n<link rel=\"canonical\" href=\"https:\/\/www.coccigames.com\/index.php\/produit\/bataillon-seigneurs-du-maelstrom\/\" \/>\n<meta property=\"og:locale\" content=\"fr_FR\" \/>\n<meta property=\"og:type\" content=\"article\" \/>\n<meta property=\"og:title\" content=\"Bataillon: Seigneurs du Maelstr\u00f6m - Coccigames\" \/>\n<meta property=\"og:description\" content=\"Mais Huron et ses acolytes ne sont pas les seuls \u00e0 d\u00e9barquer pour le compte des Red Corsairs, et c\u2019est toute une bande de Space Marines ren\u00e9gats qui s\u2019\u00e9lance dans le n\u00e9ant \u00e0 sa suite, avec la nouvelle bo\u00eete de Bataillon : Seigneurs du Maelst\u00f6m.&hellip;\" \/>\n<meta property=\"og:url\" content=\"https:\/\/www.coccigames.com\/index.php\/produit\/bataillon-seigneurs-du-maelstrom\/\" \/>\n<meta property=\"og:site_name\" content=\"Coccigames\" \/>\n<meta property=\"article:modified_time\" content=\"2026-04-06T07:28:46+00:00\" \/>\n<meta property=\"og:image\" content=\"https:\/\/www.coccigames.com\/wp-content\/uploads\/2026\/02\/sundaypreview-feb08-40k_05-redcorsairsbattleforce-jveqywm1de.jpg\" \/>\n\t<meta property=\"og:image:width\" content=\"1000\" \/>\n\t<meta property=\"og:image:height\" content=\"1061\" \/>\n\t<meta property=\"og:image:type\" content=\"image\/jpeg\" \/>\n<meta name=\"twitter:card\" content=\"summary_large_image\" \/>\n<meta name=\"twitter:label1\" content=\"Dur\u00e9e de lecture estim\u00e9e\" \/>\n\t<meta name=\"twitter:data1\" content=\"1 minute\" \/>\n<script type=\"application\/ld+json\" class=\"yoast-schema-graph\">{\"@context\":\"https:\/\/schema.org\",\"@graph\":[{\"@type\":\"WebPage\",\"@id\":\"https:\/\/www.coccigames.com\/index.php\/produit\/bataillon-seigneurs-du-maelstrom\/\",\"url\":\"https:\/\/www.coccigames.com\/index.php\/produit\/bataillon-seigneurs-du-maelstrom\/\",\"name\":\"Bataillon: Seigneurs du Maelstr\u00f6m - Coccigames\",\"isPartOf\":{\"@id\":\"https:\/\/www.coccigames.com\/#website\"},\"primaryImageOfPage\":{\"@id\":\"https:\/\/www.coccigames.com\/index.php\/produit\/bataillon-seigneurs-du-maelstrom\/#primaryimage\"},\"image\":{\"@id\":\"https:\/\/www.coccigames.com\/index.php\/produit\/bataillon-seigneurs-du-maelstrom\/#primaryimage\"},\"thumbnailUrl\":\"https:\/\/www.coccigames.com\/wp-content\/uploads\/2026\/02\/sundaypreview-feb08-40k_05-redcorsairsbattleforce-jveqywm1de.jpg\",\"datePublished\":\"2026-02-12T10:38:47+00:00\",\"dateModified\":\"2026-04-06T07:28:46+00:00\",\"breadcrumb\":{\"@id\":\"https:\/\/www.coccigames.com\/index.php\/produit\/bataillon-seigneurs-du-maelstrom\/#breadcrumb\"},\"inLanguage\":\"fr-FR\",\"potentialAction\":[{\"@type\":\"ReadAction\",\"target\":[\"https:\/\/www.coccigames.com\/index.php\/produit\/bataillon-seigneurs-du-maelstrom\/\"]}]},{\"@type\":\"ImageObject\",\"inLanguage\":\"fr-FR\",\"@id\":\"https:\/\/www.coccigames.com\/index.php\/produit\/bataillon-seigneurs-du-maelstrom\/#primaryimage\",\"url\":\"https:\/\/www.coccigames.com\/wp-content\/uploads\/2026\/02\/sundaypreview-feb08-40k_05-redcorsairsbattleforce-jveqywm1de.jpg\",\"contentUrl\":\"https:\/\/www.coccigames.com\/wp-content\/uploads\/2026\/02\/sundaypreview-feb08-40k_05-redcorsairsbattleforce-jveqywm1de.jpg\",\"width\":1000,\"height\":1061},{\"@type\":\"BreadcrumbList\",\"@id\":\"https:\/\/www.coccigames.com\/index.php\/produit\/bataillon-seigneurs-du-maelstrom\/#breadcrumb\",\"itemListElement\":[{\"@type\":\"ListItem\",\"position\":1,\"name\":\"Accueil\",\"item\":\"https:\/\/www.coccigames.com\/\"},{\"@type\":\"ListItem\",\"position\":2,\"name\":\"Boutique\",\"item\":\"https:\/\/www.coccigames.com\/index.php\/boutique\/\"},{\"@type\":\"ListItem\",\"position\":3,\"name\":\"Bataillon: Seigneurs du Maelstr\u00f6m\"}]},{\"@type\":\"WebSite\",\"@id\":\"https:\/\/www.coccigames.com\/#website\",\"url\":\"https:\/\/www.coccigames.com\/\",\"name\":\"Coccigames - Figurines et Peintures\",\"description\":\"Figurines et Peintures\",\"publisher\":{\"@id\":\"https:\/\/www.coccigames.com\/#organization\"},\"potentialAction\":[{\"@type\":\"SearchAction\",\"target\":{\"@type\":\"EntryPoint\",\"urlTemplate\":\"https:\/\/www.coccigames.com\/?s={search_term_string}\"},\"query-input\":{\"@type\":\"PropertyValueSpecification\",\"valueRequired\":true,\"valueName\":\"search_term_string\"}}],\"inLanguage\":\"fr-FR\"},{\"@type\":\"Organization\",\"@id\":\"https:\/\/www.coccigames.com\/#organization\",\"name\":\"Coccigames\",\"url\":\"https:\/\/www.coccigames.com\/\",\"logo\":{\"@type\":\"ImageObject\",\"inLanguage\":\"fr-FR\",\"@id\":\"https:\/\/www.coccigames.com\/#\/schema\/logo\/image\/\",\"url\":\"https:\/\/www.coccigames.com\/wp-content\/uploads\/2025\/12\/coccigames_logo_v5.png\",\"contentUrl\":\"https:\/\/www.coccigames.com\/wp-content\/uploads\/2025\/12\/coccigames_logo_v5.png\",\"width\":1768,\"height\":424,\"caption\":\"Coccigames\"},\"image\":{\"@id\":\"https:\/\/www.coccigames.com\/#\/schema\/logo\/image\/\"}}]}<\/script>\n<!-- \/ Yoast SEO plugin. -->","yoast_head_json":{"title":"Bataillon: Seigneurs du Maelstr\u00f6m - Coccigames","robots":{"index":"index","follow":"follow","max-snippet":"max-snippet:-1","max-image-preview":"max-image-preview:large","max-video-preview":"max-video-preview:-1"},"canonical":"https:\/\/www.coccigames.com\/index.php\/produit\/bataillon-seigneurs-du-maelstrom\/","og_locale":"fr_FR","og_type":"article","og_title":"Bataillon: Seigneurs du Maelstr\u00f6m - Coccigames","og_description":"Mais Huron et ses acolytes ne sont pas les seuls \u00e0 d\u00e9barquer pour le compte des Red Corsairs, et c\u2019est toute une bande de Space Marines ren\u00e9gats qui s\u2019\u00e9lance dans le n\u00e9ant \u00e0 sa suite, avec la nouvelle bo\u00eete de Bataillon : Seigneurs du Maelst\u00f6m.&hellip;","og_url":"https:\/\/www.coccigames.com\/index.php\/produit\/bataillon-seigneurs-du-maelstrom\/","og_site_name":"Coccigames","article_modified_time":"2026-04-06T07:28:46+00:00","og_image":[{"width":1000,"height":1061,"url":"https:\/\/www.coccigames.com\/wp-content\/uploads\/2026\/02\/sundaypreview-feb08-40k_05-redcorsairsbattleforce-jveqywm1de.jpg","type":"image\/jpeg"}],"twitter_card":"summary_large_image","twitter_misc":{"Dur\u00e9e de lecture estim\u00e9e":"1 minute"},"schema":{"@context":"https:\/\/schema.org","@graph":[{"@type":"WebPage","@id":"https:\/\/www.coccigames.com\/index.php\/produit\/bataillon-seigneurs-du-maelstrom\/","url":"https:\/\/www.coccigames.com\/index.php\/produit\/bataillon-seigneurs-du-maelstrom\/","name":"Bataillon: Seigneurs du Maelstr\u00f6m - Coccigames","isPartOf":{"@id":"https:\/\/www.coccigames.com\/#website"},"primaryImageOfPage":{"@id":"https:\/\/www.coccigames.com\/index.php\/produit\/bataillon-seigneurs-du-maelstrom\/#primaryimage"},"image":{"@id":"https:\/\/www.coccigames.com\/index.php\/produit\/bataillon-seigneurs-du-maelstrom\/#primaryimage"},"thumbnailUrl":"https:\/\/www.coccigames.com\/wp-content\/uploads\/2026\/02\/sundaypreview-feb08-40k_05-redcorsairsbattleforce-jveqywm1de.jpg","datePublished":"2026-02-12T10:38:47+00:00","dateModified":"2026-04-06T07:28:46+00:00","breadcrumb":{"@id":"https:\/\/www.coccigames.com\/index.php\/produit\/bataillon-seigneurs-du-maelstrom\/#breadcrumb"},"inLanguage":"fr-FR","potentialAction":[{"@type":"ReadAction","target":["https:\/\/www.coccigames.com\/index.php\/produit\/bataillon-seigneurs-du-maelstrom\/"]}]},{"@type":"ImageObject","inLanguage":"fr-FR","@id":"https:\/\/www.coccigames.com\/index.php\/produit\/bataillon-seigneurs-du-maelstrom\/#primaryimage","url":"https:\/\/www.coccigames.com\/wp-content\/uploads\/2026\/02\/sundaypreview-feb08-40k_05-redcorsairsbattleforce-jveqywm1de.jpg","contentUrl":"https:\/\/www.coccigames.com\/wp-content\/uploads\/2026\/02\/sundaypreview-feb08-40k_05-redcorsairsbattleforce-jveqywm1de.jpg","width":1000,"height":1061},{"@type":"BreadcrumbList","@id":"https:\/\/www.coccigames.com\/index.php\/produit\/bataillon-seigneurs-du-maelstrom\/#breadcrumb","itemListElement":[{"@type":"ListItem","position":1,"name":"Accueil","item":"https:\/\/www.coccigames.com\/"},{"@type":"ListItem","position":2,"name":"Boutique","item":"https:\/\/www.coccigames.com\/index.php\/boutique\/"},{"@type":"ListItem","position":3,"name":"Bataillon: Seigneurs du Maelstr\u00f6m"}]},{"@type":"WebSite","@id":"https:\/\/www.coccigames.com\/#website","url":"https:\/\/www.coccigames.com\/","name":"Coccigames - Figurines et Peintures","description":"Figurines et Peintures","publisher":{"@id":"https:\/\/www.coccigames.com\/#organization"},"potentialAction":[{"@type":"SearchAction","target":{"@type":"EntryPoint","urlTemplate":"https:\/\/www.coccigames.com\/?s={search_term_string}"},"query-input":{"@type":"PropertyValueSpecification","valueRequired":true,"valueName":"search_term_string"}}],"inLanguage":"fr-FR"},{"@type":"Organization","@id":"https:\/\/www.coccigames.com\/#organization","name":"Coccigames","url":"https:\/\/www.coccigames.com\/","logo":{"@type":"ImageObject","inLanguage":"fr-FR","@id":"https:\/\/www.coccigames.com\/#\/schema\/logo\/image\/","url":"https:\/\/www.coccigames.com\/wp-content\/uploads\/2025\/12\/coccigames_logo_v5.png","contentUrl":"https:\/\/www.coccigames.com\/wp-content\/uploads\/2025\/12\/coccigames_logo_v5.png","width":1768,"height":424,"caption":"Coccigames"},"image":{"@id":"https:\/\/www.coccigames.com\/#\/schema\/logo\/image\/"}}]}},"_links":{"self":[{"href":"https:\/\/www.coccigames.com\/index.php\/wp-json\/wp\/v2\/product\/13672","targetHints":{"allow":["GET"]}}],"collection":[{"href":"https:\/\/www.coccigames.com\/index.php\/wp-json\/wp\/v2\/product"}],"about":[{"href":"https:\/\/www.coccigames.com\/index.php\/wp-json\/wp\/v2\/types\/product"}],"replies":[{"embeddable":true,"href":"https:\/\/www.coccigames.com\/index.php\/wp-json\/wp\/v2\/comments?post=13672"}],"wp:featuredmedia":[{"embeddable":true,"href":"https:\/\/www.coccigames.com\/index.php\/wp-json\/wp\/v2\/media\/13673"}],"wp:attachment":[{"href":"https:\/\/www.coccigames.com\/index.php\/wp-json\/wp\/v2\/media?parent=13672"}],"wp:term":[{"taxonomy":"product_brand","embeddable":true,"href":"https:\/\/www.coccigames.com\/index.php\/wp-json\/wp\/v2\/product_brand?post=13672"},{"taxonomy":"product_cat","embeddable":true,"href":"https:\/\/www.coccigames.com\/index.php\/wp-json\/wp\/v2\/product_cat?post=13672"},{"taxonomy":"product_tag","embeddable":true,"href":"https:\/\/www.coccigames.com\/index.php\/wp-json\/wp\/v2\/product_tag?post=13672"}],"curies":[{"name":"wp","href":"https:\/\/api.w.org\/{rel}","templated":true}]}}