{"id":13669,"date":"2026-02-14T10:56:55","date_gmt":"2026-02-14T09:56:55","guid":{"rendered":"https:\/\/www.coccigames.com\/?post_type=product&#038;p=13669"},"modified":"2026-04-06T09:28:46","modified_gmt":"2026-04-06T07:28:46","slug":"bataillon-pillards-sorciers","status":"publish","type":"product","link":"https:\/\/www.coccigames.com\/index.php\/produit\/bataillon-pillards-sorciers\/","title":{"rendered":"Bataillon: Pillards Sorciers"},"content":{"rendered":"<p>Les Corsaires Aeldari sont une autre menace omnipr\u00e9sente autour du Maelstr\u00f6m, et les plus redoutables d\u2019entre eux sont sans conteste les Pillards Sorciers, men\u00e9s par le l\u00e9gendaire Prince Yriel d\u2019Iyanden. Yriel d\u00e9barque pour diriger sa flotte au combat avec une toute nouvelle figurine et une force pirate compos\u00e9e de nouvelles unit\u00e9s aeldari, dont le R\u00eaveur du N\u00e9ant nomm\u00e9 Kharseth, 10 \u00c9cumeurs C\u00e9lestes Corsaires \u00e9quip\u00e9s d\u2019\u00e9l\u00e9gants r\u00e9acteurs dorsaux ail\u00e9s, et d\u2019un Croc Stellaire qui peut \u00e9galement \u00eatre assembl\u00e9 en tant que Vyper. La bo\u00eete contient \u00e9galement 10 Corsaires Neantari, qui peuvent autrement \u00eatre assembl\u00e9s en tant que Corsaires Neanti aux r\u00f4les sp\u00e9cialis\u00e9s.<\/p>\n<p>Ce produit ne sera disponible que dans la limite des stocks, mais tous les nouveaux kits qu\u2019il contient seront disponibles individuellement \u00e0 une date ult\u00e9rieure.<\/p>\n","protected":false},"excerpt":{"rendered":"<p>Les Corsaires Aeldari sont une autre menace omnipr\u00e9sente autour du Maelstr\u00f6m, et les plus redoutables d\u2019entre eux sont sans conteste les Pillards Sorciers, men\u00e9s par le l\u00e9gendaire Prince Yriel d\u2019Iyanden. Yriel d\u00e9barque pour diriger sa flotte au combat avec une toute nouvelle figurine et une&hellip;<\/p>\n","protected":false},"featured_media":13670,"comment_status":"closed","ping_status":"closed","template":"","meta":[],"product_brand":[23],"product_cat":[309,16,277],"product_tag":[],"class_list":{"0":"post-13669","1":"product","2":"type-product","3":"status-publish","4":"has-post-thumbnail","6":"product_brand-games-workshop","7":"product_cat-aeldaris","8":"product_cat-warhammer-40000","9":"product_cat-xenos","11":"first","12":"instock","13":"sale","14":"featured","15":"taxable","16":"shipping-taxable","17":"purchasable","18":"product-type-simple"},"yoast_head":"<!-- This site is optimized with the Yoast SEO plugin v26.4 - https:\/\/yoast.com\/wordpress\/plugins\/seo\/ -->\n<title>Bataillon: Pillards Sorciers - Coccigames<\/title>\n<meta name=\"robots\" content=\"index, follow, max-snippet:-1, max-image-preview:large, max-video-preview:-1\" \/>\n<link rel=\"canonical\" href=\"https:\/\/www.coccigames.com\/index.php\/produit\/bataillon-pillards-sorciers\/\" \/>\n<meta property=\"og:locale\" content=\"fr_FR\" \/>\n<meta property=\"og:type\" content=\"article\" \/>\n<meta property=\"og:title\" content=\"Bataillon: Pillards Sorciers - Coccigames\" \/>\n<meta property=\"og:description\" content=\"Les Corsaires Aeldari sont une autre menace omnipr\u00e9sente autour du Maelstr\u00f6m, et les plus redoutables d\u2019entre eux sont sans conteste les Pillards Sorciers, men\u00e9s par le l\u00e9gendaire Prince Yriel d\u2019Iyanden. Yriel d\u00e9barque pour diriger sa flotte au combat avec une toute nouvelle figurine et une&hellip;\" \/>\n<meta property=\"og:url\" content=\"https:\/\/www.coccigames.com\/index.php\/produit\/bataillon-pillards-sorciers\/\" \/>\n<meta property=\"og:site_name\" content=\"Coccigames\" \/>\n<meta property=\"article:modified_time\" content=\"2026-04-06T07:28:46+00:00\" \/>\n<meta property=\"og:image\" content=\"https:\/\/www.coccigames.com\/wp-content\/uploads\/2026\/02\/sundaypreview-feb08-40k_06-aeldaricorsairsbattleforce-olzap2p8ah.jpg\" \/>\n\t<meta property=\"og:image:width\" content=\"1000\" \/>\n\t<meta property=\"og:image:height\" content=\"1061\" \/>\n\t<meta property=\"og:image:type\" content=\"image\/jpeg\" \/>\n<meta name=\"twitter:card\" content=\"summary_large_image\" \/>\n<meta name=\"twitter:label1\" content=\"Dur\u00e9e de lecture estim\u00e9e\" \/>\n\t<meta name=\"twitter:data1\" content=\"1 minute\" \/>\n<script type=\"application\/ld+json\" class=\"yoast-schema-graph\">{\"@context\":\"https:\/\/schema.org\",\"@graph\":[{\"@type\":\"WebPage\",\"@id\":\"https:\/\/www.coccigames.com\/index.php\/produit\/bataillon-pillards-sorciers\/\",\"url\":\"https:\/\/www.coccigames.com\/index.php\/produit\/bataillon-pillards-sorciers\/\",\"name\":\"Bataillon: Pillards Sorciers - Coccigames\",\"isPartOf\":{\"@id\":\"https:\/\/www.coccigames.com\/#website\"},\"primaryImageOfPage\":{\"@id\":\"https:\/\/www.coccigames.com\/index.php\/produit\/bataillon-pillards-sorciers\/#primaryimage\"},\"image\":{\"@id\":\"https:\/\/www.coccigames.com\/index.php\/produit\/bataillon-pillards-sorciers\/#primaryimage\"},\"thumbnailUrl\":\"https:\/\/www.coccigames.com\/wp-content\/uploads\/2026\/02\/sundaypreview-feb08-40k_06-aeldaricorsairsbattleforce-olzap2p8ah.jpg\",\"datePublished\":\"2026-02-14T09:56:55+00:00\",\"dateModified\":\"2026-04-06T07:28:46+00:00\",\"breadcrumb\":{\"@id\":\"https:\/\/www.coccigames.com\/index.php\/produit\/bataillon-pillards-sorciers\/#breadcrumb\"},\"inLanguage\":\"fr-FR\",\"potentialAction\":[{\"@type\":\"ReadAction\",\"target\":[\"https:\/\/www.coccigames.com\/index.php\/produit\/bataillon-pillards-sorciers\/\"]}]},{\"@type\":\"ImageObject\",\"inLanguage\":\"fr-FR\",\"@id\":\"https:\/\/www.coccigames.com\/index.php\/produit\/bataillon-pillards-sorciers\/#primaryimage\",\"url\":\"https:\/\/www.coccigames.com\/wp-content\/uploads\/2026\/02\/sundaypreview-feb08-40k_06-aeldaricorsairsbattleforce-olzap2p8ah.jpg\",\"contentUrl\":\"https:\/\/www.coccigames.com\/wp-content\/uploads\/2026\/02\/sundaypreview-feb08-40k_06-aeldaricorsairsbattleforce-olzap2p8ah.jpg\",\"width\":1000,\"height\":1061},{\"@type\":\"BreadcrumbList\",\"@id\":\"https:\/\/www.coccigames.com\/index.php\/produit\/bataillon-pillards-sorciers\/#breadcrumb\",\"itemListElement\":[{\"@type\":\"ListItem\",\"position\":1,\"name\":\"Accueil\",\"item\":\"https:\/\/www.coccigames.com\/\"},{\"@type\":\"ListItem\",\"position\":2,\"name\":\"Boutique\",\"item\":\"https:\/\/www.coccigames.com\/index.php\/boutique\/\"},{\"@type\":\"ListItem\",\"position\":3,\"name\":\"Bataillon: Pillards Sorciers\"}]},{\"@type\":\"WebSite\",\"@id\":\"https:\/\/www.coccigames.com\/#website\",\"url\":\"https:\/\/www.coccigames.com\/\",\"name\":\"Coccigames - Figurines et Peintures\",\"description\":\"Figurines et Peintures\",\"publisher\":{\"@id\":\"https:\/\/www.coccigames.com\/#organization\"},\"potentialAction\":[{\"@type\":\"SearchAction\",\"target\":{\"@type\":\"EntryPoint\",\"urlTemplate\":\"https:\/\/www.coccigames.com\/?s={search_term_string}\"},\"query-input\":{\"@type\":\"PropertyValueSpecification\",\"valueRequired\":true,\"valueName\":\"search_term_string\"}}],\"inLanguage\":\"fr-FR\"},{\"@type\":\"Organization\",\"@id\":\"https:\/\/www.coccigames.com\/#organization\",\"name\":\"Coccigames\",\"url\":\"https:\/\/www.coccigames.com\/\",\"logo\":{\"@type\":\"ImageObject\",\"inLanguage\":\"fr-FR\",\"@id\":\"https:\/\/www.coccigames.com\/#\/schema\/logo\/image\/\",\"url\":\"https:\/\/www.coccigames.com\/wp-content\/uploads\/2025\/12\/coccigames_logo_v5.png\",\"contentUrl\":\"https:\/\/www.coccigames.com\/wp-content\/uploads\/2025\/12\/coccigames_logo_v5.png\",\"width\":1768,\"height\":424,\"caption\":\"Coccigames\"},\"image\":{\"@id\":\"https:\/\/www.coccigames.com\/#\/schema\/logo\/image\/\"}}]}<\/script>\n<!-- \/ Yoast SEO plugin. -->","yoast_head_json":{"title":"Bataillon: Pillards Sorciers - Coccigames","robots":{"index":"index","follow":"follow","max-snippet":"max-snippet:-1","max-image-preview":"max-image-preview:large","max-video-preview":"max-video-preview:-1"},"canonical":"https:\/\/www.coccigames.com\/index.php\/produit\/bataillon-pillards-sorciers\/","og_locale":"fr_FR","og_type":"article","og_title":"Bataillon: Pillards Sorciers - Coccigames","og_description":"Les Corsaires Aeldari sont une autre menace omnipr\u00e9sente autour du Maelstr\u00f6m, et les plus redoutables d\u2019entre eux sont sans conteste les Pillards Sorciers, men\u00e9s par le l\u00e9gendaire Prince Yriel d\u2019Iyanden. Yriel d\u00e9barque pour diriger sa flotte au combat avec une toute nouvelle figurine et une&hellip;","og_url":"https:\/\/www.coccigames.com\/index.php\/produit\/bataillon-pillards-sorciers\/","og_site_name":"Coccigames","article_modified_time":"2026-04-06T07:28:46+00:00","og_image":[{"width":1000,"height":1061,"url":"https:\/\/www.coccigames.com\/wp-content\/uploads\/2026\/02\/sundaypreview-feb08-40k_06-aeldaricorsairsbattleforce-olzap2p8ah.jpg","type":"image\/jpeg"}],"twitter_card":"summary_large_image","twitter_misc":{"Dur\u00e9e de lecture estim\u00e9e":"1 minute"},"schema":{"@context":"https:\/\/schema.org","@graph":[{"@type":"WebPage","@id":"https:\/\/www.coccigames.com\/index.php\/produit\/bataillon-pillards-sorciers\/","url":"https:\/\/www.coccigames.com\/index.php\/produit\/bataillon-pillards-sorciers\/","name":"Bataillon: Pillards Sorciers - Coccigames","isPartOf":{"@id":"https:\/\/www.coccigames.com\/#website"},"primaryImageOfPage":{"@id":"https:\/\/www.coccigames.com\/index.php\/produit\/bataillon-pillards-sorciers\/#primaryimage"},"image":{"@id":"https:\/\/www.coccigames.com\/index.php\/produit\/bataillon-pillards-sorciers\/#primaryimage"},"thumbnailUrl":"https:\/\/www.coccigames.com\/wp-content\/uploads\/2026\/02\/sundaypreview-feb08-40k_06-aeldaricorsairsbattleforce-olzap2p8ah.jpg","datePublished":"2026-02-14T09:56:55+00:00","dateModified":"2026-04-06T07:28:46+00:00","breadcrumb":{"@id":"https:\/\/www.coccigames.com\/index.php\/produit\/bataillon-pillards-sorciers\/#breadcrumb"},"inLanguage":"fr-FR","potentialAction":[{"@type":"ReadAction","target":["https:\/\/www.coccigames.com\/index.php\/produit\/bataillon-pillards-sorciers\/"]}]},{"@type":"ImageObject","inLanguage":"fr-FR","@id":"https:\/\/www.coccigames.com\/index.php\/produit\/bataillon-pillards-sorciers\/#primaryimage","url":"https:\/\/www.coccigames.com\/wp-content\/uploads\/2026\/02\/sundaypreview-feb08-40k_06-aeldaricorsairsbattleforce-olzap2p8ah.jpg","contentUrl":"https:\/\/www.coccigames.com\/wp-content\/uploads\/2026\/02\/sundaypreview-feb08-40k_06-aeldaricorsairsbattleforce-olzap2p8ah.jpg","width":1000,"height":1061},{"@type":"BreadcrumbList","@id":"https:\/\/www.coccigames.com\/index.php\/produit\/bataillon-pillards-sorciers\/#breadcrumb","itemListElement":[{"@type":"ListItem","position":1,"name":"Accueil","item":"https:\/\/www.coccigames.com\/"},{"@type":"ListItem","position":2,"name":"Boutique","item":"https:\/\/www.coccigames.com\/index.php\/boutique\/"},{"@type":"ListItem","position":3,"name":"Bataillon: Pillards Sorciers"}]},{"@type":"WebSite","@id":"https:\/\/www.coccigames.com\/#website","url":"https:\/\/www.coccigames.com\/","name":"Coccigames - Figurines et Peintures","description":"Figurines et Peintures","publisher":{"@id":"https:\/\/www.coccigames.com\/#organization"},"potentialAction":[{"@type":"SearchAction","target":{"@type":"EntryPoint","urlTemplate":"https:\/\/www.coccigames.com\/?s={search_term_string}"},"query-input":{"@type":"PropertyValueSpecification","valueRequired":true,"valueName":"search_term_string"}}],"inLanguage":"fr-FR"},{"@type":"Organization","@id":"https:\/\/www.coccigames.com\/#organization","name":"Coccigames","url":"https:\/\/www.coccigames.com\/","logo":{"@type":"ImageObject","inLanguage":"fr-FR","@id":"https:\/\/www.coccigames.com\/#\/schema\/logo\/image\/","url":"https:\/\/www.coccigames.com\/wp-content\/uploads\/2025\/12\/coccigames_logo_v5.png","contentUrl":"https:\/\/www.coccigames.com\/wp-content\/uploads\/2025\/12\/coccigames_logo_v5.png","width":1768,"height":424,"caption":"Coccigames"},"image":{"@id":"https:\/\/www.coccigames.com\/#\/schema\/logo\/image\/"}}]}},"_links":{"self":[{"href":"https:\/\/www.coccigames.com\/index.php\/wp-json\/wp\/v2\/product\/13669","targetHints":{"allow":["GET"]}}],"collection":[{"href":"https:\/\/www.coccigames.com\/index.php\/wp-json\/wp\/v2\/product"}],"about":[{"href":"https:\/\/www.coccigames.com\/index.php\/wp-json\/wp\/v2\/types\/product"}],"replies":[{"embeddable":true,"href":"https:\/\/www.coccigames.com\/index.php\/wp-json\/wp\/v2\/comments?post=13669"}],"wp:featuredmedia":[{"embeddable":true,"href":"https:\/\/www.coccigames.com\/index.php\/wp-json\/wp\/v2\/media\/13670"}],"wp:attachment":[{"href":"https:\/\/www.coccigames.com\/index.php\/wp-json\/wp\/v2\/media?parent=13669"}],"wp:term":[{"taxonomy":"product_brand","embeddable":true,"href":"https:\/\/www.coccigames.com\/index.php\/wp-json\/wp\/v2\/product_brand?post=13669"},{"taxonomy":"product_cat","embeddable":true,"href":"https:\/\/www.coccigames.com\/index.php\/wp-json\/wp\/v2\/product_cat?post=13669"},{"taxonomy":"product_tag","embeddable":true,"href":"https:\/\/www.coccigames.com\/index.php\/wp-json\/wp\/v2\/product_tag?post=13669"}],"curies":[{"name":"wp","href":"https:\/\/api.w.org\/{rel}","templated":true}]}}