{"id":13667,"date":"2026-02-14T10:56:38","date_gmt":"2026-02-14T09:56:38","guid":{"rendered":"https:\/\/www.coccigames.com\/?post_type=product&#038;p=13667"},"modified":"2026-04-06T09:28:46","modified_gmt":"2026-04-06T07:28:46","slug":"bataillon-du-maelstrom-ligues-de-votann","status":"publish","type":"product","link":"https:\/\/www.coccigames.com\/index.php\/produit\/bataillon-du-maelstrom-ligues-de-votann\/","title":{"rendered":"Bataillon du Maelstr\u00f6m: Ligues de Votann"},"content":{"rendered":"<p>En raison de la proximit\u00e9 du Maelstr\u00f6m avec le noyau galactique, les Bandes Asserment\u00e9es des Ligues de Votann ne sont jamais bien loin, et leurs flottes lourdement prot\u00e9g\u00e9es arpentent continuellement ce repaire de malandrins et de pillards pour poursuivre leur honn\u00eate entreprise d\u2019exploration et de commerce \u2013 bien que leur r\u00e9assignement juste et raisonnable de ressources puisse passer pour de la piraterie pleine et enti\u00e8re aux yeux de factions moins pragmatiques.<\/p>\n<p>Cette nouvelle bo\u00eete de Bataillon pr\u00e9sente une force r\u00e9duite mais puissante de robustes Cognats et Cognats de Fer travaillant main dans la main pour d\u00e9fendre leurs plus pr\u00e9cieux gisements. Elle contient\u00a0:<\/p>\n<p>&nbsp;<\/p>\n<ul>\n<li>Un Strat\u00e8ge Memnyr<\/li>\n<li>3\u00a0Pionniers Hernkogs<\/li>\n<li>6\u00a0Chaudronniers Cognats de Fer, arm\u00e9s de d\u00e9sint\u00e9grateurs volkanites lourds ou d\u2019\u00e9p\u00e9es \u00e0 plasma et de bolters mod\u00e8le Autoch<\/li>\n<\/ul>\n<p>&nbsp;<\/p>\n<p>Ce produit n\u2019est disponible que dans la limite des stocks et se compose de kits existants \u00e9galement disponibles s\u00e9par\u00e9ment.<\/p>\n","protected":false},"excerpt":{"rendered":"<p>En raison de la proximit\u00e9 du Maelstr\u00f6m avec le noyau galactique, les Bandes Asserment\u00e9es des Ligues de Votann ne sont jamais bien loin, et leurs flottes lourdement prot\u00e9g\u00e9es arpentent continuellement ce repaire de malandrins et de pillards pour poursuivre leur honn\u00eate entreprise d\u2019exploration et de&hellip;<\/p>\n","protected":false},"featured_media":13668,"comment_status":"closed","ping_status":"closed","template":"","meta":[],"product_brand":[23],"product_cat":[310,16,277],"product_tag":[],"class_list":{"0":"post-13667","1":"product","2":"type-product","3":"status-publish","4":"has-post-thumbnail","6":"product_brand-games-workshop","7":"product_cat-leagues-of-votann","8":"product_cat-warhammer-40000","9":"product_cat-xenos","11":"first","12":"instock","13":"sale","14":"featured","15":"taxable","16":"shipping-taxable","17":"purchasable","18":"product-type-simple"},"yoast_head":"<!-- This site is optimized with the Yoast SEO plugin v26.4 - https:\/\/yoast.com\/wordpress\/plugins\/seo\/ -->\n<title>Bataillon du Maelstr\u00f6m: Ligues de Votann - Coccigames<\/title>\n<meta name=\"robots\" content=\"index, follow, max-snippet:-1, max-image-preview:large, max-video-preview:-1\" \/>\n<link rel=\"canonical\" href=\"https:\/\/www.coccigames.com\/index.php\/produit\/bataillon-du-maelstrom-ligues-de-votann\/\" \/>\n<meta property=\"og:locale\" content=\"fr_FR\" \/>\n<meta property=\"og:type\" content=\"article\" \/>\n<meta property=\"og:title\" content=\"Bataillon du Maelstr\u00f6m: Ligues de Votann - Coccigames\" \/>\n<meta property=\"og:description\" content=\"En raison de la proximit\u00e9 du Maelstr\u00f6m avec le noyau galactique, les Bandes Asserment\u00e9es des Ligues de Votann ne sont jamais bien loin, et leurs flottes lourdement prot\u00e9g\u00e9es arpentent continuellement ce repaire de malandrins et de pillards pour poursuivre leur honn\u00eate entreprise d\u2019exploration et de&hellip;\" \/>\n<meta property=\"og:url\" content=\"https:\/\/www.coccigames.com\/index.php\/produit\/bataillon-du-maelstrom-ligues-de-votann\/\" \/>\n<meta property=\"og:site_name\" content=\"Coccigames\" \/>\n<meta property=\"article:modified_time\" content=\"2026-04-06T07:28:46+00:00\" \/>\n<meta property=\"og:image\" content=\"https:\/\/www.coccigames.com\/wp-content\/uploads\/2026\/02\/sundaypreview-feb08-40k_07-votannbattalion-ag9xfi6cs8.jpg\" \/>\n\t<meta property=\"og:image:width\" content=\"1000\" \/>\n\t<meta property=\"og:image:height\" content=\"1061\" \/>\n\t<meta property=\"og:image:type\" content=\"image\/jpeg\" \/>\n<meta name=\"twitter:card\" content=\"summary_large_image\" \/>\n<meta name=\"twitter:label1\" content=\"Dur\u00e9e de lecture estim\u00e9e\" \/>\n\t<meta name=\"twitter:data1\" content=\"1 minute\" \/>\n<script type=\"application\/ld+json\" class=\"yoast-schema-graph\">{\"@context\":\"https:\/\/schema.org\",\"@graph\":[{\"@type\":\"WebPage\",\"@id\":\"https:\/\/www.coccigames.com\/index.php\/produit\/bataillon-du-maelstrom-ligues-de-votann\/\",\"url\":\"https:\/\/www.coccigames.com\/index.php\/produit\/bataillon-du-maelstrom-ligues-de-votann\/\",\"name\":\"Bataillon du Maelstr\u00f6m: Ligues de Votann - Coccigames\",\"isPartOf\":{\"@id\":\"https:\/\/www.coccigames.com\/#website\"},\"primaryImageOfPage\":{\"@id\":\"https:\/\/www.coccigames.com\/index.php\/produit\/bataillon-du-maelstrom-ligues-de-votann\/#primaryimage\"},\"image\":{\"@id\":\"https:\/\/www.coccigames.com\/index.php\/produit\/bataillon-du-maelstrom-ligues-de-votann\/#primaryimage\"},\"thumbnailUrl\":\"https:\/\/www.coccigames.com\/wp-content\/uploads\/2026\/02\/sundaypreview-feb08-40k_07-votannbattalion-ag9xfi6cs8.jpg\",\"datePublished\":\"2026-02-14T09:56:38+00:00\",\"dateModified\":\"2026-04-06T07:28:46+00:00\",\"breadcrumb\":{\"@id\":\"https:\/\/www.coccigames.com\/index.php\/produit\/bataillon-du-maelstrom-ligues-de-votann\/#breadcrumb\"},\"inLanguage\":\"fr-FR\",\"potentialAction\":[{\"@type\":\"ReadAction\",\"target\":[\"https:\/\/www.coccigames.com\/index.php\/produit\/bataillon-du-maelstrom-ligues-de-votann\/\"]}]},{\"@type\":\"ImageObject\",\"inLanguage\":\"fr-FR\",\"@id\":\"https:\/\/www.coccigames.com\/index.php\/produit\/bataillon-du-maelstrom-ligues-de-votann\/#primaryimage\",\"url\":\"https:\/\/www.coccigames.com\/wp-content\/uploads\/2026\/02\/sundaypreview-feb08-40k_07-votannbattalion-ag9xfi6cs8.jpg\",\"contentUrl\":\"https:\/\/www.coccigames.com\/wp-content\/uploads\/2026\/02\/sundaypreview-feb08-40k_07-votannbattalion-ag9xfi6cs8.jpg\",\"width\":1000,\"height\":1061},{\"@type\":\"BreadcrumbList\",\"@id\":\"https:\/\/www.coccigames.com\/index.php\/produit\/bataillon-du-maelstrom-ligues-de-votann\/#breadcrumb\",\"itemListElement\":[{\"@type\":\"ListItem\",\"position\":1,\"name\":\"Accueil\",\"item\":\"https:\/\/www.coccigames.com\/\"},{\"@type\":\"ListItem\",\"position\":2,\"name\":\"Boutique\",\"item\":\"https:\/\/www.coccigames.com\/index.php\/boutique\/\"},{\"@type\":\"ListItem\",\"position\":3,\"name\":\"Bataillon du Maelstr\u00f6m: Ligues de Votann\"}]},{\"@type\":\"WebSite\",\"@id\":\"https:\/\/www.coccigames.com\/#website\",\"url\":\"https:\/\/www.coccigames.com\/\",\"name\":\"Coccigames - Figurines et Peintures\",\"description\":\"Figurines et Peintures\",\"publisher\":{\"@id\":\"https:\/\/www.coccigames.com\/#organization\"},\"potentialAction\":[{\"@type\":\"SearchAction\",\"target\":{\"@type\":\"EntryPoint\",\"urlTemplate\":\"https:\/\/www.coccigames.com\/?s={search_term_string}\"},\"query-input\":{\"@type\":\"PropertyValueSpecification\",\"valueRequired\":true,\"valueName\":\"search_term_string\"}}],\"inLanguage\":\"fr-FR\"},{\"@type\":\"Organization\",\"@id\":\"https:\/\/www.coccigames.com\/#organization\",\"name\":\"Coccigames\",\"url\":\"https:\/\/www.coccigames.com\/\",\"logo\":{\"@type\":\"ImageObject\",\"inLanguage\":\"fr-FR\",\"@id\":\"https:\/\/www.coccigames.com\/#\/schema\/logo\/image\/\",\"url\":\"https:\/\/www.coccigames.com\/wp-content\/uploads\/2025\/12\/coccigames_logo_v5.png\",\"contentUrl\":\"https:\/\/www.coccigames.com\/wp-content\/uploads\/2025\/12\/coccigames_logo_v5.png\",\"width\":1768,\"height\":424,\"caption\":\"Coccigames\"},\"image\":{\"@id\":\"https:\/\/www.coccigames.com\/#\/schema\/logo\/image\/\"}}]}<\/script>\n<!-- \/ Yoast SEO plugin. -->","yoast_head_json":{"title":"Bataillon du Maelstr\u00f6m: Ligues de Votann - Coccigames","robots":{"index":"index","follow":"follow","max-snippet":"max-snippet:-1","max-image-preview":"max-image-preview:large","max-video-preview":"max-video-preview:-1"},"canonical":"https:\/\/www.coccigames.com\/index.php\/produit\/bataillon-du-maelstrom-ligues-de-votann\/","og_locale":"fr_FR","og_type":"article","og_title":"Bataillon du Maelstr\u00f6m: Ligues de Votann - Coccigames","og_description":"En raison de la proximit\u00e9 du Maelstr\u00f6m avec le noyau galactique, les Bandes Asserment\u00e9es des Ligues de Votann ne sont jamais bien loin, et leurs flottes lourdement prot\u00e9g\u00e9es arpentent continuellement ce repaire de malandrins et de pillards pour poursuivre leur honn\u00eate entreprise d\u2019exploration et de&hellip;","og_url":"https:\/\/www.coccigames.com\/index.php\/produit\/bataillon-du-maelstrom-ligues-de-votann\/","og_site_name":"Coccigames","article_modified_time":"2026-04-06T07:28:46+00:00","og_image":[{"width":1000,"height":1061,"url":"https:\/\/www.coccigames.com\/wp-content\/uploads\/2026\/02\/sundaypreview-feb08-40k_07-votannbattalion-ag9xfi6cs8.jpg","type":"image\/jpeg"}],"twitter_card":"summary_large_image","twitter_misc":{"Dur\u00e9e de lecture estim\u00e9e":"1 minute"},"schema":{"@context":"https:\/\/schema.org","@graph":[{"@type":"WebPage","@id":"https:\/\/www.coccigames.com\/index.php\/produit\/bataillon-du-maelstrom-ligues-de-votann\/","url":"https:\/\/www.coccigames.com\/index.php\/produit\/bataillon-du-maelstrom-ligues-de-votann\/","name":"Bataillon du Maelstr\u00f6m: Ligues de Votann - Coccigames","isPartOf":{"@id":"https:\/\/www.coccigames.com\/#website"},"primaryImageOfPage":{"@id":"https:\/\/www.coccigames.com\/index.php\/produit\/bataillon-du-maelstrom-ligues-de-votann\/#primaryimage"},"image":{"@id":"https:\/\/www.coccigames.com\/index.php\/produit\/bataillon-du-maelstrom-ligues-de-votann\/#primaryimage"},"thumbnailUrl":"https:\/\/www.coccigames.com\/wp-content\/uploads\/2026\/02\/sundaypreview-feb08-40k_07-votannbattalion-ag9xfi6cs8.jpg","datePublished":"2026-02-14T09:56:38+00:00","dateModified":"2026-04-06T07:28:46+00:00","breadcrumb":{"@id":"https:\/\/www.coccigames.com\/index.php\/produit\/bataillon-du-maelstrom-ligues-de-votann\/#breadcrumb"},"inLanguage":"fr-FR","potentialAction":[{"@type":"ReadAction","target":["https:\/\/www.coccigames.com\/index.php\/produit\/bataillon-du-maelstrom-ligues-de-votann\/"]}]},{"@type":"ImageObject","inLanguage":"fr-FR","@id":"https:\/\/www.coccigames.com\/index.php\/produit\/bataillon-du-maelstrom-ligues-de-votann\/#primaryimage","url":"https:\/\/www.coccigames.com\/wp-content\/uploads\/2026\/02\/sundaypreview-feb08-40k_07-votannbattalion-ag9xfi6cs8.jpg","contentUrl":"https:\/\/www.coccigames.com\/wp-content\/uploads\/2026\/02\/sundaypreview-feb08-40k_07-votannbattalion-ag9xfi6cs8.jpg","width":1000,"height":1061},{"@type":"BreadcrumbList","@id":"https:\/\/www.coccigames.com\/index.php\/produit\/bataillon-du-maelstrom-ligues-de-votann\/#breadcrumb","itemListElement":[{"@type":"ListItem","position":1,"name":"Accueil","item":"https:\/\/www.coccigames.com\/"},{"@type":"ListItem","position":2,"name":"Boutique","item":"https:\/\/www.coccigames.com\/index.php\/boutique\/"},{"@type":"ListItem","position":3,"name":"Bataillon du Maelstr\u00f6m: Ligues de Votann"}]},{"@type":"WebSite","@id":"https:\/\/www.coccigames.com\/#website","url":"https:\/\/www.coccigames.com\/","name":"Coccigames - Figurines et Peintures","description":"Figurines et Peintures","publisher":{"@id":"https:\/\/www.coccigames.com\/#organization"},"potentialAction":[{"@type":"SearchAction","target":{"@type":"EntryPoint","urlTemplate":"https:\/\/www.coccigames.com\/?s={search_term_string}"},"query-input":{"@type":"PropertyValueSpecification","valueRequired":true,"valueName":"search_term_string"}}],"inLanguage":"fr-FR"},{"@type":"Organization","@id":"https:\/\/www.coccigames.com\/#organization","name":"Coccigames","url":"https:\/\/www.coccigames.com\/","logo":{"@type":"ImageObject","inLanguage":"fr-FR","@id":"https:\/\/www.coccigames.com\/#\/schema\/logo\/image\/","url":"https:\/\/www.coccigames.com\/wp-content\/uploads\/2025\/12\/coccigames_logo_v5.png","contentUrl":"https:\/\/www.coccigames.com\/wp-content\/uploads\/2025\/12\/coccigames_logo_v5.png","width":1768,"height":424,"caption":"Coccigames"},"image":{"@id":"https:\/\/www.coccigames.com\/#\/schema\/logo\/image\/"}}]}},"_links":{"self":[{"href":"https:\/\/www.coccigames.com\/index.php\/wp-json\/wp\/v2\/product\/13667","targetHints":{"allow":["GET"]}}],"collection":[{"href":"https:\/\/www.coccigames.com\/index.php\/wp-json\/wp\/v2\/product"}],"about":[{"href":"https:\/\/www.coccigames.com\/index.php\/wp-json\/wp\/v2\/types\/product"}],"replies":[{"embeddable":true,"href":"https:\/\/www.coccigames.com\/index.php\/wp-json\/wp\/v2\/comments?post=13667"}],"wp:featuredmedia":[{"embeddable":true,"href":"https:\/\/www.coccigames.com\/index.php\/wp-json\/wp\/v2\/media\/13668"}],"wp:attachment":[{"href":"https:\/\/www.coccigames.com\/index.php\/wp-json\/wp\/v2\/media?parent=13667"}],"wp:term":[{"taxonomy":"product_brand","embeddable":true,"href":"https:\/\/www.coccigames.com\/index.php\/wp-json\/wp\/v2\/product_brand?post=13667"},{"taxonomy":"product_cat","embeddable":true,"href":"https:\/\/www.coccigames.com\/index.php\/wp-json\/wp\/v2\/product_cat?post=13667"},{"taxonomy":"product_tag","embeddable":true,"href":"https:\/\/www.coccigames.com\/index.php\/wp-json\/wp\/v2\/product_tag?post=13667"}],"curies":[{"name":"wp","href":"https:\/\/api.w.org\/{rel}","templated":true}]}}