{"id":13663,"date":"2026-02-12T11:20:03","date_gmt":"2026-02-12T10:20:03","guid":{"rendered":"https:\/\/www.coccigames.com\/?post_type=product&#038;p=13663"},"modified":"2026-04-06T09:28:46","modified_gmt":"2026-04-06T07:28:46","slug":"bataillon-du-maelstrom-drukhari","status":"publish","type":"product","link":"https:\/\/www.coccigames.com\/index.php\/produit\/bataillon-du-maelstrom-drukhari\/","title":{"rendered":"Bataillon du Maelstr\u00f6m: Drukhari"},"content":{"rendered":"<p>Les flottes de pillage venues de la Cit\u00e9 Cr\u00e9pusculaire de Commorragh s\u00e9vissent aux quatre coins de la galaxie, mais le Maelstr\u00f6m s\u2019av\u00e8re \u00eatre un terrain particuli\u00e8rement fertile pour leurs grotesques campagnes. Cette nouvelle bo\u00eete de Bataillon pour les Drukhari rassemble plusieurs unit\u00e9s tr\u00e8s efficaces en une arm\u00e9e \u00e0 th\u00e8me taill\u00e9e pour les raids pirates. Elle contient\u00a0:<\/p>\n<p>&nbsp;<\/p>\n<ul>\n<li>Un chef de guerre Succube<\/li>\n<li>2\u00a0Venoms<\/li>\n<li>3\u00a0\u00c9cumeurs<\/li>\n<li>5\u00a0Hellions<\/li>\n<li>10\u00a0C\u00e9rastes<\/li>\n<\/ul>\n<p>Ces figurines sont parfaites pour d\u00e9marrer une nouvelle arm\u00e9e sur le th\u00e8me d\u2019un Culte C\u00e9raste, ou pour ajouter une collection d\u2019unit\u00e9s tir\u00e9es des fosses de gladiateurs \u00e0 votre force existante. Ce produit n\u2019est disponible que dans la limite des stocks et se compose de kits existants, \u00e9galement disponibles s\u00e9par\u00e9ment.<\/p>\n","protected":false},"excerpt":{"rendered":"<p>Les flottes de pillage venues de la Cit\u00e9 Cr\u00e9pusculaire de Commorragh s\u00e9vissent aux quatre coins de la galaxie, mais le Maelstr\u00f6m s\u2019av\u00e8re \u00eatre un terrain particuli\u00e8rement fertile pour leurs grotesques campagnes. Cette nouvelle bo\u00eete de Bataillon pour les Drukhari rassemble plusieurs unit\u00e9s tr\u00e8s efficaces en&hellip;<\/p>\n","protected":false},"featured_media":13664,"comment_status":"closed","ping_status":"closed","template":"","meta":[],"product_brand":[23],"product_cat":[449,16,277],"product_tag":[],"class_list":{"0":"post-13663","1":"product","2":"type-product","3":"status-publish","4":"has-post-thumbnail","6":"product_brand-games-workshop","7":"product_cat-drukhari","8":"product_cat-warhammer-40000","9":"product_cat-xenos","11":"first","12":"outofstock","13":"sale","14":"featured","15":"taxable","16":"shipping-taxable","17":"purchasable","18":"product-type-simple"},"yoast_head":"<!-- This site is optimized with the Yoast SEO plugin v26.4 - https:\/\/yoast.com\/wordpress\/plugins\/seo\/ -->\n<title>Bataillon du Maelstr\u00f6m: Drukhari - Coccigames<\/title>\n<meta name=\"robots\" content=\"index, follow, max-snippet:-1, max-image-preview:large, max-video-preview:-1\" \/>\n<link rel=\"canonical\" href=\"https:\/\/www.coccigames.com\/index.php\/produit\/bataillon-du-maelstrom-drukhari\/\" \/>\n<meta property=\"og:locale\" content=\"fr_FR\" \/>\n<meta property=\"og:type\" content=\"article\" \/>\n<meta property=\"og:title\" content=\"Bataillon du Maelstr\u00f6m: Drukhari - Coccigames\" \/>\n<meta property=\"og:description\" content=\"Les flottes de pillage venues de la Cit\u00e9 Cr\u00e9pusculaire de Commorragh s\u00e9vissent aux quatre coins de la galaxie, mais le Maelstr\u00f6m s\u2019av\u00e8re \u00eatre un terrain particuli\u00e8rement fertile pour leurs grotesques campagnes. Cette nouvelle bo\u00eete de Bataillon pour les Drukhari rassemble plusieurs unit\u00e9s tr\u00e8s efficaces en&hellip;\" \/>\n<meta property=\"og:url\" content=\"https:\/\/www.coccigames.com\/index.php\/produit\/bataillon-du-maelstrom-drukhari\/\" \/>\n<meta property=\"og:site_name\" content=\"Coccigames\" \/>\n<meta property=\"article:modified_time\" content=\"2026-04-06T07:28:46+00:00\" \/>\n<meta property=\"og:image\" content=\"https:\/\/www.coccigames.com\/wp-content\/uploads\/2026\/02\/sundaypreview-feb08-40k_07-drukharibattalion-tkoyozpppd.jpg\" \/>\n\t<meta property=\"og:image:width\" content=\"1000\" \/>\n\t<meta property=\"og:image:height\" content=\"1061\" \/>\n\t<meta property=\"og:image:type\" content=\"image\/jpeg\" \/>\n<meta name=\"twitter:card\" content=\"summary_large_image\" \/>\n<meta name=\"twitter:label1\" content=\"Dur\u00e9e de lecture estim\u00e9e\" \/>\n\t<meta name=\"twitter:data1\" content=\"1 minute\" \/>\n<script type=\"application\/ld+json\" class=\"yoast-schema-graph\">{\"@context\":\"https:\/\/schema.org\",\"@graph\":[{\"@type\":\"WebPage\",\"@id\":\"https:\/\/www.coccigames.com\/index.php\/produit\/bataillon-du-maelstrom-drukhari\/\",\"url\":\"https:\/\/www.coccigames.com\/index.php\/produit\/bataillon-du-maelstrom-drukhari\/\",\"name\":\"Bataillon du Maelstr\u00f6m: Drukhari - Coccigames\",\"isPartOf\":{\"@id\":\"https:\/\/www.coccigames.com\/#website\"},\"primaryImageOfPage\":{\"@id\":\"https:\/\/www.coccigames.com\/index.php\/produit\/bataillon-du-maelstrom-drukhari\/#primaryimage\"},\"image\":{\"@id\":\"https:\/\/www.coccigames.com\/index.php\/produit\/bataillon-du-maelstrom-drukhari\/#primaryimage\"},\"thumbnailUrl\":\"https:\/\/www.coccigames.com\/wp-content\/uploads\/2026\/02\/sundaypreview-feb08-40k_07-drukharibattalion-tkoyozpppd.jpg\",\"datePublished\":\"2026-02-12T10:20:03+00:00\",\"dateModified\":\"2026-04-06T07:28:46+00:00\",\"breadcrumb\":{\"@id\":\"https:\/\/www.coccigames.com\/index.php\/produit\/bataillon-du-maelstrom-drukhari\/#breadcrumb\"},\"inLanguage\":\"fr-FR\",\"potentialAction\":[{\"@type\":\"ReadAction\",\"target\":[\"https:\/\/www.coccigames.com\/index.php\/produit\/bataillon-du-maelstrom-drukhari\/\"]}]},{\"@type\":\"ImageObject\",\"inLanguage\":\"fr-FR\",\"@id\":\"https:\/\/www.coccigames.com\/index.php\/produit\/bataillon-du-maelstrom-drukhari\/#primaryimage\",\"url\":\"https:\/\/www.coccigames.com\/wp-content\/uploads\/2026\/02\/sundaypreview-feb08-40k_07-drukharibattalion-tkoyozpppd.jpg\",\"contentUrl\":\"https:\/\/www.coccigames.com\/wp-content\/uploads\/2026\/02\/sundaypreview-feb08-40k_07-drukharibattalion-tkoyozpppd.jpg\",\"width\":1000,\"height\":1061},{\"@type\":\"BreadcrumbList\",\"@id\":\"https:\/\/www.coccigames.com\/index.php\/produit\/bataillon-du-maelstrom-drukhari\/#breadcrumb\",\"itemListElement\":[{\"@type\":\"ListItem\",\"position\":1,\"name\":\"Accueil\",\"item\":\"https:\/\/www.coccigames.com\/\"},{\"@type\":\"ListItem\",\"position\":2,\"name\":\"Boutique\",\"item\":\"https:\/\/www.coccigames.com\/index.php\/boutique\/\"},{\"@type\":\"ListItem\",\"position\":3,\"name\":\"Bataillon du Maelstr\u00f6m: Drukhari\"}]},{\"@type\":\"WebSite\",\"@id\":\"https:\/\/www.coccigames.com\/#website\",\"url\":\"https:\/\/www.coccigames.com\/\",\"name\":\"Coccigames - Figurines et Peintures\",\"description\":\"Figurines et Peintures\",\"publisher\":{\"@id\":\"https:\/\/www.coccigames.com\/#organization\"},\"potentialAction\":[{\"@type\":\"SearchAction\",\"target\":{\"@type\":\"EntryPoint\",\"urlTemplate\":\"https:\/\/www.coccigames.com\/?s={search_term_string}\"},\"query-input\":{\"@type\":\"PropertyValueSpecification\",\"valueRequired\":true,\"valueName\":\"search_term_string\"}}],\"inLanguage\":\"fr-FR\"},{\"@type\":\"Organization\",\"@id\":\"https:\/\/www.coccigames.com\/#organization\",\"name\":\"Coccigames\",\"url\":\"https:\/\/www.coccigames.com\/\",\"logo\":{\"@type\":\"ImageObject\",\"inLanguage\":\"fr-FR\",\"@id\":\"https:\/\/www.coccigames.com\/#\/schema\/logo\/image\/\",\"url\":\"https:\/\/www.coccigames.com\/wp-content\/uploads\/2025\/12\/coccigames_logo_v5.png\",\"contentUrl\":\"https:\/\/www.coccigames.com\/wp-content\/uploads\/2025\/12\/coccigames_logo_v5.png\",\"width\":1768,\"height\":424,\"caption\":\"Coccigames\"},\"image\":{\"@id\":\"https:\/\/www.coccigames.com\/#\/schema\/logo\/image\/\"}}]}<\/script>\n<!-- \/ Yoast SEO plugin. -->","yoast_head_json":{"title":"Bataillon du Maelstr\u00f6m: Drukhari - Coccigames","robots":{"index":"index","follow":"follow","max-snippet":"max-snippet:-1","max-image-preview":"max-image-preview:large","max-video-preview":"max-video-preview:-1"},"canonical":"https:\/\/www.coccigames.com\/index.php\/produit\/bataillon-du-maelstrom-drukhari\/","og_locale":"fr_FR","og_type":"article","og_title":"Bataillon du Maelstr\u00f6m: Drukhari - Coccigames","og_description":"Les flottes de pillage venues de la Cit\u00e9 Cr\u00e9pusculaire de Commorragh s\u00e9vissent aux quatre coins de la galaxie, mais le Maelstr\u00f6m s\u2019av\u00e8re \u00eatre un terrain particuli\u00e8rement fertile pour leurs grotesques campagnes. Cette nouvelle bo\u00eete de Bataillon pour les Drukhari rassemble plusieurs unit\u00e9s tr\u00e8s efficaces en&hellip;","og_url":"https:\/\/www.coccigames.com\/index.php\/produit\/bataillon-du-maelstrom-drukhari\/","og_site_name":"Coccigames","article_modified_time":"2026-04-06T07:28:46+00:00","og_image":[{"width":1000,"height":1061,"url":"https:\/\/www.coccigames.com\/wp-content\/uploads\/2026\/02\/sundaypreview-feb08-40k_07-drukharibattalion-tkoyozpppd.jpg","type":"image\/jpeg"}],"twitter_card":"summary_large_image","twitter_misc":{"Dur\u00e9e de lecture estim\u00e9e":"1 minute"},"schema":{"@context":"https:\/\/schema.org","@graph":[{"@type":"WebPage","@id":"https:\/\/www.coccigames.com\/index.php\/produit\/bataillon-du-maelstrom-drukhari\/","url":"https:\/\/www.coccigames.com\/index.php\/produit\/bataillon-du-maelstrom-drukhari\/","name":"Bataillon du Maelstr\u00f6m: Drukhari - Coccigames","isPartOf":{"@id":"https:\/\/www.coccigames.com\/#website"},"primaryImageOfPage":{"@id":"https:\/\/www.coccigames.com\/index.php\/produit\/bataillon-du-maelstrom-drukhari\/#primaryimage"},"image":{"@id":"https:\/\/www.coccigames.com\/index.php\/produit\/bataillon-du-maelstrom-drukhari\/#primaryimage"},"thumbnailUrl":"https:\/\/www.coccigames.com\/wp-content\/uploads\/2026\/02\/sundaypreview-feb08-40k_07-drukharibattalion-tkoyozpppd.jpg","datePublished":"2026-02-12T10:20:03+00:00","dateModified":"2026-04-06T07:28:46+00:00","breadcrumb":{"@id":"https:\/\/www.coccigames.com\/index.php\/produit\/bataillon-du-maelstrom-drukhari\/#breadcrumb"},"inLanguage":"fr-FR","potentialAction":[{"@type":"ReadAction","target":["https:\/\/www.coccigames.com\/index.php\/produit\/bataillon-du-maelstrom-drukhari\/"]}]},{"@type":"ImageObject","inLanguage":"fr-FR","@id":"https:\/\/www.coccigames.com\/index.php\/produit\/bataillon-du-maelstrom-drukhari\/#primaryimage","url":"https:\/\/www.coccigames.com\/wp-content\/uploads\/2026\/02\/sundaypreview-feb08-40k_07-drukharibattalion-tkoyozpppd.jpg","contentUrl":"https:\/\/www.coccigames.com\/wp-content\/uploads\/2026\/02\/sundaypreview-feb08-40k_07-drukharibattalion-tkoyozpppd.jpg","width":1000,"height":1061},{"@type":"BreadcrumbList","@id":"https:\/\/www.coccigames.com\/index.php\/produit\/bataillon-du-maelstrom-drukhari\/#breadcrumb","itemListElement":[{"@type":"ListItem","position":1,"name":"Accueil","item":"https:\/\/www.coccigames.com\/"},{"@type":"ListItem","position":2,"name":"Boutique","item":"https:\/\/www.coccigames.com\/index.php\/boutique\/"},{"@type":"ListItem","position":3,"name":"Bataillon du Maelstr\u00f6m: Drukhari"}]},{"@type":"WebSite","@id":"https:\/\/www.coccigames.com\/#website","url":"https:\/\/www.coccigames.com\/","name":"Coccigames - Figurines et Peintures","description":"Figurines et Peintures","publisher":{"@id":"https:\/\/www.coccigames.com\/#organization"},"potentialAction":[{"@type":"SearchAction","target":{"@type":"EntryPoint","urlTemplate":"https:\/\/www.coccigames.com\/?s={search_term_string}"},"query-input":{"@type":"PropertyValueSpecification","valueRequired":true,"valueName":"search_term_string"}}],"inLanguage":"fr-FR"},{"@type":"Organization","@id":"https:\/\/www.coccigames.com\/#organization","name":"Coccigames","url":"https:\/\/www.coccigames.com\/","logo":{"@type":"ImageObject","inLanguage":"fr-FR","@id":"https:\/\/www.coccigames.com\/#\/schema\/logo\/image\/","url":"https:\/\/www.coccigames.com\/wp-content\/uploads\/2025\/12\/coccigames_logo_v5.png","contentUrl":"https:\/\/www.coccigames.com\/wp-content\/uploads\/2025\/12\/coccigames_logo_v5.png","width":1768,"height":424,"caption":"Coccigames"},"image":{"@id":"https:\/\/www.coccigames.com\/#\/schema\/logo\/image\/"}}]}},"_links":{"self":[{"href":"https:\/\/www.coccigames.com\/index.php\/wp-json\/wp\/v2\/product\/13663","targetHints":{"allow":["GET"]}}],"collection":[{"href":"https:\/\/www.coccigames.com\/index.php\/wp-json\/wp\/v2\/product"}],"about":[{"href":"https:\/\/www.coccigames.com\/index.php\/wp-json\/wp\/v2\/types\/product"}],"replies":[{"embeddable":true,"href":"https:\/\/www.coccigames.com\/index.php\/wp-json\/wp\/v2\/comments?post=13663"}],"wp:featuredmedia":[{"embeddable":true,"href":"https:\/\/www.coccigames.com\/index.php\/wp-json\/wp\/v2\/media\/13664"}],"wp:attachment":[{"href":"https:\/\/www.coccigames.com\/index.php\/wp-json\/wp\/v2\/media?parent=13663"}],"wp:term":[{"taxonomy":"product_brand","embeddable":true,"href":"https:\/\/www.coccigames.com\/index.php\/wp-json\/wp\/v2\/product_brand?post=13663"},{"taxonomy":"product_cat","embeddable":true,"href":"https:\/\/www.coccigames.com\/index.php\/wp-json\/wp\/v2\/product_cat?post=13663"},{"taxonomy":"product_tag","embeddable":true,"href":"https:\/\/www.coccigames.com\/index.php\/wp-json\/wp\/v2\/product_tag?post=13663"}],"curies":[{"name":"wp","href":"https:\/\/api.w.org\/{rel}","templated":true}]}}