{"id":13661,"date":"2026-02-12T11:16:30","date_gmt":"2026-02-12T10:16:30","guid":{"rendered":"https:\/\/www.coccigames.com\/?post_type=product&#038;p=13661"},"modified":"2026-04-06T09:28:46","modified_gmt":"2026-04-06T07:28:46","slug":"huron-blackheart-et-les-maitres-du-maelstrom","status":"publish","type":"product","link":"https:\/\/www.coccigames.com\/index.php\/produit\/huron-blackheart-et-les-maitres-du-maelstrom\/","title":{"rendered":"Huron Blackheart et les Ma\u00eetres du Maelstr\u00f6m"},"content":{"rendered":"<p>Le puissant Huron Blackheart n\u2019est pas du genre \u00e0 commander les Red Corsairs depuis le confort de son repaire de pirate spatial. Il se rend en personne sur le champ de bataille avec une toute nouvelle figurine, et flanqu\u00e9 d\u2019une v\u00e9ritable \u00e9quipe de pros du pillage, compos\u00e9e de Garreon le Ma\u00eetre des Cadavres, de Katar Garrix, de Garlon Souleater, de la Capitaine Sargotta, et de l\u2019Ex\u00e9cutrice accompagn\u00e9e de son fid\u00e8le toutou barghesi, Razzia.<\/p>\n<p>Huron Blackheart et les Ma\u00eetres du Maelstr\u00f6m peuvent \u00eatre d\u00e9ploy\u00e9s en deux unit\u00e9s distinctes : Huron lui-m\u00eame, qui peut rejoindre diverses autres unit\u00e9s, et l\u2019escouade de commandement, qui peut aussi \u0153uvrer de concert avec d\u2019autres troupes pour former une grande unit\u00e9 de guerriers sp\u00e9cialis\u00e9s que seul Huron peut rejoindre. Ce kit en plastique offre une superbe unit\u00e9 de commandement \u00e0 ceux d\u2019entre vous qui se d\u00e9couvriront des ambitions de pirate, et elle est particuli\u00e8rement mortelle quand elle se bat au corps \u00e0 corps \u00e0 la t\u00eate d\u2019une arm\u00e9e de Red Corsairs.<\/p>\n","protected":false},"excerpt":{"rendered":"<p>Le puissant Huron Blackheart n\u2019est pas du genre \u00e0 commander les Red Corsairs depuis le confort de son repaire de pirate spatial. Il se rend en personne sur le champ de bataille avec une toute nouvelle figurine, et flanqu\u00e9 d\u2019une v\u00e9ritable \u00e9quipe de pros du&hellip;<\/p>\n","protected":false},"featured_media":13662,"comment_status":"closed","ping_status":"closed","template":"","meta":[],"product_brand":[23],"product_cat":[287,16],"product_tag":[],"class_list":{"0":"post-13661","1":"product","2":"type-product","3":"status-publish","4":"has-post-thumbnail","6":"product_brand-games-workshop","7":"product_cat-chaos-space-marines","8":"product_cat-warhammer-40000","10":"first","11":"outofstock","12":"sale","13":"featured","14":"taxable","15":"shipping-taxable","16":"purchasable","17":"product-type-simple"},"yoast_head":"<!-- This site is optimized with the Yoast SEO plugin v26.4 - https:\/\/yoast.com\/wordpress\/plugins\/seo\/ -->\n<title>Huron Blackheart et les Ma\u00eetres du Maelstr\u00f6m - Coccigames<\/title>\n<meta name=\"robots\" content=\"index, follow, max-snippet:-1, max-image-preview:large, max-video-preview:-1\" \/>\n<link rel=\"canonical\" href=\"https:\/\/www.coccigames.com\/index.php\/produit\/huron-blackheart-et-les-maitres-du-maelstrom\/\" \/>\n<meta property=\"og:locale\" content=\"fr_FR\" \/>\n<meta property=\"og:type\" content=\"article\" \/>\n<meta property=\"og:title\" content=\"Huron Blackheart et les Ma\u00eetres du Maelstr\u00f6m - Coccigames\" \/>\n<meta property=\"og:description\" content=\"Le puissant Huron Blackheart n\u2019est pas du genre \u00e0 commander les Red Corsairs depuis le confort de son repaire de pirate spatial. Il se rend en personne sur le champ de bataille avec une toute nouvelle figurine, et flanqu\u00e9 d\u2019une v\u00e9ritable \u00e9quipe de pros du&hellip;\" \/>\n<meta property=\"og:url\" content=\"https:\/\/www.coccigames.com\/index.php\/produit\/huron-blackheart-et-les-maitres-du-maelstrom\/\" \/>\n<meta property=\"og:site_name\" content=\"Coccigames\" \/>\n<meta property=\"article:modified_time\" content=\"2026-04-06T07:28:46+00:00\" \/>\n<meta property=\"og:image\" content=\"https:\/\/www.coccigames.com\/wp-content\/uploads\/2026\/02\/sundaypreview-feb08-40k_04-huron-qwf1e7zwrc.jpg\" \/>\n\t<meta property=\"og:image:width\" content=\"1000\" \/>\n\t<meta property=\"og:image:height\" content=\"1000\" \/>\n\t<meta property=\"og:image:type\" content=\"image\/jpeg\" \/>\n<meta name=\"twitter:card\" content=\"summary_large_image\" \/>\n<meta name=\"twitter:label1\" content=\"Dur\u00e9e de lecture estim\u00e9e\" \/>\n\t<meta name=\"twitter:data1\" content=\"2 minutes\" \/>\n<script type=\"application\/ld+json\" class=\"yoast-schema-graph\">{\"@context\":\"https:\/\/schema.org\",\"@graph\":[{\"@type\":\"WebPage\",\"@id\":\"https:\/\/www.coccigames.com\/index.php\/produit\/huron-blackheart-et-les-maitres-du-maelstrom\/\",\"url\":\"https:\/\/www.coccigames.com\/index.php\/produit\/huron-blackheart-et-les-maitres-du-maelstrom\/\",\"name\":\"Huron Blackheart et les Ma\u00eetres du Maelstr\u00f6m - Coccigames\",\"isPartOf\":{\"@id\":\"https:\/\/www.coccigames.com\/#website\"},\"primaryImageOfPage\":{\"@id\":\"https:\/\/www.coccigames.com\/index.php\/produit\/huron-blackheart-et-les-maitres-du-maelstrom\/#primaryimage\"},\"image\":{\"@id\":\"https:\/\/www.coccigames.com\/index.php\/produit\/huron-blackheart-et-les-maitres-du-maelstrom\/#primaryimage\"},\"thumbnailUrl\":\"https:\/\/www.coccigames.com\/wp-content\/uploads\/2026\/02\/sundaypreview-feb08-40k_04-huron-qwf1e7zwrc.jpg\",\"datePublished\":\"2026-02-12T10:16:30+00:00\",\"dateModified\":\"2026-04-06T07:28:46+00:00\",\"breadcrumb\":{\"@id\":\"https:\/\/www.coccigames.com\/index.php\/produit\/huron-blackheart-et-les-maitres-du-maelstrom\/#breadcrumb\"},\"inLanguage\":\"fr-FR\",\"potentialAction\":[{\"@type\":\"ReadAction\",\"target\":[\"https:\/\/www.coccigames.com\/index.php\/produit\/huron-blackheart-et-les-maitres-du-maelstrom\/\"]}]},{\"@type\":\"ImageObject\",\"inLanguage\":\"fr-FR\",\"@id\":\"https:\/\/www.coccigames.com\/index.php\/produit\/huron-blackheart-et-les-maitres-du-maelstrom\/#primaryimage\",\"url\":\"https:\/\/www.coccigames.com\/wp-content\/uploads\/2026\/02\/sundaypreview-feb08-40k_04-huron-qwf1e7zwrc.jpg\",\"contentUrl\":\"https:\/\/www.coccigames.com\/wp-content\/uploads\/2026\/02\/sundaypreview-feb08-40k_04-huron-qwf1e7zwrc.jpg\",\"width\":1000,\"height\":1000},{\"@type\":\"BreadcrumbList\",\"@id\":\"https:\/\/www.coccigames.com\/index.php\/produit\/huron-blackheart-et-les-maitres-du-maelstrom\/#breadcrumb\",\"itemListElement\":[{\"@type\":\"ListItem\",\"position\":1,\"name\":\"Accueil\",\"item\":\"https:\/\/www.coccigames.com\/\"},{\"@type\":\"ListItem\",\"position\":2,\"name\":\"Boutique\",\"item\":\"https:\/\/www.coccigames.com\/index.php\/boutique\/\"},{\"@type\":\"ListItem\",\"position\":3,\"name\":\"Huron Blackheart et les Ma\u00eetres du Maelstr\u00f6m\"}]},{\"@type\":\"WebSite\",\"@id\":\"https:\/\/www.coccigames.com\/#website\",\"url\":\"https:\/\/www.coccigames.com\/\",\"name\":\"Coccigames - Figurines et Peintures\",\"description\":\"Figurines et Peintures\",\"publisher\":{\"@id\":\"https:\/\/www.coccigames.com\/#organization\"},\"potentialAction\":[{\"@type\":\"SearchAction\",\"target\":{\"@type\":\"EntryPoint\",\"urlTemplate\":\"https:\/\/www.coccigames.com\/?s={search_term_string}\"},\"query-input\":{\"@type\":\"PropertyValueSpecification\",\"valueRequired\":true,\"valueName\":\"search_term_string\"}}],\"inLanguage\":\"fr-FR\"},{\"@type\":\"Organization\",\"@id\":\"https:\/\/www.coccigames.com\/#organization\",\"name\":\"Coccigames\",\"url\":\"https:\/\/www.coccigames.com\/\",\"logo\":{\"@type\":\"ImageObject\",\"inLanguage\":\"fr-FR\",\"@id\":\"https:\/\/www.coccigames.com\/#\/schema\/logo\/image\/\",\"url\":\"https:\/\/www.coccigames.com\/wp-content\/uploads\/2025\/12\/coccigames_logo_v5.png\",\"contentUrl\":\"https:\/\/www.coccigames.com\/wp-content\/uploads\/2025\/12\/coccigames_logo_v5.png\",\"width\":1768,\"height\":424,\"caption\":\"Coccigames\"},\"image\":{\"@id\":\"https:\/\/www.coccigames.com\/#\/schema\/logo\/image\/\"}}]}<\/script>\n<!-- \/ Yoast SEO plugin. -->","yoast_head_json":{"title":"Huron Blackheart et les Ma\u00eetres du Maelstr\u00f6m - Coccigames","robots":{"index":"index","follow":"follow","max-snippet":"max-snippet:-1","max-image-preview":"max-image-preview:large","max-video-preview":"max-video-preview:-1"},"canonical":"https:\/\/www.coccigames.com\/index.php\/produit\/huron-blackheart-et-les-maitres-du-maelstrom\/","og_locale":"fr_FR","og_type":"article","og_title":"Huron Blackheart et les Ma\u00eetres du Maelstr\u00f6m - Coccigames","og_description":"Le puissant Huron Blackheart n\u2019est pas du genre \u00e0 commander les Red Corsairs depuis le confort de son repaire de pirate spatial. Il se rend en personne sur le champ de bataille avec une toute nouvelle figurine, et flanqu\u00e9 d\u2019une v\u00e9ritable \u00e9quipe de pros du&hellip;","og_url":"https:\/\/www.coccigames.com\/index.php\/produit\/huron-blackheart-et-les-maitres-du-maelstrom\/","og_site_name":"Coccigames","article_modified_time":"2026-04-06T07:28:46+00:00","og_image":[{"width":1000,"height":1000,"url":"https:\/\/www.coccigames.com\/wp-content\/uploads\/2026\/02\/sundaypreview-feb08-40k_04-huron-qwf1e7zwrc.jpg","type":"image\/jpeg"}],"twitter_card":"summary_large_image","twitter_misc":{"Dur\u00e9e de lecture estim\u00e9e":"2 minutes"},"schema":{"@context":"https:\/\/schema.org","@graph":[{"@type":"WebPage","@id":"https:\/\/www.coccigames.com\/index.php\/produit\/huron-blackheart-et-les-maitres-du-maelstrom\/","url":"https:\/\/www.coccigames.com\/index.php\/produit\/huron-blackheart-et-les-maitres-du-maelstrom\/","name":"Huron Blackheart et les Ma\u00eetres du Maelstr\u00f6m - Coccigames","isPartOf":{"@id":"https:\/\/www.coccigames.com\/#website"},"primaryImageOfPage":{"@id":"https:\/\/www.coccigames.com\/index.php\/produit\/huron-blackheart-et-les-maitres-du-maelstrom\/#primaryimage"},"image":{"@id":"https:\/\/www.coccigames.com\/index.php\/produit\/huron-blackheart-et-les-maitres-du-maelstrom\/#primaryimage"},"thumbnailUrl":"https:\/\/www.coccigames.com\/wp-content\/uploads\/2026\/02\/sundaypreview-feb08-40k_04-huron-qwf1e7zwrc.jpg","datePublished":"2026-02-12T10:16:30+00:00","dateModified":"2026-04-06T07:28:46+00:00","breadcrumb":{"@id":"https:\/\/www.coccigames.com\/index.php\/produit\/huron-blackheart-et-les-maitres-du-maelstrom\/#breadcrumb"},"inLanguage":"fr-FR","potentialAction":[{"@type":"ReadAction","target":["https:\/\/www.coccigames.com\/index.php\/produit\/huron-blackheart-et-les-maitres-du-maelstrom\/"]}]},{"@type":"ImageObject","inLanguage":"fr-FR","@id":"https:\/\/www.coccigames.com\/index.php\/produit\/huron-blackheart-et-les-maitres-du-maelstrom\/#primaryimage","url":"https:\/\/www.coccigames.com\/wp-content\/uploads\/2026\/02\/sundaypreview-feb08-40k_04-huron-qwf1e7zwrc.jpg","contentUrl":"https:\/\/www.coccigames.com\/wp-content\/uploads\/2026\/02\/sundaypreview-feb08-40k_04-huron-qwf1e7zwrc.jpg","width":1000,"height":1000},{"@type":"BreadcrumbList","@id":"https:\/\/www.coccigames.com\/index.php\/produit\/huron-blackheart-et-les-maitres-du-maelstrom\/#breadcrumb","itemListElement":[{"@type":"ListItem","position":1,"name":"Accueil","item":"https:\/\/www.coccigames.com\/"},{"@type":"ListItem","position":2,"name":"Boutique","item":"https:\/\/www.coccigames.com\/index.php\/boutique\/"},{"@type":"ListItem","position":3,"name":"Huron Blackheart et les Ma\u00eetres du Maelstr\u00f6m"}]},{"@type":"WebSite","@id":"https:\/\/www.coccigames.com\/#website","url":"https:\/\/www.coccigames.com\/","name":"Coccigames - Figurines et Peintures","description":"Figurines et Peintures","publisher":{"@id":"https:\/\/www.coccigames.com\/#organization"},"potentialAction":[{"@type":"SearchAction","target":{"@type":"EntryPoint","urlTemplate":"https:\/\/www.coccigames.com\/?s={search_term_string}"},"query-input":{"@type":"PropertyValueSpecification","valueRequired":true,"valueName":"search_term_string"}}],"inLanguage":"fr-FR"},{"@type":"Organization","@id":"https:\/\/www.coccigames.com\/#organization","name":"Coccigames","url":"https:\/\/www.coccigames.com\/","logo":{"@type":"ImageObject","inLanguage":"fr-FR","@id":"https:\/\/www.coccigames.com\/#\/schema\/logo\/image\/","url":"https:\/\/www.coccigames.com\/wp-content\/uploads\/2025\/12\/coccigames_logo_v5.png","contentUrl":"https:\/\/www.coccigames.com\/wp-content\/uploads\/2025\/12\/coccigames_logo_v5.png","width":1768,"height":424,"caption":"Coccigames"},"image":{"@id":"https:\/\/www.coccigames.com\/#\/schema\/logo\/image\/"}}]}},"_links":{"self":[{"href":"https:\/\/www.coccigames.com\/index.php\/wp-json\/wp\/v2\/product\/13661","targetHints":{"allow":["GET"]}}],"collection":[{"href":"https:\/\/www.coccigames.com\/index.php\/wp-json\/wp\/v2\/product"}],"about":[{"href":"https:\/\/www.coccigames.com\/index.php\/wp-json\/wp\/v2\/types\/product"}],"replies":[{"embeddable":true,"href":"https:\/\/www.coccigames.com\/index.php\/wp-json\/wp\/v2\/comments?post=13661"}],"wp:featuredmedia":[{"embeddable":true,"href":"https:\/\/www.coccigames.com\/index.php\/wp-json\/wp\/v2\/media\/13662"}],"wp:attachment":[{"href":"https:\/\/www.coccigames.com\/index.php\/wp-json\/wp\/v2\/media?parent=13661"}],"wp:term":[{"taxonomy":"product_brand","embeddable":true,"href":"https:\/\/www.coccigames.com\/index.php\/wp-json\/wp\/v2\/product_brand?post=13661"},{"taxonomy":"product_cat","embeddable":true,"href":"https:\/\/www.coccigames.com\/index.php\/wp-json\/wp\/v2\/product_cat?post=13661"},{"taxonomy":"product_tag","embeddable":true,"href":"https:\/\/www.coccigames.com\/index.php\/wp-json\/wp\/v2\/product_tag?post=13661"}],"curies":[{"name":"wp","href":"https:\/\/api.w.org\/{rel}","templated":true}]}}