{"id":13578,"date":"2026-01-10T08:15:49","date_gmt":"2026-01-10T07:15:49","guid":{"rendered":"https:\/\/www.coccigames.com\/?post_type=product&#038;p=13578"},"modified":"2026-04-06T09:28:45","modified_gmt":"2026-04-06T07:28:45","slug":"monde-necropole","status":"publish","type":"product","link":"https:\/\/www.coccigames.com\/index.php\/produit\/monde-necropole\/","title":{"rendered":"Monde-N\u00e9cropole"},"content":{"rendered":"<p>Khemet garde les tombes de sa dynastie depuis des millions d\u2019ann\u00e9es, attendant patiemment le jour o\u00f9 les l\u00e9gions innombrables s\u2019\u00e9veilleront \u00e0 nouveau. Lorsqu\u2019elles se mettent enfin en mouvement, d\u2019antiques ambitions et trahisons prennent \u00e9galement vie. Trahie, incarc\u00e9r\u00e9e et tiraill\u00e9e par la honte d\u2019un impardonnable \u00e9chec, Khemet a subi le pire ch\u00e2timent que l\u2019ing\u00e9niosit\u00e9 n\u00e9cron ait pu mettre au point. Elle dispose d\u2019une unique chance de restaurer son honneur et de r\u00e9cup\u00e9rer son statut, et cette chance implique la mort d\u2019un monde entier<\/p>\n","protected":false},"excerpt":{"rendered":"<p>Khemet garde les tombes de sa dynastie depuis des millions d\u2019ann\u00e9es, attendant patiemment le jour o\u00f9 les l\u00e9gions innombrables s\u2019\u00e9veilleront \u00e0 nouveau. Lorsqu\u2019elles se mettent enfin en mouvement, d\u2019antiques ambitions et trahisons prennent \u00e9galement vie. Trahie, incarc\u00e9r\u00e9e et tiraill\u00e9e par la honte d\u2019un impardonnable \u00e9chec,&hellip;<\/p>\n","protected":false},"featured_media":13579,"comment_status":"closed","ping_status":"closed","template":"","meta":[],"product_brand":[23],"product_cat":[291,16,277],"product_tag":[129],"class_list":{"0":"post-13578","1":"product","2":"type-product","3":"status-publish","4":"has-post-thumbnail","6":"product_brand-games-workshop","7":"product_cat-necrons","8":"product_cat-warhammer-40000","9":"product_cat-xenos","10":"product_tag-livre","12":"first","13":"outofstock","14":"sale","15":"taxable","16":"shipping-taxable","17":"purchasable","18":"product-type-simple"},"yoast_head":"<!-- This site is optimized with the Yoast SEO plugin v26.4 - https:\/\/yoast.com\/wordpress\/plugins\/seo\/ -->\n<title>Monde-N\u00e9cropole - Coccigames<\/title>\n<meta name=\"robots\" content=\"index, follow, max-snippet:-1, max-image-preview:large, max-video-preview:-1\" \/>\n<link rel=\"canonical\" href=\"https:\/\/www.coccigames.com\/index.php\/produit\/monde-necropole\/\" \/>\n<meta property=\"og:locale\" content=\"fr_FR\" \/>\n<meta property=\"og:type\" content=\"article\" \/>\n<meta property=\"og:title\" content=\"Monde-N\u00e9cropole - Coccigames\" \/>\n<meta property=\"og:description\" content=\"Khemet garde les tombes de sa dynastie depuis des millions d\u2019ann\u00e9es, attendant patiemment le jour o\u00f9 les l\u00e9gions innombrables s\u2019\u00e9veilleront \u00e0 nouveau. Lorsqu\u2019elles se mettent enfin en mouvement, d\u2019antiques ambitions et trahisons prennent \u00e9galement vie. Trahie, incarc\u00e9r\u00e9e et tiraill\u00e9e par la honte d\u2019un impardonnable \u00e9chec,&hellip;\" \/>\n<meta property=\"og:url\" content=\"https:\/\/www.coccigames.com\/index.php\/produit\/monde-necropole\/\" \/>\n<meta property=\"og:site_name\" content=\"Coccigames\" \/>\n<meta property=\"article:modified_time\" content=\"2026-04-06T07:28:45+00:00\" \/>\n<meta property=\"og:image\" content=\"https:\/\/www.coccigames.com\/wp-content\/uploads\/2026\/01\/https___trade.games-workshop.com_assets_2026_01_01100181099_BLTombWorldFRE2026.jpg\" \/>\n\t<meta property=\"og:image:width\" content=\"1840\" \/>\n\t<meta property=\"og:image:height\" content=\"1900\" \/>\n\t<meta property=\"og:image:type\" content=\"image\/jpeg\" \/>\n<meta name=\"twitter:card\" content=\"summary_large_image\" \/>\n<meta name=\"twitter:label1\" content=\"Dur\u00e9e de lecture estim\u00e9e\" \/>\n\t<meta name=\"twitter:data1\" content=\"1 minute\" \/>\n<script type=\"application\/ld+json\" class=\"yoast-schema-graph\">{\"@context\":\"https:\/\/schema.org\",\"@graph\":[{\"@type\":\"WebPage\",\"@id\":\"https:\/\/www.coccigames.com\/index.php\/produit\/monde-necropole\/\",\"url\":\"https:\/\/www.coccigames.com\/index.php\/produit\/monde-necropole\/\",\"name\":\"Monde-N\u00e9cropole - Coccigames\",\"isPartOf\":{\"@id\":\"https:\/\/www.coccigames.com\/#website\"},\"primaryImageOfPage\":{\"@id\":\"https:\/\/www.coccigames.com\/index.php\/produit\/monde-necropole\/#primaryimage\"},\"image\":{\"@id\":\"https:\/\/www.coccigames.com\/index.php\/produit\/monde-necropole\/#primaryimage\"},\"thumbnailUrl\":\"https:\/\/www.coccigames.com\/wp-content\/uploads\/2026\/01\/https___trade.games-workshop.com_assets_2026_01_01100181099_BLTombWorldFRE2026.jpg\",\"datePublished\":\"2026-01-10T07:15:49+00:00\",\"dateModified\":\"2026-04-06T07:28:45+00:00\",\"breadcrumb\":{\"@id\":\"https:\/\/www.coccigames.com\/index.php\/produit\/monde-necropole\/#breadcrumb\"},\"inLanguage\":\"fr-FR\",\"potentialAction\":[{\"@type\":\"ReadAction\",\"target\":[\"https:\/\/www.coccigames.com\/index.php\/produit\/monde-necropole\/\"]}]},{\"@type\":\"ImageObject\",\"inLanguage\":\"fr-FR\",\"@id\":\"https:\/\/www.coccigames.com\/index.php\/produit\/monde-necropole\/#primaryimage\",\"url\":\"https:\/\/www.coccigames.com\/wp-content\/uploads\/2026\/01\/https___trade.games-workshop.com_assets_2026_01_01100181099_BLTombWorldFRE2026.jpg\",\"contentUrl\":\"https:\/\/www.coccigames.com\/wp-content\/uploads\/2026\/01\/https___trade.games-workshop.com_assets_2026_01_01100181099_BLTombWorldFRE2026.jpg\",\"width\":1840,\"height\":1900},{\"@type\":\"BreadcrumbList\",\"@id\":\"https:\/\/www.coccigames.com\/index.php\/produit\/monde-necropole\/#breadcrumb\",\"itemListElement\":[{\"@type\":\"ListItem\",\"position\":1,\"name\":\"Accueil\",\"item\":\"https:\/\/www.coccigames.com\/\"},{\"@type\":\"ListItem\",\"position\":2,\"name\":\"Boutique\",\"item\":\"https:\/\/www.coccigames.com\/index.php\/boutique\/\"},{\"@type\":\"ListItem\",\"position\":3,\"name\":\"Monde-N\u00e9cropole\"}]},{\"@type\":\"WebSite\",\"@id\":\"https:\/\/www.coccigames.com\/#website\",\"url\":\"https:\/\/www.coccigames.com\/\",\"name\":\"Coccigames - Figurines et Peintures\",\"description\":\"Figurines et Peintures\",\"publisher\":{\"@id\":\"https:\/\/www.coccigames.com\/#organization\"},\"potentialAction\":[{\"@type\":\"SearchAction\",\"target\":{\"@type\":\"EntryPoint\",\"urlTemplate\":\"https:\/\/www.coccigames.com\/?s={search_term_string}\"},\"query-input\":{\"@type\":\"PropertyValueSpecification\",\"valueRequired\":true,\"valueName\":\"search_term_string\"}}],\"inLanguage\":\"fr-FR\"},{\"@type\":\"Organization\",\"@id\":\"https:\/\/www.coccigames.com\/#organization\",\"name\":\"Coccigames\",\"url\":\"https:\/\/www.coccigames.com\/\",\"logo\":{\"@type\":\"ImageObject\",\"inLanguage\":\"fr-FR\",\"@id\":\"https:\/\/www.coccigames.com\/#\/schema\/logo\/image\/\",\"url\":\"https:\/\/www.coccigames.com\/wp-content\/uploads\/2025\/12\/coccigames_logo_v5.png\",\"contentUrl\":\"https:\/\/www.coccigames.com\/wp-content\/uploads\/2025\/12\/coccigames_logo_v5.png\",\"width\":1768,\"height\":424,\"caption\":\"Coccigames\"},\"image\":{\"@id\":\"https:\/\/www.coccigames.com\/#\/schema\/logo\/image\/\"}}]}<\/script>\n<!-- \/ Yoast SEO plugin. -->","yoast_head_json":{"title":"Monde-N\u00e9cropole - Coccigames","robots":{"index":"index","follow":"follow","max-snippet":"max-snippet:-1","max-image-preview":"max-image-preview:large","max-video-preview":"max-video-preview:-1"},"canonical":"https:\/\/www.coccigames.com\/index.php\/produit\/monde-necropole\/","og_locale":"fr_FR","og_type":"article","og_title":"Monde-N\u00e9cropole - Coccigames","og_description":"Khemet garde les tombes de sa dynastie depuis des millions d\u2019ann\u00e9es, attendant patiemment le jour o\u00f9 les l\u00e9gions innombrables s\u2019\u00e9veilleront \u00e0 nouveau. Lorsqu\u2019elles se mettent enfin en mouvement, d\u2019antiques ambitions et trahisons prennent \u00e9galement vie. Trahie, incarc\u00e9r\u00e9e et tiraill\u00e9e par la honte d\u2019un impardonnable \u00e9chec,&hellip;","og_url":"https:\/\/www.coccigames.com\/index.php\/produit\/monde-necropole\/","og_site_name":"Coccigames","article_modified_time":"2026-04-06T07:28:45+00:00","og_image":[{"width":1840,"height":1900,"url":"https:\/\/www.coccigames.com\/wp-content\/uploads\/2026\/01\/https___trade.games-workshop.com_assets_2026_01_01100181099_BLTombWorldFRE2026.jpg","type":"image\/jpeg"}],"twitter_card":"summary_large_image","twitter_misc":{"Dur\u00e9e de lecture estim\u00e9e":"1 minute"},"schema":{"@context":"https:\/\/schema.org","@graph":[{"@type":"WebPage","@id":"https:\/\/www.coccigames.com\/index.php\/produit\/monde-necropole\/","url":"https:\/\/www.coccigames.com\/index.php\/produit\/monde-necropole\/","name":"Monde-N\u00e9cropole - Coccigames","isPartOf":{"@id":"https:\/\/www.coccigames.com\/#website"},"primaryImageOfPage":{"@id":"https:\/\/www.coccigames.com\/index.php\/produit\/monde-necropole\/#primaryimage"},"image":{"@id":"https:\/\/www.coccigames.com\/index.php\/produit\/monde-necropole\/#primaryimage"},"thumbnailUrl":"https:\/\/www.coccigames.com\/wp-content\/uploads\/2026\/01\/https___trade.games-workshop.com_assets_2026_01_01100181099_BLTombWorldFRE2026.jpg","datePublished":"2026-01-10T07:15:49+00:00","dateModified":"2026-04-06T07:28:45+00:00","breadcrumb":{"@id":"https:\/\/www.coccigames.com\/index.php\/produit\/monde-necropole\/#breadcrumb"},"inLanguage":"fr-FR","potentialAction":[{"@type":"ReadAction","target":["https:\/\/www.coccigames.com\/index.php\/produit\/monde-necropole\/"]}]},{"@type":"ImageObject","inLanguage":"fr-FR","@id":"https:\/\/www.coccigames.com\/index.php\/produit\/monde-necropole\/#primaryimage","url":"https:\/\/www.coccigames.com\/wp-content\/uploads\/2026\/01\/https___trade.games-workshop.com_assets_2026_01_01100181099_BLTombWorldFRE2026.jpg","contentUrl":"https:\/\/www.coccigames.com\/wp-content\/uploads\/2026\/01\/https___trade.games-workshop.com_assets_2026_01_01100181099_BLTombWorldFRE2026.jpg","width":1840,"height":1900},{"@type":"BreadcrumbList","@id":"https:\/\/www.coccigames.com\/index.php\/produit\/monde-necropole\/#breadcrumb","itemListElement":[{"@type":"ListItem","position":1,"name":"Accueil","item":"https:\/\/www.coccigames.com\/"},{"@type":"ListItem","position":2,"name":"Boutique","item":"https:\/\/www.coccigames.com\/index.php\/boutique\/"},{"@type":"ListItem","position":3,"name":"Monde-N\u00e9cropole"}]},{"@type":"WebSite","@id":"https:\/\/www.coccigames.com\/#website","url":"https:\/\/www.coccigames.com\/","name":"Coccigames - Figurines et Peintures","description":"Figurines et Peintures","publisher":{"@id":"https:\/\/www.coccigames.com\/#organization"},"potentialAction":[{"@type":"SearchAction","target":{"@type":"EntryPoint","urlTemplate":"https:\/\/www.coccigames.com\/?s={search_term_string}"},"query-input":{"@type":"PropertyValueSpecification","valueRequired":true,"valueName":"search_term_string"}}],"inLanguage":"fr-FR"},{"@type":"Organization","@id":"https:\/\/www.coccigames.com\/#organization","name":"Coccigames","url":"https:\/\/www.coccigames.com\/","logo":{"@type":"ImageObject","inLanguage":"fr-FR","@id":"https:\/\/www.coccigames.com\/#\/schema\/logo\/image\/","url":"https:\/\/www.coccigames.com\/wp-content\/uploads\/2025\/12\/coccigames_logo_v5.png","contentUrl":"https:\/\/www.coccigames.com\/wp-content\/uploads\/2025\/12\/coccigames_logo_v5.png","width":1768,"height":424,"caption":"Coccigames"},"image":{"@id":"https:\/\/www.coccigames.com\/#\/schema\/logo\/image\/"}}]}},"_links":{"self":[{"href":"https:\/\/www.coccigames.com\/index.php\/wp-json\/wp\/v2\/product\/13578","targetHints":{"allow":["GET"]}}],"collection":[{"href":"https:\/\/www.coccigames.com\/index.php\/wp-json\/wp\/v2\/product"}],"about":[{"href":"https:\/\/www.coccigames.com\/index.php\/wp-json\/wp\/v2\/types\/product"}],"replies":[{"embeddable":true,"href":"https:\/\/www.coccigames.com\/index.php\/wp-json\/wp\/v2\/comments?post=13578"}],"wp:featuredmedia":[{"embeddable":true,"href":"https:\/\/www.coccigames.com\/index.php\/wp-json\/wp\/v2\/media\/13579"}],"wp:attachment":[{"href":"https:\/\/www.coccigames.com\/index.php\/wp-json\/wp\/v2\/media?parent=13578"}],"wp:term":[{"taxonomy":"product_brand","embeddable":true,"href":"https:\/\/www.coccigames.com\/index.php\/wp-json\/wp\/v2\/product_brand?post=13578"},{"taxonomy":"product_cat","embeddable":true,"href":"https:\/\/www.coccigames.com\/index.php\/wp-json\/wp\/v2\/product_cat?post=13578"},{"taxonomy":"product_tag","embeddable":true,"href":"https:\/\/www.coccigames.com\/index.php\/wp-json\/wp\/v2\/product_tag?post=13578"}],"curies":[{"name":"wp","href":"https:\/\/api.w.org\/{rel}","templated":true}]}}