{"id":13573,"date":"2026-01-10T08:11:30","date_gmt":"2026-01-10T07:11:30","guid":{"rendered":"https:\/\/www.coccigames.com\/?post_type=product&#038;p=13573"},"modified":"2026-04-07T09:37:14","modified_gmt":"2026-04-07T07:37:14","slug":"dominion-genesis-le-createur-de-mondes","status":"publish","type":"product","link":"https:\/\/www.coccigames.com\/index.php\/produit\/dominion-genesis-le-createur-de-mondes\/","title":{"rendered":"DOMINION GENESIS : LE CR\u00c9ATEUR DE MONDES"},"content":{"rendered":"<p>Gryphonne\u00a0IV, un des plus puissants mondes-forges de l\u2019arsenal de l\u2019Adeptus Mechanicus, a \u00e9t\u00e9 d\u00e9vor\u00e9 par la Flotte-ruche L\u00e9viathan. Ses rares Magi survivants errent \u00e0 la d\u00e9rive, d\u00e9s\u0153uvr\u00e9s, priv\u00e9s de but. L\u2019exploratrice Talin Sherax refuse ce destin apathique et cherche des technologies antiques et miraculeuses venant du lointain pass\u00e9 de l\u2019Humanit\u00e9. Lorsqu\u2019elle entend parler d\u2019une relique mythique capable de restaurer ce qui a \u00e9t\u00e9 perdu, Sherax se lance dans un p\u00e9riple qui la fait friser l\u2019h\u00e9r\u00e9sie, mais l\u2019issue de cette entreprise pourrait tout changer. Le lectorat francophone pourra bient\u00f4t savourer <em>Dominion Genesis : Le Cr\u00e9ateur de Mondes<\/em> de Jonathan D Beer.<\/p>\n","protected":false},"excerpt":{"rendered":"<p>Gryphonne\u00a0IV, un des plus puissants mondes-forges de l\u2019arsenal de l\u2019Adeptus Mechanicus, a \u00e9t\u00e9 d\u00e9vor\u00e9 par la Flotte-ruche L\u00e9viathan. Ses rares Magi survivants errent \u00e0 la d\u00e9rive, d\u00e9s\u0153uvr\u00e9s, priv\u00e9s de but. L\u2019exploratrice Talin Sherax refuse ce destin apathique et cherche des technologies antiques et miraculeuses venant&hellip;<\/p>\n","protected":false},"featured_media":13574,"comment_status":"closed","ping_status":"closed","template":"","meta":[],"product_brand":[23],"product_cat":[6218],"product_tag":[129],"class_list":{"0":"post-13573","1":"product","2":"type-product","3":"status-publish","4":"has-post-thumbnail","6":"product_brand-games-workshop","7":"product_cat-livres","8":"product_tag-livre","10":"first","11":"instock","12":"sale","13":"taxable","14":"shipping-taxable","15":"purchasable","16":"product-type-simple"},"yoast_head":"<!-- This site is optimized with the Yoast SEO plugin v26.4 - https:\/\/yoast.com\/wordpress\/plugins\/seo\/ -->\n<title>DOMINION GENESIS : LE CR\u00c9ATEUR DE MONDES - Coccigames<\/title>\n<meta name=\"robots\" content=\"index, follow, max-snippet:-1, max-image-preview:large, max-video-preview:-1\" \/>\n<link rel=\"canonical\" href=\"https:\/\/www.coccigames.com\/index.php\/produit\/dominion-genesis-le-createur-de-mondes\/\" \/>\n<meta property=\"og:locale\" content=\"fr_FR\" \/>\n<meta property=\"og:type\" content=\"article\" \/>\n<meta property=\"og:title\" content=\"DOMINION GENESIS : LE CR\u00c9ATEUR DE MONDES - Coccigames\" \/>\n<meta property=\"og:description\" content=\"Gryphonne\u00a0IV, un des plus puissants mondes-forges de l\u2019arsenal de l\u2019Adeptus Mechanicus, a \u00e9t\u00e9 d\u00e9vor\u00e9 par la Flotte-ruche L\u00e9viathan. Ses rares Magi survivants errent \u00e0 la d\u00e9rive, d\u00e9s\u0153uvr\u00e9s, priv\u00e9s de but. L\u2019exploratrice Talin Sherax refuse ce destin apathique et cherche des technologies antiques et miraculeuses venant&hellip;\" \/>\n<meta property=\"og:url\" content=\"https:\/\/www.coccigames.com\/index.php\/produit\/dominion-genesis-le-createur-de-mondes\/\" \/>\n<meta property=\"og:site_name\" content=\"Coccigames\" \/>\n<meta property=\"article:modified_time\" content=\"2026-04-07T07:37:14+00:00\" \/>\n<meta property=\"og:image\" content=\"https:\/\/www.coccigames.com\/wp-content\/uploads\/2026\/01\/https___trade.games-workshop.com_assets_2026_01_01100181098_BLDominionGenesisFRE2026.jpg\" \/>\n\t<meta property=\"og:image:width\" content=\"1840\" \/>\n\t<meta property=\"og:image:height\" content=\"1900\" \/>\n\t<meta property=\"og:image:type\" content=\"image\/jpeg\" \/>\n<meta name=\"twitter:card\" content=\"summary_large_image\" \/>\n<meta name=\"twitter:label1\" content=\"Dur\u00e9e de lecture estim\u00e9e\" \/>\n\t<meta name=\"twitter:data1\" content=\"1 minute\" \/>\n<script type=\"application\/ld+json\" class=\"yoast-schema-graph\">{\"@context\":\"https:\/\/schema.org\",\"@graph\":[{\"@type\":\"WebPage\",\"@id\":\"https:\/\/www.coccigames.com\/index.php\/produit\/dominion-genesis-le-createur-de-mondes\/\",\"url\":\"https:\/\/www.coccigames.com\/index.php\/produit\/dominion-genesis-le-createur-de-mondes\/\",\"name\":\"DOMINION GENESIS : LE CR\u00c9ATEUR DE MONDES - Coccigames\",\"isPartOf\":{\"@id\":\"https:\/\/www.coccigames.com\/#website\"},\"primaryImageOfPage\":{\"@id\":\"https:\/\/www.coccigames.com\/index.php\/produit\/dominion-genesis-le-createur-de-mondes\/#primaryimage\"},\"image\":{\"@id\":\"https:\/\/www.coccigames.com\/index.php\/produit\/dominion-genesis-le-createur-de-mondes\/#primaryimage\"},\"thumbnailUrl\":\"https:\/\/www.coccigames.com\/wp-content\/uploads\/2026\/01\/https___trade.games-workshop.com_assets_2026_01_01100181098_BLDominionGenesisFRE2026.jpg\",\"datePublished\":\"2026-01-10T07:11:30+00:00\",\"dateModified\":\"2026-04-07T07:37:14+00:00\",\"breadcrumb\":{\"@id\":\"https:\/\/www.coccigames.com\/index.php\/produit\/dominion-genesis-le-createur-de-mondes\/#breadcrumb\"},\"inLanguage\":\"fr-FR\",\"potentialAction\":[{\"@type\":\"ReadAction\",\"target\":[\"https:\/\/www.coccigames.com\/index.php\/produit\/dominion-genesis-le-createur-de-mondes\/\"]}]},{\"@type\":\"ImageObject\",\"inLanguage\":\"fr-FR\",\"@id\":\"https:\/\/www.coccigames.com\/index.php\/produit\/dominion-genesis-le-createur-de-mondes\/#primaryimage\",\"url\":\"https:\/\/www.coccigames.com\/wp-content\/uploads\/2026\/01\/https___trade.games-workshop.com_assets_2026_01_01100181098_BLDominionGenesisFRE2026.jpg\",\"contentUrl\":\"https:\/\/www.coccigames.com\/wp-content\/uploads\/2026\/01\/https___trade.games-workshop.com_assets_2026_01_01100181098_BLDominionGenesisFRE2026.jpg\",\"width\":1840,\"height\":1900},{\"@type\":\"BreadcrumbList\",\"@id\":\"https:\/\/www.coccigames.com\/index.php\/produit\/dominion-genesis-le-createur-de-mondes\/#breadcrumb\",\"itemListElement\":[{\"@type\":\"ListItem\",\"position\":1,\"name\":\"Accueil\",\"item\":\"https:\/\/www.coccigames.com\/\"},{\"@type\":\"ListItem\",\"position\":2,\"name\":\"Boutique\",\"item\":\"https:\/\/www.coccigames.com\/index.php\/boutique\/\"},{\"@type\":\"ListItem\",\"position\":3,\"name\":\"DOMINION GENESIS : LE CR\u00c9ATEUR DE MONDES\"}]},{\"@type\":\"WebSite\",\"@id\":\"https:\/\/www.coccigames.com\/#website\",\"url\":\"https:\/\/www.coccigames.com\/\",\"name\":\"Coccigames - Figurines et Peintures\",\"description\":\"Figurines et Peintures\",\"publisher\":{\"@id\":\"https:\/\/www.coccigames.com\/#organization\"},\"potentialAction\":[{\"@type\":\"SearchAction\",\"target\":{\"@type\":\"EntryPoint\",\"urlTemplate\":\"https:\/\/www.coccigames.com\/?s={search_term_string}\"},\"query-input\":{\"@type\":\"PropertyValueSpecification\",\"valueRequired\":true,\"valueName\":\"search_term_string\"}}],\"inLanguage\":\"fr-FR\"},{\"@type\":\"Organization\",\"@id\":\"https:\/\/www.coccigames.com\/#organization\",\"name\":\"Coccigames\",\"url\":\"https:\/\/www.coccigames.com\/\",\"logo\":{\"@type\":\"ImageObject\",\"inLanguage\":\"fr-FR\",\"@id\":\"https:\/\/www.coccigames.com\/#\/schema\/logo\/image\/\",\"url\":\"https:\/\/www.coccigames.com\/wp-content\/uploads\/2025\/12\/coccigames_logo_v5.png\",\"contentUrl\":\"https:\/\/www.coccigames.com\/wp-content\/uploads\/2025\/12\/coccigames_logo_v5.png\",\"width\":1768,\"height\":424,\"caption\":\"Coccigames\"},\"image\":{\"@id\":\"https:\/\/www.coccigames.com\/#\/schema\/logo\/image\/\"}}]}<\/script>\n<!-- \/ Yoast SEO plugin. -->","yoast_head_json":{"title":"DOMINION GENESIS : LE CR\u00c9ATEUR DE MONDES - Coccigames","robots":{"index":"index","follow":"follow","max-snippet":"max-snippet:-1","max-image-preview":"max-image-preview:large","max-video-preview":"max-video-preview:-1"},"canonical":"https:\/\/www.coccigames.com\/index.php\/produit\/dominion-genesis-le-createur-de-mondes\/","og_locale":"fr_FR","og_type":"article","og_title":"DOMINION GENESIS : LE CR\u00c9ATEUR DE MONDES - Coccigames","og_description":"Gryphonne\u00a0IV, un des plus puissants mondes-forges de l\u2019arsenal de l\u2019Adeptus Mechanicus, a \u00e9t\u00e9 d\u00e9vor\u00e9 par la Flotte-ruche L\u00e9viathan. Ses rares Magi survivants errent \u00e0 la d\u00e9rive, d\u00e9s\u0153uvr\u00e9s, priv\u00e9s de but. L\u2019exploratrice Talin Sherax refuse ce destin apathique et cherche des technologies antiques et miraculeuses venant&hellip;","og_url":"https:\/\/www.coccigames.com\/index.php\/produit\/dominion-genesis-le-createur-de-mondes\/","og_site_name":"Coccigames","article_modified_time":"2026-04-07T07:37:14+00:00","og_image":[{"width":1840,"height":1900,"url":"https:\/\/www.coccigames.com\/wp-content\/uploads\/2026\/01\/https___trade.games-workshop.com_assets_2026_01_01100181098_BLDominionGenesisFRE2026.jpg","type":"image\/jpeg"}],"twitter_card":"summary_large_image","twitter_misc":{"Dur\u00e9e de lecture estim\u00e9e":"1 minute"},"schema":{"@context":"https:\/\/schema.org","@graph":[{"@type":"WebPage","@id":"https:\/\/www.coccigames.com\/index.php\/produit\/dominion-genesis-le-createur-de-mondes\/","url":"https:\/\/www.coccigames.com\/index.php\/produit\/dominion-genesis-le-createur-de-mondes\/","name":"DOMINION GENESIS : LE CR\u00c9ATEUR DE MONDES - Coccigames","isPartOf":{"@id":"https:\/\/www.coccigames.com\/#website"},"primaryImageOfPage":{"@id":"https:\/\/www.coccigames.com\/index.php\/produit\/dominion-genesis-le-createur-de-mondes\/#primaryimage"},"image":{"@id":"https:\/\/www.coccigames.com\/index.php\/produit\/dominion-genesis-le-createur-de-mondes\/#primaryimage"},"thumbnailUrl":"https:\/\/www.coccigames.com\/wp-content\/uploads\/2026\/01\/https___trade.games-workshop.com_assets_2026_01_01100181098_BLDominionGenesisFRE2026.jpg","datePublished":"2026-01-10T07:11:30+00:00","dateModified":"2026-04-07T07:37:14+00:00","breadcrumb":{"@id":"https:\/\/www.coccigames.com\/index.php\/produit\/dominion-genesis-le-createur-de-mondes\/#breadcrumb"},"inLanguage":"fr-FR","potentialAction":[{"@type":"ReadAction","target":["https:\/\/www.coccigames.com\/index.php\/produit\/dominion-genesis-le-createur-de-mondes\/"]}]},{"@type":"ImageObject","inLanguage":"fr-FR","@id":"https:\/\/www.coccigames.com\/index.php\/produit\/dominion-genesis-le-createur-de-mondes\/#primaryimage","url":"https:\/\/www.coccigames.com\/wp-content\/uploads\/2026\/01\/https___trade.games-workshop.com_assets_2026_01_01100181098_BLDominionGenesisFRE2026.jpg","contentUrl":"https:\/\/www.coccigames.com\/wp-content\/uploads\/2026\/01\/https___trade.games-workshop.com_assets_2026_01_01100181098_BLDominionGenesisFRE2026.jpg","width":1840,"height":1900},{"@type":"BreadcrumbList","@id":"https:\/\/www.coccigames.com\/index.php\/produit\/dominion-genesis-le-createur-de-mondes\/#breadcrumb","itemListElement":[{"@type":"ListItem","position":1,"name":"Accueil","item":"https:\/\/www.coccigames.com\/"},{"@type":"ListItem","position":2,"name":"Boutique","item":"https:\/\/www.coccigames.com\/index.php\/boutique\/"},{"@type":"ListItem","position":3,"name":"DOMINION GENESIS : LE CR\u00c9ATEUR DE MONDES"}]},{"@type":"WebSite","@id":"https:\/\/www.coccigames.com\/#website","url":"https:\/\/www.coccigames.com\/","name":"Coccigames - Figurines et Peintures","description":"Figurines et Peintures","publisher":{"@id":"https:\/\/www.coccigames.com\/#organization"},"potentialAction":[{"@type":"SearchAction","target":{"@type":"EntryPoint","urlTemplate":"https:\/\/www.coccigames.com\/?s={search_term_string}"},"query-input":{"@type":"PropertyValueSpecification","valueRequired":true,"valueName":"search_term_string"}}],"inLanguage":"fr-FR"},{"@type":"Organization","@id":"https:\/\/www.coccigames.com\/#organization","name":"Coccigames","url":"https:\/\/www.coccigames.com\/","logo":{"@type":"ImageObject","inLanguage":"fr-FR","@id":"https:\/\/www.coccigames.com\/#\/schema\/logo\/image\/","url":"https:\/\/www.coccigames.com\/wp-content\/uploads\/2025\/12\/coccigames_logo_v5.png","contentUrl":"https:\/\/www.coccigames.com\/wp-content\/uploads\/2025\/12\/coccigames_logo_v5.png","width":1768,"height":424,"caption":"Coccigames"},"image":{"@id":"https:\/\/www.coccigames.com\/#\/schema\/logo\/image\/"}}]}},"_links":{"self":[{"href":"https:\/\/www.coccigames.com\/index.php\/wp-json\/wp\/v2\/product\/13573","targetHints":{"allow":["GET"]}}],"collection":[{"href":"https:\/\/www.coccigames.com\/index.php\/wp-json\/wp\/v2\/product"}],"about":[{"href":"https:\/\/www.coccigames.com\/index.php\/wp-json\/wp\/v2\/types\/product"}],"replies":[{"embeddable":true,"href":"https:\/\/www.coccigames.com\/index.php\/wp-json\/wp\/v2\/comments?post=13573"}],"wp:featuredmedia":[{"embeddable":true,"href":"https:\/\/www.coccigames.com\/index.php\/wp-json\/wp\/v2\/media\/13574"}],"wp:attachment":[{"href":"https:\/\/www.coccigames.com\/index.php\/wp-json\/wp\/v2\/media?parent=13573"}],"wp:term":[{"taxonomy":"product_brand","embeddable":true,"href":"https:\/\/www.coccigames.com\/index.php\/wp-json\/wp\/v2\/product_brand?post=13573"},{"taxonomy":"product_cat","embeddable":true,"href":"https:\/\/www.coccigames.com\/index.php\/wp-json\/wp\/v2\/product_cat?post=13573"},{"taxonomy":"product_tag","embeddable":true,"href":"https:\/\/www.coccigames.com\/index.php\/wp-json\/wp\/v2\/product_tag?post=13573"}],"curies":[{"name":"wp","href":"https:\/\/api.w.org\/{rel}","templated":true}]}}