{"id":13571,"date":"2026-01-10T08:06:58","date_gmt":"2026-01-10T07:06:58","guid":{"rendered":"https:\/\/www.coccigames.com\/?post_type=product&#038;p=13571"},"modified":"2026-04-06T09:28:45","modified_gmt":"2026-04-06T07:28:45","slug":"bataillon-500-worlds-necrons","status":"publish","type":"product","link":"https:\/\/www.coccigames.com\/index.php\/produit\/bataillon-500-worlds-necrons\/","title":{"rendered":"Bataillon 500 Worlds: N\u00e9crons"},"content":{"rendered":"<p>Semez la terreur et la destruction chez l\u2019ennemi avec une collection de N\u00e9crons du Culte Destroyer consacr\u00e9s \u00e0 l\u2019annihilation de toute vie organique. Cette bo\u00eete contient un Destroyer Hexmark, deux Destroyers Lourds Lokhusts, trois Destroyers Skorpekhs et un Plasmacyte, ainsi que trois Destroyers Ophydiens et un Plasmacyte. Cela peut constituer le noyau brutal d\u2019une nouvelle arm\u00e9e de N\u00e9crons, ou un terrifiant ajout \u00e0 une force existante, et ce contingent peut \u00e9galement \u00eatre utilis\u00e9 comme D\u00e9tachement de L\u00e9gion Maudite qui renforce les armes d\u00e9j\u00e0 redoutables des unit\u00e9s des Cultes Destroyers. Ce produit sera disponible dans la limite des stocks.<img decoding=\"async\" src=\"https:\/\/assets.warhammer-community.com\/sundaypreview-jan04-40k-necbattalion-fdyg2uji5o.jpg\" \/><\/p>\n","protected":false},"excerpt":{"rendered":"<p>Semez la terreur et la destruction chez l\u2019ennemi avec une collection de N\u00e9crons du Culte Destroyer consacr\u00e9s \u00e0 l\u2019annihilation de toute vie organique. Cette bo\u00eete contient un Destroyer Hexmark, deux Destroyers Lourds Lokhusts, trois Destroyers Skorpekhs et un Plasmacyte, ainsi que trois Destroyers Ophydiens et&hellip;<\/p>\n","protected":false},"featured_media":13572,"comment_status":"closed","ping_status":"closed","template":"","meta":[],"product_brand":[23],"product_cat":[291,16,277],"product_tag":[],"class_list":{"0":"post-13571","1":"product","2":"type-product","3":"status-publish","4":"has-post-thumbnail","6":"product_brand-games-workshop","7":"product_cat-necrons","8":"product_cat-warhammer-40000","9":"product_cat-xenos","11":"first","12":"instock","13":"sale","14":"taxable","15":"shipping-taxable","16":"purchasable","17":"product-type-simple"},"yoast_head":"<!-- This site is optimized with the Yoast SEO plugin v26.4 - https:\/\/yoast.com\/wordpress\/plugins\/seo\/ -->\n<title>Bataillon 500 Worlds: N\u00e9crons - Coccigames<\/title>\n<meta name=\"robots\" content=\"index, follow, max-snippet:-1, max-image-preview:large, max-video-preview:-1\" \/>\n<link rel=\"canonical\" href=\"https:\/\/www.coccigames.com\/index.php\/produit\/bataillon-500-worlds-necrons\/\" \/>\n<meta property=\"og:locale\" content=\"fr_FR\" \/>\n<meta property=\"og:type\" content=\"article\" \/>\n<meta property=\"og:title\" content=\"Bataillon 500 Worlds: N\u00e9crons - Coccigames\" \/>\n<meta property=\"og:description\" content=\"Semez la terreur et la destruction chez l\u2019ennemi avec une collection de N\u00e9crons du Culte Destroyer consacr\u00e9s \u00e0 l\u2019annihilation de toute vie organique. Cette bo\u00eete contient un Destroyer Hexmark, deux Destroyers Lourds Lokhusts, trois Destroyers Skorpekhs et un Plasmacyte, ainsi que trois Destroyers Ophydiens et&hellip;\" \/>\n<meta property=\"og:url\" content=\"https:\/\/www.coccigames.com\/index.php\/produit\/bataillon-500-worlds-necrons\/\" \/>\n<meta property=\"og:site_name\" content=\"Coccigames\" \/>\n<meta property=\"article:modified_time\" content=\"2026-04-06T07:28:45+00:00\" \/>\n<meta property=\"og:image\" content=\"https:\/\/www.coccigames.com\/wp-content\/uploads\/2026\/01\/99120110087_500WorldsNecronsBattalion08.jpg\" \/>\n\t<meta property=\"og:image:width\" content=\"1840\" \/>\n\t<meta property=\"og:image:height\" content=\"1900\" \/>\n\t<meta property=\"og:image:type\" content=\"image\/jpeg\" \/>\n<meta name=\"twitter:card\" content=\"summary_large_image\" \/>\n<meta name=\"twitter:label1\" content=\"Dur\u00e9e de lecture estim\u00e9e\" \/>\n\t<meta name=\"twitter:data1\" content=\"1 minute\" \/>\n<script type=\"application\/ld+json\" class=\"yoast-schema-graph\">{\"@context\":\"https:\/\/schema.org\",\"@graph\":[{\"@type\":\"WebPage\",\"@id\":\"https:\/\/www.coccigames.com\/index.php\/produit\/bataillon-500-worlds-necrons\/\",\"url\":\"https:\/\/www.coccigames.com\/index.php\/produit\/bataillon-500-worlds-necrons\/\",\"name\":\"Bataillon 500 Worlds: N\u00e9crons - Coccigames\",\"isPartOf\":{\"@id\":\"https:\/\/www.coccigames.com\/#website\"},\"primaryImageOfPage\":{\"@id\":\"https:\/\/www.coccigames.com\/index.php\/produit\/bataillon-500-worlds-necrons\/#primaryimage\"},\"image\":{\"@id\":\"https:\/\/www.coccigames.com\/index.php\/produit\/bataillon-500-worlds-necrons\/#primaryimage\"},\"thumbnailUrl\":\"https:\/\/www.coccigames.com\/wp-content\/uploads\/2026\/01\/99120110087_500WorldsNecronsBattalion08.jpg\",\"datePublished\":\"2026-01-10T07:06:58+00:00\",\"dateModified\":\"2026-04-06T07:28:45+00:00\",\"breadcrumb\":{\"@id\":\"https:\/\/www.coccigames.com\/index.php\/produit\/bataillon-500-worlds-necrons\/#breadcrumb\"},\"inLanguage\":\"fr-FR\",\"potentialAction\":[{\"@type\":\"ReadAction\",\"target\":[\"https:\/\/www.coccigames.com\/index.php\/produit\/bataillon-500-worlds-necrons\/\"]}]},{\"@type\":\"ImageObject\",\"inLanguage\":\"fr-FR\",\"@id\":\"https:\/\/www.coccigames.com\/index.php\/produit\/bataillon-500-worlds-necrons\/#primaryimage\",\"url\":\"https:\/\/www.coccigames.com\/wp-content\/uploads\/2026\/01\/99120110087_500WorldsNecronsBattalion08.jpg\",\"contentUrl\":\"https:\/\/www.coccigames.com\/wp-content\/uploads\/2026\/01\/99120110087_500WorldsNecronsBattalion08.jpg\",\"width\":1840,\"height\":1900},{\"@type\":\"BreadcrumbList\",\"@id\":\"https:\/\/www.coccigames.com\/index.php\/produit\/bataillon-500-worlds-necrons\/#breadcrumb\",\"itemListElement\":[{\"@type\":\"ListItem\",\"position\":1,\"name\":\"Accueil\",\"item\":\"https:\/\/www.coccigames.com\/\"},{\"@type\":\"ListItem\",\"position\":2,\"name\":\"Boutique\",\"item\":\"https:\/\/www.coccigames.com\/index.php\/boutique\/\"},{\"@type\":\"ListItem\",\"position\":3,\"name\":\"Bataillon 500 Worlds: N\u00e9crons\"}]},{\"@type\":\"WebSite\",\"@id\":\"https:\/\/www.coccigames.com\/#website\",\"url\":\"https:\/\/www.coccigames.com\/\",\"name\":\"Coccigames - Figurines et Peintures\",\"description\":\"Figurines et Peintures\",\"publisher\":{\"@id\":\"https:\/\/www.coccigames.com\/#organization\"},\"potentialAction\":[{\"@type\":\"SearchAction\",\"target\":{\"@type\":\"EntryPoint\",\"urlTemplate\":\"https:\/\/www.coccigames.com\/?s={search_term_string}\"},\"query-input\":{\"@type\":\"PropertyValueSpecification\",\"valueRequired\":true,\"valueName\":\"search_term_string\"}}],\"inLanguage\":\"fr-FR\"},{\"@type\":\"Organization\",\"@id\":\"https:\/\/www.coccigames.com\/#organization\",\"name\":\"Coccigames\",\"url\":\"https:\/\/www.coccigames.com\/\",\"logo\":{\"@type\":\"ImageObject\",\"inLanguage\":\"fr-FR\",\"@id\":\"https:\/\/www.coccigames.com\/#\/schema\/logo\/image\/\",\"url\":\"https:\/\/www.coccigames.com\/wp-content\/uploads\/2025\/12\/coccigames_logo_v5.png\",\"contentUrl\":\"https:\/\/www.coccigames.com\/wp-content\/uploads\/2025\/12\/coccigames_logo_v5.png\",\"width\":1768,\"height\":424,\"caption\":\"Coccigames\"},\"image\":{\"@id\":\"https:\/\/www.coccigames.com\/#\/schema\/logo\/image\/\"}}]}<\/script>\n<!-- \/ Yoast SEO plugin. -->","yoast_head_json":{"title":"Bataillon 500 Worlds: N\u00e9crons - Coccigames","robots":{"index":"index","follow":"follow","max-snippet":"max-snippet:-1","max-image-preview":"max-image-preview:large","max-video-preview":"max-video-preview:-1"},"canonical":"https:\/\/www.coccigames.com\/index.php\/produit\/bataillon-500-worlds-necrons\/","og_locale":"fr_FR","og_type":"article","og_title":"Bataillon 500 Worlds: N\u00e9crons - Coccigames","og_description":"Semez la terreur et la destruction chez l\u2019ennemi avec une collection de N\u00e9crons du Culte Destroyer consacr\u00e9s \u00e0 l\u2019annihilation de toute vie organique. Cette bo\u00eete contient un Destroyer Hexmark, deux Destroyers Lourds Lokhusts, trois Destroyers Skorpekhs et un Plasmacyte, ainsi que trois Destroyers Ophydiens et&hellip;","og_url":"https:\/\/www.coccigames.com\/index.php\/produit\/bataillon-500-worlds-necrons\/","og_site_name":"Coccigames","article_modified_time":"2026-04-06T07:28:45+00:00","og_image":[{"width":1840,"height":1900,"url":"https:\/\/www.coccigames.com\/wp-content\/uploads\/2026\/01\/99120110087_500WorldsNecronsBattalion08.jpg","type":"image\/jpeg"}],"twitter_card":"summary_large_image","twitter_misc":{"Dur\u00e9e de lecture estim\u00e9e":"1 minute"},"schema":{"@context":"https:\/\/schema.org","@graph":[{"@type":"WebPage","@id":"https:\/\/www.coccigames.com\/index.php\/produit\/bataillon-500-worlds-necrons\/","url":"https:\/\/www.coccigames.com\/index.php\/produit\/bataillon-500-worlds-necrons\/","name":"Bataillon 500 Worlds: N\u00e9crons - Coccigames","isPartOf":{"@id":"https:\/\/www.coccigames.com\/#website"},"primaryImageOfPage":{"@id":"https:\/\/www.coccigames.com\/index.php\/produit\/bataillon-500-worlds-necrons\/#primaryimage"},"image":{"@id":"https:\/\/www.coccigames.com\/index.php\/produit\/bataillon-500-worlds-necrons\/#primaryimage"},"thumbnailUrl":"https:\/\/www.coccigames.com\/wp-content\/uploads\/2026\/01\/99120110087_500WorldsNecronsBattalion08.jpg","datePublished":"2026-01-10T07:06:58+00:00","dateModified":"2026-04-06T07:28:45+00:00","breadcrumb":{"@id":"https:\/\/www.coccigames.com\/index.php\/produit\/bataillon-500-worlds-necrons\/#breadcrumb"},"inLanguage":"fr-FR","potentialAction":[{"@type":"ReadAction","target":["https:\/\/www.coccigames.com\/index.php\/produit\/bataillon-500-worlds-necrons\/"]}]},{"@type":"ImageObject","inLanguage":"fr-FR","@id":"https:\/\/www.coccigames.com\/index.php\/produit\/bataillon-500-worlds-necrons\/#primaryimage","url":"https:\/\/www.coccigames.com\/wp-content\/uploads\/2026\/01\/99120110087_500WorldsNecronsBattalion08.jpg","contentUrl":"https:\/\/www.coccigames.com\/wp-content\/uploads\/2026\/01\/99120110087_500WorldsNecronsBattalion08.jpg","width":1840,"height":1900},{"@type":"BreadcrumbList","@id":"https:\/\/www.coccigames.com\/index.php\/produit\/bataillon-500-worlds-necrons\/#breadcrumb","itemListElement":[{"@type":"ListItem","position":1,"name":"Accueil","item":"https:\/\/www.coccigames.com\/"},{"@type":"ListItem","position":2,"name":"Boutique","item":"https:\/\/www.coccigames.com\/index.php\/boutique\/"},{"@type":"ListItem","position":3,"name":"Bataillon 500 Worlds: N\u00e9crons"}]},{"@type":"WebSite","@id":"https:\/\/www.coccigames.com\/#website","url":"https:\/\/www.coccigames.com\/","name":"Coccigames - Figurines et Peintures","description":"Figurines et Peintures","publisher":{"@id":"https:\/\/www.coccigames.com\/#organization"},"potentialAction":[{"@type":"SearchAction","target":{"@type":"EntryPoint","urlTemplate":"https:\/\/www.coccigames.com\/?s={search_term_string}"},"query-input":{"@type":"PropertyValueSpecification","valueRequired":true,"valueName":"search_term_string"}}],"inLanguage":"fr-FR"},{"@type":"Organization","@id":"https:\/\/www.coccigames.com\/#organization","name":"Coccigames","url":"https:\/\/www.coccigames.com\/","logo":{"@type":"ImageObject","inLanguage":"fr-FR","@id":"https:\/\/www.coccigames.com\/#\/schema\/logo\/image\/","url":"https:\/\/www.coccigames.com\/wp-content\/uploads\/2025\/12\/coccigames_logo_v5.png","contentUrl":"https:\/\/www.coccigames.com\/wp-content\/uploads\/2025\/12\/coccigames_logo_v5.png","width":1768,"height":424,"caption":"Coccigames"},"image":{"@id":"https:\/\/www.coccigames.com\/#\/schema\/logo\/image\/"}}]}},"_links":{"self":[{"href":"https:\/\/www.coccigames.com\/index.php\/wp-json\/wp\/v2\/product\/13571","targetHints":{"allow":["GET"]}}],"collection":[{"href":"https:\/\/www.coccigames.com\/index.php\/wp-json\/wp\/v2\/product"}],"about":[{"href":"https:\/\/www.coccigames.com\/index.php\/wp-json\/wp\/v2\/types\/product"}],"replies":[{"embeddable":true,"href":"https:\/\/www.coccigames.com\/index.php\/wp-json\/wp\/v2\/comments?post=13571"}],"wp:featuredmedia":[{"embeddable":true,"href":"https:\/\/www.coccigames.com\/index.php\/wp-json\/wp\/v2\/media\/13572"}],"wp:attachment":[{"href":"https:\/\/www.coccigames.com\/index.php\/wp-json\/wp\/v2\/media?parent=13571"}],"wp:term":[{"taxonomy":"product_brand","embeddable":true,"href":"https:\/\/www.coccigames.com\/index.php\/wp-json\/wp\/v2\/product_brand?post=13571"},{"taxonomy":"product_cat","embeddable":true,"href":"https:\/\/www.coccigames.com\/index.php\/wp-json\/wp\/v2\/product_cat?post=13571"},{"taxonomy":"product_tag","embeddable":true,"href":"https:\/\/www.coccigames.com\/index.php\/wp-json\/wp\/v2\/product_tag?post=13571"}],"curies":[{"name":"wp","href":"https:\/\/api.w.org\/{rel}","templated":true}]}}